 {"id":110044,"date":"2025-11-11T13:00:20","date_gmt":"2025-11-11T12:00:20","guid":{"rendered":"https:\/\/www.comoditahome.com\/ks\/?post_type=product&#038;p=110044"},"modified":"2026-01-26T09:46:23","modified_gmt":"2026-01-26T08:46:23","slug":"kornize-shtrati-moon-baze-me-mekanizem-ngrites-120x200cm","status":"publish","type":"product","link":"https:\/\/www.comoditahome.com\/ks\/produkt\/kornize-shtrati-moon-baze-me-mekanizem-ngrites-120x200cm\/","title":{"rendered":"KORNIZ\u00cb SHTRATI + BAZ\u00cb ME MEKANIZ\u00cbM NGRIT\u00cbS PLATINIUM 120x200cm"},"content":{"rendered":"<p>Krijuar p\u00ebr ata q\u00eb k\u00ebrkojn\u00eb kombinimin perfekt t\u00eb komoditetit, stilit dhe praktik\u00ebs, ky set elegant p\u00ebrfshin Korniz\u00ebn e shtratit dhe Baz\u00ebn me mekaniz\u00ebm ngrit\u00ebs \u2013 nj\u00eb zgjidhje moderne dhe funksionale p\u00ebr \u00e7do dhom\u00eb gjumi.<\/p>\n","protected":false},"excerpt":{"rendered":"<p style=\"text-align: left;\">Kompleti ideal p\u00ebr rehati maksimale dhe funksionalitet t\u00eb zgjuar<\/p>\n<p style=\"text-align: left;\">Krijuar p\u00ebr ata q\u00eb k\u00ebrkojn\u00eb kombinimin perfekt t\u00eb komoditetit, stilit dhe praktik\u00ebs, ky set elegant p\u00ebrfshin Korniz\u00ebn e shtratit dhe Baz\u00ebn me mekaniz\u00ebm ngrit\u00ebs \u2013 nj\u00eb zgjidhje moderne dhe funksionale p\u00ebr \u00e7do dhom\u00eb gjumi.<\/p>\n<p style=\"text-align: left;\"><strong>Korniz\u00eb e q\u00ebndrueshme dhe elegante<\/strong><\/p>\n<ul style=\"text-align: left;\">\n<li style=\"text-align: left;\">Nd\u00ebrtuar me kujdes nga materiale cil\u00ebsore dhe t\u00eb punuara me estetik\u00eb.<\/li>\n<li style=\"text-align: left;\">P\u00ebrfaq\u00ebson nj\u00eb element t\u00eb r\u00ebnd\u00ebsish\u00ebm t\u00eb dizajnit t\u00eb dhom\u00ebs s\u00eb gjumit.<\/li>\n<li style=\"text-align: left;\">Me pamje moderne dhe t\u00eb past\u00ebr, p\u00ebrshtatet leht\u00eb me \u00e7do stil arredimi.<\/li>\n<li style=\"text-align: left;\">Garanton stabilitet dhe q\u00ebndrueshm\u00ebri p\u00ebr shum\u00eb vite p\u00ebrdorimi.<\/li>\n<\/ul>\n<p style=\"text-align: left;\"><strong>Baza me mekaniz\u00ebm ngrit\u00ebs \u2013 funksionalitet i men\u00e7ur<\/strong><\/p>\n<ul style=\"text-align: left;\">\n<li style=\"text-align: left;\">Hapet leht\u00eb dhe ofron hap\u00ebsir\u00eb t\u00eb bollshme p\u00ebr ruajtje n\u00ebn dyshek, ideale p\u00ebr batanije, jorgan\u00eb apo rroba sezonale.<\/li>\n<li style=\"text-align: left;\">E b\u00ebn shtratin praktik dhe t\u00eb organizuar, duke ju ndihmuar t\u00eb mbani dhom\u00ebn gjithmon\u00eb t\u00eb rregullt dhe t\u00eb past\u00ebr.<\/li>\n<\/ul>\n<p style=\"text-align: left;\"><strong>Dimensioni \/ Kompozicioni:<\/strong> 120x200cm<\/p>\n<p style=\"text-align: left;\"><b data-olk-copy-source=\"MessageBody\">LART\u00cbSIA E AN\u00cbSOREVE T\u00cb KORNIZES: <\/b>25cm<b data-olk-copy-source=\"MessageBody\"><\/b><\/p>\n<p style=\"text-align: left;\"><b data-olk-copy-source=\"MessageBody\"><\/b><b data-olk-copy-source=\"MessageBody\">LART\u00cbSIA E PANELIT T\u00cb PAS\u00cbM T\u00cb KORNIZES (KOKA E KORNIZES): <\/b>125cm<\/p>\n<p style=\"text-align: left;\"><strong>NGJYRA E KORNIZES:<\/strong>\u00a0 Bezh\u00eb<\/p>\n<p style=\"text-align: left;\"><strong>KUSHTET E KTHIMIT \/ GARANCION:<\/strong> Ky produkt nuk ka garancion<\/p>\n","protected":false},"featured_media":109310,"template":"","meta":[],"product_brand":[],"product_cat":[421,428],"product_tag":[],"class_list":{"0":"post-110044","1":"product","2":"type-product","3":"status-publish","4":"has-post-thumbnail","6":"product_cat-korniza-shtrati","7":"product_cat-platinium","9":"first","10":"instock","11":"sale","12":"shipping-taxable","13":"purchasable","14":"product-type-simple","15":"layout-style-1","16":"col-md-4 col-sm-4 col-xs-6","17":"col-lg-2","18":"product-has-gallery","19":"product-style-default"},"yoast_head":"<!-- This site is optimized with the Yoast SEO Premium plugin v18.2.1 (Yoast SEO v22.5) - https:\/\/yoast.com\/wordpress\/plugins\/seo\/ -->\n<title>KORNIZ\u00cb SHTRATI + BAZ\u00cb ME MEKANIZ\u00cbM NGRIT\u00cbS PLATINIUM 120x200cm - Comodita Home<\/title>\n<meta name=\"robots\" content=\"index, follow, max-snippet:-1, max-image-preview:large, max-video-preview:-1\" \/>\n<link rel=\"canonical\" href=\"https:\/\/www.comoditahome.com\/ks\/produkt\/kornize-shtrati-moon-baze-me-mekanizem-ngrites-120x200cm\/\" \/>\n<meta property=\"og:locale\" content=\"sq_AL\" \/>\n<meta property=\"og:type\" content=\"article\" \/>\n<meta property=\"og:title\" content=\"KORNIZ\u00cb SHTRATI + BAZ\u00cb ME MEKANIZ\u00cbM NGRIT\u00cbS PLATINIUM 120x200cm\" \/>\n<meta property=\"og:description\" content=\"Kompleti ideal p\u00ebr rehati maksimale dhe funksionalitet t\u00eb zgjuar Krijuar p\u00ebr ata q\u00eb k\u00ebrkojn\u00eb kombinimin perfekt t\u00eb komoditetit, stilit dhe praktik\u00ebs, ky set elegant p\u00ebrfshin Korniz\u00ebn e shtratit dhe Baz\u00ebn me mekaniz\u00ebm ngrit\u00ebs \u2013 nj\u00eb zgjidhje moderne dhe funksionale p\u00ebr \u00e7do dhom\u00eb gjumi. Korniz\u00eb e q\u00ebndrueshme dhe elegante    Nd\u00ebrtuar me kujdes nga materiale cil\u00ebsore dhe t\u00eb punuara me estetik\u00eb.  P\u00ebrfaq\u00ebson nj\u00eb element t\u00eb r\u00ebnd\u00ebsish\u00ebm t\u00eb dizajnit t\u00eb dhom\u00ebs s\u00eb gjumit.  Me pamje moderne dhe t\u00eb past\u00ebr, p\u00ebrshtatet leht\u00eb me \u00e7do stil arredimi.  Garanton stabilitet dhe q\u00ebndrueshm\u00ebri p\u00ebr shum\u00eb vite p\u00ebrdorimi.  Baza me mekaniz\u00ebm ngrit\u00ebs \u2013 funksionalitet i men\u00e7ur    Hapet leht\u00eb dhe ofron hap\u00ebsir\u00eb t\u00eb bollshme p\u00ebr ruajtje n\u00ebn dyshek, ideale p\u00ebr batanije, jorgan\u00eb apo rroba sezonale.  E b\u00ebn shtratin praktik dhe t\u00eb organizuar, duke ju ndihmuar t\u00eb mbani dhom\u00ebn gjithmon\u00eb t\u00eb rregullt dhe t\u00eb past\u00ebr.  Dimensioni \/ Kompozicioni: 120x200cm LART\u00cbSIA E AN\u00cbSOREVE T\u00cb KORNIZES: 25cm LART\u00cbSIA E PANELIT T\u00cb PAS\u00cbM T\u00cb KORNIZES (KOKA E KORNIZES): 125cm NGJYRA E KORNIZES:\u00a0 Bezh\u00eb KUSHTET E KTHIMIT \/ GARANCION: Ky produkt nuk ka garancion\" \/>\n<meta property=\"og:url\" content=\"https:\/\/www.comoditahome.com\/ks\/produkt\/kornize-shtrati-moon-baze-me-mekanizem-ngrites-120x200cm\/\" \/>\n<meta property=\"og:site_name\" content=\"Comodita Home\" \/>\n<meta property=\"article:publisher\" content=\"https:\/\/www.facebook.com\/comoditahome\/\" \/>\n<meta property=\"article:modified_time\" content=\"2026-01-26T08:46:23+00:00\" \/>\n<meta property=\"og:image\" content=\"https:\/\/www.comoditahome.com\/ks\/wp-content\/uploads\/2025\/10\/MOON-ME-MEMORY-2.jpg\" \/>\n\t<meta property=\"og:image:width\" content=\"1200\" \/>\n\t<meta property=\"og:image:height\" content=\"1300\" \/>\n\t<meta property=\"og:image:type\" content=\"image\/jpeg\" \/>\n<meta name=\"twitter:card\" content=\"summary_large_image\" \/>\n<meta name=\"twitter:label1\" content=\"Est. reading time\" \/>\n\t<meta name=\"twitter:data1\" content=\"1 minut\u00eb\" \/>\n<script type=\"application\/ld+json\" class=\"yoast-schema-graph\">{\"@context\":\"https:\/\/schema.org\",\"@graph\":[{\"@type\":\"WebPage\",\"@id\":\"https:\/\/www.comoditahome.com\/ks\/produkt\/kornize-shtrati-moon-baze-me-mekanizem-ngrites-120x200cm\/\",\"url\":\"https:\/\/www.comoditahome.com\/ks\/produkt\/kornize-shtrati-moon-baze-me-mekanizem-ngrites-120x200cm\/\",\"name\":\"KORNIZ\u00cb SHTRATI + BAZ\u00cb ME MEKANIZ\u00cbM NGRIT\u00cbS PLATINIUM 120x200cm - Comodita Home\",\"isPartOf\":{\"@id\":\"https:\/\/www.comoditahome.com\/ks\/#website\"},\"primaryImageOfPage\":{\"@id\":\"https:\/\/www.comoditahome.com\/ks\/produkt\/kornize-shtrati-moon-baze-me-mekanizem-ngrites-120x200cm\/#primaryimage\"},\"image\":{\"@id\":\"https:\/\/www.comoditahome.com\/ks\/produkt\/kornize-shtrati-moon-baze-me-mekanizem-ngrites-120x200cm\/#primaryimage\"},\"thumbnailUrl\":\"https:\/\/www.comoditahome.com\/ks\/wp-content\/uploads\/2025\/10\/MOON-ME-MEMORY-2.jpg\",\"datePublished\":\"2025-11-11T12:00:20+00:00\",\"dateModified\":\"2026-01-26T08:46:23+00:00\",\"breadcrumb\":{\"@id\":\"https:\/\/www.comoditahome.com\/ks\/produkt\/kornize-shtrati-moon-baze-me-mekanizem-ngrites-120x200cm\/#breadcrumb\"},\"inLanguage\":\"sq\",\"potentialAction\":[{\"@type\":\"ReadAction\",\"target\":[\"https:\/\/www.comoditahome.com\/ks\/produkt\/kornize-shtrati-moon-baze-me-mekanizem-ngrites-120x200cm\/\"]}]},{\"@type\":\"ImageObject\",\"inLanguage\":\"sq\",\"@id\":\"https:\/\/www.comoditahome.com\/ks\/produkt\/kornize-shtrati-moon-baze-me-mekanizem-ngrites-120x200cm\/#primaryimage\",\"url\":\"https:\/\/www.comoditahome.com\/ks\/wp-content\/uploads\/2025\/10\/MOON-ME-MEMORY-2.jpg\",\"contentUrl\":\"https:\/\/www.comoditahome.com\/ks\/wp-content\/uploads\/2025\/10\/MOON-ME-MEMORY-2.jpg\",\"width\":1200,\"height\":1300},{\"@type\":\"BreadcrumbList\",\"@id\":\"https:\/\/www.comoditahome.com\/ks\/produkt\/kornize-shtrati-moon-baze-me-mekanizem-ngrites-120x200cm\/#breadcrumb\",\"itemListElement\":[{\"@type\":\"ListItem\",\"position\":1,\"name\":\"Comodita Home Kosova - Dyshek Mattress\",\"item\":\"https:\/\/www.comoditahome.com\/ks\/\"},{\"@type\":\"ListItem\",\"position\":2,\"name\":\"Shop\",\"item\":\"https:\/\/www.comoditahome.com\/ks\/shop\/\"},{\"@type\":\"ListItem\",\"position\":3,\"name\":\"KORNIZ\u00cb SHTRATI + BAZ\u00cb ME MEKANIZ\u00cbM NGRIT\u00cbS PLATINIUM 120x200cm\"}]},{\"@type\":\"WebSite\",\"@id\":\"https:\/\/www.comoditahome.com\/ks\/#website\",\"url\":\"https:\/\/www.comoditahome.com\/ks\/\",\"name\":\"Comodita Home\",\"description\":\"Dyshek, Jorgan, Jast\u00ebk, Kuzhine, Banjo, Kopsht dhe Aksesor\u00eb\",\"publisher\":{\"@id\":\"https:\/\/www.comoditahome.com\/ks\/#organization\"},\"potentialAction\":[{\"@type\":\"SearchAction\",\"target\":{\"@type\":\"EntryPoint\",\"urlTemplate\":\"https:\/\/www.comoditahome.com\/ks\/?s={search_term_string}\"},\"query-input\":\"required name=search_term_string\"}],\"inLanguage\":\"sq\"},{\"@type\":\"Organization\",\"@id\":\"https:\/\/www.comoditahome.com\/ks\/#organization\",\"name\":\"Comodita Home\",\"url\":\"https:\/\/www.comoditahome.com\/ks\/\",\"logo\":{\"@type\":\"ImageObject\",\"inLanguage\":\"sq\",\"@id\":\"https:\/\/www.comoditahome.com\/ks\/#\/schema\/logo\/image\/\",\"url\":\"https:\/\/www.comoditahome.com\/ks\/wp-content\/uploads\/2022\/05\/COMODITA_HOME_LOGO_KS_MK_AL-02.png\",\"contentUrl\":\"https:\/\/www.comoditahome.com\/ks\/wp-content\/uploads\/2022\/05\/COMODITA_HOME_LOGO_KS_MK_AL-02.png\",\"width\":180,\"height\":87,\"caption\":\"Comodita Home\"},\"image\":{\"@id\":\"https:\/\/www.comoditahome.com\/ks\/#\/schema\/logo\/image\/\"},\"sameAs\":[\"https:\/\/www.facebook.com\/comoditahome\/\",\"https:\/\/www.instagram.com\/comoditahome\/\",\"https:\/\/www.linkedin.com\/company\/comoditahome\/?originalSubdomain=fj\",\"https:\/\/www.youtube.com\/channel\/UC5O6IsT4JD4zaiOqmRi_Pvg\"]}]}<\/script>\n<!-- \/ Yoast SEO Premium plugin. -->","yoast_head_json":{"title":"KORNIZ\u00cb SHTRATI + BAZ\u00cb ME MEKANIZ\u00cbM NGRIT\u00cbS PLATINIUM 120x200cm - Comodita Home","robots":{"index":"index","follow":"follow","max-snippet":"max-snippet:-1","max-image-preview":"max-image-preview:large","max-video-preview":"max-video-preview:-1"},"canonical":"https:\/\/www.comoditahome.com\/ks\/produkt\/kornize-shtrati-moon-baze-me-mekanizem-ngrites-120x200cm\/","og_locale":"sq_AL","og_type":"article","og_title":"KORNIZ\u00cb SHTRATI + BAZ\u00cb ME MEKANIZ\u00cbM NGRIT\u00cbS PLATINIUM 120x200cm","og_description":"Kompleti ideal p\u00ebr rehati maksimale dhe funksionalitet t\u00eb zgjuar Krijuar p\u00ebr ata q\u00eb k\u00ebrkojn\u00eb kombinimin perfekt t\u00eb komoditetit, stilit dhe praktik\u00ebs, ky set elegant p\u00ebrfshin Korniz\u00ebn e shtratit dhe Baz\u00ebn me mekaniz\u00ebm ngrit\u00ebs \u2013 nj\u00eb zgjidhje moderne dhe funksionale p\u00ebr \u00e7do dhom\u00eb gjumi. Korniz\u00eb e q\u00ebndrueshme dhe elegante    Nd\u00ebrtuar me kujdes nga materiale cil\u00ebsore dhe t\u00eb punuara me estetik\u00eb.  P\u00ebrfaq\u00ebson nj\u00eb element t\u00eb r\u00ebnd\u00ebsish\u00ebm t\u00eb dizajnit t\u00eb dhom\u00ebs s\u00eb gjumit.  Me pamje moderne dhe t\u00eb past\u00ebr, p\u00ebrshtatet leht\u00eb me \u00e7do stil arredimi.  Garanton stabilitet dhe q\u00ebndrueshm\u00ebri p\u00ebr shum\u00eb vite p\u00ebrdorimi.  Baza me mekaniz\u00ebm ngrit\u00ebs \u2013 funksionalitet i men\u00e7ur    Hapet leht\u00eb dhe ofron hap\u00ebsir\u00eb t\u00eb bollshme p\u00ebr ruajtje n\u00ebn dyshek, ideale p\u00ebr batanije, jorgan\u00eb apo rroba sezonale.  E b\u00ebn shtratin praktik dhe t\u00eb organizuar, duke ju ndihmuar t\u00eb mbani dhom\u00ebn gjithmon\u00eb t\u00eb rregullt dhe t\u00eb past\u00ebr.  Dimensioni \/ Kompozicioni: 120x200cm LART\u00cbSIA E AN\u00cbSOREVE T\u00cb KORNIZES: 25cm LART\u00cbSIA E PANELIT T\u00cb PAS\u00cbM T\u00cb KORNIZES (KOKA E KORNIZES): 125cm NGJYRA E KORNIZES:\u00a0 Bezh\u00eb KUSHTET E KTHIMIT \/ GARANCION: Ky produkt nuk ka garancion","og_url":"https:\/\/www.comoditahome.com\/ks\/produkt\/kornize-shtrati-moon-baze-me-mekanizem-ngrites-120x200cm\/","og_site_name":"Comodita Home","article_publisher":"https:\/\/www.facebook.com\/comoditahome\/","article_modified_time":"2026-01-26T08:46:23+00:00","og_image":[{"width":1200,"height":1300,"url":"https:\/\/www.comoditahome.com\/ks\/wp-content\/uploads\/2025\/10\/MOON-ME-MEMORY-2.jpg","type":"image\/jpeg"}],"twitter_card":"summary_large_image","twitter_misc":{"Est. reading time":"1 minut\u00eb"},"schema":{"@context":"https:\/\/schema.org","@graph":[{"@type":"WebPage","@id":"https:\/\/www.comoditahome.com\/ks\/produkt\/kornize-shtrati-moon-baze-me-mekanizem-ngrites-120x200cm\/","url":"https:\/\/www.comoditahome.com\/ks\/produkt\/kornize-shtrati-moon-baze-me-mekanizem-ngrites-120x200cm\/","name":"KORNIZ\u00cb SHTRATI + BAZ\u00cb ME MEKANIZ\u00cbM NGRIT\u00cbS PLATINIUM 120x200cm - Comodita Home","isPartOf":{"@id":"https:\/\/www.comoditahome.com\/ks\/#website"},"primaryImageOfPage":{"@id":"https:\/\/www.comoditahome.com\/ks\/produkt\/kornize-shtrati-moon-baze-me-mekanizem-ngrites-120x200cm\/#primaryimage"},"image":{"@id":"https:\/\/www.comoditahome.com\/ks\/produkt\/kornize-shtrati-moon-baze-me-mekanizem-ngrites-120x200cm\/#primaryimage"},"thumbnailUrl":"https:\/\/www.comoditahome.com\/ks\/wp-content\/uploads\/2025\/10\/MOON-ME-MEMORY-2.jpg","datePublished":"2025-11-11T12:00:20+00:00","dateModified":"2026-01-26T08:46:23+00:00","breadcrumb":{"@id":"https:\/\/www.comoditahome.com\/ks\/produkt\/kornize-shtrati-moon-baze-me-mekanizem-ngrites-120x200cm\/#breadcrumb"},"inLanguage":"sq","potentialAction":[{"@type":"ReadAction","target":["https:\/\/www.comoditahome.com\/ks\/produkt\/kornize-shtrati-moon-baze-me-mekanizem-ngrites-120x200cm\/"]}]},{"@type":"ImageObject","inLanguage":"sq","@id":"https:\/\/www.comoditahome.com\/ks\/produkt\/kornize-shtrati-moon-baze-me-mekanizem-ngrites-120x200cm\/#primaryimage","url":"https:\/\/www.comoditahome.com\/ks\/wp-content\/uploads\/2025\/10\/MOON-ME-MEMORY-2.jpg","contentUrl":"https:\/\/www.comoditahome.com\/ks\/wp-content\/uploads\/2025\/10\/MOON-ME-MEMORY-2.jpg","width":1200,"height":1300},{"@type":"BreadcrumbList","@id":"https:\/\/www.comoditahome.com\/ks\/produkt\/kornize-shtrati-moon-baze-me-mekanizem-ngrites-120x200cm\/#breadcrumb","itemListElement":[{"@type":"ListItem","position":1,"name":"Comodita Home Kosova - Dyshek Mattress","item":"https:\/\/www.comoditahome.com\/ks\/"},{"@type":"ListItem","position":2,"name":"Shop","item":"https:\/\/www.comoditahome.com\/ks\/shop\/"},{"@type":"ListItem","position":3,"name":"KORNIZ\u00cb SHTRATI + BAZ\u00cb ME MEKANIZ\u00cbM NGRIT\u00cbS PLATINIUM 120x200cm"}]},{"@type":"WebSite","@id":"https:\/\/www.comoditahome.com\/ks\/#website","url":"https:\/\/www.comoditahome.com\/ks\/","name":"Comodita Home","description":"Dyshek, Jorgan, Jast\u00ebk, Kuzhine, Banjo, Kopsht dhe Aksesor\u00eb","publisher":{"@id":"https:\/\/www.comoditahome.com\/ks\/#organization"},"potentialAction":[{"@type":"SearchAction","target":{"@type":"EntryPoint","urlTemplate":"https:\/\/www.comoditahome.com\/ks\/?s={search_term_string}"},"query-input":"required name=search_term_string"}],"inLanguage":"sq"},{"@type":"Organization","@id":"https:\/\/www.comoditahome.com\/ks\/#organization","name":"Comodita Home","url":"https:\/\/www.comoditahome.com\/ks\/","logo":{"@type":"ImageObject","inLanguage":"sq","@id":"https:\/\/www.comoditahome.com\/ks\/#\/schema\/logo\/image\/","url":"https:\/\/www.comoditahome.com\/ks\/wp-content\/uploads\/2022\/05\/COMODITA_HOME_LOGO_KS_MK_AL-02.png","contentUrl":"https:\/\/www.comoditahome.com\/ks\/wp-content\/uploads\/2022\/05\/COMODITA_HOME_LOGO_KS_MK_AL-02.png","width":180,"height":87,"caption":"Comodita Home"},"image":{"@id":"https:\/\/www.comoditahome.com\/ks\/#\/schema\/logo\/image\/"},"sameAs":["https:\/\/www.facebook.com\/comoditahome\/","https:\/\/www.instagram.com\/comoditahome\/","https:\/\/www.linkedin.com\/company\/comoditahome\/?originalSubdomain=fj","https:\/\/www.youtube.com\/channel\/UC5O6IsT4JD4zaiOqmRi_Pvg"]}]}},"_links":{"self":[{"href":"https:\/\/www.comoditahome.com\/ks\/wp-json\/wp\/v2\/product\/110044","targetHints":{"allow":["GET"]}}],"collection":[{"href":"https:\/\/www.comoditahome.com\/ks\/wp-json\/wp\/v2\/product"}],"about":[{"href":"https:\/\/www.comoditahome.com\/ks\/wp-json\/wp\/v2\/types\/product"}],"version-history":[{"count":8,"href":"https:\/\/www.comoditahome.com\/ks\/wp-json\/wp\/v2\/product\/110044\/revisions"}],"predecessor-version":[{"id":112858,"href":"https:\/\/www.comoditahome.com\/ks\/wp-json\/wp\/v2\/product\/110044\/revisions\/112858"}],"wp:featuredmedia":[{"embeddable":true,"href":"https:\/\/www.comoditahome.com\/ks\/wp-json\/wp\/v2\/media\/109310"}],"wp:attachment":[{"href":"https:\/\/www.comoditahome.com\/ks\/wp-json\/wp\/v2\/media?parent=110044"}],"wp:term":[{"taxonomy":"product_brand","embeddable":true,"href":"https:\/\/www.comoditahome.com\/ks\/wp-json\/wp\/v2\/product_brand?post=110044"},{"taxonomy":"product_cat","embeddable":true,"href":"https:\/\/www.comoditahome.com\/ks\/wp-json\/wp\/v2\/product_cat?post=110044"},{"taxonomy":"product_tag","embeddable":true,"href":"https:\/\/www.comoditahome.com\/ks\/wp-json\/wp\/v2\/product_tag?post=110044"}],"curies":[{"name":"wp","href":"https:\/\/api.w.org\/{rel}","templated":true}]}}