 {"id":111064,"date":"2025-11-14T12:23:25","date_gmt":"2025-11-14T11:23:25","guid":{"rendered":"https:\/\/www.comoditahome.com\/ks\/?post_type=product&#038;p=111064"},"modified":"2026-03-30T09:42:20","modified_gmt":"2026-03-30T07:42:20","slug":"dyshek-cloud-kornize-shtrati-baze-me-mekanizem-ngrites-2x-komodina-stol-dhome-gjumi-line-visco-180x200cm","status":"publish","type":"product","link":"https:\/\/www.comoditahome.com\/ks\/produkt\/dyshek-cloud-kornize-shtrati-baze-me-mekanizem-ngrites-2x-komodina-stol-dhome-gjumi-line-visco-180x200cm\/","title":{"rendered":"DYSHEK CLOUD + KORNIZ\u00cb SHTRATI + BAZ\u00cb ME MEKANIZ\u00cbM NGRIT\u00cbS MILLENIUM 180x200cm"},"content":{"rendered":"<p>Krijuar p\u00ebr ata q\u00eb k\u00ebrkojn\u00eb kombinimin perfekt t\u00eb komoditetit, stilit dhe praktik\u00ebs,<\/p>\n<p>ky set elegant p\u00ebrfshin Korniz\u00ebn e shtratit,<\/p>\n<p>Baz\u00ebn me mekaniz\u00ebm ngrit\u00ebs nj\u00eb zgjidhje moderne dhe funksionale p\u00ebr \u00e7do dhom\u00eb gjumi.<\/p>\n","protected":false},"excerpt":{"rendered":"<p style=\"text-align: left;\">Kompleti ideal p\u00ebr rehati maksimale dhe funksionalitet t\u00eb zgjuar<\/p>\n<p style=\"text-align: left;\">Krijuar p\u00ebr ata q\u00eb k\u00ebrkojn\u00eb kombinimin perfekt t\u00eb komoditetit, stilit dhe praktik\u00ebs, ky set elegant p\u00ebrfshin Dyshekun, Korniz\u00ebn e shtratit dhe Baz\u00ebn me mekaniz\u00ebm ngrit\u00ebs \u2013 nj\u00eb zgjidhje moderne dhe funksionale p\u00ebr \u00e7do dhom\u00eb gjumi.<\/p>\n<p style=\"text-align: left;\"><strong>Dyshek Cloud<\/strong><\/p>\n<p style=\"text-align: left;\">Brendesia e dyshekut\u00a0<strong data-start=\"21\" data-end=\"30\">Cloud<\/strong>\u00a0\u00ebsht\u00eb nj\u00eb kombinim i kujdessh\u00ebm i materialeve dhe teknologjive t\u00eb avancuara, t\u00eb cilat sigurojn\u00eb nj\u00eb p\u00ebrvoj\u00eb t\u00eb jasht\u00ebzakonshme gjumi. Brend\u00ebsia p\u00ebrfshin shtresa t\u00eb specializuara p\u00ebr mb\u00ebshtetje optimale t\u00eb trupit, rregullim t\u00eb temperatur\u00ebs dhe nj\u00eb ndjesi t\u00eb but\u00eb e relaksuese. I nd\u00ebrtuar nga ekspert\u00eb t\u00eb gjumit, ky dyshek \u00ebsht\u00eb cil\u00ebsor dhe inovativ, duke ofruar nj\u00eb gjum\u00eb t\u00eb qet\u00eb dhe t\u00eb sh\u00ebndetsh\u00ebm.<\/p>\n<p style=\"text-align: left;\"><strong>Korniz\u00eb e q\u00ebndrueshme dhe elegante<\/strong><\/p>\n<ul style=\"text-align: left;\">\n<li style=\"text-align: left;\">Nd\u00ebrtuar me kujdes nga materiale cil\u00ebsore dhe t\u00eb punuara me estetik\u00eb.<\/li>\n<li style=\"text-align: left;\">P\u00ebrfaq\u00ebson nj\u00eb element t\u00eb r\u00ebnd\u00ebsish\u00ebm t\u00eb dizajnit t\u00eb dhom\u00ebs s\u00eb gjumit.<\/li>\n<li style=\"text-align: left;\">Me pamje moderne dhe t\u00eb past\u00ebr, p\u00ebrshtatet leht\u00eb me \u00e7do stil arredimi.<\/li>\n<li style=\"text-align: left;\">Garanton stabilitet dhe q\u00ebndrueshm\u00ebri p\u00ebr shum\u00eb vite p\u00ebrdorimi.<\/li>\n<\/ul>\n<p style=\"text-align: left;\"><strong>Baza me mekaniz\u00ebm ngrit\u00ebs \u2013 funksionalitet i men\u00e7ur<\/strong><\/p>\n<ul style=\"text-align: left;\">\n<li style=\"text-align: left;\">Hapet leht\u00eb dhe ofron hap\u00ebsir\u00eb t\u00eb bollshme p\u00ebr ruajtje n\u00ebn dyshek, ideale p\u00ebr batanije, jorgan\u00eb apo rroba sezonale.<\/li>\n<li style=\"text-align: left;\">E b\u00ebn shtratin praktik dhe t\u00eb organizuar, duke ju ndihmuar t\u00eb mbani dhom\u00ebn gjithmon\u00eb t\u00eb rregullt dhe t\u00eb past\u00ebr.<\/li>\n<\/ul>\n<p style=\"text-align: left;\">Ky kombinim i tre elementeve \u2013 Dyshek, Korniz\u00eb dhe Baz\u00eb me mekaniz\u00ebm ngrit\u00ebs \u2013 \u00ebsht\u00eb zgjedhja perfekte p\u00ebr ata q\u00eb k\u00ebrkojn\u00eb komoditet, stil dhe funksionalitet n\u00eb nj\u00eb produkt t\u00eb vet\u00ebm.<\/p>\n<p style=\"text-align: left;\"><strong>Dimensioni \/ Kompozicioni:<\/strong>\u00a0180x200cm<\/p>\n<p style=\"text-align: left;\"><b data-olk-copy-source=\"MessageBody\">LART\u00cbSIA E AN\u00cbSOREVE T\u00cb KORNIZES: <\/b>28cm<b data-olk-copy-source=\"MessageBody\"><\/b><\/p>\n<p style=\"text-align: left;\"><b data-olk-copy-source=\"MessageBody\">LART\u00cbSIA E PANELIT T\u00cb PAS\u00cbM T\u00cb KORNIZES (KOKA E KORNIZES): <\/b>120cm<\/p>\n<p style=\"text-align: left;\"><strong>NGJYRA E KORNIZES:<\/strong> Grey<\/p>\n<p style=\"text-align: left;\"><strong>MATERIALI I DYSHEKUT:<\/strong> Kombinim i shtresave t\u00eb shkum\u00ebs Memory dhe poliuretane dhe sustave, me mb\u00ebshtjell\u00ebs me ndjesi pelushi<\/p>\n<p style=\"text-align: left;\"><strong>UDH\u00cbZIMET E P\u00cbRDORIMIT:<\/strong>\u202fDysheku vjen n\u00eb paketim t\u00eb vakumuar i mb\u00ebshtjellur n\u00eb m\u00ebnyr\u00eb hermetike. Pas hapjes, ai merr form\u00ebn brenda 10-20 minutave, por nuk duhet t\u00eb p\u00ebrdoret s\u00eb paku p\u00ebr 24 or\u00ebt e ardhshme. Dysheku nuk duhet t\u00eb ket\u00eb kontakt me ujin.<\/p>\n<p style=\"text-align: left;\"><strong>KUSHTET E KTHIMIT \/ GARANCION:<\/strong> Garancion 3 vite<\/p>\n","protected":false},"featured_media":111962,"template":"","meta":[],"product_brand":[],"product_cat":[421,432],"product_tag":[],"class_list":{"0":"post-111064","1":"product","2":"type-product","3":"status-publish","4":"has-post-thumbnail","6":"product_cat-korniza-shtrati","7":"product_cat-millenium","8":"product_shipping_class-kornizat-e-shtratit","10":"first","11":"instock","12":"sale","13":"shipping-taxable","14":"purchasable","15":"product-type-simple","16":"layout-style-1","17":"col-md-4 col-sm-4 col-xs-6","18":"col-lg-2","19":"product-has-gallery","20":"product-style-default"},"yoast_head":"<!-- This site is optimized with the Yoast SEO Premium plugin v18.2.1 (Yoast SEO v22.5) - https:\/\/yoast.com\/wordpress\/plugins\/seo\/ -->\n<title>DYSHEK CLOUD + KORNIZ\u00cb SHTRATI + BAZ\u00cb ME MEKANIZ\u00cbM NGRIT\u00cbS MILLENIUM 180x200cm - Comodita Home<\/title>\n<meta name=\"description\" content=\"Aparati i kafes\u00eb Prince vjen i dizajnuar n\u00eb model modern me ngjyr\u00eb t\u00eb bardh\u00eb. Ky aparat leht\u00ebsisht mund t\u00eb p\u00ebrshkruhet si miku juaj m\u00eb i mir\u00eb...\" \/>\n<meta name=\"robots\" content=\"index, follow, max-snippet:-1, max-image-preview:large, max-video-preview:-1\" \/>\n<link rel=\"canonical\" href=\"https:\/\/www.comoditahome.com\/ks\/produkt\/dyshek-cloud-kornize-shtrati-baze-me-mekanizem-ngrites-2x-komodina-stol-dhome-gjumi-line-visco-180x200cm\/\" \/>\n<meta property=\"og:locale\" content=\"sq_AL\" \/>\n<meta property=\"og:type\" content=\"article\" \/>\n<meta property=\"og:title\" content=\"DYSHEK CLOUD + KORNIZ\u00cb SHTRATI + BAZ\u00cb ME MEKANIZ\u00cbM NGRIT\u00cbS MILLENIUM 180x200cm\" \/>\n<meta property=\"og:description\" content=\"Aparati i kafes\u00eb Prince vjen i dizajnuar n\u00eb model modern me ngjyr\u00eb t\u00eb bardh\u00eb. Ky aparat leht\u00ebsisht mund t\u00eb p\u00ebrshkruhet si miku juaj m\u00eb i mir\u00eb...\" \/>\n<meta property=\"og:url\" content=\"https:\/\/www.comoditahome.com\/ks\/produkt\/dyshek-cloud-kornize-shtrati-baze-me-mekanizem-ngrites-2x-komodina-stol-dhome-gjumi-line-visco-180x200cm\/\" \/>\n<meta property=\"og:site_name\" content=\"Comodita Home\" \/>\n<meta property=\"article:publisher\" content=\"https:\/\/www.facebook.com\/comoditahome\/\" \/>\n<meta property=\"article:modified_time\" content=\"2026-03-30T07:42:20+00:00\" \/>\n<meta property=\"og:image\" content=\"https:\/\/www.comoditahome.com\/ks\/wp-content\/uploads\/2025\/11\/Visco-pa-Komode-CLOUD.jpg\" \/>\n\t<meta property=\"og:image:width\" content=\"1200\" \/>\n\t<meta property=\"og:image:height\" content=\"1300\" \/>\n\t<meta property=\"og:image:type\" content=\"image\/jpeg\" \/>\n<meta name=\"twitter:card\" content=\"summary_large_image\" \/>\n<meta name=\"twitter:label1\" content=\"Est. reading time\" \/>\n\t<meta name=\"twitter:data1\" content=\"1 minut\u00eb\" \/>\n<script type=\"application\/ld+json\" class=\"yoast-schema-graph\">{\"@context\":\"https:\/\/schema.org\",\"@graph\":[{\"@type\":\"WebPage\",\"@id\":\"https:\/\/www.comoditahome.com\/ks\/produkt\/dyshek-cloud-kornize-shtrati-baze-me-mekanizem-ngrites-2x-komodina-stol-dhome-gjumi-line-visco-180x200cm\/\",\"url\":\"https:\/\/www.comoditahome.com\/ks\/produkt\/dyshek-cloud-kornize-shtrati-baze-me-mekanizem-ngrites-2x-komodina-stol-dhome-gjumi-line-visco-180x200cm\/\",\"name\":\"DYSHEK CLOUD + KORNIZ\u00cb SHTRATI + BAZ\u00cb ME MEKANIZ\u00cbM NGRIT\u00cbS MILLENIUM 180x200cm - Comodita Home\",\"isPartOf\":{\"@id\":\"https:\/\/www.comoditahome.com\/ks\/#website\"},\"primaryImageOfPage\":{\"@id\":\"https:\/\/www.comoditahome.com\/ks\/produkt\/dyshek-cloud-kornize-shtrati-baze-me-mekanizem-ngrites-2x-komodina-stol-dhome-gjumi-line-visco-180x200cm\/#primaryimage\"},\"image\":{\"@id\":\"https:\/\/www.comoditahome.com\/ks\/produkt\/dyshek-cloud-kornize-shtrati-baze-me-mekanizem-ngrites-2x-komodina-stol-dhome-gjumi-line-visco-180x200cm\/#primaryimage\"},\"thumbnailUrl\":\"https:\/\/www.comoditahome.com\/ks\/wp-content\/uploads\/2025\/11\/Visco-pa-Komode-CLOUD.jpg\",\"datePublished\":\"2025-11-14T11:23:25+00:00\",\"dateModified\":\"2026-03-30T07:42:20+00:00\",\"description\":\"Aparati i kafes\u00eb Prince vjen i dizajnuar n\u00eb model modern me ngjyr\u00eb t\u00eb bardh\u00eb. Ky aparat leht\u00ebsisht mund t\u00eb p\u00ebrshkruhet si miku juaj m\u00eb i mir\u00eb...\",\"breadcrumb\":{\"@id\":\"https:\/\/www.comoditahome.com\/ks\/produkt\/dyshek-cloud-kornize-shtrati-baze-me-mekanizem-ngrites-2x-komodina-stol-dhome-gjumi-line-visco-180x200cm\/#breadcrumb\"},\"inLanguage\":\"sq\",\"potentialAction\":[{\"@type\":\"ReadAction\",\"target\":[\"https:\/\/www.comoditahome.com\/ks\/produkt\/dyshek-cloud-kornize-shtrati-baze-me-mekanizem-ngrites-2x-komodina-stol-dhome-gjumi-line-visco-180x200cm\/\"]}]},{\"@type\":\"ImageObject\",\"inLanguage\":\"sq\",\"@id\":\"https:\/\/www.comoditahome.com\/ks\/produkt\/dyshek-cloud-kornize-shtrati-baze-me-mekanizem-ngrites-2x-komodina-stol-dhome-gjumi-line-visco-180x200cm\/#primaryimage\",\"url\":\"https:\/\/www.comoditahome.com\/ks\/wp-content\/uploads\/2025\/11\/Visco-pa-Komode-CLOUD.jpg\",\"contentUrl\":\"https:\/\/www.comoditahome.com\/ks\/wp-content\/uploads\/2025\/11\/Visco-pa-Komode-CLOUD.jpg\",\"width\":1200,\"height\":1300},{\"@type\":\"BreadcrumbList\",\"@id\":\"https:\/\/www.comoditahome.com\/ks\/produkt\/dyshek-cloud-kornize-shtrati-baze-me-mekanizem-ngrites-2x-komodina-stol-dhome-gjumi-line-visco-180x200cm\/#breadcrumb\",\"itemListElement\":[{\"@type\":\"ListItem\",\"position\":1,\"name\":\"Comodita Home Kosova - Dyshek Mattress\",\"item\":\"https:\/\/www.comoditahome.com\/ks\/\"},{\"@type\":\"ListItem\",\"position\":2,\"name\":\"Shop\",\"item\":\"https:\/\/www.comoditahome.com\/ks\/shop\/\"},{\"@type\":\"ListItem\",\"position\":3,\"name\":\"DYSHEK CLOUD + KORNIZ\u00cb SHTRATI + BAZ\u00cb ME MEKANIZ\u00cbM NGRIT\u00cbS MILLENIUM 180x200cm\"}]},{\"@type\":\"WebSite\",\"@id\":\"https:\/\/www.comoditahome.com\/ks\/#website\",\"url\":\"https:\/\/www.comoditahome.com\/ks\/\",\"name\":\"Comodita Home\",\"description\":\"Dyshek, Jorgan, Jast\u00ebk, Kuzhine, Banjo, Kopsht dhe Aksesor\u00eb\",\"publisher\":{\"@id\":\"https:\/\/www.comoditahome.com\/ks\/#organization\"},\"potentialAction\":[{\"@type\":\"SearchAction\",\"target\":{\"@type\":\"EntryPoint\",\"urlTemplate\":\"https:\/\/www.comoditahome.com\/ks\/?s={search_term_string}\"},\"query-input\":\"required name=search_term_string\"}],\"inLanguage\":\"sq\"},{\"@type\":\"Organization\",\"@id\":\"https:\/\/www.comoditahome.com\/ks\/#organization\",\"name\":\"Comodita Home\",\"url\":\"https:\/\/www.comoditahome.com\/ks\/\",\"logo\":{\"@type\":\"ImageObject\",\"inLanguage\":\"sq\",\"@id\":\"https:\/\/www.comoditahome.com\/ks\/#\/schema\/logo\/image\/\",\"url\":\"https:\/\/www.comoditahome.com\/ks\/wp-content\/uploads\/2022\/05\/COMODITA_HOME_LOGO_KS_MK_AL-02.png\",\"contentUrl\":\"https:\/\/www.comoditahome.com\/ks\/wp-content\/uploads\/2022\/05\/COMODITA_HOME_LOGO_KS_MK_AL-02.png\",\"width\":180,\"height\":87,\"caption\":\"Comodita Home\"},\"image\":{\"@id\":\"https:\/\/www.comoditahome.com\/ks\/#\/schema\/logo\/image\/\"},\"sameAs\":[\"https:\/\/www.facebook.com\/comoditahome\/\",\"https:\/\/www.instagram.com\/comoditahome\/\",\"https:\/\/www.linkedin.com\/company\/comoditahome\/?originalSubdomain=fj\",\"https:\/\/www.youtube.com\/channel\/UC5O6IsT4JD4zaiOqmRi_Pvg\"]}]}<\/script>\n<!-- \/ Yoast SEO Premium plugin. -->","yoast_head_json":{"title":"DYSHEK CLOUD + KORNIZ\u00cb SHTRATI + BAZ\u00cb ME MEKANIZ\u00cbM NGRIT\u00cbS MILLENIUM 180x200cm - Comodita Home","description":"Aparati i kafes\u00eb Prince vjen i dizajnuar n\u00eb model modern me ngjyr\u00eb t\u00eb bardh\u00eb. Ky aparat leht\u00ebsisht mund t\u00eb p\u00ebrshkruhet si miku juaj m\u00eb i mir\u00eb...","robots":{"index":"index","follow":"follow","max-snippet":"max-snippet:-1","max-image-preview":"max-image-preview:large","max-video-preview":"max-video-preview:-1"},"canonical":"https:\/\/www.comoditahome.com\/ks\/produkt\/dyshek-cloud-kornize-shtrati-baze-me-mekanizem-ngrites-2x-komodina-stol-dhome-gjumi-line-visco-180x200cm\/","og_locale":"sq_AL","og_type":"article","og_title":"DYSHEK CLOUD + KORNIZ\u00cb SHTRATI + BAZ\u00cb ME MEKANIZ\u00cbM NGRIT\u00cbS MILLENIUM 180x200cm","og_description":"Aparati i kafes\u00eb Prince vjen i dizajnuar n\u00eb model modern me ngjyr\u00eb t\u00eb bardh\u00eb. Ky aparat leht\u00ebsisht mund t\u00eb p\u00ebrshkruhet si miku juaj m\u00eb i mir\u00eb...","og_url":"https:\/\/www.comoditahome.com\/ks\/produkt\/dyshek-cloud-kornize-shtrati-baze-me-mekanizem-ngrites-2x-komodina-stol-dhome-gjumi-line-visco-180x200cm\/","og_site_name":"Comodita Home","article_publisher":"https:\/\/www.facebook.com\/comoditahome\/","article_modified_time":"2026-03-30T07:42:20+00:00","og_image":[{"width":1200,"height":1300,"url":"https:\/\/www.comoditahome.com\/ks\/wp-content\/uploads\/2025\/11\/Visco-pa-Komode-CLOUD.jpg","type":"image\/jpeg"}],"twitter_card":"summary_large_image","twitter_misc":{"Est. reading time":"1 minut\u00eb"},"schema":{"@context":"https:\/\/schema.org","@graph":[{"@type":"WebPage","@id":"https:\/\/www.comoditahome.com\/ks\/produkt\/dyshek-cloud-kornize-shtrati-baze-me-mekanizem-ngrites-2x-komodina-stol-dhome-gjumi-line-visco-180x200cm\/","url":"https:\/\/www.comoditahome.com\/ks\/produkt\/dyshek-cloud-kornize-shtrati-baze-me-mekanizem-ngrites-2x-komodina-stol-dhome-gjumi-line-visco-180x200cm\/","name":"DYSHEK CLOUD + KORNIZ\u00cb SHTRATI + BAZ\u00cb ME MEKANIZ\u00cbM NGRIT\u00cbS MILLENIUM 180x200cm - Comodita Home","isPartOf":{"@id":"https:\/\/www.comoditahome.com\/ks\/#website"},"primaryImageOfPage":{"@id":"https:\/\/www.comoditahome.com\/ks\/produkt\/dyshek-cloud-kornize-shtrati-baze-me-mekanizem-ngrites-2x-komodina-stol-dhome-gjumi-line-visco-180x200cm\/#primaryimage"},"image":{"@id":"https:\/\/www.comoditahome.com\/ks\/produkt\/dyshek-cloud-kornize-shtrati-baze-me-mekanizem-ngrites-2x-komodina-stol-dhome-gjumi-line-visco-180x200cm\/#primaryimage"},"thumbnailUrl":"https:\/\/www.comoditahome.com\/ks\/wp-content\/uploads\/2025\/11\/Visco-pa-Komode-CLOUD.jpg","datePublished":"2025-11-14T11:23:25+00:00","dateModified":"2026-03-30T07:42:20+00:00","description":"Aparati i kafes\u00eb Prince vjen i dizajnuar n\u00eb model modern me ngjyr\u00eb t\u00eb bardh\u00eb. Ky aparat leht\u00ebsisht mund t\u00eb p\u00ebrshkruhet si miku juaj m\u00eb i mir\u00eb...","breadcrumb":{"@id":"https:\/\/www.comoditahome.com\/ks\/produkt\/dyshek-cloud-kornize-shtrati-baze-me-mekanizem-ngrites-2x-komodina-stol-dhome-gjumi-line-visco-180x200cm\/#breadcrumb"},"inLanguage":"sq","potentialAction":[{"@type":"ReadAction","target":["https:\/\/www.comoditahome.com\/ks\/produkt\/dyshek-cloud-kornize-shtrati-baze-me-mekanizem-ngrites-2x-komodina-stol-dhome-gjumi-line-visco-180x200cm\/"]}]},{"@type":"ImageObject","inLanguage":"sq","@id":"https:\/\/www.comoditahome.com\/ks\/produkt\/dyshek-cloud-kornize-shtrati-baze-me-mekanizem-ngrites-2x-komodina-stol-dhome-gjumi-line-visco-180x200cm\/#primaryimage","url":"https:\/\/www.comoditahome.com\/ks\/wp-content\/uploads\/2025\/11\/Visco-pa-Komode-CLOUD.jpg","contentUrl":"https:\/\/www.comoditahome.com\/ks\/wp-content\/uploads\/2025\/11\/Visco-pa-Komode-CLOUD.jpg","width":1200,"height":1300},{"@type":"BreadcrumbList","@id":"https:\/\/www.comoditahome.com\/ks\/produkt\/dyshek-cloud-kornize-shtrati-baze-me-mekanizem-ngrites-2x-komodina-stol-dhome-gjumi-line-visco-180x200cm\/#breadcrumb","itemListElement":[{"@type":"ListItem","position":1,"name":"Comodita Home Kosova - Dyshek Mattress","item":"https:\/\/www.comoditahome.com\/ks\/"},{"@type":"ListItem","position":2,"name":"Shop","item":"https:\/\/www.comoditahome.com\/ks\/shop\/"},{"@type":"ListItem","position":3,"name":"DYSHEK CLOUD + KORNIZ\u00cb SHTRATI + BAZ\u00cb ME MEKANIZ\u00cbM NGRIT\u00cbS MILLENIUM 180x200cm"}]},{"@type":"WebSite","@id":"https:\/\/www.comoditahome.com\/ks\/#website","url":"https:\/\/www.comoditahome.com\/ks\/","name":"Comodita Home","description":"Dyshek, Jorgan, Jast\u00ebk, Kuzhine, Banjo, Kopsht dhe Aksesor\u00eb","publisher":{"@id":"https:\/\/www.comoditahome.com\/ks\/#organization"},"potentialAction":[{"@type":"SearchAction","target":{"@type":"EntryPoint","urlTemplate":"https:\/\/www.comoditahome.com\/ks\/?s={search_term_string}"},"query-input":"required name=search_term_string"}],"inLanguage":"sq"},{"@type":"Organization","@id":"https:\/\/www.comoditahome.com\/ks\/#organization","name":"Comodita Home","url":"https:\/\/www.comoditahome.com\/ks\/","logo":{"@type":"ImageObject","inLanguage":"sq","@id":"https:\/\/www.comoditahome.com\/ks\/#\/schema\/logo\/image\/","url":"https:\/\/www.comoditahome.com\/ks\/wp-content\/uploads\/2022\/05\/COMODITA_HOME_LOGO_KS_MK_AL-02.png","contentUrl":"https:\/\/www.comoditahome.com\/ks\/wp-content\/uploads\/2022\/05\/COMODITA_HOME_LOGO_KS_MK_AL-02.png","width":180,"height":87,"caption":"Comodita Home"},"image":{"@id":"https:\/\/www.comoditahome.com\/ks\/#\/schema\/logo\/image\/"},"sameAs":["https:\/\/www.facebook.com\/comoditahome\/","https:\/\/www.instagram.com\/comoditahome\/","https:\/\/www.linkedin.com\/company\/comoditahome\/?originalSubdomain=fj","https:\/\/www.youtube.com\/channel\/UC5O6IsT4JD4zaiOqmRi_Pvg"]}]}},"_links":{"self":[{"href":"https:\/\/www.comoditahome.com\/ks\/wp-json\/wp\/v2\/product\/111064","targetHints":{"allow":["GET"]}}],"collection":[{"href":"https:\/\/www.comoditahome.com\/ks\/wp-json\/wp\/v2\/product"}],"about":[{"href":"https:\/\/www.comoditahome.com\/ks\/wp-json\/wp\/v2\/types\/product"}],"version-history":[{"count":10,"href":"https:\/\/www.comoditahome.com\/ks\/wp-json\/wp\/v2\/product\/111064\/revisions"}],"predecessor-version":[{"id":112883,"href":"https:\/\/www.comoditahome.com\/ks\/wp-json\/wp\/v2\/product\/111064\/revisions\/112883"}],"wp:featuredmedia":[{"embeddable":true,"href":"https:\/\/www.comoditahome.com\/ks\/wp-json\/wp\/v2\/media\/111962"}],"wp:attachment":[{"href":"https:\/\/www.comoditahome.com\/ks\/wp-json\/wp\/v2\/media?parent=111064"}],"wp:term":[{"taxonomy":"product_brand","embeddable":true,"href":"https:\/\/www.comoditahome.com\/ks\/wp-json\/wp\/v2\/product_brand?post=111064"},{"taxonomy":"product_cat","embeddable":true,"href":"https:\/\/www.comoditahome.com\/ks\/wp-json\/wp\/v2\/product_cat?post=111064"},{"taxonomy":"product_tag","embeddable":true,"href":"https:\/\/www.comoditahome.com\/ks\/wp-json\/wp\/v2\/product_tag?post=111064"}],"curies":[{"name":"wp","href":"https:\/\/api.w.org\/{rel}","templated":true}]}}