 {"id":112418,"date":"2025-12-01T13:17:24","date_gmt":"2025-12-01T12:17:24","guid":{"rendered":"https:\/\/www.comoditahome.com\/ks\/?post_type=product&#038;p=112418"},"modified":"2026-04-24T09:20:41","modified_gmt":"2026-04-24T07:20:41","slug":"cajnik-alya-silver-2-pjesesh","status":"publish","type":"product","link":"https:\/\/www.comoditahome.com\/ks\/produkt\/cajnik-alya-silver-2-pjesesh\/","title":{"rendered":"\u00c7ajnik Alya Silver 2 Pjes\u00ebsh"},"content":{"rendered":"<p style=\"text-align: left;\">Ky set prej \u00e7eliku inox premium me dy pjes\u00eb kombinon eleganc\u00ebn me funksionalitetin,<\/p>\n<p style=\"text-align: left;\">duke ofruar p\u00ebrgatitje perfekte t\u00eb \u00e7ajit tradicional. Dizajni modern me linja t\u00eb buta siguron zierje t\u00eb shpejt\u00eb, ruajtje optimale t\u00eb nxeht\u00ebsis\u00eb dhe q\u00ebndrueshm\u00ebri afatgjat\u00eb.<\/p>\n<p style=\"text-align: left;\">Pjesa e sip\u00ebrme sh\u00ebrben p\u00ebr \u00e7ajin e koncentruar, nd\u00ebrsa pjesa e poshtme p\u00ebr zierjen e ujit.<\/p>\n<p style=\"text-align: left;\">Dorezat ergonomike mund\u00ebsojn\u00eb kapje t\u00eb sigurt, kapaku i fort\u00eb i p\u00ebrbashk\u00ebt rrit prakticitetin, dhe sip\u00ebrfaqja rezistente ndaj g\u00ebrvishtjeve lejon pastrim t\u00eb leht\u00eb.<\/p>\n","protected":false},"excerpt":{"rendered":"<p style=\"text-align: left;\">Ky set prej \u00e7eliku inox premium me dy pjes\u00eb kombinon eleganc\u00ebn me funksionalitetin, duke ofruar p\u00ebrgatitje perfekte t\u00eb \u00e7ajit tradicional. Dizajni modern me linja t\u00eb buta siguron zierje t\u00eb shpejt\u00eb, ruajtje optimale t\u00eb nxeht\u00ebsis\u00eb dhe q\u00ebndrueshm\u00ebri afatgjat\u00eb. Pjesa e sip\u00ebrme sh\u00ebrben p\u00ebr \u00e7ajin e koncentruar, nd\u00ebrsa pjesa e poshtme p\u00ebr zierjen e ujit. Dorezat ergonomike mund\u00ebsojn\u00eb kapje t\u00eb sigurt, kapaku i fort\u00eb i p\u00ebrbashk\u00ebt rrit prakticitetin, dhe sip\u00ebrfaqja rezistente ndaj g\u00ebrvishtjeve lejon pastrim t\u00eb leht\u00eb.<\/p>\n<p style=\"text-align: left;\"><strong>Dimensioni \/ Kompozicioni:<\/strong> 3 pjes\u00eb \u2013 2 qajnik\u00eb dhe 1 kapak Kapaciteti: 1.0 \u2013 2.5 L<\/p>\n<p style=\"text-align: left;\"><strong>NGJYRA:<\/strong> Silver<\/p>\n<p style=\"text-align: left;\"><strong>MATERIALI:<\/strong> \u00c7elik inox<\/p>\n<p style=\"text-align: left;\"><strong>UDH\u00cbZIMET E P\u00cbRDORIMIT:<\/strong> T\u00eb pastrohet me Dor\u00eb<\/p>\n<p style=\"text-align: left;\"><strong>KUSHTET E KTHIMIT \/ GARANCION:<\/strong> P\u00ebr k\u00ebt\u00eb produkt pranohet reklamacion brenda 24 or\u00ebve pasi t\u00eb pranoni porosin\u00eb.<\/p>\n<p style=\"text-align: left;\"><span style=\"color: #ffffff;\">8737442449202<\/span><\/p>\n","protected":false},"featured_media":112419,"template":"","meta":[],"product_brand":[],"product_cat":[127,136,125],"product_tag":[],"class_list":{"0":"post-112418","1":"product","2":"type-product","3":"status-publish","4":"has-post-thumbnail","6":"product_cat-caj","7":"product_cat-tryeze","8":"product_cat-kuzhine","10":"first","11":"outofstock","12":"sale","13":"shipping-taxable","14":"purchasable","15":"product-type-simple","16":"layout-style-1","17":"col-md-4 col-sm-4 col-xs-6","18":"col-lg-2","19":"product-style-default"},"yoast_head":"<!-- This site is optimized with the Yoast SEO Premium plugin v18.2.1 (Yoast SEO v22.5) - https:\/\/yoast.com\/wordpress\/plugins\/seo\/ -->\n<title>\u00c7ajnik Alya Silver 2 Pjes\u00ebsh - Comodita Home<\/title>\n<meta name=\"description\" content=\"\u00c7ajniku Silver Medium, vjen me nj\u00eb dizajn tejet modern dhe praktik n\u00eb p\u00ebrdorim. P\u00ebrgatitja e \u00e7ajit, me an\u00eb t\u00eb k\u00ebtij \u00e7ajniku \u00ebsht\u00eb m\u00eb e leht\u00eb dhe e shpejt\u00eb.\" \/>\n<meta name=\"robots\" content=\"index, follow, max-snippet:-1, max-image-preview:large, max-video-preview:-1\" \/>\n<link rel=\"canonical\" href=\"https:\/\/www.comoditahome.com\/ks\/produkt\/cajnik-alya-silver-2-pjesesh\/\" \/>\n<meta property=\"og:locale\" content=\"sq_AL\" \/>\n<meta property=\"og:type\" content=\"article\" \/>\n<meta property=\"og:title\" content=\"\u00c7ajnik Alya Silver 2 Pjes\u00ebsh\" \/>\n<meta property=\"og:description\" content=\"\u00c7ajniku Silver Medium, vjen me nj\u00eb dizajn tejet modern dhe praktik n\u00eb p\u00ebrdorim. P\u00ebrgatitja e \u00e7ajit, me an\u00eb t\u00eb k\u00ebtij \u00e7ajniku \u00ebsht\u00eb m\u00eb e leht\u00eb dhe e shpejt\u00eb.\" \/>\n<meta property=\"og:url\" content=\"https:\/\/www.comoditahome.com\/ks\/produkt\/cajnik-alya-silver-2-pjesesh\/\" \/>\n<meta property=\"og:site_name\" content=\"Comodita Home\" \/>\n<meta property=\"article:publisher\" content=\"https:\/\/www.facebook.com\/comoditahome\/\" \/>\n<meta property=\"article:modified_time\" content=\"2026-04-24T07:20:41+00:00\" \/>\n<meta property=\"og:image\" content=\"https:\/\/www.comoditahome.com\/ks\/wp-content\/uploads\/2025\/12\/8737442449202-1.jpg\" \/>\n\t<meta property=\"og:image:width\" content=\"1200\" \/>\n\t<meta property=\"og:image:height\" content=\"1300\" \/>\n\t<meta property=\"og:image:type\" content=\"image\/jpeg\" \/>\n<meta name=\"twitter:card\" content=\"summary_large_image\" \/>\n<meta name=\"twitter:label1\" content=\"Est. reading time\" \/>\n\t<meta name=\"twitter:data1\" content=\"1 minut\u00eb\" \/>\n<script type=\"application\/ld+json\" class=\"yoast-schema-graph\">{\"@context\":\"https:\/\/schema.org\",\"@graph\":[{\"@type\":\"WebPage\",\"@id\":\"https:\/\/www.comoditahome.com\/ks\/produkt\/cajnik-alya-silver-2-pjesesh\/\",\"url\":\"https:\/\/www.comoditahome.com\/ks\/produkt\/cajnik-alya-silver-2-pjesesh\/\",\"name\":\"\u00c7ajnik Alya Silver 2 Pjes\u00ebsh - Comodita Home\",\"isPartOf\":{\"@id\":\"https:\/\/www.comoditahome.com\/ks\/#website\"},\"primaryImageOfPage\":{\"@id\":\"https:\/\/www.comoditahome.com\/ks\/produkt\/cajnik-alya-silver-2-pjesesh\/#primaryimage\"},\"image\":{\"@id\":\"https:\/\/www.comoditahome.com\/ks\/produkt\/cajnik-alya-silver-2-pjesesh\/#primaryimage\"},\"thumbnailUrl\":\"https:\/\/www.comoditahome.com\/ks\/wp-content\/uploads\/2025\/12\/8737442449202-1.jpg\",\"datePublished\":\"2025-12-01T12:17:24+00:00\",\"dateModified\":\"2026-04-24T07:20:41+00:00\",\"description\":\"\u00c7ajniku Silver Medium, vjen me nj\u00eb dizajn tejet modern dhe praktik n\u00eb p\u00ebrdorim. P\u00ebrgatitja e \u00e7ajit, me an\u00eb t\u00eb k\u00ebtij \u00e7ajniku \u00ebsht\u00eb m\u00eb e leht\u00eb dhe e shpejt\u00eb.\",\"breadcrumb\":{\"@id\":\"https:\/\/www.comoditahome.com\/ks\/produkt\/cajnik-alya-silver-2-pjesesh\/#breadcrumb\"},\"inLanguage\":\"sq\",\"potentialAction\":[{\"@type\":\"ReadAction\",\"target\":[\"https:\/\/www.comoditahome.com\/ks\/produkt\/cajnik-alya-silver-2-pjesesh\/\"]}]},{\"@type\":\"ImageObject\",\"inLanguage\":\"sq\",\"@id\":\"https:\/\/www.comoditahome.com\/ks\/produkt\/cajnik-alya-silver-2-pjesesh\/#primaryimage\",\"url\":\"https:\/\/www.comoditahome.com\/ks\/wp-content\/uploads\/2025\/12\/8737442449202-1.jpg\",\"contentUrl\":\"https:\/\/www.comoditahome.com\/ks\/wp-content\/uploads\/2025\/12\/8737442449202-1.jpg\",\"width\":1200,\"height\":1300},{\"@type\":\"BreadcrumbList\",\"@id\":\"https:\/\/www.comoditahome.com\/ks\/produkt\/cajnik-alya-silver-2-pjesesh\/#breadcrumb\",\"itemListElement\":[{\"@type\":\"ListItem\",\"position\":1,\"name\":\"Comodita Home Kosova - Dyshek Mattress\",\"item\":\"https:\/\/www.comoditahome.com\/ks\/\"},{\"@type\":\"ListItem\",\"position\":2,\"name\":\"Shop\",\"item\":\"https:\/\/www.comoditahome.com\/ks\/shop\/\"},{\"@type\":\"ListItem\",\"position\":3,\"name\":\"\u00c7ajnik Alya Silver 2 Pjes\u00ebsh\"}]},{\"@type\":\"WebSite\",\"@id\":\"https:\/\/www.comoditahome.com\/ks\/#website\",\"url\":\"https:\/\/www.comoditahome.com\/ks\/\",\"name\":\"Comodita Home\",\"description\":\"Dyshek, Jorgan, Jast\u00ebk, Kuzhine, Banjo, Kopsht dhe Aksesor\u00eb\",\"publisher\":{\"@id\":\"https:\/\/www.comoditahome.com\/ks\/#organization\"},\"potentialAction\":[{\"@type\":\"SearchAction\",\"target\":{\"@type\":\"EntryPoint\",\"urlTemplate\":\"https:\/\/www.comoditahome.com\/ks\/?s={search_term_string}\"},\"query-input\":\"required name=search_term_string\"}],\"inLanguage\":\"sq\"},{\"@type\":\"Organization\",\"@id\":\"https:\/\/www.comoditahome.com\/ks\/#organization\",\"name\":\"Comodita Home\",\"url\":\"https:\/\/www.comoditahome.com\/ks\/\",\"logo\":{\"@type\":\"ImageObject\",\"inLanguage\":\"sq\",\"@id\":\"https:\/\/www.comoditahome.com\/ks\/#\/schema\/logo\/image\/\",\"url\":\"https:\/\/www.comoditahome.com\/ks\/wp-content\/uploads\/2022\/05\/COMODITA_HOME_LOGO_KS_MK_AL-02.png\",\"contentUrl\":\"https:\/\/www.comoditahome.com\/ks\/wp-content\/uploads\/2022\/05\/COMODITA_HOME_LOGO_KS_MK_AL-02.png\",\"width\":180,\"height\":87,\"caption\":\"Comodita Home\"},\"image\":{\"@id\":\"https:\/\/www.comoditahome.com\/ks\/#\/schema\/logo\/image\/\"},\"sameAs\":[\"https:\/\/www.facebook.com\/comoditahome\/\",\"https:\/\/www.instagram.com\/comoditahome\/\",\"https:\/\/www.linkedin.com\/company\/comoditahome\/?originalSubdomain=fj\",\"https:\/\/www.youtube.com\/channel\/UC5O6IsT4JD4zaiOqmRi_Pvg\"]}]}<\/script>\n<!-- \/ Yoast SEO Premium plugin. -->","yoast_head_json":{"title":"\u00c7ajnik Alya Silver 2 Pjes\u00ebsh - Comodita Home","description":"\u00c7ajniku Silver Medium, vjen me nj\u00eb dizajn tejet modern dhe praktik n\u00eb p\u00ebrdorim. P\u00ebrgatitja e \u00e7ajit, me an\u00eb t\u00eb k\u00ebtij \u00e7ajniku \u00ebsht\u00eb m\u00eb e leht\u00eb dhe e shpejt\u00eb.","robots":{"index":"index","follow":"follow","max-snippet":"max-snippet:-1","max-image-preview":"max-image-preview:large","max-video-preview":"max-video-preview:-1"},"canonical":"https:\/\/www.comoditahome.com\/ks\/produkt\/cajnik-alya-silver-2-pjesesh\/","og_locale":"sq_AL","og_type":"article","og_title":"\u00c7ajnik Alya Silver 2 Pjes\u00ebsh","og_description":"\u00c7ajniku Silver Medium, vjen me nj\u00eb dizajn tejet modern dhe praktik n\u00eb p\u00ebrdorim. P\u00ebrgatitja e \u00e7ajit, me an\u00eb t\u00eb k\u00ebtij \u00e7ajniku \u00ebsht\u00eb m\u00eb e leht\u00eb dhe e shpejt\u00eb.","og_url":"https:\/\/www.comoditahome.com\/ks\/produkt\/cajnik-alya-silver-2-pjesesh\/","og_site_name":"Comodita Home","article_publisher":"https:\/\/www.facebook.com\/comoditahome\/","article_modified_time":"2026-04-24T07:20:41+00:00","og_image":[{"width":1200,"height":1300,"url":"https:\/\/www.comoditahome.com\/ks\/wp-content\/uploads\/2025\/12\/8737442449202-1.jpg","type":"image\/jpeg"}],"twitter_card":"summary_large_image","twitter_misc":{"Est. reading time":"1 minut\u00eb"},"schema":{"@context":"https:\/\/schema.org","@graph":[{"@type":"WebPage","@id":"https:\/\/www.comoditahome.com\/ks\/produkt\/cajnik-alya-silver-2-pjesesh\/","url":"https:\/\/www.comoditahome.com\/ks\/produkt\/cajnik-alya-silver-2-pjesesh\/","name":"\u00c7ajnik Alya Silver 2 Pjes\u00ebsh - Comodita Home","isPartOf":{"@id":"https:\/\/www.comoditahome.com\/ks\/#website"},"primaryImageOfPage":{"@id":"https:\/\/www.comoditahome.com\/ks\/produkt\/cajnik-alya-silver-2-pjesesh\/#primaryimage"},"image":{"@id":"https:\/\/www.comoditahome.com\/ks\/produkt\/cajnik-alya-silver-2-pjesesh\/#primaryimage"},"thumbnailUrl":"https:\/\/www.comoditahome.com\/ks\/wp-content\/uploads\/2025\/12\/8737442449202-1.jpg","datePublished":"2025-12-01T12:17:24+00:00","dateModified":"2026-04-24T07:20:41+00:00","description":"\u00c7ajniku Silver Medium, vjen me nj\u00eb dizajn tejet modern dhe praktik n\u00eb p\u00ebrdorim. P\u00ebrgatitja e \u00e7ajit, me an\u00eb t\u00eb k\u00ebtij \u00e7ajniku \u00ebsht\u00eb m\u00eb e leht\u00eb dhe e shpejt\u00eb.","breadcrumb":{"@id":"https:\/\/www.comoditahome.com\/ks\/produkt\/cajnik-alya-silver-2-pjesesh\/#breadcrumb"},"inLanguage":"sq","potentialAction":[{"@type":"ReadAction","target":["https:\/\/www.comoditahome.com\/ks\/produkt\/cajnik-alya-silver-2-pjesesh\/"]}]},{"@type":"ImageObject","inLanguage":"sq","@id":"https:\/\/www.comoditahome.com\/ks\/produkt\/cajnik-alya-silver-2-pjesesh\/#primaryimage","url":"https:\/\/www.comoditahome.com\/ks\/wp-content\/uploads\/2025\/12\/8737442449202-1.jpg","contentUrl":"https:\/\/www.comoditahome.com\/ks\/wp-content\/uploads\/2025\/12\/8737442449202-1.jpg","width":1200,"height":1300},{"@type":"BreadcrumbList","@id":"https:\/\/www.comoditahome.com\/ks\/produkt\/cajnik-alya-silver-2-pjesesh\/#breadcrumb","itemListElement":[{"@type":"ListItem","position":1,"name":"Comodita Home Kosova - Dyshek Mattress","item":"https:\/\/www.comoditahome.com\/ks\/"},{"@type":"ListItem","position":2,"name":"Shop","item":"https:\/\/www.comoditahome.com\/ks\/shop\/"},{"@type":"ListItem","position":3,"name":"\u00c7ajnik Alya Silver 2 Pjes\u00ebsh"}]},{"@type":"WebSite","@id":"https:\/\/www.comoditahome.com\/ks\/#website","url":"https:\/\/www.comoditahome.com\/ks\/","name":"Comodita Home","description":"Dyshek, Jorgan, Jast\u00ebk, Kuzhine, Banjo, Kopsht dhe Aksesor\u00eb","publisher":{"@id":"https:\/\/www.comoditahome.com\/ks\/#organization"},"potentialAction":[{"@type":"SearchAction","target":{"@type":"EntryPoint","urlTemplate":"https:\/\/www.comoditahome.com\/ks\/?s={search_term_string}"},"query-input":"required name=search_term_string"}],"inLanguage":"sq"},{"@type":"Organization","@id":"https:\/\/www.comoditahome.com\/ks\/#organization","name":"Comodita Home","url":"https:\/\/www.comoditahome.com\/ks\/","logo":{"@type":"ImageObject","inLanguage":"sq","@id":"https:\/\/www.comoditahome.com\/ks\/#\/schema\/logo\/image\/","url":"https:\/\/www.comoditahome.com\/ks\/wp-content\/uploads\/2022\/05\/COMODITA_HOME_LOGO_KS_MK_AL-02.png","contentUrl":"https:\/\/www.comoditahome.com\/ks\/wp-content\/uploads\/2022\/05\/COMODITA_HOME_LOGO_KS_MK_AL-02.png","width":180,"height":87,"caption":"Comodita Home"},"image":{"@id":"https:\/\/www.comoditahome.com\/ks\/#\/schema\/logo\/image\/"},"sameAs":["https:\/\/www.facebook.com\/comoditahome\/","https:\/\/www.instagram.com\/comoditahome\/","https:\/\/www.linkedin.com\/company\/comoditahome\/?originalSubdomain=fj","https:\/\/www.youtube.com\/channel\/UC5O6IsT4JD4zaiOqmRi_Pvg"]}]}},"_links":{"self":[{"href":"https:\/\/www.comoditahome.com\/ks\/wp-json\/wp\/v2\/product\/112418","targetHints":{"allow":["GET"]}}],"collection":[{"href":"https:\/\/www.comoditahome.com\/ks\/wp-json\/wp\/v2\/product"}],"about":[{"href":"https:\/\/www.comoditahome.com\/ks\/wp-json\/wp\/v2\/types\/product"}],"version-history":[{"count":1,"href":"https:\/\/www.comoditahome.com\/ks\/wp-json\/wp\/v2\/product\/112418\/revisions"}],"predecessor-version":[{"id":112420,"href":"https:\/\/www.comoditahome.com\/ks\/wp-json\/wp\/v2\/product\/112418\/revisions\/112420"}],"wp:featuredmedia":[{"embeddable":true,"href":"https:\/\/www.comoditahome.com\/ks\/wp-json\/wp\/v2\/media\/112419"}],"wp:attachment":[{"href":"https:\/\/www.comoditahome.com\/ks\/wp-json\/wp\/v2\/media?parent=112418"}],"wp:term":[{"taxonomy":"product_brand","embeddable":true,"href":"https:\/\/www.comoditahome.com\/ks\/wp-json\/wp\/v2\/product_brand?post=112418"},{"taxonomy":"product_cat","embeddable":true,"href":"https:\/\/www.comoditahome.com\/ks\/wp-json\/wp\/v2\/product_cat?post=112418"},{"taxonomy":"product_tag","embeddable":true,"href":"https:\/\/www.comoditahome.com\/ks\/wp-json\/wp\/v2\/product_tag?post=112418"}],"curies":[{"name":"wp","href":"https:\/\/api.w.org\/{rel}","templated":true}]}}