 {"id":113815,"date":"2026-01-15T09:28:48","date_gmt":"2026-01-15T08:28:48","guid":{"rendered":"https:\/\/www.comoditahome.com\/ks\/?post_type=product&#038;p=113815"},"modified":"2026-05-13T08:37:16","modified_gmt":"2026-05-13T06:37:16","slug":"tave-black-classic","status":"publish","type":"product","link":"https:\/\/www.comoditahome.com\/ks\/produkt\/tave-black-classic\/","title":{"rendered":"Tav\u00eb e zez\u00eb klasike"},"content":{"rendered":"","protected":false},"excerpt":{"rendered":"<p style=\"text-align: left\"><span data-contrast=\"none\">Kjo\u00a0tav\u00eb\u00a0elegante\u00a0\u00ebsht\u00eb\u00a0e\u00a0dizajnuar\u00a0p\u00ebr\u00a0gatim\u00a0praktik\u00a0dhe\u00a0t\u00eb\u00a0shijsh\u00ebm. E\u00a0p\u00ebrshtatshme\u00a0p\u00ebr\u00a0p\u00ebrgatitjen\u00a0e\u00a0gjellrave, mishit,\u00a0perimeve\u00a0dhe\u00a0ushqimeve\u00a0n\u00eb\u00a0furr\u00eb.\u00a0Materiali\u00a0cil\u00ebsor\u00a0siguron\u00a0shp\u00ebrndarje\u00a0t\u00eb\u00a0nj\u00ebtrajtshme\u00a0t\u00eb\u00a0nxeht\u00ebsis\u00eb.\u00a0Dizajn\u00a0modern\u00a0dhe\u00a0rezistent\u00a0p\u00ebr\u00a0p\u00ebrdorim\u00a0t\u00eb\u00a0p\u00ebrditsh\u00ebm.<\/span><span data-ccp-props=\"{}\">\u00a0<\/span><\/p>\n<div class=\"x_elementToProof\"><b>Dimensioni\u00a0\/\u00a0Kompozicioni:<\/b>\u202f1x tav\u00eb<br \/>\n<b>NGJYRA:<\/b>\u202fE\u00a0Zez\u00eb<br \/>\n<b>MATERIALI:<\/b>\u202fAlumin<br \/>\n<b>Veshja\u00a0e\u00a0brendshme:<\/b>\u00a0Veshje\u00a0qeramike\u00a0KFCC (Gjenerata\u00a0e\u00a0fundit\u00a0e\u00a0Qeramik\u00ebs, KUALITET I LART\u00cb)<\/div>\n<div class=\"x_elementToProof\"><b>Veshja e jashtme:<\/b>\u00a0Silikon<br \/>\n<b>Doreza\u00a0dhe\u00a0kapaku:<\/b>\u00a0Ergonomike\u00a0me\u00a0prekje\u00a0t\u00eb\u00a0but\u00eb<\/div>\n<div class=\"x_elementToProof\"><b>Fundi:<\/b>\u00a0Fund induksioni me pika<br \/>\n<b>Trash\u00ebsia\u00a0e\u00a0trupit\u00a0dhe\u00a0e\u00a0fundit:<\/b>\u00a02.0 \/\u00a04.0 mm<br \/>\n(toleranc\u00eb\u00a0+\/- 0.3 mm)<br \/>\n<b>UDH\u00cbZIMET E P\u00cbRDORIMIT:<\/b>\u202fT\u00eb pastrohen me dor\u00eb. Seti perkrah induksionin.<br \/>\n<b>KUSHTET E KTHIMIT \/ GARANCION:<\/b>\u202fKy produkt\u00a0nuk\u00a0ka\u00a0garancion.<i><br \/>\n<\/i><span style=\"color: #ffffff\">3905710980994 tave tespi<\/span><\/div>\n","protected":false},"featured_media":113816,"template":"","meta":[],"product_brand":[],"product_cat":[128,125],"product_tag":[],"class_list":{"0":"post-113815","1":"product","2":"type-product","3":"status-publish","4":"has-post-thumbnail","6":"product_cat-ene-gatimi","7":"product_cat-kuzhine","9":"first","10":"outofstock","11":"sale","12":"shipping-taxable","13":"purchasable","14":"product-type-simple","15":"layout-style-1","16":"col-md-4 col-sm-4 col-xs-6","17":"col-lg-2","18":"product-style-default"},"yoast_head":"<!-- This site is optimized with the Yoast SEO Premium plugin v18.2.1 (Yoast SEO v22.5) - https:\/\/yoast.com\/wordpress\/plugins\/seo\/ -->\n<title>Tav\u00eb e zez\u00eb klasike - Comodita Home<\/title>\n<meta name=\"description\" content=\"Seti i tenxhereve Granitec Belly Shape vjen me 6 pjes\u00eb dhe p\u00ebrtej kualitetit t\u00eb lart\u00eb q\u00eb prezanton, \u00ebsht\u00eb tejet funksional, praktik dhe i leht\u00eb...\" \/>\n<meta name=\"robots\" content=\"index, follow, max-snippet:-1, max-image-preview:large, max-video-preview:-1\" \/>\n<link rel=\"canonical\" href=\"https:\/\/www.comoditahome.com\/ks\/produkt\/tave-black-classic\/\" \/>\n<meta property=\"og:locale\" content=\"sq_AL\" \/>\n<meta property=\"og:type\" content=\"article\" \/>\n<meta property=\"og:title\" content=\"Tav\u00eb e zez\u00eb klasike\" \/>\n<meta property=\"og:description\" content=\"Seti i tenxhereve Granitec Belly Shape vjen me 6 pjes\u00eb dhe p\u00ebrtej kualitetit t\u00eb lart\u00eb q\u00eb prezanton, \u00ebsht\u00eb tejet funksional, praktik dhe i leht\u00eb...\" \/>\n<meta property=\"og:url\" content=\"https:\/\/www.comoditahome.com\/ks\/produkt\/tave-black-classic\/\" \/>\n<meta property=\"og:site_name\" content=\"Comodita Home\" \/>\n<meta property=\"article:publisher\" content=\"https:\/\/www.facebook.com\/comoditahome\/\" \/>\n<meta property=\"article:modified_time\" content=\"2026-05-13T06:37:16+00:00\" \/>\n<meta property=\"og:image\" content=\"https:\/\/www.comoditahome.com\/ks\/wp-content\/uploads\/2026\/01\/3905710980994.jpg\" \/>\n\t<meta property=\"og:image:width\" content=\"1200\" \/>\n\t<meta property=\"og:image:height\" content=\"1300\" \/>\n\t<meta property=\"og:image:type\" content=\"image\/jpeg\" \/>\n<meta name=\"twitter:card\" content=\"summary_large_image\" \/>\n<meta name=\"twitter:label1\" content=\"Est. reading time\" \/>\n\t<meta name=\"twitter:data1\" content=\"1 minut\u00eb\" \/>\n<script type=\"application\/ld+json\" class=\"yoast-schema-graph\">{\"@context\":\"https:\/\/schema.org\",\"@graph\":[{\"@type\":\"WebPage\",\"@id\":\"https:\/\/www.comoditahome.com\/ks\/produkt\/tave-black-classic\/\",\"url\":\"https:\/\/www.comoditahome.com\/ks\/produkt\/tave-black-classic\/\",\"name\":\"Tav\u00eb e zez\u00eb klasike - Comodita Home\",\"isPartOf\":{\"@id\":\"https:\/\/www.comoditahome.com\/ks\/#website\"},\"primaryImageOfPage\":{\"@id\":\"https:\/\/www.comoditahome.com\/ks\/produkt\/tave-black-classic\/#primaryimage\"},\"image\":{\"@id\":\"https:\/\/www.comoditahome.com\/ks\/produkt\/tave-black-classic\/#primaryimage\"},\"thumbnailUrl\":\"https:\/\/www.comoditahome.com\/ks\/wp-content\/uploads\/2026\/01\/3905710980994.jpg\",\"datePublished\":\"2026-01-15T08:28:48+00:00\",\"dateModified\":\"2026-05-13T06:37:16+00:00\",\"description\":\"Seti i tenxhereve Granitec Belly Shape vjen me 6 pjes\u00eb dhe p\u00ebrtej kualitetit t\u00eb lart\u00eb q\u00eb prezanton, \u00ebsht\u00eb tejet funksional, praktik dhe i leht\u00eb...\",\"breadcrumb\":{\"@id\":\"https:\/\/www.comoditahome.com\/ks\/produkt\/tave-black-classic\/#breadcrumb\"},\"inLanguage\":\"sq\",\"potentialAction\":[{\"@type\":\"ReadAction\",\"target\":[\"https:\/\/www.comoditahome.com\/ks\/produkt\/tave-black-classic\/\"]}]},{\"@type\":\"ImageObject\",\"inLanguage\":\"sq\",\"@id\":\"https:\/\/www.comoditahome.com\/ks\/produkt\/tave-black-classic\/#primaryimage\",\"url\":\"https:\/\/www.comoditahome.com\/ks\/wp-content\/uploads\/2026\/01\/3905710980994.jpg\",\"contentUrl\":\"https:\/\/www.comoditahome.com\/ks\/wp-content\/uploads\/2026\/01\/3905710980994.jpg\",\"width\":1200,\"height\":1300},{\"@type\":\"BreadcrumbList\",\"@id\":\"https:\/\/www.comoditahome.com\/ks\/produkt\/tave-black-classic\/#breadcrumb\",\"itemListElement\":[{\"@type\":\"ListItem\",\"position\":1,\"name\":\"Comodita Home Kosova - Dyshek Mattress\",\"item\":\"https:\/\/www.comoditahome.com\/ks\/\"},{\"@type\":\"ListItem\",\"position\":2,\"name\":\"Shop\",\"item\":\"https:\/\/www.comoditahome.com\/ks\/shop\/\"},{\"@type\":\"ListItem\",\"position\":3,\"name\":\"Tav\u00eb e zez\u00eb klasike\"}]},{\"@type\":\"WebSite\",\"@id\":\"https:\/\/www.comoditahome.com\/ks\/#website\",\"url\":\"https:\/\/www.comoditahome.com\/ks\/\",\"name\":\"Comodita Home\",\"description\":\"Dyshek, Jorgan, Jast\u00ebk, Kuzhine, Banjo, Kopsht dhe Aksesor\u00eb\",\"publisher\":{\"@id\":\"https:\/\/www.comoditahome.com\/ks\/#organization\"},\"potentialAction\":[{\"@type\":\"SearchAction\",\"target\":{\"@type\":\"EntryPoint\",\"urlTemplate\":\"https:\/\/www.comoditahome.com\/ks\/?s={search_term_string}\"},\"query-input\":\"required name=search_term_string\"}],\"inLanguage\":\"sq\"},{\"@type\":\"Organization\",\"@id\":\"https:\/\/www.comoditahome.com\/ks\/#organization\",\"name\":\"Comodita Home\",\"url\":\"https:\/\/www.comoditahome.com\/ks\/\",\"logo\":{\"@type\":\"ImageObject\",\"inLanguage\":\"sq\",\"@id\":\"https:\/\/www.comoditahome.com\/ks\/#\/schema\/logo\/image\/\",\"url\":\"https:\/\/www.comoditahome.com\/ks\/wp-content\/uploads\/2022\/05\/COMODITA_HOME_LOGO_KS_MK_AL-02.png\",\"contentUrl\":\"https:\/\/www.comoditahome.com\/ks\/wp-content\/uploads\/2022\/05\/COMODITA_HOME_LOGO_KS_MK_AL-02.png\",\"width\":180,\"height\":87,\"caption\":\"Comodita Home\"},\"image\":{\"@id\":\"https:\/\/www.comoditahome.com\/ks\/#\/schema\/logo\/image\/\"},\"sameAs\":[\"https:\/\/www.facebook.com\/comoditahome\/\",\"https:\/\/www.instagram.com\/comoditahome\/\",\"https:\/\/www.linkedin.com\/company\/comoditahome\/?originalSubdomain=fj\",\"https:\/\/www.youtube.com\/channel\/UC5O6IsT4JD4zaiOqmRi_Pvg\"]}]}<\/script>\n<!-- \/ Yoast SEO Premium plugin. -->","yoast_head_json":{"title":"Tav\u00eb e zez\u00eb klasike - Comodita Home","description":"Seti i tenxhereve Granitec Belly Shape vjen me 6 pjes\u00eb dhe p\u00ebrtej kualitetit t\u00eb lart\u00eb q\u00eb prezanton, \u00ebsht\u00eb tejet funksional, praktik dhe i leht\u00eb...","robots":{"index":"index","follow":"follow","max-snippet":"max-snippet:-1","max-image-preview":"max-image-preview:large","max-video-preview":"max-video-preview:-1"},"canonical":"https:\/\/www.comoditahome.com\/ks\/produkt\/tave-black-classic\/","og_locale":"sq_AL","og_type":"article","og_title":"Tav\u00eb e zez\u00eb klasike","og_description":"Seti i tenxhereve Granitec Belly Shape vjen me 6 pjes\u00eb dhe p\u00ebrtej kualitetit t\u00eb lart\u00eb q\u00eb prezanton, \u00ebsht\u00eb tejet funksional, praktik dhe i leht\u00eb...","og_url":"https:\/\/www.comoditahome.com\/ks\/produkt\/tave-black-classic\/","og_site_name":"Comodita Home","article_publisher":"https:\/\/www.facebook.com\/comoditahome\/","article_modified_time":"2026-05-13T06:37:16+00:00","og_image":[{"width":1200,"height":1300,"url":"https:\/\/www.comoditahome.com\/ks\/wp-content\/uploads\/2026\/01\/3905710980994.jpg","type":"image\/jpeg"}],"twitter_card":"summary_large_image","twitter_misc":{"Est. reading time":"1 minut\u00eb"},"schema":{"@context":"https:\/\/schema.org","@graph":[{"@type":"WebPage","@id":"https:\/\/www.comoditahome.com\/ks\/produkt\/tave-black-classic\/","url":"https:\/\/www.comoditahome.com\/ks\/produkt\/tave-black-classic\/","name":"Tav\u00eb e zez\u00eb klasike - Comodita Home","isPartOf":{"@id":"https:\/\/www.comoditahome.com\/ks\/#website"},"primaryImageOfPage":{"@id":"https:\/\/www.comoditahome.com\/ks\/produkt\/tave-black-classic\/#primaryimage"},"image":{"@id":"https:\/\/www.comoditahome.com\/ks\/produkt\/tave-black-classic\/#primaryimage"},"thumbnailUrl":"https:\/\/www.comoditahome.com\/ks\/wp-content\/uploads\/2026\/01\/3905710980994.jpg","datePublished":"2026-01-15T08:28:48+00:00","dateModified":"2026-05-13T06:37:16+00:00","description":"Seti i tenxhereve Granitec Belly Shape vjen me 6 pjes\u00eb dhe p\u00ebrtej kualitetit t\u00eb lart\u00eb q\u00eb prezanton, \u00ebsht\u00eb tejet funksional, praktik dhe i leht\u00eb...","breadcrumb":{"@id":"https:\/\/www.comoditahome.com\/ks\/produkt\/tave-black-classic\/#breadcrumb"},"inLanguage":"sq","potentialAction":[{"@type":"ReadAction","target":["https:\/\/www.comoditahome.com\/ks\/produkt\/tave-black-classic\/"]}]},{"@type":"ImageObject","inLanguage":"sq","@id":"https:\/\/www.comoditahome.com\/ks\/produkt\/tave-black-classic\/#primaryimage","url":"https:\/\/www.comoditahome.com\/ks\/wp-content\/uploads\/2026\/01\/3905710980994.jpg","contentUrl":"https:\/\/www.comoditahome.com\/ks\/wp-content\/uploads\/2026\/01\/3905710980994.jpg","width":1200,"height":1300},{"@type":"BreadcrumbList","@id":"https:\/\/www.comoditahome.com\/ks\/produkt\/tave-black-classic\/#breadcrumb","itemListElement":[{"@type":"ListItem","position":1,"name":"Comodita Home Kosova - Dyshek Mattress","item":"https:\/\/www.comoditahome.com\/ks\/"},{"@type":"ListItem","position":2,"name":"Shop","item":"https:\/\/www.comoditahome.com\/ks\/shop\/"},{"@type":"ListItem","position":3,"name":"Tav\u00eb e zez\u00eb klasike"}]},{"@type":"WebSite","@id":"https:\/\/www.comoditahome.com\/ks\/#website","url":"https:\/\/www.comoditahome.com\/ks\/","name":"Comodita Home","description":"Dyshek, Jorgan, Jast\u00ebk, Kuzhine, Banjo, Kopsht dhe Aksesor\u00eb","publisher":{"@id":"https:\/\/www.comoditahome.com\/ks\/#organization"},"potentialAction":[{"@type":"SearchAction","target":{"@type":"EntryPoint","urlTemplate":"https:\/\/www.comoditahome.com\/ks\/?s={search_term_string}"},"query-input":"required name=search_term_string"}],"inLanguage":"sq"},{"@type":"Organization","@id":"https:\/\/www.comoditahome.com\/ks\/#organization","name":"Comodita Home","url":"https:\/\/www.comoditahome.com\/ks\/","logo":{"@type":"ImageObject","inLanguage":"sq","@id":"https:\/\/www.comoditahome.com\/ks\/#\/schema\/logo\/image\/","url":"https:\/\/www.comoditahome.com\/ks\/wp-content\/uploads\/2022\/05\/COMODITA_HOME_LOGO_KS_MK_AL-02.png","contentUrl":"https:\/\/www.comoditahome.com\/ks\/wp-content\/uploads\/2022\/05\/COMODITA_HOME_LOGO_KS_MK_AL-02.png","width":180,"height":87,"caption":"Comodita Home"},"image":{"@id":"https:\/\/www.comoditahome.com\/ks\/#\/schema\/logo\/image\/"},"sameAs":["https:\/\/www.facebook.com\/comoditahome\/","https:\/\/www.instagram.com\/comoditahome\/","https:\/\/www.linkedin.com\/company\/comoditahome\/?originalSubdomain=fj","https:\/\/www.youtube.com\/channel\/UC5O6IsT4JD4zaiOqmRi_Pvg"]}]}},"_links":{"self":[{"href":"https:\/\/www.comoditahome.com\/ks\/wp-json\/wp\/v2\/product\/113815","targetHints":{"allow":["GET"]}}],"collection":[{"href":"https:\/\/www.comoditahome.com\/ks\/wp-json\/wp\/v2\/product"}],"about":[{"href":"https:\/\/www.comoditahome.com\/ks\/wp-json\/wp\/v2\/types\/product"}],"version-history":[{"count":6,"href":"https:\/\/www.comoditahome.com\/ks\/wp-json\/wp\/v2\/product\/113815\/revisions"}],"predecessor-version":[{"id":115732,"href":"https:\/\/www.comoditahome.com\/ks\/wp-json\/wp\/v2\/product\/113815\/revisions\/115732"}],"wp:featuredmedia":[{"embeddable":true,"href":"https:\/\/www.comoditahome.com\/ks\/wp-json\/wp\/v2\/media\/113816"}],"wp:attachment":[{"href":"https:\/\/www.comoditahome.com\/ks\/wp-json\/wp\/v2\/media?parent=113815"}],"wp:term":[{"taxonomy":"product_brand","embeddable":true,"href":"https:\/\/www.comoditahome.com\/ks\/wp-json\/wp\/v2\/product_brand?post=113815"},{"taxonomy":"product_cat","embeddable":true,"href":"https:\/\/www.comoditahome.com\/ks\/wp-json\/wp\/v2\/product_cat?post=113815"},{"taxonomy":"product_tag","embeddable":true,"href":"https:\/\/www.comoditahome.com\/ks\/wp-json\/wp\/v2\/product_tag?post=113815"}],"curies":[{"name":"wp","href":"https:\/\/api.w.org\/{rel}","templated":true}]}}