 {"id":113834,"date":"2026-01-15T12:32:59","date_gmt":"2026-01-15T11:32:59","guid":{"rendered":"https:\/\/www.comoditahome.com\/ks\/?post_type=product&#038;p=113834"},"modified":"2026-05-13T08:37:16","modified_gmt":"2026-05-13T06:37:16","slug":"tigan-per-krepa-linea-natura","status":"publish","type":"product","link":"https:\/\/www.comoditahome.com\/ks\/produkt\/tigan-per-krepa-linea-natura\/","title":{"rendered":"Tigan p\u00ebr krepa Linea Natura"},"content":{"rendered":"","protected":false},"excerpt":{"rendered":"<p style=\"text-align: left;\"><span data-contrast=\"auto\">Tigani Linea Natura\u00a0praktik\u00a0\u00ebsht\u00eb\u00a0ideal\u00a0p\u00ebr\u00a0gatim\u00a0t\u00eb\u00a0shpejt\u00eb\u00a0dhe\u00a0t\u00eb\u00a0sh\u00ebndetsh\u00ebm.\u00a0Sip\u00ebrfaqja\u00a0jo-ngjit\u00ebse\u00a0lejon\u00a0p\u00ebrdorimin\u00a0minimal\u00a0t\u00eb\u00a0vajit\u00a0dhe\u00a0pastrim\u00a0t\u00eb\u00a0leht\u00eb.\u00a0Doreza\u00a0ergonomike\u00a0ofron\u00a0kapje\u00a0t\u00eb\u00a0sigurt\u00a0dhe\u00a0komoditet\u00a0gjat\u00eb\u00a0gatimit.<\/span><span data-ccp-props=\"{}\">\u00a0<\/span><\/p>\n<p style=\"text-align: left;\"><b><span data-contrast=\"auto\">Dimensioni\u00a0\/\u00a0Kompozicioni:<\/span><\/b><span data-contrast=\"auto\">\u202f1x\u00a0tigan\u00a024cm<\/span><span data-ccp-props=\"{}\">\u00a0<\/span><\/p>\n<p style=\"text-align: left;\"><b><span data-contrast=\"auto\">NGJYRA:<\/span><\/b><span data-contrast=\"auto\">\u202fHiri<\/span><br \/>\n<b><span data-contrast=\"auto\">MATERIALI:<\/span><\/b><span data-contrast=\"auto\">\u202f<\/span><span data-contrast=\"none\">Alumin<\/span><br \/>\n<b><span data-contrast=\"none\">Veshja\u00a0e\u00a0brendshme:<\/span><\/b><span data-contrast=\"none\">\u00a0Veshje\u00a0qeramike\u00a0KFCC (Gjenerata\u00a0e\u00a0fundit\u00a0e\u00a0Qeramik\u00ebs, KUALITET I LART\u00cb)<\/span><br \/>\n<b><span data-contrast=\"none\">Veshja\u00a0e\u00a0jashtme:<\/span><\/b><span data-contrast=\"none\">\u00a0Silikon<\/span><br \/>\n<b><span data-contrast=\"none\">Fundi:<\/span><\/b><span data-contrast=\"none\">\u00a0Fund\u00a0induksioni\u00a0me pika<\/span><br \/>\n<b><span data-contrast=\"none\">Doreza\u00a0dhe\u00a0kapaku:<\/span><\/b><span data-contrast=\"none\">\u00a0Ergonomike\u00a0me\u00a0prekje\u00a0t\u00eb\u00a0but\u00eb\u00a0<\/span><br \/>\n<b><span data-contrast=\"none\">Trash\u00ebsia\u00a0e\u00a0fundit:<\/span><\/b><span data-contrast=\"none\">\u00a02.3\u00a0mm<\/span><br \/>\n<span data-contrast=\"none\">(toleranc\u00eb\u00a0+\/- 0.3 mm)<\/span><br \/>\n<b><span data-contrast=\"auto\">UDH\u00cbZIMET E P\u00cbRDORIMIT:<\/span><\/b><span data-contrast=\"auto\">\u202fT\u00eb\u00a0pastrohen\u00a0me\u00a0dor\u00eb. Seti\u00a0i\u00a0en\u00ebve\u00a0p\u00ebrkrah\u00a0induksionin.\u00a0<\/span><br \/>\n<b><span data-contrast=\"auto\">KUSHTET E KTHIMIT \/ GARANCION:<\/span><\/b><span data-contrast=\"auto\">\u202fKy product\u00a0nuk\u00a0ka\u00a0garancion.<\/span><span data-ccp-props=\"{}\">\u00a0<\/span><\/p>\n<p style=\"text-align: left;\"><span style=\"color: #ffffff;\"><span class=\"TextRun SCXW169766828 BCX0\" lang=\"EN-US\" xml:lang=\"EN-US\" data-contrast=\"auto\"><span class=\"NormalTextRun SCXW169766828 BCX0\">3905710980963<\/span><\/span><span class=\"EOP SCXW169766828 BCX0\" data-ccp-props=\"{}\"> \u00a0<\/span>tigan fertere per pallaqinka krepa<\/span><\/p>\n","protected":false},"featured_media":113835,"template":"","meta":[],"product_brand":[],"product_cat":[128,125],"product_tag":[],"class_list":{"0":"post-113834","1":"product","2":"type-product","3":"status-publish","4":"has-post-thumbnail","6":"product_cat-ene-gatimi","7":"product_cat-kuzhine","9":"first","10":"outofstock","11":"sale","12":"shipping-taxable","13":"purchasable","14":"product-type-simple","15":"layout-style-1","16":"col-md-4 col-sm-4 col-xs-6","17":"col-lg-2","18":"product-style-default"},"yoast_head":"<!-- This site is optimized with the Yoast SEO Premium plugin v18.2.1 (Yoast SEO v22.5) - https:\/\/yoast.com\/wordpress\/plugins\/seo\/ -->\n<title>Tigan p\u00ebr krepa Linea Natura - Comodita Home<\/title>\n<meta name=\"description\" content=\"Seti i tenxhereve Granitec Belly Shape vjen me 6 pjes\u00eb dhe p\u00ebrtej kualitetit t\u00eb lart\u00eb q\u00eb prezanton, \u00ebsht\u00eb tejet funksional, praktik dhe i leht\u00eb...\" \/>\n<meta name=\"robots\" content=\"index, follow, max-snippet:-1, max-image-preview:large, max-video-preview:-1\" \/>\n<link rel=\"canonical\" href=\"https:\/\/www.comoditahome.com\/ks\/produkt\/tigan-per-krepa-linea-natura\/\" \/>\n<meta property=\"og:locale\" content=\"sq_AL\" \/>\n<meta property=\"og:type\" content=\"article\" \/>\n<meta property=\"og:title\" content=\"Tigan p\u00ebr krepa Linea Natura\" \/>\n<meta property=\"og:description\" content=\"Seti i tenxhereve Granitec Belly Shape vjen me 6 pjes\u00eb dhe p\u00ebrtej kualitetit t\u00eb lart\u00eb q\u00eb prezanton, \u00ebsht\u00eb tejet funksional, praktik dhe i leht\u00eb...\" \/>\n<meta property=\"og:url\" content=\"https:\/\/www.comoditahome.com\/ks\/produkt\/tigan-per-krepa-linea-natura\/\" \/>\n<meta property=\"og:site_name\" content=\"Comodita Home\" \/>\n<meta property=\"article:publisher\" content=\"https:\/\/www.facebook.com\/comoditahome\/\" \/>\n<meta property=\"article:modified_time\" content=\"2026-05-13T06:37:16+00:00\" \/>\n<meta property=\"og:image\" content=\"https:\/\/www.comoditahome.com\/ks\/wp-content\/uploads\/2026\/01\/3905710980963-WEB.jpg\" \/>\n\t<meta property=\"og:image:width\" content=\"1200\" \/>\n\t<meta property=\"og:image:height\" content=\"1300\" \/>\n\t<meta property=\"og:image:type\" content=\"image\/jpeg\" \/>\n<meta name=\"twitter:card\" content=\"summary_large_image\" \/>\n<meta name=\"twitter:label1\" content=\"Est. reading time\" \/>\n\t<meta name=\"twitter:data1\" content=\"1 minut\u00eb\" \/>\n<script type=\"application\/ld+json\" class=\"yoast-schema-graph\">{\"@context\":\"https:\/\/schema.org\",\"@graph\":[{\"@type\":\"WebPage\",\"@id\":\"https:\/\/www.comoditahome.com\/ks\/produkt\/tigan-per-krepa-linea-natura\/\",\"url\":\"https:\/\/www.comoditahome.com\/ks\/produkt\/tigan-per-krepa-linea-natura\/\",\"name\":\"Tigan p\u00ebr krepa Linea Natura - Comodita Home\",\"isPartOf\":{\"@id\":\"https:\/\/www.comoditahome.com\/ks\/#website\"},\"primaryImageOfPage\":{\"@id\":\"https:\/\/www.comoditahome.com\/ks\/produkt\/tigan-per-krepa-linea-natura\/#primaryimage\"},\"image\":{\"@id\":\"https:\/\/www.comoditahome.com\/ks\/produkt\/tigan-per-krepa-linea-natura\/#primaryimage\"},\"thumbnailUrl\":\"https:\/\/www.comoditahome.com\/ks\/wp-content\/uploads\/2026\/01\/3905710980963-WEB.jpg\",\"datePublished\":\"2026-01-15T11:32:59+00:00\",\"dateModified\":\"2026-05-13T06:37:16+00:00\",\"description\":\"Seti i tenxhereve Granitec Belly Shape vjen me 6 pjes\u00eb dhe p\u00ebrtej kualitetit t\u00eb lart\u00eb q\u00eb prezanton, \u00ebsht\u00eb tejet funksional, praktik dhe i leht\u00eb...\",\"breadcrumb\":{\"@id\":\"https:\/\/www.comoditahome.com\/ks\/produkt\/tigan-per-krepa-linea-natura\/#breadcrumb\"},\"inLanguage\":\"sq\",\"potentialAction\":[{\"@type\":\"ReadAction\",\"target\":[\"https:\/\/www.comoditahome.com\/ks\/produkt\/tigan-per-krepa-linea-natura\/\"]}]},{\"@type\":\"ImageObject\",\"inLanguage\":\"sq\",\"@id\":\"https:\/\/www.comoditahome.com\/ks\/produkt\/tigan-per-krepa-linea-natura\/#primaryimage\",\"url\":\"https:\/\/www.comoditahome.com\/ks\/wp-content\/uploads\/2026\/01\/3905710980963-WEB.jpg\",\"contentUrl\":\"https:\/\/www.comoditahome.com\/ks\/wp-content\/uploads\/2026\/01\/3905710980963-WEB.jpg\",\"width\":1200,\"height\":1300},{\"@type\":\"BreadcrumbList\",\"@id\":\"https:\/\/www.comoditahome.com\/ks\/produkt\/tigan-per-krepa-linea-natura\/#breadcrumb\",\"itemListElement\":[{\"@type\":\"ListItem\",\"position\":1,\"name\":\"Comodita Home Kosova - Dyshek Mattress\",\"item\":\"https:\/\/www.comoditahome.com\/ks\/\"},{\"@type\":\"ListItem\",\"position\":2,\"name\":\"Shop\",\"item\":\"https:\/\/www.comoditahome.com\/ks\/shop\/\"},{\"@type\":\"ListItem\",\"position\":3,\"name\":\"Tigan p\u00ebr krepa Linea Natura\"}]},{\"@type\":\"WebSite\",\"@id\":\"https:\/\/www.comoditahome.com\/ks\/#website\",\"url\":\"https:\/\/www.comoditahome.com\/ks\/\",\"name\":\"Comodita Home\",\"description\":\"Dyshek, Jorgan, Jast\u00ebk, Kuzhine, Banjo, Kopsht dhe Aksesor\u00eb\",\"publisher\":{\"@id\":\"https:\/\/www.comoditahome.com\/ks\/#organization\"},\"potentialAction\":[{\"@type\":\"SearchAction\",\"target\":{\"@type\":\"EntryPoint\",\"urlTemplate\":\"https:\/\/www.comoditahome.com\/ks\/?s={search_term_string}\"},\"query-input\":\"required name=search_term_string\"}],\"inLanguage\":\"sq\"},{\"@type\":\"Organization\",\"@id\":\"https:\/\/www.comoditahome.com\/ks\/#organization\",\"name\":\"Comodita Home\",\"url\":\"https:\/\/www.comoditahome.com\/ks\/\",\"logo\":{\"@type\":\"ImageObject\",\"inLanguage\":\"sq\",\"@id\":\"https:\/\/www.comoditahome.com\/ks\/#\/schema\/logo\/image\/\",\"url\":\"https:\/\/www.comoditahome.com\/ks\/wp-content\/uploads\/2022\/05\/COMODITA_HOME_LOGO_KS_MK_AL-02.png\",\"contentUrl\":\"https:\/\/www.comoditahome.com\/ks\/wp-content\/uploads\/2022\/05\/COMODITA_HOME_LOGO_KS_MK_AL-02.png\",\"width\":180,\"height\":87,\"caption\":\"Comodita Home\"},\"image\":{\"@id\":\"https:\/\/www.comoditahome.com\/ks\/#\/schema\/logo\/image\/\"},\"sameAs\":[\"https:\/\/www.facebook.com\/comoditahome\/\",\"https:\/\/www.instagram.com\/comoditahome\/\",\"https:\/\/www.linkedin.com\/company\/comoditahome\/?originalSubdomain=fj\",\"https:\/\/www.youtube.com\/channel\/UC5O6IsT4JD4zaiOqmRi_Pvg\"]}]}<\/script>\n<!-- \/ Yoast SEO Premium plugin. -->","yoast_head_json":{"title":"Tigan p\u00ebr krepa Linea Natura - Comodita Home","description":"Seti i tenxhereve Granitec Belly Shape vjen me 6 pjes\u00eb dhe p\u00ebrtej kualitetit t\u00eb lart\u00eb q\u00eb prezanton, \u00ebsht\u00eb tejet funksional, praktik dhe i leht\u00eb...","robots":{"index":"index","follow":"follow","max-snippet":"max-snippet:-1","max-image-preview":"max-image-preview:large","max-video-preview":"max-video-preview:-1"},"canonical":"https:\/\/www.comoditahome.com\/ks\/produkt\/tigan-per-krepa-linea-natura\/","og_locale":"sq_AL","og_type":"article","og_title":"Tigan p\u00ebr krepa Linea Natura","og_description":"Seti i tenxhereve Granitec Belly Shape vjen me 6 pjes\u00eb dhe p\u00ebrtej kualitetit t\u00eb lart\u00eb q\u00eb prezanton, \u00ebsht\u00eb tejet funksional, praktik dhe i leht\u00eb...","og_url":"https:\/\/www.comoditahome.com\/ks\/produkt\/tigan-per-krepa-linea-natura\/","og_site_name":"Comodita Home","article_publisher":"https:\/\/www.facebook.com\/comoditahome\/","article_modified_time":"2026-05-13T06:37:16+00:00","og_image":[{"width":1200,"height":1300,"url":"https:\/\/www.comoditahome.com\/ks\/wp-content\/uploads\/2026\/01\/3905710980963-WEB.jpg","type":"image\/jpeg"}],"twitter_card":"summary_large_image","twitter_misc":{"Est. reading time":"1 minut\u00eb"},"schema":{"@context":"https:\/\/schema.org","@graph":[{"@type":"WebPage","@id":"https:\/\/www.comoditahome.com\/ks\/produkt\/tigan-per-krepa-linea-natura\/","url":"https:\/\/www.comoditahome.com\/ks\/produkt\/tigan-per-krepa-linea-natura\/","name":"Tigan p\u00ebr krepa Linea Natura - Comodita Home","isPartOf":{"@id":"https:\/\/www.comoditahome.com\/ks\/#website"},"primaryImageOfPage":{"@id":"https:\/\/www.comoditahome.com\/ks\/produkt\/tigan-per-krepa-linea-natura\/#primaryimage"},"image":{"@id":"https:\/\/www.comoditahome.com\/ks\/produkt\/tigan-per-krepa-linea-natura\/#primaryimage"},"thumbnailUrl":"https:\/\/www.comoditahome.com\/ks\/wp-content\/uploads\/2026\/01\/3905710980963-WEB.jpg","datePublished":"2026-01-15T11:32:59+00:00","dateModified":"2026-05-13T06:37:16+00:00","description":"Seti i tenxhereve Granitec Belly Shape vjen me 6 pjes\u00eb dhe p\u00ebrtej kualitetit t\u00eb lart\u00eb q\u00eb prezanton, \u00ebsht\u00eb tejet funksional, praktik dhe i leht\u00eb...","breadcrumb":{"@id":"https:\/\/www.comoditahome.com\/ks\/produkt\/tigan-per-krepa-linea-natura\/#breadcrumb"},"inLanguage":"sq","potentialAction":[{"@type":"ReadAction","target":["https:\/\/www.comoditahome.com\/ks\/produkt\/tigan-per-krepa-linea-natura\/"]}]},{"@type":"ImageObject","inLanguage":"sq","@id":"https:\/\/www.comoditahome.com\/ks\/produkt\/tigan-per-krepa-linea-natura\/#primaryimage","url":"https:\/\/www.comoditahome.com\/ks\/wp-content\/uploads\/2026\/01\/3905710980963-WEB.jpg","contentUrl":"https:\/\/www.comoditahome.com\/ks\/wp-content\/uploads\/2026\/01\/3905710980963-WEB.jpg","width":1200,"height":1300},{"@type":"BreadcrumbList","@id":"https:\/\/www.comoditahome.com\/ks\/produkt\/tigan-per-krepa-linea-natura\/#breadcrumb","itemListElement":[{"@type":"ListItem","position":1,"name":"Comodita Home Kosova - Dyshek Mattress","item":"https:\/\/www.comoditahome.com\/ks\/"},{"@type":"ListItem","position":2,"name":"Shop","item":"https:\/\/www.comoditahome.com\/ks\/shop\/"},{"@type":"ListItem","position":3,"name":"Tigan p\u00ebr krepa Linea Natura"}]},{"@type":"WebSite","@id":"https:\/\/www.comoditahome.com\/ks\/#website","url":"https:\/\/www.comoditahome.com\/ks\/","name":"Comodita Home","description":"Dyshek, Jorgan, Jast\u00ebk, Kuzhine, Banjo, Kopsht dhe Aksesor\u00eb","publisher":{"@id":"https:\/\/www.comoditahome.com\/ks\/#organization"},"potentialAction":[{"@type":"SearchAction","target":{"@type":"EntryPoint","urlTemplate":"https:\/\/www.comoditahome.com\/ks\/?s={search_term_string}"},"query-input":"required name=search_term_string"}],"inLanguage":"sq"},{"@type":"Organization","@id":"https:\/\/www.comoditahome.com\/ks\/#organization","name":"Comodita Home","url":"https:\/\/www.comoditahome.com\/ks\/","logo":{"@type":"ImageObject","inLanguage":"sq","@id":"https:\/\/www.comoditahome.com\/ks\/#\/schema\/logo\/image\/","url":"https:\/\/www.comoditahome.com\/ks\/wp-content\/uploads\/2022\/05\/COMODITA_HOME_LOGO_KS_MK_AL-02.png","contentUrl":"https:\/\/www.comoditahome.com\/ks\/wp-content\/uploads\/2022\/05\/COMODITA_HOME_LOGO_KS_MK_AL-02.png","width":180,"height":87,"caption":"Comodita Home"},"image":{"@id":"https:\/\/www.comoditahome.com\/ks\/#\/schema\/logo\/image\/"},"sameAs":["https:\/\/www.facebook.com\/comoditahome\/","https:\/\/www.instagram.com\/comoditahome\/","https:\/\/www.linkedin.com\/company\/comoditahome\/?originalSubdomain=fj","https:\/\/www.youtube.com\/channel\/UC5O6IsT4JD4zaiOqmRi_Pvg"]}]}},"_links":{"self":[{"href":"https:\/\/www.comoditahome.com\/ks\/wp-json\/wp\/v2\/product\/113834","targetHints":{"allow":["GET"]}}],"collection":[{"href":"https:\/\/www.comoditahome.com\/ks\/wp-json\/wp\/v2\/product"}],"about":[{"href":"https:\/\/www.comoditahome.com\/ks\/wp-json\/wp\/v2\/types\/product"}],"version-history":[{"count":1,"href":"https:\/\/www.comoditahome.com\/ks\/wp-json\/wp\/v2\/product\/113834\/revisions"}],"predecessor-version":[{"id":113836,"href":"https:\/\/www.comoditahome.com\/ks\/wp-json\/wp\/v2\/product\/113834\/revisions\/113836"}],"wp:featuredmedia":[{"embeddable":true,"href":"https:\/\/www.comoditahome.com\/ks\/wp-json\/wp\/v2\/media\/113835"}],"wp:attachment":[{"href":"https:\/\/www.comoditahome.com\/ks\/wp-json\/wp\/v2\/media?parent=113834"}],"wp:term":[{"taxonomy":"product_brand","embeddable":true,"href":"https:\/\/www.comoditahome.com\/ks\/wp-json\/wp\/v2\/product_brand?post=113834"},{"taxonomy":"product_cat","embeddable":true,"href":"https:\/\/www.comoditahome.com\/ks\/wp-json\/wp\/v2\/product_cat?post=113834"},{"taxonomy":"product_tag","embeddable":true,"href":"https:\/\/www.comoditahome.com\/ks\/wp-json\/wp\/v2\/product_tag?post=113834"}],"curies":[{"name":"wp","href":"https:\/\/api.w.org\/{rel}","templated":true}]}}