 {"id":114753,"date":"2026-03-03T12:37:22","date_gmt":"2026-03-03T11:37:22","guid":{"rendered":"https:\/\/www.comoditahome.com\/ks\/?post_type=product&#038;p=114753"},"modified":"2026-04-24T09:20:44","modified_gmt":"2026-04-24T07:20:44","slug":"set-pjatash-pure-white-gold","status":"publish","type":"product","link":"https:\/\/www.comoditahome.com\/ks\/produkt\/set-pjatash-pure-white-gold\/","title":{"rendered":"Set pjatash Pure White Gold"},"content":{"rendered":"<p style=\"text-align: left\">Eleganc\u00eb e past\u00ebr dhe stil p\u00ebr \u00e7do tryez\u00eb.<\/p>\n<p style=\"text-align: left\">Seti Pure White Gold p\u00ebrb\u00ebhet nga 18 pjes\u00eb n\u00eb ngjyr\u00eb t\u00eb bardh\u00eb klasike,<\/p>\n<p style=\"text-align: left\">t\u00eb kombinuara me detaje elegante n\u00eb nuanc\u00eb t\u00eb kaft\u00eb dhe ari n\u00eb pjes\u00ebn an\u00ebsore,<\/p>\n<p style=\"text-align: left\">duke krijuar nj\u00eb pamje t\u00eb ngroht\u00eb dhe nj\u00ebkoh\u00ebsisht luksoze.<\/p>\n","protected":false},"excerpt":{"rendered":"<div class=\"x_elementToProof\" style=\"text-align: left\" data-olk-copy-source=\"MessageBody\">\n<p>Eleganc\u00eb e past\u00ebr dhe stil p\u00ebr \u00e7do tryez\u00eb. Seti Pure White Gold p\u00ebrb\u00ebhet nga 18 pjes\u00eb n\u00eb ngjyr\u00eb t\u00eb bardh\u00eb klasike, t\u00eb kombinuara me detaje elegante n\u00eb nuanc\u00eb t\u00eb kaft\u00eb dhe ari n\u00eb pjes\u00ebn an\u00ebsore, duke krijuar nj\u00eb pamje t\u00eb ngroht\u00eb dhe nj\u00ebkoh\u00ebsisht luksoze.<\/p>\n<p><strong>Dimensioni \/ Kompozicioni:<\/strong> \u202fSeti ka 18 pjes\u00eb: 6x pjata p\u00ebr ushqim, 6x pjata p\u00ebr sup\u00eb, 6x pjata p\u00ebr desert.<\/p>\n<p><strong>NGJYRA:<\/strong> Me dizajn<\/p>\n<p><strong>MATERIALI:<\/strong> Porcelan<\/p>\n<p><strong>UDH\u00cbZIMET E P\u00cbRDORIMIT:<\/strong> \u202fT\u00eb pastrohen me dor\u00eb<\/p>\n<p><strong>KUSHTET E KTHIMIT \/ GARANCION:<\/strong> P\u00ebr k\u00ebt\u00eb produkt pranohet reklamacion brenda 24 or\u00ebve pasi t\u00eb pranoni porosin\u00eb.<\/p>\n<p><span style=\"color: #ffffff\">3905710930166<\/span><\/p>\n<p><span style=\"color: #ffffff\">pijata tanir sahon<\/span><\/div>\n","protected":false},"featured_media":114754,"template":"","meta":[],"product_brand":[],"product_cat":[141,136],"product_tag":[],"class_list":{"0":"post-114753","1":"product","2":"type-product","3":"status-publish","4":"has-post-thumbnail","6":"product_cat-set-pjatash","7":"product_cat-tryeze","9":"first","10":"outofstock","11":"sale","12":"shipping-taxable","13":"purchasable","14":"product-type-simple","15":"layout-style-1","16":"col-md-4 col-sm-4 col-xs-6","17":"col-lg-2","18":"product-has-gallery","19":"product-style-default"},"yoast_head":"<!-- This site is optimized with the Yoast SEO Premium plugin v18.2.1 (Yoast SEO v22.5) - https:\/\/yoast.com\/wordpress\/plugins\/seo\/ -->\n<title>Set pjatash Pure White Gold - Comodita Home<\/title>\n<meta name=\"description\" content=\"Seti i pjatave Shallow njihet p\u00ebr ngjyr\u00eb unike, q\u00eb i japin fokus t\u00eb veqant\u00eb ushqimit kur servohet. Ky set \u00ebsht\u00eb i punuar nga porcelani cil\u00ebsor...\" \/>\n<meta name=\"robots\" content=\"index, follow, max-snippet:-1, max-image-preview:large, max-video-preview:-1\" \/>\n<link rel=\"canonical\" href=\"https:\/\/www.comoditahome.com\/ks\/produkt\/set-pjatash-pure-white-gold\/\" \/>\n<meta property=\"og:locale\" content=\"sq_AL\" \/>\n<meta property=\"og:type\" content=\"article\" \/>\n<meta property=\"og:title\" content=\"Set pjatash Pure White Gold\" \/>\n<meta property=\"og:description\" content=\"Seti i pjatave Shallow njihet p\u00ebr ngjyr\u00eb unike, q\u00eb i japin fokus t\u00eb veqant\u00eb ushqimit kur servohet. Ky set \u00ebsht\u00eb i punuar nga porcelani cil\u00ebsor...\" \/>\n<meta property=\"og:url\" content=\"https:\/\/www.comoditahome.com\/ks\/produkt\/set-pjatash-pure-white-gold\/\" \/>\n<meta property=\"og:site_name\" content=\"Comodita Home\" \/>\n<meta property=\"article:publisher\" content=\"https:\/\/www.facebook.com\/comoditahome\/\" \/>\n<meta property=\"article:modified_time\" content=\"2026-04-24T07:20:44+00:00\" \/>\n<meta property=\"og:image\" content=\"https:\/\/www.comoditahome.com\/ks\/wp-content\/uploads\/2026\/03\/3905710930166-1.jpg\" \/>\n\t<meta property=\"og:image:width\" content=\"1200\" \/>\n\t<meta property=\"og:image:height\" content=\"1300\" \/>\n\t<meta property=\"og:image:type\" content=\"image\/jpeg\" \/>\n<meta name=\"twitter:card\" content=\"summary_large_image\" \/>\n<meta name=\"twitter:label1\" content=\"Est. reading time\" \/>\n\t<meta name=\"twitter:data1\" content=\"1 minut\u00eb\" \/>\n<script type=\"application\/ld+json\" class=\"yoast-schema-graph\">{\"@context\":\"https:\/\/schema.org\",\"@graph\":[{\"@type\":\"WebPage\",\"@id\":\"https:\/\/www.comoditahome.com\/ks\/produkt\/set-pjatash-pure-white-gold\/\",\"url\":\"https:\/\/www.comoditahome.com\/ks\/produkt\/set-pjatash-pure-white-gold\/\",\"name\":\"Set pjatash Pure White Gold - Comodita Home\",\"isPartOf\":{\"@id\":\"https:\/\/www.comoditahome.com\/ks\/#website\"},\"primaryImageOfPage\":{\"@id\":\"https:\/\/www.comoditahome.com\/ks\/produkt\/set-pjatash-pure-white-gold\/#primaryimage\"},\"image\":{\"@id\":\"https:\/\/www.comoditahome.com\/ks\/produkt\/set-pjatash-pure-white-gold\/#primaryimage\"},\"thumbnailUrl\":\"https:\/\/www.comoditahome.com\/ks\/wp-content\/uploads\/2026\/03\/3905710930166-1.jpg\",\"datePublished\":\"2026-03-03T11:37:22+00:00\",\"dateModified\":\"2026-04-24T07:20:44+00:00\",\"description\":\"Seti i pjatave Shallow njihet p\u00ebr ngjyr\u00eb unike, q\u00eb i japin fokus t\u00eb veqant\u00eb ushqimit kur servohet. Ky set \u00ebsht\u00eb i punuar nga porcelani cil\u00ebsor...\",\"breadcrumb\":{\"@id\":\"https:\/\/www.comoditahome.com\/ks\/produkt\/set-pjatash-pure-white-gold\/#breadcrumb\"},\"inLanguage\":\"sq\",\"potentialAction\":[{\"@type\":\"ReadAction\",\"target\":[\"https:\/\/www.comoditahome.com\/ks\/produkt\/set-pjatash-pure-white-gold\/\"]}]},{\"@type\":\"ImageObject\",\"inLanguage\":\"sq\",\"@id\":\"https:\/\/www.comoditahome.com\/ks\/produkt\/set-pjatash-pure-white-gold\/#primaryimage\",\"url\":\"https:\/\/www.comoditahome.com\/ks\/wp-content\/uploads\/2026\/03\/3905710930166-1.jpg\",\"contentUrl\":\"https:\/\/www.comoditahome.com\/ks\/wp-content\/uploads\/2026\/03\/3905710930166-1.jpg\",\"width\":1200,\"height\":1300},{\"@type\":\"BreadcrumbList\",\"@id\":\"https:\/\/www.comoditahome.com\/ks\/produkt\/set-pjatash-pure-white-gold\/#breadcrumb\",\"itemListElement\":[{\"@type\":\"ListItem\",\"position\":1,\"name\":\"Comodita Home Kosova - Dyshek Mattress\",\"item\":\"https:\/\/www.comoditahome.com\/ks\/\"},{\"@type\":\"ListItem\",\"position\":2,\"name\":\"Shop\",\"item\":\"https:\/\/www.comoditahome.com\/ks\/shop\/\"},{\"@type\":\"ListItem\",\"position\":3,\"name\":\"Set pjatash Pure White Gold\"}]},{\"@type\":\"WebSite\",\"@id\":\"https:\/\/www.comoditahome.com\/ks\/#website\",\"url\":\"https:\/\/www.comoditahome.com\/ks\/\",\"name\":\"Comodita Home\",\"description\":\"Dyshek, Jorgan, Jast\u00ebk, Kuzhine, Banjo, Kopsht dhe Aksesor\u00eb\",\"publisher\":{\"@id\":\"https:\/\/www.comoditahome.com\/ks\/#organization\"},\"potentialAction\":[{\"@type\":\"SearchAction\",\"target\":{\"@type\":\"EntryPoint\",\"urlTemplate\":\"https:\/\/www.comoditahome.com\/ks\/?s={search_term_string}\"},\"query-input\":\"required name=search_term_string\"}],\"inLanguage\":\"sq\"},{\"@type\":\"Organization\",\"@id\":\"https:\/\/www.comoditahome.com\/ks\/#organization\",\"name\":\"Comodita Home\",\"url\":\"https:\/\/www.comoditahome.com\/ks\/\",\"logo\":{\"@type\":\"ImageObject\",\"inLanguage\":\"sq\",\"@id\":\"https:\/\/www.comoditahome.com\/ks\/#\/schema\/logo\/image\/\",\"url\":\"https:\/\/www.comoditahome.com\/ks\/wp-content\/uploads\/2022\/05\/COMODITA_HOME_LOGO_KS_MK_AL-02.png\",\"contentUrl\":\"https:\/\/www.comoditahome.com\/ks\/wp-content\/uploads\/2022\/05\/COMODITA_HOME_LOGO_KS_MK_AL-02.png\",\"width\":180,\"height\":87,\"caption\":\"Comodita Home\"},\"image\":{\"@id\":\"https:\/\/www.comoditahome.com\/ks\/#\/schema\/logo\/image\/\"},\"sameAs\":[\"https:\/\/www.facebook.com\/comoditahome\/\",\"https:\/\/www.instagram.com\/comoditahome\/\",\"https:\/\/www.linkedin.com\/company\/comoditahome\/?originalSubdomain=fj\",\"https:\/\/www.youtube.com\/channel\/UC5O6IsT4JD4zaiOqmRi_Pvg\"]}]}<\/script>\n<!-- \/ Yoast SEO Premium plugin. -->","yoast_head_json":{"title":"Set pjatash Pure White Gold - Comodita Home","description":"Seti i pjatave Shallow njihet p\u00ebr ngjyr\u00eb unike, q\u00eb i japin fokus t\u00eb veqant\u00eb ushqimit kur servohet. Ky set \u00ebsht\u00eb i punuar nga porcelani cil\u00ebsor...","robots":{"index":"index","follow":"follow","max-snippet":"max-snippet:-1","max-image-preview":"max-image-preview:large","max-video-preview":"max-video-preview:-1"},"canonical":"https:\/\/www.comoditahome.com\/ks\/produkt\/set-pjatash-pure-white-gold\/","og_locale":"sq_AL","og_type":"article","og_title":"Set pjatash Pure White Gold","og_description":"Seti i pjatave Shallow njihet p\u00ebr ngjyr\u00eb unike, q\u00eb i japin fokus t\u00eb veqant\u00eb ushqimit kur servohet. Ky set \u00ebsht\u00eb i punuar nga porcelani cil\u00ebsor...","og_url":"https:\/\/www.comoditahome.com\/ks\/produkt\/set-pjatash-pure-white-gold\/","og_site_name":"Comodita Home","article_publisher":"https:\/\/www.facebook.com\/comoditahome\/","article_modified_time":"2026-04-24T07:20:44+00:00","og_image":[{"width":1200,"height":1300,"url":"https:\/\/www.comoditahome.com\/ks\/wp-content\/uploads\/2026\/03\/3905710930166-1.jpg","type":"image\/jpeg"}],"twitter_card":"summary_large_image","twitter_misc":{"Est. reading time":"1 minut\u00eb"},"schema":{"@context":"https:\/\/schema.org","@graph":[{"@type":"WebPage","@id":"https:\/\/www.comoditahome.com\/ks\/produkt\/set-pjatash-pure-white-gold\/","url":"https:\/\/www.comoditahome.com\/ks\/produkt\/set-pjatash-pure-white-gold\/","name":"Set pjatash Pure White Gold - Comodita Home","isPartOf":{"@id":"https:\/\/www.comoditahome.com\/ks\/#website"},"primaryImageOfPage":{"@id":"https:\/\/www.comoditahome.com\/ks\/produkt\/set-pjatash-pure-white-gold\/#primaryimage"},"image":{"@id":"https:\/\/www.comoditahome.com\/ks\/produkt\/set-pjatash-pure-white-gold\/#primaryimage"},"thumbnailUrl":"https:\/\/www.comoditahome.com\/ks\/wp-content\/uploads\/2026\/03\/3905710930166-1.jpg","datePublished":"2026-03-03T11:37:22+00:00","dateModified":"2026-04-24T07:20:44+00:00","description":"Seti i pjatave Shallow njihet p\u00ebr ngjyr\u00eb unike, q\u00eb i japin fokus t\u00eb veqant\u00eb ushqimit kur servohet. Ky set \u00ebsht\u00eb i punuar nga porcelani cil\u00ebsor...","breadcrumb":{"@id":"https:\/\/www.comoditahome.com\/ks\/produkt\/set-pjatash-pure-white-gold\/#breadcrumb"},"inLanguage":"sq","potentialAction":[{"@type":"ReadAction","target":["https:\/\/www.comoditahome.com\/ks\/produkt\/set-pjatash-pure-white-gold\/"]}]},{"@type":"ImageObject","inLanguage":"sq","@id":"https:\/\/www.comoditahome.com\/ks\/produkt\/set-pjatash-pure-white-gold\/#primaryimage","url":"https:\/\/www.comoditahome.com\/ks\/wp-content\/uploads\/2026\/03\/3905710930166-1.jpg","contentUrl":"https:\/\/www.comoditahome.com\/ks\/wp-content\/uploads\/2026\/03\/3905710930166-1.jpg","width":1200,"height":1300},{"@type":"BreadcrumbList","@id":"https:\/\/www.comoditahome.com\/ks\/produkt\/set-pjatash-pure-white-gold\/#breadcrumb","itemListElement":[{"@type":"ListItem","position":1,"name":"Comodita Home Kosova - Dyshek Mattress","item":"https:\/\/www.comoditahome.com\/ks\/"},{"@type":"ListItem","position":2,"name":"Shop","item":"https:\/\/www.comoditahome.com\/ks\/shop\/"},{"@type":"ListItem","position":3,"name":"Set pjatash Pure White Gold"}]},{"@type":"WebSite","@id":"https:\/\/www.comoditahome.com\/ks\/#website","url":"https:\/\/www.comoditahome.com\/ks\/","name":"Comodita Home","description":"Dyshek, Jorgan, Jast\u00ebk, Kuzhine, Banjo, Kopsht dhe Aksesor\u00eb","publisher":{"@id":"https:\/\/www.comoditahome.com\/ks\/#organization"},"potentialAction":[{"@type":"SearchAction","target":{"@type":"EntryPoint","urlTemplate":"https:\/\/www.comoditahome.com\/ks\/?s={search_term_string}"},"query-input":"required name=search_term_string"}],"inLanguage":"sq"},{"@type":"Organization","@id":"https:\/\/www.comoditahome.com\/ks\/#organization","name":"Comodita Home","url":"https:\/\/www.comoditahome.com\/ks\/","logo":{"@type":"ImageObject","inLanguage":"sq","@id":"https:\/\/www.comoditahome.com\/ks\/#\/schema\/logo\/image\/","url":"https:\/\/www.comoditahome.com\/ks\/wp-content\/uploads\/2022\/05\/COMODITA_HOME_LOGO_KS_MK_AL-02.png","contentUrl":"https:\/\/www.comoditahome.com\/ks\/wp-content\/uploads\/2022\/05\/COMODITA_HOME_LOGO_KS_MK_AL-02.png","width":180,"height":87,"caption":"Comodita Home"},"image":{"@id":"https:\/\/www.comoditahome.com\/ks\/#\/schema\/logo\/image\/"},"sameAs":["https:\/\/www.facebook.com\/comoditahome\/","https:\/\/www.instagram.com\/comoditahome\/","https:\/\/www.linkedin.com\/company\/comoditahome\/?originalSubdomain=fj","https:\/\/www.youtube.com\/channel\/UC5O6IsT4JD4zaiOqmRi_Pvg"]}]}},"_links":{"self":[{"href":"https:\/\/www.comoditahome.com\/ks\/wp-json\/wp\/v2\/product\/114753","targetHints":{"allow":["GET"]}}],"collection":[{"href":"https:\/\/www.comoditahome.com\/ks\/wp-json\/wp\/v2\/product"}],"about":[{"href":"https:\/\/www.comoditahome.com\/ks\/wp-json\/wp\/v2\/types\/product"}],"version-history":[{"count":2,"href":"https:\/\/www.comoditahome.com\/ks\/wp-json\/wp\/v2\/product\/114753\/revisions"}],"predecessor-version":[{"id":115736,"href":"https:\/\/www.comoditahome.com\/ks\/wp-json\/wp\/v2\/product\/114753\/revisions\/115736"}],"wp:featuredmedia":[{"embeddable":true,"href":"https:\/\/www.comoditahome.com\/ks\/wp-json\/wp\/v2\/media\/114754"}],"wp:attachment":[{"href":"https:\/\/www.comoditahome.com\/ks\/wp-json\/wp\/v2\/media?parent=114753"}],"wp:term":[{"taxonomy":"product_brand","embeddable":true,"href":"https:\/\/www.comoditahome.com\/ks\/wp-json\/wp\/v2\/product_brand?post=114753"},{"taxonomy":"product_cat","embeddable":true,"href":"https:\/\/www.comoditahome.com\/ks\/wp-json\/wp\/v2\/product_cat?post=114753"},{"taxonomy":"product_tag","embeddable":true,"href":"https:\/\/www.comoditahome.com\/ks\/wp-json\/wp\/v2\/product_tag?post=114753"}],"curies":[{"name":"wp","href":"https:\/\/api.w.org\/{rel}","templated":true}]}}