 {"id":114766,"date":"2026-03-03T12:47:49","date_gmt":"2026-03-03T11:47:49","guid":{"rendered":"https:\/\/www.comoditahome.com\/ks\/?post_type=product&#038;p=114766"},"modified":"2026-04-27T12:01:08","modified_gmt":"2026-04-27T10:01:08","slug":"breeze-air-humidifier-m-3in1-black","status":"publish","type":"product","link":"https:\/\/www.comoditahome.com\/ks\/produkt\/breeze-air-humidifier-m-3in1-black\/","title":{"rendered":"Breeze air humidifier M Black"},"content":{"rendered":"<p><span data-contrast=\"auto\">Breeze Air Humidifier\u00a0\u00ebsht\u00eb\u00a0nj\u00eb\u00a0lag\u00ebshtues\u00a0ajri\u00a0ultrasonik\u00a0me 3\u00a0funksione\u00a0n\u00eb\u00a0nj\u00eb\u00a0pajisje.<\/span><\/p>\n<p><span data-contrast=\"auto\"> Ai\u00a0rregullon\u00a0lag\u00ebshtin\u00eb\u00a0e\u00a0ajrit\u00a0fal\u00eb\u00a0rezervuarit\u00a0me\u00a0kapacitet\u00a02.8 litra,<\/span><\/p>\n<p><span data-contrast=\"auto\">\u00a0ofron\u00a0ndri\u00e7im\u00a0nat\u00ebn\u00a0me LED\u00a0shum\u00ebngjyr\u00ebsh\u00a0p\u00ebr\u00a0t\u00eb\u00a0zbukuruar\u00a0ambientin\u00a0e\u00a0sht\u00ebpis\u00eb\u00a0dhe\u00a0shp\u00ebrndan\u00a0arom\u00eb\u00a0t\u00eb\u00a0k\u00ebndshme.<\/span><\/p>\n<p><span data-contrast=\"auto\"> I\u00a0p\u00ebrshtatsh\u00ebm\u00a0p\u00ebr\u00a0dhoma\u00a010\u201315 m\u00b2, duke\u00a0p\u00ebrfshir\u00eb\u00a0edhe\u00a0dhom\u00ebn\u00a0e\u00a0f\u00ebmij\u00ebs\u00a0tuaj.<\/span><span data-ccp-props=\"{}\">\u00a0<\/span><\/p>\n","protected":false},"excerpt":{"rendered":"<p style=\"text-align: left;\"><span data-contrast=\"auto\">Breeze Air Humidifier\u00a0\u00ebsht\u00eb\u00a0nj\u00eb\u00a0lag\u00ebshtues\u00a0ajri\u00a0ultrasonik\u00a0me 3\u00a0funksione\u00a0n\u00eb\u00a0nj\u00eb\u00a0pajisje. Ai\u00a0rregullon\u00a0lag\u00ebshtin\u00eb\u00a0e\u00a0ajrit\u00a0fal\u00eb\u00a0rezervuarit\u00a0me\u00a0kapacitet\u00a02.8 litra,\u00a0ofron\u00a0ndri\u00e7im\u00a0nat\u00ebn\u00a0me LED\u00a0shum\u00ebngjyr\u00ebsh\u00a0p\u00ebr\u00a0t\u00eb\u00a0zbukuruar\u00a0ambientin\u00a0e\u00a0sht\u00ebpis\u00eb\u00a0dhe\u00a0shp\u00ebrndan\u00a0arom\u00eb\u00a0t\u00eb\u00a0k\u00ebndshme. I\u00a0p\u00ebrshtatsh\u00ebm\u00a0p\u00ebr\u00a0dhoma\u00a010\u201315 m\u00b2, duke\u00a0p\u00ebrfshir\u00eb\u00a0edhe\u00a0dhom\u00ebn\u00a0e\u00a0f\u00ebmij\u00ebs\u00a0tuaj.<\/span><span data-ccp-props=\"{}\">\u00a0<\/span><\/p>\n<p style=\"text-align: left;\"><b><span data-contrast=\"auto\">Karakteristikat\u00a0kryesore:<\/span><\/b><span data-ccp-props=\"{}\">\u00a0<\/span><\/p>\n<ul style=\"text-align: left;\">\n<li aria-setsize=\"-1\" data-leveltext=\"\uf0b7\" data-font=\"Symbol\" data-listid=\"1\" data-list-defn-props=\"{&quot;335552541&quot;:1,&quot;335559685&quot;:720,&quot;335559991&quot;:360,&quot;469769226&quot;:&quot;Symbol&quot;,&quot;469769242&quot;:[8226],&quot;469777803&quot;:&quot;left&quot;,&quot;469777804&quot;:&quot;\uf0b7&quot;,&quot;469777815&quot;:&quot;multilevel&quot;}\" data-aria-posinset=\"1\" data-aria-level=\"1\"><span data-contrast=\"auto\">Rezervuar\u00a0uji\u00a0i\u00a0heqsh\u00ebm,\u00a0i\u00a0leht\u00eb\u00a0p\u00ebr\u00a0t\u2019u\u00a0transportuar\u00a0dhe\u00a0rimbushur.<\/span><span data-ccp-props=\"{}\">\u00a0<\/span><\/li>\n<\/ul>\n<ul style=\"text-align: left;\">\n<li aria-setsize=\"-1\" data-leveltext=\"\uf0b7\" data-font=\"Symbol\" data-listid=\"1\" data-list-defn-props=\"{&quot;335552541&quot;:1,&quot;335559685&quot;:720,&quot;335559991&quot;:360,&quot;469769226&quot;:&quot;Symbol&quot;,&quot;469769242&quot;:[8226],&quot;469777803&quot;:&quot;left&quot;,&quot;469777804&quot;:&quot;\uf0b7&quot;,&quot;469777815&quot;:&quot;multilevel&quot;}\" data-aria-posinset=\"2\" data-aria-level=\"1\"><span data-contrast=\"auto\">Fikje\u00a0automatike\u00a0kur\u00a0nuk\u00a0ka\u00a0uj\u00eb;\u00a0drita\u00a0treguese\u00a0b\u00ebhet\u00a0e\u00a0kuqe\u00a0kur\u00a0rezervuari\u00a0\u00ebsht\u00eb\u00a0bosh.<\/span><span data-ccp-props=\"{}\">\u00a0<\/span><\/li>\n<\/ul>\n<ul style=\"text-align: left;\">\n<li aria-setsize=\"-1\" data-leveltext=\"\uf0b7\" data-font=\"Symbol\" data-listid=\"1\" data-list-defn-props=\"{&quot;335552541&quot;:1,&quot;335559685&quot;:720,&quot;335559991&quot;:360,&quot;469769226&quot;:&quot;Symbol&quot;,&quot;469769242&quot;:[8226],&quot;469777803&quot;:&quot;left&quot;,&quot;469777804&quot;:&quot;\uf0b7&quot;,&quot;469777815&quot;:&quot;multilevel&quot;}\" data-aria-posinset=\"3\" data-aria-level=\"1\"><span data-contrast=\"auto\">Ndri\u00e7im\u00a0shum\u00ebngjyr\u00ebsh\u00a0p\u00ebr\u00a0nj\u00eb\u00a0pamje\u00a0fantastike\u00a0gjat\u00eb\u00a0nat\u00ebs.<\/span><span data-ccp-props=\"{}\">\u00a0<\/span><\/li>\n<\/ul>\n<ul style=\"text-align: left;\">\n<li aria-setsize=\"-1\" data-leveltext=\"\uf0b7\" data-font=\"Symbol\" data-listid=\"1\" data-list-defn-props=\"{&quot;335552541&quot;:1,&quot;335559685&quot;:720,&quot;335559991&quot;:360,&quot;469769226&quot;:&quot;Symbol&quot;,&quot;469769242&quot;:[8226],&quot;469777803&quot;:&quot;left&quot;,&quot;469777804&quot;:&quot;\uf0b7&quot;,&quot;469777815&quot;:&quot;multilevel&quot;}\" data-aria-posinset=\"4\" data-aria-level=\"1\"><span data-contrast=\"auto\">Difuzor\u00a0aromash\u00a0p\u00ebr\u00a0p\u00ebrvoj\u00eb\u00a0relaksuese.<\/span><span data-ccp-props=\"{}\">\u00a0<\/span><\/li>\n<\/ul>\n<ul style=\"text-align: left;\">\n<li aria-setsize=\"-1\" data-leveltext=\"\uf0b7\" data-font=\"Symbol\" data-listid=\"1\" data-list-defn-props=\"{&quot;335552541&quot;:1,&quot;335559685&quot;:720,&quot;335559991&quot;:360,&quot;469769226&quot;:&quot;Symbol&quot;,&quot;469769242&quot;:[8226],&quot;469777803&quot;:&quot;left&quot;,&quot;469777804&quot;:&quot;\uf0b7&quot;,&quot;469777815&quot;:&quot;multilevel&quot;}\" data-aria-posinset=\"5\" data-aria-level=\"1\"><span data-contrast=\"auto\">Sistem\u00a0filtrimi\u00a0i\u00a0ujit\u00a0me\u00a0jone\u00a0negative\u00a0p\u00ebr\u00a0t\u00eb\u00a0shp\u00ebrndar\u00eb\u00a0mjegull\u00a0uji\u00a0t\u00eb\u00a0fresk\u00ebt\u00a0dhe\u00a0t\u00eb\u00a0past\u00ebr.<\/span><span data-ccp-props=\"{}\">\u00a0<\/span><\/li>\n<\/ul>\n<ul style=\"text-align: left;\">\n<li aria-setsize=\"-1\" data-leveltext=\"\uf0b7\" data-font=\"Symbol\" data-listid=\"1\" data-list-defn-props=\"{&quot;335552541&quot;:1,&quot;335559685&quot;:720,&quot;335559991&quot;:360,&quot;469769226&quot;:&quot;Symbol&quot;,&quot;469769242&quot;:[8226],&quot;469777803&quot;:&quot;left&quot;,&quot;469777804&quot;:&quot;\uf0b7&quot;,&quot;469777815&quot;:&quot;multilevel&quot;}\" data-aria-posinset=\"6\" data-aria-level=\"1\"><span data-contrast=\"auto\">Ideal\u00a0p\u00ebr\u00a0dhoma\u00a0me\u00a0sip\u00ebrfaqe\u00a0nga\u00a010\u00a0deri\u00a0n\u00eb\u00a015\u00a0metra\u00a0katrore.<\/span><span data-ccp-props=\"{}\">\u00a0<\/span><\/li>\n<\/ul>\n<ul style=\"text-align: left;\">\n<li aria-setsize=\"-1\" data-leveltext=\"\uf0b7\" data-font=\"Symbol\" data-listid=\"1\" data-list-defn-props=\"{&quot;335552541&quot;:1,&quot;335559685&quot;:720,&quot;335559991&quot;:360,&quot;469769226&quot;:&quot;Symbol&quot;,&quot;469769242&quot;:[8226],&quot;469777803&quot;:&quot;left&quot;,&quot;469777804&quot;:&quot;\uf0b7&quot;,&quot;469777815&quot;:&quot;multilevel&quot;}\" data-aria-posinset=\"7\" data-aria-level=\"1\"><span data-contrast=\"auto\">I\u00a0leht\u00eb\u00a0p\u00ebr\u00a0t\u2019u\u00a0p\u00ebrdorur\u00a0dhe\u00a0pastruar,\u00a0perfekt\u00a0p\u00ebr\u00a0sht\u00ebpi\u00a0apo\u00a0zyr\u00eb.<\/span><span data-ccp-props=\"{}\">\u00a0<\/span><\/li>\n<\/ul>\n<p style=\"text-align: left;\"><b><span data-contrast=\"auto\">Specifikimet\u00a0teknike:<\/span><\/b><span data-ccp-props=\"{}\">\u00a0<\/span><\/p>\n<ul style=\"text-align: left;\">\n<li aria-setsize=\"-1\" data-leveltext=\"\uf0b7\" data-font=\"Symbol\" data-listid=\"2\" data-list-defn-props=\"{&quot;335552541&quot;:1,&quot;335559685&quot;:720,&quot;335559991&quot;:360,&quot;469769226&quot;:&quot;Symbol&quot;,&quot;469769242&quot;:[8226],&quot;469777803&quot;:&quot;left&quot;,&quot;469777804&quot;:&quot;\uf0b7&quot;,&quot;469777815&quot;:&quot;multilevel&quot;}\" data-aria-posinset=\"1\" data-aria-level=\"1\"><span data-contrast=\"auto\">Tensioni: 100\u2013240V, 50\/60Hz<\/span><span data-ccp-props=\"{}\">\u00a0<\/span><\/li>\n<\/ul>\n<ul style=\"text-align: left;\">\n<li aria-setsize=\"-1\" data-leveltext=\"\uf0b7\" data-font=\"Symbol\" data-listid=\"2\" data-list-defn-props=\"{&quot;335552541&quot;:1,&quot;335559685&quot;:720,&quot;335559991&quot;:360,&quot;469769226&quot;:&quot;Symbol&quot;,&quot;469769242&quot;:[8226],&quot;469777803&quot;:&quot;left&quot;,&quot;469777804&quot;:&quot;\uf0b7&quot;,&quot;469777815&quot;:&quot;multilevel&quot;}\" data-aria-posinset=\"2\" data-aria-level=\"1\"><span data-contrast=\"auto\">Fuqia: 21W<\/span><span data-ccp-props=\"{}\">\u00a0<\/span><\/li>\n<\/ul>\n<ul style=\"text-align: left;\">\n<li aria-setsize=\"-1\" data-leveltext=\"\uf0b7\" data-font=\"Symbol\" data-listid=\"2\" data-list-defn-props=\"{&quot;335552541&quot;:1,&quot;335559685&quot;:720,&quot;335559991&quot;:360,&quot;469769226&quot;:&quot;Symbol&quot;,&quot;469769242&quot;:[8226],&quot;469777803&quot;:&quot;left&quot;,&quot;469777804&quot;:&quot;\uf0b7&quot;,&quot;469777815&quot;:&quot;multilevel&quot;}\" data-aria-posinset=\"3\" data-aria-level=\"1\"><span data-contrast=\"auto\">Kapaciteti\u00a0i\u00a0mbushjes\u00a0me\u00a0uj\u00eb: 2.8L<\/span><span data-ccp-props=\"{}\">\u00a0<\/span><\/li>\n<\/ul>\n<ul style=\"text-align: left;\">\n<li aria-setsize=\"-1\" data-leveltext=\"\uf0b7\" data-font=\"Symbol\" data-listid=\"2\" data-list-defn-props=\"{&quot;335552541&quot;:1,&quot;335559685&quot;:720,&quot;335559991&quot;:360,&quot;469769226&quot;:&quot;Symbol&quot;,&quot;469769242&quot;:[8226],&quot;469777803&quot;:&quot;left&quot;,&quot;469777804&quot;:&quot;\uf0b7&quot;,&quot;469777815&quot;:&quot;multilevel&quot;}\" data-aria-posinset=\"4\" data-aria-level=\"1\"><span data-contrast=\"auto\">Kapaciteti\u00a0i\u00a0shp\u00ebrndarjes\u00a0s\u00eb\u00a0ujit:\u00a0270 ml\/or\u00eb<\/span><span data-ccp-props=\"{}\">\u00a0<\/span><\/li>\n<\/ul>\n<p style=\"text-align: left;\"><b><span data-contrast=\"auto\">Dimensioni\u00a0\/\u00a0Kompozicioni:<\/span><\/b><span data-contrast=\"auto\">\u202fPlastik\u00eb\u00a0dhe\u00a0elektrik\u00eb\u00a0(Prodhuar\u00a0me\u00a0plastike\u00a0cilesore\u00a0PP, AS\u00a0dhe\u00a0ABS)<\/span><br \/>\n<b><span data-contrast=\"auto\">NGJYRA:<\/span><\/b><span data-contrast=\"auto\">\u202fE\u00a0Zez\u00eb<\/span><br \/>\n<b><span data-contrast=\"auto\">MATERIALI:<\/span><\/b><span data-contrast=\"auto\">\u202fPlastik\u00eb, elektrik\u00eb<\/span><br \/>\n<b><span data-contrast=\"auto\">UDH\u00cbZIMET E P\u00cbRDORIMIT:<\/span><\/b><span data-contrast=\"auto\">\u202fT\u00eb\u00a0pastrohet\u00a0me\u00a0dor\u00eb\u202f<\/span><br \/>\n<b><span data-contrast=\"auto\">KUSHTET E KTHIMIT \/ GARANCION:<\/span><\/b><span data-contrast=\"auto\">\u202fP\u00ebr\u00a0k\u00ebt\u00eb\u00a0produkt\u00a0pranohet\u00a0reklamacion\u00a0brenda\u00a024\u00a0or\u00ebve\u00a0pasi\u00a0t\u00eb\u00a0pranoni\u00a0porosin\u00eb.<\/span><span data-ccp-props=\"{}\"><br \/>\n<\/span><span style=\"color: #ffffff;\">3905710930074\u00a0<\/span><\/p>\n","protected":false},"featured_media":114810,"template":"","meta":[],"product_brand":[],"product_cat":[90,85],"product_tag":[],"class_list":{"0":"post-114766","1":"product","2":"type-product","3":"status-publish","4":"has-post-thumbnail","6":"product_cat-lageshtues-ajri","7":"product_cat-dhoma-e-ndenjes","9":"first","10":"instock","11":"sale","12":"shipping-taxable","13":"purchasable","14":"product-type-simple","15":"layout-style-1","16":"col-md-4 col-sm-4 col-xs-6","17":"col-lg-2","18":"product-has-gallery","19":"product-style-default"},"yoast_head":"<!-- This site is optimized with the Yoast SEO Premium plugin v18.2.1 (Yoast SEO v22.5) - https:\/\/yoast.com\/wordpress\/plugins\/seo\/ -->\n<title>Breeze air humidifier M Black - Comodita Home<\/title>\n<meta name=\"description\" content=\"Rainbow Air S \u00ebsht\u00eb nj\u00eb lag\u00ebshtues ajri ultrasonik me 3 funksione n\u00eb nj\u00eb vend. Kjo pajisje rregullon lag\u00ebshtin\u00eb e ajrit (me rezervuar me 1.3...\" \/>\n<meta name=\"robots\" content=\"index, follow, max-snippet:-1, max-image-preview:large, max-video-preview:-1\" \/>\n<link rel=\"canonical\" href=\"https:\/\/www.comoditahome.com\/ks\/produkt\/breeze-air-humidifier-m-3in1-black\/\" \/>\n<meta property=\"og:locale\" content=\"sq_AL\" \/>\n<meta property=\"og:type\" content=\"article\" \/>\n<meta property=\"og:title\" content=\"Breeze air humidifier M Black\" \/>\n<meta property=\"og:description\" content=\"Rainbow Air S \u00ebsht\u00eb nj\u00eb lag\u00ebshtues ajri ultrasonik me 3 funksione n\u00eb nj\u00eb vend. Kjo pajisje rregullon lag\u00ebshtin\u00eb e ajrit (me rezervuar me 1.3...\" \/>\n<meta property=\"og:url\" content=\"https:\/\/www.comoditahome.com\/ks\/produkt\/breeze-air-humidifier-m-3in1-black\/\" \/>\n<meta property=\"og:site_name\" content=\"Comodita Home\" \/>\n<meta property=\"article:publisher\" content=\"https:\/\/www.facebook.com\/comoditahome\/\" \/>\n<meta property=\"article:modified_time\" content=\"2026-04-27T10:01:08+00:00\" \/>\n<meta property=\"og:image\" content=\"https:\/\/www.comoditahome.com\/ks\/wp-content\/uploads\/2026\/03\/3905710930074-1.jpg\" \/>\n\t<meta property=\"og:image:width\" content=\"1200\" \/>\n\t<meta property=\"og:image:height\" content=\"1300\" \/>\n\t<meta property=\"og:image:type\" content=\"image\/jpeg\" \/>\n<meta name=\"twitter:card\" content=\"summary_large_image\" \/>\n<meta name=\"twitter:label1\" content=\"Est. reading time\" \/>\n\t<meta name=\"twitter:data1\" content=\"1 minut\u00eb\" \/>\n<script type=\"application\/ld+json\" class=\"yoast-schema-graph\">{\"@context\":\"https:\/\/schema.org\",\"@graph\":[{\"@type\":\"WebPage\",\"@id\":\"https:\/\/www.comoditahome.com\/ks\/produkt\/breeze-air-humidifier-m-3in1-black\/\",\"url\":\"https:\/\/www.comoditahome.com\/ks\/produkt\/breeze-air-humidifier-m-3in1-black\/\",\"name\":\"Breeze air humidifier M Black - Comodita Home\",\"isPartOf\":{\"@id\":\"https:\/\/www.comoditahome.com\/ks\/#website\"},\"primaryImageOfPage\":{\"@id\":\"https:\/\/www.comoditahome.com\/ks\/produkt\/breeze-air-humidifier-m-3in1-black\/#primaryimage\"},\"image\":{\"@id\":\"https:\/\/www.comoditahome.com\/ks\/produkt\/breeze-air-humidifier-m-3in1-black\/#primaryimage\"},\"thumbnailUrl\":\"https:\/\/www.comoditahome.com\/ks\/wp-content\/uploads\/2026\/03\/3905710930074-1.jpg\",\"datePublished\":\"2026-03-03T11:47:49+00:00\",\"dateModified\":\"2026-04-27T10:01:08+00:00\",\"description\":\"Rainbow Air S \u00ebsht\u00eb nj\u00eb lag\u00ebshtues ajri ultrasonik me 3 funksione n\u00eb nj\u00eb vend. Kjo pajisje rregullon lag\u00ebshtin\u00eb e ajrit (me rezervuar me 1.3...\",\"breadcrumb\":{\"@id\":\"https:\/\/www.comoditahome.com\/ks\/produkt\/breeze-air-humidifier-m-3in1-black\/#breadcrumb\"},\"inLanguage\":\"sq\",\"potentialAction\":[{\"@type\":\"ReadAction\",\"target\":[\"https:\/\/www.comoditahome.com\/ks\/produkt\/breeze-air-humidifier-m-3in1-black\/\"]}]},{\"@type\":\"ImageObject\",\"inLanguage\":\"sq\",\"@id\":\"https:\/\/www.comoditahome.com\/ks\/produkt\/breeze-air-humidifier-m-3in1-black\/#primaryimage\",\"url\":\"https:\/\/www.comoditahome.com\/ks\/wp-content\/uploads\/2026\/03\/3905710930074-1.jpg\",\"contentUrl\":\"https:\/\/www.comoditahome.com\/ks\/wp-content\/uploads\/2026\/03\/3905710930074-1.jpg\",\"width\":1200,\"height\":1300},{\"@type\":\"BreadcrumbList\",\"@id\":\"https:\/\/www.comoditahome.com\/ks\/produkt\/breeze-air-humidifier-m-3in1-black\/#breadcrumb\",\"itemListElement\":[{\"@type\":\"ListItem\",\"position\":1,\"name\":\"Comodita Home Kosova - Dyshek Mattress\",\"item\":\"https:\/\/www.comoditahome.com\/ks\/\"},{\"@type\":\"ListItem\",\"position\":2,\"name\":\"Shop\",\"item\":\"https:\/\/www.comoditahome.com\/ks\/shop\/\"},{\"@type\":\"ListItem\",\"position\":3,\"name\":\"Breeze air humidifier M Black\"}]},{\"@type\":\"WebSite\",\"@id\":\"https:\/\/www.comoditahome.com\/ks\/#website\",\"url\":\"https:\/\/www.comoditahome.com\/ks\/\",\"name\":\"Comodita Home\",\"description\":\"Dyshek, Jorgan, Jast\u00ebk, Kuzhine, Banjo, Kopsht dhe Aksesor\u00eb\",\"publisher\":{\"@id\":\"https:\/\/www.comoditahome.com\/ks\/#organization\"},\"potentialAction\":[{\"@type\":\"SearchAction\",\"target\":{\"@type\":\"EntryPoint\",\"urlTemplate\":\"https:\/\/www.comoditahome.com\/ks\/?s={search_term_string}\"},\"query-input\":\"required name=search_term_string\"}],\"inLanguage\":\"sq\"},{\"@type\":\"Organization\",\"@id\":\"https:\/\/www.comoditahome.com\/ks\/#organization\",\"name\":\"Comodita Home\",\"url\":\"https:\/\/www.comoditahome.com\/ks\/\",\"logo\":{\"@type\":\"ImageObject\",\"inLanguage\":\"sq\",\"@id\":\"https:\/\/www.comoditahome.com\/ks\/#\/schema\/logo\/image\/\",\"url\":\"https:\/\/www.comoditahome.com\/ks\/wp-content\/uploads\/2022\/05\/COMODITA_HOME_LOGO_KS_MK_AL-02.png\",\"contentUrl\":\"https:\/\/www.comoditahome.com\/ks\/wp-content\/uploads\/2022\/05\/COMODITA_HOME_LOGO_KS_MK_AL-02.png\",\"width\":180,\"height\":87,\"caption\":\"Comodita Home\"},\"image\":{\"@id\":\"https:\/\/www.comoditahome.com\/ks\/#\/schema\/logo\/image\/\"},\"sameAs\":[\"https:\/\/www.facebook.com\/comoditahome\/\",\"https:\/\/www.instagram.com\/comoditahome\/\",\"https:\/\/www.linkedin.com\/company\/comoditahome\/?originalSubdomain=fj\",\"https:\/\/www.youtube.com\/channel\/UC5O6IsT4JD4zaiOqmRi_Pvg\"]}]}<\/script>\n<!-- \/ Yoast SEO Premium plugin. -->","yoast_head_json":{"title":"Breeze air humidifier M Black - Comodita Home","description":"Rainbow Air S \u00ebsht\u00eb nj\u00eb lag\u00ebshtues ajri ultrasonik me 3 funksione n\u00eb nj\u00eb vend. Kjo pajisje rregullon lag\u00ebshtin\u00eb e ajrit (me rezervuar me 1.3...","robots":{"index":"index","follow":"follow","max-snippet":"max-snippet:-1","max-image-preview":"max-image-preview:large","max-video-preview":"max-video-preview:-1"},"canonical":"https:\/\/www.comoditahome.com\/ks\/produkt\/breeze-air-humidifier-m-3in1-black\/","og_locale":"sq_AL","og_type":"article","og_title":"Breeze air humidifier M Black","og_description":"Rainbow Air S \u00ebsht\u00eb nj\u00eb lag\u00ebshtues ajri ultrasonik me 3 funksione n\u00eb nj\u00eb vend. Kjo pajisje rregullon lag\u00ebshtin\u00eb e ajrit (me rezervuar me 1.3...","og_url":"https:\/\/www.comoditahome.com\/ks\/produkt\/breeze-air-humidifier-m-3in1-black\/","og_site_name":"Comodita Home","article_publisher":"https:\/\/www.facebook.com\/comoditahome\/","article_modified_time":"2026-04-27T10:01:08+00:00","og_image":[{"width":1200,"height":1300,"url":"https:\/\/www.comoditahome.com\/ks\/wp-content\/uploads\/2026\/03\/3905710930074-1.jpg","type":"image\/jpeg"}],"twitter_card":"summary_large_image","twitter_misc":{"Est. reading time":"1 minut\u00eb"},"schema":{"@context":"https:\/\/schema.org","@graph":[{"@type":"WebPage","@id":"https:\/\/www.comoditahome.com\/ks\/produkt\/breeze-air-humidifier-m-3in1-black\/","url":"https:\/\/www.comoditahome.com\/ks\/produkt\/breeze-air-humidifier-m-3in1-black\/","name":"Breeze air humidifier M Black - Comodita Home","isPartOf":{"@id":"https:\/\/www.comoditahome.com\/ks\/#website"},"primaryImageOfPage":{"@id":"https:\/\/www.comoditahome.com\/ks\/produkt\/breeze-air-humidifier-m-3in1-black\/#primaryimage"},"image":{"@id":"https:\/\/www.comoditahome.com\/ks\/produkt\/breeze-air-humidifier-m-3in1-black\/#primaryimage"},"thumbnailUrl":"https:\/\/www.comoditahome.com\/ks\/wp-content\/uploads\/2026\/03\/3905710930074-1.jpg","datePublished":"2026-03-03T11:47:49+00:00","dateModified":"2026-04-27T10:01:08+00:00","description":"Rainbow Air S \u00ebsht\u00eb nj\u00eb lag\u00ebshtues ajri ultrasonik me 3 funksione n\u00eb nj\u00eb vend. Kjo pajisje rregullon lag\u00ebshtin\u00eb e ajrit (me rezervuar me 1.3...","breadcrumb":{"@id":"https:\/\/www.comoditahome.com\/ks\/produkt\/breeze-air-humidifier-m-3in1-black\/#breadcrumb"},"inLanguage":"sq","potentialAction":[{"@type":"ReadAction","target":["https:\/\/www.comoditahome.com\/ks\/produkt\/breeze-air-humidifier-m-3in1-black\/"]}]},{"@type":"ImageObject","inLanguage":"sq","@id":"https:\/\/www.comoditahome.com\/ks\/produkt\/breeze-air-humidifier-m-3in1-black\/#primaryimage","url":"https:\/\/www.comoditahome.com\/ks\/wp-content\/uploads\/2026\/03\/3905710930074-1.jpg","contentUrl":"https:\/\/www.comoditahome.com\/ks\/wp-content\/uploads\/2026\/03\/3905710930074-1.jpg","width":1200,"height":1300},{"@type":"BreadcrumbList","@id":"https:\/\/www.comoditahome.com\/ks\/produkt\/breeze-air-humidifier-m-3in1-black\/#breadcrumb","itemListElement":[{"@type":"ListItem","position":1,"name":"Comodita Home Kosova - Dyshek Mattress","item":"https:\/\/www.comoditahome.com\/ks\/"},{"@type":"ListItem","position":2,"name":"Shop","item":"https:\/\/www.comoditahome.com\/ks\/shop\/"},{"@type":"ListItem","position":3,"name":"Breeze air humidifier M Black"}]},{"@type":"WebSite","@id":"https:\/\/www.comoditahome.com\/ks\/#website","url":"https:\/\/www.comoditahome.com\/ks\/","name":"Comodita Home","description":"Dyshek, Jorgan, Jast\u00ebk, Kuzhine, Banjo, Kopsht dhe Aksesor\u00eb","publisher":{"@id":"https:\/\/www.comoditahome.com\/ks\/#organization"},"potentialAction":[{"@type":"SearchAction","target":{"@type":"EntryPoint","urlTemplate":"https:\/\/www.comoditahome.com\/ks\/?s={search_term_string}"},"query-input":"required name=search_term_string"}],"inLanguage":"sq"},{"@type":"Organization","@id":"https:\/\/www.comoditahome.com\/ks\/#organization","name":"Comodita Home","url":"https:\/\/www.comoditahome.com\/ks\/","logo":{"@type":"ImageObject","inLanguage":"sq","@id":"https:\/\/www.comoditahome.com\/ks\/#\/schema\/logo\/image\/","url":"https:\/\/www.comoditahome.com\/ks\/wp-content\/uploads\/2022\/05\/COMODITA_HOME_LOGO_KS_MK_AL-02.png","contentUrl":"https:\/\/www.comoditahome.com\/ks\/wp-content\/uploads\/2022\/05\/COMODITA_HOME_LOGO_KS_MK_AL-02.png","width":180,"height":87,"caption":"Comodita Home"},"image":{"@id":"https:\/\/www.comoditahome.com\/ks\/#\/schema\/logo\/image\/"},"sameAs":["https:\/\/www.facebook.com\/comoditahome\/","https:\/\/www.instagram.com\/comoditahome\/","https:\/\/www.linkedin.com\/company\/comoditahome\/?originalSubdomain=fj","https:\/\/www.youtube.com\/channel\/UC5O6IsT4JD4zaiOqmRi_Pvg"]}]}},"_links":{"self":[{"href":"https:\/\/www.comoditahome.com\/ks\/wp-json\/wp\/v2\/product\/114766","targetHints":{"allow":["GET"]}}],"collection":[{"href":"https:\/\/www.comoditahome.com\/ks\/wp-json\/wp\/v2\/product"}],"about":[{"href":"https:\/\/www.comoditahome.com\/ks\/wp-json\/wp\/v2\/types\/product"}],"version-history":[{"count":5,"href":"https:\/\/www.comoditahome.com\/ks\/wp-json\/wp\/v2\/product\/114766\/revisions"}],"predecessor-version":[{"id":114815,"href":"https:\/\/www.comoditahome.com\/ks\/wp-json\/wp\/v2\/product\/114766\/revisions\/114815"}],"wp:featuredmedia":[{"embeddable":true,"href":"https:\/\/www.comoditahome.com\/ks\/wp-json\/wp\/v2\/media\/114810"}],"wp:attachment":[{"href":"https:\/\/www.comoditahome.com\/ks\/wp-json\/wp\/v2\/media?parent=114766"}],"wp:term":[{"taxonomy":"product_brand","embeddable":true,"href":"https:\/\/www.comoditahome.com\/ks\/wp-json\/wp\/v2\/product_brand?post=114766"},{"taxonomy":"product_cat","embeddable":true,"href":"https:\/\/www.comoditahome.com\/ks\/wp-json\/wp\/v2\/product_cat?post=114766"},{"taxonomy":"product_tag","embeddable":true,"href":"https:\/\/www.comoditahome.com\/ks\/wp-json\/wp\/v2\/product_tag?post=114766"}],"curies":[{"name":"wp","href":"https:\/\/api.w.org\/{rel}","templated":true}]}}