 {"id":115082,"date":"2026-03-11T10:00:28","date_gmt":"2026-03-11T09:00:28","guid":{"rendered":"https:\/\/www.comoditahome.com\/ks\/?post_type=product&#038;p=115082"},"modified":"2026-04-24T09:20:44","modified_gmt":"2026-04-24T07:20:44","slug":"set-gotash-per-pije-ic-smoked-6-pjese","status":"publish","type":"product","link":"https:\/\/www.comoditahome.com\/ks\/produkt\/set-gotash-per-pije-ic-smoked-6-pjese\/","title":{"rendered":"Set Gotash Iconic Smoked"},"content":{"rendered":"<p style=\"text-align: left;\">Shtoni sofistikim n\u00eb \u00e7do servim me setin modern t\u00eb gotave Iconic Smoked.<\/p>\n<p style=\"text-align: left;\">Me ngjyr\u00eb unike q\u00eb kalon but\u00ebsisht nga gri n\u00eb t\u00eb zez\u00eb dhe dizajn elegant,<\/p>\n<p style=\"text-align: left;\">k\u00ebto gota jan\u00eb perfekte p\u00ebr pije t\u00eb fresk\u00ebta, l\u00ebngje, apo koktejle t\u00eb ve\u00e7anta.<\/p>\n<p style=\"text-align: left;\">Ideale p\u00ebr darka elegante apo mikpritje me stil \u2013 kombinim i shk\u00eblqyesh\u00ebm i fines\u00ebs dhe funksionalitetit.<\/p>\n","protected":false},"excerpt":{"rendered":"<p style=\"text-align: left;\">Shtoni sofistikim n\u00eb \u00e7do servim me setin modern t\u00eb gotave Iconic Smoked. Me ngjyr\u00eb unike q\u00eb kalon but\u00ebsisht nga gri n\u00eb t\u00eb zez\u00eb dhe dizajn elegant, k\u00ebto gota jan\u00eb perfekte p\u00ebr pije t\u00eb fresk\u00ebta, l\u00ebngje, apo koktejle t\u00eb ve\u00e7anta. Ideale p\u00ebr darka elegante apo mikpritje me stil \u2013 kombinim i shk\u00eblqyesh\u00ebm i fines\u00ebs dhe funksionalitetit.<br \/>\n<strong>Dimensioni \/ Kompozicioni:<\/strong> Seti ka 6 cop\u00eb<br \/>\n<strong>NGJYRA:<\/strong> Nuanc\u00eb hiri n\u00eb t\u00eb zez\u00eb<br \/>\n<strong>MATERIALI:<\/strong> Qelq<br \/>\n<strong>UDH\u00cbZIMET E P\u00cbRDORIMIT:<\/strong> T\u00eb pastrohet me Dor\u00eb<br \/>\n<strong>KUSHTET E KTHIMIT \/ GARANCION:<\/strong> P\u00ebr k\u00ebt\u00eb produkt pranohet reklamacion brenda 24 or\u00ebve pasi t\u00eb pranoni porosin\u00eb.<br \/>\n<span style=\"color: #ffffff;\">8682225164297 gota gastare uje langje lengje<\/span><\/p>\n","protected":false},"featured_media":115085,"template":"","meta":[],"product_brand":[],"product_cat":[136,140],"product_tag":[],"class_list":{"0":"post-115082","1":"product","2":"type-product","3":"status-publish","4":"has-post-thumbnail","6":"product_cat-tryeze","7":"product_cat-set-gotash","9":"first","10":"outofstock","11":"sale","12":"featured","13":"shipping-taxable","14":"purchasable","15":"product-type-simple","16":"layout-style-1","17":"col-md-4 col-sm-4 col-xs-6","18":"col-lg-2","19":"product-has-gallery","20":"product-style-default"},"yoast_head":"<!-- This site is optimized with the Yoast SEO Premium plugin v18.2.1 (Yoast SEO v22.5) - https:\/\/yoast.com\/wordpress\/plugins\/seo\/ -->\n<title>Set Gotash Iconic Smoked - Comodita Home<\/title>\n<meta name=\"robots\" content=\"index, follow, max-snippet:-1, max-image-preview:large, max-video-preview:-1\" \/>\n<link rel=\"canonical\" href=\"https:\/\/www.comoditahome.com\/ks\/produkt\/set-gotash-per-pije-ic-smoked-6-pjese\/\" \/>\n<meta property=\"og:locale\" content=\"sq_AL\" \/>\n<meta property=\"og:type\" content=\"article\" \/>\n<meta property=\"og:title\" content=\"Set Gotash Iconic Smoked\" \/>\n<meta property=\"og:description\" content=\"Shtoni sofistikim n\u00eb \u00e7do servim me setin modern t\u00eb gotave Iconic Smoked. Me ngjyr\u00eb unike q\u00eb kalon but\u00ebsisht nga gri n\u00eb t\u00eb zez\u00eb dhe dizajn elegant, k\u00ebto gota jan\u00eb perfekte p\u00ebr pije t\u00eb fresk\u00ebta, l\u00ebngje, apo koktejle t\u00eb ve\u00e7anta. Ideale p\u00ebr darka elegante apo mikpritje me stil \u2013 kombinim i shk\u00eblqyesh\u00ebm i fines\u00ebs dhe funksionalitetit. Dimensioni \/ Kompozicioni: Seti ka 6 cop\u00eb NGJYRA: Nuanc\u00eb hiri n\u00eb t\u00eb zez\u00eb MATERIALI: Qelq UDH\u00cbZIMET E P\u00cbRDORIMIT: T\u00eb pastrohet me Dor\u00eb KUSHTET E KTHIMIT \/ GARANCION: P\u00ebr k\u00ebt\u00eb produkt pranohet reklamacion brenda 24 or\u00ebve pasi t\u00eb pranoni porosin\u00eb. 8682225164297 gota gastare uje langje lengje\" \/>\n<meta property=\"og:url\" content=\"https:\/\/www.comoditahome.com\/ks\/produkt\/set-gotash-per-pije-ic-smoked-6-pjese\/\" \/>\n<meta property=\"og:site_name\" content=\"Comodita Home\" \/>\n<meta property=\"article:publisher\" content=\"https:\/\/www.facebook.com\/comoditahome\/\" \/>\n<meta property=\"article:modified_time\" content=\"2026-04-24T07:20:44+00:00\" \/>\n<meta property=\"og:image\" content=\"https:\/\/www.comoditahome.com\/ks\/wp-content\/uploads\/2026\/03\/8682225164297-1.jpg\" \/>\n\t<meta property=\"og:image:width\" content=\"1200\" \/>\n\t<meta property=\"og:image:height\" content=\"1300\" \/>\n\t<meta property=\"og:image:type\" content=\"image\/jpeg\" \/>\n<meta name=\"twitter:card\" content=\"summary_large_image\" \/>\n<meta name=\"twitter:label1\" content=\"Est. reading time\" \/>\n\t<meta name=\"twitter:data1\" content=\"1 minut\u00eb\" \/>\n<script type=\"application\/ld+json\" class=\"yoast-schema-graph\">{\"@context\":\"https:\/\/schema.org\",\"@graph\":[{\"@type\":\"WebPage\",\"@id\":\"https:\/\/www.comoditahome.com\/ks\/produkt\/set-gotash-per-pije-ic-smoked-6-pjese\/\",\"url\":\"https:\/\/www.comoditahome.com\/ks\/produkt\/set-gotash-per-pije-ic-smoked-6-pjese\/\",\"name\":\"Set Gotash Iconic Smoked - Comodita Home\",\"isPartOf\":{\"@id\":\"https:\/\/www.comoditahome.com\/ks\/#website\"},\"primaryImageOfPage\":{\"@id\":\"https:\/\/www.comoditahome.com\/ks\/produkt\/set-gotash-per-pije-ic-smoked-6-pjese\/#primaryimage\"},\"image\":{\"@id\":\"https:\/\/www.comoditahome.com\/ks\/produkt\/set-gotash-per-pije-ic-smoked-6-pjese\/#primaryimage\"},\"thumbnailUrl\":\"https:\/\/www.comoditahome.com\/ks\/wp-content\/uploads\/2026\/03\/8682225164297-1.jpg\",\"datePublished\":\"2026-03-11T09:00:28+00:00\",\"dateModified\":\"2026-04-24T07:20:44+00:00\",\"breadcrumb\":{\"@id\":\"https:\/\/www.comoditahome.com\/ks\/produkt\/set-gotash-per-pije-ic-smoked-6-pjese\/#breadcrumb\"},\"inLanguage\":\"sq\",\"potentialAction\":[{\"@type\":\"ReadAction\",\"target\":[\"https:\/\/www.comoditahome.com\/ks\/produkt\/set-gotash-per-pije-ic-smoked-6-pjese\/\"]}]},{\"@type\":\"ImageObject\",\"inLanguage\":\"sq\",\"@id\":\"https:\/\/www.comoditahome.com\/ks\/produkt\/set-gotash-per-pije-ic-smoked-6-pjese\/#primaryimage\",\"url\":\"https:\/\/www.comoditahome.com\/ks\/wp-content\/uploads\/2026\/03\/8682225164297-1.jpg\",\"contentUrl\":\"https:\/\/www.comoditahome.com\/ks\/wp-content\/uploads\/2026\/03\/8682225164297-1.jpg\",\"width\":1200,\"height\":1300},{\"@type\":\"BreadcrumbList\",\"@id\":\"https:\/\/www.comoditahome.com\/ks\/produkt\/set-gotash-per-pije-ic-smoked-6-pjese\/#breadcrumb\",\"itemListElement\":[{\"@type\":\"ListItem\",\"position\":1,\"name\":\"Comodita Home Kosova - Dyshek Mattress\",\"item\":\"https:\/\/www.comoditahome.com\/ks\/\"},{\"@type\":\"ListItem\",\"position\":2,\"name\":\"Shop\",\"item\":\"https:\/\/www.comoditahome.com\/ks\/shop\/\"},{\"@type\":\"ListItem\",\"position\":3,\"name\":\"Set Gotash Iconic Smoked\"}]},{\"@type\":\"WebSite\",\"@id\":\"https:\/\/www.comoditahome.com\/ks\/#website\",\"url\":\"https:\/\/www.comoditahome.com\/ks\/\",\"name\":\"Comodita Home\",\"description\":\"Dyshek, Jorgan, Jast\u00ebk, Kuzhine, Banjo, Kopsht dhe Aksesor\u00eb\",\"publisher\":{\"@id\":\"https:\/\/www.comoditahome.com\/ks\/#organization\"},\"potentialAction\":[{\"@type\":\"SearchAction\",\"target\":{\"@type\":\"EntryPoint\",\"urlTemplate\":\"https:\/\/www.comoditahome.com\/ks\/?s={search_term_string}\"},\"query-input\":\"required name=search_term_string\"}],\"inLanguage\":\"sq\"},{\"@type\":\"Organization\",\"@id\":\"https:\/\/www.comoditahome.com\/ks\/#organization\",\"name\":\"Comodita Home\",\"url\":\"https:\/\/www.comoditahome.com\/ks\/\",\"logo\":{\"@type\":\"ImageObject\",\"inLanguage\":\"sq\",\"@id\":\"https:\/\/www.comoditahome.com\/ks\/#\/schema\/logo\/image\/\",\"url\":\"https:\/\/www.comoditahome.com\/ks\/wp-content\/uploads\/2022\/05\/COMODITA_HOME_LOGO_KS_MK_AL-02.png\",\"contentUrl\":\"https:\/\/www.comoditahome.com\/ks\/wp-content\/uploads\/2022\/05\/COMODITA_HOME_LOGO_KS_MK_AL-02.png\",\"width\":180,\"height\":87,\"caption\":\"Comodita Home\"},\"image\":{\"@id\":\"https:\/\/www.comoditahome.com\/ks\/#\/schema\/logo\/image\/\"},\"sameAs\":[\"https:\/\/www.facebook.com\/comoditahome\/\",\"https:\/\/www.instagram.com\/comoditahome\/\",\"https:\/\/www.linkedin.com\/company\/comoditahome\/?originalSubdomain=fj\",\"https:\/\/www.youtube.com\/channel\/UC5O6IsT4JD4zaiOqmRi_Pvg\"]}]}<\/script>\n<!-- \/ Yoast SEO Premium plugin. -->","yoast_head_json":{"title":"Set Gotash Iconic Smoked - Comodita Home","robots":{"index":"index","follow":"follow","max-snippet":"max-snippet:-1","max-image-preview":"max-image-preview:large","max-video-preview":"max-video-preview:-1"},"canonical":"https:\/\/www.comoditahome.com\/ks\/produkt\/set-gotash-per-pije-ic-smoked-6-pjese\/","og_locale":"sq_AL","og_type":"article","og_title":"Set Gotash Iconic Smoked","og_description":"Shtoni sofistikim n\u00eb \u00e7do servim me setin modern t\u00eb gotave Iconic Smoked. Me ngjyr\u00eb unike q\u00eb kalon but\u00ebsisht nga gri n\u00eb t\u00eb zez\u00eb dhe dizajn elegant, k\u00ebto gota jan\u00eb perfekte p\u00ebr pije t\u00eb fresk\u00ebta, l\u00ebngje, apo koktejle t\u00eb ve\u00e7anta. Ideale p\u00ebr darka elegante apo mikpritje me stil \u2013 kombinim i shk\u00eblqyesh\u00ebm i fines\u00ebs dhe funksionalitetit. Dimensioni \/ Kompozicioni: Seti ka 6 cop\u00eb NGJYRA: Nuanc\u00eb hiri n\u00eb t\u00eb zez\u00eb MATERIALI: Qelq UDH\u00cbZIMET E P\u00cbRDORIMIT: T\u00eb pastrohet me Dor\u00eb KUSHTET E KTHIMIT \/ GARANCION: P\u00ebr k\u00ebt\u00eb produkt pranohet reklamacion brenda 24 or\u00ebve pasi t\u00eb pranoni porosin\u00eb. 8682225164297 gota gastare uje langje lengje","og_url":"https:\/\/www.comoditahome.com\/ks\/produkt\/set-gotash-per-pije-ic-smoked-6-pjese\/","og_site_name":"Comodita Home","article_publisher":"https:\/\/www.facebook.com\/comoditahome\/","article_modified_time":"2026-04-24T07:20:44+00:00","og_image":[{"width":1200,"height":1300,"url":"https:\/\/www.comoditahome.com\/ks\/wp-content\/uploads\/2026\/03\/8682225164297-1.jpg","type":"image\/jpeg"}],"twitter_card":"summary_large_image","twitter_misc":{"Est. reading time":"1 minut\u00eb"},"schema":{"@context":"https:\/\/schema.org","@graph":[{"@type":"WebPage","@id":"https:\/\/www.comoditahome.com\/ks\/produkt\/set-gotash-per-pije-ic-smoked-6-pjese\/","url":"https:\/\/www.comoditahome.com\/ks\/produkt\/set-gotash-per-pije-ic-smoked-6-pjese\/","name":"Set Gotash Iconic Smoked - Comodita Home","isPartOf":{"@id":"https:\/\/www.comoditahome.com\/ks\/#website"},"primaryImageOfPage":{"@id":"https:\/\/www.comoditahome.com\/ks\/produkt\/set-gotash-per-pije-ic-smoked-6-pjese\/#primaryimage"},"image":{"@id":"https:\/\/www.comoditahome.com\/ks\/produkt\/set-gotash-per-pije-ic-smoked-6-pjese\/#primaryimage"},"thumbnailUrl":"https:\/\/www.comoditahome.com\/ks\/wp-content\/uploads\/2026\/03\/8682225164297-1.jpg","datePublished":"2026-03-11T09:00:28+00:00","dateModified":"2026-04-24T07:20:44+00:00","breadcrumb":{"@id":"https:\/\/www.comoditahome.com\/ks\/produkt\/set-gotash-per-pije-ic-smoked-6-pjese\/#breadcrumb"},"inLanguage":"sq","potentialAction":[{"@type":"ReadAction","target":["https:\/\/www.comoditahome.com\/ks\/produkt\/set-gotash-per-pije-ic-smoked-6-pjese\/"]}]},{"@type":"ImageObject","inLanguage":"sq","@id":"https:\/\/www.comoditahome.com\/ks\/produkt\/set-gotash-per-pije-ic-smoked-6-pjese\/#primaryimage","url":"https:\/\/www.comoditahome.com\/ks\/wp-content\/uploads\/2026\/03\/8682225164297-1.jpg","contentUrl":"https:\/\/www.comoditahome.com\/ks\/wp-content\/uploads\/2026\/03\/8682225164297-1.jpg","width":1200,"height":1300},{"@type":"BreadcrumbList","@id":"https:\/\/www.comoditahome.com\/ks\/produkt\/set-gotash-per-pije-ic-smoked-6-pjese\/#breadcrumb","itemListElement":[{"@type":"ListItem","position":1,"name":"Comodita Home Kosova - Dyshek Mattress","item":"https:\/\/www.comoditahome.com\/ks\/"},{"@type":"ListItem","position":2,"name":"Shop","item":"https:\/\/www.comoditahome.com\/ks\/shop\/"},{"@type":"ListItem","position":3,"name":"Set Gotash Iconic Smoked"}]},{"@type":"WebSite","@id":"https:\/\/www.comoditahome.com\/ks\/#website","url":"https:\/\/www.comoditahome.com\/ks\/","name":"Comodita Home","description":"Dyshek, Jorgan, Jast\u00ebk, Kuzhine, Banjo, Kopsht dhe Aksesor\u00eb","publisher":{"@id":"https:\/\/www.comoditahome.com\/ks\/#organization"},"potentialAction":[{"@type":"SearchAction","target":{"@type":"EntryPoint","urlTemplate":"https:\/\/www.comoditahome.com\/ks\/?s={search_term_string}"},"query-input":"required name=search_term_string"}],"inLanguage":"sq"},{"@type":"Organization","@id":"https:\/\/www.comoditahome.com\/ks\/#organization","name":"Comodita Home","url":"https:\/\/www.comoditahome.com\/ks\/","logo":{"@type":"ImageObject","inLanguage":"sq","@id":"https:\/\/www.comoditahome.com\/ks\/#\/schema\/logo\/image\/","url":"https:\/\/www.comoditahome.com\/ks\/wp-content\/uploads\/2022\/05\/COMODITA_HOME_LOGO_KS_MK_AL-02.png","contentUrl":"https:\/\/www.comoditahome.com\/ks\/wp-content\/uploads\/2022\/05\/COMODITA_HOME_LOGO_KS_MK_AL-02.png","width":180,"height":87,"caption":"Comodita Home"},"image":{"@id":"https:\/\/www.comoditahome.com\/ks\/#\/schema\/logo\/image\/"},"sameAs":["https:\/\/www.facebook.com\/comoditahome\/","https:\/\/www.instagram.com\/comoditahome\/","https:\/\/www.linkedin.com\/company\/comoditahome\/?originalSubdomain=fj","https:\/\/www.youtube.com\/channel\/UC5O6IsT4JD4zaiOqmRi_Pvg"]}]}},"_links":{"self":[{"href":"https:\/\/www.comoditahome.com\/ks\/wp-json\/wp\/v2\/product\/115082","targetHints":{"allow":["GET"]}}],"collection":[{"href":"https:\/\/www.comoditahome.com\/ks\/wp-json\/wp\/v2\/product"}],"about":[{"href":"https:\/\/www.comoditahome.com\/ks\/wp-json\/wp\/v2\/types\/product"}],"version-history":[{"count":3,"href":"https:\/\/www.comoditahome.com\/ks\/wp-json\/wp\/v2\/product\/115082\/revisions"}],"predecessor-version":[{"id":115089,"href":"https:\/\/www.comoditahome.com\/ks\/wp-json\/wp\/v2\/product\/115082\/revisions\/115089"}],"wp:featuredmedia":[{"embeddable":true,"href":"https:\/\/www.comoditahome.com\/ks\/wp-json\/wp\/v2\/media\/115085"}],"wp:attachment":[{"href":"https:\/\/www.comoditahome.com\/ks\/wp-json\/wp\/v2\/media?parent=115082"}],"wp:term":[{"taxonomy":"product_brand","embeddable":true,"href":"https:\/\/www.comoditahome.com\/ks\/wp-json\/wp\/v2\/product_brand?post=115082"},{"taxonomy":"product_cat","embeddable":true,"href":"https:\/\/www.comoditahome.com\/ks\/wp-json\/wp\/v2\/product_cat?post=115082"},{"taxonomy":"product_tag","embeddable":true,"href":"https:\/\/www.comoditahome.com\/ks\/wp-json\/wp\/v2\/product_tag?post=115082"}],"curies":[{"name":"wp","href":"https:\/\/api.w.org\/{rel}","templated":true}]}}