 {"id":115740,"date":"2026-04-01T14:49:33","date_gmt":"2026-04-01T12:49:33","guid":{"rendered":"https:\/\/www.comoditahome.com\/ks\/?post_type=product&#038;p=115740"},"modified":"2026-04-02T10:38:17","modified_gmt":"2026-04-02T08:38:17","slug":"fast-chupper-4-pjese","status":"publish","type":"product","link":"https:\/\/www.comoditahome.com\/ks\/produkt\/fast-chupper-4-pjese\/","title":{"rendered":"Fast Chopper"},"content":{"rendered":"<p><span data-contrast=\"auto\">\u00ebrgatitni\u00a0ushqimin\u00a0shpejt\u00a0dhe\u00a0leht\u00eb\u00a0me\u00a0<\/span><b><span data-contrast=\"auto\">Fast Chopper\u00a04\u00a0pjes\u00ebsh<\/span><\/b><span data-contrast=\"auto\">,<\/span><\/p>\n<p><span data-contrast=\"auto\">Pajisjen ideale p\u00ebr grirjen e mishit, perimeve, arrave dhe shum\u00eb p\u00ebrb\u00ebr\u00ebsve t\u00eb tjer\u00eb. <\/span><\/p>\n<p><span data-contrast=\"auto\">Me\u00a0dizajn\u00a0modern\u00a0dhe\u00a0performanc\u00eb\u00a0t\u00eb\u00a0fuqishme,\u00a0<\/span><\/p>\n<p><span data-contrast=\"auto\">Fast Chopper\u00a0\u00ebsht\u00eb\u00a0zgjidhja\u00a0perfekte\u00a0p\u00ebr\u00a0p\u00ebrdorim\u00a0t\u00eb\u00a0p\u00ebrditsh\u00ebm\u00a0n\u00eb\u00a0\u00e7do\u00a0kuzhin\u00eb.<\/span><\/p>\n","protected":false},"excerpt":{"rendered":"<p style=\"text-align: left;\"><span data-contrast=\"auto\">P\u00ebrgatitni\u00a0ushqimin\u00a0shpejt\u00a0dhe\u00a0leht\u00eb\u00a0me\u00a0<\/span><b><span data-contrast=\"auto\">Fast Chopper\u00a04\u00a0pjes\u00ebsh<\/span><\/b><span data-contrast=\"auto\">,\u00a0pajisjen\u00a0ideale\u00a0p\u00ebr\u00a0grirjen\u00a0e mishit,\u00a0perimeve,\u00a0arrave\u00a0dhe\u00a0shum\u00eb\u00a0p\u00ebrb\u00ebr\u00ebsve\u00a0t\u00eb\u00a0tjer\u00eb. Me\u00a0dizajn\u00a0modern\u00a0dhe\u00a0performanc\u00eb\u00a0t\u00eb\u00a0fuqishme,\u00a0Fast Chopper\u00a0\u00ebsht\u00eb\u00a0zgjidhja\u00a0perfekte\u00a0p\u00ebr\u00a0p\u00ebrdorim\u00a0t\u00eb\u00a0p\u00ebrditsh\u00ebm\u00a0n\u00eb\u00a0\u00e7do\u00a0kuzhin\u00eb.<br \/>\n<\/span><span data-contrast=\"auto\">Motori\u00a0i\u00a0fuqish\u00ebm\u00a0me\u00a0300W\u00a0fuqi\u00a0dhe\u00a0me\u00a0bak\u00ebr\u00a0100%\u00a0t\u00eb\u00a0past\u00ebr\u00a0garanton\u00a0efikasitet\u00a0t\u00eb\u00a0lart\u00eb\u00a0dhe\u00a0jet\u00ebgjat\u00ebsi,\u00a0nd\u00ebrsa\u00a0sistemi\u00a0i\u00a0ingranazheve\u00a0planetare\u00a0metalike\u00a0siguron\u00a0funksionim\u00a0t\u00eb\u00a0qet\u00eb\u00a0me\u00a0zhurm\u00eb\u00a0t\u00eb\u00a0ul\u00ebt\u00a0dhe\u00a0rezultate\u00a0t\u00eb\u00a0nj\u00ebtrajtshme. Dy\u00a0nivelet\u00a0e\u00a0shpejt\u00ebsis\u00eb\u00a0ju\u00a0lejojn\u00eb\u00a0t\u00eb\u00a0p\u00ebrshtatni\u00a0fuqin\u00eb\u00a0sipas\u00a0nevoj\u00ebs,\u00a0nga\u00a0prerja\u00a0e\u00a0but\u00eb\u00a0e\u00a0perimeve\u00a0deri\u00a0te\u00a0grirja\u00a0m\u00eb intensive e mishit.<br \/>\n<\/span><span data-contrast=\"auto\">Ena\u00a0nga\u00a0qelqi\u00a0me\u00a0kapacitet\u00a01.2L\u00a0\u00ebsht\u00eb\u00a0e\u00a0q\u00ebndrueshme\u00a0dhe\u00a0praktike,\u00a0nd\u00ebrsa\u00a0teh\u00ebt\u00a0nga\u00a0\u00e7elik\u00a0inox\u00a0ofrojn\u00eb\u00a0prerje\u00a0t\u00eb\u00a0sakt\u00eb\u00a0dhe\u00a0t\u00eb\u00a0shpejt\u00eb.\u00a0P\u00ebr\u00a0m\u00eb\u00a0shum\u00eb\u00a0siguri\u00a0gjat\u00eb\u00a0p\u00ebrdorimit,\u00a0pajisja\u00a0\u00ebsht\u00eb\u00a0e\u00a0pajisur\u00a0me\u00a0shtres\u00eb\u00a0silikoni\u00a0kund\u00ebr\u00a0rr\u00ebshqitjes\u00a0q\u00eb\u00a0mban\u00a0en\u00ebn\u00a0t\u00eb\u00a0q\u00ebndrueshme\u00a0n\u00eb\u00a0sip\u00ebrfaqe.\u00a0<\/span><span data-ccp-props=\"{&quot;134233117&quot;:true,&quot;134233118&quot;:true,&quot;201341983&quot;:0,&quot;335559740&quot;:240}\"><br \/>\n<\/span><b><span data-contrast=\"auto\">DIMENSIONI\/KOMPOZICIONI:<\/span><\/b><span data-contrast=\"auto\">\u00a0300W<\/span><span data-contrast=\"auto\">\u00a0|\u00a0<\/span><span data-contrast=\"auto\">Kapacitet\u00a0i\u00a0en\u00ebs\u00a01.2L,\u00a0dizajn\u00a0kompakt\u00a0me motor\u00a0t\u00eb\u00a0sip\u00ebrm\u00a0dhe\u00a0en\u00eb\u00a0qelqi\u00a0rezistente. Dy\u00a0nivele\u00a0shpejt\u00ebsie\u00a0p\u00ebr\u00a0p\u00ebrdorim\u00a0t\u00eb\u00a0gjithansh\u00ebm.<\/span><span data-ccp-props=\"{&quot;134233117&quot;:true,&quot;134233118&quot;:true,&quot;201341983&quot;:0,&quot;335559740&quot;:240}\"><br \/>\n<\/span><b><span data-contrast=\"auto\">NGJYRA:<\/span><\/b><span data-contrast=\"auto\">\u00a0E\u00a0zez\u00eb\u00a0me\u00a0elemente\u00a0transparente\u00a0dhe\u00a0detaje\u00a0metalike.<\/span><span data-ccp-props=\"{&quot;134233117&quot;:true,&quot;134233118&quot;:true,&quot;201341983&quot;:0,&quot;335559740&quot;:240}\"><br \/>\n<\/span><b><span data-contrast=\"auto\">MATERIALI:<\/span><\/b><span data-contrast=\"auto\">\u00a0Motor me\u00a0mb\u00ebshtjellje\u00a0bakri\u00a0<\/span><span data-contrast=\"auto\">|<\/span><span data-contrast=\"auto\">\u00a0Teh\u00eb\u00a0nga\u00a0\u00e7eliku\u00a0inox\u00a0<\/span><span data-contrast=\"auto\">|<\/span><span data-contrast=\"auto\">\u00a0En\u00eb\u00a0nga\u00a0qelqi\u00a0rezistent\u00a0<\/span><span data-contrast=\"auto\">|<\/span><span data-contrast=\"auto\">\u00a0Kapak\u00a0plastik\u00a0i\u00a0forte\u00a0<\/span><span data-contrast=\"auto\">|<\/span><span data-contrast=\"auto\">\u00a0Baz\u00eb\u00a0me\u00a0shtres\u00eb\u00a0silikoni\u00a0kund\u00ebr\u00a0rr\u00ebshqitjes.<\/span><span data-ccp-props=\"{&quot;134233117&quot;:true,&quot;134233118&quot;:true,&quot;201341983&quot;:0,&quot;335559740&quot;:240}\"><br \/>\n<\/span><b><span data-contrast=\"auto\">UDH\u00cbZIMET E P\u00cbRDORIMIT:<\/span><\/b><span data-contrast=\"auto\">\u202f<\/span><span data-ccp-props=\"{&quot;134233117&quot;:true,&quot;134233118&quot;:true,&quot;201341983&quot;:0,&quot;335559740&quot;:240}\"><br \/>\n<\/span><b><span data-contrast=\"auto\">KUSHTET E KTHIMIT \/ GARANCION:\u00a0<\/span><\/b><span data-contrast=\"auto\">Ky product ka 6\u00a0muaj\u00a0garancion.<\/span><span data-ccp-props=\"{&quot;134233117&quot;:true,&quot;134233118&quot;:true,&quot;201341983&quot;:0,&quot;335559740&quot;:240}\"><br \/>\n<\/span><span data-contrast=\"auto\">Zgjidhni\u00a0<\/span><b><span data-contrast=\"auto\">Fast Chopper<\/span><\/b><span data-contrast=\"auto\">\u00a0p\u00ebr\u00a0nj\u00eb\u00a0eksperienc\u00eb\u00a0t\u00eb\u00a0shpejt\u00eb,\u00a0t\u00eb\u00a0sigurt\u00a0dhe\u00a0profesionale\u00a0n\u00eb\u00a0kuzhin\u00ebn\u00a0tuaj!\u00a0<\/span><span data-ccp-props=\"{&quot;134233117&quot;:true,&quot;134233118&quot;:true,&quot;201341983&quot;:0,&quot;335559740&quot;:240}\">\u00a0<\/span><\/p>\n<p style=\"text-align: left;\"><span style=\"color: #ffffff;\">3905710930180<\/span><\/p>\n","protected":false},"featured_media":115741,"template":"","meta":[],"product_brand":[],"product_cat":[131,125],"product_tag":[],"class_list":{"0":"post-115740","1":"product","2":"type-product","3":"status-publish","4":"has-post-thumbnail","6":"product_cat-pajisje-elektrike","7":"product_cat-kuzhine","9":"first","10":"instock","11":"sale","12":"shipping-taxable","13":"purchasable","14":"product-type-simple","15":"new","16":"layout-style-1","17":"col-md-4 col-sm-4 col-xs-6","18":"col-lg-2","19":"product-has-gallery","20":"product-style-default"},"yoast_head":"<!-- This site is optimized with the Yoast SEO Premium plugin v18.2.1 (Yoast SEO v22.5) - https:\/\/yoast.com\/wordpress\/plugins\/seo\/ -->\n<title>Fast Chopper - Comodita Home<\/title>\n<meta name=\"description\" content=\"Pajisja Fast Hand Blender \u00ebsht\u00eb miku juaj m\u00eb i mir\u00eb i kuzhin\u00ebs. Me k\u00ebt\u00eb pajisje ju mund t\u00eb bluani apo cop\u00ebtoni mishin, frutat, perimet, arrat, er\u00ebzat..\" \/>\n<meta name=\"robots\" content=\"index, follow, max-snippet:-1, max-image-preview:large, max-video-preview:-1\" \/>\n<link rel=\"canonical\" href=\"https:\/\/www.comoditahome.com\/ks\/produkt\/fast-chupper-4-pjese\/\" \/>\n<meta property=\"og:locale\" content=\"sq_AL\" \/>\n<meta property=\"og:type\" content=\"article\" \/>\n<meta property=\"og:title\" content=\"Fast Chopper\" \/>\n<meta property=\"og:description\" content=\"Pajisja Fast Hand Blender \u00ebsht\u00eb miku juaj m\u00eb i mir\u00eb i kuzhin\u00ebs. Me k\u00ebt\u00eb pajisje ju mund t\u00eb bluani apo cop\u00ebtoni mishin, frutat, perimet, arrat, er\u00ebzat..\" \/>\n<meta property=\"og:url\" content=\"https:\/\/www.comoditahome.com\/ks\/produkt\/fast-chupper-4-pjese\/\" \/>\n<meta property=\"og:site_name\" content=\"Comodita Home\" \/>\n<meta property=\"article:publisher\" content=\"https:\/\/www.facebook.com\/comoditahome\/\" \/>\n<meta property=\"article:modified_time\" content=\"2026-04-02T08:38:17+00:00\" \/>\n<meta property=\"og:image\" content=\"https:\/\/www.comoditahome.com\/ks\/wp-content\/uploads\/2026\/04\/3905710930180-1.jpg\" \/>\n\t<meta property=\"og:image:width\" content=\"1200\" \/>\n\t<meta property=\"og:image:height\" content=\"1300\" \/>\n\t<meta property=\"og:image:type\" content=\"image\/jpeg\" \/>\n<meta name=\"twitter:card\" content=\"summary_large_image\" \/>\n<meta name=\"twitter:label1\" content=\"Est. reading time\" \/>\n\t<meta name=\"twitter:data1\" content=\"1 minut\u00eb\" \/>\n<script type=\"application\/ld+json\" class=\"yoast-schema-graph\">{\"@context\":\"https:\/\/schema.org\",\"@graph\":[{\"@type\":\"WebPage\",\"@id\":\"https:\/\/www.comoditahome.com\/ks\/produkt\/fast-chupper-4-pjese\/\",\"url\":\"https:\/\/www.comoditahome.com\/ks\/produkt\/fast-chupper-4-pjese\/\",\"name\":\"Fast Chopper - Comodita Home\",\"isPartOf\":{\"@id\":\"https:\/\/www.comoditahome.com\/ks\/#website\"},\"primaryImageOfPage\":{\"@id\":\"https:\/\/www.comoditahome.com\/ks\/produkt\/fast-chupper-4-pjese\/#primaryimage\"},\"image\":{\"@id\":\"https:\/\/www.comoditahome.com\/ks\/produkt\/fast-chupper-4-pjese\/#primaryimage\"},\"thumbnailUrl\":\"https:\/\/www.comoditahome.com\/ks\/wp-content\/uploads\/2026\/04\/3905710930180-1.jpg\",\"datePublished\":\"2026-04-01T12:49:33+00:00\",\"dateModified\":\"2026-04-02T08:38:17+00:00\",\"description\":\"Pajisja Fast Hand Blender \u00ebsht\u00eb miku juaj m\u00eb i mir\u00eb i kuzhin\u00ebs. Me k\u00ebt\u00eb pajisje ju mund t\u00eb bluani apo cop\u00ebtoni mishin, frutat, perimet, arrat, er\u00ebzat..\",\"breadcrumb\":{\"@id\":\"https:\/\/www.comoditahome.com\/ks\/produkt\/fast-chupper-4-pjese\/#breadcrumb\"},\"inLanguage\":\"sq\",\"potentialAction\":[{\"@type\":\"ReadAction\",\"target\":[\"https:\/\/www.comoditahome.com\/ks\/produkt\/fast-chupper-4-pjese\/\"]}]},{\"@type\":\"ImageObject\",\"inLanguage\":\"sq\",\"@id\":\"https:\/\/www.comoditahome.com\/ks\/produkt\/fast-chupper-4-pjese\/#primaryimage\",\"url\":\"https:\/\/www.comoditahome.com\/ks\/wp-content\/uploads\/2026\/04\/3905710930180-1.jpg\",\"contentUrl\":\"https:\/\/www.comoditahome.com\/ks\/wp-content\/uploads\/2026\/04\/3905710930180-1.jpg\",\"width\":1200,\"height\":1300},{\"@type\":\"BreadcrumbList\",\"@id\":\"https:\/\/www.comoditahome.com\/ks\/produkt\/fast-chupper-4-pjese\/#breadcrumb\",\"itemListElement\":[{\"@type\":\"ListItem\",\"position\":1,\"name\":\"Comodita Home Kosova - Dyshek Mattress\",\"item\":\"https:\/\/www.comoditahome.com\/ks\/\"},{\"@type\":\"ListItem\",\"position\":2,\"name\":\"Shop\",\"item\":\"https:\/\/www.comoditahome.com\/ks\/shop\/\"},{\"@type\":\"ListItem\",\"position\":3,\"name\":\"Fast Chopper\"}]},{\"@type\":\"WebSite\",\"@id\":\"https:\/\/www.comoditahome.com\/ks\/#website\",\"url\":\"https:\/\/www.comoditahome.com\/ks\/\",\"name\":\"Comodita Home\",\"description\":\"Dyshek, Jorgan, Jast\u00ebk, Kuzhine, Banjo, Kopsht dhe Aksesor\u00eb\",\"publisher\":{\"@id\":\"https:\/\/www.comoditahome.com\/ks\/#organization\"},\"potentialAction\":[{\"@type\":\"SearchAction\",\"target\":{\"@type\":\"EntryPoint\",\"urlTemplate\":\"https:\/\/www.comoditahome.com\/ks\/?s={search_term_string}\"},\"query-input\":\"required name=search_term_string\"}],\"inLanguage\":\"sq\"},{\"@type\":\"Organization\",\"@id\":\"https:\/\/www.comoditahome.com\/ks\/#organization\",\"name\":\"Comodita Home\",\"url\":\"https:\/\/www.comoditahome.com\/ks\/\",\"logo\":{\"@type\":\"ImageObject\",\"inLanguage\":\"sq\",\"@id\":\"https:\/\/www.comoditahome.com\/ks\/#\/schema\/logo\/image\/\",\"url\":\"https:\/\/www.comoditahome.com\/ks\/wp-content\/uploads\/2022\/05\/COMODITA_HOME_LOGO_KS_MK_AL-02.png\",\"contentUrl\":\"https:\/\/www.comoditahome.com\/ks\/wp-content\/uploads\/2022\/05\/COMODITA_HOME_LOGO_KS_MK_AL-02.png\",\"width\":180,\"height\":87,\"caption\":\"Comodita Home\"},\"image\":{\"@id\":\"https:\/\/www.comoditahome.com\/ks\/#\/schema\/logo\/image\/\"},\"sameAs\":[\"https:\/\/www.facebook.com\/comoditahome\/\",\"https:\/\/www.instagram.com\/comoditahome\/\",\"https:\/\/www.linkedin.com\/company\/comoditahome\/?originalSubdomain=fj\",\"https:\/\/www.youtube.com\/channel\/UC5O6IsT4JD4zaiOqmRi_Pvg\"]}]}<\/script>\n<!-- \/ Yoast SEO Premium plugin. -->","yoast_head_json":{"title":"Fast Chopper - Comodita Home","description":"Pajisja Fast Hand Blender \u00ebsht\u00eb miku juaj m\u00eb i mir\u00eb i kuzhin\u00ebs. Me k\u00ebt\u00eb pajisje ju mund t\u00eb bluani apo cop\u00ebtoni mishin, frutat, perimet, arrat, er\u00ebzat..","robots":{"index":"index","follow":"follow","max-snippet":"max-snippet:-1","max-image-preview":"max-image-preview:large","max-video-preview":"max-video-preview:-1"},"canonical":"https:\/\/www.comoditahome.com\/ks\/produkt\/fast-chupper-4-pjese\/","og_locale":"sq_AL","og_type":"article","og_title":"Fast Chopper","og_description":"Pajisja Fast Hand Blender \u00ebsht\u00eb miku juaj m\u00eb i mir\u00eb i kuzhin\u00ebs. Me k\u00ebt\u00eb pajisje ju mund t\u00eb bluani apo cop\u00ebtoni mishin, frutat, perimet, arrat, er\u00ebzat..","og_url":"https:\/\/www.comoditahome.com\/ks\/produkt\/fast-chupper-4-pjese\/","og_site_name":"Comodita Home","article_publisher":"https:\/\/www.facebook.com\/comoditahome\/","article_modified_time":"2026-04-02T08:38:17+00:00","og_image":[{"width":1200,"height":1300,"url":"https:\/\/www.comoditahome.com\/ks\/wp-content\/uploads\/2026\/04\/3905710930180-1.jpg","type":"image\/jpeg"}],"twitter_card":"summary_large_image","twitter_misc":{"Est. reading time":"1 minut\u00eb"},"schema":{"@context":"https:\/\/schema.org","@graph":[{"@type":"WebPage","@id":"https:\/\/www.comoditahome.com\/ks\/produkt\/fast-chupper-4-pjese\/","url":"https:\/\/www.comoditahome.com\/ks\/produkt\/fast-chupper-4-pjese\/","name":"Fast Chopper - Comodita Home","isPartOf":{"@id":"https:\/\/www.comoditahome.com\/ks\/#website"},"primaryImageOfPage":{"@id":"https:\/\/www.comoditahome.com\/ks\/produkt\/fast-chupper-4-pjese\/#primaryimage"},"image":{"@id":"https:\/\/www.comoditahome.com\/ks\/produkt\/fast-chupper-4-pjese\/#primaryimage"},"thumbnailUrl":"https:\/\/www.comoditahome.com\/ks\/wp-content\/uploads\/2026\/04\/3905710930180-1.jpg","datePublished":"2026-04-01T12:49:33+00:00","dateModified":"2026-04-02T08:38:17+00:00","description":"Pajisja Fast Hand Blender \u00ebsht\u00eb miku juaj m\u00eb i mir\u00eb i kuzhin\u00ebs. Me k\u00ebt\u00eb pajisje ju mund t\u00eb bluani apo cop\u00ebtoni mishin, frutat, perimet, arrat, er\u00ebzat..","breadcrumb":{"@id":"https:\/\/www.comoditahome.com\/ks\/produkt\/fast-chupper-4-pjese\/#breadcrumb"},"inLanguage":"sq","potentialAction":[{"@type":"ReadAction","target":["https:\/\/www.comoditahome.com\/ks\/produkt\/fast-chupper-4-pjese\/"]}]},{"@type":"ImageObject","inLanguage":"sq","@id":"https:\/\/www.comoditahome.com\/ks\/produkt\/fast-chupper-4-pjese\/#primaryimage","url":"https:\/\/www.comoditahome.com\/ks\/wp-content\/uploads\/2026\/04\/3905710930180-1.jpg","contentUrl":"https:\/\/www.comoditahome.com\/ks\/wp-content\/uploads\/2026\/04\/3905710930180-1.jpg","width":1200,"height":1300},{"@type":"BreadcrumbList","@id":"https:\/\/www.comoditahome.com\/ks\/produkt\/fast-chupper-4-pjese\/#breadcrumb","itemListElement":[{"@type":"ListItem","position":1,"name":"Comodita Home Kosova - Dyshek Mattress","item":"https:\/\/www.comoditahome.com\/ks\/"},{"@type":"ListItem","position":2,"name":"Shop","item":"https:\/\/www.comoditahome.com\/ks\/shop\/"},{"@type":"ListItem","position":3,"name":"Fast Chopper"}]},{"@type":"WebSite","@id":"https:\/\/www.comoditahome.com\/ks\/#website","url":"https:\/\/www.comoditahome.com\/ks\/","name":"Comodita Home","description":"Dyshek, Jorgan, Jast\u00ebk, Kuzhine, Banjo, Kopsht dhe Aksesor\u00eb","publisher":{"@id":"https:\/\/www.comoditahome.com\/ks\/#organization"},"potentialAction":[{"@type":"SearchAction","target":{"@type":"EntryPoint","urlTemplate":"https:\/\/www.comoditahome.com\/ks\/?s={search_term_string}"},"query-input":"required name=search_term_string"}],"inLanguage":"sq"},{"@type":"Organization","@id":"https:\/\/www.comoditahome.com\/ks\/#organization","name":"Comodita Home","url":"https:\/\/www.comoditahome.com\/ks\/","logo":{"@type":"ImageObject","inLanguage":"sq","@id":"https:\/\/www.comoditahome.com\/ks\/#\/schema\/logo\/image\/","url":"https:\/\/www.comoditahome.com\/ks\/wp-content\/uploads\/2022\/05\/COMODITA_HOME_LOGO_KS_MK_AL-02.png","contentUrl":"https:\/\/www.comoditahome.com\/ks\/wp-content\/uploads\/2022\/05\/COMODITA_HOME_LOGO_KS_MK_AL-02.png","width":180,"height":87,"caption":"Comodita Home"},"image":{"@id":"https:\/\/www.comoditahome.com\/ks\/#\/schema\/logo\/image\/"},"sameAs":["https:\/\/www.facebook.com\/comoditahome\/","https:\/\/www.instagram.com\/comoditahome\/","https:\/\/www.linkedin.com\/company\/comoditahome\/?originalSubdomain=fj","https:\/\/www.youtube.com\/channel\/UC5O6IsT4JD4zaiOqmRi_Pvg"]}]}},"_links":{"self":[{"href":"https:\/\/www.comoditahome.com\/ks\/wp-json\/wp\/v2\/product\/115740","targetHints":{"allow":["GET"]}}],"collection":[{"href":"https:\/\/www.comoditahome.com\/ks\/wp-json\/wp\/v2\/product"}],"about":[{"href":"https:\/\/www.comoditahome.com\/ks\/wp-json\/wp\/v2\/types\/product"}],"version-history":[{"count":3,"href":"https:\/\/www.comoditahome.com\/ks\/wp-json\/wp\/v2\/product\/115740\/revisions"}],"predecessor-version":[{"id":115754,"href":"https:\/\/www.comoditahome.com\/ks\/wp-json\/wp\/v2\/product\/115740\/revisions\/115754"}],"wp:featuredmedia":[{"embeddable":true,"href":"https:\/\/www.comoditahome.com\/ks\/wp-json\/wp\/v2\/media\/115741"}],"wp:attachment":[{"href":"https:\/\/www.comoditahome.com\/ks\/wp-json\/wp\/v2\/media?parent=115740"}],"wp:term":[{"taxonomy":"product_brand","embeddable":true,"href":"https:\/\/www.comoditahome.com\/ks\/wp-json\/wp\/v2\/product_brand?post=115740"},{"taxonomy":"product_cat","embeddable":true,"href":"https:\/\/www.comoditahome.com\/ks\/wp-json\/wp\/v2\/product_cat?post=115740"},{"taxonomy":"product_tag","embeddable":true,"href":"https:\/\/www.comoditahome.com\/ks\/wp-json\/wp\/v2\/product_tag?post=115740"}],"curies":[{"name":"wp","href":"https:\/\/api.w.org\/{rel}","templated":true}]}}