 {"id":115746,"date":"2026-04-01T15:04:55","date_gmt":"2026-04-01T13:04:55","guid":{"rendered":"https:\/\/www.comoditahome.com\/ks\/?post_type=product&#038;p=115746"},"modified":"2026-04-02T10:38:17","modified_gmt":"2026-04-02T08:38:17","slug":"heating-blender-6-pjese","status":"publish","type":"product","link":"https:\/\/www.comoditahome.com\/ks\/produkt\/heating-blender-6-pjese\/","title":{"rendered":"Heating Blender"},"content":{"rendered":"<p><span data-contrast=\"auto\">P\u00ebrjetoni\u00a0inovacionin\u00a0n\u00eb\u00a0kuzhin\u00ebn\u00a0tuaj\u00a0me\u00a0<\/span><b><span data-contrast=\"auto\">Heating Blender<\/span><\/b><span data-contrast=\"auto\">,<\/span><\/p>\n<p><span data-contrast=\"auto\">Pajisjen moderne q\u00eb kombinon p\u00ebrzierjen dhe ngrohjen n\u00eb nj\u00eb zgjidhje t\u00eb vetme praktike. <\/span><\/p>\n<p><span data-contrast=\"auto\">Perfekt p\u00ebr p\u00ebrgatitjen e supave t\u00eb ngrohta, smoothie-ve, salcave dhe shum\u00eb recetave t\u00eb tjera \u2013 shpejt, leht\u00eb dhe me rezultate profesionale.<\/span><span data-ccp-props=\"{}\">\u00a0<\/span><\/p>\n","protected":false},"excerpt":{"rendered":"<p style=\"text-align: left;\"><span data-contrast=\"auto\">P\u00ebrjetoni\u00a0inovacionin\u00a0n\u00eb\u00a0kuzhin\u00ebn\u00a0tuaj\u00a0me\u00a0<\/span><b><span data-contrast=\"auto\">Heating Blender <\/span><\/b><span data-contrast=\"auto\"><b>6-pjes\u00ebsh<\/b><\/span><span data-contrast=\"auto\">,\u00a0pajisjen\u00a0moderne\u00a0q\u00eb\u00a0kombinon\u00a0p\u00ebrzierjen\u00a0dhe\u00a0ngrohjen\u00a0n\u00eb\u00a0nj\u00eb\u00a0zgjidhje\u00a0t\u00eb\u00a0vetme\u00a0praktike.\u00a0<\/span><\/p>\n<p style=\"text-align: left;\"><span data-contrast=\"auto\">Perfekt\u00a0p\u00ebr\u00a0p\u00ebrgatitjen\u00a0e\u00a0supave\u00a0t\u00eb\u00a0ngrohta, smoothie-ve,\u00a0salcave\u00a0dhe\u00a0shum\u00eb\u00a0recetave\u00a0t\u00eb\u00a0tjera\u00a0\u2013\u00a0shpejt,\u00a0leht\u00eb\u00a0dhe\u00a0me\u00a0rezultate\u00a0profesionale.<\/span><span data-ccp-props=\"{}\">\u00a0<\/span><\/p>\n<p style=\"text-align: left;\"><span data-contrast=\"auto\">Me\u00a0fuqi\u00a0t\u00eb\u00a0lart\u00eb\u00a0prej\u00a01200W\u00a0p\u00ebr\u00a0p\u00ebrzierje\u00a0dhe\u00a0800W\u00a0p\u00ebr\u00a0ngrohje,\u00a0ky\u00a0blender\u00a0ofron\u00a0performanc\u00eb\u00a0t\u00eb\u00a0shk\u00eblqyer\u00a0n\u00eb\u00a0\u00e7do\u00a0p\u00ebrdorim. Motori 100%\u00a0bak\u00ebr\u00a0i\u00a0past\u00ebr\u00a0siguron\u00a0jet\u00ebgjat\u00ebsi\u00a0dhe\u00a0efikasitet\u00a0maksimal,\u00a0nd\u00ebrsa\u00a0sistemi\u00a0i\u00a0mbrojtjes\u00a0nga\u00a0mbinxehja\u00a0garanton\u00a0p\u00ebrdorim\u00a0t\u00eb\u00a0sigurt.<\/span><span data-ccp-props=\"{}\">\u00a0<\/span><\/p>\n<p style=\"text-align: left;\"><span data-contrast=\"auto\">Ena\u00a0prej\u00a0qelqi\u00a0borosilikat\u00a0me\u00a0kapacitet\u00a01.5L (1.2L\u00a0p\u00ebrdorsh\u00ebm)\u00a0\u00ebsht\u00eb\u00a0rezistente\u00a0ndaj\u00a0temperaturave\u00a0t\u00eb\u00a0larta, duke e\u00a0b\u00ebr\u00eb\u00a0ideale\u00a0p\u00ebr\u00a0receta\u00a0t\u00eb\u00a0nxehta\u00a0dhe\u00a0t\u00eb\u00a0ftohta. 8\u00a0teh\u00eb\u00a0nga\u00a0\u00e7eliku\u00a0inox 304\u00a0mund\u00ebsojn\u00eb\u00a0p\u00ebrzierje\u00a0t\u00eb\u00a0shpejt\u00eb\u00a0dhe\u00a0homogjene,\u00a0edhe\u00a0p\u00ebr\u00a0p\u00ebrb\u00ebr\u00ebs\u00a0t\u00eb\u00a0fort\u00eb.<\/span><span data-ccp-props=\"{}\">\u00a0<\/span><\/p>\n<p style=\"text-align: left;\"><span data-contrast=\"auto\">Paneli\u00a0inteligjent\u00a0me\u00a0kontroll\u00a0me\u00a0prekje\u00a0dhe\u00a0ekran\u00a0LED me dial\u00a0digjital\u00a0ju\u00a0lejon\u00a0t\u00eb\u00a0menaxhoni\u00a0koh\u00ebn\u00a0dhe\u00a0temperatur\u00ebn\u00a0me\u00a0sakt\u00ebsi,\u00a0nd\u00ebrsa\u00a0programet\u00a0automatike\u00a0e\u00a0b\u00ebjn\u00eb\u00a0p\u00ebrdorimin\u00a0t\u00eb\u00a0thjesht\u00eb\u00a0p\u00ebr\u00a0\u00e7do\u00a0p\u00ebrdorues.<\/span><span data-ccp-props=\"{}\">\u00a0<\/span><\/p>\n<p style=\"text-align: left;\"><b><span data-contrast=\"auto\">DIMENSIONI\/KOMPOZICIONI: <\/span><\/b><span data-contrast=\"auto\">Kapacitet\u00a0i\u00a0en\u00ebs: 1.5L (1.2L\u00a0p\u00ebrdorsh\u00ebm) | Motor 100%\u00a0bak\u00ebr\u00a0|\u00a0Sistem\u00a0me 8\u00a0teh\u00eb\u00a0inox | Panel\u00a0digjital\u00a0me\u00a0ekran\u00a0LED\u00a0dhe\u00a0kontroll\u00a0me\u00a0prekje<\/span><span data-ccp-props=\"{}\">\u00a0<\/span><\/p>\n<p style=\"text-align: left;\"><b><span data-contrast=\"auto\">NGJYRA:<\/span><\/b><span data-contrast=\"auto\">\u00a0E\u00a0zez\u00eb<\/span><span data-ccp-props=\"{}\">\u00a0<\/span><\/p>\n<p style=\"text-align: left;\"><b><span data-contrast=\"auto\">MATERIALI:<\/span><\/b><span data-contrast=\"auto\"> Qelq borosilikat | \u00c7elik inox 304 | Plastik\u00eb rezistente ndaj nxeht\u00ebsis\u00eb |<\/span><span data-ccp-props=\"{}\">\u00a0Fur\u00e7\u00eb, got\u00eb mat\u00ebse, spatul\u00eb<\/span><\/p>\n<p style=\"text-align: left;\"><b><span data-contrast=\"auto\">UDH\u00cbZIMET E P\u00cbRDORIMIT:<\/span><\/b><span data-ccp-props=\"{}\">\u00a0<\/span><\/p>\n<p style=\"text-align: left;\"><b><span data-contrast=\"auto\">KUSHTET E KTHIMIT \/ GARANCION:<\/span><\/b><span data-contrast=\"auto\">\u00a0Ky\u00a0produkt\u00a0ka 6\u00a0muaj\u00a0garancion.<\/span><span data-ccp-props=\"{}\">\u00a0<\/span><\/p>\n<p style=\"text-align: left;\"><span style=\"color: #ffffff;\">3905710930173<\/span><\/p>\n","protected":false},"featured_media":115747,"template":"","meta":[],"product_brand":[],"product_cat":[131,125],"product_tag":[],"class_list":{"0":"post-115746","1":"product","2":"type-product","3":"status-publish","4":"has-post-thumbnail","6":"product_cat-pajisje-elektrike","7":"product_cat-kuzhine","9":"first","10":"instock","11":"sale","12":"shipping-taxable","13":"purchasable","14":"product-type-simple","15":"new","16":"layout-style-1","17":"col-md-4 col-sm-4 col-xs-6","18":"col-lg-2","19":"product-has-gallery","20":"product-style-default"},"yoast_head":"<!-- This site is optimized with the Yoast SEO Premium plugin v18.2.1 (Yoast SEO v22.5) - https:\/\/yoast.com\/wordpress\/plugins\/seo\/ -->\n<title>Heating Blender - Comodita Home<\/title>\n<meta name=\"description\" content=\"Pajisja Fast Hand Blender \u00ebsht\u00eb miku juaj m\u00eb i mir\u00eb i kuzhin\u00ebs. Me k\u00ebt\u00eb pajisje ju mund t\u00eb bluani apo cop\u00ebtoni mishin, frutat, perimet, arrat, er\u00ebzat..\" \/>\n<meta name=\"robots\" content=\"index, follow, max-snippet:-1, max-image-preview:large, max-video-preview:-1\" \/>\n<link rel=\"canonical\" href=\"https:\/\/www.comoditahome.com\/ks\/produkt\/heating-blender-6-pjese\/\" \/>\n<meta property=\"og:locale\" content=\"sq_AL\" \/>\n<meta property=\"og:type\" content=\"article\" \/>\n<meta property=\"og:title\" content=\"Heating Blender\" \/>\n<meta property=\"og:description\" content=\"Pajisja Fast Hand Blender \u00ebsht\u00eb miku juaj m\u00eb i mir\u00eb i kuzhin\u00ebs. Me k\u00ebt\u00eb pajisje ju mund t\u00eb bluani apo cop\u00ebtoni mishin, frutat, perimet, arrat, er\u00ebzat..\" \/>\n<meta property=\"og:url\" content=\"https:\/\/www.comoditahome.com\/ks\/produkt\/heating-blender-6-pjese\/\" \/>\n<meta property=\"og:site_name\" content=\"Comodita Home\" \/>\n<meta property=\"article:publisher\" content=\"https:\/\/www.facebook.com\/comoditahome\/\" \/>\n<meta property=\"article:modified_time\" content=\"2026-04-02T08:38:17+00:00\" \/>\n<meta property=\"og:image\" content=\"https:\/\/www.comoditahome.com\/ks\/wp-content\/uploads\/2026\/04\/3905710930173-1.jpg\" \/>\n\t<meta property=\"og:image:width\" content=\"1200\" \/>\n\t<meta property=\"og:image:height\" content=\"1300\" \/>\n\t<meta property=\"og:image:type\" content=\"image\/jpeg\" \/>\n<meta name=\"twitter:card\" content=\"summary_large_image\" \/>\n<meta name=\"twitter:label1\" content=\"Est. reading time\" \/>\n\t<meta name=\"twitter:data1\" content=\"1 minut\u00eb\" \/>\n<script type=\"application\/ld+json\" class=\"yoast-schema-graph\">{\"@context\":\"https:\/\/schema.org\",\"@graph\":[{\"@type\":\"WebPage\",\"@id\":\"https:\/\/www.comoditahome.com\/ks\/produkt\/heating-blender-6-pjese\/\",\"url\":\"https:\/\/www.comoditahome.com\/ks\/produkt\/heating-blender-6-pjese\/\",\"name\":\"Heating Blender - Comodita Home\",\"isPartOf\":{\"@id\":\"https:\/\/www.comoditahome.com\/ks\/#website\"},\"primaryImageOfPage\":{\"@id\":\"https:\/\/www.comoditahome.com\/ks\/produkt\/heating-blender-6-pjese\/#primaryimage\"},\"image\":{\"@id\":\"https:\/\/www.comoditahome.com\/ks\/produkt\/heating-blender-6-pjese\/#primaryimage\"},\"thumbnailUrl\":\"https:\/\/www.comoditahome.com\/ks\/wp-content\/uploads\/2026\/04\/3905710930173-1.jpg\",\"datePublished\":\"2026-04-01T13:04:55+00:00\",\"dateModified\":\"2026-04-02T08:38:17+00:00\",\"description\":\"Pajisja Fast Hand Blender \u00ebsht\u00eb miku juaj m\u00eb i mir\u00eb i kuzhin\u00ebs. Me k\u00ebt\u00eb pajisje ju mund t\u00eb bluani apo cop\u00ebtoni mishin, frutat, perimet, arrat, er\u00ebzat..\",\"breadcrumb\":{\"@id\":\"https:\/\/www.comoditahome.com\/ks\/produkt\/heating-blender-6-pjese\/#breadcrumb\"},\"inLanguage\":\"sq\",\"potentialAction\":[{\"@type\":\"ReadAction\",\"target\":[\"https:\/\/www.comoditahome.com\/ks\/produkt\/heating-blender-6-pjese\/\"]}]},{\"@type\":\"ImageObject\",\"inLanguage\":\"sq\",\"@id\":\"https:\/\/www.comoditahome.com\/ks\/produkt\/heating-blender-6-pjese\/#primaryimage\",\"url\":\"https:\/\/www.comoditahome.com\/ks\/wp-content\/uploads\/2026\/04\/3905710930173-1.jpg\",\"contentUrl\":\"https:\/\/www.comoditahome.com\/ks\/wp-content\/uploads\/2026\/04\/3905710930173-1.jpg\",\"width\":1200,\"height\":1300},{\"@type\":\"BreadcrumbList\",\"@id\":\"https:\/\/www.comoditahome.com\/ks\/produkt\/heating-blender-6-pjese\/#breadcrumb\",\"itemListElement\":[{\"@type\":\"ListItem\",\"position\":1,\"name\":\"Comodita Home Kosova - Dyshek Mattress\",\"item\":\"https:\/\/www.comoditahome.com\/ks\/\"},{\"@type\":\"ListItem\",\"position\":2,\"name\":\"Shop\",\"item\":\"https:\/\/www.comoditahome.com\/ks\/shop\/\"},{\"@type\":\"ListItem\",\"position\":3,\"name\":\"Heating Blender\"}]},{\"@type\":\"WebSite\",\"@id\":\"https:\/\/www.comoditahome.com\/ks\/#website\",\"url\":\"https:\/\/www.comoditahome.com\/ks\/\",\"name\":\"Comodita Home\",\"description\":\"Dyshek, Jorgan, Jast\u00ebk, Kuzhine, Banjo, Kopsht dhe Aksesor\u00eb\",\"publisher\":{\"@id\":\"https:\/\/www.comoditahome.com\/ks\/#organization\"},\"potentialAction\":[{\"@type\":\"SearchAction\",\"target\":{\"@type\":\"EntryPoint\",\"urlTemplate\":\"https:\/\/www.comoditahome.com\/ks\/?s={search_term_string}\"},\"query-input\":\"required name=search_term_string\"}],\"inLanguage\":\"sq\"},{\"@type\":\"Organization\",\"@id\":\"https:\/\/www.comoditahome.com\/ks\/#organization\",\"name\":\"Comodita Home\",\"url\":\"https:\/\/www.comoditahome.com\/ks\/\",\"logo\":{\"@type\":\"ImageObject\",\"inLanguage\":\"sq\",\"@id\":\"https:\/\/www.comoditahome.com\/ks\/#\/schema\/logo\/image\/\",\"url\":\"https:\/\/www.comoditahome.com\/ks\/wp-content\/uploads\/2022\/05\/COMODITA_HOME_LOGO_KS_MK_AL-02.png\",\"contentUrl\":\"https:\/\/www.comoditahome.com\/ks\/wp-content\/uploads\/2022\/05\/COMODITA_HOME_LOGO_KS_MK_AL-02.png\",\"width\":180,\"height\":87,\"caption\":\"Comodita Home\"},\"image\":{\"@id\":\"https:\/\/www.comoditahome.com\/ks\/#\/schema\/logo\/image\/\"},\"sameAs\":[\"https:\/\/www.facebook.com\/comoditahome\/\",\"https:\/\/www.instagram.com\/comoditahome\/\",\"https:\/\/www.linkedin.com\/company\/comoditahome\/?originalSubdomain=fj\",\"https:\/\/www.youtube.com\/channel\/UC5O6IsT4JD4zaiOqmRi_Pvg\"]}]}<\/script>\n<!-- \/ Yoast SEO Premium plugin. -->","yoast_head_json":{"title":"Heating Blender - Comodita Home","description":"Pajisja Fast Hand Blender \u00ebsht\u00eb miku juaj m\u00eb i mir\u00eb i kuzhin\u00ebs. Me k\u00ebt\u00eb pajisje ju mund t\u00eb bluani apo cop\u00ebtoni mishin, frutat, perimet, arrat, er\u00ebzat..","robots":{"index":"index","follow":"follow","max-snippet":"max-snippet:-1","max-image-preview":"max-image-preview:large","max-video-preview":"max-video-preview:-1"},"canonical":"https:\/\/www.comoditahome.com\/ks\/produkt\/heating-blender-6-pjese\/","og_locale":"sq_AL","og_type":"article","og_title":"Heating Blender","og_description":"Pajisja Fast Hand Blender \u00ebsht\u00eb miku juaj m\u00eb i mir\u00eb i kuzhin\u00ebs. Me k\u00ebt\u00eb pajisje ju mund t\u00eb bluani apo cop\u00ebtoni mishin, frutat, perimet, arrat, er\u00ebzat..","og_url":"https:\/\/www.comoditahome.com\/ks\/produkt\/heating-blender-6-pjese\/","og_site_name":"Comodita Home","article_publisher":"https:\/\/www.facebook.com\/comoditahome\/","article_modified_time":"2026-04-02T08:38:17+00:00","og_image":[{"width":1200,"height":1300,"url":"https:\/\/www.comoditahome.com\/ks\/wp-content\/uploads\/2026\/04\/3905710930173-1.jpg","type":"image\/jpeg"}],"twitter_card":"summary_large_image","twitter_misc":{"Est. reading time":"1 minut\u00eb"},"schema":{"@context":"https:\/\/schema.org","@graph":[{"@type":"WebPage","@id":"https:\/\/www.comoditahome.com\/ks\/produkt\/heating-blender-6-pjese\/","url":"https:\/\/www.comoditahome.com\/ks\/produkt\/heating-blender-6-pjese\/","name":"Heating Blender - Comodita Home","isPartOf":{"@id":"https:\/\/www.comoditahome.com\/ks\/#website"},"primaryImageOfPage":{"@id":"https:\/\/www.comoditahome.com\/ks\/produkt\/heating-blender-6-pjese\/#primaryimage"},"image":{"@id":"https:\/\/www.comoditahome.com\/ks\/produkt\/heating-blender-6-pjese\/#primaryimage"},"thumbnailUrl":"https:\/\/www.comoditahome.com\/ks\/wp-content\/uploads\/2026\/04\/3905710930173-1.jpg","datePublished":"2026-04-01T13:04:55+00:00","dateModified":"2026-04-02T08:38:17+00:00","description":"Pajisja Fast Hand Blender \u00ebsht\u00eb miku juaj m\u00eb i mir\u00eb i kuzhin\u00ebs. Me k\u00ebt\u00eb pajisje ju mund t\u00eb bluani apo cop\u00ebtoni mishin, frutat, perimet, arrat, er\u00ebzat..","breadcrumb":{"@id":"https:\/\/www.comoditahome.com\/ks\/produkt\/heating-blender-6-pjese\/#breadcrumb"},"inLanguage":"sq","potentialAction":[{"@type":"ReadAction","target":["https:\/\/www.comoditahome.com\/ks\/produkt\/heating-blender-6-pjese\/"]}]},{"@type":"ImageObject","inLanguage":"sq","@id":"https:\/\/www.comoditahome.com\/ks\/produkt\/heating-blender-6-pjese\/#primaryimage","url":"https:\/\/www.comoditahome.com\/ks\/wp-content\/uploads\/2026\/04\/3905710930173-1.jpg","contentUrl":"https:\/\/www.comoditahome.com\/ks\/wp-content\/uploads\/2026\/04\/3905710930173-1.jpg","width":1200,"height":1300},{"@type":"BreadcrumbList","@id":"https:\/\/www.comoditahome.com\/ks\/produkt\/heating-blender-6-pjese\/#breadcrumb","itemListElement":[{"@type":"ListItem","position":1,"name":"Comodita Home Kosova - Dyshek Mattress","item":"https:\/\/www.comoditahome.com\/ks\/"},{"@type":"ListItem","position":2,"name":"Shop","item":"https:\/\/www.comoditahome.com\/ks\/shop\/"},{"@type":"ListItem","position":3,"name":"Heating Blender"}]},{"@type":"WebSite","@id":"https:\/\/www.comoditahome.com\/ks\/#website","url":"https:\/\/www.comoditahome.com\/ks\/","name":"Comodita Home","description":"Dyshek, Jorgan, Jast\u00ebk, Kuzhine, Banjo, Kopsht dhe Aksesor\u00eb","publisher":{"@id":"https:\/\/www.comoditahome.com\/ks\/#organization"},"potentialAction":[{"@type":"SearchAction","target":{"@type":"EntryPoint","urlTemplate":"https:\/\/www.comoditahome.com\/ks\/?s={search_term_string}"},"query-input":"required name=search_term_string"}],"inLanguage":"sq"},{"@type":"Organization","@id":"https:\/\/www.comoditahome.com\/ks\/#organization","name":"Comodita Home","url":"https:\/\/www.comoditahome.com\/ks\/","logo":{"@type":"ImageObject","inLanguage":"sq","@id":"https:\/\/www.comoditahome.com\/ks\/#\/schema\/logo\/image\/","url":"https:\/\/www.comoditahome.com\/ks\/wp-content\/uploads\/2022\/05\/COMODITA_HOME_LOGO_KS_MK_AL-02.png","contentUrl":"https:\/\/www.comoditahome.com\/ks\/wp-content\/uploads\/2022\/05\/COMODITA_HOME_LOGO_KS_MK_AL-02.png","width":180,"height":87,"caption":"Comodita Home"},"image":{"@id":"https:\/\/www.comoditahome.com\/ks\/#\/schema\/logo\/image\/"},"sameAs":["https:\/\/www.facebook.com\/comoditahome\/","https:\/\/www.instagram.com\/comoditahome\/","https:\/\/www.linkedin.com\/company\/comoditahome\/?originalSubdomain=fj","https:\/\/www.youtube.com\/channel\/UC5O6IsT4JD4zaiOqmRi_Pvg"]}]}},"_links":{"self":[{"href":"https:\/\/www.comoditahome.com\/ks\/wp-json\/wp\/v2\/product\/115746","targetHints":{"allow":["GET"]}}],"collection":[{"href":"https:\/\/www.comoditahome.com\/ks\/wp-json\/wp\/v2\/product"}],"about":[{"href":"https:\/\/www.comoditahome.com\/ks\/wp-json\/wp\/v2\/types\/product"}],"version-history":[{"count":5,"href":"https:\/\/www.comoditahome.com\/ks\/wp-json\/wp\/v2\/product\/115746\/revisions"}],"predecessor-version":[{"id":115774,"href":"https:\/\/www.comoditahome.com\/ks\/wp-json\/wp\/v2\/product\/115746\/revisions\/115774"}],"wp:featuredmedia":[{"embeddable":true,"href":"https:\/\/www.comoditahome.com\/ks\/wp-json\/wp\/v2\/media\/115747"}],"wp:attachment":[{"href":"https:\/\/www.comoditahome.com\/ks\/wp-json\/wp\/v2\/media?parent=115746"}],"wp:term":[{"taxonomy":"product_brand","embeddable":true,"href":"https:\/\/www.comoditahome.com\/ks\/wp-json\/wp\/v2\/product_brand?post=115746"},{"taxonomy":"product_cat","embeddable":true,"href":"https:\/\/www.comoditahome.com\/ks\/wp-json\/wp\/v2\/product_cat?post=115746"},{"taxonomy":"product_tag","embeddable":true,"href":"https:\/\/www.comoditahome.com\/ks\/wp-json\/wp\/v2\/product_tag?post=115746"}],"curies":[{"name":"wp","href":"https:\/\/api.w.org\/{rel}","templated":true}]}}