 {"id":115775,"date":"2026-04-02T09:47:54","date_gmt":"2026-04-02T07:47:54","guid":{"rendered":"https:\/\/www.comoditahome.com\/ks\/?post_type=product&#038;p=115775"},"modified":"2026-04-02T10:38:17","modified_gmt":"2026-04-02T08:38:17","slug":"nutriblender-2","status":"publish","type":"product","link":"https:\/\/www.comoditahome.com\/ks\/produkt\/nutriblender-2\/","title":{"rendered":"Nutriblender"},"content":{"rendered":"<p>Pajisja Nutriblender me tehun e saj t\u00eb mpreht\u00eb b\u00ebn 25000 rrotullime p\u00ebr minut\u00eb me 1000w fuqi.<\/p>\n<p>Brisku i tij copton, bluan, dhe ekstrakton p\u00ebrb\u00ebr\u00ebsit pa i humbur vlerat ushqyese.<\/p>\n<p>P\u00ebrmes k\u00ebtij mikseri t\u00eb sofistikuar, ju do t\u00eb mund t\u00eb p\u00ebrgatisni smothie, bluani akullin.<\/p>\n<p>T\u00eb p\u00ebrgatisni salcat, p\u00ebrzieni p\u00ebrb\u00ebr\u00ebsit, apo t\u00eb finalizoni vakte m\u00ebngjesi t\u00eb shijshme.<\/p>\n<p>Me nj\u00eb dizajn kompakt dhe nj\u00eb kualitet t\u00eb shk\u00eblqyesh\u00ebm, kjo pajisje prezantohet me nj\u00eb p\u00ebrformanc\u00eb t\u00eb lart\u00eb t\u00eb miksimit t\u00eb p\u00ebrb\u00ebr\u00ebsve.<\/p>\n","protected":false},"excerpt":{"rendered":"<p style=\"text-align: left;\">Pajisja Nutriblender me tehun e saj t\u00eb mpreht\u00eb b\u00ebn 25000 rrotullime p\u00ebr minut\u00eb me 1000w fuqi. Brisku i tij copton, bluan, dhe ekstrakton p\u00ebrb\u00ebr\u00ebsit pa i humbur vlerat ushqyese. P\u00ebrmes k\u00ebtij mikseri t\u00eb sofistikuar, ju do t\u00eb mund t\u00eb p\u00ebrgatisni smothie, bluani akullin, t\u00eb p\u00ebrgatisni salcat, p\u00ebrzieni p\u00ebrb\u00ebr\u00ebsit, apo t\u00eb finalizoni vakte m\u00ebngjesi t\u00eb shijshme. Me nj\u00eb dizajn kompakt dhe nj\u00eb kualitet t\u00eb shk\u00eblqyesh\u00ebm, kjo pajisje prezantohet me nj\u00eb p\u00ebrformanc\u00eb t\u00eb lart\u00eb t\u00eb miksimit t\u00eb p\u00ebrb\u00ebr\u00ebsve.<br \/>\n<strong><br \/>\nDimensioni \/ Kompozicioni:<\/strong> 1000w | Pajisja vjen s\u00eb bashku me 1x got\u00eb 1L, 2x gota 800Ml, 1x \u00e7ant\u00eb speciale p\u00ebr bartjen e gotave, 3x kapak\u00eb praktik\u00eb p\u00ebr ruajtjen e pijeve, 1x libr\u00ebr t\u00eb udh\u00ebzimit dhe recetave p\u00ebr smoothie.<br \/>\n<strong><br \/>\nNGJYRA:<\/strong> E bardh\u00eb<br \/>\n<strong><br \/>\nMATERIALI:<\/strong> Elektrik\u00eb dhe plastik\u00eb<br \/>\n<strong><br \/>\nUDH\u00cbZIMET E P\u00cbRDORIMIT:<\/strong> N\u00eb makin\u00eb en\u00eblar\u00ebse ose me dor\u00eb, p\u00ebr detaje tjera rreth perdorimit konsultohuni me udh\u00ebzuesin.<br \/>\n<strong><br \/>\nKUSHTET E KTHIMIT \/ GARANCION:<\/strong> 6 Muaj<\/p>\n<p style=\"text-align: left;\">Lexo manualin e p\u00ebrdorimit <span style=\"text-decoration: underline;\"><a href=\"#\" target=\"_blank\" rel=\"noopener\">k\u00ebtu<\/a><\/span><br \/>\n<span style=\"color: #ffffff;\">3907489180537<\/span><\/p>\n","protected":false},"featured_media":115780,"template":"","meta":[],"product_brand":[],"product_cat":[131,125],"product_tag":[],"class_list":{"0":"post-115775","1":"product","2":"type-product","3":"status-publish","4":"has-post-thumbnail","6":"product_cat-pajisje-elektrike","7":"product_cat-kuzhine","9":"first","10":"instock","11":"sale","12":"shipping-taxable","13":"purchasable","14":"product-type-simple","15":"new","16":"layout-style-1","17":"col-md-4 col-sm-4 col-xs-6","18":"col-lg-2","19":"product-has-gallery","20":"product-style-default"},"yoast_head":"<!-- This site is optimized with the Yoast SEO Premium plugin v18.2.1 (Yoast SEO v22.5) - https:\/\/yoast.com\/wordpress\/plugins\/seo\/ -->\n<title>Nutriblender - Comodita Home<\/title>\n<meta name=\"description\" content=\"Pajisja NutriFast me tehun e saj t\u00eb mpreht\u00eb b\u00ebn 25000 rrotullime p\u00ebr minut\u00eb me 1000w fuqi. Brisku i tij copton, bluan, dhe ekstrakton p\u00ebrb\u00ebr\u00ebsit...\" \/>\n<meta name=\"robots\" content=\"index, follow, max-snippet:-1, max-image-preview:large, max-video-preview:-1\" \/>\n<link rel=\"canonical\" href=\"https:\/\/www.comoditahome.com\/ks\/produkt\/nutriblender-2\/\" \/>\n<meta property=\"og:locale\" content=\"sq_AL\" \/>\n<meta property=\"og:type\" content=\"article\" \/>\n<meta property=\"og:title\" content=\"Nutriblender\" \/>\n<meta property=\"og:description\" content=\"Pajisja NutriFast me tehun e saj t\u00eb mpreht\u00eb b\u00ebn 25000 rrotullime p\u00ebr minut\u00eb me 1000w fuqi. Brisku i tij copton, bluan, dhe ekstrakton p\u00ebrb\u00ebr\u00ebsit...\" \/>\n<meta property=\"og:url\" content=\"https:\/\/www.comoditahome.com\/ks\/produkt\/nutriblender-2\/\" \/>\n<meta property=\"og:site_name\" content=\"Comodita Home\" \/>\n<meta property=\"article:publisher\" content=\"https:\/\/www.facebook.com\/comoditahome\/\" \/>\n<meta property=\"article:modified_time\" content=\"2026-04-02T08:38:17+00:00\" \/>\n<meta property=\"og:image\" content=\"https:\/\/www.comoditahome.com\/ks\/wp-content\/uploads\/2026\/04\/3907489180544-5.jpg\" \/>\n\t<meta property=\"og:image:width\" content=\"1200\" \/>\n\t<meta property=\"og:image:height\" content=\"1300\" \/>\n\t<meta property=\"og:image:type\" content=\"image\/jpeg\" \/>\n<meta name=\"twitter:card\" content=\"summary_large_image\" \/>\n<meta name=\"twitter:label1\" content=\"Est. reading time\" \/>\n\t<meta name=\"twitter:data1\" content=\"1 minut\u00eb\" \/>\n<script type=\"application\/ld+json\" class=\"yoast-schema-graph\">{\"@context\":\"https:\/\/schema.org\",\"@graph\":[{\"@type\":\"WebPage\",\"@id\":\"https:\/\/www.comoditahome.com\/ks\/produkt\/nutriblender-2\/\",\"url\":\"https:\/\/www.comoditahome.com\/ks\/produkt\/nutriblender-2\/\",\"name\":\"Nutriblender - Comodita Home\",\"isPartOf\":{\"@id\":\"https:\/\/www.comoditahome.com\/ks\/#website\"},\"primaryImageOfPage\":{\"@id\":\"https:\/\/www.comoditahome.com\/ks\/produkt\/nutriblender-2\/#primaryimage\"},\"image\":{\"@id\":\"https:\/\/www.comoditahome.com\/ks\/produkt\/nutriblender-2\/#primaryimage\"},\"thumbnailUrl\":\"https:\/\/www.comoditahome.com\/ks\/wp-content\/uploads\/2026\/04\/3907489180544-5.jpg\",\"datePublished\":\"2026-04-02T07:47:54+00:00\",\"dateModified\":\"2026-04-02T08:38:17+00:00\",\"description\":\"Pajisja NutriFast me tehun e saj t\u00eb mpreht\u00eb b\u00ebn 25000 rrotullime p\u00ebr minut\u00eb me 1000w fuqi. Brisku i tij copton, bluan, dhe ekstrakton p\u00ebrb\u00ebr\u00ebsit...\",\"breadcrumb\":{\"@id\":\"https:\/\/www.comoditahome.com\/ks\/produkt\/nutriblender-2\/#breadcrumb\"},\"inLanguage\":\"sq\",\"potentialAction\":[{\"@type\":\"ReadAction\",\"target\":[\"https:\/\/www.comoditahome.com\/ks\/produkt\/nutriblender-2\/\"]}]},{\"@type\":\"ImageObject\",\"inLanguage\":\"sq\",\"@id\":\"https:\/\/www.comoditahome.com\/ks\/produkt\/nutriblender-2\/#primaryimage\",\"url\":\"https:\/\/www.comoditahome.com\/ks\/wp-content\/uploads\/2026\/04\/3907489180544-5.jpg\",\"contentUrl\":\"https:\/\/www.comoditahome.com\/ks\/wp-content\/uploads\/2026\/04\/3907489180544-5.jpg\",\"width\":1200,\"height\":1300},{\"@type\":\"BreadcrumbList\",\"@id\":\"https:\/\/www.comoditahome.com\/ks\/produkt\/nutriblender-2\/#breadcrumb\",\"itemListElement\":[{\"@type\":\"ListItem\",\"position\":1,\"name\":\"Comodita Home Kosova - Dyshek Mattress\",\"item\":\"https:\/\/www.comoditahome.com\/ks\/\"},{\"@type\":\"ListItem\",\"position\":2,\"name\":\"Shop\",\"item\":\"https:\/\/www.comoditahome.com\/ks\/shop\/\"},{\"@type\":\"ListItem\",\"position\":3,\"name\":\"Nutriblender\"}]},{\"@type\":\"WebSite\",\"@id\":\"https:\/\/www.comoditahome.com\/ks\/#website\",\"url\":\"https:\/\/www.comoditahome.com\/ks\/\",\"name\":\"Comodita Home\",\"description\":\"Dyshek, Jorgan, Jast\u00ebk, Kuzhine, Banjo, Kopsht dhe Aksesor\u00eb\",\"publisher\":{\"@id\":\"https:\/\/www.comoditahome.com\/ks\/#organization\"},\"potentialAction\":[{\"@type\":\"SearchAction\",\"target\":{\"@type\":\"EntryPoint\",\"urlTemplate\":\"https:\/\/www.comoditahome.com\/ks\/?s={search_term_string}\"},\"query-input\":\"required name=search_term_string\"}],\"inLanguage\":\"sq\"},{\"@type\":\"Organization\",\"@id\":\"https:\/\/www.comoditahome.com\/ks\/#organization\",\"name\":\"Comodita Home\",\"url\":\"https:\/\/www.comoditahome.com\/ks\/\",\"logo\":{\"@type\":\"ImageObject\",\"inLanguage\":\"sq\",\"@id\":\"https:\/\/www.comoditahome.com\/ks\/#\/schema\/logo\/image\/\",\"url\":\"https:\/\/www.comoditahome.com\/ks\/wp-content\/uploads\/2022\/05\/COMODITA_HOME_LOGO_KS_MK_AL-02.png\",\"contentUrl\":\"https:\/\/www.comoditahome.com\/ks\/wp-content\/uploads\/2022\/05\/COMODITA_HOME_LOGO_KS_MK_AL-02.png\",\"width\":180,\"height\":87,\"caption\":\"Comodita Home\"},\"image\":{\"@id\":\"https:\/\/www.comoditahome.com\/ks\/#\/schema\/logo\/image\/\"},\"sameAs\":[\"https:\/\/www.facebook.com\/comoditahome\/\",\"https:\/\/www.instagram.com\/comoditahome\/\",\"https:\/\/www.linkedin.com\/company\/comoditahome\/?originalSubdomain=fj\",\"https:\/\/www.youtube.com\/channel\/UC5O6IsT4JD4zaiOqmRi_Pvg\"]}]}<\/script>\n<!-- \/ Yoast SEO Premium plugin. -->","yoast_head_json":{"title":"Nutriblender - Comodita Home","description":"Pajisja NutriFast me tehun e saj t\u00eb mpreht\u00eb b\u00ebn 25000 rrotullime p\u00ebr minut\u00eb me 1000w fuqi. Brisku i tij copton, bluan, dhe ekstrakton p\u00ebrb\u00ebr\u00ebsit...","robots":{"index":"index","follow":"follow","max-snippet":"max-snippet:-1","max-image-preview":"max-image-preview:large","max-video-preview":"max-video-preview:-1"},"canonical":"https:\/\/www.comoditahome.com\/ks\/produkt\/nutriblender-2\/","og_locale":"sq_AL","og_type":"article","og_title":"Nutriblender","og_description":"Pajisja NutriFast me tehun e saj t\u00eb mpreht\u00eb b\u00ebn 25000 rrotullime p\u00ebr minut\u00eb me 1000w fuqi. Brisku i tij copton, bluan, dhe ekstrakton p\u00ebrb\u00ebr\u00ebsit...","og_url":"https:\/\/www.comoditahome.com\/ks\/produkt\/nutriblender-2\/","og_site_name":"Comodita Home","article_publisher":"https:\/\/www.facebook.com\/comoditahome\/","article_modified_time":"2026-04-02T08:38:17+00:00","og_image":[{"width":1200,"height":1300,"url":"https:\/\/www.comoditahome.com\/ks\/wp-content\/uploads\/2026\/04\/3907489180544-5.jpg","type":"image\/jpeg"}],"twitter_card":"summary_large_image","twitter_misc":{"Est. reading time":"1 minut\u00eb"},"schema":{"@context":"https:\/\/schema.org","@graph":[{"@type":"WebPage","@id":"https:\/\/www.comoditahome.com\/ks\/produkt\/nutriblender-2\/","url":"https:\/\/www.comoditahome.com\/ks\/produkt\/nutriblender-2\/","name":"Nutriblender - Comodita Home","isPartOf":{"@id":"https:\/\/www.comoditahome.com\/ks\/#website"},"primaryImageOfPage":{"@id":"https:\/\/www.comoditahome.com\/ks\/produkt\/nutriblender-2\/#primaryimage"},"image":{"@id":"https:\/\/www.comoditahome.com\/ks\/produkt\/nutriblender-2\/#primaryimage"},"thumbnailUrl":"https:\/\/www.comoditahome.com\/ks\/wp-content\/uploads\/2026\/04\/3907489180544-5.jpg","datePublished":"2026-04-02T07:47:54+00:00","dateModified":"2026-04-02T08:38:17+00:00","description":"Pajisja NutriFast me tehun e saj t\u00eb mpreht\u00eb b\u00ebn 25000 rrotullime p\u00ebr minut\u00eb me 1000w fuqi. Brisku i tij copton, bluan, dhe ekstrakton p\u00ebrb\u00ebr\u00ebsit...","breadcrumb":{"@id":"https:\/\/www.comoditahome.com\/ks\/produkt\/nutriblender-2\/#breadcrumb"},"inLanguage":"sq","potentialAction":[{"@type":"ReadAction","target":["https:\/\/www.comoditahome.com\/ks\/produkt\/nutriblender-2\/"]}]},{"@type":"ImageObject","inLanguage":"sq","@id":"https:\/\/www.comoditahome.com\/ks\/produkt\/nutriblender-2\/#primaryimage","url":"https:\/\/www.comoditahome.com\/ks\/wp-content\/uploads\/2026\/04\/3907489180544-5.jpg","contentUrl":"https:\/\/www.comoditahome.com\/ks\/wp-content\/uploads\/2026\/04\/3907489180544-5.jpg","width":1200,"height":1300},{"@type":"BreadcrumbList","@id":"https:\/\/www.comoditahome.com\/ks\/produkt\/nutriblender-2\/#breadcrumb","itemListElement":[{"@type":"ListItem","position":1,"name":"Comodita Home Kosova - Dyshek Mattress","item":"https:\/\/www.comoditahome.com\/ks\/"},{"@type":"ListItem","position":2,"name":"Shop","item":"https:\/\/www.comoditahome.com\/ks\/shop\/"},{"@type":"ListItem","position":3,"name":"Nutriblender"}]},{"@type":"WebSite","@id":"https:\/\/www.comoditahome.com\/ks\/#website","url":"https:\/\/www.comoditahome.com\/ks\/","name":"Comodita Home","description":"Dyshek, Jorgan, Jast\u00ebk, Kuzhine, Banjo, Kopsht dhe Aksesor\u00eb","publisher":{"@id":"https:\/\/www.comoditahome.com\/ks\/#organization"},"potentialAction":[{"@type":"SearchAction","target":{"@type":"EntryPoint","urlTemplate":"https:\/\/www.comoditahome.com\/ks\/?s={search_term_string}"},"query-input":"required name=search_term_string"}],"inLanguage":"sq"},{"@type":"Organization","@id":"https:\/\/www.comoditahome.com\/ks\/#organization","name":"Comodita Home","url":"https:\/\/www.comoditahome.com\/ks\/","logo":{"@type":"ImageObject","inLanguage":"sq","@id":"https:\/\/www.comoditahome.com\/ks\/#\/schema\/logo\/image\/","url":"https:\/\/www.comoditahome.com\/ks\/wp-content\/uploads\/2022\/05\/COMODITA_HOME_LOGO_KS_MK_AL-02.png","contentUrl":"https:\/\/www.comoditahome.com\/ks\/wp-content\/uploads\/2022\/05\/COMODITA_HOME_LOGO_KS_MK_AL-02.png","width":180,"height":87,"caption":"Comodita Home"},"image":{"@id":"https:\/\/www.comoditahome.com\/ks\/#\/schema\/logo\/image\/"},"sameAs":["https:\/\/www.facebook.com\/comoditahome\/","https:\/\/www.instagram.com\/comoditahome\/","https:\/\/www.linkedin.com\/company\/comoditahome\/?originalSubdomain=fj","https:\/\/www.youtube.com\/channel\/UC5O6IsT4JD4zaiOqmRi_Pvg"]}]}},"_links":{"self":[{"href":"https:\/\/www.comoditahome.com\/ks\/wp-json\/wp\/v2\/product\/115775","targetHints":{"allow":["GET"]}}],"collection":[{"href":"https:\/\/www.comoditahome.com\/ks\/wp-json\/wp\/v2\/product"}],"about":[{"href":"https:\/\/www.comoditahome.com\/ks\/wp-json\/wp\/v2\/types\/product"}],"version-history":[{"count":1,"href":"https:\/\/www.comoditahome.com\/ks\/wp-json\/wp\/v2\/product\/115775\/revisions"}],"predecessor-version":[{"id":115782,"href":"https:\/\/www.comoditahome.com\/ks\/wp-json\/wp\/v2\/product\/115775\/revisions\/115782"}],"wp:featuredmedia":[{"embeddable":true,"href":"https:\/\/www.comoditahome.com\/ks\/wp-json\/wp\/v2\/media\/115780"}],"wp:attachment":[{"href":"https:\/\/www.comoditahome.com\/ks\/wp-json\/wp\/v2\/media?parent=115775"}],"wp:term":[{"taxonomy":"product_brand","embeddable":true,"href":"https:\/\/www.comoditahome.com\/ks\/wp-json\/wp\/v2\/product_brand?post=115775"},{"taxonomy":"product_cat","embeddable":true,"href":"https:\/\/www.comoditahome.com\/ks\/wp-json\/wp\/v2\/product_cat?post=115775"},{"taxonomy":"product_tag","embeddable":true,"href":"https:\/\/www.comoditahome.com\/ks\/wp-json\/wp\/v2\/product_tag?post=115775"}],"curies":[{"name":"wp","href":"https:\/\/api.w.org\/{rel}","templated":true}]}}