 {"id":116051,"date":"2026-04-14T10:22:08","date_gmt":"2026-04-14T08:22:08","guid":{"rendered":"https:\/\/www.comoditahome.com\/ks\/?post_type=product&#038;p=116051"},"modified":"2026-04-14T10:55:49","modified_gmt":"2026-04-14T08:55:49","slug":"mbishtrese-luna","status":"publish","type":"product","link":"https:\/\/www.comoditahome.com\/ks\/produkt\/mbishtrese-luna\/","title":{"rendered":"Mbishtres\u00eb Luna"},"content":{"rendered":"<p style=\"text-align: left;\">Mbishtresa <strong data-start=\"11\" data-end=\"19\">Luna<\/strong> \u00ebsht\u00eb zgjidhja praktike p\u00ebr ta transformuar menj\u00ebher\u00eb ndjesin\u00eb e dyshekut tuaj.<\/p>\n","protected":false},"excerpt":{"rendered":"<div style=\"text-align: left;\">\n<p data-start=\"0\" data-end=\"99\">Mbishtresa <strong data-start=\"11\" data-end=\"19\">Luna<\/strong> \u00ebsht\u00eb zgjidhja praktike p\u00ebr ta transformuar menj\u00ebher\u00eb ndjesin\u00eb e dyshekut tuaj.<br \/>\nN\u00ebse dysheku ju duket i fort\u00eb apo jo mjaftuesh\u00ebm i rehatsh\u00ebm, <strong data-start=\"163\" data-end=\"171\">Luna<\/strong> shton nj\u00eb shtres\u00eb t\u00eb but\u00eb dhe komode, duke p\u00ebrmir\u00ebsuar ndjesh\u00ebm cil\u00ebsin\u00eb e gjumit, pa pasur nevoj\u00eb t\u00eb investoni n\u00eb nj\u00eb dyshek t\u00eb ri.<br \/>\nE leht\u00eb p\u00ebr vendosje dhe e p\u00ebrshtatshme p\u00ebr \u00e7do dyshek, kjo mbishtres\u00eb ofron rehati shtes\u00eb, mb\u00ebshtetje m\u00eb t\u00eb mir\u00eb dhe nj\u00eb p\u00ebrvoj\u00eb m\u00eb t\u00eb k\u00ebndshme gjat\u00eb gjumit.<\/p>\n<p><strong>Karakteristikat e mbishtres\u00ebs Luna:<\/strong><\/p>\n<ul>\n<li>Shpuze elastike 5 cm<\/li>\n<li>3D mesh anesor per ajrosje<\/li>\n<li>Mbules e siperme e perforcuar me microfiber per me shume butesi<\/li>\n<li>Pjese e poshtme anti-slip, per te mos rreshqitur kur vendoset mbi dyshek<\/li>\n<li>Shirita fiksues ne 4 anesore qe te mos levize<\/li>\n<li>Zinxhir i plote ne te 4 anet<\/li>\n<\/ul>\n<\/div>\n<div style=\"text-align: left;\"><b>Dimensionet \/ P\u00ebrb\u00ebrja:\u00a0<\/b><\/div>\n<div style=\"text-align: left;\"><b>Udh\u00ebzime p\u00ebrdorimi:<\/b><\/div>\n<ul style=\"text-align: left;\" data-start=\"1031\" data-end=\"1113\">\n<li>\n<div role=\"presentation\">Nuk pastrohet me uj\u00eb apo detergjent.<\/div>\n<\/li>\n<li>\n<div role=\"presentation\">Rekomandohet vet\u00ebm ajrosja periodike.<\/div>\n<\/li>\n<\/ul>\n<div style=\"text-align: left;\"><b>Kushtet e kthimit \/ garancionit:<\/b><\/div>\n<div style=\"text-align: left;\">P\u00ebr arsye higjienike, produktet e tekstilit q\u00eb kan\u00eb pasur kontakt personal\u00a0<b>nuk pranohen p\u00ebr kthim apo reklamacion<\/b>.<\/div>\n","protected":false},"featured_media":116052,"template":"","meta":[],"product_brand":[],"product_cat":[104,113],"product_tag":[],"class_list":{"0":"post-116051","1":"product","2":"type-product","3":"status-publish","4":"has-post-thumbnail","6":"product_cat-gjumi","7":"product_cat-mbishtrese-dhe-protektor","8":"product_shipping_class-dysheket","10":"first","11":"instock","12":"sale","13":"shipping-taxable","14":"purchasable","15":"product-type-variable","16":"layout-style-1","17":"col-md-4 col-sm-4 col-xs-6","18":"col-lg-2","19":"product-has-gallery","20":"product-style-default"},"yoast_head":"<!-- This site is optimized with the Yoast SEO Premium plugin v18.2.1 (Yoast SEO v22.5) - https:\/\/yoast.com\/wordpress\/plugins\/seo\/ -->\n<title>Mbishtres\u00eb Luna - Comodita Home<\/title>\n<meta name=\"description\" content=\"Mbishtresa Luna \u00ebsht\u00eb zgjidhja praktike p\u00ebr ta transformuar menj\u00ebher\u00eb ndjesin\u00eb e dyshekut tuaj.\" \/>\n<meta name=\"robots\" content=\"index, follow, max-snippet:-1, max-image-preview:large, max-video-preview:-1\" \/>\n<link rel=\"canonical\" href=\"https:\/\/www.comoditahome.com\/ks\/produkt\/mbishtrese-luna\/\" \/>\n<meta property=\"og:locale\" content=\"sq_AL\" \/>\n<meta property=\"og:type\" content=\"article\" \/>\n<meta property=\"og:title\" content=\"Mbishtres\u00eb Luna\" \/>\n<meta property=\"og:description\" content=\"Mbishtresa Luna \u00ebsht\u00eb zgjidhja praktike p\u00ebr ta transformuar menj\u00ebher\u00eb ndjesin\u00eb e dyshekut tuaj.\" \/>\n<meta property=\"og:url\" content=\"https:\/\/www.comoditahome.com\/ks\/produkt\/mbishtrese-luna\/\" \/>\n<meta property=\"og:site_name\" content=\"Comodita Home\" \/>\n<meta property=\"article:publisher\" content=\"https:\/\/www.facebook.com\/comoditahome\/\" \/>\n<meta property=\"article:modified_time\" content=\"2026-04-14T08:55:49+00:00\" \/>\n<meta property=\"og:image\" content=\"https:\/\/www.comoditahome.com\/ks\/wp-content\/uploads\/2026\/04\/Topper-LUNA-1.jpg\" \/>\n\t<meta property=\"og:image:width\" content=\"1200\" \/>\n\t<meta property=\"og:image:height\" content=\"1300\" \/>\n\t<meta property=\"og:image:type\" content=\"image\/jpeg\" \/>\n<meta name=\"twitter:card\" content=\"summary_large_image\" \/>\n<meta name=\"twitter:label1\" content=\"Est. reading time\" \/>\n\t<meta name=\"twitter:data1\" content=\"1 minut\u00eb\" \/>\n<script type=\"application\/ld+json\" class=\"yoast-schema-graph\">{\"@context\":\"https:\/\/schema.org\",\"@graph\":[{\"@type\":\"WebPage\",\"@id\":\"https:\/\/www.comoditahome.com\/ks\/produkt\/mbishtrese-luna\/\",\"url\":\"https:\/\/www.comoditahome.com\/ks\/produkt\/mbishtrese-luna\/\",\"name\":\"Mbishtres\u00eb Luna - Comodita Home\",\"isPartOf\":{\"@id\":\"https:\/\/www.comoditahome.com\/ks\/#website\"},\"primaryImageOfPage\":{\"@id\":\"https:\/\/www.comoditahome.com\/ks\/produkt\/mbishtrese-luna\/#primaryimage\"},\"image\":{\"@id\":\"https:\/\/www.comoditahome.com\/ks\/produkt\/mbishtrese-luna\/#primaryimage\"},\"thumbnailUrl\":\"https:\/\/www.comoditahome.com\/ks\/wp-content\/uploads\/2026\/04\/Topper-LUNA-1.jpg\",\"datePublished\":\"2026-04-14T08:22:08+00:00\",\"dateModified\":\"2026-04-14T08:55:49+00:00\",\"description\":\"Mbishtresa Luna \u00ebsht\u00eb zgjidhja praktike p\u00ebr ta transformuar menj\u00ebher\u00eb ndjesin\u00eb e dyshekut tuaj.\",\"breadcrumb\":{\"@id\":\"https:\/\/www.comoditahome.com\/ks\/produkt\/mbishtrese-luna\/#breadcrumb\"},\"inLanguage\":\"sq\",\"potentialAction\":[{\"@type\":\"ReadAction\",\"target\":[\"https:\/\/www.comoditahome.com\/ks\/produkt\/mbishtrese-luna\/\"]}]},{\"@type\":\"ImageObject\",\"inLanguage\":\"sq\",\"@id\":\"https:\/\/www.comoditahome.com\/ks\/produkt\/mbishtrese-luna\/#primaryimage\",\"url\":\"https:\/\/www.comoditahome.com\/ks\/wp-content\/uploads\/2026\/04\/Topper-LUNA-1.jpg\",\"contentUrl\":\"https:\/\/www.comoditahome.com\/ks\/wp-content\/uploads\/2026\/04\/Topper-LUNA-1.jpg\",\"width\":1200,\"height\":1300},{\"@type\":\"BreadcrumbList\",\"@id\":\"https:\/\/www.comoditahome.com\/ks\/produkt\/mbishtrese-luna\/#breadcrumb\",\"itemListElement\":[{\"@type\":\"ListItem\",\"position\":1,\"name\":\"Comodita Home Kosova - Dyshek Mattress\",\"item\":\"https:\/\/www.comoditahome.com\/ks\/\"},{\"@type\":\"ListItem\",\"position\":2,\"name\":\"Shop\",\"item\":\"https:\/\/www.comoditahome.com\/ks\/shop\/\"},{\"@type\":\"ListItem\",\"position\":3,\"name\":\"Mbishtres\u00eb Luna\"}]},{\"@type\":\"WebSite\",\"@id\":\"https:\/\/www.comoditahome.com\/ks\/#website\",\"url\":\"https:\/\/www.comoditahome.com\/ks\/\",\"name\":\"Comodita Home\",\"description\":\"Dyshek, Jorgan, Jast\u00ebk, Kuzhine, Banjo, Kopsht dhe Aksesor\u00eb\",\"publisher\":{\"@id\":\"https:\/\/www.comoditahome.com\/ks\/#organization\"},\"potentialAction\":[{\"@type\":\"SearchAction\",\"target\":{\"@type\":\"EntryPoint\",\"urlTemplate\":\"https:\/\/www.comoditahome.com\/ks\/?s={search_term_string}\"},\"query-input\":\"required name=search_term_string\"}],\"inLanguage\":\"sq\"},{\"@type\":\"Organization\",\"@id\":\"https:\/\/www.comoditahome.com\/ks\/#organization\",\"name\":\"Comodita Home\",\"url\":\"https:\/\/www.comoditahome.com\/ks\/\",\"logo\":{\"@type\":\"ImageObject\",\"inLanguage\":\"sq\",\"@id\":\"https:\/\/www.comoditahome.com\/ks\/#\/schema\/logo\/image\/\",\"url\":\"https:\/\/www.comoditahome.com\/ks\/wp-content\/uploads\/2022\/05\/COMODITA_HOME_LOGO_KS_MK_AL-02.png\",\"contentUrl\":\"https:\/\/www.comoditahome.com\/ks\/wp-content\/uploads\/2022\/05\/COMODITA_HOME_LOGO_KS_MK_AL-02.png\",\"width\":180,\"height\":87,\"caption\":\"Comodita Home\"},\"image\":{\"@id\":\"https:\/\/www.comoditahome.com\/ks\/#\/schema\/logo\/image\/\"},\"sameAs\":[\"https:\/\/www.facebook.com\/comoditahome\/\",\"https:\/\/www.instagram.com\/comoditahome\/\",\"https:\/\/www.linkedin.com\/company\/comoditahome\/?originalSubdomain=fj\",\"https:\/\/www.youtube.com\/channel\/UC5O6IsT4JD4zaiOqmRi_Pvg\"]}]}<\/script>\n<!-- \/ Yoast SEO Premium plugin. -->","yoast_head_json":{"title":"Mbishtres\u00eb Luna - Comodita Home","description":"Mbishtresa Luna \u00ebsht\u00eb zgjidhja praktike p\u00ebr ta transformuar menj\u00ebher\u00eb ndjesin\u00eb e dyshekut tuaj.","robots":{"index":"index","follow":"follow","max-snippet":"max-snippet:-1","max-image-preview":"max-image-preview:large","max-video-preview":"max-video-preview:-1"},"canonical":"https:\/\/www.comoditahome.com\/ks\/produkt\/mbishtrese-luna\/","og_locale":"sq_AL","og_type":"article","og_title":"Mbishtres\u00eb Luna","og_description":"Mbishtresa Luna \u00ebsht\u00eb zgjidhja praktike p\u00ebr ta transformuar menj\u00ebher\u00eb ndjesin\u00eb e dyshekut tuaj.","og_url":"https:\/\/www.comoditahome.com\/ks\/produkt\/mbishtrese-luna\/","og_site_name":"Comodita Home","article_publisher":"https:\/\/www.facebook.com\/comoditahome\/","article_modified_time":"2026-04-14T08:55:49+00:00","og_image":[{"width":1200,"height":1300,"url":"https:\/\/www.comoditahome.com\/ks\/wp-content\/uploads\/2026\/04\/Topper-LUNA-1.jpg","type":"image\/jpeg"}],"twitter_card":"summary_large_image","twitter_misc":{"Est. reading time":"1 minut\u00eb"},"schema":{"@context":"https:\/\/schema.org","@graph":[{"@type":"WebPage","@id":"https:\/\/www.comoditahome.com\/ks\/produkt\/mbishtrese-luna\/","url":"https:\/\/www.comoditahome.com\/ks\/produkt\/mbishtrese-luna\/","name":"Mbishtres\u00eb Luna - Comodita Home","isPartOf":{"@id":"https:\/\/www.comoditahome.com\/ks\/#website"},"primaryImageOfPage":{"@id":"https:\/\/www.comoditahome.com\/ks\/produkt\/mbishtrese-luna\/#primaryimage"},"image":{"@id":"https:\/\/www.comoditahome.com\/ks\/produkt\/mbishtrese-luna\/#primaryimage"},"thumbnailUrl":"https:\/\/www.comoditahome.com\/ks\/wp-content\/uploads\/2026\/04\/Topper-LUNA-1.jpg","datePublished":"2026-04-14T08:22:08+00:00","dateModified":"2026-04-14T08:55:49+00:00","description":"Mbishtresa Luna \u00ebsht\u00eb zgjidhja praktike p\u00ebr ta transformuar menj\u00ebher\u00eb ndjesin\u00eb e dyshekut tuaj.","breadcrumb":{"@id":"https:\/\/www.comoditahome.com\/ks\/produkt\/mbishtrese-luna\/#breadcrumb"},"inLanguage":"sq","potentialAction":[{"@type":"ReadAction","target":["https:\/\/www.comoditahome.com\/ks\/produkt\/mbishtrese-luna\/"]}]},{"@type":"ImageObject","inLanguage":"sq","@id":"https:\/\/www.comoditahome.com\/ks\/produkt\/mbishtrese-luna\/#primaryimage","url":"https:\/\/www.comoditahome.com\/ks\/wp-content\/uploads\/2026\/04\/Topper-LUNA-1.jpg","contentUrl":"https:\/\/www.comoditahome.com\/ks\/wp-content\/uploads\/2026\/04\/Topper-LUNA-1.jpg","width":1200,"height":1300},{"@type":"BreadcrumbList","@id":"https:\/\/www.comoditahome.com\/ks\/produkt\/mbishtrese-luna\/#breadcrumb","itemListElement":[{"@type":"ListItem","position":1,"name":"Comodita Home Kosova - Dyshek Mattress","item":"https:\/\/www.comoditahome.com\/ks\/"},{"@type":"ListItem","position":2,"name":"Shop","item":"https:\/\/www.comoditahome.com\/ks\/shop\/"},{"@type":"ListItem","position":3,"name":"Mbishtres\u00eb Luna"}]},{"@type":"WebSite","@id":"https:\/\/www.comoditahome.com\/ks\/#website","url":"https:\/\/www.comoditahome.com\/ks\/","name":"Comodita Home","description":"Dyshek, Jorgan, Jast\u00ebk, Kuzhine, Banjo, Kopsht dhe Aksesor\u00eb","publisher":{"@id":"https:\/\/www.comoditahome.com\/ks\/#organization"},"potentialAction":[{"@type":"SearchAction","target":{"@type":"EntryPoint","urlTemplate":"https:\/\/www.comoditahome.com\/ks\/?s={search_term_string}"},"query-input":"required name=search_term_string"}],"inLanguage":"sq"},{"@type":"Organization","@id":"https:\/\/www.comoditahome.com\/ks\/#organization","name":"Comodita Home","url":"https:\/\/www.comoditahome.com\/ks\/","logo":{"@type":"ImageObject","inLanguage":"sq","@id":"https:\/\/www.comoditahome.com\/ks\/#\/schema\/logo\/image\/","url":"https:\/\/www.comoditahome.com\/ks\/wp-content\/uploads\/2022\/05\/COMODITA_HOME_LOGO_KS_MK_AL-02.png","contentUrl":"https:\/\/www.comoditahome.com\/ks\/wp-content\/uploads\/2022\/05\/COMODITA_HOME_LOGO_KS_MK_AL-02.png","width":180,"height":87,"caption":"Comodita Home"},"image":{"@id":"https:\/\/www.comoditahome.com\/ks\/#\/schema\/logo\/image\/"},"sameAs":["https:\/\/www.facebook.com\/comoditahome\/","https:\/\/www.instagram.com\/comoditahome\/","https:\/\/www.linkedin.com\/company\/comoditahome\/?originalSubdomain=fj","https:\/\/www.youtube.com\/channel\/UC5O6IsT4JD4zaiOqmRi_Pvg"]}]}},"_links":{"self":[{"href":"https:\/\/www.comoditahome.com\/ks\/wp-json\/wp\/v2\/product\/116051","targetHints":{"allow":["GET"]}}],"collection":[{"href":"https:\/\/www.comoditahome.com\/ks\/wp-json\/wp\/v2\/product"}],"about":[{"href":"https:\/\/www.comoditahome.com\/ks\/wp-json\/wp\/v2\/types\/product"}],"version-history":[{"count":1,"href":"https:\/\/www.comoditahome.com\/ks\/wp-json\/wp\/v2\/product\/116051\/revisions"}],"predecessor-version":[{"id":116061,"href":"https:\/\/www.comoditahome.com\/ks\/wp-json\/wp\/v2\/product\/116051\/revisions\/116061"}],"wp:featuredmedia":[{"embeddable":true,"href":"https:\/\/www.comoditahome.com\/ks\/wp-json\/wp\/v2\/media\/116052"}],"wp:attachment":[{"href":"https:\/\/www.comoditahome.com\/ks\/wp-json\/wp\/v2\/media?parent=116051"}],"wp:term":[{"taxonomy":"product_brand","embeddable":true,"href":"https:\/\/www.comoditahome.com\/ks\/wp-json\/wp\/v2\/product_brand?post=116051"},{"taxonomy":"product_cat","embeddable":true,"href":"https:\/\/www.comoditahome.com\/ks\/wp-json\/wp\/v2\/product_cat?post=116051"},{"taxonomy":"product_tag","embeddable":true,"href":"https:\/\/www.comoditahome.com\/ks\/wp-json\/wp\/v2\/product_tag?post=116051"}],"curies":[{"name":"wp","href":"https:\/\/api.w.org\/{rel}","templated":true}]}}