 {"id":116097,"date":"2026-04-16T09:12:06","date_gmt":"2026-04-16T07:12:06","guid":{"rendered":"https:\/\/www.comoditahome.com\/ks\/?post_type=product&#038;p=116097"},"modified":"2026-04-16T09:12:35","modified_gmt":"2026-04-16T07:12:35","slug":"dyshek-cloud-kornize-shtrati-baze-me-mekanizem-ngrites-luxury-180x200cm","status":"publish","type":"product","link":"https:\/\/www.comoditahome.com\/ks\/produkt\/dyshek-cloud-kornize-shtrati-baze-me-mekanizem-ngrites-luxury-180x200cm\/","title":{"rendered":"DYSHEK CLOUD + KORNIZ\u00cb SHTRATI + BAZ\u00cb ME MEKANIZ\u00cbM NGRIT\u00cbS LUXURY 180x200cm"},"content":{"rendered":"<p style=\"text-align: left;\"><span data-contrast=\"auto\">Krijuar p\u00ebr ata q\u00eb k\u00ebrkojn\u00eb kombinimin perfekt t\u00eb komoditetit, stilit dhe praktik\u00ebs, <\/span><\/p>\n<p style=\"text-align: left;\"><span data-contrast=\"auto\">ky set elegant p\u00ebrfshin Dyshekun, Korniz\u00ebn e shtratit, <\/span><\/p>\n<p style=\"text-align: left;\"><span data-contrast=\"auto\">Baz\u00ebn me mekaniz\u00ebm ngrit\u00ebs dhe 2x Llamb\u00eb ndri\u00e7uese<\/span> <span data-contrast=\"auto\">\u2013 nj\u00eb zgjidhje moderne dhe funksionale p\u00ebr \u00e7do dhom\u00eb gjumi.<\/span><span data-ccp-props=\"{}\">\u00a0<\/span><\/p>\n","protected":false},"excerpt":{"rendered":"<p style=\"text-align: left;\"><span data-contrast=\"auto\">Kompleti ideal p\u00ebr rehati maksimale dhe funksionalitet t\u00eb zgjuar<\/span><span data-ccp-props=\"{}\">\u00a0<\/span><\/p>\n<p style=\"text-align: left;\"><span data-contrast=\"auto\">Krijuar p\u00ebr ata q\u00eb k\u00ebrkojn\u00eb kombinimin perfekt t\u00eb komoditetit, stilit dhe praktik\u00ebs, ky set elegant p\u00ebrfshin Dyshekun, Korniz\u00ebn e shtratit , Baz\u00ebn me mekaniz\u00ebm ngrit\u00ebs dhe 2x Llamb\u00eb ndri\u00e7uese \u2013 nj\u00eb zgjidhje moderne dhe funksionale p\u00ebr \u00e7do dhom\u00eb gjumi.<\/span><span data-ccp-props=\"{}\">\u00a0<\/span><\/p>\n<p><strong>Dyshek Cloud<\/strong><\/p>\n<p>Brendesia e dyshekut\u00a0<strong data-start=\"21\" data-end=\"30\">Cloud<\/strong>\u00a0\u00ebsht\u00eb nj\u00eb kombinim i kujdessh\u00ebm i materialeve dhe teknologjive t\u00eb avancuara, t\u00eb cilat sigurojn\u00eb nj\u00eb p\u00ebrvoj\u00eb t\u00eb jasht\u00ebzakonshme gjumi. Brend\u00ebsia p\u00ebrfshin shtresa t\u00eb specializuara p\u00ebr mb\u00ebshtetje optimale t\u00eb trupit, rregullim t\u00eb temperatur\u00ebs dhe nj\u00eb ndjesi t\u00eb but\u00eb e relaksuese. I nd\u00ebrtuar nga ekspert\u00eb t\u00eb gjumit, ky dyshek \u00ebsht\u00eb cil\u00ebsor dhe inovativ, duke ofruar nj\u00eb gjum\u00eb t\u00eb qet\u00eb dhe t\u00eb sh\u00ebndetsh\u00ebm.<\/p>\n<p style=\"text-align: left;\"><b><span data-contrast=\"auto\">Korniz\u00eb e q\u00ebndrueshme dhe elegante<\/span><\/b><span data-ccp-props=\"{}\">\u00a0<\/span><\/p>\n<ul style=\"text-align: left;\">\n<li aria-setsize=\"-1\" data-leveltext=\"\uf0b7\" data-font=\"Symbol\" data-listid=\"2\" data-list-defn-props=\"{&quot;335552541&quot;:1,&quot;335559685&quot;:720,&quot;335559991&quot;:360,&quot;469769226&quot;:&quot;Symbol&quot;,&quot;469769242&quot;:[8226],&quot;469777803&quot;:&quot;left&quot;,&quot;469777804&quot;:&quot;\uf0b7&quot;,&quot;469777815&quot;:&quot;multilevel&quot;}\" data-aria-posinset=\"33\" data-aria-level=\"1\"><span data-contrast=\"auto\">Nd\u00ebrtuar me kujdes nga materiale cil\u00ebsore dhe t\u00eb punuara me estetik\u00eb.<\/span><span data-ccp-props=\"{}\">\u00a0<\/span><\/li>\n<li aria-setsize=\"-1\" data-leveltext=\"\uf0b7\" data-font=\"Symbol\" data-listid=\"2\" data-list-defn-props=\"{&quot;335552541&quot;:1,&quot;335559685&quot;:720,&quot;335559991&quot;:360,&quot;469769226&quot;:&quot;Symbol&quot;,&quot;469769242&quot;:[8226],&quot;469777803&quot;:&quot;left&quot;,&quot;469777804&quot;:&quot;\uf0b7&quot;,&quot;469777815&quot;:&quot;multilevel&quot;}\" data-aria-posinset=\"33\" data-aria-level=\"1\"><span data-contrast=\"auto\">P\u00ebrfaq\u00ebson nj\u00eb element t\u00eb r\u00ebnd\u00ebsish\u00ebm t\u00eb dizajnit t\u00eb dhom\u00ebs s\u00eb gjumit.<\/span><span data-ccp-props=\"{}\">\u00a0<\/span><\/li>\n<li aria-setsize=\"-1\" data-leveltext=\"\uf0b7\" data-font=\"Symbol\" data-listid=\"2\" data-list-defn-props=\"{&quot;335552541&quot;:1,&quot;335559685&quot;:720,&quot;335559991&quot;:360,&quot;469769226&quot;:&quot;Symbol&quot;,&quot;469769242&quot;:[8226],&quot;469777803&quot;:&quot;left&quot;,&quot;469777804&quot;:&quot;\uf0b7&quot;,&quot;469777815&quot;:&quot;multilevel&quot;}\" data-aria-posinset=\"33\" data-aria-level=\"1\"><span data-contrast=\"auto\">Me pamje moderne dhe t\u00eb past\u00ebr, p\u00ebrshtatet leht\u00eb me \u00e7do stil arredimi.<\/span><span data-ccp-props=\"{}\">\u00a0<\/span><\/li>\n<li aria-setsize=\"-1\" data-leveltext=\"\uf0b7\" data-font=\"Symbol\" data-listid=\"2\" data-list-defn-props=\"{&quot;335552541&quot;:1,&quot;335559685&quot;:720,&quot;335559991&quot;:360,&quot;469769226&quot;:&quot;Symbol&quot;,&quot;469769242&quot;:[8226],&quot;469777803&quot;:&quot;left&quot;,&quot;469777804&quot;:&quot;\uf0b7&quot;,&quot;469777815&quot;:&quot;multilevel&quot;}\" data-aria-posinset=\"33\" data-aria-level=\"1\"><span data-contrast=\"auto\">Garanton stabilitet dhe q\u00ebndrueshm\u00ebri p\u00ebr shum\u00eb vite p\u00ebrdorimi.<\/span><span data-ccp-props=\"{}\">\u00a0<\/span><\/li>\n<\/ul>\n<p style=\"text-align: left;\"><b><span data-contrast=\"auto\">Baza me mekaniz\u00ebm ngrit\u00ebs \u2013 funksionalitet i men\u00e7ur<\/span><\/b><span data-ccp-props=\"{}\">\u00a0<\/span><\/p>\n<ul style=\"text-align: left;\">\n<li aria-setsize=\"-1\" data-leveltext=\"\uf0b7\" data-font=\"Symbol\" data-listid=\"3\" data-list-defn-props=\"{&quot;335552541&quot;:1,&quot;335559685&quot;:720,&quot;335559991&quot;:360,&quot;469769226&quot;:&quot;Symbol&quot;,&quot;469769242&quot;:[8226],&quot;469777803&quot;:&quot;left&quot;,&quot;469777804&quot;:&quot;\uf0b7&quot;,&quot;469777815&quot;:&quot;multilevel&quot;}\" data-aria-posinset=\"15\" data-aria-level=\"1\"><span data-contrast=\"auto\">Hapet leht\u00eb dhe ofron hap\u00ebsir\u00eb t\u00eb bollshme p\u00ebr ruajtje n\u00ebn dyshek, ideale p\u00ebr batanije, jorgan\u00eb apo rroba sezonale.<\/span><span data-ccp-props=\"{}\">\u00a0<\/span><\/li>\n<li aria-setsize=\"-1\" data-leveltext=\"\uf0b7\" data-font=\"Symbol\" data-listid=\"3\" data-list-defn-props=\"{&quot;335552541&quot;:1,&quot;335559685&quot;:720,&quot;335559991&quot;:360,&quot;469769226&quot;:&quot;Symbol&quot;,&quot;469769242&quot;:[8226],&quot;469777803&quot;:&quot;left&quot;,&quot;469777804&quot;:&quot;\uf0b7&quot;,&quot;469777815&quot;:&quot;multilevel&quot;}\" data-aria-posinset=\"15\" data-aria-level=\"1\"><span data-contrast=\"auto\">E b\u00ebn shtratin praktik dhe t\u00eb organizuar, duke ju ndihmuar t\u00eb mbani dhom\u00ebn gjithmon\u00eb t\u00eb rregullt dhe t\u00eb past\u00ebr.<\/span><span data-ccp-props=\"{}\">\u00a0<\/span><\/li>\n<\/ul>\n<p style=\"text-align: left;\"><b><span data-contrast=\"auto\">Llamb\u00eb ndri\u00e7uese \u2013 dizajn elegant\u00a0<\/span><\/b><span data-ccp-props=\"{&quot;134233117&quot;:true,&quot;134233118&quot;:true,&quot;201341983&quot;:0,&quot;335559740&quot;:240}\">\u00a0<\/span><\/p>\n<ul style=\"text-align: left;\">\n<li aria-setsize=\"-1\" data-leveltext=\"\uf0b7\" data-font=\"Symbol\" data-listid=\"3\" data-list-defn-props=\"{&quot;335552541&quot;:1,&quot;335559685&quot;:720,&quot;335559991&quot;:360,&quot;469769226&quot;:&quot;Symbol&quot;,&quot;469769242&quot;:[8226],&quot;469777803&quot;:&quot;left&quot;,&quot;469777804&quot;:&quot;\uf0b7&quot;,&quot;469777815&quot;:&quot;multilevel&quot;}\" data-aria-posinset=\"17\" data-aria-level=\"1\"><span data-contrast=\"auto\">Ofron ndri\u00e7im t\u00eb ngroht\u00eb dhe t\u00eb k\u00ebndsh\u00ebm, perfekt p\u00ebr krijimin e nj\u00eb atmosfere relaksuese<\/span><span data-ccp-props=\"{&quot;134233117&quot;:true,&quot;134233118&quot;:true,&quot;201341983&quot;:0,&quot;335559740&quot;:240}\">\u00a0<\/span><\/li>\n<li aria-setsize=\"-1\" data-leveltext=\"\uf0b7\" data-font=\"Symbol\" data-listid=\"3\" data-list-defn-props=\"{&quot;335552541&quot;:1,&quot;335559685&quot;:720,&quot;335559991&quot;:360,&quot;469769226&quot;:&quot;Symbol&quot;,&quot;469769242&quot;:[8226],&quot;469777803&quot;:&quot;left&quot;,&quot;469777804&quot;:&quot;\uf0b7&quot;,&quot;469777815&quot;:&quot;multilevel&quot;}\" data-aria-posinset=\"17\" data-aria-level=\"1\"><span data-contrast=\"auto\">Dizajni modern p\u00ebrshtatet leht\u00ebsisht me \u00e7do stil arredimi, duke e b\u00ebr\u00eb element dekorativ po aq sa praktik.<\/span><br \/>\n<span data-ccp-props=\"{&quot;134233117&quot;:true,&quot;134233118&quot;:true,&quot;201341983&quot;:0,&quot;335559740&quot;:240}\">\u00a0<\/span><\/li>\n<\/ul>\n<p style=\"text-align: left;\"><span data-contrast=\"auto\">Ky kombinim i kat\u00ebr elementeve \u2013 Dyshek, Korniz\u00eb, Baz\u00eb me mekaniz\u00ebm ngrit\u00ebs dhe 2x Llamb\u00eb ndri\u00e7uese \u2013 \u00ebsht\u00eb zgjedhja perfekte p\u00ebr ata q\u00eb k\u00ebrkojn\u00eb komoditet, stil dhe funksionalitet n\u00eb nj\u00eb produkt t\u00eb vet\u00ebm.<\/span><span data-ccp-props=\"{}\">\u00a0<\/span><\/p>\n<p style=\"text-align: left;\"><b><span data-contrast=\"auto\">Dimensioni \/ Kompozicioni:<\/span><\/b><span data-contrast=\"auto\"> 180x200cm<\/span><span data-ccp-props=\"{}\"><br \/>\n<\/span><b><span data-contrast=\"auto\">LART\u00cbSIA E AN\u00cbSOREVE T\u00cb KORNIZES:<\/span><\/b><span data-contrast=\"auto\">\u202f20cm\u00a0<\/span><br \/>\n<b><span data-contrast=\"auto\">LART\u00cbSIA E PANELIT T\u00cb PAS\u00cbM T\u00cb KORNIZES (KOKA E KORNIZES):<\/span><\/b><span data-contrast=\"auto\">\u202f<\/span><span data-ccp-props=\"{}\">135cm<br \/>\n<\/span><b><span data-contrast=\"auto\">NGJYRA E KORNIZES:\u202f<\/span><\/b><span data-contrast=\"auto\">Bezh\u00eb<\/span><br \/>\n<b><span data-contrast=\"auto\">MATERIALI I DYSHEKUT:<\/span><\/b>Kombinim i shtresave t\u00eb shkum\u00ebs Memory dhe poliuretane dhe sustave, me mb\u00ebshtjell\u00ebs me ndjesi pelushi<br \/>\n<b><span data-contrast=\"auto\">UDH\u00cbZIMET E P\u00cbRDORIMIT:\u202f<\/span><\/b><span data-contrast=\"auto\">Dysheku vjen n\u00eb paketim t\u00eb vakumuar i mb\u00ebshtjellur n\u00eb m\u00ebnyr\u00eb hermetike. Pas hapjes, ai merr form\u00ebn brenda 10-20 minutave, por nuk duhet t\u00eb p\u00ebrdoret s\u00eb paku p\u00ebr 24 or\u00ebt e ardhshme. Dysheku nuk duhet t\u00eb ket\u00eb kontakt me ujin.<\/span><br \/>\n<b><span data-contrast=\"auto\">KUSHTET E KTHIMIT \/ GARANCION:<\/span><\/b> <span data-contrast=\"auto\">Garancion 3 vite.<\/span><span data-ccp-props=\"{}\">\u00a0<\/span><\/p>\n","protected":false},"featured_media":111948,"template":"","meta":[],"product_brand":[],"product_cat":[421,429],"product_tag":[],"class_list":{"0":"post-116097","1":"product","2":"type-product","3":"status-publish","4":"has-post-thumbnail","6":"product_cat-korniza-shtrati","7":"product_cat-luxury","8":"product_shipping_class-kornizat-e-shtratit","10":"first","11":"instock","12":"sale","13":"shipping-taxable","14":"purchasable","15":"product-type-simple","16":"layout-style-1","17":"col-md-4 col-sm-4 col-xs-6","18":"col-lg-2","19":"product-has-gallery","20":"product-style-default"},"yoast_head":"<!-- This site is optimized with the Yoast SEO Premium plugin v18.2.1 (Yoast SEO v22.5) - https:\/\/yoast.com\/wordpress\/plugins\/seo\/ -->\n<title>DYSHEK CLOUD + KORNIZ\u00cb SHTRATI + BAZ\u00cb ME MEKANIZ\u00cbM NGRIT\u00cbS LUXURY 180x200cm - Comodita Home<\/title>\n<meta name=\"description\" content=\"Krijuar p\u00ebr ata q\u00eb nuk b\u00ebjn\u00eb kompromise me cil\u00ebsin\u00eb e gjumit, kjo paket\u00eb ekskluzive p\u00ebrfshin nj\u00eb kombinim t\u00eb tre element\u00ebve thelb\u00ebsor\u00eb p\u00ebr nj\u00eb eksperienc\u00eb t\u00eb plot\u00eb pushimi: Dyshekun, Korniz\u00ebn e shtratit dhe Latoflex-in.\u00a0\" \/>\n<meta name=\"robots\" content=\"index, follow, max-snippet:-1, max-image-preview:large, max-video-preview:-1\" \/>\n<link rel=\"canonical\" href=\"https:\/\/www.comoditahome.com\/ks\/produkt\/dyshek-cloud-kornize-shtrati-baze-me-mekanizem-ngrites-luxury-180x200cm\/\" \/>\n<meta property=\"og:locale\" content=\"sq_AL\" \/>\n<meta property=\"og:type\" content=\"article\" \/>\n<meta property=\"og:title\" content=\"DYSHEK CLOUD + KORNIZ\u00cb SHTRATI + BAZ\u00cb ME MEKANIZ\u00cbM NGRIT\u00cbS LUXURY 180x200cm\" \/>\n<meta property=\"og:description\" content=\"Krijuar p\u00ebr ata q\u00eb nuk b\u00ebjn\u00eb kompromise me cil\u00ebsin\u00eb e gjumit, kjo paket\u00eb ekskluzive p\u00ebrfshin nj\u00eb kombinim t\u00eb tre element\u00ebve thelb\u00ebsor\u00eb p\u00ebr nj\u00eb eksperienc\u00eb t\u00eb plot\u00eb pushimi: Dyshekun, Korniz\u00ebn e shtratit dhe Latoflex-in.\u00a0\" \/>\n<meta property=\"og:url\" content=\"https:\/\/www.comoditahome.com\/ks\/produkt\/dyshek-cloud-kornize-shtrati-baze-me-mekanizem-ngrites-luxury-180x200cm\/\" \/>\n<meta property=\"og:site_name\" content=\"Comodita Home\" \/>\n<meta property=\"article:publisher\" content=\"https:\/\/www.facebook.com\/comoditahome\/\" \/>\n<meta property=\"article:modified_time\" content=\"2026-04-16T07:12:35+00:00\" \/>\n<meta property=\"og:image\" content=\"https:\/\/www.comoditahome.com\/ks\/wp-content\/uploads\/2025\/11\/Kornize-dyshek-Cloud.jpg\" \/>\n\t<meta property=\"og:image:width\" content=\"1200\" \/>\n\t<meta property=\"og:image:height\" content=\"1300\" \/>\n\t<meta property=\"og:image:type\" content=\"image\/jpeg\" \/>\n<meta name=\"twitter:card\" content=\"summary_large_image\" \/>\n<meta name=\"twitter:label1\" content=\"Est. reading time\" \/>\n\t<meta name=\"twitter:data1\" content=\"1 minut\u00eb\" \/>\n<script type=\"application\/ld+json\" class=\"yoast-schema-graph\">{\"@context\":\"https:\/\/schema.org\",\"@graph\":[{\"@type\":\"WebPage\",\"@id\":\"https:\/\/www.comoditahome.com\/ks\/produkt\/dyshek-cloud-kornize-shtrati-baze-me-mekanizem-ngrites-luxury-180x200cm\/\",\"url\":\"https:\/\/www.comoditahome.com\/ks\/produkt\/dyshek-cloud-kornize-shtrati-baze-me-mekanizem-ngrites-luxury-180x200cm\/\",\"name\":\"DYSHEK CLOUD + KORNIZ\u00cb SHTRATI + BAZ\u00cb ME MEKANIZ\u00cbM NGRIT\u00cbS LUXURY 180x200cm - Comodita Home\",\"isPartOf\":{\"@id\":\"https:\/\/www.comoditahome.com\/ks\/#website\"},\"primaryImageOfPage\":{\"@id\":\"https:\/\/www.comoditahome.com\/ks\/produkt\/dyshek-cloud-kornize-shtrati-baze-me-mekanizem-ngrites-luxury-180x200cm\/#primaryimage\"},\"image\":{\"@id\":\"https:\/\/www.comoditahome.com\/ks\/produkt\/dyshek-cloud-kornize-shtrati-baze-me-mekanizem-ngrites-luxury-180x200cm\/#primaryimage\"},\"thumbnailUrl\":\"https:\/\/www.comoditahome.com\/ks\/wp-content\/uploads\/2025\/11\/Kornize-dyshek-Cloud.jpg\",\"datePublished\":\"2026-04-16T07:12:06+00:00\",\"dateModified\":\"2026-04-16T07:12:35+00:00\",\"description\":\"Krijuar p\u00ebr ata q\u00eb nuk b\u00ebjn\u00eb kompromise me cil\u00ebsin\u00eb e gjumit, kjo paket\u00eb ekskluzive p\u00ebrfshin nj\u00eb kombinim t\u00eb tre element\u00ebve thelb\u00ebsor\u00eb p\u00ebr nj\u00eb eksperienc\u00eb t\u00eb plot\u00eb pushimi: Dyshekun, Korniz\u00ebn e shtratit dhe Latoflex-in.\u00a0\",\"breadcrumb\":{\"@id\":\"https:\/\/www.comoditahome.com\/ks\/produkt\/dyshek-cloud-kornize-shtrati-baze-me-mekanizem-ngrites-luxury-180x200cm\/#breadcrumb\"},\"inLanguage\":\"sq\",\"potentialAction\":[{\"@type\":\"ReadAction\",\"target\":[\"https:\/\/www.comoditahome.com\/ks\/produkt\/dyshek-cloud-kornize-shtrati-baze-me-mekanizem-ngrites-luxury-180x200cm\/\"]}]},{\"@type\":\"ImageObject\",\"inLanguage\":\"sq\",\"@id\":\"https:\/\/www.comoditahome.com\/ks\/produkt\/dyshek-cloud-kornize-shtrati-baze-me-mekanizem-ngrites-luxury-180x200cm\/#primaryimage\",\"url\":\"https:\/\/www.comoditahome.com\/ks\/wp-content\/uploads\/2025\/11\/Kornize-dyshek-Cloud.jpg\",\"contentUrl\":\"https:\/\/www.comoditahome.com\/ks\/wp-content\/uploads\/2025\/11\/Kornize-dyshek-Cloud.jpg\",\"width\":1200,\"height\":1300},{\"@type\":\"BreadcrumbList\",\"@id\":\"https:\/\/www.comoditahome.com\/ks\/produkt\/dyshek-cloud-kornize-shtrati-baze-me-mekanizem-ngrites-luxury-180x200cm\/#breadcrumb\",\"itemListElement\":[{\"@type\":\"ListItem\",\"position\":1,\"name\":\"Comodita Home Kosova - Dyshek Mattress\",\"item\":\"https:\/\/www.comoditahome.com\/ks\/\"},{\"@type\":\"ListItem\",\"position\":2,\"name\":\"Shop\",\"item\":\"https:\/\/www.comoditahome.com\/ks\/shop\/\"},{\"@type\":\"ListItem\",\"position\":3,\"name\":\"DYSHEK CLOUD + KORNIZ\u00cb SHTRATI + BAZ\u00cb ME MEKANIZ\u00cbM NGRIT\u00cbS LUXURY 180x200cm\"}]},{\"@type\":\"WebSite\",\"@id\":\"https:\/\/www.comoditahome.com\/ks\/#website\",\"url\":\"https:\/\/www.comoditahome.com\/ks\/\",\"name\":\"Comodita Home\",\"description\":\"Dyshek, Jorgan, Jast\u00ebk, Kuzhine, Banjo, Kopsht dhe Aksesor\u00eb\",\"publisher\":{\"@id\":\"https:\/\/www.comoditahome.com\/ks\/#organization\"},\"potentialAction\":[{\"@type\":\"SearchAction\",\"target\":{\"@type\":\"EntryPoint\",\"urlTemplate\":\"https:\/\/www.comoditahome.com\/ks\/?s={search_term_string}\"},\"query-input\":\"required name=search_term_string\"}],\"inLanguage\":\"sq\"},{\"@type\":\"Organization\",\"@id\":\"https:\/\/www.comoditahome.com\/ks\/#organization\",\"name\":\"Comodita Home\",\"url\":\"https:\/\/www.comoditahome.com\/ks\/\",\"logo\":{\"@type\":\"ImageObject\",\"inLanguage\":\"sq\",\"@id\":\"https:\/\/www.comoditahome.com\/ks\/#\/schema\/logo\/image\/\",\"url\":\"https:\/\/www.comoditahome.com\/ks\/wp-content\/uploads\/2022\/05\/COMODITA_HOME_LOGO_KS_MK_AL-02.png\",\"contentUrl\":\"https:\/\/www.comoditahome.com\/ks\/wp-content\/uploads\/2022\/05\/COMODITA_HOME_LOGO_KS_MK_AL-02.png\",\"width\":180,\"height\":87,\"caption\":\"Comodita Home\"},\"image\":{\"@id\":\"https:\/\/www.comoditahome.com\/ks\/#\/schema\/logo\/image\/\"},\"sameAs\":[\"https:\/\/www.facebook.com\/comoditahome\/\",\"https:\/\/www.instagram.com\/comoditahome\/\",\"https:\/\/www.linkedin.com\/company\/comoditahome\/?originalSubdomain=fj\",\"https:\/\/www.youtube.com\/channel\/UC5O6IsT4JD4zaiOqmRi_Pvg\"]}]}<\/script>\n<!-- \/ Yoast SEO Premium plugin. -->","yoast_head_json":{"title":"DYSHEK CLOUD + KORNIZ\u00cb SHTRATI + BAZ\u00cb ME MEKANIZ\u00cbM NGRIT\u00cbS LUXURY 180x200cm - Comodita Home","description":"Krijuar p\u00ebr ata q\u00eb nuk b\u00ebjn\u00eb kompromise me cil\u00ebsin\u00eb e gjumit, kjo paket\u00eb ekskluzive p\u00ebrfshin nj\u00eb kombinim t\u00eb tre element\u00ebve thelb\u00ebsor\u00eb p\u00ebr nj\u00eb eksperienc\u00eb t\u00eb plot\u00eb pushimi: Dyshekun, Korniz\u00ebn e shtratit dhe Latoflex-in.\u00a0","robots":{"index":"index","follow":"follow","max-snippet":"max-snippet:-1","max-image-preview":"max-image-preview:large","max-video-preview":"max-video-preview:-1"},"canonical":"https:\/\/www.comoditahome.com\/ks\/produkt\/dyshek-cloud-kornize-shtrati-baze-me-mekanizem-ngrites-luxury-180x200cm\/","og_locale":"sq_AL","og_type":"article","og_title":"DYSHEK CLOUD + KORNIZ\u00cb SHTRATI + BAZ\u00cb ME MEKANIZ\u00cbM NGRIT\u00cbS LUXURY 180x200cm","og_description":"Krijuar p\u00ebr ata q\u00eb nuk b\u00ebjn\u00eb kompromise me cil\u00ebsin\u00eb e gjumit, kjo paket\u00eb ekskluzive p\u00ebrfshin nj\u00eb kombinim t\u00eb tre element\u00ebve thelb\u00ebsor\u00eb p\u00ebr nj\u00eb eksperienc\u00eb t\u00eb plot\u00eb pushimi: Dyshekun, Korniz\u00ebn e shtratit dhe Latoflex-in.\u00a0","og_url":"https:\/\/www.comoditahome.com\/ks\/produkt\/dyshek-cloud-kornize-shtrati-baze-me-mekanizem-ngrites-luxury-180x200cm\/","og_site_name":"Comodita Home","article_publisher":"https:\/\/www.facebook.com\/comoditahome\/","article_modified_time":"2026-04-16T07:12:35+00:00","og_image":[{"width":1200,"height":1300,"url":"https:\/\/www.comoditahome.com\/ks\/wp-content\/uploads\/2025\/11\/Kornize-dyshek-Cloud.jpg","type":"image\/jpeg"}],"twitter_card":"summary_large_image","twitter_misc":{"Est. reading time":"1 minut\u00eb"},"schema":{"@context":"https:\/\/schema.org","@graph":[{"@type":"WebPage","@id":"https:\/\/www.comoditahome.com\/ks\/produkt\/dyshek-cloud-kornize-shtrati-baze-me-mekanizem-ngrites-luxury-180x200cm\/","url":"https:\/\/www.comoditahome.com\/ks\/produkt\/dyshek-cloud-kornize-shtrati-baze-me-mekanizem-ngrites-luxury-180x200cm\/","name":"DYSHEK CLOUD + KORNIZ\u00cb SHTRATI + BAZ\u00cb ME MEKANIZ\u00cbM NGRIT\u00cbS LUXURY 180x200cm - Comodita Home","isPartOf":{"@id":"https:\/\/www.comoditahome.com\/ks\/#website"},"primaryImageOfPage":{"@id":"https:\/\/www.comoditahome.com\/ks\/produkt\/dyshek-cloud-kornize-shtrati-baze-me-mekanizem-ngrites-luxury-180x200cm\/#primaryimage"},"image":{"@id":"https:\/\/www.comoditahome.com\/ks\/produkt\/dyshek-cloud-kornize-shtrati-baze-me-mekanizem-ngrites-luxury-180x200cm\/#primaryimage"},"thumbnailUrl":"https:\/\/www.comoditahome.com\/ks\/wp-content\/uploads\/2025\/11\/Kornize-dyshek-Cloud.jpg","datePublished":"2026-04-16T07:12:06+00:00","dateModified":"2026-04-16T07:12:35+00:00","description":"Krijuar p\u00ebr ata q\u00eb nuk b\u00ebjn\u00eb kompromise me cil\u00ebsin\u00eb e gjumit, kjo paket\u00eb ekskluzive p\u00ebrfshin nj\u00eb kombinim t\u00eb tre element\u00ebve thelb\u00ebsor\u00eb p\u00ebr nj\u00eb eksperienc\u00eb t\u00eb plot\u00eb pushimi: Dyshekun, Korniz\u00ebn e shtratit dhe Latoflex-in.\u00a0","breadcrumb":{"@id":"https:\/\/www.comoditahome.com\/ks\/produkt\/dyshek-cloud-kornize-shtrati-baze-me-mekanizem-ngrites-luxury-180x200cm\/#breadcrumb"},"inLanguage":"sq","potentialAction":[{"@type":"ReadAction","target":["https:\/\/www.comoditahome.com\/ks\/produkt\/dyshek-cloud-kornize-shtrati-baze-me-mekanizem-ngrites-luxury-180x200cm\/"]}]},{"@type":"ImageObject","inLanguage":"sq","@id":"https:\/\/www.comoditahome.com\/ks\/produkt\/dyshek-cloud-kornize-shtrati-baze-me-mekanizem-ngrites-luxury-180x200cm\/#primaryimage","url":"https:\/\/www.comoditahome.com\/ks\/wp-content\/uploads\/2025\/11\/Kornize-dyshek-Cloud.jpg","contentUrl":"https:\/\/www.comoditahome.com\/ks\/wp-content\/uploads\/2025\/11\/Kornize-dyshek-Cloud.jpg","width":1200,"height":1300},{"@type":"BreadcrumbList","@id":"https:\/\/www.comoditahome.com\/ks\/produkt\/dyshek-cloud-kornize-shtrati-baze-me-mekanizem-ngrites-luxury-180x200cm\/#breadcrumb","itemListElement":[{"@type":"ListItem","position":1,"name":"Comodita Home Kosova - Dyshek Mattress","item":"https:\/\/www.comoditahome.com\/ks\/"},{"@type":"ListItem","position":2,"name":"Shop","item":"https:\/\/www.comoditahome.com\/ks\/shop\/"},{"@type":"ListItem","position":3,"name":"DYSHEK CLOUD + KORNIZ\u00cb SHTRATI + BAZ\u00cb ME MEKANIZ\u00cbM NGRIT\u00cbS LUXURY 180x200cm"}]},{"@type":"WebSite","@id":"https:\/\/www.comoditahome.com\/ks\/#website","url":"https:\/\/www.comoditahome.com\/ks\/","name":"Comodita Home","description":"Dyshek, Jorgan, Jast\u00ebk, Kuzhine, Banjo, Kopsht dhe Aksesor\u00eb","publisher":{"@id":"https:\/\/www.comoditahome.com\/ks\/#organization"},"potentialAction":[{"@type":"SearchAction","target":{"@type":"EntryPoint","urlTemplate":"https:\/\/www.comoditahome.com\/ks\/?s={search_term_string}"},"query-input":"required name=search_term_string"}],"inLanguage":"sq"},{"@type":"Organization","@id":"https:\/\/www.comoditahome.com\/ks\/#organization","name":"Comodita Home","url":"https:\/\/www.comoditahome.com\/ks\/","logo":{"@type":"ImageObject","inLanguage":"sq","@id":"https:\/\/www.comoditahome.com\/ks\/#\/schema\/logo\/image\/","url":"https:\/\/www.comoditahome.com\/ks\/wp-content\/uploads\/2022\/05\/COMODITA_HOME_LOGO_KS_MK_AL-02.png","contentUrl":"https:\/\/www.comoditahome.com\/ks\/wp-content\/uploads\/2022\/05\/COMODITA_HOME_LOGO_KS_MK_AL-02.png","width":180,"height":87,"caption":"Comodita Home"},"image":{"@id":"https:\/\/www.comoditahome.com\/ks\/#\/schema\/logo\/image\/"},"sameAs":["https:\/\/www.facebook.com\/comoditahome\/","https:\/\/www.instagram.com\/comoditahome\/","https:\/\/www.linkedin.com\/company\/comoditahome\/?originalSubdomain=fj","https:\/\/www.youtube.com\/channel\/UC5O6IsT4JD4zaiOqmRi_Pvg"]}]}},"_links":{"self":[{"href":"https:\/\/www.comoditahome.com\/ks\/wp-json\/wp\/v2\/product\/116097","targetHints":{"allow":["GET"]}}],"collection":[{"href":"https:\/\/www.comoditahome.com\/ks\/wp-json\/wp\/v2\/product"}],"about":[{"href":"https:\/\/www.comoditahome.com\/ks\/wp-json\/wp\/v2\/types\/product"}],"version-history":[{"count":1,"href":"https:\/\/www.comoditahome.com\/ks\/wp-json\/wp\/v2\/product\/116097\/revisions"}],"predecessor-version":[{"id":116098,"href":"https:\/\/www.comoditahome.com\/ks\/wp-json\/wp\/v2\/product\/116097\/revisions\/116098"}],"wp:featuredmedia":[{"embeddable":true,"href":"https:\/\/www.comoditahome.com\/ks\/wp-json\/wp\/v2\/media\/111948"}],"wp:attachment":[{"href":"https:\/\/www.comoditahome.com\/ks\/wp-json\/wp\/v2\/media?parent=116097"}],"wp:term":[{"taxonomy":"product_brand","embeddable":true,"href":"https:\/\/www.comoditahome.com\/ks\/wp-json\/wp\/v2\/product_brand?post=116097"},{"taxonomy":"product_cat","embeddable":true,"href":"https:\/\/www.comoditahome.com\/ks\/wp-json\/wp\/v2\/product_cat?post=116097"},{"taxonomy":"product_tag","embeddable":true,"href":"https:\/\/www.comoditahome.com\/ks\/wp-json\/wp\/v2\/product_tag?post=116097"}],"curies":[{"name":"wp","href":"https:\/\/api.w.org\/{rel}","templated":true}]}}