 {"id":116182,"date":"2026-04-16T12:25:48","date_gmt":"2026-04-16T10:25:48","guid":{"rendered":"https:\/\/www.comoditahome.com\/ks\/?post_type=product&#038;p=116182"},"modified":"2026-04-16T12:26:33","modified_gmt":"2026-04-16T10:26:33","slug":"dyshek-cloud-kornize-shtrati-latoflex-tedy-pink-90x200cm","status":"publish","type":"product","link":"https:\/\/www.comoditahome.com\/ks\/produkt\/dyshek-cloud-kornize-shtrati-latoflex-tedy-pink-90x200cm\/","title":{"rendered":"DYSHEK CLOUD + KORNIZ\u00cb SHTRATI + LATOFLEX TEDY PINK 90x200cm"},"content":{"rendered":"<p style=\"text-align: left;\"><span data-contrast=\"auto\">Krijuar p\u00ebr ata q\u00eb nuk b\u00ebjn\u00eb kompromise me cil\u00ebsin\u00eb e gjumit, <\/span><\/p>\n<p style=\"text-align: left;\"><span data-contrast=\"auto\">kjo paket\u00eb ekskluzive p\u00ebrfshin nj\u00eb kombinim t\u00eb tre element\u00ebve thelb\u00ebsor\u00eb p\u00ebr nj\u00eb eksperienc\u00eb t\u00eb plot\u00eb pushimi: <\/span><\/p>\n<p style=\"text-align: left;\"><span data-contrast=\"auto\">Dyshekun, Korniz\u00ebn e shtratit dhe Latoflex-in.<\/span><span data-ccp-props=\"{}\">\u00a0<\/span><\/p>\n","protected":false},"excerpt":{"rendered":"<p style=\"text-align: left;\"><b><span data-contrast=\"auto\">Kompleti i p\u00ebrkryer p\u00ebr nj\u00eb gjum\u00eb t\u00eb qet\u00eb dhe rehati t\u00eb garantuar.<\/span><\/b><span data-ccp-props=\"{}\"><br \/>\n<\/span><span data-contrast=\"auto\">Krijuar p\u00ebr ata q\u00eb nuk b\u00ebjn\u00eb kompromise me cil\u00ebsin\u00eb e gjumit, kjo paket\u00eb ekskluzive p\u00ebrfshin nj\u00eb kombinim t\u00eb tre element\u00ebve thelb\u00ebsor\u00eb p\u00ebr nj\u00eb eksperienc\u00eb t\u00eb plot\u00eb pushimi: Dyshekun, Korniz\u00ebn e shtratit dhe Latoflex-in.<\/span><span data-ccp-props=\"{}\"><br \/>\n<\/span><span data-ccp-props=\"{}\"><b>\u00a0<\/b><br \/>\n<\/span><b><span data-contrast=\"auto\">K<\/span><\/b><b><span data-contrast=\"auto\">orniz\u00eb e q\u00ebndrueshme dhe elegante<br \/>\n<\/span><\/b><span data-contrast=\"auto\">Nd\u00ebrtuar me kujdes nga materiale rezistente dhe t\u00eb punuara n\u00eb m\u00ebnyr\u00eb estetike<\/span><span data-ccp-props=\"{}\"><br \/>\n<\/span><span data-contrast=\"auto\">P\u00ebrfaq\u00ebson nj\u00eb element t\u00eb r\u00ebnd\u00ebsish\u00ebm t\u00eb dizajnit t\u00eb dhom\u00ebs s\u00eb gjumit.<\/span><span data-ccp-props=\"{}\"><br \/>\n<\/span><span data-contrast=\"auto\">Me nj\u00eb pamje moderne dhe t\u00eb past\u00ebr, ajo p\u00ebrputhet leht\u00ebsisht me \u00e7do stil arredimi\u00a0<\/span><span data-ccp-props=\"{}\"><br \/>\n<\/span><span data-contrast=\"auto\">Garanton stabilitet dhe q\u00ebndrueshm\u00ebri p\u00ebr vite me radh\u00eb.<\/span><span data-ccp-props=\"{}\"><br \/>\n<\/span><b><span data-contrast=\"auto\">Latoflex i fort\u00eb dhe fleksib\u00ebl<\/span><\/b><br \/>\n<span data-contrast=\"auto\">Shtresa e brendshme me latoflex (rripa druri) \u00ebsht\u00eb ajo q\u00eb e b\u00ebn k\u00ebt\u00eb komplet edhe m\u00eb funksional.\u00a0<\/span><span data-ccp-props=\"{}\"><br \/>\n<\/span><span data-contrast=\"auto\">\u00cbsht\u00eb i p\u00ebrforcuar me tet\u00eb k\u00ebmb\u00eb dhe me platform\u00eb p\u00ebr q\u00ebndrueshm\u00ebri dhe p\u00ebr mbajtjen e pesh\u00ebs<\/span><span data-ccp-props=\"{}\"><br \/>\n<\/span><span data-contrast=\"auto\">Ofron nj\u00eb mb\u00ebshtetje shtes\u00eb p\u00ebr dyshekun, duke p\u00ebrmir\u00ebsuar komoditetin e tij dhe zgjatur jet\u00ebn e p\u00ebrdorimit.\u00a0<\/span><span data-ccp-props=\"{}\"><br \/>\n<\/span><span data-contrast=\"auto\">Siguron fleksibilitet t\u00eb kontrolluar dhe p\u00ebrmir\u00ebson ventilimin e dyshekut, gj\u00eb q\u00eb ndihmon n\u00eb ruajtjen e freskis\u00eb dhe higjien\u00ebs.<\/span><span data-ccp-props=\"{}\"><br \/>\n<\/span><span data-contrast=\"auto\">Ky kombinim perfekt i Dyshekut, Korniz\u00ebs dhe Latoflex-it \u00ebsht\u00eb zgjedhja ideale p\u00ebr ata q\u00eb k\u00ebrkojn\u00eb nj\u00eb ambient t\u00eb ngroht\u00eb, t\u00eb rehatsh\u00ebm dhe funksional n\u00eb dhom\u00ebn e tyre t\u00eb gjumit.<\/span><span data-ccp-props=\"{}\"><br \/>\n<\/span><b><span data-contrast=\"auto\">Dimensioni \/ Kompozicioni:<\/span><\/b><span data-contrast=\"auto\">\u202f90x200cm<br \/>\n<strong>LART\u00cbSIA E AN\u00cbSOREVE T\u00cb KORNIZES:<\/strong><br \/>\n<strong>LART\u00cbSIA E PANELIT T\u00cb PAS\u00cbM T\u00cb KORNIZES (KOKA E KORNIZES):\u00a0<\/strong><\/span><span data-ccp-props=\"{}\"><br \/>\n<\/span><b><span data-contrast=\"auto\">NGJYRA E KORNIZES:\u00a0<\/span><\/b><span data-contrast=\"auto\">Ros\u00eb<\/span><span data-ccp-props=\"{}\"><br \/>\n<\/span><b><span data-contrast=\"auto\">MATERIALI I DYSHEKUT:\u202f\u00a0<\/span><\/b><span data-ccp-props=\"{}\"><br \/>\n<\/span><b><span data-contrast=\"auto\">UDH\u00cbZIMET E P\u00cbRDORIMIT:\u202f\u00a0<\/span><\/b><span data-ccp-props=\"{}\"><br \/>\n<\/span><b><span data-contrast=\"auto\">KUSHTET E KTHIMIT \/ GARANCION:\u202f<\/span><\/b><span data-contrast=\"auto\">Ky produkt nuk ka garancion<\/span><span data-ccp-props=\"{}\">\u00a0<\/span><\/p>\n","protected":false},"featured_media":116178,"template":"","meta":[],"product_brand":[],"product_cat":[440,421],"product_tag":[],"class_list":{"0":"post-116182","1":"product","2":"type-product","3":"status-publish","4":"has-post-thumbnail","6":"product_cat-tedy","7":"product_cat-korniza-shtrati","8":"product_shipping_class-kornizat-e-shtratit","10":"first","11":"instock","12":"sale","13":"shipping-taxable","14":"purchasable","15":"product-type-simple","16":"layout-style-1","17":"col-md-4 col-sm-4 col-xs-6","18":"col-lg-2","19":"product-has-gallery","20":"product-style-default"},"yoast_head":"<!-- This site is optimized with the Yoast SEO Premium plugin v18.2.1 (Yoast SEO v22.5) - https:\/\/yoast.com\/wordpress\/plugins\/seo\/ -->\n<title>DYSHEK CLOUD + KORNIZ\u00cb SHTRATI + LATOFLEX TEDY PINK 90x200cm - Comodita Home<\/title>\n<meta name=\"description\" content=\"Aparati i kafes\u00eb Prince vjen i dizajnuar n\u00eb model modern me ngjyr\u00eb t\u00eb bardh\u00eb. Ky aparat leht\u00ebsisht mund t\u00eb p\u00ebrshkruhet si miku juaj m\u00eb i mir\u00eb...\" \/>\n<meta name=\"robots\" content=\"index, follow, max-snippet:-1, max-image-preview:large, max-video-preview:-1\" \/>\n<link rel=\"canonical\" href=\"https:\/\/www.comoditahome.com\/ks\/produkt\/dyshek-cloud-kornize-shtrati-latoflex-tedy-pink-90x200cm\/\" \/>\n<meta property=\"og:locale\" content=\"sq_AL\" \/>\n<meta property=\"og:type\" content=\"article\" \/>\n<meta property=\"og:title\" content=\"DYSHEK CLOUD + KORNIZ\u00cb SHTRATI + LATOFLEX TEDY PINK 90x200cm\" \/>\n<meta property=\"og:description\" content=\"Aparati i kafes\u00eb Prince vjen i dizajnuar n\u00eb model modern me ngjyr\u00eb t\u00eb bardh\u00eb. Ky aparat leht\u00ebsisht mund t\u00eb p\u00ebrshkruhet si miku juaj m\u00eb i mir\u00eb...\" \/>\n<meta property=\"og:url\" content=\"https:\/\/www.comoditahome.com\/ks\/produkt\/dyshek-cloud-kornize-shtrati-latoflex-tedy-pink-90x200cm\/\" \/>\n<meta property=\"og:site_name\" content=\"Comodita Home\" \/>\n<meta property=\"article:publisher\" content=\"https:\/\/www.facebook.com\/comoditahome\/\" \/>\n<meta property=\"article:modified_time\" content=\"2026-04-16T10:26:33+00:00\" \/>\n<meta property=\"og:image\" content=\"https:\/\/www.comoditahome.com\/ks\/wp-content\/uploads\/2026\/04\/TEDY-PINK-CLOUD.jpg\" \/>\n\t<meta property=\"og:image:width\" content=\"1200\" \/>\n\t<meta property=\"og:image:height\" content=\"1300\" \/>\n\t<meta property=\"og:image:type\" content=\"image\/jpeg\" \/>\n<meta name=\"twitter:card\" content=\"summary_large_image\" \/>\n<meta name=\"twitter:label1\" content=\"Est. reading time\" \/>\n\t<meta name=\"twitter:data1\" content=\"1 minut\u00eb\" \/>\n<script type=\"application\/ld+json\" class=\"yoast-schema-graph\">{\"@context\":\"https:\/\/schema.org\",\"@graph\":[{\"@type\":\"WebPage\",\"@id\":\"https:\/\/www.comoditahome.com\/ks\/produkt\/dyshek-cloud-kornize-shtrati-latoflex-tedy-pink-90x200cm\/\",\"url\":\"https:\/\/www.comoditahome.com\/ks\/produkt\/dyshek-cloud-kornize-shtrati-latoflex-tedy-pink-90x200cm\/\",\"name\":\"DYSHEK CLOUD + KORNIZ\u00cb SHTRATI + LATOFLEX TEDY PINK 90x200cm - Comodita Home\",\"isPartOf\":{\"@id\":\"https:\/\/www.comoditahome.com\/ks\/#website\"},\"primaryImageOfPage\":{\"@id\":\"https:\/\/www.comoditahome.com\/ks\/produkt\/dyshek-cloud-kornize-shtrati-latoflex-tedy-pink-90x200cm\/#primaryimage\"},\"image\":{\"@id\":\"https:\/\/www.comoditahome.com\/ks\/produkt\/dyshek-cloud-kornize-shtrati-latoflex-tedy-pink-90x200cm\/#primaryimage\"},\"thumbnailUrl\":\"https:\/\/www.comoditahome.com\/ks\/wp-content\/uploads\/2026\/04\/TEDY-PINK-CLOUD.jpg\",\"datePublished\":\"2026-04-16T10:25:48+00:00\",\"dateModified\":\"2026-04-16T10:26:33+00:00\",\"description\":\"Aparati i kafes\u00eb Prince vjen i dizajnuar n\u00eb model modern me ngjyr\u00eb t\u00eb bardh\u00eb. Ky aparat leht\u00ebsisht mund t\u00eb p\u00ebrshkruhet si miku juaj m\u00eb i mir\u00eb...\",\"breadcrumb\":{\"@id\":\"https:\/\/www.comoditahome.com\/ks\/produkt\/dyshek-cloud-kornize-shtrati-latoflex-tedy-pink-90x200cm\/#breadcrumb\"},\"inLanguage\":\"sq\",\"potentialAction\":[{\"@type\":\"ReadAction\",\"target\":[\"https:\/\/www.comoditahome.com\/ks\/produkt\/dyshek-cloud-kornize-shtrati-latoflex-tedy-pink-90x200cm\/\"]}]},{\"@type\":\"ImageObject\",\"inLanguage\":\"sq\",\"@id\":\"https:\/\/www.comoditahome.com\/ks\/produkt\/dyshek-cloud-kornize-shtrati-latoflex-tedy-pink-90x200cm\/#primaryimage\",\"url\":\"https:\/\/www.comoditahome.com\/ks\/wp-content\/uploads\/2026\/04\/TEDY-PINK-CLOUD.jpg\",\"contentUrl\":\"https:\/\/www.comoditahome.com\/ks\/wp-content\/uploads\/2026\/04\/TEDY-PINK-CLOUD.jpg\",\"width\":1200,\"height\":1300},{\"@type\":\"BreadcrumbList\",\"@id\":\"https:\/\/www.comoditahome.com\/ks\/produkt\/dyshek-cloud-kornize-shtrati-latoflex-tedy-pink-90x200cm\/#breadcrumb\",\"itemListElement\":[{\"@type\":\"ListItem\",\"position\":1,\"name\":\"Comodita Home Kosova - Dyshek Mattress\",\"item\":\"https:\/\/www.comoditahome.com\/ks\/\"},{\"@type\":\"ListItem\",\"position\":2,\"name\":\"Shop\",\"item\":\"https:\/\/www.comoditahome.com\/ks\/shop\/\"},{\"@type\":\"ListItem\",\"position\":3,\"name\":\"DYSHEK CLOUD + KORNIZ\u00cb SHTRATI + LATOFLEX TEDY PINK 90x200cm\"}]},{\"@type\":\"WebSite\",\"@id\":\"https:\/\/www.comoditahome.com\/ks\/#website\",\"url\":\"https:\/\/www.comoditahome.com\/ks\/\",\"name\":\"Comodita Home\",\"description\":\"Dyshek, Jorgan, Jast\u00ebk, Kuzhine, Banjo, Kopsht dhe Aksesor\u00eb\",\"publisher\":{\"@id\":\"https:\/\/www.comoditahome.com\/ks\/#organization\"},\"potentialAction\":[{\"@type\":\"SearchAction\",\"target\":{\"@type\":\"EntryPoint\",\"urlTemplate\":\"https:\/\/www.comoditahome.com\/ks\/?s={search_term_string}\"},\"query-input\":\"required name=search_term_string\"}],\"inLanguage\":\"sq\"},{\"@type\":\"Organization\",\"@id\":\"https:\/\/www.comoditahome.com\/ks\/#organization\",\"name\":\"Comodita Home\",\"url\":\"https:\/\/www.comoditahome.com\/ks\/\",\"logo\":{\"@type\":\"ImageObject\",\"inLanguage\":\"sq\",\"@id\":\"https:\/\/www.comoditahome.com\/ks\/#\/schema\/logo\/image\/\",\"url\":\"https:\/\/www.comoditahome.com\/ks\/wp-content\/uploads\/2022\/05\/COMODITA_HOME_LOGO_KS_MK_AL-02.png\",\"contentUrl\":\"https:\/\/www.comoditahome.com\/ks\/wp-content\/uploads\/2022\/05\/COMODITA_HOME_LOGO_KS_MK_AL-02.png\",\"width\":180,\"height\":87,\"caption\":\"Comodita Home\"},\"image\":{\"@id\":\"https:\/\/www.comoditahome.com\/ks\/#\/schema\/logo\/image\/\"},\"sameAs\":[\"https:\/\/www.facebook.com\/comoditahome\/\",\"https:\/\/www.instagram.com\/comoditahome\/\",\"https:\/\/www.linkedin.com\/company\/comoditahome\/?originalSubdomain=fj\",\"https:\/\/www.youtube.com\/channel\/UC5O6IsT4JD4zaiOqmRi_Pvg\"]}]}<\/script>\n<!-- \/ Yoast SEO Premium plugin. -->","yoast_head_json":{"title":"DYSHEK CLOUD + KORNIZ\u00cb SHTRATI + LATOFLEX TEDY PINK 90x200cm - Comodita Home","description":"Aparati i kafes\u00eb Prince vjen i dizajnuar n\u00eb model modern me ngjyr\u00eb t\u00eb bardh\u00eb. Ky aparat leht\u00ebsisht mund t\u00eb p\u00ebrshkruhet si miku juaj m\u00eb i mir\u00eb...","robots":{"index":"index","follow":"follow","max-snippet":"max-snippet:-1","max-image-preview":"max-image-preview:large","max-video-preview":"max-video-preview:-1"},"canonical":"https:\/\/www.comoditahome.com\/ks\/produkt\/dyshek-cloud-kornize-shtrati-latoflex-tedy-pink-90x200cm\/","og_locale":"sq_AL","og_type":"article","og_title":"DYSHEK CLOUD + KORNIZ\u00cb SHTRATI + LATOFLEX TEDY PINK 90x200cm","og_description":"Aparati i kafes\u00eb Prince vjen i dizajnuar n\u00eb model modern me ngjyr\u00eb t\u00eb bardh\u00eb. Ky aparat leht\u00ebsisht mund t\u00eb p\u00ebrshkruhet si miku juaj m\u00eb i mir\u00eb...","og_url":"https:\/\/www.comoditahome.com\/ks\/produkt\/dyshek-cloud-kornize-shtrati-latoflex-tedy-pink-90x200cm\/","og_site_name":"Comodita Home","article_publisher":"https:\/\/www.facebook.com\/comoditahome\/","article_modified_time":"2026-04-16T10:26:33+00:00","og_image":[{"width":1200,"height":1300,"url":"https:\/\/www.comoditahome.com\/ks\/wp-content\/uploads\/2026\/04\/TEDY-PINK-CLOUD.jpg","type":"image\/jpeg"}],"twitter_card":"summary_large_image","twitter_misc":{"Est. reading time":"1 minut\u00eb"},"schema":{"@context":"https:\/\/schema.org","@graph":[{"@type":"WebPage","@id":"https:\/\/www.comoditahome.com\/ks\/produkt\/dyshek-cloud-kornize-shtrati-latoflex-tedy-pink-90x200cm\/","url":"https:\/\/www.comoditahome.com\/ks\/produkt\/dyshek-cloud-kornize-shtrati-latoflex-tedy-pink-90x200cm\/","name":"DYSHEK CLOUD + KORNIZ\u00cb SHTRATI + LATOFLEX TEDY PINK 90x200cm - Comodita Home","isPartOf":{"@id":"https:\/\/www.comoditahome.com\/ks\/#website"},"primaryImageOfPage":{"@id":"https:\/\/www.comoditahome.com\/ks\/produkt\/dyshek-cloud-kornize-shtrati-latoflex-tedy-pink-90x200cm\/#primaryimage"},"image":{"@id":"https:\/\/www.comoditahome.com\/ks\/produkt\/dyshek-cloud-kornize-shtrati-latoflex-tedy-pink-90x200cm\/#primaryimage"},"thumbnailUrl":"https:\/\/www.comoditahome.com\/ks\/wp-content\/uploads\/2026\/04\/TEDY-PINK-CLOUD.jpg","datePublished":"2026-04-16T10:25:48+00:00","dateModified":"2026-04-16T10:26:33+00:00","description":"Aparati i kafes\u00eb Prince vjen i dizajnuar n\u00eb model modern me ngjyr\u00eb t\u00eb bardh\u00eb. Ky aparat leht\u00ebsisht mund t\u00eb p\u00ebrshkruhet si miku juaj m\u00eb i mir\u00eb...","breadcrumb":{"@id":"https:\/\/www.comoditahome.com\/ks\/produkt\/dyshek-cloud-kornize-shtrati-latoflex-tedy-pink-90x200cm\/#breadcrumb"},"inLanguage":"sq","potentialAction":[{"@type":"ReadAction","target":["https:\/\/www.comoditahome.com\/ks\/produkt\/dyshek-cloud-kornize-shtrati-latoflex-tedy-pink-90x200cm\/"]}]},{"@type":"ImageObject","inLanguage":"sq","@id":"https:\/\/www.comoditahome.com\/ks\/produkt\/dyshek-cloud-kornize-shtrati-latoflex-tedy-pink-90x200cm\/#primaryimage","url":"https:\/\/www.comoditahome.com\/ks\/wp-content\/uploads\/2026\/04\/TEDY-PINK-CLOUD.jpg","contentUrl":"https:\/\/www.comoditahome.com\/ks\/wp-content\/uploads\/2026\/04\/TEDY-PINK-CLOUD.jpg","width":1200,"height":1300},{"@type":"BreadcrumbList","@id":"https:\/\/www.comoditahome.com\/ks\/produkt\/dyshek-cloud-kornize-shtrati-latoflex-tedy-pink-90x200cm\/#breadcrumb","itemListElement":[{"@type":"ListItem","position":1,"name":"Comodita Home Kosova - Dyshek Mattress","item":"https:\/\/www.comoditahome.com\/ks\/"},{"@type":"ListItem","position":2,"name":"Shop","item":"https:\/\/www.comoditahome.com\/ks\/shop\/"},{"@type":"ListItem","position":3,"name":"DYSHEK CLOUD + KORNIZ\u00cb SHTRATI + LATOFLEX TEDY PINK 90x200cm"}]},{"@type":"WebSite","@id":"https:\/\/www.comoditahome.com\/ks\/#website","url":"https:\/\/www.comoditahome.com\/ks\/","name":"Comodita Home","description":"Dyshek, Jorgan, Jast\u00ebk, Kuzhine, Banjo, Kopsht dhe Aksesor\u00eb","publisher":{"@id":"https:\/\/www.comoditahome.com\/ks\/#organization"},"potentialAction":[{"@type":"SearchAction","target":{"@type":"EntryPoint","urlTemplate":"https:\/\/www.comoditahome.com\/ks\/?s={search_term_string}"},"query-input":"required name=search_term_string"}],"inLanguage":"sq"},{"@type":"Organization","@id":"https:\/\/www.comoditahome.com\/ks\/#organization","name":"Comodita Home","url":"https:\/\/www.comoditahome.com\/ks\/","logo":{"@type":"ImageObject","inLanguage":"sq","@id":"https:\/\/www.comoditahome.com\/ks\/#\/schema\/logo\/image\/","url":"https:\/\/www.comoditahome.com\/ks\/wp-content\/uploads\/2022\/05\/COMODITA_HOME_LOGO_KS_MK_AL-02.png","contentUrl":"https:\/\/www.comoditahome.com\/ks\/wp-content\/uploads\/2022\/05\/COMODITA_HOME_LOGO_KS_MK_AL-02.png","width":180,"height":87,"caption":"Comodita Home"},"image":{"@id":"https:\/\/www.comoditahome.com\/ks\/#\/schema\/logo\/image\/"},"sameAs":["https:\/\/www.facebook.com\/comoditahome\/","https:\/\/www.instagram.com\/comoditahome\/","https:\/\/www.linkedin.com\/company\/comoditahome\/?originalSubdomain=fj","https:\/\/www.youtube.com\/channel\/UC5O6IsT4JD4zaiOqmRi_Pvg"]}]}},"_links":{"self":[{"href":"https:\/\/www.comoditahome.com\/ks\/wp-json\/wp\/v2\/product\/116182","targetHints":{"allow":["GET"]}}],"collection":[{"href":"https:\/\/www.comoditahome.com\/ks\/wp-json\/wp\/v2\/product"}],"about":[{"href":"https:\/\/www.comoditahome.com\/ks\/wp-json\/wp\/v2\/types\/product"}],"version-history":[{"count":1,"href":"https:\/\/www.comoditahome.com\/ks\/wp-json\/wp\/v2\/product\/116182\/revisions"}],"predecessor-version":[{"id":116183,"href":"https:\/\/www.comoditahome.com\/ks\/wp-json\/wp\/v2\/product\/116182\/revisions\/116183"}],"wp:featuredmedia":[{"embeddable":true,"href":"https:\/\/www.comoditahome.com\/ks\/wp-json\/wp\/v2\/media\/116178"}],"wp:attachment":[{"href":"https:\/\/www.comoditahome.com\/ks\/wp-json\/wp\/v2\/media?parent=116182"}],"wp:term":[{"taxonomy":"product_brand","embeddable":true,"href":"https:\/\/www.comoditahome.com\/ks\/wp-json\/wp\/v2\/product_brand?post=116182"},{"taxonomy":"product_cat","embeddable":true,"href":"https:\/\/www.comoditahome.com\/ks\/wp-json\/wp\/v2\/product_cat?post=116182"},{"taxonomy":"product_tag","embeddable":true,"href":"https:\/\/www.comoditahome.com\/ks\/wp-json\/wp\/v2\/product_tag?post=116182"}],"curies":[{"name":"wp","href":"https:\/\/api.w.org\/{rel}","templated":true}]}}