 {"id":31317,"date":"2021-08-30T07:40:39","date_gmt":"2021-08-30T05:40:39","guid":{"rendered":"https:\/\/ks.comoditahome.com\/?post_type=product&#038;p=31317"},"modified":"2026-04-24T09:18:56","modified_gmt":"2026-04-24T07:18:56","slug":"peshqir-marsilya-2","status":"publish","type":"product","link":"https:\/\/www.comoditahome.com\/ks\/produkt\/peshqir-marsilya-2\/","title":{"rendered":"Peshqir Marsilya"},"content":{"rendered":"","protected":false},"excerpt":{"rendered":"<p style=\"text-align: left;\">Peshqiri Marsilya \u00ebsht\u00eb n\u00eb madh\u00ebsin\u00eb e p\u00ebrshtatshme p\u00ebr t\u00eb pastruar duart. Vjen n\u00eb model klasik, me nj\u00eb hap\u00ebsir\u00eb t\u00eb stampuar me detaje lulesh dhe rrethore simetrike. Materiali prej pambuku e ndihmon k\u00ebt\u00eb produkt q\u00eb t&#8217;i jep aft\u00ebsi t\u00eb jet\u00ebgjat\u00ebsis\u00eb dhe t\u00eb paloset leht\u00ebsisht n\u00eb raftet e banjos suaj.<br \/>\n<strong>Dimensioni \/ Kompozicioni:<\/strong>\u00a050x90cm<br \/>\n<strong>NGJYRA:<\/strong>\u00a0E kremt\u00eb<br \/>\n<strong>MATERIALI:<\/strong> 60% Bamboo 40% Pambuk<br \/>\n<strong>UDH\u00cbZIMET E P\u00cbRDORIMIT:<\/strong>\u00a0N\u00eb makin\u00eb lar\u00ebse 30\u00b0C<br \/>\n<strong>KUSHTET E KTHIMIT \/ GARANCION:<\/strong>\u00a0P\u00ebr shkak t\u00eb kontaktit me higjien\u00eb personale, p\u00ebr produktet e tekstilit nuk pranohen kthime apo reklamacione.<br \/>\n<span style=\"color: #ffffff;\">3907489120663<\/span><\/p>\n","protected":false},"featured_media":31318,"template":"","meta":[],"product_brand":[],"product_cat":[84,80],"product_tag":[],"class_list":{"0":"post-31317","1":"product","2":"type-product","3":"status-publish","4":"has-post-thumbnail","6":"product_cat-peshqir","7":"product_cat-banjo","9":"first","10":"outofstock","11":"sale","12":"featured","13":"shipping-taxable","14":"purchasable","15":"product-type-simple","16":"layout-style-1","17":"col-md-4 col-sm-4 col-xs-6","18":"col-lg-2","19":"product-has-gallery","20":"product-style-default"},"yoast_head":"<!-- This site is optimized with the Yoast SEO Premium plugin v18.2.1 (Yoast SEO v22.5) - https:\/\/yoast.com\/wordpress\/plugins\/seo\/ -->\n<title>Peshqir Marsilya - Comodita Home<\/title>\n<meta name=\"description\" content=\"Peshqiri Marsilya \u00ebsht\u00eb n\u00eb madh\u00ebsin\u00eb e p\u00ebrshtatshme p\u00ebr t\u00eb pastruar duart. Vjen n\u00eb model klasik, me nj\u00eb hap\u00ebsir\u00eb t\u00eb stampuar me detaje lulesh...\" \/>\n<meta name=\"robots\" content=\"index, follow, max-snippet:-1, max-image-preview:large, max-video-preview:-1\" \/>\n<link rel=\"canonical\" href=\"https:\/\/www.comoditahome.com\/ks\/produkt\/peshqir-marsilya-2\/\" \/>\n<meta property=\"og:locale\" content=\"sq_AL\" \/>\n<meta property=\"og:type\" content=\"article\" \/>\n<meta property=\"og:title\" content=\"Peshqir Marsilya\" \/>\n<meta property=\"og:description\" content=\"Peshqiri Marsilya \u00ebsht\u00eb n\u00eb madh\u00ebsin\u00eb e p\u00ebrshtatshme p\u00ebr t\u00eb pastruar duart. Vjen n\u00eb model klasik, me nj\u00eb hap\u00ebsir\u00eb t\u00eb stampuar me detaje lulesh...\" \/>\n<meta property=\"og:url\" content=\"https:\/\/www.comoditahome.com\/ks\/produkt\/peshqir-marsilya-2\/\" \/>\n<meta property=\"og:site_name\" content=\"Comodita Home\" \/>\n<meta property=\"article:publisher\" content=\"https:\/\/www.facebook.com\/comoditahome\/\" \/>\n<meta property=\"article:modified_time\" content=\"2026-04-24T07:18:56+00:00\" \/>\n<meta property=\"og:image\" content=\"https:\/\/www.comoditahome.com\/ks\/wp-content\/uploads\/2021\/08\/3907489120663-1.jpg\" \/>\n\t<meta property=\"og:image:width\" content=\"1200\" \/>\n\t<meta property=\"og:image:height\" content=\"1300\" \/>\n\t<meta property=\"og:image:type\" content=\"image\/jpeg\" \/>\n<meta name=\"twitter:card\" content=\"summary_large_image\" \/>\n<meta name=\"twitter:label1\" content=\"Est. reading time\" \/>\n\t<meta name=\"twitter:data1\" content=\"1 minut\u00eb\" \/>\n<script type=\"application\/ld+json\" class=\"yoast-schema-graph\">{\"@context\":\"https:\/\/schema.org\",\"@graph\":[{\"@type\":\"WebPage\",\"@id\":\"https:\/\/www.comoditahome.com\/ks\/produkt\/peshqir-marsilya-2\/\",\"url\":\"https:\/\/www.comoditahome.com\/ks\/produkt\/peshqir-marsilya-2\/\",\"name\":\"Peshqir Marsilya - Comodita Home\",\"isPartOf\":{\"@id\":\"https:\/\/www.comoditahome.com\/ks\/#website\"},\"primaryImageOfPage\":{\"@id\":\"https:\/\/www.comoditahome.com\/ks\/produkt\/peshqir-marsilya-2\/#primaryimage\"},\"image\":{\"@id\":\"https:\/\/www.comoditahome.com\/ks\/produkt\/peshqir-marsilya-2\/#primaryimage\"},\"thumbnailUrl\":\"https:\/\/www.comoditahome.com\/ks\/wp-content\/uploads\/2021\/08\/3907489120663-1.jpg\",\"datePublished\":\"2021-08-30T05:40:39+00:00\",\"dateModified\":\"2026-04-24T07:18:56+00:00\",\"description\":\"Peshqiri Marsilya \u00ebsht\u00eb n\u00eb madh\u00ebsin\u00eb e p\u00ebrshtatshme p\u00ebr t\u00eb pastruar duart. Vjen n\u00eb model klasik, me nj\u00eb hap\u00ebsir\u00eb t\u00eb stampuar me detaje lulesh...\",\"breadcrumb\":{\"@id\":\"https:\/\/www.comoditahome.com\/ks\/produkt\/peshqir-marsilya-2\/#breadcrumb\"},\"inLanguage\":\"sq\",\"potentialAction\":[{\"@type\":\"ReadAction\",\"target\":[\"https:\/\/www.comoditahome.com\/ks\/produkt\/peshqir-marsilya-2\/\"]}]},{\"@type\":\"ImageObject\",\"inLanguage\":\"sq\",\"@id\":\"https:\/\/www.comoditahome.com\/ks\/produkt\/peshqir-marsilya-2\/#primaryimage\",\"url\":\"https:\/\/www.comoditahome.com\/ks\/wp-content\/uploads\/2021\/08\/3907489120663-1.jpg\",\"contentUrl\":\"https:\/\/www.comoditahome.com\/ks\/wp-content\/uploads\/2021\/08\/3907489120663-1.jpg\",\"width\":1200,\"height\":1300},{\"@type\":\"BreadcrumbList\",\"@id\":\"https:\/\/www.comoditahome.com\/ks\/produkt\/peshqir-marsilya-2\/#breadcrumb\",\"itemListElement\":[{\"@type\":\"ListItem\",\"position\":1,\"name\":\"Comodita Home Kosova - Dyshek Mattress\",\"item\":\"https:\/\/www.comoditahome.com\/ks\/\"},{\"@type\":\"ListItem\",\"position\":2,\"name\":\"Shop\",\"item\":\"https:\/\/www.comoditahome.com\/ks\/shop\/\"},{\"@type\":\"ListItem\",\"position\":3,\"name\":\"Peshqir Marsilya\"}]},{\"@type\":\"WebSite\",\"@id\":\"https:\/\/www.comoditahome.com\/ks\/#website\",\"url\":\"https:\/\/www.comoditahome.com\/ks\/\",\"name\":\"Comodita Home\",\"description\":\"Dyshek, Jorgan, Jast\u00ebk, Kuzhine, Banjo, Kopsht dhe Aksesor\u00eb\",\"publisher\":{\"@id\":\"https:\/\/www.comoditahome.com\/ks\/#organization\"},\"potentialAction\":[{\"@type\":\"SearchAction\",\"target\":{\"@type\":\"EntryPoint\",\"urlTemplate\":\"https:\/\/www.comoditahome.com\/ks\/?s={search_term_string}\"},\"query-input\":\"required name=search_term_string\"}],\"inLanguage\":\"sq\"},{\"@type\":\"Organization\",\"@id\":\"https:\/\/www.comoditahome.com\/ks\/#organization\",\"name\":\"Comodita Home\",\"url\":\"https:\/\/www.comoditahome.com\/ks\/\",\"logo\":{\"@type\":\"ImageObject\",\"inLanguage\":\"sq\",\"@id\":\"https:\/\/www.comoditahome.com\/ks\/#\/schema\/logo\/image\/\",\"url\":\"https:\/\/www.comoditahome.com\/ks\/wp-content\/uploads\/2022\/05\/COMODITA_HOME_LOGO_KS_MK_AL-02.png\",\"contentUrl\":\"https:\/\/www.comoditahome.com\/ks\/wp-content\/uploads\/2022\/05\/COMODITA_HOME_LOGO_KS_MK_AL-02.png\",\"width\":180,\"height\":87,\"caption\":\"Comodita Home\"},\"image\":{\"@id\":\"https:\/\/www.comoditahome.com\/ks\/#\/schema\/logo\/image\/\"},\"sameAs\":[\"https:\/\/www.facebook.com\/comoditahome\/\",\"https:\/\/www.instagram.com\/comoditahome\/\",\"https:\/\/www.linkedin.com\/company\/comoditahome\/?originalSubdomain=fj\",\"https:\/\/www.youtube.com\/channel\/UC5O6IsT4JD4zaiOqmRi_Pvg\"]}]}<\/script>\n<!-- \/ Yoast SEO Premium plugin. -->","yoast_head_json":{"title":"Peshqir Marsilya - Comodita Home","description":"Peshqiri Marsilya \u00ebsht\u00eb n\u00eb madh\u00ebsin\u00eb e p\u00ebrshtatshme p\u00ebr t\u00eb pastruar duart. Vjen n\u00eb model klasik, me nj\u00eb hap\u00ebsir\u00eb t\u00eb stampuar me detaje lulesh...","robots":{"index":"index","follow":"follow","max-snippet":"max-snippet:-1","max-image-preview":"max-image-preview:large","max-video-preview":"max-video-preview:-1"},"canonical":"https:\/\/www.comoditahome.com\/ks\/produkt\/peshqir-marsilya-2\/","og_locale":"sq_AL","og_type":"article","og_title":"Peshqir Marsilya","og_description":"Peshqiri Marsilya \u00ebsht\u00eb n\u00eb madh\u00ebsin\u00eb e p\u00ebrshtatshme p\u00ebr t\u00eb pastruar duart. Vjen n\u00eb model klasik, me nj\u00eb hap\u00ebsir\u00eb t\u00eb stampuar me detaje lulesh...","og_url":"https:\/\/www.comoditahome.com\/ks\/produkt\/peshqir-marsilya-2\/","og_site_name":"Comodita Home","article_publisher":"https:\/\/www.facebook.com\/comoditahome\/","article_modified_time":"2026-04-24T07:18:56+00:00","og_image":[{"width":1200,"height":1300,"url":"https:\/\/www.comoditahome.com\/ks\/wp-content\/uploads\/2021\/08\/3907489120663-1.jpg","type":"image\/jpeg"}],"twitter_card":"summary_large_image","twitter_misc":{"Est. reading time":"1 minut\u00eb"},"schema":{"@context":"https:\/\/schema.org","@graph":[{"@type":"WebPage","@id":"https:\/\/www.comoditahome.com\/ks\/produkt\/peshqir-marsilya-2\/","url":"https:\/\/www.comoditahome.com\/ks\/produkt\/peshqir-marsilya-2\/","name":"Peshqir Marsilya - Comodita Home","isPartOf":{"@id":"https:\/\/www.comoditahome.com\/ks\/#website"},"primaryImageOfPage":{"@id":"https:\/\/www.comoditahome.com\/ks\/produkt\/peshqir-marsilya-2\/#primaryimage"},"image":{"@id":"https:\/\/www.comoditahome.com\/ks\/produkt\/peshqir-marsilya-2\/#primaryimage"},"thumbnailUrl":"https:\/\/www.comoditahome.com\/ks\/wp-content\/uploads\/2021\/08\/3907489120663-1.jpg","datePublished":"2021-08-30T05:40:39+00:00","dateModified":"2026-04-24T07:18:56+00:00","description":"Peshqiri Marsilya \u00ebsht\u00eb n\u00eb madh\u00ebsin\u00eb e p\u00ebrshtatshme p\u00ebr t\u00eb pastruar duart. Vjen n\u00eb model klasik, me nj\u00eb hap\u00ebsir\u00eb t\u00eb stampuar me detaje lulesh...","breadcrumb":{"@id":"https:\/\/www.comoditahome.com\/ks\/produkt\/peshqir-marsilya-2\/#breadcrumb"},"inLanguage":"sq","potentialAction":[{"@type":"ReadAction","target":["https:\/\/www.comoditahome.com\/ks\/produkt\/peshqir-marsilya-2\/"]}]},{"@type":"ImageObject","inLanguage":"sq","@id":"https:\/\/www.comoditahome.com\/ks\/produkt\/peshqir-marsilya-2\/#primaryimage","url":"https:\/\/www.comoditahome.com\/ks\/wp-content\/uploads\/2021\/08\/3907489120663-1.jpg","contentUrl":"https:\/\/www.comoditahome.com\/ks\/wp-content\/uploads\/2021\/08\/3907489120663-1.jpg","width":1200,"height":1300},{"@type":"BreadcrumbList","@id":"https:\/\/www.comoditahome.com\/ks\/produkt\/peshqir-marsilya-2\/#breadcrumb","itemListElement":[{"@type":"ListItem","position":1,"name":"Comodita Home Kosova - Dyshek Mattress","item":"https:\/\/www.comoditahome.com\/ks\/"},{"@type":"ListItem","position":2,"name":"Shop","item":"https:\/\/www.comoditahome.com\/ks\/shop\/"},{"@type":"ListItem","position":3,"name":"Peshqir Marsilya"}]},{"@type":"WebSite","@id":"https:\/\/www.comoditahome.com\/ks\/#website","url":"https:\/\/www.comoditahome.com\/ks\/","name":"Comodita Home","description":"Dyshek, Jorgan, Jast\u00ebk, Kuzhine, Banjo, Kopsht dhe Aksesor\u00eb","publisher":{"@id":"https:\/\/www.comoditahome.com\/ks\/#organization"},"potentialAction":[{"@type":"SearchAction","target":{"@type":"EntryPoint","urlTemplate":"https:\/\/www.comoditahome.com\/ks\/?s={search_term_string}"},"query-input":"required name=search_term_string"}],"inLanguage":"sq"},{"@type":"Organization","@id":"https:\/\/www.comoditahome.com\/ks\/#organization","name":"Comodita Home","url":"https:\/\/www.comoditahome.com\/ks\/","logo":{"@type":"ImageObject","inLanguage":"sq","@id":"https:\/\/www.comoditahome.com\/ks\/#\/schema\/logo\/image\/","url":"https:\/\/www.comoditahome.com\/ks\/wp-content\/uploads\/2022\/05\/COMODITA_HOME_LOGO_KS_MK_AL-02.png","contentUrl":"https:\/\/www.comoditahome.com\/ks\/wp-content\/uploads\/2022\/05\/COMODITA_HOME_LOGO_KS_MK_AL-02.png","width":180,"height":87,"caption":"Comodita Home"},"image":{"@id":"https:\/\/www.comoditahome.com\/ks\/#\/schema\/logo\/image\/"},"sameAs":["https:\/\/www.facebook.com\/comoditahome\/","https:\/\/www.instagram.com\/comoditahome\/","https:\/\/www.linkedin.com\/company\/comoditahome\/?originalSubdomain=fj","https:\/\/www.youtube.com\/channel\/UC5O6IsT4JD4zaiOqmRi_Pvg"]}]}},"_links":{"self":[{"href":"https:\/\/www.comoditahome.com\/ks\/wp-json\/wp\/v2\/product\/31317","targetHints":{"allow":["GET"]}}],"collection":[{"href":"https:\/\/www.comoditahome.com\/ks\/wp-json\/wp\/v2\/product"}],"about":[{"href":"https:\/\/www.comoditahome.com\/ks\/wp-json\/wp\/v2\/types\/product"}],"version-history":[{"count":1,"href":"https:\/\/www.comoditahome.com\/ks\/wp-json\/wp\/v2\/product\/31317\/revisions"}],"predecessor-version":[{"id":72667,"href":"https:\/\/www.comoditahome.com\/ks\/wp-json\/wp\/v2\/product\/31317\/revisions\/72667"}],"wp:featuredmedia":[{"embeddable":true,"href":"https:\/\/www.comoditahome.com\/ks\/wp-json\/wp\/v2\/media\/31318"}],"wp:attachment":[{"href":"https:\/\/www.comoditahome.com\/ks\/wp-json\/wp\/v2\/media?parent=31317"}],"wp:term":[{"taxonomy":"product_brand","embeddable":true,"href":"https:\/\/www.comoditahome.com\/ks\/wp-json\/wp\/v2\/product_brand?post=31317"},{"taxonomy":"product_cat","embeddable":true,"href":"https:\/\/www.comoditahome.com\/ks\/wp-json\/wp\/v2\/product_cat?post=31317"},{"taxonomy":"product_tag","embeddable":true,"href":"https:\/\/www.comoditahome.com\/ks\/wp-json\/wp\/v2\/product_tag?post=31317"}],"curies":[{"name":"wp","href":"https:\/\/api.w.org\/{rel}","templated":true}]}}