 {"id":31709,"date":"2021-09-03T08:40:05","date_gmt":"2021-09-03T06:40:05","guid":{"rendered":"https:\/\/ks.comoditahome.com\/?post_type=product&#038;p=31709"},"modified":"2026-05-06T15:37:21","modified_gmt":"2026-05-06T13:37:21","slug":"tavoline-katrore-kopshti-2","status":"publish","type":"product","link":"https:\/\/www.comoditahome.com\/ks\/produkt\/tavoline-katrore-kopshti-2\/","title":{"rendered":"Tavolin\u00eb katrore kopshti"},"content":{"rendered":"","protected":false},"excerpt":{"rendered":"<p style=\"text-align: left;\">Tavolina e kopshtit vjen n\u00eb form\u00eb katrore, me stuktur\u00eb qeliku \u00e7ka e b\u00ebn\u00eb tejet stabile dhe jet\u00ebgjat\u00eb. Xhama e veshur n\u00eb pjes\u00ebn e sip\u00ebrme t\u00eb tavolin\u00ebs ka modelin val\u00eb val\u00eb, me nj\u00eb vrim\u00eb t\u00eb hapur n\u00eb mes p\u00ebr t\u00eb vendosur \u00e7adr\u00ebn p\u00ebr hije. Mbajt\u00ebset e k\u00ebsaj tavoline jan\u00eb t\u00eb komplekse dhe shum\u00eb t\u00eb q\u00ebndrueshme.<br \/>\n<strong>Dimensioni \/ Kompozicioni:<\/strong>\u00a080x80x71cm<br \/>\n<strong>NGJYRA:<\/strong>\u00a0E zez\u00eb<br \/>\n<strong>MATERIALI:<\/strong>\u00a0\u00c7elik dhe xham<br \/>\n<strong>UDH\u00cbZIMET E P\u00cbRDORIMIT:<\/strong>\u00a0T\u00eb pastrohet me dor\u00eb<br \/>\n<strong>KUSHTET E KTHIMIT \/ GARANCION:<\/strong>\u00a0P\u00ebr k\u00ebt\u00eb produkt pranohet reklamacion brenda 24 or\u00ebve pasi t\u00eb pranoni porosin\u00eb.<br \/>\n<span style=\"color: #ffffff;\">3907489120427<\/span><\/p>\n","protected":false},"featured_media":36310,"template":"","meta":[],"product_brand":[],"product_cat":[216,213],"product_tag":[],"class_list":{"0":"post-31709","1":"product","2":"type-product","3":"status-publish","4":"has-post-thumbnail","6":"product_cat-tavoline","7":"product_cat-kopsht","9":"first","10":"outofstock","11":"shipping-taxable","12":"purchasable","13":"product-type-simple","14":"layout-style-1","15":"col-md-4 col-sm-4 col-xs-6","16":"col-lg-2","17":"product-has-gallery","18":"product-style-default"},"yoast_head":"<!-- This site is optimized with the Yoast SEO Premium plugin v18.2.1 (Yoast SEO v22.5) - https:\/\/yoast.com\/wordpress\/plugins\/seo\/ -->\n<title>Tavolin\u00eb katrore kopshti - Comodita Home<\/title>\n<meta name=\"description\" content=\"Tavolina e kopshtit vjen n\u00eb form\u00eb katrore, me stuktur\u00eb qeliku \u00e7ka e b\u00ebn\u00eb tejet stabile dhe jet\u00ebgjat\u00eb. Xhama e veshur n\u00eb pjes\u00ebn e sip\u00ebrme t\u00eb tavolin\u00ebs...\" \/>\n<meta name=\"robots\" content=\"index, follow, max-snippet:-1, max-image-preview:large, max-video-preview:-1\" \/>\n<link rel=\"canonical\" href=\"https:\/\/www.comoditahome.com\/ks\/produkt\/tavoline-katrore-kopshti-2\/\" \/>\n<meta property=\"og:locale\" content=\"sq_AL\" \/>\n<meta property=\"og:type\" content=\"article\" \/>\n<meta property=\"og:title\" content=\"Tavolin\u00eb katrore kopshti\" \/>\n<meta property=\"og:description\" content=\"Tavolina e kopshtit vjen n\u00eb form\u00eb katrore, me stuktur\u00eb qeliku \u00e7ka e b\u00ebn\u00eb tejet stabile dhe jet\u00ebgjat\u00eb. Xhama e veshur n\u00eb pjes\u00ebn e sip\u00ebrme t\u00eb tavolin\u00ebs...\" \/>\n<meta property=\"og:url\" content=\"https:\/\/www.comoditahome.com\/ks\/produkt\/tavoline-katrore-kopshti-2\/\" \/>\n<meta property=\"og:site_name\" content=\"Comodita Home\" \/>\n<meta property=\"article:publisher\" content=\"https:\/\/www.facebook.com\/comoditahome\/\" \/>\n<meta property=\"article:modified_time\" content=\"2026-05-06T13:37:21+00:00\" \/>\n<meta property=\"og:image\" content=\"https:\/\/www.comoditahome.com\/ks\/wp-content\/uploads\/2021\/09\/3907489120427-1.jpg\" \/>\n\t<meta property=\"og:image:width\" content=\"1200\" \/>\n\t<meta property=\"og:image:height\" content=\"1300\" \/>\n\t<meta property=\"og:image:type\" content=\"image\/jpeg\" \/>\n<meta name=\"twitter:card\" content=\"summary_large_image\" \/>\n<script type=\"application\/ld+json\" class=\"yoast-schema-graph\">{\"@context\":\"https:\/\/schema.org\",\"@graph\":[{\"@type\":\"WebPage\",\"@id\":\"https:\/\/www.comoditahome.com\/ks\/produkt\/tavoline-katrore-kopshti-2\/\",\"url\":\"https:\/\/www.comoditahome.com\/ks\/produkt\/tavoline-katrore-kopshti-2\/\",\"name\":\"Tavolin\u00eb katrore kopshti - Comodita Home\",\"isPartOf\":{\"@id\":\"https:\/\/www.comoditahome.com\/ks\/#website\"},\"primaryImageOfPage\":{\"@id\":\"https:\/\/www.comoditahome.com\/ks\/produkt\/tavoline-katrore-kopshti-2\/#primaryimage\"},\"image\":{\"@id\":\"https:\/\/www.comoditahome.com\/ks\/produkt\/tavoline-katrore-kopshti-2\/#primaryimage\"},\"thumbnailUrl\":\"https:\/\/www.comoditahome.com\/ks\/wp-content\/uploads\/2021\/09\/3907489120427-1.jpg\",\"datePublished\":\"2021-09-03T06:40:05+00:00\",\"dateModified\":\"2026-05-06T13:37:21+00:00\",\"description\":\"Tavolina e kopshtit vjen n\u00eb form\u00eb katrore, me stuktur\u00eb qeliku \u00e7ka e b\u00ebn\u00eb tejet stabile dhe jet\u00ebgjat\u00eb. Xhama e veshur n\u00eb pjes\u00ebn e sip\u00ebrme t\u00eb tavolin\u00ebs...\",\"breadcrumb\":{\"@id\":\"https:\/\/www.comoditahome.com\/ks\/produkt\/tavoline-katrore-kopshti-2\/#breadcrumb\"},\"inLanguage\":\"sq\",\"potentialAction\":[{\"@type\":\"ReadAction\",\"target\":[\"https:\/\/www.comoditahome.com\/ks\/produkt\/tavoline-katrore-kopshti-2\/\"]}]},{\"@type\":\"ImageObject\",\"inLanguage\":\"sq\",\"@id\":\"https:\/\/www.comoditahome.com\/ks\/produkt\/tavoline-katrore-kopshti-2\/#primaryimage\",\"url\":\"https:\/\/www.comoditahome.com\/ks\/wp-content\/uploads\/2021\/09\/3907489120427-1.jpg\",\"contentUrl\":\"https:\/\/www.comoditahome.com\/ks\/wp-content\/uploads\/2021\/09\/3907489120427-1.jpg\",\"width\":1200,\"height\":1300},{\"@type\":\"BreadcrumbList\",\"@id\":\"https:\/\/www.comoditahome.com\/ks\/produkt\/tavoline-katrore-kopshti-2\/#breadcrumb\",\"itemListElement\":[{\"@type\":\"ListItem\",\"position\":1,\"name\":\"Comodita Home Kosova - Dyshek Mattress\",\"item\":\"https:\/\/www.comoditahome.com\/ks\/\"},{\"@type\":\"ListItem\",\"position\":2,\"name\":\"Shop\",\"item\":\"https:\/\/www.comoditahome.com\/ks\/shop\/\"},{\"@type\":\"ListItem\",\"position\":3,\"name\":\"Tavolin\u00eb katrore kopshti\"}]},{\"@type\":\"WebSite\",\"@id\":\"https:\/\/www.comoditahome.com\/ks\/#website\",\"url\":\"https:\/\/www.comoditahome.com\/ks\/\",\"name\":\"Comodita Home\",\"description\":\"Dyshek, Jorgan, Jast\u00ebk, Kuzhine, Banjo, Kopsht dhe Aksesor\u00eb\",\"publisher\":{\"@id\":\"https:\/\/www.comoditahome.com\/ks\/#organization\"},\"potentialAction\":[{\"@type\":\"SearchAction\",\"target\":{\"@type\":\"EntryPoint\",\"urlTemplate\":\"https:\/\/www.comoditahome.com\/ks\/?s={search_term_string}\"},\"query-input\":\"required name=search_term_string\"}],\"inLanguage\":\"sq\"},{\"@type\":\"Organization\",\"@id\":\"https:\/\/www.comoditahome.com\/ks\/#organization\",\"name\":\"Comodita Home\",\"url\":\"https:\/\/www.comoditahome.com\/ks\/\",\"logo\":{\"@type\":\"ImageObject\",\"inLanguage\":\"sq\",\"@id\":\"https:\/\/www.comoditahome.com\/ks\/#\/schema\/logo\/image\/\",\"url\":\"https:\/\/www.comoditahome.com\/ks\/wp-content\/uploads\/2022\/05\/COMODITA_HOME_LOGO_KS_MK_AL-02.png\",\"contentUrl\":\"https:\/\/www.comoditahome.com\/ks\/wp-content\/uploads\/2022\/05\/COMODITA_HOME_LOGO_KS_MK_AL-02.png\",\"width\":180,\"height\":87,\"caption\":\"Comodita Home\"},\"image\":{\"@id\":\"https:\/\/www.comoditahome.com\/ks\/#\/schema\/logo\/image\/\"},\"sameAs\":[\"https:\/\/www.facebook.com\/comoditahome\/\",\"https:\/\/www.instagram.com\/comoditahome\/\",\"https:\/\/www.linkedin.com\/company\/comoditahome\/?originalSubdomain=fj\",\"https:\/\/www.youtube.com\/channel\/UC5O6IsT4JD4zaiOqmRi_Pvg\"]}]}<\/script>\n<!-- \/ Yoast SEO Premium plugin. -->","yoast_head_json":{"title":"Tavolin\u00eb katrore kopshti - Comodita Home","description":"Tavolina e kopshtit vjen n\u00eb form\u00eb katrore, me stuktur\u00eb qeliku \u00e7ka e b\u00ebn\u00eb tejet stabile dhe jet\u00ebgjat\u00eb. Xhama e veshur n\u00eb pjes\u00ebn e sip\u00ebrme t\u00eb tavolin\u00ebs...","robots":{"index":"index","follow":"follow","max-snippet":"max-snippet:-1","max-image-preview":"max-image-preview:large","max-video-preview":"max-video-preview:-1"},"canonical":"https:\/\/www.comoditahome.com\/ks\/produkt\/tavoline-katrore-kopshti-2\/","og_locale":"sq_AL","og_type":"article","og_title":"Tavolin\u00eb katrore kopshti","og_description":"Tavolina e kopshtit vjen n\u00eb form\u00eb katrore, me stuktur\u00eb qeliku \u00e7ka e b\u00ebn\u00eb tejet stabile dhe jet\u00ebgjat\u00eb. Xhama e veshur n\u00eb pjes\u00ebn e sip\u00ebrme t\u00eb tavolin\u00ebs...","og_url":"https:\/\/www.comoditahome.com\/ks\/produkt\/tavoline-katrore-kopshti-2\/","og_site_name":"Comodita Home","article_publisher":"https:\/\/www.facebook.com\/comoditahome\/","article_modified_time":"2026-05-06T13:37:21+00:00","og_image":[{"width":1200,"height":1300,"url":"https:\/\/www.comoditahome.com\/ks\/wp-content\/uploads\/2021\/09\/3907489120427-1.jpg","type":"image\/jpeg"}],"twitter_card":"summary_large_image","schema":{"@context":"https:\/\/schema.org","@graph":[{"@type":"WebPage","@id":"https:\/\/www.comoditahome.com\/ks\/produkt\/tavoline-katrore-kopshti-2\/","url":"https:\/\/www.comoditahome.com\/ks\/produkt\/tavoline-katrore-kopshti-2\/","name":"Tavolin\u00eb katrore kopshti - Comodita Home","isPartOf":{"@id":"https:\/\/www.comoditahome.com\/ks\/#website"},"primaryImageOfPage":{"@id":"https:\/\/www.comoditahome.com\/ks\/produkt\/tavoline-katrore-kopshti-2\/#primaryimage"},"image":{"@id":"https:\/\/www.comoditahome.com\/ks\/produkt\/tavoline-katrore-kopshti-2\/#primaryimage"},"thumbnailUrl":"https:\/\/www.comoditahome.com\/ks\/wp-content\/uploads\/2021\/09\/3907489120427-1.jpg","datePublished":"2021-09-03T06:40:05+00:00","dateModified":"2026-05-06T13:37:21+00:00","description":"Tavolina e kopshtit vjen n\u00eb form\u00eb katrore, me stuktur\u00eb qeliku \u00e7ka e b\u00ebn\u00eb tejet stabile dhe jet\u00ebgjat\u00eb. Xhama e veshur n\u00eb pjes\u00ebn e sip\u00ebrme t\u00eb tavolin\u00ebs...","breadcrumb":{"@id":"https:\/\/www.comoditahome.com\/ks\/produkt\/tavoline-katrore-kopshti-2\/#breadcrumb"},"inLanguage":"sq","potentialAction":[{"@type":"ReadAction","target":["https:\/\/www.comoditahome.com\/ks\/produkt\/tavoline-katrore-kopshti-2\/"]}]},{"@type":"ImageObject","inLanguage":"sq","@id":"https:\/\/www.comoditahome.com\/ks\/produkt\/tavoline-katrore-kopshti-2\/#primaryimage","url":"https:\/\/www.comoditahome.com\/ks\/wp-content\/uploads\/2021\/09\/3907489120427-1.jpg","contentUrl":"https:\/\/www.comoditahome.com\/ks\/wp-content\/uploads\/2021\/09\/3907489120427-1.jpg","width":1200,"height":1300},{"@type":"BreadcrumbList","@id":"https:\/\/www.comoditahome.com\/ks\/produkt\/tavoline-katrore-kopshti-2\/#breadcrumb","itemListElement":[{"@type":"ListItem","position":1,"name":"Comodita Home Kosova - Dyshek Mattress","item":"https:\/\/www.comoditahome.com\/ks\/"},{"@type":"ListItem","position":2,"name":"Shop","item":"https:\/\/www.comoditahome.com\/ks\/shop\/"},{"@type":"ListItem","position":3,"name":"Tavolin\u00eb katrore kopshti"}]},{"@type":"WebSite","@id":"https:\/\/www.comoditahome.com\/ks\/#website","url":"https:\/\/www.comoditahome.com\/ks\/","name":"Comodita Home","description":"Dyshek, Jorgan, Jast\u00ebk, Kuzhine, Banjo, Kopsht dhe Aksesor\u00eb","publisher":{"@id":"https:\/\/www.comoditahome.com\/ks\/#organization"},"potentialAction":[{"@type":"SearchAction","target":{"@type":"EntryPoint","urlTemplate":"https:\/\/www.comoditahome.com\/ks\/?s={search_term_string}"},"query-input":"required name=search_term_string"}],"inLanguage":"sq"},{"@type":"Organization","@id":"https:\/\/www.comoditahome.com\/ks\/#organization","name":"Comodita Home","url":"https:\/\/www.comoditahome.com\/ks\/","logo":{"@type":"ImageObject","inLanguage":"sq","@id":"https:\/\/www.comoditahome.com\/ks\/#\/schema\/logo\/image\/","url":"https:\/\/www.comoditahome.com\/ks\/wp-content\/uploads\/2022\/05\/COMODITA_HOME_LOGO_KS_MK_AL-02.png","contentUrl":"https:\/\/www.comoditahome.com\/ks\/wp-content\/uploads\/2022\/05\/COMODITA_HOME_LOGO_KS_MK_AL-02.png","width":180,"height":87,"caption":"Comodita Home"},"image":{"@id":"https:\/\/www.comoditahome.com\/ks\/#\/schema\/logo\/image\/"},"sameAs":["https:\/\/www.facebook.com\/comoditahome\/","https:\/\/www.instagram.com\/comoditahome\/","https:\/\/www.linkedin.com\/company\/comoditahome\/?originalSubdomain=fj","https:\/\/www.youtube.com\/channel\/UC5O6IsT4JD4zaiOqmRi_Pvg"]}]}},"_links":{"self":[{"href":"https:\/\/www.comoditahome.com\/ks\/wp-json\/wp\/v2\/product\/31709","targetHints":{"allow":["GET"]}}],"collection":[{"href":"https:\/\/www.comoditahome.com\/ks\/wp-json\/wp\/v2\/product"}],"about":[{"href":"https:\/\/www.comoditahome.com\/ks\/wp-json\/wp\/v2\/types\/product"}],"version-history":[{"count":0,"href":"https:\/\/www.comoditahome.com\/ks\/wp-json\/wp\/v2\/product\/31709\/revisions"}],"wp:featuredmedia":[{"embeddable":true,"href":"https:\/\/www.comoditahome.com\/ks\/wp-json\/wp\/v2\/media\/36310"}],"wp:attachment":[{"href":"https:\/\/www.comoditahome.com\/ks\/wp-json\/wp\/v2\/media?parent=31709"}],"wp:term":[{"taxonomy":"product_brand","embeddable":true,"href":"https:\/\/www.comoditahome.com\/ks\/wp-json\/wp\/v2\/product_brand?post=31709"},{"taxonomy":"product_cat","embeddable":true,"href":"https:\/\/www.comoditahome.com\/ks\/wp-json\/wp\/v2\/product_cat?post=31709"},{"taxonomy":"product_tag","embeddable":true,"href":"https:\/\/www.comoditahome.com\/ks\/wp-json\/wp\/v2\/product_tag?post=31709"}],"curies":[{"name":"wp","href":"https:\/\/api.w.org\/{rel}","templated":true}]}}