 {"id":31757,"date":"2021-09-03T09:11:24","date_gmt":"2021-09-03T08:11:24","guid":{"rendered":"https:\/\/ks.comoditahome.com\/?post_type=product&#038;p=31757"},"modified":"2024-04-17T10:14:24","modified_gmt":"2024-04-17T08:14:24","slug":"set-tavoline-me-karrige-per-kopsht","status":"publish","type":"product","link":"https:\/\/www.comoditahome.com\/ks\/produkt\/set-tavoline-me-karrige-per-kopsht\/","title":{"rendered":"Set tavolin\u00eb me karrige p\u00ebr kopsht"},"content":{"rendered":"","protected":false},"excerpt":{"rendered":"<p style=\"text-align: left;\">Finalizoni verand\u00ebn tuaj me shum\u00eb shije, duke pozicionuar nj\u00eb tavolin\u00eb komplekse t\u00eb p\u00ebrshtatshme p\u00ebr 6 persona. I gjith\u00eb seti dallohet p\u00ebr modelin minimalist t\u00eb rafinuar me eleganc\u00eb, duke nxjerr n\u00eb pah detajet e bukura t\u00eb materialit t\u00eb bezit me stuktur\u00eb t\u00eb \u00e7elikut.<br \/>\n<strong>Dimensioni \/ Kompozicioni:<\/strong> Set me 7 pjes\u00eb: 1x tavolin\u00eb 150x90x71cm, 6x karrige 54x73x90cm<br \/>\n<strong>NGJYRA:<\/strong>\u00a0E zez\u00eb<br \/>\n<strong>MATERIALI:<\/strong>\u00a0\u00c7elik dhe bez, xham<br \/>\n<strong>UDH\u00cbZIMET E P\u00cbRDORIMIT:<\/strong>\u00a0T\u00eb pastrohet me dor\u00eb<br \/>\n<strong>KUSHTET E KTHIMIT \/ GARANCION:<\/strong>\u00a0P\u00ebr k\u00ebt\u00eb produkt pranohet reklamacion brenda 24 or\u00ebve pasi t\u00eb pranoni porosin\u00eb.<\/p>\n","protected":false},"featured_media":73864,"template":"","meta":[],"product_brand":[],"product_cat":[216,215,214,213],"product_tag":[],"class_list":{"0":"post-31757","1":"product","2":"type-product","3":"status-publish","4":"has-post-thumbnail","6":"product_cat-tavoline","7":"product_cat-karrige","8":"product_cat-set-kopshti","9":"product_cat-kopsht","11":"first","12":"outofstock","13":"sale","14":"shipping-taxable","15":"purchasable","16":"product-type-simple","17":"layout-style-1","18":"col-md-4 col-sm-4 col-xs-6","19":"col-lg-2","20":"product-has-gallery","21":"product-style-default"},"yoast_head":"<!-- This site is optimized with the Yoast SEO Premium plugin v18.2.1 (Yoast SEO v22.5) - https:\/\/yoast.com\/wordpress\/plugins\/seo\/ -->\n<title>Set tavolin\u00eb me karrige p\u00ebr kopsht - Comodita Home<\/title>\n<meta name=\"description\" content=\"Finalizoni verand\u00ebn tuaj me shum\u00eb shije, duke pozicionuar nj\u00eb tavolin\u00eb komplekse t\u00eb p\u00ebrshtatshme p\u00ebr 6 persona. I gjith\u00eb seti dallohet p\u00ebr modelin...\" \/>\n<meta name=\"robots\" content=\"index, follow, max-snippet:-1, max-image-preview:large, max-video-preview:-1\" \/>\n<link rel=\"canonical\" href=\"https:\/\/www.comoditahome.com\/ks\/produkt\/set-tavoline-me-karrige-per-kopsht\/\" \/>\n<meta property=\"og:locale\" content=\"sq_AL\" \/>\n<meta property=\"og:type\" content=\"article\" \/>\n<meta property=\"og:title\" content=\"Set tavolin\u00eb me karrige p\u00ebr kopsht\" \/>\n<meta property=\"og:description\" content=\"Finalizoni verand\u00ebn tuaj me shum\u00eb shije, duke pozicionuar nj\u00eb tavolin\u00eb komplekse t\u00eb p\u00ebrshtatshme p\u00ebr 6 persona. I gjith\u00eb seti dallohet p\u00ebr modelin...\" \/>\n<meta property=\"og:url\" content=\"https:\/\/www.comoditahome.com\/ks\/produkt\/set-tavoline-me-karrige-per-kopsht\/\" \/>\n<meta property=\"og:site_name\" content=\"Comodita Home\" \/>\n<meta property=\"article:publisher\" content=\"https:\/\/www.facebook.com\/comoditahome\/\" \/>\n<meta property=\"article:modified_time\" content=\"2024-04-17T08:14:24+00:00\" \/>\n<meta property=\"og:image\" content=\"https:\/\/www.comoditahome.com\/ks\/wp-content\/uploads\/2021\/09\/SETTAVOLINE6KARRIGE-1.jpg\" \/>\n\t<meta property=\"og:image:width\" content=\"1200\" \/>\n\t<meta property=\"og:image:height\" content=\"1300\" \/>\n\t<meta property=\"og:image:type\" content=\"image\/jpeg\" \/>\n<meta name=\"twitter:card\" content=\"summary_large_image\" \/>\n<meta name=\"twitter:label1\" content=\"Est. reading time\" \/>\n\t<meta name=\"twitter:data1\" content=\"1 minut\u00eb\" \/>\n<script type=\"application\/ld+json\" class=\"yoast-schema-graph\">{\"@context\":\"https:\/\/schema.org\",\"@graph\":[{\"@type\":\"WebPage\",\"@id\":\"https:\/\/www.comoditahome.com\/ks\/produkt\/set-tavoline-me-karrige-per-kopsht\/\",\"url\":\"https:\/\/www.comoditahome.com\/ks\/produkt\/set-tavoline-me-karrige-per-kopsht\/\",\"name\":\"Set tavolin\u00eb me karrige p\u00ebr kopsht - Comodita Home\",\"isPartOf\":{\"@id\":\"https:\/\/www.comoditahome.com\/ks\/#website\"},\"primaryImageOfPage\":{\"@id\":\"https:\/\/www.comoditahome.com\/ks\/produkt\/set-tavoline-me-karrige-per-kopsht\/#primaryimage\"},\"image\":{\"@id\":\"https:\/\/www.comoditahome.com\/ks\/produkt\/set-tavoline-me-karrige-per-kopsht\/#primaryimage\"},\"thumbnailUrl\":\"https:\/\/www.comoditahome.com\/ks\/wp-content\/uploads\/2021\/09\/SETTAVOLINE6KARRIGE-1.jpg\",\"datePublished\":\"2021-09-03T08:11:24+00:00\",\"dateModified\":\"2024-04-17T08:14:24+00:00\",\"description\":\"Finalizoni verand\u00ebn tuaj me shum\u00eb shije, duke pozicionuar nj\u00eb tavolin\u00eb komplekse t\u00eb p\u00ebrshtatshme p\u00ebr 6 persona. I gjith\u00eb seti dallohet p\u00ebr modelin...\",\"breadcrumb\":{\"@id\":\"https:\/\/www.comoditahome.com\/ks\/produkt\/set-tavoline-me-karrige-per-kopsht\/#breadcrumb\"},\"inLanguage\":\"sq\",\"potentialAction\":[{\"@type\":\"ReadAction\",\"target\":[\"https:\/\/www.comoditahome.com\/ks\/produkt\/set-tavoline-me-karrige-per-kopsht\/\"]}]},{\"@type\":\"ImageObject\",\"inLanguage\":\"sq\",\"@id\":\"https:\/\/www.comoditahome.com\/ks\/produkt\/set-tavoline-me-karrige-per-kopsht\/#primaryimage\",\"url\":\"https:\/\/www.comoditahome.com\/ks\/wp-content\/uploads\/2021\/09\/SETTAVOLINE6KARRIGE-1.jpg\",\"contentUrl\":\"https:\/\/www.comoditahome.com\/ks\/wp-content\/uploads\/2021\/09\/SETTAVOLINE6KARRIGE-1.jpg\",\"width\":1200,\"height\":1300},{\"@type\":\"BreadcrumbList\",\"@id\":\"https:\/\/www.comoditahome.com\/ks\/produkt\/set-tavoline-me-karrige-per-kopsht\/#breadcrumb\",\"itemListElement\":[{\"@type\":\"ListItem\",\"position\":1,\"name\":\"Comodita Home Kosova - Dyshek Mattress\",\"item\":\"https:\/\/www.comoditahome.com\/ks\/\"},{\"@type\":\"ListItem\",\"position\":2,\"name\":\"Shop\",\"item\":\"https:\/\/www.comoditahome.com\/ks\/shop\/\"},{\"@type\":\"ListItem\",\"position\":3,\"name\":\"Set tavolin\u00eb me karrige p\u00ebr kopsht\"}]},{\"@type\":\"WebSite\",\"@id\":\"https:\/\/www.comoditahome.com\/ks\/#website\",\"url\":\"https:\/\/www.comoditahome.com\/ks\/\",\"name\":\"Comodita Home\",\"description\":\"Dyshek, Jorgan, Jast\u00ebk, Kuzhine, Banjo, Kopsht dhe Aksesor\u00eb\",\"publisher\":{\"@id\":\"https:\/\/www.comoditahome.com\/ks\/#organization\"},\"potentialAction\":[{\"@type\":\"SearchAction\",\"target\":{\"@type\":\"EntryPoint\",\"urlTemplate\":\"https:\/\/www.comoditahome.com\/ks\/?s={search_term_string}\"},\"query-input\":\"required name=search_term_string\"}],\"inLanguage\":\"sq\"},{\"@type\":\"Organization\",\"@id\":\"https:\/\/www.comoditahome.com\/ks\/#organization\",\"name\":\"Comodita Home\",\"url\":\"https:\/\/www.comoditahome.com\/ks\/\",\"logo\":{\"@type\":\"ImageObject\",\"inLanguage\":\"sq\",\"@id\":\"https:\/\/www.comoditahome.com\/ks\/#\/schema\/logo\/image\/\",\"url\":\"https:\/\/www.comoditahome.com\/ks\/wp-content\/uploads\/2022\/05\/COMODITA_HOME_LOGO_KS_MK_AL-02.png\",\"contentUrl\":\"https:\/\/www.comoditahome.com\/ks\/wp-content\/uploads\/2022\/05\/COMODITA_HOME_LOGO_KS_MK_AL-02.png\",\"width\":180,\"height\":87,\"caption\":\"Comodita Home\"},\"image\":{\"@id\":\"https:\/\/www.comoditahome.com\/ks\/#\/schema\/logo\/image\/\"},\"sameAs\":[\"https:\/\/www.facebook.com\/comoditahome\/\",\"https:\/\/www.instagram.com\/comoditahome\/\",\"https:\/\/www.linkedin.com\/company\/comoditahome\/?originalSubdomain=fj\",\"https:\/\/www.youtube.com\/channel\/UC5O6IsT4JD4zaiOqmRi_Pvg\"]}]}<\/script>\n<!-- \/ Yoast SEO Premium plugin. -->","yoast_head_json":{"title":"Set tavolin\u00eb me karrige p\u00ebr kopsht - Comodita Home","description":"Finalizoni verand\u00ebn tuaj me shum\u00eb shije, duke pozicionuar nj\u00eb tavolin\u00eb komplekse t\u00eb p\u00ebrshtatshme p\u00ebr 6 persona. I gjith\u00eb seti dallohet p\u00ebr modelin...","robots":{"index":"index","follow":"follow","max-snippet":"max-snippet:-1","max-image-preview":"max-image-preview:large","max-video-preview":"max-video-preview:-1"},"canonical":"https:\/\/www.comoditahome.com\/ks\/produkt\/set-tavoline-me-karrige-per-kopsht\/","og_locale":"sq_AL","og_type":"article","og_title":"Set tavolin\u00eb me karrige p\u00ebr kopsht","og_description":"Finalizoni verand\u00ebn tuaj me shum\u00eb shije, duke pozicionuar nj\u00eb tavolin\u00eb komplekse t\u00eb p\u00ebrshtatshme p\u00ebr 6 persona. I gjith\u00eb seti dallohet p\u00ebr modelin...","og_url":"https:\/\/www.comoditahome.com\/ks\/produkt\/set-tavoline-me-karrige-per-kopsht\/","og_site_name":"Comodita Home","article_publisher":"https:\/\/www.facebook.com\/comoditahome\/","article_modified_time":"2024-04-17T08:14:24+00:00","og_image":[{"width":1200,"height":1300,"url":"https:\/\/www.comoditahome.com\/ks\/wp-content\/uploads\/2021\/09\/SETTAVOLINE6KARRIGE-1.jpg","type":"image\/jpeg"}],"twitter_card":"summary_large_image","twitter_misc":{"Est. reading time":"1 minut\u00eb"},"schema":{"@context":"https:\/\/schema.org","@graph":[{"@type":"WebPage","@id":"https:\/\/www.comoditahome.com\/ks\/produkt\/set-tavoline-me-karrige-per-kopsht\/","url":"https:\/\/www.comoditahome.com\/ks\/produkt\/set-tavoline-me-karrige-per-kopsht\/","name":"Set tavolin\u00eb me karrige p\u00ebr kopsht - Comodita Home","isPartOf":{"@id":"https:\/\/www.comoditahome.com\/ks\/#website"},"primaryImageOfPage":{"@id":"https:\/\/www.comoditahome.com\/ks\/produkt\/set-tavoline-me-karrige-per-kopsht\/#primaryimage"},"image":{"@id":"https:\/\/www.comoditahome.com\/ks\/produkt\/set-tavoline-me-karrige-per-kopsht\/#primaryimage"},"thumbnailUrl":"https:\/\/www.comoditahome.com\/ks\/wp-content\/uploads\/2021\/09\/SETTAVOLINE6KARRIGE-1.jpg","datePublished":"2021-09-03T08:11:24+00:00","dateModified":"2024-04-17T08:14:24+00:00","description":"Finalizoni verand\u00ebn tuaj me shum\u00eb shije, duke pozicionuar nj\u00eb tavolin\u00eb komplekse t\u00eb p\u00ebrshtatshme p\u00ebr 6 persona. I gjith\u00eb seti dallohet p\u00ebr modelin...","breadcrumb":{"@id":"https:\/\/www.comoditahome.com\/ks\/produkt\/set-tavoline-me-karrige-per-kopsht\/#breadcrumb"},"inLanguage":"sq","potentialAction":[{"@type":"ReadAction","target":["https:\/\/www.comoditahome.com\/ks\/produkt\/set-tavoline-me-karrige-per-kopsht\/"]}]},{"@type":"ImageObject","inLanguage":"sq","@id":"https:\/\/www.comoditahome.com\/ks\/produkt\/set-tavoline-me-karrige-per-kopsht\/#primaryimage","url":"https:\/\/www.comoditahome.com\/ks\/wp-content\/uploads\/2021\/09\/SETTAVOLINE6KARRIGE-1.jpg","contentUrl":"https:\/\/www.comoditahome.com\/ks\/wp-content\/uploads\/2021\/09\/SETTAVOLINE6KARRIGE-1.jpg","width":1200,"height":1300},{"@type":"BreadcrumbList","@id":"https:\/\/www.comoditahome.com\/ks\/produkt\/set-tavoline-me-karrige-per-kopsht\/#breadcrumb","itemListElement":[{"@type":"ListItem","position":1,"name":"Comodita Home Kosova - Dyshek Mattress","item":"https:\/\/www.comoditahome.com\/ks\/"},{"@type":"ListItem","position":2,"name":"Shop","item":"https:\/\/www.comoditahome.com\/ks\/shop\/"},{"@type":"ListItem","position":3,"name":"Set tavolin\u00eb me karrige p\u00ebr kopsht"}]},{"@type":"WebSite","@id":"https:\/\/www.comoditahome.com\/ks\/#website","url":"https:\/\/www.comoditahome.com\/ks\/","name":"Comodita Home","description":"Dyshek, Jorgan, Jast\u00ebk, Kuzhine, Banjo, Kopsht dhe Aksesor\u00eb","publisher":{"@id":"https:\/\/www.comoditahome.com\/ks\/#organization"},"potentialAction":[{"@type":"SearchAction","target":{"@type":"EntryPoint","urlTemplate":"https:\/\/www.comoditahome.com\/ks\/?s={search_term_string}"},"query-input":"required name=search_term_string"}],"inLanguage":"sq"},{"@type":"Organization","@id":"https:\/\/www.comoditahome.com\/ks\/#organization","name":"Comodita Home","url":"https:\/\/www.comoditahome.com\/ks\/","logo":{"@type":"ImageObject","inLanguage":"sq","@id":"https:\/\/www.comoditahome.com\/ks\/#\/schema\/logo\/image\/","url":"https:\/\/www.comoditahome.com\/ks\/wp-content\/uploads\/2022\/05\/COMODITA_HOME_LOGO_KS_MK_AL-02.png","contentUrl":"https:\/\/www.comoditahome.com\/ks\/wp-content\/uploads\/2022\/05\/COMODITA_HOME_LOGO_KS_MK_AL-02.png","width":180,"height":87,"caption":"Comodita Home"},"image":{"@id":"https:\/\/www.comoditahome.com\/ks\/#\/schema\/logo\/image\/"},"sameAs":["https:\/\/www.facebook.com\/comoditahome\/","https:\/\/www.instagram.com\/comoditahome\/","https:\/\/www.linkedin.com\/company\/comoditahome\/?originalSubdomain=fj","https:\/\/www.youtube.com\/channel\/UC5O6IsT4JD4zaiOqmRi_Pvg"]}]}},"_links":{"self":[{"href":"https:\/\/www.comoditahome.com\/ks\/wp-json\/wp\/v2\/product\/31757","targetHints":{"allow":["GET"]}}],"collection":[{"href":"https:\/\/www.comoditahome.com\/ks\/wp-json\/wp\/v2\/product"}],"about":[{"href":"https:\/\/www.comoditahome.com\/ks\/wp-json\/wp\/v2\/types\/product"}],"version-history":[{"count":3,"href":"https:\/\/www.comoditahome.com\/ks\/wp-json\/wp\/v2\/product\/31757\/revisions"}],"predecessor-version":[{"id":85742,"href":"https:\/\/www.comoditahome.com\/ks\/wp-json\/wp\/v2\/product\/31757\/revisions\/85742"}],"wp:featuredmedia":[{"embeddable":true,"href":"https:\/\/www.comoditahome.com\/ks\/wp-json\/wp\/v2\/media\/73864"}],"wp:attachment":[{"href":"https:\/\/www.comoditahome.com\/ks\/wp-json\/wp\/v2\/media?parent=31757"}],"wp:term":[{"taxonomy":"product_brand","embeddable":true,"href":"https:\/\/www.comoditahome.com\/ks\/wp-json\/wp\/v2\/product_brand?post=31757"},{"taxonomy":"product_cat","embeddable":true,"href":"https:\/\/www.comoditahome.com\/ks\/wp-json\/wp\/v2\/product_cat?post=31757"},{"taxonomy":"product_tag","embeddable":true,"href":"https:\/\/www.comoditahome.com\/ks\/wp-json\/wp\/v2\/product_tag?post=31757"}],"curies":[{"name":"wp","href":"https:\/\/api.w.org\/{rel}","templated":true}]}}