 {"id":31852,"date":"2021-09-13T11:48:38","date_gmt":"2021-09-13T09:48:38","guid":{"rendered":"https:\/\/ks.comoditahome.com\/?post_type=product&#038;p=31852"},"modified":"2026-04-24T09:19:04","modified_gmt":"2026-04-24T07:19:04","slug":"set-pjatash-gold-ribbon","status":"publish","type":"product","link":"https:\/\/www.comoditahome.com\/ks\/produkt\/set-pjatash-gold-ribbon\/","title":{"rendered":"Set pjatash Gold Ribbon"},"content":{"rendered":"","protected":false},"excerpt":{"rendered":"<p style=\"text-align: left\">Seti i pjatave nga linja Gold Ribbon vijn\u00eb t\u00eb konturuara n\u00eb form\u00eb t\u00eb rrumbullak\u00ebt, me sip\u00ebrfaqe t\u00eb hijeshuar nga simetria e ngjyrave dhe preciziteti i thell\u00ebsis\u00eb dhe shesht\u00ebsis\u00eb s\u00eb duhur. Kan\u00eb materialin cil\u00ebsor t\u00eb porcelanit dhe dizajn t\u00eb frym\u00ebzuar nga ngjyrat q\u00eb prezantojn\u00eb gjelb\u00ebrimin, jet\u00ebn dhe gjall\u00ebrin\u00eb frym\u00ebzuese. Ky set \u00ebsht\u00eb i punuar nga materiali i porcelanit cil\u00ebsor, q\u00eb i b\u00ebn jasht\u00ebzakonisht t\u00eb q\u00ebndrueshme dhe shum\u00eb praktike n\u00eb pastrim.<\/p>\n<p style=\"text-align: left\"><strong>Dimensioni \/ Kompozicioni:<\/strong>\u00a0Seti ka 31 pjes\u00eb: 6x pjata p\u00ebr ushqim, 6x pjata t\u00eb thella, 6x pjata p\u00ebr desert, 1x pjat\u00eb e thell\u00eb p\u00ebr sallat\u00eb, 6x filxhan\u00eb, 6x pjat\u00ebza.<\/p>\n<p style=\"text-align: left\"><strong>NGJYRA:<\/strong>\u00a0Me dizajn<\/p>\n<p style=\"text-align: left\"><strong>MATERIALI:<\/strong>\u00a0Porcelan<\/p>\n<p style=\"text-align: left\"><strong>UDH\u00cbZIMET E P\u00cbRDORIMIT:<\/strong>\u00a0T\u00eb pastrohet me dor\u00eb<\/p>\n<p style=\"text-align: left\"><strong>KUSHTET E KTHIMIT \/ GARANCION:<\/strong>\u00a0P\u00ebr k\u00ebt\u00eb produkt pranohet reklamacion brenda 24 or\u00ebve pasi t\u00eb pranoni porosin\u00eb.<br \/>\n<span style=\"color: #ffffff\">3907489170651 pijata tanir sahon<\/span><\/p>\n","protected":false},"featured_media":31853,"template":"","meta":[],"product_brand":[],"product_cat":[141,136],"product_tag":[],"class_list":{"0":"post-31852","1":"product","2":"type-product","3":"status-publish","4":"has-post-thumbnail","6":"product_cat-set-pjatash","7":"product_cat-tryeze","9":"first","10":"instock","11":"sale","12":"shipping-taxable","13":"purchasable","14":"product-type-simple","15":"layout-style-1","16":"col-md-4 col-sm-4 col-xs-6","17":"col-lg-2","18":"product-has-gallery","19":"product-style-default"},"yoast_head":"<!-- This site is optimized with the Yoast SEO Premium plugin v18.2.1 (Yoast SEO v22.5) - https:\/\/yoast.com\/wordpress\/plugins\/seo\/ -->\n<title>Set pjatash Gold Ribbon - Comodita Home<\/title>\n<meta name=\"robots\" content=\"index, follow, max-snippet:-1, max-image-preview:large, max-video-preview:-1\" \/>\n<link rel=\"canonical\" href=\"https:\/\/www.comoditahome.com\/ks\/produkt\/set-pjatash-gold-ribbon\/\" \/>\n<meta property=\"og:locale\" content=\"sq_AL\" \/>\n<meta property=\"og:type\" content=\"article\" \/>\n<meta property=\"og:title\" content=\"Set pjatash Gold Ribbon\" \/>\n<meta property=\"og:description\" content=\"Seti i pjatave nga linja Gold Ribbon vijn\u00eb t\u00eb konturuara n\u00eb form\u00eb t\u00eb rrumbullak\u00ebt, me sip\u00ebrfaqe t\u00eb hijeshuar nga simetria e ngjyrave dhe preciziteti i thell\u00ebsis\u00eb dhe shesht\u00ebsis\u00eb s\u00eb duhur. Kan\u00eb materialin cil\u00ebsor t\u00eb porcelanit dhe dizajn t\u00eb frym\u00ebzuar nga ngjyrat q\u00eb prezantojn\u00eb gjelb\u00ebrimin, jet\u00ebn dhe gjall\u00ebrin\u00eb frym\u00ebzuese. Ky set \u00ebsht\u00eb i punuar nga materiali i porcelanit cil\u00ebsor, q\u00eb i b\u00ebn jasht\u00ebzakonisht t\u00eb q\u00ebndrueshme dhe shum\u00eb praktike n\u00eb pastrim. Dimensioni \/ Kompozicioni:\u00a0Seti ka 31 pjes\u00eb: 6x pjata p\u00ebr ushqim, 6x pjata t\u00eb thella, 6x pjata p\u00ebr desert, 1x pjat\u00eb e thell\u00eb p\u00ebr sallat\u00eb, 6x filxhan\u00eb, 6x pjat\u00ebza. NGJYRA:\u00a0Me dizajn MATERIALI:\u00a0Porcelan UDH\u00cbZIMET E P\u00cbRDORIMIT:\u00a0T\u00eb pastrohet me dor\u00eb KUSHTET E KTHIMIT \/ GARANCION:\u00a0P\u00ebr k\u00ebt\u00eb produkt pranohet reklamacion brenda 24 or\u00ebve pasi t\u00eb pranoni porosin\u00eb. 3907489170651 pijata tanir sahon\" \/>\n<meta property=\"og:url\" content=\"https:\/\/www.comoditahome.com\/ks\/produkt\/set-pjatash-gold-ribbon\/\" \/>\n<meta property=\"og:site_name\" content=\"Comodita Home\" \/>\n<meta property=\"article:publisher\" content=\"https:\/\/www.facebook.com\/comoditahome\/\" \/>\n<meta property=\"article:modified_time\" content=\"2026-04-24T07:19:04+00:00\" \/>\n<meta property=\"og:image\" content=\"https:\/\/www.comoditahome.com\/ks\/wp-content\/uploads\/2021\/09\/3907489170651-1.jpg\" \/>\n\t<meta property=\"og:image:width\" content=\"1200\" \/>\n\t<meta property=\"og:image:height\" content=\"1300\" \/>\n\t<meta property=\"og:image:type\" content=\"image\/jpeg\" \/>\n<meta name=\"twitter:card\" content=\"summary_large_image\" \/>\n<script type=\"application\/ld+json\" class=\"yoast-schema-graph\">{\"@context\":\"https:\/\/schema.org\",\"@graph\":[{\"@type\":\"WebPage\",\"@id\":\"https:\/\/www.comoditahome.com\/ks\/produkt\/set-pjatash-gold-ribbon\/\",\"url\":\"https:\/\/www.comoditahome.com\/ks\/produkt\/set-pjatash-gold-ribbon\/\",\"name\":\"Set pjatash Gold Ribbon - Comodita Home\",\"isPartOf\":{\"@id\":\"https:\/\/www.comoditahome.com\/ks\/#website\"},\"primaryImageOfPage\":{\"@id\":\"https:\/\/www.comoditahome.com\/ks\/produkt\/set-pjatash-gold-ribbon\/#primaryimage\"},\"image\":{\"@id\":\"https:\/\/www.comoditahome.com\/ks\/produkt\/set-pjatash-gold-ribbon\/#primaryimage\"},\"thumbnailUrl\":\"https:\/\/www.comoditahome.com\/ks\/wp-content\/uploads\/2021\/09\/3907489170651-1.jpg\",\"datePublished\":\"2021-09-13T09:48:38+00:00\",\"dateModified\":\"2026-04-24T07:19:04+00:00\",\"breadcrumb\":{\"@id\":\"https:\/\/www.comoditahome.com\/ks\/produkt\/set-pjatash-gold-ribbon\/#breadcrumb\"},\"inLanguage\":\"sq\",\"potentialAction\":[{\"@type\":\"ReadAction\",\"target\":[\"https:\/\/www.comoditahome.com\/ks\/produkt\/set-pjatash-gold-ribbon\/\"]}]},{\"@type\":\"ImageObject\",\"inLanguage\":\"sq\",\"@id\":\"https:\/\/www.comoditahome.com\/ks\/produkt\/set-pjatash-gold-ribbon\/#primaryimage\",\"url\":\"https:\/\/www.comoditahome.com\/ks\/wp-content\/uploads\/2021\/09\/3907489170651-1.jpg\",\"contentUrl\":\"https:\/\/www.comoditahome.com\/ks\/wp-content\/uploads\/2021\/09\/3907489170651-1.jpg\",\"width\":1200,\"height\":1300},{\"@type\":\"BreadcrumbList\",\"@id\":\"https:\/\/www.comoditahome.com\/ks\/produkt\/set-pjatash-gold-ribbon\/#breadcrumb\",\"itemListElement\":[{\"@type\":\"ListItem\",\"position\":1,\"name\":\"Comodita Home Kosova - Dyshek Mattress\",\"item\":\"https:\/\/www.comoditahome.com\/ks\/\"},{\"@type\":\"ListItem\",\"position\":2,\"name\":\"Shop\",\"item\":\"https:\/\/www.comoditahome.com\/ks\/shop\/\"},{\"@type\":\"ListItem\",\"position\":3,\"name\":\"Set pjatash Gold Ribbon\"}]},{\"@type\":\"WebSite\",\"@id\":\"https:\/\/www.comoditahome.com\/ks\/#website\",\"url\":\"https:\/\/www.comoditahome.com\/ks\/\",\"name\":\"Comodita Home\",\"description\":\"Dyshek, Jorgan, Jast\u00ebk, Kuzhine, Banjo, Kopsht dhe Aksesor\u00eb\",\"publisher\":{\"@id\":\"https:\/\/www.comoditahome.com\/ks\/#organization\"},\"potentialAction\":[{\"@type\":\"SearchAction\",\"target\":{\"@type\":\"EntryPoint\",\"urlTemplate\":\"https:\/\/www.comoditahome.com\/ks\/?s={search_term_string}\"},\"query-input\":\"required name=search_term_string\"}],\"inLanguage\":\"sq\"},{\"@type\":\"Organization\",\"@id\":\"https:\/\/www.comoditahome.com\/ks\/#organization\",\"name\":\"Comodita Home\",\"url\":\"https:\/\/www.comoditahome.com\/ks\/\",\"logo\":{\"@type\":\"ImageObject\",\"inLanguage\":\"sq\",\"@id\":\"https:\/\/www.comoditahome.com\/ks\/#\/schema\/logo\/image\/\",\"url\":\"https:\/\/www.comoditahome.com\/ks\/wp-content\/uploads\/2022\/05\/COMODITA_HOME_LOGO_KS_MK_AL-02.png\",\"contentUrl\":\"https:\/\/www.comoditahome.com\/ks\/wp-content\/uploads\/2022\/05\/COMODITA_HOME_LOGO_KS_MK_AL-02.png\",\"width\":180,\"height\":87,\"caption\":\"Comodita Home\"},\"image\":{\"@id\":\"https:\/\/www.comoditahome.com\/ks\/#\/schema\/logo\/image\/\"},\"sameAs\":[\"https:\/\/www.facebook.com\/comoditahome\/\",\"https:\/\/www.instagram.com\/comoditahome\/\",\"https:\/\/www.linkedin.com\/company\/comoditahome\/?originalSubdomain=fj\",\"https:\/\/www.youtube.com\/channel\/UC5O6IsT4JD4zaiOqmRi_Pvg\"]}]}<\/script>\n<!-- \/ Yoast SEO Premium plugin. -->","yoast_head_json":{"title":"Set pjatash Gold Ribbon - Comodita Home","robots":{"index":"index","follow":"follow","max-snippet":"max-snippet:-1","max-image-preview":"max-image-preview:large","max-video-preview":"max-video-preview:-1"},"canonical":"https:\/\/www.comoditahome.com\/ks\/produkt\/set-pjatash-gold-ribbon\/","og_locale":"sq_AL","og_type":"article","og_title":"Set pjatash Gold Ribbon","og_description":"Seti i pjatave nga linja Gold Ribbon vijn\u00eb t\u00eb konturuara n\u00eb form\u00eb t\u00eb rrumbullak\u00ebt, me sip\u00ebrfaqe t\u00eb hijeshuar nga simetria e ngjyrave dhe preciziteti i thell\u00ebsis\u00eb dhe shesht\u00ebsis\u00eb s\u00eb duhur. Kan\u00eb materialin cil\u00ebsor t\u00eb porcelanit dhe dizajn t\u00eb frym\u00ebzuar nga ngjyrat q\u00eb prezantojn\u00eb gjelb\u00ebrimin, jet\u00ebn dhe gjall\u00ebrin\u00eb frym\u00ebzuese. Ky set \u00ebsht\u00eb i punuar nga materiali i porcelanit cil\u00ebsor, q\u00eb i b\u00ebn jasht\u00ebzakonisht t\u00eb q\u00ebndrueshme dhe shum\u00eb praktike n\u00eb pastrim. Dimensioni \/ Kompozicioni:\u00a0Seti ka 31 pjes\u00eb: 6x pjata p\u00ebr ushqim, 6x pjata t\u00eb thella, 6x pjata p\u00ebr desert, 1x pjat\u00eb e thell\u00eb p\u00ebr sallat\u00eb, 6x filxhan\u00eb, 6x pjat\u00ebza. NGJYRA:\u00a0Me dizajn MATERIALI:\u00a0Porcelan UDH\u00cbZIMET E P\u00cbRDORIMIT:\u00a0T\u00eb pastrohet me dor\u00eb KUSHTET E KTHIMIT \/ GARANCION:\u00a0P\u00ebr k\u00ebt\u00eb produkt pranohet reklamacion brenda 24 or\u00ebve pasi t\u00eb pranoni porosin\u00eb. 3907489170651 pijata tanir sahon","og_url":"https:\/\/www.comoditahome.com\/ks\/produkt\/set-pjatash-gold-ribbon\/","og_site_name":"Comodita Home","article_publisher":"https:\/\/www.facebook.com\/comoditahome\/","article_modified_time":"2026-04-24T07:19:04+00:00","og_image":[{"width":1200,"height":1300,"url":"https:\/\/www.comoditahome.com\/ks\/wp-content\/uploads\/2021\/09\/3907489170651-1.jpg","type":"image\/jpeg"}],"twitter_card":"summary_large_image","schema":{"@context":"https:\/\/schema.org","@graph":[{"@type":"WebPage","@id":"https:\/\/www.comoditahome.com\/ks\/produkt\/set-pjatash-gold-ribbon\/","url":"https:\/\/www.comoditahome.com\/ks\/produkt\/set-pjatash-gold-ribbon\/","name":"Set pjatash Gold Ribbon - Comodita Home","isPartOf":{"@id":"https:\/\/www.comoditahome.com\/ks\/#website"},"primaryImageOfPage":{"@id":"https:\/\/www.comoditahome.com\/ks\/produkt\/set-pjatash-gold-ribbon\/#primaryimage"},"image":{"@id":"https:\/\/www.comoditahome.com\/ks\/produkt\/set-pjatash-gold-ribbon\/#primaryimage"},"thumbnailUrl":"https:\/\/www.comoditahome.com\/ks\/wp-content\/uploads\/2021\/09\/3907489170651-1.jpg","datePublished":"2021-09-13T09:48:38+00:00","dateModified":"2026-04-24T07:19:04+00:00","breadcrumb":{"@id":"https:\/\/www.comoditahome.com\/ks\/produkt\/set-pjatash-gold-ribbon\/#breadcrumb"},"inLanguage":"sq","potentialAction":[{"@type":"ReadAction","target":["https:\/\/www.comoditahome.com\/ks\/produkt\/set-pjatash-gold-ribbon\/"]}]},{"@type":"ImageObject","inLanguage":"sq","@id":"https:\/\/www.comoditahome.com\/ks\/produkt\/set-pjatash-gold-ribbon\/#primaryimage","url":"https:\/\/www.comoditahome.com\/ks\/wp-content\/uploads\/2021\/09\/3907489170651-1.jpg","contentUrl":"https:\/\/www.comoditahome.com\/ks\/wp-content\/uploads\/2021\/09\/3907489170651-1.jpg","width":1200,"height":1300},{"@type":"BreadcrumbList","@id":"https:\/\/www.comoditahome.com\/ks\/produkt\/set-pjatash-gold-ribbon\/#breadcrumb","itemListElement":[{"@type":"ListItem","position":1,"name":"Comodita Home Kosova - Dyshek Mattress","item":"https:\/\/www.comoditahome.com\/ks\/"},{"@type":"ListItem","position":2,"name":"Shop","item":"https:\/\/www.comoditahome.com\/ks\/shop\/"},{"@type":"ListItem","position":3,"name":"Set pjatash Gold Ribbon"}]},{"@type":"WebSite","@id":"https:\/\/www.comoditahome.com\/ks\/#website","url":"https:\/\/www.comoditahome.com\/ks\/","name":"Comodita Home","description":"Dyshek, Jorgan, Jast\u00ebk, Kuzhine, Banjo, Kopsht dhe Aksesor\u00eb","publisher":{"@id":"https:\/\/www.comoditahome.com\/ks\/#organization"},"potentialAction":[{"@type":"SearchAction","target":{"@type":"EntryPoint","urlTemplate":"https:\/\/www.comoditahome.com\/ks\/?s={search_term_string}"},"query-input":"required name=search_term_string"}],"inLanguage":"sq"},{"@type":"Organization","@id":"https:\/\/www.comoditahome.com\/ks\/#organization","name":"Comodita Home","url":"https:\/\/www.comoditahome.com\/ks\/","logo":{"@type":"ImageObject","inLanguage":"sq","@id":"https:\/\/www.comoditahome.com\/ks\/#\/schema\/logo\/image\/","url":"https:\/\/www.comoditahome.com\/ks\/wp-content\/uploads\/2022\/05\/COMODITA_HOME_LOGO_KS_MK_AL-02.png","contentUrl":"https:\/\/www.comoditahome.com\/ks\/wp-content\/uploads\/2022\/05\/COMODITA_HOME_LOGO_KS_MK_AL-02.png","width":180,"height":87,"caption":"Comodita Home"},"image":{"@id":"https:\/\/www.comoditahome.com\/ks\/#\/schema\/logo\/image\/"},"sameAs":["https:\/\/www.facebook.com\/comoditahome\/","https:\/\/www.instagram.com\/comoditahome\/","https:\/\/www.linkedin.com\/company\/comoditahome\/?originalSubdomain=fj","https:\/\/www.youtube.com\/channel\/UC5O6IsT4JD4zaiOqmRi_Pvg"]}]}},"_links":{"self":[{"href":"https:\/\/www.comoditahome.com\/ks\/wp-json\/wp\/v2\/product\/31852","targetHints":{"allow":["GET"]}}],"collection":[{"href":"https:\/\/www.comoditahome.com\/ks\/wp-json\/wp\/v2\/product"}],"about":[{"href":"https:\/\/www.comoditahome.com\/ks\/wp-json\/wp\/v2\/types\/product"}],"version-history":[{"count":3,"href":"https:\/\/www.comoditahome.com\/ks\/wp-json\/wp\/v2\/product\/31852\/revisions"}],"predecessor-version":[{"id":99646,"href":"https:\/\/www.comoditahome.com\/ks\/wp-json\/wp\/v2\/product\/31852\/revisions\/99646"}],"wp:featuredmedia":[{"embeddable":true,"href":"https:\/\/www.comoditahome.com\/ks\/wp-json\/wp\/v2\/media\/31853"}],"wp:attachment":[{"href":"https:\/\/www.comoditahome.com\/ks\/wp-json\/wp\/v2\/media?parent=31852"}],"wp:term":[{"taxonomy":"product_brand","embeddable":true,"href":"https:\/\/www.comoditahome.com\/ks\/wp-json\/wp\/v2\/product_brand?post=31852"},{"taxonomy":"product_cat","embeddable":true,"href":"https:\/\/www.comoditahome.com\/ks\/wp-json\/wp\/v2\/product_cat?post=31852"},{"taxonomy":"product_tag","embeddable":true,"href":"https:\/\/www.comoditahome.com\/ks\/wp-json\/wp\/v2\/product_tag?post=31852"}],"curies":[{"name":"wp","href":"https:\/\/api.w.org\/{rel}","templated":true}]}}