 {"id":31870,"date":"2021-09-13T12:01:29","date_gmt":"2021-09-13T11:01:29","guid":{"rendered":"https:\/\/ks.comoditahome.com\/?post_type=product&#038;p=31870"},"modified":"2026-04-24T09:19:04","modified_gmt":"2026-04-24T07:19:04","slug":"set-tenxheresh-bio-diamond","status":"publish","type":"product","link":"https:\/\/www.comoditahome.com\/ks\/produkt\/set-tenxheresh-bio-diamond\/","title":{"rendered":"Set tenxheresh Bio Diamond"},"content":{"rendered":"","protected":false},"excerpt":{"rendered":"<p style=\"text-align: left;\">Seti i gatimit Bio Diamond kombinon fort\u00ebsin\u00eb ekstreme t\u00eb gurit diamant t\u00eb v\u00ebrtet\u00eb aplikuar n\u00eb grimca dhe durueshm\u00ebrin\u00eb me specifika t\u00eb Jasht\u00ebzakonshme JO NGJIT\u00cbSE, duke formuar nj\u00eb sip\u00ebrfaqe t\u00eb shk\u00eblqyeshme q\u00eb b\u00ebn\u00eb gatimin e leht\u00eb dhe t\u00eb shijsh\u00ebm. Sip\u00ebrfaqja e elementeve t\u00eb k\u00ebtij seti \u00ebsht\u00eb e p\u00ebrforcuar nga kristale reale t\u00eb diamantit, t\u00eb cilat i japin en\u00ebs q\u00ebndrueshm\u00ebri, p\u00ebr\u00e7ueshm\u00ebri t\u00eb nxeht\u00ebsis\u00eb dhe veti jo-ngjit\u00ebse q\u00eb zgjat\u00eb p\u00ebr nj\u00eb koh\u00eb t\u00eb gjat\u00eb. Konstruksioni i en\u00ebs \u00ebsht\u00eb i b\u00ebr\u00eb nga alumin i past\u00ebr me trash\u00ebsi 4 cm, e fort\u00eb mjaftuesh\u00ebm q\u00eb ena mos t\u00eb lakohet. Formula baz\u00eb ka origjin\u00ebn nga Korea, derisa ne kemi ofruar zhvillimin e nj\u00eb procesi t\u00eb aplikimit kompleks shum\u00eb shtresor\u00eb, e cila ka p\u00ebrmir\u00ebsuar n\u00eb m\u00ebnyr\u00eb t\u00eb jashtzakonshme p\u00ebrformanc\u00ebn e en\u00ebs. Bio Diamond, si edhe vet emri, \u00ebsht\u00eb krijuar nga nj\u00eb process prodhimi n\u00ebn ambient ekologjik nga materiale ekologjike t\u00eb bio-degradueshme. P\u00ebrpos materialeve ekologjike, n\u00eb en\u00eb t\u00eb tilla ju mund t\u00eb gatuani n\u00eb temperature jo t\u00eb larta, k\u00ebshtu ju kurseni energji duke e b\u00ebr\u00eb procesin e gatimit sa m\u00eb efikase dhe me shum\u00eb m\u00eb pak shpenzime.<br \/>\n<strong>Dimensioni \/ Kompozicioni:<\/strong>\u00a0Seti ka 5 pjes\u00eb: 1x tenxhere 20cm, 1x tenxhere 24cm, 1x tigan 26cm, 1x kapak 20cm, 1x kapak 24cm<br \/>\n<strong>NGJYRA:<\/strong>\u00a0E zez\u00eb<br \/>\n<strong>MATERIALI:<\/strong>\u00a0Gur\u00eb<br \/>\n<strong>UDH\u00cbZIMET E P\u00cbRDORIMIT:<\/strong> T\u00eb pastrohet me dor\u00eb. Seti i en\u00ebve nuk p\u00ebrkrah induksionin.<br \/>\n<strong>KUSHTET E KTHIMIT \/ GARANCION:<\/strong> 5 vite<\/p>\n","protected":false},"featured_media":31872,"template":"","meta":[],"product_brand":[],"product_cat":[128,125],"product_tag":[],"class_list":{"0":"post-31870","1":"product","2":"type-product","3":"status-publish","4":"has-post-thumbnail","6":"product_cat-ene-gatimi","7":"product_cat-kuzhine","9":"first","10":"outofstock","11":"sale","12":"shipping-taxable","13":"purchasable","14":"product-type-simple","15":"layout-style-1","16":"col-md-4 col-sm-4 col-xs-6","17":"col-lg-2","18":"product-has-gallery","19":"product-style-default"},"yoast_head":"<!-- This site is optimized with the Yoast SEO Premium plugin v18.2.1 (Yoast SEO v22.5) - https:\/\/yoast.com\/wordpress\/plugins\/seo\/ -->\n<title>Set tenxheresh Bio Diamond - Comodita Home<\/title>\n<meta name=\"description\" content=\"Seti i gatimit Bio Diamond kombinon fort\u00ebsin\u00eb ekstreme t\u00eb gurit diamant t\u00eb v\u00ebrtet\u00eb aplikuar n\u00eb grimca dhe durueshm\u00ebrin\u00eb me specifika t\u00eb jashtzakonshme ...\" \/>\n<meta name=\"robots\" content=\"index, follow, max-snippet:-1, max-image-preview:large, max-video-preview:-1\" \/>\n<link rel=\"canonical\" href=\"https:\/\/www.comoditahome.com\/ks\/produkt\/set-tenxheresh-bio-diamond\/\" \/>\n<meta property=\"og:locale\" content=\"sq_AL\" \/>\n<meta property=\"og:type\" content=\"article\" \/>\n<meta property=\"og:title\" content=\"Set tenxheresh Bio Diamond\" \/>\n<meta property=\"og:description\" content=\"Seti i gatimit Bio Diamond kombinon fort\u00ebsin\u00eb ekstreme t\u00eb gurit diamant t\u00eb v\u00ebrtet\u00eb aplikuar n\u00eb grimca dhe durueshm\u00ebrin\u00eb me specifika t\u00eb jashtzakonshme ...\" \/>\n<meta property=\"og:url\" content=\"https:\/\/www.comoditahome.com\/ks\/produkt\/set-tenxheresh-bio-diamond\/\" \/>\n<meta property=\"og:site_name\" content=\"Comodita Home\" \/>\n<meta property=\"article:publisher\" content=\"https:\/\/www.facebook.com\/comoditahome\/\" \/>\n<meta property=\"article:modified_time\" content=\"2026-04-24T07:19:04+00:00\" \/>\n<meta property=\"og:image\" content=\"https:\/\/www.comoditahome.com\/ks\/wp-content\/uploads\/2021\/09\/3907489140609-1.jpg\" \/>\n\t<meta property=\"og:image:width\" content=\"1200\" \/>\n\t<meta property=\"og:image:height\" content=\"1300\" \/>\n\t<meta property=\"og:image:type\" content=\"image\/jpeg\" \/>\n<meta name=\"twitter:card\" content=\"summary_large_image\" \/>\n<meta name=\"twitter:label1\" content=\"Est. reading time\" \/>\n\t<meta name=\"twitter:data1\" content=\"1 minut\u00eb\" \/>\n<script type=\"application\/ld+json\" class=\"yoast-schema-graph\">{\"@context\":\"https:\/\/schema.org\",\"@graph\":[{\"@type\":\"WebPage\",\"@id\":\"https:\/\/www.comoditahome.com\/ks\/produkt\/set-tenxheresh-bio-diamond\/\",\"url\":\"https:\/\/www.comoditahome.com\/ks\/produkt\/set-tenxheresh-bio-diamond\/\",\"name\":\"Set tenxheresh Bio Diamond - Comodita Home\",\"isPartOf\":{\"@id\":\"https:\/\/www.comoditahome.com\/ks\/#website\"},\"primaryImageOfPage\":{\"@id\":\"https:\/\/www.comoditahome.com\/ks\/produkt\/set-tenxheresh-bio-diamond\/#primaryimage\"},\"image\":{\"@id\":\"https:\/\/www.comoditahome.com\/ks\/produkt\/set-tenxheresh-bio-diamond\/#primaryimage\"},\"thumbnailUrl\":\"https:\/\/www.comoditahome.com\/ks\/wp-content\/uploads\/2021\/09\/3907489140609-1.jpg\",\"datePublished\":\"2021-09-13T11:01:29+00:00\",\"dateModified\":\"2026-04-24T07:19:04+00:00\",\"description\":\"Seti i gatimit Bio Diamond kombinon fort\u00ebsin\u00eb ekstreme t\u00eb gurit diamant t\u00eb v\u00ebrtet\u00eb aplikuar n\u00eb grimca dhe durueshm\u00ebrin\u00eb me specifika t\u00eb jashtzakonshme ...\",\"breadcrumb\":{\"@id\":\"https:\/\/www.comoditahome.com\/ks\/produkt\/set-tenxheresh-bio-diamond\/#breadcrumb\"},\"inLanguage\":\"sq\",\"potentialAction\":[{\"@type\":\"ReadAction\",\"target\":[\"https:\/\/www.comoditahome.com\/ks\/produkt\/set-tenxheresh-bio-diamond\/\"]}]},{\"@type\":\"ImageObject\",\"inLanguage\":\"sq\",\"@id\":\"https:\/\/www.comoditahome.com\/ks\/produkt\/set-tenxheresh-bio-diamond\/#primaryimage\",\"url\":\"https:\/\/www.comoditahome.com\/ks\/wp-content\/uploads\/2021\/09\/3907489140609-1.jpg\",\"contentUrl\":\"https:\/\/www.comoditahome.com\/ks\/wp-content\/uploads\/2021\/09\/3907489140609-1.jpg\",\"width\":1200,\"height\":1300},{\"@type\":\"BreadcrumbList\",\"@id\":\"https:\/\/www.comoditahome.com\/ks\/produkt\/set-tenxheresh-bio-diamond\/#breadcrumb\",\"itemListElement\":[{\"@type\":\"ListItem\",\"position\":1,\"name\":\"Comodita Home Kosova - Dyshek Mattress\",\"item\":\"https:\/\/www.comoditahome.com\/ks\/\"},{\"@type\":\"ListItem\",\"position\":2,\"name\":\"Shop\",\"item\":\"https:\/\/www.comoditahome.com\/ks\/shop\/\"},{\"@type\":\"ListItem\",\"position\":3,\"name\":\"Set tenxheresh Bio Diamond\"}]},{\"@type\":\"WebSite\",\"@id\":\"https:\/\/www.comoditahome.com\/ks\/#website\",\"url\":\"https:\/\/www.comoditahome.com\/ks\/\",\"name\":\"Comodita Home\",\"description\":\"Dyshek, Jorgan, Jast\u00ebk, Kuzhine, Banjo, Kopsht dhe Aksesor\u00eb\",\"publisher\":{\"@id\":\"https:\/\/www.comoditahome.com\/ks\/#organization\"},\"potentialAction\":[{\"@type\":\"SearchAction\",\"target\":{\"@type\":\"EntryPoint\",\"urlTemplate\":\"https:\/\/www.comoditahome.com\/ks\/?s={search_term_string}\"},\"query-input\":\"required name=search_term_string\"}],\"inLanguage\":\"sq\"},{\"@type\":\"Organization\",\"@id\":\"https:\/\/www.comoditahome.com\/ks\/#organization\",\"name\":\"Comodita Home\",\"url\":\"https:\/\/www.comoditahome.com\/ks\/\",\"logo\":{\"@type\":\"ImageObject\",\"inLanguage\":\"sq\",\"@id\":\"https:\/\/www.comoditahome.com\/ks\/#\/schema\/logo\/image\/\",\"url\":\"https:\/\/www.comoditahome.com\/ks\/wp-content\/uploads\/2022\/05\/COMODITA_HOME_LOGO_KS_MK_AL-02.png\",\"contentUrl\":\"https:\/\/www.comoditahome.com\/ks\/wp-content\/uploads\/2022\/05\/COMODITA_HOME_LOGO_KS_MK_AL-02.png\",\"width\":180,\"height\":87,\"caption\":\"Comodita Home\"},\"image\":{\"@id\":\"https:\/\/www.comoditahome.com\/ks\/#\/schema\/logo\/image\/\"},\"sameAs\":[\"https:\/\/www.facebook.com\/comoditahome\/\",\"https:\/\/www.instagram.com\/comoditahome\/\",\"https:\/\/www.linkedin.com\/company\/comoditahome\/?originalSubdomain=fj\",\"https:\/\/www.youtube.com\/channel\/UC5O6IsT4JD4zaiOqmRi_Pvg\"]}]}<\/script>\n<!-- \/ Yoast SEO Premium plugin. -->","yoast_head_json":{"title":"Set tenxheresh Bio Diamond - Comodita Home","description":"Seti i gatimit Bio Diamond kombinon fort\u00ebsin\u00eb ekstreme t\u00eb gurit diamant t\u00eb v\u00ebrtet\u00eb aplikuar n\u00eb grimca dhe durueshm\u00ebrin\u00eb me specifika t\u00eb jashtzakonshme ...","robots":{"index":"index","follow":"follow","max-snippet":"max-snippet:-1","max-image-preview":"max-image-preview:large","max-video-preview":"max-video-preview:-1"},"canonical":"https:\/\/www.comoditahome.com\/ks\/produkt\/set-tenxheresh-bio-diamond\/","og_locale":"sq_AL","og_type":"article","og_title":"Set tenxheresh Bio Diamond","og_description":"Seti i gatimit Bio Diamond kombinon fort\u00ebsin\u00eb ekstreme t\u00eb gurit diamant t\u00eb v\u00ebrtet\u00eb aplikuar n\u00eb grimca dhe durueshm\u00ebrin\u00eb me specifika t\u00eb jashtzakonshme ...","og_url":"https:\/\/www.comoditahome.com\/ks\/produkt\/set-tenxheresh-bio-diamond\/","og_site_name":"Comodita Home","article_publisher":"https:\/\/www.facebook.com\/comoditahome\/","article_modified_time":"2026-04-24T07:19:04+00:00","og_image":[{"width":1200,"height":1300,"url":"https:\/\/www.comoditahome.com\/ks\/wp-content\/uploads\/2021\/09\/3907489140609-1.jpg","type":"image\/jpeg"}],"twitter_card":"summary_large_image","twitter_misc":{"Est. reading time":"1 minut\u00eb"},"schema":{"@context":"https:\/\/schema.org","@graph":[{"@type":"WebPage","@id":"https:\/\/www.comoditahome.com\/ks\/produkt\/set-tenxheresh-bio-diamond\/","url":"https:\/\/www.comoditahome.com\/ks\/produkt\/set-tenxheresh-bio-diamond\/","name":"Set tenxheresh Bio Diamond - Comodita Home","isPartOf":{"@id":"https:\/\/www.comoditahome.com\/ks\/#website"},"primaryImageOfPage":{"@id":"https:\/\/www.comoditahome.com\/ks\/produkt\/set-tenxheresh-bio-diamond\/#primaryimage"},"image":{"@id":"https:\/\/www.comoditahome.com\/ks\/produkt\/set-tenxheresh-bio-diamond\/#primaryimage"},"thumbnailUrl":"https:\/\/www.comoditahome.com\/ks\/wp-content\/uploads\/2021\/09\/3907489140609-1.jpg","datePublished":"2021-09-13T11:01:29+00:00","dateModified":"2026-04-24T07:19:04+00:00","description":"Seti i gatimit Bio Diamond kombinon fort\u00ebsin\u00eb ekstreme t\u00eb gurit diamant t\u00eb v\u00ebrtet\u00eb aplikuar n\u00eb grimca dhe durueshm\u00ebrin\u00eb me specifika t\u00eb jashtzakonshme ...","breadcrumb":{"@id":"https:\/\/www.comoditahome.com\/ks\/produkt\/set-tenxheresh-bio-diamond\/#breadcrumb"},"inLanguage":"sq","potentialAction":[{"@type":"ReadAction","target":["https:\/\/www.comoditahome.com\/ks\/produkt\/set-tenxheresh-bio-diamond\/"]}]},{"@type":"ImageObject","inLanguage":"sq","@id":"https:\/\/www.comoditahome.com\/ks\/produkt\/set-tenxheresh-bio-diamond\/#primaryimage","url":"https:\/\/www.comoditahome.com\/ks\/wp-content\/uploads\/2021\/09\/3907489140609-1.jpg","contentUrl":"https:\/\/www.comoditahome.com\/ks\/wp-content\/uploads\/2021\/09\/3907489140609-1.jpg","width":1200,"height":1300},{"@type":"BreadcrumbList","@id":"https:\/\/www.comoditahome.com\/ks\/produkt\/set-tenxheresh-bio-diamond\/#breadcrumb","itemListElement":[{"@type":"ListItem","position":1,"name":"Comodita Home Kosova - Dyshek Mattress","item":"https:\/\/www.comoditahome.com\/ks\/"},{"@type":"ListItem","position":2,"name":"Shop","item":"https:\/\/www.comoditahome.com\/ks\/shop\/"},{"@type":"ListItem","position":3,"name":"Set tenxheresh Bio Diamond"}]},{"@type":"WebSite","@id":"https:\/\/www.comoditahome.com\/ks\/#website","url":"https:\/\/www.comoditahome.com\/ks\/","name":"Comodita Home","description":"Dyshek, Jorgan, Jast\u00ebk, Kuzhine, Banjo, Kopsht dhe Aksesor\u00eb","publisher":{"@id":"https:\/\/www.comoditahome.com\/ks\/#organization"},"potentialAction":[{"@type":"SearchAction","target":{"@type":"EntryPoint","urlTemplate":"https:\/\/www.comoditahome.com\/ks\/?s={search_term_string}"},"query-input":"required name=search_term_string"}],"inLanguage":"sq"},{"@type":"Organization","@id":"https:\/\/www.comoditahome.com\/ks\/#organization","name":"Comodita Home","url":"https:\/\/www.comoditahome.com\/ks\/","logo":{"@type":"ImageObject","inLanguage":"sq","@id":"https:\/\/www.comoditahome.com\/ks\/#\/schema\/logo\/image\/","url":"https:\/\/www.comoditahome.com\/ks\/wp-content\/uploads\/2022\/05\/COMODITA_HOME_LOGO_KS_MK_AL-02.png","contentUrl":"https:\/\/www.comoditahome.com\/ks\/wp-content\/uploads\/2022\/05\/COMODITA_HOME_LOGO_KS_MK_AL-02.png","width":180,"height":87,"caption":"Comodita Home"},"image":{"@id":"https:\/\/www.comoditahome.com\/ks\/#\/schema\/logo\/image\/"},"sameAs":["https:\/\/www.facebook.com\/comoditahome\/","https:\/\/www.instagram.com\/comoditahome\/","https:\/\/www.linkedin.com\/company\/comoditahome\/?originalSubdomain=fj","https:\/\/www.youtube.com\/channel\/UC5O6IsT4JD4zaiOqmRi_Pvg"]}]}},"_links":{"self":[{"href":"https:\/\/www.comoditahome.com\/ks\/wp-json\/wp\/v2\/product\/31870","targetHints":{"allow":["GET"]}}],"collection":[{"href":"https:\/\/www.comoditahome.com\/ks\/wp-json\/wp\/v2\/product"}],"about":[{"href":"https:\/\/www.comoditahome.com\/ks\/wp-json\/wp\/v2\/types\/product"}],"version-history":[{"count":6,"href":"https:\/\/www.comoditahome.com\/ks\/wp-json\/wp\/v2\/product\/31870\/revisions"}],"predecessor-version":[{"id":93038,"href":"https:\/\/www.comoditahome.com\/ks\/wp-json\/wp\/v2\/product\/31870\/revisions\/93038"}],"wp:featuredmedia":[{"embeddable":true,"href":"https:\/\/www.comoditahome.com\/ks\/wp-json\/wp\/v2\/media\/31872"}],"wp:attachment":[{"href":"https:\/\/www.comoditahome.com\/ks\/wp-json\/wp\/v2\/media?parent=31870"}],"wp:term":[{"taxonomy":"product_brand","embeddable":true,"href":"https:\/\/www.comoditahome.com\/ks\/wp-json\/wp\/v2\/product_brand?post=31870"},{"taxonomy":"product_cat","embeddable":true,"href":"https:\/\/www.comoditahome.com\/ks\/wp-json\/wp\/v2\/product_cat?post=31870"},{"taxonomy":"product_tag","embeddable":true,"href":"https:\/\/www.comoditahome.com\/ks\/wp-json\/wp\/v2\/product_tag?post=31870"}],"curies":[{"name":"wp","href":"https:\/\/api.w.org\/{rel}","templated":true}]}}