 {"id":33321,"date":"2022-04-28T12:56:40","date_gmt":"2022-04-28T12:56:40","guid":{"rendered":"https:\/\/ks.comoditahome.com\/?post_type=product&#038;p=33321"},"modified":"2026-04-24T09:19:18","modified_gmt":"2026-04-24T07:19:18","slug":"set-thikash-ushqimi-cezme","status":"publish","type":"product","link":"https:\/\/www.comoditahome.com\/ks\/produkt\/set-thikash-ushqimi-cezme\/","title":{"rendered":"Set thikash ushqimi Cezme"},"content":{"rendered":"","protected":false},"excerpt":{"rendered":"<p style=\"text-align: left;\">Seti i thikave p\u00ebr ushqim Cezma vjen me nj\u00eb sip\u00ebrfaqe t\u00eb l\u00ebmuar dhe trash\u00ebsi optimale p\u00ebr p\u00ebrdorim praktik. Ky lloj \u00ebsht\u00eb rafinuar n\u00eb nj\u00eb form\u00eb me cepe t\u00eb rrumbullakosura dhe detaje t\u00eb grav\u00ebruara n\u00eb \u00e7do mbajt\u00ebse. Dizajni i thjesht\u00eb klasik me nj\u00eb pamje t\u00eb past\u00ebr e b\u00ebn\u00eb q\u00eb t&#8217;i p\u00ebrshtatet secilit set t\u00eb pjatave leht\u00ebsisht.<\/p>\n<p style=\"text-align: left;\"><strong>Dimensioni \/ Kompozicioni:<\/strong> Set me 12 cop\u00eb, nj\u00eb thik\u00eb peshon 85gr<\/p>\n<p style=\"text-align: left;\"><strong>NGJYRA:<\/strong> Argjend<\/p>\n<p style=\"text-align: left;\"><strong>MATERIALI:<\/strong> \u00c7elik 18\/10<\/p>\n<p style=\"text-align: left;\"><strong>UDH\u00cbZIMET E P\u00cbRDORIMIT:<\/strong>\u00a0N\u00eb makin\u00eb en\u00eblar\u00ebse ose me dor\u00eb.<\/p>\n<p style=\"text-align: left;\"><strong>KUSHTET E KTHIMIT \/ GARANCION:<\/strong> P\u00ebr k\u00ebt\u00eb produkt pranohet reklamacion brenda 24 or\u00ebve pasi t\u00eb pranoni porosin\u00eb.<br \/>\n<span style=\"color: #ffffff;\">3907489210029<\/span><\/p>\n","protected":false},"featured_media":34276,"template":"","meta":[],"product_brand":[],"product_cat":[138,136],"product_tag":[],"class_list":{"0":"post-33321","1":"product","2":"type-product","3":"status-publish","4":"has-post-thumbnail","6":"product_cat-luge-thike-pirunje","7":"product_cat-tryeze","9":"first","10":"outofstock","11":"sale","12":"shipping-taxable","13":"purchasable","14":"product-type-simple","15":"layout-style-1","16":"col-md-4 col-sm-4 col-xs-6","17":"col-lg-2","18":"product-has-gallery","19":"product-style-default"},"yoast_head":"<!-- This site is optimized with the Yoast SEO Premium plugin v18.2.1 (Yoast SEO v22.5) - https:\/\/yoast.com\/wordpress\/plugins\/seo\/ -->\n<title>Set thikash ushqimi Cezme - Comodita Home<\/title>\n<meta name=\"robots\" content=\"index, follow, max-snippet:-1, max-image-preview:large, max-video-preview:-1\" \/>\n<link rel=\"canonical\" href=\"https:\/\/www.comoditahome.com\/ks\/produkt\/set-thikash-ushqimi-cezme\/\" \/>\n<meta property=\"og:locale\" content=\"sq_AL\" \/>\n<meta property=\"og:type\" content=\"article\" \/>\n<meta property=\"og:title\" content=\"Set thikash ushqimi Cezme\" \/>\n<meta property=\"og:description\" content=\"Seti i thikave p\u00ebr ushqim Cezma vjen me nj\u00eb sip\u00ebrfaqe t\u00eb l\u00ebmuar dhe trash\u00ebsi optimale p\u00ebr p\u00ebrdorim praktik. Ky lloj \u00ebsht\u00eb rafinuar n\u00eb nj\u00eb form\u00eb me cepe t\u00eb rrumbullakosura dhe detaje t\u00eb grav\u00ebruara n\u00eb \u00e7do mbajt\u00ebse. Dizajni i thjesht\u00eb klasik me nj\u00eb pamje t\u00eb past\u00ebr e b\u00ebn\u00eb q\u00eb t&#039;i p\u00ebrshtatet secilit set t\u00eb pjatave leht\u00ebsisht. Dimensioni \/ Kompozicioni: Set me 12 cop\u00eb, nj\u00eb thik\u00eb peshon 85gr NGJYRA: Argjend MATERIALI: \u00c7elik 18\/10 UDH\u00cbZIMET E P\u00cbRDORIMIT:\u00a0N\u00eb makin\u00eb en\u00eblar\u00ebse ose me dor\u00eb. KUSHTET E KTHIMIT \/ GARANCION: P\u00ebr k\u00ebt\u00eb produkt pranohet reklamacion brenda 24 or\u00ebve pasi t\u00eb pranoni porosin\u00eb. 3907489210029\" \/>\n<meta property=\"og:url\" content=\"https:\/\/www.comoditahome.com\/ks\/produkt\/set-thikash-ushqimi-cezme\/\" \/>\n<meta property=\"og:site_name\" content=\"Comodita Home\" \/>\n<meta property=\"article:publisher\" content=\"https:\/\/www.facebook.com\/comoditahome\/\" \/>\n<meta property=\"article:modified_time\" content=\"2026-04-24T07:19:18+00:00\" \/>\n<meta property=\"og:image\" content=\"https:\/\/www.comoditahome.com\/ks\/wp-content\/uploads\/2022\/04\/3907489210029-1.jpg\" \/>\n\t<meta property=\"og:image:width\" content=\"1200\" \/>\n\t<meta property=\"og:image:height\" content=\"1300\" \/>\n\t<meta property=\"og:image:type\" content=\"image\/jpeg\" \/>\n<meta name=\"twitter:card\" content=\"summary_large_image\" \/>\n<script type=\"application\/ld+json\" class=\"yoast-schema-graph\">{\"@context\":\"https:\/\/schema.org\",\"@graph\":[{\"@type\":\"WebPage\",\"@id\":\"https:\/\/www.comoditahome.com\/ks\/produkt\/set-thikash-ushqimi-cezme\/\",\"url\":\"https:\/\/www.comoditahome.com\/ks\/produkt\/set-thikash-ushqimi-cezme\/\",\"name\":\"Set thikash ushqimi Cezme - Comodita Home\",\"isPartOf\":{\"@id\":\"https:\/\/www.comoditahome.com\/ks\/#website\"},\"primaryImageOfPage\":{\"@id\":\"https:\/\/www.comoditahome.com\/ks\/produkt\/set-thikash-ushqimi-cezme\/#primaryimage\"},\"image\":{\"@id\":\"https:\/\/www.comoditahome.com\/ks\/produkt\/set-thikash-ushqimi-cezme\/#primaryimage\"},\"thumbnailUrl\":\"https:\/\/www.comoditahome.com\/ks\/wp-content\/uploads\/2022\/04\/3907489210029-1.jpg\",\"datePublished\":\"2022-04-28T12:56:40+00:00\",\"dateModified\":\"2026-04-24T07:19:18+00:00\",\"breadcrumb\":{\"@id\":\"https:\/\/www.comoditahome.com\/ks\/produkt\/set-thikash-ushqimi-cezme\/#breadcrumb\"},\"inLanguage\":\"sq\",\"potentialAction\":[{\"@type\":\"ReadAction\",\"target\":[\"https:\/\/www.comoditahome.com\/ks\/produkt\/set-thikash-ushqimi-cezme\/\"]}]},{\"@type\":\"ImageObject\",\"inLanguage\":\"sq\",\"@id\":\"https:\/\/www.comoditahome.com\/ks\/produkt\/set-thikash-ushqimi-cezme\/#primaryimage\",\"url\":\"https:\/\/www.comoditahome.com\/ks\/wp-content\/uploads\/2022\/04\/3907489210029-1.jpg\",\"contentUrl\":\"https:\/\/www.comoditahome.com\/ks\/wp-content\/uploads\/2022\/04\/3907489210029-1.jpg\",\"width\":1200,\"height\":1300},{\"@type\":\"BreadcrumbList\",\"@id\":\"https:\/\/www.comoditahome.com\/ks\/produkt\/set-thikash-ushqimi-cezme\/#breadcrumb\",\"itemListElement\":[{\"@type\":\"ListItem\",\"position\":1,\"name\":\"Comodita Home Kosova - Dyshek Mattress\",\"item\":\"https:\/\/www.comoditahome.com\/ks\/\"},{\"@type\":\"ListItem\",\"position\":2,\"name\":\"Shop\",\"item\":\"https:\/\/www.comoditahome.com\/ks\/shop\/\"},{\"@type\":\"ListItem\",\"position\":3,\"name\":\"Set thikash ushqimi Cezme\"}]},{\"@type\":\"WebSite\",\"@id\":\"https:\/\/www.comoditahome.com\/ks\/#website\",\"url\":\"https:\/\/www.comoditahome.com\/ks\/\",\"name\":\"Comodita Home\",\"description\":\"Dyshek, Jorgan, Jast\u00ebk, Kuzhine, Banjo, Kopsht dhe Aksesor\u00eb\",\"publisher\":{\"@id\":\"https:\/\/www.comoditahome.com\/ks\/#organization\"},\"potentialAction\":[{\"@type\":\"SearchAction\",\"target\":{\"@type\":\"EntryPoint\",\"urlTemplate\":\"https:\/\/www.comoditahome.com\/ks\/?s={search_term_string}\"},\"query-input\":\"required name=search_term_string\"}],\"inLanguage\":\"sq\"},{\"@type\":\"Organization\",\"@id\":\"https:\/\/www.comoditahome.com\/ks\/#organization\",\"name\":\"Comodita Home\",\"url\":\"https:\/\/www.comoditahome.com\/ks\/\",\"logo\":{\"@type\":\"ImageObject\",\"inLanguage\":\"sq\",\"@id\":\"https:\/\/www.comoditahome.com\/ks\/#\/schema\/logo\/image\/\",\"url\":\"https:\/\/www.comoditahome.com\/ks\/wp-content\/uploads\/2022\/05\/COMODITA_HOME_LOGO_KS_MK_AL-02.png\",\"contentUrl\":\"https:\/\/www.comoditahome.com\/ks\/wp-content\/uploads\/2022\/05\/COMODITA_HOME_LOGO_KS_MK_AL-02.png\",\"width\":180,\"height\":87,\"caption\":\"Comodita Home\"},\"image\":{\"@id\":\"https:\/\/www.comoditahome.com\/ks\/#\/schema\/logo\/image\/\"},\"sameAs\":[\"https:\/\/www.facebook.com\/comoditahome\/\",\"https:\/\/www.instagram.com\/comoditahome\/\",\"https:\/\/www.linkedin.com\/company\/comoditahome\/?originalSubdomain=fj\",\"https:\/\/www.youtube.com\/channel\/UC5O6IsT4JD4zaiOqmRi_Pvg\"]}]}<\/script>\n<!-- \/ Yoast SEO Premium plugin. -->","yoast_head_json":{"title":"Set thikash ushqimi Cezme - Comodita Home","robots":{"index":"index","follow":"follow","max-snippet":"max-snippet:-1","max-image-preview":"max-image-preview:large","max-video-preview":"max-video-preview:-1"},"canonical":"https:\/\/www.comoditahome.com\/ks\/produkt\/set-thikash-ushqimi-cezme\/","og_locale":"sq_AL","og_type":"article","og_title":"Set thikash ushqimi Cezme","og_description":"Seti i thikave p\u00ebr ushqim Cezma vjen me nj\u00eb sip\u00ebrfaqe t\u00eb l\u00ebmuar dhe trash\u00ebsi optimale p\u00ebr p\u00ebrdorim praktik. Ky lloj \u00ebsht\u00eb rafinuar n\u00eb nj\u00eb form\u00eb me cepe t\u00eb rrumbullakosura dhe detaje t\u00eb grav\u00ebruara n\u00eb \u00e7do mbajt\u00ebse. Dizajni i thjesht\u00eb klasik me nj\u00eb pamje t\u00eb past\u00ebr e b\u00ebn\u00eb q\u00eb t'i p\u00ebrshtatet secilit set t\u00eb pjatave leht\u00ebsisht. Dimensioni \/ Kompozicioni: Set me 12 cop\u00eb, nj\u00eb thik\u00eb peshon 85gr NGJYRA: Argjend MATERIALI: \u00c7elik 18\/10 UDH\u00cbZIMET E P\u00cbRDORIMIT:\u00a0N\u00eb makin\u00eb en\u00eblar\u00ebse ose me dor\u00eb. KUSHTET E KTHIMIT \/ GARANCION: P\u00ebr k\u00ebt\u00eb produkt pranohet reklamacion brenda 24 or\u00ebve pasi t\u00eb pranoni porosin\u00eb. 3907489210029","og_url":"https:\/\/www.comoditahome.com\/ks\/produkt\/set-thikash-ushqimi-cezme\/","og_site_name":"Comodita Home","article_publisher":"https:\/\/www.facebook.com\/comoditahome\/","article_modified_time":"2026-04-24T07:19:18+00:00","og_image":[{"width":1200,"height":1300,"url":"https:\/\/www.comoditahome.com\/ks\/wp-content\/uploads\/2022\/04\/3907489210029-1.jpg","type":"image\/jpeg"}],"twitter_card":"summary_large_image","schema":{"@context":"https:\/\/schema.org","@graph":[{"@type":"WebPage","@id":"https:\/\/www.comoditahome.com\/ks\/produkt\/set-thikash-ushqimi-cezme\/","url":"https:\/\/www.comoditahome.com\/ks\/produkt\/set-thikash-ushqimi-cezme\/","name":"Set thikash ushqimi Cezme - Comodita Home","isPartOf":{"@id":"https:\/\/www.comoditahome.com\/ks\/#website"},"primaryImageOfPage":{"@id":"https:\/\/www.comoditahome.com\/ks\/produkt\/set-thikash-ushqimi-cezme\/#primaryimage"},"image":{"@id":"https:\/\/www.comoditahome.com\/ks\/produkt\/set-thikash-ushqimi-cezme\/#primaryimage"},"thumbnailUrl":"https:\/\/www.comoditahome.com\/ks\/wp-content\/uploads\/2022\/04\/3907489210029-1.jpg","datePublished":"2022-04-28T12:56:40+00:00","dateModified":"2026-04-24T07:19:18+00:00","breadcrumb":{"@id":"https:\/\/www.comoditahome.com\/ks\/produkt\/set-thikash-ushqimi-cezme\/#breadcrumb"},"inLanguage":"sq","potentialAction":[{"@type":"ReadAction","target":["https:\/\/www.comoditahome.com\/ks\/produkt\/set-thikash-ushqimi-cezme\/"]}]},{"@type":"ImageObject","inLanguage":"sq","@id":"https:\/\/www.comoditahome.com\/ks\/produkt\/set-thikash-ushqimi-cezme\/#primaryimage","url":"https:\/\/www.comoditahome.com\/ks\/wp-content\/uploads\/2022\/04\/3907489210029-1.jpg","contentUrl":"https:\/\/www.comoditahome.com\/ks\/wp-content\/uploads\/2022\/04\/3907489210029-1.jpg","width":1200,"height":1300},{"@type":"BreadcrumbList","@id":"https:\/\/www.comoditahome.com\/ks\/produkt\/set-thikash-ushqimi-cezme\/#breadcrumb","itemListElement":[{"@type":"ListItem","position":1,"name":"Comodita Home Kosova - Dyshek Mattress","item":"https:\/\/www.comoditahome.com\/ks\/"},{"@type":"ListItem","position":2,"name":"Shop","item":"https:\/\/www.comoditahome.com\/ks\/shop\/"},{"@type":"ListItem","position":3,"name":"Set thikash ushqimi Cezme"}]},{"@type":"WebSite","@id":"https:\/\/www.comoditahome.com\/ks\/#website","url":"https:\/\/www.comoditahome.com\/ks\/","name":"Comodita Home","description":"Dyshek, Jorgan, Jast\u00ebk, Kuzhine, Banjo, Kopsht dhe Aksesor\u00eb","publisher":{"@id":"https:\/\/www.comoditahome.com\/ks\/#organization"},"potentialAction":[{"@type":"SearchAction","target":{"@type":"EntryPoint","urlTemplate":"https:\/\/www.comoditahome.com\/ks\/?s={search_term_string}"},"query-input":"required name=search_term_string"}],"inLanguage":"sq"},{"@type":"Organization","@id":"https:\/\/www.comoditahome.com\/ks\/#organization","name":"Comodita Home","url":"https:\/\/www.comoditahome.com\/ks\/","logo":{"@type":"ImageObject","inLanguage":"sq","@id":"https:\/\/www.comoditahome.com\/ks\/#\/schema\/logo\/image\/","url":"https:\/\/www.comoditahome.com\/ks\/wp-content\/uploads\/2022\/05\/COMODITA_HOME_LOGO_KS_MK_AL-02.png","contentUrl":"https:\/\/www.comoditahome.com\/ks\/wp-content\/uploads\/2022\/05\/COMODITA_HOME_LOGO_KS_MK_AL-02.png","width":180,"height":87,"caption":"Comodita Home"},"image":{"@id":"https:\/\/www.comoditahome.com\/ks\/#\/schema\/logo\/image\/"},"sameAs":["https:\/\/www.facebook.com\/comoditahome\/","https:\/\/www.instagram.com\/comoditahome\/","https:\/\/www.linkedin.com\/company\/comoditahome\/?originalSubdomain=fj","https:\/\/www.youtube.com\/channel\/UC5O6IsT4JD4zaiOqmRi_Pvg"]}]}},"_links":{"self":[{"href":"https:\/\/www.comoditahome.com\/ks\/wp-json\/wp\/v2\/product\/33321","targetHints":{"allow":["GET"]}}],"collection":[{"href":"https:\/\/www.comoditahome.com\/ks\/wp-json\/wp\/v2\/product"}],"about":[{"href":"https:\/\/www.comoditahome.com\/ks\/wp-json\/wp\/v2\/types\/product"}],"version-history":[{"count":1,"href":"https:\/\/www.comoditahome.com\/ks\/wp-json\/wp\/v2\/product\/33321\/revisions"}],"predecessor-version":[{"id":34275,"href":"https:\/\/www.comoditahome.com\/ks\/wp-json\/wp\/v2\/product\/33321\/revisions\/34275"}],"wp:featuredmedia":[{"embeddable":true,"href":"https:\/\/www.comoditahome.com\/ks\/wp-json\/wp\/v2\/media\/34276"}],"wp:attachment":[{"href":"https:\/\/www.comoditahome.com\/ks\/wp-json\/wp\/v2\/media?parent=33321"}],"wp:term":[{"taxonomy":"product_brand","embeddable":true,"href":"https:\/\/www.comoditahome.com\/ks\/wp-json\/wp\/v2\/product_brand?post=33321"},{"taxonomy":"product_cat","embeddable":true,"href":"https:\/\/www.comoditahome.com\/ks\/wp-json\/wp\/v2\/product_cat?post=33321"},{"taxonomy":"product_tag","embeddable":true,"href":"https:\/\/www.comoditahome.com\/ks\/wp-json\/wp\/v2\/product_tag?post=33321"}],"curies":[{"name":"wp","href":"https:\/\/api.w.org\/{rel}","templated":true}]}}