 {"id":34482,"date":"2022-05-30T13:51:23","date_gmt":"2022-05-30T11:51:23","guid":{"rendered":"https:\/\/www.comoditahome.com\/ks\/?post_type=product&#038;p=34482"},"modified":"2026-04-24T09:19:23","modified_gmt":"2026-04-24T07:19:23","slug":"fast-hand-blender","status":"publish","type":"product","link":"https:\/\/www.comoditahome.com\/ks\/produkt\/fast-hand-blender\/","title":{"rendered":"Fast Hand Blender"},"content":{"rendered":"","protected":false},"excerpt":{"rendered":"<p style=\"text-align: left\">Pajisja Fast Hand Blender \u00ebsht\u00eb miku juaj m\u00eb i mir\u00eb i kuzhin\u00ebs. Me k\u00ebt\u00eb pajisje ju mund t\u00eb bluani apo cop\u00ebtoni mishin, frutat, perimet, arrat, er\u00ebzat dhe frutat e thata. Mjafton vet\u00ebm t\u00eb nd\u00ebroni pjes\u00ebn e poshtme t\u00eb pajisjes, dhe ju ndryshoni edhe funksionin e saj brenda fare pak sekondash. N\u00eb nj\u00eb pajisje t\u00eb vetme ju keni tund\u00ebsin, grir\u00ebsin dhe blenderin, funksione k\u00ebto q\u00eb mund t&#8217;i ndryshoni shpejt\u00ebsin\u00eb n\u00eb 8 nivele, var\u00ebsisht sipas d\u00ebshir\u00ebs suaj.<\/p>\n<p style=\"text-align: left\"><strong>Dimensioni \/ Kompozicioni:<\/strong> 800w | Pajisja vjen s\u00eb bashku me 3 pjes\u00eb t\u00eb cilat mund t\u00eb ndrohen p\u00ebr t\u00eb ofruar funksione t\u00eb ndryshme (1x blender, 1x grir\u00ebse, 1x tund\u00ebse) Pajisja ka edhe 1x en\u00eb t\u00eb grir\u00ebses dhe 1x got\u00eb 600 mililit\u00ebrshe p\u00ebr t\u00eb parandaluar sp\u00ebrkatjen.<\/p>\n<p style=\"text-align: left\"><strong>NGJYRA:<\/strong> I argjend<\/p>\n<p style=\"text-align: left\"><strong>MATERIALI:<\/strong> Elektrik\u00eb dhe metal<\/p>\n<p style=\"text-align: left\"><strong>UDH\u00cbZIMET E P\u00cbRDORIMIT:<\/strong> P\u00ebr detaje tjera rreth perdorimit konsultohuni me udh\u00ebzuesin [<a href=\"https:\/\/www.comoditahome.com\/ks\/wp-content\/uploads\/2022\/05\/Fasthand-Blender-Udhezuesi.pdf\">Kliko k\u00ebtu<\/a>].<\/p>\n<p style=\"text-align: left\"><strong>KUSHTET E KTHIMIT \/ GARANCION:<\/strong>P\u00ebr k\u00ebt\u00eb produkt pranohet reklamacion brenda 24 or\u00ebve pasi t\u00eb pranoni porosin\u00eb.<br \/>\n<span style=\"color: #ffffff\">5310233006591<\/span><\/p>\n","protected":false},"featured_media":34577,"template":"","meta":[],"product_brand":[],"product_cat":[131,125],"product_tag":[],"class_list":{"0":"post-34482","1":"product","2":"type-product","3":"status-publish","4":"has-post-thumbnail","6":"product_cat-pajisje-elektrike","7":"product_cat-kuzhine","9":"first","10":"outofstock","11":"sale","12":"shipping-taxable","13":"purchasable","14":"product-type-simple","15":"layout-style-1","16":"col-md-4 col-sm-4 col-xs-6","17":"col-lg-2","18":"product-has-gallery","19":"product-style-default"},"yoast_head":"<!-- This site is optimized with the Yoast SEO Premium plugin v18.2.1 (Yoast SEO v22.5) - https:\/\/yoast.com\/wordpress\/plugins\/seo\/ -->\n<title>Fast Hand Blender - Comodita Home<\/title>\n<meta name=\"description\" content=\"Pajisja Fast Hand Blender \u00ebsht\u00eb miku juaj m\u00eb i mir\u00eb i kuzhin\u00ebs. Me k\u00ebt\u00eb pajisje ju mund t\u00eb bluani apo cop\u00ebtoni mishin, frutat, perimet, arrat, er\u00ebzat...\" \/>\n<meta name=\"robots\" content=\"index, follow, max-snippet:-1, max-image-preview:large, max-video-preview:-1\" \/>\n<link rel=\"canonical\" href=\"https:\/\/www.comoditahome.com\/ks\/produkt\/fast-hand-blender\/\" \/>\n<meta property=\"og:locale\" content=\"sq_AL\" \/>\n<meta property=\"og:type\" content=\"article\" \/>\n<meta property=\"og:title\" content=\"Fast Hand Blender\" \/>\n<meta property=\"og:description\" content=\"Pajisja Fast Hand Blender \u00ebsht\u00eb miku juaj m\u00eb i mir\u00eb i kuzhin\u00ebs. Me k\u00ebt\u00eb pajisje ju mund t\u00eb bluani apo cop\u00ebtoni mishin, frutat, perimet, arrat, er\u00ebzat...\" \/>\n<meta property=\"og:url\" content=\"https:\/\/www.comoditahome.com\/ks\/produkt\/fast-hand-blender\/\" \/>\n<meta property=\"og:site_name\" content=\"Comodita Home\" \/>\n<meta property=\"article:publisher\" content=\"https:\/\/www.facebook.com\/comoditahome\/\" \/>\n<meta property=\"article:modified_time\" content=\"2026-04-24T07:19:23+00:00\" \/>\n<meta property=\"og:image\" content=\"https:\/\/www.comoditahome.com\/ks\/wp-content\/uploads\/2022\/05\/5310233006591-WEB-1.jpg\" \/>\n\t<meta property=\"og:image:width\" content=\"1200\" \/>\n\t<meta property=\"og:image:height\" content=\"1300\" \/>\n\t<meta property=\"og:image:type\" content=\"image\/jpeg\" \/>\n<meta name=\"twitter:card\" content=\"summary_large_image\" \/>\n<meta name=\"twitter:label1\" content=\"Est. reading time\" \/>\n\t<meta name=\"twitter:data1\" content=\"1 minut\u00eb\" \/>\n<script type=\"application\/ld+json\" class=\"yoast-schema-graph\">{\"@context\":\"https:\/\/schema.org\",\"@graph\":[{\"@type\":\"WebPage\",\"@id\":\"https:\/\/www.comoditahome.com\/ks\/produkt\/fast-hand-blender\/\",\"url\":\"https:\/\/www.comoditahome.com\/ks\/produkt\/fast-hand-blender\/\",\"name\":\"Fast Hand Blender - Comodita Home\",\"isPartOf\":{\"@id\":\"https:\/\/www.comoditahome.com\/ks\/#website\"},\"primaryImageOfPage\":{\"@id\":\"https:\/\/www.comoditahome.com\/ks\/produkt\/fast-hand-blender\/#primaryimage\"},\"image\":{\"@id\":\"https:\/\/www.comoditahome.com\/ks\/produkt\/fast-hand-blender\/#primaryimage\"},\"thumbnailUrl\":\"https:\/\/www.comoditahome.com\/ks\/wp-content\/uploads\/2022\/05\/5310233006591-WEB-1.jpg\",\"datePublished\":\"2022-05-30T11:51:23+00:00\",\"dateModified\":\"2026-04-24T07:19:23+00:00\",\"description\":\"Pajisja Fast Hand Blender \u00ebsht\u00eb miku juaj m\u00eb i mir\u00eb i kuzhin\u00ebs. Me k\u00ebt\u00eb pajisje ju mund t\u00eb bluani apo cop\u00ebtoni mishin, frutat, perimet, arrat, er\u00ebzat...\",\"breadcrumb\":{\"@id\":\"https:\/\/www.comoditahome.com\/ks\/produkt\/fast-hand-blender\/#breadcrumb\"},\"inLanguage\":\"sq\",\"potentialAction\":[{\"@type\":\"ReadAction\",\"target\":[\"https:\/\/www.comoditahome.com\/ks\/produkt\/fast-hand-blender\/\"]}]},{\"@type\":\"ImageObject\",\"inLanguage\":\"sq\",\"@id\":\"https:\/\/www.comoditahome.com\/ks\/produkt\/fast-hand-blender\/#primaryimage\",\"url\":\"https:\/\/www.comoditahome.com\/ks\/wp-content\/uploads\/2022\/05\/5310233006591-WEB-1.jpg\",\"contentUrl\":\"https:\/\/www.comoditahome.com\/ks\/wp-content\/uploads\/2022\/05\/5310233006591-WEB-1.jpg\",\"width\":1200,\"height\":1300},{\"@type\":\"BreadcrumbList\",\"@id\":\"https:\/\/www.comoditahome.com\/ks\/produkt\/fast-hand-blender\/#breadcrumb\",\"itemListElement\":[{\"@type\":\"ListItem\",\"position\":1,\"name\":\"Comodita Home Kosova - Dyshek Mattress\",\"item\":\"https:\/\/www.comoditahome.com\/ks\/\"},{\"@type\":\"ListItem\",\"position\":2,\"name\":\"Shop\",\"item\":\"https:\/\/www.comoditahome.com\/ks\/shop\/\"},{\"@type\":\"ListItem\",\"position\":3,\"name\":\"Fast Hand Blender\"}]},{\"@type\":\"WebSite\",\"@id\":\"https:\/\/www.comoditahome.com\/ks\/#website\",\"url\":\"https:\/\/www.comoditahome.com\/ks\/\",\"name\":\"Comodita Home\",\"description\":\"Dyshek, Jorgan, Jast\u00ebk, Kuzhine, Banjo, Kopsht dhe Aksesor\u00eb\",\"publisher\":{\"@id\":\"https:\/\/www.comoditahome.com\/ks\/#organization\"},\"potentialAction\":[{\"@type\":\"SearchAction\",\"target\":{\"@type\":\"EntryPoint\",\"urlTemplate\":\"https:\/\/www.comoditahome.com\/ks\/?s={search_term_string}\"},\"query-input\":\"required name=search_term_string\"}],\"inLanguage\":\"sq\"},{\"@type\":\"Organization\",\"@id\":\"https:\/\/www.comoditahome.com\/ks\/#organization\",\"name\":\"Comodita Home\",\"url\":\"https:\/\/www.comoditahome.com\/ks\/\",\"logo\":{\"@type\":\"ImageObject\",\"inLanguage\":\"sq\",\"@id\":\"https:\/\/www.comoditahome.com\/ks\/#\/schema\/logo\/image\/\",\"url\":\"https:\/\/www.comoditahome.com\/ks\/wp-content\/uploads\/2022\/05\/COMODITA_HOME_LOGO_KS_MK_AL-02.png\",\"contentUrl\":\"https:\/\/www.comoditahome.com\/ks\/wp-content\/uploads\/2022\/05\/COMODITA_HOME_LOGO_KS_MK_AL-02.png\",\"width\":180,\"height\":87,\"caption\":\"Comodita Home\"},\"image\":{\"@id\":\"https:\/\/www.comoditahome.com\/ks\/#\/schema\/logo\/image\/\"},\"sameAs\":[\"https:\/\/www.facebook.com\/comoditahome\/\",\"https:\/\/www.instagram.com\/comoditahome\/\",\"https:\/\/www.linkedin.com\/company\/comoditahome\/?originalSubdomain=fj\",\"https:\/\/www.youtube.com\/channel\/UC5O6IsT4JD4zaiOqmRi_Pvg\"]}]}<\/script>\n<!-- \/ Yoast SEO Premium plugin. -->","yoast_head_json":{"title":"Fast Hand Blender - Comodita Home","description":"Pajisja Fast Hand Blender \u00ebsht\u00eb miku juaj m\u00eb i mir\u00eb i kuzhin\u00ebs. Me k\u00ebt\u00eb pajisje ju mund t\u00eb bluani apo cop\u00ebtoni mishin, frutat, perimet, arrat, er\u00ebzat...","robots":{"index":"index","follow":"follow","max-snippet":"max-snippet:-1","max-image-preview":"max-image-preview:large","max-video-preview":"max-video-preview:-1"},"canonical":"https:\/\/www.comoditahome.com\/ks\/produkt\/fast-hand-blender\/","og_locale":"sq_AL","og_type":"article","og_title":"Fast Hand Blender","og_description":"Pajisja Fast Hand Blender \u00ebsht\u00eb miku juaj m\u00eb i mir\u00eb i kuzhin\u00ebs. Me k\u00ebt\u00eb pajisje ju mund t\u00eb bluani apo cop\u00ebtoni mishin, frutat, perimet, arrat, er\u00ebzat...","og_url":"https:\/\/www.comoditahome.com\/ks\/produkt\/fast-hand-blender\/","og_site_name":"Comodita Home","article_publisher":"https:\/\/www.facebook.com\/comoditahome\/","article_modified_time":"2026-04-24T07:19:23+00:00","og_image":[{"width":1200,"height":1300,"url":"https:\/\/www.comoditahome.com\/ks\/wp-content\/uploads\/2022\/05\/5310233006591-WEB-1.jpg","type":"image\/jpeg"}],"twitter_card":"summary_large_image","twitter_misc":{"Est. reading time":"1 minut\u00eb"},"schema":{"@context":"https:\/\/schema.org","@graph":[{"@type":"WebPage","@id":"https:\/\/www.comoditahome.com\/ks\/produkt\/fast-hand-blender\/","url":"https:\/\/www.comoditahome.com\/ks\/produkt\/fast-hand-blender\/","name":"Fast Hand Blender - Comodita Home","isPartOf":{"@id":"https:\/\/www.comoditahome.com\/ks\/#website"},"primaryImageOfPage":{"@id":"https:\/\/www.comoditahome.com\/ks\/produkt\/fast-hand-blender\/#primaryimage"},"image":{"@id":"https:\/\/www.comoditahome.com\/ks\/produkt\/fast-hand-blender\/#primaryimage"},"thumbnailUrl":"https:\/\/www.comoditahome.com\/ks\/wp-content\/uploads\/2022\/05\/5310233006591-WEB-1.jpg","datePublished":"2022-05-30T11:51:23+00:00","dateModified":"2026-04-24T07:19:23+00:00","description":"Pajisja Fast Hand Blender \u00ebsht\u00eb miku juaj m\u00eb i mir\u00eb i kuzhin\u00ebs. Me k\u00ebt\u00eb pajisje ju mund t\u00eb bluani apo cop\u00ebtoni mishin, frutat, perimet, arrat, er\u00ebzat...","breadcrumb":{"@id":"https:\/\/www.comoditahome.com\/ks\/produkt\/fast-hand-blender\/#breadcrumb"},"inLanguage":"sq","potentialAction":[{"@type":"ReadAction","target":["https:\/\/www.comoditahome.com\/ks\/produkt\/fast-hand-blender\/"]}]},{"@type":"ImageObject","inLanguage":"sq","@id":"https:\/\/www.comoditahome.com\/ks\/produkt\/fast-hand-blender\/#primaryimage","url":"https:\/\/www.comoditahome.com\/ks\/wp-content\/uploads\/2022\/05\/5310233006591-WEB-1.jpg","contentUrl":"https:\/\/www.comoditahome.com\/ks\/wp-content\/uploads\/2022\/05\/5310233006591-WEB-1.jpg","width":1200,"height":1300},{"@type":"BreadcrumbList","@id":"https:\/\/www.comoditahome.com\/ks\/produkt\/fast-hand-blender\/#breadcrumb","itemListElement":[{"@type":"ListItem","position":1,"name":"Comodita Home Kosova - Dyshek Mattress","item":"https:\/\/www.comoditahome.com\/ks\/"},{"@type":"ListItem","position":2,"name":"Shop","item":"https:\/\/www.comoditahome.com\/ks\/shop\/"},{"@type":"ListItem","position":3,"name":"Fast Hand Blender"}]},{"@type":"WebSite","@id":"https:\/\/www.comoditahome.com\/ks\/#website","url":"https:\/\/www.comoditahome.com\/ks\/","name":"Comodita Home","description":"Dyshek, Jorgan, Jast\u00ebk, Kuzhine, Banjo, Kopsht dhe Aksesor\u00eb","publisher":{"@id":"https:\/\/www.comoditahome.com\/ks\/#organization"},"potentialAction":[{"@type":"SearchAction","target":{"@type":"EntryPoint","urlTemplate":"https:\/\/www.comoditahome.com\/ks\/?s={search_term_string}"},"query-input":"required name=search_term_string"}],"inLanguage":"sq"},{"@type":"Organization","@id":"https:\/\/www.comoditahome.com\/ks\/#organization","name":"Comodita Home","url":"https:\/\/www.comoditahome.com\/ks\/","logo":{"@type":"ImageObject","inLanguage":"sq","@id":"https:\/\/www.comoditahome.com\/ks\/#\/schema\/logo\/image\/","url":"https:\/\/www.comoditahome.com\/ks\/wp-content\/uploads\/2022\/05\/COMODITA_HOME_LOGO_KS_MK_AL-02.png","contentUrl":"https:\/\/www.comoditahome.com\/ks\/wp-content\/uploads\/2022\/05\/COMODITA_HOME_LOGO_KS_MK_AL-02.png","width":180,"height":87,"caption":"Comodita Home"},"image":{"@id":"https:\/\/www.comoditahome.com\/ks\/#\/schema\/logo\/image\/"},"sameAs":["https:\/\/www.facebook.com\/comoditahome\/","https:\/\/www.instagram.com\/comoditahome\/","https:\/\/www.linkedin.com\/company\/comoditahome\/?originalSubdomain=fj","https:\/\/www.youtube.com\/channel\/UC5O6IsT4JD4zaiOqmRi_Pvg"]}]}},"_links":{"self":[{"href":"https:\/\/www.comoditahome.com\/ks\/wp-json\/wp\/v2\/product\/34482","targetHints":{"allow":["GET"]}}],"collection":[{"href":"https:\/\/www.comoditahome.com\/ks\/wp-json\/wp\/v2\/product"}],"about":[{"href":"https:\/\/www.comoditahome.com\/ks\/wp-json\/wp\/v2\/types\/product"}],"version-history":[{"count":7,"href":"https:\/\/www.comoditahome.com\/ks\/wp-json\/wp\/v2\/product\/34482\/revisions"}],"predecessor-version":[{"id":108251,"href":"https:\/\/www.comoditahome.com\/ks\/wp-json\/wp\/v2\/product\/34482\/revisions\/108251"}],"wp:featuredmedia":[{"embeddable":true,"href":"https:\/\/www.comoditahome.com\/ks\/wp-json\/wp\/v2\/media\/34577"}],"wp:attachment":[{"href":"https:\/\/www.comoditahome.com\/ks\/wp-json\/wp\/v2\/media?parent=34482"}],"wp:term":[{"taxonomy":"product_brand","embeddable":true,"href":"https:\/\/www.comoditahome.com\/ks\/wp-json\/wp\/v2\/product_brand?post=34482"},{"taxonomy":"product_cat","embeddable":true,"href":"https:\/\/www.comoditahome.com\/ks\/wp-json\/wp\/v2\/product_cat?post=34482"},{"taxonomy":"product_tag","embeddable":true,"href":"https:\/\/www.comoditahome.com\/ks\/wp-json\/wp\/v2\/product_tag?post=34482"}],"curies":[{"name":"wp","href":"https:\/\/api.w.org\/{rel}","templated":true}]}}