 {"id":34535,"date":"2021-07-09T07:57:50","date_gmt":"2021-07-09T05:57:50","guid":{"rendered":"https:\/\/www.comoditahome.com\/ks\/?post_type=product&#038;p=34535"},"modified":"2026-04-24T09:19:24","modified_gmt":"2026-04-24T07:19:24","slug":"cajnik-elektrik-dy-pjesesh-akasya-2","status":"publish","type":"product","link":"https:\/\/www.comoditahome.com\/ks\/produkt\/cajnik-elektrik-dy-pjesesh-akasya-2\/","title":{"rendered":"\u00c7ajnik elektrik dy pjes\u00ebsh Akasya"},"content":{"rendered":"","protected":false},"excerpt":{"rendered":"<p style=\"text-align: left;\">\u00c7ajnik\u00eb Akasya vjen me nj\u00eb dizajn tejet modern dhe praktik n\u00eb p\u00ebrdorim. Kan\u00eb baz\u00eb t\u00eb ngrohjes 360\u00b0 t\u00eb ndar\u00eb dhe buton automatik p\u00ebr ON\/OFF, i cili ka treguesin edhe me drit\u00eb. P\u00ebrgatitja e \u00e7ajit, me an\u00eb t\u00eb k\u00ebtij \u00e7ajniku \u00ebsht\u00eb m\u00eb e leht\u00eb dhe e shpejt\u00eb. \u00c7ajniku i vog\u00ebl ka kapacitetin 1L, brenda tij vendoset edhe filtrues, nd\u00ebrsa \u00e7ajniku i madh ka kapacitet 2L.<\/p>\n<p style=\"text-align: left;\"><strong>Dimensioni \/ Kompozicioni:<\/strong> 1l \u00e7ajniku i vog\u00ebl, 2l \u00e7ajniku i madh<\/p>\n<p style=\"text-align: left;\"><strong>NGJYRA:<\/strong> E Zez\u00eb<\/p>\n<p style=\"text-align: left;\"><strong>MATERIALI:<\/strong> Elektrik\u00eb dhe metal<\/p>\n<p style=\"text-align: left;\"><strong>UDH\u00cbZIMET E P\u00cbRDORIMIT:<\/strong> T\u00eb pastrohet me Dor\u00eb<\/p>\n<p style=\"text-align: left;\"><strong>KUSHTET E KTHIMIT \/ GARANCION:<\/strong> P\u00ebr k\u00ebt\u00eb produkt pranohet reklamacion brenda 24 or\u00ebve pasi t\u00eb pranoni porosin\u00eb.<br \/>\n<span style=\"color: #ffffff;\">8698758828612<\/span><\/p>\n","protected":false},"featured_media":34539,"template":"","meta":[],"product_brand":[],"product_cat":[131,136,125],"product_tag":[],"class_list":{"0":"post-34535","1":"product","2":"type-product","3":"status-publish","4":"has-post-thumbnail","6":"product_cat-pajisje-elektrike","7":"product_cat-tryeze","8":"product_cat-kuzhine","10":"first","11":"outofstock","12":"sale","13":"shipping-taxable","14":"purchasable","15":"product-type-simple","16":"layout-style-1","17":"col-md-4 col-sm-4 col-xs-6","18":"col-lg-2","19":"product-has-gallery","20":"product-style-default"},"yoast_head":"<!-- This site is optimized with the Yoast SEO Premium plugin v18.2.1 (Yoast SEO v22.5) - https:\/\/yoast.com\/wordpress\/plugins\/seo\/ -->\n<title>\u00c7ajnik elektrik dy pjes\u00ebsh Akasya - Comodita Home<\/title>\n<meta name=\"description\" content=\"\u00c7ajnik\u00eb Akasya vjen me nj\u00eb dizajn tejet modern dhe praktik n\u00eb p\u00ebrdorim. Kan\u00eb baz\u00eb t\u00eb ngrohjes 360\u00b0 t\u00eb ndar\u00eb dhe buton automatik p\u00ebr ON\/OFF.\" \/>\n<meta name=\"robots\" content=\"index, follow, max-snippet:-1, max-image-preview:large, max-video-preview:-1\" \/>\n<link rel=\"canonical\" href=\"https:\/\/www.comoditahome.com\/ks\/produkt\/cajnik-elektrik-dy-pjesesh-akasya-2\/\" \/>\n<meta property=\"og:locale\" content=\"sq_AL\" \/>\n<meta property=\"og:type\" content=\"article\" \/>\n<meta property=\"og:title\" content=\"\u00c7ajnik elektrik dy pjes\u00ebsh Akasya\" \/>\n<meta property=\"og:description\" content=\"\u00c7ajnik\u00eb Akasya vjen me nj\u00eb dizajn tejet modern dhe praktik n\u00eb p\u00ebrdorim. Kan\u00eb baz\u00eb t\u00eb ngrohjes 360\u00b0 t\u00eb ndar\u00eb dhe buton automatik p\u00ebr ON\/OFF.\" \/>\n<meta property=\"og:url\" content=\"https:\/\/www.comoditahome.com\/ks\/produkt\/cajnik-elektrik-dy-pjesesh-akasya-2\/\" \/>\n<meta property=\"og:site_name\" content=\"Comodita Home\" \/>\n<meta property=\"article:publisher\" content=\"https:\/\/www.facebook.com\/comoditahome\/\" \/>\n<meta property=\"article:modified_time\" content=\"2026-04-24T07:19:24+00:00\" \/>\n<meta property=\"og:image\" content=\"https:\/\/www.comoditahome.com\/ks\/wp-content\/uploads\/2022\/05\/8698758828612-1.jpg\" \/>\n\t<meta property=\"og:image:width\" content=\"1200\" \/>\n\t<meta property=\"og:image:height\" content=\"1300\" \/>\n\t<meta property=\"og:image:type\" content=\"image\/jpeg\" \/>\n<meta name=\"twitter:card\" content=\"summary_large_image\" \/>\n<script type=\"application\/ld+json\" class=\"yoast-schema-graph\">{\"@context\":\"https:\/\/schema.org\",\"@graph\":[{\"@type\":\"WebPage\",\"@id\":\"https:\/\/www.comoditahome.com\/ks\/produkt\/cajnik-elektrik-dy-pjesesh-akasya-2\/\",\"url\":\"https:\/\/www.comoditahome.com\/ks\/produkt\/cajnik-elektrik-dy-pjesesh-akasya-2\/\",\"name\":\"\u00c7ajnik elektrik dy pjes\u00ebsh Akasya - Comodita Home\",\"isPartOf\":{\"@id\":\"https:\/\/www.comoditahome.com\/ks\/#website\"},\"primaryImageOfPage\":{\"@id\":\"https:\/\/www.comoditahome.com\/ks\/produkt\/cajnik-elektrik-dy-pjesesh-akasya-2\/#primaryimage\"},\"image\":{\"@id\":\"https:\/\/www.comoditahome.com\/ks\/produkt\/cajnik-elektrik-dy-pjesesh-akasya-2\/#primaryimage\"},\"thumbnailUrl\":\"https:\/\/www.comoditahome.com\/ks\/wp-content\/uploads\/2022\/05\/8698758828612-1.jpg\",\"datePublished\":\"2021-07-09T05:57:50+00:00\",\"dateModified\":\"2026-04-24T07:19:24+00:00\",\"description\":\"\u00c7ajnik\u00eb Akasya vjen me nj\u00eb dizajn tejet modern dhe praktik n\u00eb p\u00ebrdorim. Kan\u00eb baz\u00eb t\u00eb ngrohjes 360\u00b0 t\u00eb ndar\u00eb dhe buton automatik p\u00ebr ON\/OFF.\",\"breadcrumb\":{\"@id\":\"https:\/\/www.comoditahome.com\/ks\/produkt\/cajnik-elektrik-dy-pjesesh-akasya-2\/#breadcrumb\"},\"inLanguage\":\"sq\",\"potentialAction\":[{\"@type\":\"ReadAction\",\"target\":[\"https:\/\/www.comoditahome.com\/ks\/produkt\/cajnik-elektrik-dy-pjesesh-akasya-2\/\"]}]},{\"@type\":\"ImageObject\",\"inLanguage\":\"sq\",\"@id\":\"https:\/\/www.comoditahome.com\/ks\/produkt\/cajnik-elektrik-dy-pjesesh-akasya-2\/#primaryimage\",\"url\":\"https:\/\/www.comoditahome.com\/ks\/wp-content\/uploads\/2022\/05\/8698758828612-1.jpg\",\"contentUrl\":\"https:\/\/www.comoditahome.com\/ks\/wp-content\/uploads\/2022\/05\/8698758828612-1.jpg\",\"width\":1200,\"height\":1300},{\"@type\":\"BreadcrumbList\",\"@id\":\"https:\/\/www.comoditahome.com\/ks\/produkt\/cajnik-elektrik-dy-pjesesh-akasya-2\/#breadcrumb\",\"itemListElement\":[{\"@type\":\"ListItem\",\"position\":1,\"name\":\"Comodita Home Kosova - Dyshek Mattress\",\"item\":\"https:\/\/www.comoditahome.com\/ks\/\"},{\"@type\":\"ListItem\",\"position\":2,\"name\":\"Shop\",\"item\":\"https:\/\/www.comoditahome.com\/ks\/shop\/\"},{\"@type\":\"ListItem\",\"position\":3,\"name\":\"\u00c7ajnik elektrik dy pjes\u00ebsh Akasya\"}]},{\"@type\":\"WebSite\",\"@id\":\"https:\/\/www.comoditahome.com\/ks\/#website\",\"url\":\"https:\/\/www.comoditahome.com\/ks\/\",\"name\":\"Comodita Home\",\"description\":\"Dyshek, Jorgan, Jast\u00ebk, Kuzhine, Banjo, Kopsht dhe Aksesor\u00eb\",\"publisher\":{\"@id\":\"https:\/\/www.comoditahome.com\/ks\/#organization\"},\"potentialAction\":[{\"@type\":\"SearchAction\",\"target\":{\"@type\":\"EntryPoint\",\"urlTemplate\":\"https:\/\/www.comoditahome.com\/ks\/?s={search_term_string}\"},\"query-input\":\"required name=search_term_string\"}],\"inLanguage\":\"sq\"},{\"@type\":\"Organization\",\"@id\":\"https:\/\/www.comoditahome.com\/ks\/#organization\",\"name\":\"Comodita Home\",\"url\":\"https:\/\/www.comoditahome.com\/ks\/\",\"logo\":{\"@type\":\"ImageObject\",\"inLanguage\":\"sq\",\"@id\":\"https:\/\/www.comoditahome.com\/ks\/#\/schema\/logo\/image\/\",\"url\":\"https:\/\/www.comoditahome.com\/ks\/wp-content\/uploads\/2022\/05\/COMODITA_HOME_LOGO_KS_MK_AL-02.png\",\"contentUrl\":\"https:\/\/www.comoditahome.com\/ks\/wp-content\/uploads\/2022\/05\/COMODITA_HOME_LOGO_KS_MK_AL-02.png\",\"width\":180,\"height\":87,\"caption\":\"Comodita Home\"},\"image\":{\"@id\":\"https:\/\/www.comoditahome.com\/ks\/#\/schema\/logo\/image\/\"},\"sameAs\":[\"https:\/\/www.facebook.com\/comoditahome\/\",\"https:\/\/www.instagram.com\/comoditahome\/\",\"https:\/\/www.linkedin.com\/company\/comoditahome\/?originalSubdomain=fj\",\"https:\/\/www.youtube.com\/channel\/UC5O6IsT4JD4zaiOqmRi_Pvg\"]}]}<\/script>\n<!-- \/ Yoast SEO Premium plugin. -->","yoast_head_json":{"title":"\u00c7ajnik elektrik dy pjes\u00ebsh Akasya - Comodita Home","description":"\u00c7ajnik\u00eb Akasya vjen me nj\u00eb dizajn tejet modern dhe praktik n\u00eb p\u00ebrdorim. Kan\u00eb baz\u00eb t\u00eb ngrohjes 360\u00b0 t\u00eb ndar\u00eb dhe buton automatik p\u00ebr ON\/OFF.","robots":{"index":"index","follow":"follow","max-snippet":"max-snippet:-1","max-image-preview":"max-image-preview:large","max-video-preview":"max-video-preview:-1"},"canonical":"https:\/\/www.comoditahome.com\/ks\/produkt\/cajnik-elektrik-dy-pjesesh-akasya-2\/","og_locale":"sq_AL","og_type":"article","og_title":"\u00c7ajnik elektrik dy pjes\u00ebsh Akasya","og_description":"\u00c7ajnik\u00eb Akasya vjen me nj\u00eb dizajn tejet modern dhe praktik n\u00eb p\u00ebrdorim. Kan\u00eb baz\u00eb t\u00eb ngrohjes 360\u00b0 t\u00eb ndar\u00eb dhe buton automatik p\u00ebr ON\/OFF.","og_url":"https:\/\/www.comoditahome.com\/ks\/produkt\/cajnik-elektrik-dy-pjesesh-akasya-2\/","og_site_name":"Comodita Home","article_publisher":"https:\/\/www.facebook.com\/comoditahome\/","article_modified_time":"2026-04-24T07:19:24+00:00","og_image":[{"width":1200,"height":1300,"url":"https:\/\/www.comoditahome.com\/ks\/wp-content\/uploads\/2022\/05\/8698758828612-1.jpg","type":"image\/jpeg"}],"twitter_card":"summary_large_image","schema":{"@context":"https:\/\/schema.org","@graph":[{"@type":"WebPage","@id":"https:\/\/www.comoditahome.com\/ks\/produkt\/cajnik-elektrik-dy-pjesesh-akasya-2\/","url":"https:\/\/www.comoditahome.com\/ks\/produkt\/cajnik-elektrik-dy-pjesesh-akasya-2\/","name":"\u00c7ajnik elektrik dy pjes\u00ebsh Akasya - Comodita Home","isPartOf":{"@id":"https:\/\/www.comoditahome.com\/ks\/#website"},"primaryImageOfPage":{"@id":"https:\/\/www.comoditahome.com\/ks\/produkt\/cajnik-elektrik-dy-pjesesh-akasya-2\/#primaryimage"},"image":{"@id":"https:\/\/www.comoditahome.com\/ks\/produkt\/cajnik-elektrik-dy-pjesesh-akasya-2\/#primaryimage"},"thumbnailUrl":"https:\/\/www.comoditahome.com\/ks\/wp-content\/uploads\/2022\/05\/8698758828612-1.jpg","datePublished":"2021-07-09T05:57:50+00:00","dateModified":"2026-04-24T07:19:24+00:00","description":"\u00c7ajnik\u00eb Akasya vjen me nj\u00eb dizajn tejet modern dhe praktik n\u00eb p\u00ebrdorim. Kan\u00eb baz\u00eb t\u00eb ngrohjes 360\u00b0 t\u00eb ndar\u00eb dhe buton automatik p\u00ebr ON\/OFF.","breadcrumb":{"@id":"https:\/\/www.comoditahome.com\/ks\/produkt\/cajnik-elektrik-dy-pjesesh-akasya-2\/#breadcrumb"},"inLanguage":"sq","potentialAction":[{"@type":"ReadAction","target":["https:\/\/www.comoditahome.com\/ks\/produkt\/cajnik-elektrik-dy-pjesesh-akasya-2\/"]}]},{"@type":"ImageObject","inLanguage":"sq","@id":"https:\/\/www.comoditahome.com\/ks\/produkt\/cajnik-elektrik-dy-pjesesh-akasya-2\/#primaryimage","url":"https:\/\/www.comoditahome.com\/ks\/wp-content\/uploads\/2022\/05\/8698758828612-1.jpg","contentUrl":"https:\/\/www.comoditahome.com\/ks\/wp-content\/uploads\/2022\/05\/8698758828612-1.jpg","width":1200,"height":1300},{"@type":"BreadcrumbList","@id":"https:\/\/www.comoditahome.com\/ks\/produkt\/cajnik-elektrik-dy-pjesesh-akasya-2\/#breadcrumb","itemListElement":[{"@type":"ListItem","position":1,"name":"Comodita Home Kosova - Dyshek Mattress","item":"https:\/\/www.comoditahome.com\/ks\/"},{"@type":"ListItem","position":2,"name":"Shop","item":"https:\/\/www.comoditahome.com\/ks\/shop\/"},{"@type":"ListItem","position":3,"name":"\u00c7ajnik elektrik dy pjes\u00ebsh Akasya"}]},{"@type":"WebSite","@id":"https:\/\/www.comoditahome.com\/ks\/#website","url":"https:\/\/www.comoditahome.com\/ks\/","name":"Comodita Home","description":"Dyshek, Jorgan, Jast\u00ebk, Kuzhine, Banjo, Kopsht dhe Aksesor\u00eb","publisher":{"@id":"https:\/\/www.comoditahome.com\/ks\/#organization"},"potentialAction":[{"@type":"SearchAction","target":{"@type":"EntryPoint","urlTemplate":"https:\/\/www.comoditahome.com\/ks\/?s={search_term_string}"},"query-input":"required name=search_term_string"}],"inLanguage":"sq"},{"@type":"Organization","@id":"https:\/\/www.comoditahome.com\/ks\/#organization","name":"Comodita Home","url":"https:\/\/www.comoditahome.com\/ks\/","logo":{"@type":"ImageObject","inLanguage":"sq","@id":"https:\/\/www.comoditahome.com\/ks\/#\/schema\/logo\/image\/","url":"https:\/\/www.comoditahome.com\/ks\/wp-content\/uploads\/2022\/05\/COMODITA_HOME_LOGO_KS_MK_AL-02.png","contentUrl":"https:\/\/www.comoditahome.com\/ks\/wp-content\/uploads\/2022\/05\/COMODITA_HOME_LOGO_KS_MK_AL-02.png","width":180,"height":87,"caption":"Comodita Home"},"image":{"@id":"https:\/\/www.comoditahome.com\/ks\/#\/schema\/logo\/image\/"},"sameAs":["https:\/\/www.facebook.com\/comoditahome\/","https:\/\/www.instagram.com\/comoditahome\/","https:\/\/www.linkedin.com\/company\/comoditahome\/?originalSubdomain=fj","https:\/\/www.youtube.com\/channel\/UC5O6IsT4JD4zaiOqmRi_Pvg"]}]}},"_links":{"self":[{"href":"https:\/\/www.comoditahome.com\/ks\/wp-json\/wp\/v2\/product\/34535","targetHints":{"allow":["GET"]}}],"collection":[{"href":"https:\/\/www.comoditahome.com\/ks\/wp-json\/wp\/v2\/product"}],"about":[{"href":"https:\/\/www.comoditahome.com\/ks\/wp-json\/wp\/v2\/types\/product"}],"version-history":[{"count":1,"href":"https:\/\/www.comoditahome.com\/ks\/wp-json\/wp\/v2\/product\/34535\/revisions"}],"predecessor-version":[{"id":64220,"href":"https:\/\/www.comoditahome.com\/ks\/wp-json\/wp\/v2\/product\/34535\/revisions\/64220"}],"wp:featuredmedia":[{"embeddable":true,"href":"https:\/\/www.comoditahome.com\/ks\/wp-json\/wp\/v2\/media\/34539"}],"wp:attachment":[{"href":"https:\/\/www.comoditahome.com\/ks\/wp-json\/wp\/v2\/media?parent=34535"}],"wp:term":[{"taxonomy":"product_brand","embeddable":true,"href":"https:\/\/www.comoditahome.com\/ks\/wp-json\/wp\/v2\/product_brand?post=34535"},{"taxonomy":"product_cat","embeddable":true,"href":"https:\/\/www.comoditahome.com\/ks\/wp-json\/wp\/v2\/product_cat?post=34535"},{"taxonomy":"product_tag","embeddable":true,"href":"https:\/\/www.comoditahome.com\/ks\/wp-json\/wp\/v2\/product_tag?post=34535"}],"curies":[{"name":"wp","href":"https:\/\/api.w.org\/{rel}","templated":true}]}}