 {"id":34698,"date":"2022-06-03T09:31:44","date_gmt":"2022-06-03T07:31:44","guid":{"rendered":"https:\/\/www.comoditahome.com\/ks\/?post_type=product&#038;p=34698"},"modified":"2026-05-06T15:37:39","modified_gmt":"2026-05-06T13:37:39","slug":"jastek-tencel-ergonomik-2","status":"publish","type":"product","link":"https:\/\/www.comoditahome.com\/ks\/produkt\/jastek-tencel-ergonomik-2\/","title":{"rendered":"Jast\u00ebk Tencel Ergonomik"},"content":{"rendered":"<p style=\"text-align: left;\">Jast\u00ebku tencel Ergonomik i dizajnuar q\u00eb t\u00eb siguroj\u00eb gjum\u00eb t\u00eb rehatsh\u00ebm gjat\u00eb gjith\u00eb nat\u00ebs, i p\u00ebrshtatsh\u00ebm p\u00ebr t\u00eb gjitha pozitat.<\/p>\n<p style=\"text-align: left;\">I p\u00ebrb\u00ebr\u00eb nga shkuma memorike e cil\u00ebsie s\u00eb lart\u00eb n\u00eb form\u00ebn ergonomike.<\/p>\n<p style=\"text-align: left;\">Ka mb\u00ebshtjell\u00ebsin q\u00eb mund t\u00eb hiqet dhe t\u00eb lahet. P\u00ebrb\u00ebhet nga fibrat tencel,t\u00eb cilat mund\u00ebsojn\u00eb nj\u00eb pushim qet\u00ebsues dhe freski gjat\u00eb gjith\u00eb nat\u00ebs.<\/p>\n","protected":false},"excerpt":{"rendered":"<p style=\"text-align: left;\">Jast\u00ebku tencel Ergonomik i dizajnuar q\u00eb t\u00eb siguroj\u00eb gjum\u00eb t\u00eb rehatsh\u00ebm gjat\u00eb gjith\u00eb nat\u00ebs, i p\u00ebrshtatsh\u00ebm p\u00ebr t\u00eb gjitha pozitat. I p\u00ebrb\u00ebr\u00eb nga shkuma memorike e cil\u00ebsie s\u00eb lart\u00eb n\u00eb form\u00ebn ergonomike. Ka mb\u00ebshtjell\u00ebsin q\u00eb mund t\u00eb hiqet dhe t\u00eb lahet. P\u00ebrb\u00ebhet nga fibrat tencel,t\u00eb cilat mund\u00ebsojn\u00eb nj\u00eb pushim qet\u00ebsues dhe freski gjat\u00eb gjith\u00eb nat\u00ebs.<\/p>\n<p style=\"text-align: left;\"><strong>Dimensioni \/ Kompozicioni:<\/strong> 50x30x10\/7cm<\/p>\n<p style=\"text-align: left;\"><strong>NGJYRA:<\/strong> I bardh\u00eb<\/p>\n<p style=\"text-align: left;\"><strong>MATERIALI:<\/strong> Fibrat Tencel<\/p>\n<p style=\"text-align: left;\"><strong>UDH\u00cbZIMET E P\u00cbRDORIMIT:<\/strong> Nuk pastrohet, vet\u00ebm ajroset<\/p>\n<p style=\"text-align: left;\"><strong>KUSHTET E KTHIMIT \/ GARANCION:<\/strong> P\u00ebr shkak t\u00eb kontaktit me higjien\u00eb personale, p\u00ebr produktet e tekstilit nuk pranohen kthime apo reklamacione.<br \/>\n<span style=\"color: #ffffff;\">5310233004665 jastyk jastek jostyk jostak<\/span><\/p>\n","protected":false},"featured_media":34693,"template":"","meta":[],"product_brand":[],"product_cat":[104,108],"product_tag":[],"class_list":{"0":"post-34698","1":"product","2":"type-product","3":"status-publish","4":"has-post-thumbnail","6":"product_cat-gjumi","7":"product_cat-jastek","9":"first","10":"instock","11":"sale","12":"shipping-taxable","13":"purchasable","14":"product-type-simple","15":"layout-style-1","16":"col-md-4 col-sm-4 col-xs-6","17":"col-lg-2","18":"product-has-gallery","19":"product-style-default"},"yoast_head":"<!-- This site is optimized with the Yoast SEO Premium plugin v18.2.1 (Yoast SEO v22.5) - https:\/\/yoast.com\/wordpress\/plugins\/seo\/ -->\n<title>Jast\u00ebk Tencel Ergonomik - Comodita Home<\/title>\n<meta name=\"description\" content=\"Jast\u00ebku tencel Ergonomik i dizajnuar q\u00eb t\u00eb siguroj\u00eb gjum\u00eb t\u00eb rehatsh\u00ebm gjat\u00eb gjith\u00eb nat\u00ebs, i p\u00ebrshtatsh\u00ebm p\u00ebr t\u00eb gjitha pozitat.\" \/>\n<meta name=\"robots\" content=\"index, follow, max-snippet:-1, max-image-preview:large, max-video-preview:-1\" \/>\n<link rel=\"canonical\" href=\"https:\/\/www.comoditahome.com\/ks\/produkt\/jastek-tencel-ergonomik-2\/\" \/>\n<meta property=\"og:locale\" content=\"sq_AL\" \/>\n<meta property=\"og:type\" content=\"article\" \/>\n<meta property=\"og:title\" content=\"Jast\u00ebk Tencel Ergonomik\" \/>\n<meta property=\"og:description\" content=\"Jast\u00ebku tencel Ergonomik i dizajnuar q\u00eb t\u00eb siguroj\u00eb gjum\u00eb t\u00eb rehatsh\u00ebm gjat\u00eb gjith\u00eb nat\u00ebs, i p\u00ebrshtatsh\u00ebm p\u00ebr t\u00eb gjitha pozitat.\" \/>\n<meta property=\"og:url\" content=\"https:\/\/www.comoditahome.com\/ks\/produkt\/jastek-tencel-ergonomik-2\/\" \/>\n<meta property=\"og:site_name\" content=\"Comodita Home\" \/>\n<meta property=\"article:publisher\" content=\"https:\/\/www.facebook.com\/comoditahome\/\" \/>\n<meta property=\"article:modified_time\" content=\"2026-05-06T13:37:39+00:00\" \/>\n<meta property=\"og:image\" content=\"https:\/\/www.comoditahome.com\/ks\/wp-content\/uploads\/2022\/06\/5310233004665-1.jpg\" \/>\n\t<meta property=\"og:image:width\" content=\"1200\" \/>\n\t<meta property=\"og:image:height\" content=\"1300\" \/>\n\t<meta property=\"og:image:type\" content=\"image\/jpeg\" \/>\n<meta name=\"twitter:card\" content=\"summary_large_image\" \/>\n<meta name=\"twitter:label1\" content=\"Est. reading time\" \/>\n\t<meta name=\"twitter:data1\" content=\"1 minut\u00eb\" \/>\n<script type=\"application\/ld+json\" class=\"yoast-schema-graph\">{\"@context\":\"https:\/\/schema.org\",\"@graph\":[{\"@type\":\"WebPage\",\"@id\":\"https:\/\/www.comoditahome.com\/ks\/produkt\/jastek-tencel-ergonomik-2\/\",\"url\":\"https:\/\/www.comoditahome.com\/ks\/produkt\/jastek-tencel-ergonomik-2\/\",\"name\":\"Jast\u00ebk Tencel Ergonomik - Comodita Home\",\"isPartOf\":{\"@id\":\"https:\/\/www.comoditahome.com\/ks\/#website\"},\"primaryImageOfPage\":{\"@id\":\"https:\/\/www.comoditahome.com\/ks\/produkt\/jastek-tencel-ergonomik-2\/#primaryimage\"},\"image\":{\"@id\":\"https:\/\/www.comoditahome.com\/ks\/produkt\/jastek-tencel-ergonomik-2\/#primaryimage\"},\"thumbnailUrl\":\"https:\/\/www.comoditahome.com\/ks\/wp-content\/uploads\/2022\/06\/5310233004665-1.jpg\",\"datePublished\":\"2022-06-03T07:31:44+00:00\",\"dateModified\":\"2026-05-06T13:37:39+00:00\",\"description\":\"Jast\u00ebku tencel Ergonomik i dizajnuar q\u00eb t\u00eb siguroj\u00eb gjum\u00eb t\u00eb rehatsh\u00ebm gjat\u00eb gjith\u00eb nat\u00ebs, i p\u00ebrshtatsh\u00ebm p\u00ebr t\u00eb gjitha pozitat.\",\"breadcrumb\":{\"@id\":\"https:\/\/www.comoditahome.com\/ks\/produkt\/jastek-tencel-ergonomik-2\/#breadcrumb\"},\"inLanguage\":\"sq\",\"potentialAction\":[{\"@type\":\"ReadAction\",\"target\":[\"https:\/\/www.comoditahome.com\/ks\/produkt\/jastek-tencel-ergonomik-2\/\"]}]},{\"@type\":\"ImageObject\",\"inLanguage\":\"sq\",\"@id\":\"https:\/\/www.comoditahome.com\/ks\/produkt\/jastek-tencel-ergonomik-2\/#primaryimage\",\"url\":\"https:\/\/www.comoditahome.com\/ks\/wp-content\/uploads\/2022\/06\/5310233004665-1.jpg\",\"contentUrl\":\"https:\/\/www.comoditahome.com\/ks\/wp-content\/uploads\/2022\/06\/5310233004665-1.jpg\",\"width\":1200,\"height\":1300},{\"@type\":\"BreadcrumbList\",\"@id\":\"https:\/\/www.comoditahome.com\/ks\/produkt\/jastek-tencel-ergonomik-2\/#breadcrumb\",\"itemListElement\":[{\"@type\":\"ListItem\",\"position\":1,\"name\":\"Comodita Home Kosova - Dyshek Mattress\",\"item\":\"https:\/\/www.comoditahome.com\/ks\/\"},{\"@type\":\"ListItem\",\"position\":2,\"name\":\"Shop\",\"item\":\"https:\/\/www.comoditahome.com\/ks\/shop\/\"},{\"@type\":\"ListItem\",\"position\":3,\"name\":\"Jast\u00ebk Tencel Ergonomik\"}]},{\"@type\":\"WebSite\",\"@id\":\"https:\/\/www.comoditahome.com\/ks\/#website\",\"url\":\"https:\/\/www.comoditahome.com\/ks\/\",\"name\":\"Comodita Home\",\"description\":\"Dyshek, Jorgan, Jast\u00ebk, Kuzhine, Banjo, Kopsht dhe Aksesor\u00eb\",\"publisher\":{\"@id\":\"https:\/\/www.comoditahome.com\/ks\/#organization\"},\"potentialAction\":[{\"@type\":\"SearchAction\",\"target\":{\"@type\":\"EntryPoint\",\"urlTemplate\":\"https:\/\/www.comoditahome.com\/ks\/?s={search_term_string}\"},\"query-input\":\"required name=search_term_string\"}],\"inLanguage\":\"sq\"},{\"@type\":\"Organization\",\"@id\":\"https:\/\/www.comoditahome.com\/ks\/#organization\",\"name\":\"Comodita Home\",\"url\":\"https:\/\/www.comoditahome.com\/ks\/\",\"logo\":{\"@type\":\"ImageObject\",\"inLanguage\":\"sq\",\"@id\":\"https:\/\/www.comoditahome.com\/ks\/#\/schema\/logo\/image\/\",\"url\":\"https:\/\/www.comoditahome.com\/ks\/wp-content\/uploads\/2022\/05\/COMODITA_HOME_LOGO_KS_MK_AL-02.png\",\"contentUrl\":\"https:\/\/www.comoditahome.com\/ks\/wp-content\/uploads\/2022\/05\/COMODITA_HOME_LOGO_KS_MK_AL-02.png\",\"width\":180,\"height\":87,\"caption\":\"Comodita Home\"},\"image\":{\"@id\":\"https:\/\/www.comoditahome.com\/ks\/#\/schema\/logo\/image\/\"},\"sameAs\":[\"https:\/\/www.facebook.com\/comoditahome\/\",\"https:\/\/www.instagram.com\/comoditahome\/\",\"https:\/\/www.linkedin.com\/company\/comoditahome\/?originalSubdomain=fj\",\"https:\/\/www.youtube.com\/channel\/UC5O6IsT4JD4zaiOqmRi_Pvg\"]}]}<\/script>\n<!-- \/ Yoast SEO Premium plugin. -->","yoast_head_json":{"title":"Jast\u00ebk Tencel Ergonomik - Comodita Home","description":"Jast\u00ebku tencel Ergonomik i dizajnuar q\u00eb t\u00eb siguroj\u00eb gjum\u00eb t\u00eb rehatsh\u00ebm gjat\u00eb gjith\u00eb nat\u00ebs, i p\u00ebrshtatsh\u00ebm p\u00ebr t\u00eb gjitha pozitat.","robots":{"index":"index","follow":"follow","max-snippet":"max-snippet:-1","max-image-preview":"max-image-preview:large","max-video-preview":"max-video-preview:-1"},"canonical":"https:\/\/www.comoditahome.com\/ks\/produkt\/jastek-tencel-ergonomik-2\/","og_locale":"sq_AL","og_type":"article","og_title":"Jast\u00ebk Tencel Ergonomik","og_description":"Jast\u00ebku tencel Ergonomik i dizajnuar q\u00eb t\u00eb siguroj\u00eb gjum\u00eb t\u00eb rehatsh\u00ebm gjat\u00eb gjith\u00eb nat\u00ebs, i p\u00ebrshtatsh\u00ebm p\u00ebr t\u00eb gjitha pozitat.","og_url":"https:\/\/www.comoditahome.com\/ks\/produkt\/jastek-tencel-ergonomik-2\/","og_site_name":"Comodita Home","article_publisher":"https:\/\/www.facebook.com\/comoditahome\/","article_modified_time":"2026-05-06T13:37:39+00:00","og_image":[{"width":1200,"height":1300,"url":"https:\/\/www.comoditahome.com\/ks\/wp-content\/uploads\/2022\/06\/5310233004665-1.jpg","type":"image\/jpeg"}],"twitter_card":"summary_large_image","twitter_misc":{"Est. reading time":"1 minut\u00eb"},"schema":{"@context":"https:\/\/schema.org","@graph":[{"@type":"WebPage","@id":"https:\/\/www.comoditahome.com\/ks\/produkt\/jastek-tencel-ergonomik-2\/","url":"https:\/\/www.comoditahome.com\/ks\/produkt\/jastek-tencel-ergonomik-2\/","name":"Jast\u00ebk Tencel Ergonomik - Comodita Home","isPartOf":{"@id":"https:\/\/www.comoditahome.com\/ks\/#website"},"primaryImageOfPage":{"@id":"https:\/\/www.comoditahome.com\/ks\/produkt\/jastek-tencel-ergonomik-2\/#primaryimage"},"image":{"@id":"https:\/\/www.comoditahome.com\/ks\/produkt\/jastek-tencel-ergonomik-2\/#primaryimage"},"thumbnailUrl":"https:\/\/www.comoditahome.com\/ks\/wp-content\/uploads\/2022\/06\/5310233004665-1.jpg","datePublished":"2022-06-03T07:31:44+00:00","dateModified":"2026-05-06T13:37:39+00:00","description":"Jast\u00ebku tencel Ergonomik i dizajnuar q\u00eb t\u00eb siguroj\u00eb gjum\u00eb t\u00eb rehatsh\u00ebm gjat\u00eb gjith\u00eb nat\u00ebs, i p\u00ebrshtatsh\u00ebm p\u00ebr t\u00eb gjitha pozitat.","breadcrumb":{"@id":"https:\/\/www.comoditahome.com\/ks\/produkt\/jastek-tencel-ergonomik-2\/#breadcrumb"},"inLanguage":"sq","potentialAction":[{"@type":"ReadAction","target":["https:\/\/www.comoditahome.com\/ks\/produkt\/jastek-tencel-ergonomik-2\/"]}]},{"@type":"ImageObject","inLanguage":"sq","@id":"https:\/\/www.comoditahome.com\/ks\/produkt\/jastek-tencel-ergonomik-2\/#primaryimage","url":"https:\/\/www.comoditahome.com\/ks\/wp-content\/uploads\/2022\/06\/5310233004665-1.jpg","contentUrl":"https:\/\/www.comoditahome.com\/ks\/wp-content\/uploads\/2022\/06\/5310233004665-1.jpg","width":1200,"height":1300},{"@type":"BreadcrumbList","@id":"https:\/\/www.comoditahome.com\/ks\/produkt\/jastek-tencel-ergonomik-2\/#breadcrumb","itemListElement":[{"@type":"ListItem","position":1,"name":"Comodita Home Kosova - Dyshek Mattress","item":"https:\/\/www.comoditahome.com\/ks\/"},{"@type":"ListItem","position":2,"name":"Shop","item":"https:\/\/www.comoditahome.com\/ks\/shop\/"},{"@type":"ListItem","position":3,"name":"Jast\u00ebk Tencel Ergonomik"}]},{"@type":"WebSite","@id":"https:\/\/www.comoditahome.com\/ks\/#website","url":"https:\/\/www.comoditahome.com\/ks\/","name":"Comodita Home","description":"Dyshek, Jorgan, Jast\u00ebk, Kuzhine, Banjo, Kopsht dhe Aksesor\u00eb","publisher":{"@id":"https:\/\/www.comoditahome.com\/ks\/#organization"},"potentialAction":[{"@type":"SearchAction","target":{"@type":"EntryPoint","urlTemplate":"https:\/\/www.comoditahome.com\/ks\/?s={search_term_string}"},"query-input":"required name=search_term_string"}],"inLanguage":"sq"},{"@type":"Organization","@id":"https:\/\/www.comoditahome.com\/ks\/#organization","name":"Comodita Home","url":"https:\/\/www.comoditahome.com\/ks\/","logo":{"@type":"ImageObject","inLanguage":"sq","@id":"https:\/\/www.comoditahome.com\/ks\/#\/schema\/logo\/image\/","url":"https:\/\/www.comoditahome.com\/ks\/wp-content\/uploads\/2022\/05\/COMODITA_HOME_LOGO_KS_MK_AL-02.png","contentUrl":"https:\/\/www.comoditahome.com\/ks\/wp-content\/uploads\/2022\/05\/COMODITA_HOME_LOGO_KS_MK_AL-02.png","width":180,"height":87,"caption":"Comodita Home"},"image":{"@id":"https:\/\/www.comoditahome.com\/ks\/#\/schema\/logo\/image\/"},"sameAs":["https:\/\/www.facebook.com\/comoditahome\/","https:\/\/www.instagram.com\/comoditahome\/","https:\/\/www.linkedin.com\/company\/comoditahome\/?originalSubdomain=fj","https:\/\/www.youtube.com\/channel\/UC5O6IsT4JD4zaiOqmRi_Pvg"]}]}},"_links":{"self":[{"href":"https:\/\/www.comoditahome.com\/ks\/wp-json\/wp\/v2\/product\/34698","targetHints":{"allow":["GET"]}}],"collection":[{"href":"https:\/\/www.comoditahome.com\/ks\/wp-json\/wp\/v2\/product"}],"about":[{"href":"https:\/\/www.comoditahome.com\/ks\/wp-json\/wp\/v2\/types\/product"}],"version-history":[{"count":5,"href":"https:\/\/www.comoditahome.com\/ks\/wp-json\/wp\/v2\/product\/34698\/revisions"}],"predecessor-version":[{"id":85735,"href":"https:\/\/www.comoditahome.com\/ks\/wp-json\/wp\/v2\/product\/34698\/revisions\/85735"}],"wp:featuredmedia":[{"embeddable":true,"href":"https:\/\/www.comoditahome.com\/ks\/wp-json\/wp\/v2\/media\/34693"}],"wp:attachment":[{"href":"https:\/\/www.comoditahome.com\/ks\/wp-json\/wp\/v2\/media?parent=34698"}],"wp:term":[{"taxonomy":"product_brand","embeddable":true,"href":"https:\/\/www.comoditahome.com\/ks\/wp-json\/wp\/v2\/product_brand?post=34698"},{"taxonomy":"product_cat","embeddable":true,"href":"https:\/\/www.comoditahome.com\/ks\/wp-json\/wp\/v2\/product_cat?post=34698"},{"taxonomy":"product_tag","embeddable":true,"href":"https:\/\/www.comoditahome.com\/ks\/wp-json\/wp\/v2\/product_tag?post=34698"}],"curies":[{"name":"wp","href":"https:\/\/api.w.org\/{rel}","templated":true}]}}