 {"id":34981,"date":"2022-06-09T16:33:14","date_gmt":"2022-06-09T15:33:14","guid":{"rendered":"https:\/\/www.comoditahome.com\/ks\/?post_type=product&#038;p=34981"},"modified":"2025-10-17T10:25:33","modified_gmt":"2025-10-17T08:25:33","slug":"set-jastekesh-classic-memory","status":"publish","type":"product","link":"https:\/\/www.comoditahome.com\/ks\/produkt\/set-jastekesh-classic-memory\/","title":{"rendered":"Set jast\u00ebk\u00ebsh Classic Memory 3 cop\u00eb"},"content":{"rendered":"<p style=\"text-align: left;\">Seti me 4 jast\u00ebk klasik sjell jast\u00ebk\u00eb t\u00eb form\u00ebs klasike t\u00eb p\u00ebrb\u00ebr\u00eb nga cop\u00ebza t\u00eb shkum\u00ebs memory.<\/p>\n<p style=\"text-align: left;\">Jast\u00ebk\u00ebt kan\u00eb specifika t\u00eb ve\u00e7anta anatomike.<\/p>\n<p style=\"text-align: left;\">Kjo p\u00ebrb\u00ebrje i mund\u00ebson kok\u00ebs dhe fillim shpin\u00ebs nj\u00eb mb\u00ebshtetje optimale duke barazpeshuar pesh\u00ebn dhe duke mund\u00ebsuar qarkullimin e gjakut.<\/p>\n<p style=\"text-align: left;\">Jast\u00ebk\u00ebt kan\u00eb aft\u00ebsi vet\u00eb-modeluese prandaj ju mund t\u00eb flini n\u00eb \u00e7far\u00ebdo pozicioni q\u00eb ju d\u00ebshironi,<\/p>\n<p style=\"text-align: left;\">Jastk\u00ebt nuk do t\u00eb humbin form\u00ebn e tyre p\u00ebr nj\u00eb koh\u00eb t\u00eb gjat\u00eb.<\/p>\n<p style=\"text-align: left;\">Mb\u00ebshtjell\u00ebsi i tyre mikrofib\u00ebr ju jep jast\u00ebk\u00ebve veti antialergjike, rigjeneruese dhe vet\u00eb-ajros\u00ebse.<\/p>\n","protected":false},"excerpt":{"rendered":"<p style=\"text-align: left;\">Seti me 3 jast\u00ebk klasik sjell jast\u00ebk\u00eb t\u00eb form\u00ebs klasike t\u00eb p\u00ebrb\u00ebr\u00eb nga cop\u00ebza t\u00eb shkum\u00ebs memory. Jast\u00ebk\u00ebt kan\u00eb specifika t\u00eb ve\u00e7anta anatomike. Kjo p\u00ebrb\u00ebrje i mund\u00ebson kok\u00ebs dhe fillim shpin\u00ebs nj\u00eb mb\u00ebshtetje optimale duke barazpeshuar pesh\u00ebn dhe duke mund\u00ebsuar qarkullimin e gjakut. Jast\u00ebk\u00ebt kan\u00eb aft\u00ebsi vet\u00eb-modeluese prandaj ju mund t\u00eb flini n\u00eb \u00e7far\u00ebdo pozicioni q\u00eb ju d\u00ebshironi, dhe jastk\u00ebt nuk do t\u00eb humbin form\u00ebn e tyre p\u00ebr nj\u00eb koh\u00eb t\u00eb gjat\u00eb. Mb\u00ebshtjell\u00ebsi i tyre mikrofib\u00ebr ju jep jast\u00ebk\u00ebve veti antialergjike, rigjeneruese dhe vet\u00eb-ajros\u00ebse.<\/p>\n<p style=\"text-align: left;\"><strong>Dimensioni \/ Kompozicioni:<\/strong> Set me 3x jast\u00ebk\u00eb 50x60cm<\/p>\n<p style=\"text-align: left;\"><strong>NGJYRA:<\/strong> Ngjyra mund t\u00eb jet\u00eb e llojllojshme<\/p>\n<p style=\"text-align: left;\"><strong>MATERIALI:<\/strong> Shkum\u00eb Memory<\/p>\n<p style=\"text-align: left;\"><strong>UDH\u00cbZIMET E P\u00cbRDORIMIT:<\/strong> Nuk pastrohet, vet\u00ebm ajroset<\/p>\n<p style=\"text-align: left;\"><strong>KUSHTET E KTHIMIT \/ GARANCION:<\/strong> P\u00ebr shkak t\u00eb kontaktit me higjien\u00eb personale, p\u00ebr produktet e tekstilit nuk pranohen kthime apo reklamacione.<br \/>\n<span style=\"color: #ffffff;\">5091214 jastyk jastek jostyk jostak<\/span><\/p>\n","protected":false},"featured_media":57341,"template":"","meta":[],"product_brand":[],"product_cat":[108,104],"product_tag":[],"class_list":{"0":"post-34981","1":"product","2":"type-product","3":"status-publish","4":"has-post-thumbnail","6":"product_cat-jastek","7":"product_cat-gjumi","9":"first","10":"instock","11":"featured","12":"shipping-taxable","13":"purchasable","14":"product-type-simple","15":"layout-style-1","16":"col-md-4 col-sm-4 col-xs-6","17":"col-lg-2","18":"product-has-gallery","19":"product-style-default"},"yoast_head":"<!-- This site is optimized with the Yoast SEO Premium plugin v18.2.1 (Yoast SEO v22.5) - https:\/\/yoast.com\/wordpress\/plugins\/seo\/ -->\n<title>Set jast\u00ebk\u00ebsh Classic Memory 3 cop\u00eb - Comodita Home<\/title>\n<meta name=\"description\" content=\"Seti me 4 jast\u00ebk klasik sjell jast\u00ebk\u00eb t\u00eb form\u00ebs klasike t\u00eb p\u00ebrb\u00ebr\u00eb nga cop\u00ebza t\u00eb shkum\u00ebs memory. Jast\u00ebk\u00ebt kan\u00eb specifika t\u00eb ve\u00e7anta anatomike.\" \/>\n<meta name=\"robots\" content=\"index, follow, max-snippet:-1, max-image-preview:large, max-video-preview:-1\" \/>\n<link rel=\"canonical\" href=\"https:\/\/www.comoditahome.com\/ks\/produkt\/set-jastekesh-classic-memory\/\" \/>\n<meta property=\"og:locale\" content=\"sq_AL\" \/>\n<meta property=\"og:type\" content=\"article\" \/>\n<meta property=\"og:title\" content=\"Set jast\u00ebk\u00ebsh Classic Memory 3 cop\u00eb\" \/>\n<meta property=\"og:description\" content=\"Seti me 4 jast\u00ebk klasik sjell jast\u00ebk\u00eb t\u00eb form\u00ebs klasike t\u00eb p\u00ebrb\u00ebr\u00eb nga cop\u00ebza t\u00eb shkum\u00ebs memory. Jast\u00ebk\u00ebt kan\u00eb specifika t\u00eb ve\u00e7anta anatomike.\" \/>\n<meta property=\"og:url\" content=\"https:\/\/www.comoditahome.com\/ks\/produkt\/set-jastekesh-classic-memory\/\" \/>\n<meta property=\"og:site_name\" content=\"Comodita Home\" \/>\n<meta property=\"article:publisher\" content=\"https:\/\/www.facebook.com\/comoditahome\/\" \/>\n<meta property=\"article:modified_time\" content=\"2025-10-17T08:25:33+00:00\" \/>\n<meta property=\"og:image\" content=\"https:\/\/www.comoditahome.com\/ks\/wp-content\/uploads\/2022\/06\/5091214-FRONT.jpg\" \/>\n\t<meta property=\"og:image:width\" content=\"1200\" \/>\n\t<meta property=\"og:image:height\" content=\"1300\" \/>\n\t<meta property=\"og:image:type\" content=\"image\/jpeg\" \/>\n<meta name=\"twitter:card\" content=\"summary_large_image\" \/>\n<meta name=\"twitter:label1\" content=\"Est. reading time\" \/>\n\t<meta name=\"twitter:data1\" content=\"1 minut\u00eb\" \/>\n<script type=\"application\/ld+json\" class=\"yoast-schema-graph\">{\"@context\":\"https:\/\/schema.org\",\"@graph\":[{\"@type\":\"WebPage\",\"@id\":\"https:\/\/www.comoditahome.com\/ks\/produkt\/set-jastekesh-classic-memory\/\",\"url\":\"https:\/\/www.comoditahome.com\/ks\/produkt\/set-jastekesh-classic-memory\/\",\"name\":\"Set jast\u00ebk\u00ebsh Classic Memory 3 cop\u00eb - Comodita Home\",\"isPartOf\":{\"@id\":\"https:\/\/www.comoditahome.com\/ks\/#website\"},\"primaryImageOfPage\":{\"@id\":\"https:\/\/www.comoditahome.com\/ks\/produkt\/set-jastekesh-classic-memory\/#primaryimage\"},\"image\":{\"@id\":\"https:\/\/www.comoditahome.com\/ks\/produkt\/set-jastekesh-classic-memory\/#primaryimage\"},\"thumbnailUrl\":\"https:\/\/www.comoditahome.com\/ks\/wp-content\/uploads\/2022\/06\/5091214-FRONT.jpg\",\"datePublished\":\"2022-06-09T15:33:14+00:00\",\"dateModified\":\"2025-10-17T08:25:33+00:00\",\"description\":\"Seti me 4 jast\u00ebk klasik sjell jast\u00ebk\u00eb t\u00eb form\u00ebs klasike t\u00eb p\u00ebrb\u00ebr\u00eb nga cop\u00ebza t\u00eb shkum\u00ebs memory. Jast\u00ebk\u00ebt kan\u00eb specifika t\u00eb ve\u00e7anta anatomike.\",\"breadcrumb\":{\"@id\":\"https:\/\/www.comoditahome.com\/ks\/produkt\/set-jastekesh-classic-memory\/#breadcrumb\"},\"inLanguage\":\"sq\",\"potentialAction\":[{\"@type\":\"ReadAction\",\"target\":[\"https:\/\/www.comoditahome.com\/ks\/produkt\/set-jastekesh-classic-memory\/\"]}]},{\"@type\":\"ImageObject\",\"inLanguage\":\"sq\",\"@id\":\"https:\/\/www.comoditahome.com\/ks\/produkt\/set-jastekesh-classic-memory\/#primaryimage\",\"url\":\"https:\/\/www.comoditahome.com\/ks\/wp-content\/uploads\/2022\/06\/5091214-FRONT.jpg\",\"contentUrl\":\"https:\/\/www.comoditahome.com\/ks\/wp-content\/uploads\/2022\/06\/5091214-FRONT.jpg\",\"width\":1200,\"height\":1300},{\"@type\":\"BreadcrumbList\",\"@id\":\"https:\/\/www.comoditahome.com\/ks\/produkt\/set-jastekesh-classic-memory\/#breadcrumb\",\"itemListElement\":[{\"@type\":\"ListItem\",\"position\":1,\"name\":\"Comodita Home Kosova - Dyshek Mattress\",\"item\":\"https:\/\/www.comoditahome.com\/ks\/\"},{\"@type\":\"ListItem\",\"position\":2,\"name\":\"Shop\",\"item\":\"https:\/\/www.comoditahome.com\/ks\/shop\/\"},{\"@type\":\"ListItem\",\"position\":3,\"name\":\"Set jast\u00ebk\u00ebsh Classic Memory 3 cop\u00eb\"}]},{\"@type\":\"WebSite\",\"@id\":\"https:\/\/www.comoditahome.com\/ks\/#website\",\"url\":\"https:\/\/www.comoditahome.com\/ks\/\",\"name\":\"Comodita Home\",\"description\":\"Dyshek, Jorgan, Jast\u00ebk, Kuzhine, Banjo, Kopsht dhe Aksesor\u00eb\",\"publisher\":{\"@id\":\"https:\/\/www.comoditahome.com\/ks\/#organization\"},\"potentialAction\":[{\"@type\":\"SearchAction\",\"target\":{\"@type\":\"EntryPoint\",\"urlTemplate\":\"https:\/\/www.comoditahome.com\/ks\/?s={search_term_string}\"},\"query-input\":\"required name=search_term_string\"}],\"inLanguage\":\"sq\"},{\"@type\":\"Organization\",\"@id\":\"https:\/\/www.comoditahome.com\/ks\/#organization\",\"name\":\"Comodita Home\",\"url\":\"https:\/\/www.comoditahome.com\/ks\/\",\"logo\":{\"@type\":\"ImageObject\",\"inLanguage\":\"sq\",\"@id\":\"https:\/\/www.comoditahome.com\/ks\/#\/schema\/logo\/image\/\",\"url\":\"https:\/\/www.comoditahome.com\/ks\/wp-content\/uploads\/2022\/05\/COMODITA_HOME_LOGO_KS_MK_AL-02.png\",\"contentUrl\":\"https:\/\/www.comoditahome.com\/ks\/wp-content\/uploads\/2022\/05\/COMODITA_HOME_LOGO_KS_MK_AL-02.png\",\"width\":180,\"height\":87,\"caption\":\"Comodita Home\"},\"image\":{\"@id\":\"https:\/\/www.comoditahome.com\/ks\/#\/schema\/logo\/image\/\"},\"sameAs\":[\"https:\/\/www.facebook.com\/comoditahome\/\",\"https:\/\/www.instagram.com\/comoditahome\/\",\"https:\/\/www.linkedin.com\/company\/comoditahome\/?originalSubdomain=fj\",\"https:\/\/www.youtube.com\/channel\/UC5O6IsT4JD4zaiOqmRi_Pvg\"]}]}<\/script>\n<!-- \/ Yoast SEO Premium plugin. -->","yoast_head_json":{"title":"Set jast\u00ebk\u00ebsh Classic Memory 3 cop\u00eb - Comodita Home","description":"Seti me 4 jast\u00ebk klasik sjell jast\u00ebk\u00eb t\u00eb form\u00ebs klasike t\u00eb p\u00ebrb\u00ebr\u00eb nga cop\u00ebza t\u00eb shkum\u00ebs memory. Jast\u00ebk\u00ebt kan\u00eb specifika t\u00eb ve\u00e7anta anatomike.","robots":{"index":"index","follow":"follow","max-snippet":"max-snippet:-1","max-image-preview":"max-image-preview:large","max-video-preview":"max-video-preview:-1"},"canonical":"https:\/\/www.comoditahome.com\/ks\/produkt\/set-jastekesh-classic-memory\/","og_locale":"sq_AL","og_type":"article","og_title":"Set jast\u00ebk\u00ebsh Classic Memory 3 cop\u00eb","og_description":"Seti me 4 jast\u00ebk klasik sjell jast\u00ebk\u00eb t\u00eb form\u00ebs klasike t\u00eb p\u00ebrb\u00ebr\u00eb nga cop\u00ebza t\u00eb shkum\u00ebs memory. Jast\u00ebk\u00ebt kan\u00eb specifika t\u00eb ve\u00e7anta anatomike.","og_url":"https:\/\/www.comoditahome.com\/ks\/produkt\/set-jastekesh-classic-memory\/","og_site_name":"Comodita Home","article_publisher":"https:\/\/www.facebook.com\/comoditahome\/","article_modified_time":"2025-10-17T08:25:33+00:00","og_image":[{"width":1200,"height":1300,"url":"https:\/\/www.comoditahome.com\/ks\/wp-content\/uploads\/2022\/06\/5091214-FRONT.jpg","type":"image\/jpeg"}],"twitter_card":"summary_large_image","twitter_misc":{"Est. reading time":"1 minut\u00eb"},"schema":{"@context":"https:\/\/schema.org","@graph":[{"@type":"WebPage","@id":"https:\/\/www.comoditahome.com\/ks\/produkt\/set-jastekesh-classic-memory\/","url":"https:\/\/www.comoditahome.com\/ks\/produkt\/set-jastekesh-classic-memory\/","name":"Set jast\u00ebk\u00ebsh Classic Memory 3 cop\u00eb - Comodita Home","isPartOf":{"@id":"https:\/\/www.comoditahome.com\/ks\/#website"},"primaryImageOfPage":{"@id":"https:\/\/www.comoditahome.com\/ks\/produkt\/set-jastekesh-classic-memory\/#primaryimage"},"image":{"@id":"https:\/\/www.comoditahome.com\/ks\/produkt\/set-jastekesh-classic-memory\/#primaryimage"},"thumbnailUrl":"https:\/\/www.comoditahome.com\/ks\/wp-content\/uploads\/2022\/06\/5091214-FRONT.jpg","datePublished":"2022-06-09T15:33:14+00:00","dateModified":"2025-10-17T08:25:33+00:00","description":"Seti me 4 jast\u00ebk klasik sjell jast\u00ebk\u00eb t\u00eb form\u00ebs klasike t\u00eb p\u00ebrb\u00ebr\u00eb nga cop\u00ebza t\u00eb shkum\u00ebs memory. Jast\u00ebk\u00ebt kan\u00eb specifika t\u00eb ve\u00e7anta anatomike.","breadcrumb":{"@id":"https:\/\/www.comoditahome.com\/ks\/produkt\/set-jastekesh-classic-memory\/#breadcrumb"},"inLanguage":"sq","potentialAction":[{"@type":"ReadAction","target":["https:\/\/www.comoditahome.com\/ks\/produkt\/set-jastekesh-classic-memory\/"]}]},{"@type":"ImageObject","inLanguage":"sq","@id":"https:\/\/www.comoditahome.com\/ks\/produkt\/set-jastekesh-classic-memory\/#primaryimage","url":"https:\/\/www.comoditahome.com\/ks\/wp-content\/uploads\/2022\/06\/5091214-FRONT.jpg","contentUrl":"https:\/\/www.comoditahome.com\/ks\/wp-content\/uploads\/2022\/06\/5091214-FRONT.jpg","width":1200,"height":1300},{"@type":"BreadcrumbList","@id":"https:\/\/www.comoditahome.com\/ks\/produkt\/set-jastekesh-classic-memory\/#breadcrumb","itemListElement":[{"@type":"ListItem","position":1,"name":"Comodita Home Kosova - Dyshek Mattress","item":"https:\/\/www.comoditahome.com\/ks\/"},{"@type":"ListItem","position":2,"name":"Shop","item":"https:\/\/www.comoditahome.com\/ks\/shop\/"},{"@type":"ListItem","position":3,"name":"Set jast\u00ebk\u00ebsh Classic Memory 3 cop\u00eb"}]},{"@type":"WebSite","@id":"https:\/\/www.comoditahome.com\/ks\/#website","url":"https:\/\/www.comoditahome.com\/ks\/","name":"Comodita Home","description":"Dyshek, Jorgan, Jast\u00ebk, Kuzhine, Banjo, Kopsht dhe Aksesor\u00eb","publisher":{"@id":"https:\/\/www.comoditahome.com\/ks\/#organization"},"potentialAction":[{"@type":"SearchAction","target":{"@type":"EntryPoint","urlTemplate":"https:\/\/www.comoditahome.com\/ks\/?s={search_term_string}"},"query-input":"required name=search_term_string"}],"inLanguage":"sq"},{"@type":"Organization","@id":"https:\/\/www.comoditahome.com\/ks\/#organization","name":"Comodita Home","url":"https:\/\/www.comoditahome.com\/ks\/","logo":{"@type":"ImageObject","inLanguage":"sq","@id":"https:\/\/www.comoditahome.com\/ks\/#\/schema\/logo\/image\/","url":"https:\/\/www.comoditahome.com\/ks\/wp-content\/uploads\/2022\/05\/COMODITA_HOME_LOGO_KS_MK_AL-02.png","contentUrl":"https:\/\/www.comoditahome.com\/ks\/wp-content\/uploads\/2022\/05\/COMODITA_HOME_LOGO_KS_MK_AL-02.png","width":180,"height":87,"caption":"Comodita Home"},"image":{"@id":"https:\/\/www.comoditahome.com\/ks\/#\/schema\/logo\/image\/"},"sameAs":["https:\/\/www.facebook.com\/comoditahome\/","https:\/\/www.instagram.com\/comoditahome\/","https:\/\/www.linkedin.com\/company\/comoditahome\/?originalSubdomain=fj","https:\/\/www.youtube.com\/channel\/UC5O6IsT4JD4zaiOqmRi_Pvg"]}]}},"_links":{"self":[{"href":"https:\/\/www.comoditahome.com\/ks\/wp-json\/wp\/v2\/product\/34981","targetHints":{"allow":["GET"]}}],"collection":[{"href":"https:\/\/www.comoditahome.com\/ks\/wp-json\/wp\/v2\/product"}],"about":[{"href":"https:\/\/www.comoditahome.com\/ks\/wp-json\/wp\/v2\/types\/product"}],"version-history":[{"count":5,"href":"https:\/\/www.comoditahome.com\/ks\/wp-json\/wp\/v2\/product\/34981\/revisions"}],"predecessor-version":[{"id":87428,"href":"https:\/\/www.comoditahome.com\/ks\/wp-json\/wp\/v2\/product\/34981\/revisions\/87428"}],"wp:featuredmedia":[{"embeddable":true,"href":"https:\/\/www.comoditahome.com\/ks\/wp-json\/wp\/v2\/media\/57341"}],"wp:attachment":[{"href":"https:\/\/www.comoditahome.com\/ks\/wp-json\/wp\/v2\/media?parent=34981"}],"wp:term":[{"taxonomy":"product_brand","embeddable":true,"href":"https:\/\/www.comoditahome.com\/ks\/wp-json\/wp\/v2\/product_brand?post=34981"},{"taxonomy":"product_cat","embeddable":true,"href":"https:\/\/www.comoditahome.com\/ks\/wp-json\/wp\/v2\/product_cat?post=34981"},{"taxonomy":"product_tag","embeddable":true,"href":"https:\/\/www.comoditahome.com\/ks\/wp-json\/wp\/v2\/product_tag?post=34981"}],"curies":[{"name":"wp","href":"https:\/\/api.w.org\/{rel}","templated":true}]}}