 {"id":35256,"date":"2022-06-22T09:33:50","date_gmt":"2022-06-22T07:33:50","guid":{"rendered":"https:\/\/www.comoditahome.com\/ks\/?post_type=product&#038;p=35256"},"modified":"2026-04-14T14:36:07","modified_gmt":"2026-04-14T12:36:07","slug":"mbishtrese-silver-plus","status":"publish","type":"product","link":"https:\/\/www.comoditahome.com\/ks\/produkt\/mbishtrese-silver-plus\/","title":{"rendered":"Mbishtres\u00eb Silver Plus"},"content":{"rendered":"<p>Mbishtresa Comodita Silver Plus \u00ebsht\u00eb e dizajnuar p\u00ebr t\u00eb ju ofruar mb\u00ebshtetje ideale dhe p\u00ebr t\u00eb minimizuar l\u00ebkundjet dhe rrokullisjet. E p\u00ebrb\u00ebr\u00eb nga shkuma Memory me dend\u00ebsi t\u00eb lart\u00eb dhe shkuma mb\u00ebshtet\u00ebse, do t\u2019i shtoj\u00eb nj\u00eb ndjenj\u00eb but\u00ebsie dyshekut tuaj duke mb\u00ebshtetur trupin tuaj dhe ju p\u00ebrkund n\u00eb nj\u00eb gjum\u00eb me \u00ebndrra t\u00eb \u00ebmbla.<br \/>\nVjen n\u00eb p\u00ebrzierjen e dy llojeve t\u00eb shkum\u00ebs, e dizajnuar p\u00ebr t\u00eb ju siguruar nj\u00eb sip\u00ebrfaqe t\u00eb rehatshme gjumi me shum\u00eb mb\u00ebshtetje, q\u00eb i p\u00ebrshtatet formave t\u00eb trupit p\u00ebr t\u00eb krijuar nj\u00eb p\u00ebrvoj\u00eb t\u00eb individualizuar q\u00eb eliminon pikat e presionit. Mb\u00ebshtjell\u00ebs q\u00eb mund t\u00eb hiqet i p\u00ebrb\u00ebr\u00eb nga mikrofibrat p\u00ebr t\u00eb rregulluar ajrosjen dhe nj\u00eb ambient t\u00eb sh\u00ebndetsh\u00ebm pa bakterie.<br \/>\n<strong>\u2022\u00a0<\/strong>E dizajnuar p\u00ebr t\u00eb qen\u00eb mb\u00ebshtet\u00ebs, ajros\u00ebs dhe reagues.<br \/>\n<strong>\u2022\u00a0<\/strong>E p\u00ebrb\u00ebr\u00eb nga 2 shtresa.<br \/>\n<strong>\u2022\u00a0<\/strong>Liron pikat e presionit dhe rregullon qarkullimin.<br \/>\n<strong>\u2022\u00a0<\/strong>Natyrsh\u00ebm anti-mikrobik dhe rezistent ndaj grimcave t\u00eb pluhurit.<br \/>\n<strong>\u2022\u00a0<\/strong>Fibra argjendi n\u00eb mb\u00ebshtjell\u00ebs q\u00eb e b\u00ebjn\u00eb natyrsh\u00ebm anti-mikrobik dhe rezistent ndaj grimcave t\u00eb pluhurit.<br \/>\n<strong>\u2022\u00a0<\/strong>Mb\u00ebshtjell\u00ebs q\u00eb nuk rr\u00ebshqet p\u00ebrfundi.<br \/>\nAn\u00ebsore AIR MESH p\u00ebr nj\u00eb ajrosje optimale. K\u00ebto an\u00ebsore ndihmojn\u00eb n\u00eb largimin e lag\u00ebshtis\u00eb nga mbishtresa dhe futjen e ajrit t\u00eb fresk\u00ebt, duke rritur qarkullimin e ajrit n\u00eb m\u00ebnyr\u00eb t\u00eb q\u00ebndrueshme p\u00ebrgjat\u00eb gjith\u00eb mbishtres\u00ebs. Flini rehat n\u00eb temperatur\u00ebn e duhur.<\/p>\n","protected":false},"excerpt":{"rendered":"<p style=\"text-align: left\">Mbishtresa Comodita Silver Plus \u00ebsht\u00eb e dizajnuar p\u00ebr t\u00eb ju ofruar mb\u00ebshtetje ideale dhe p\u00ebr t\u00eb minimizuar l\u00ebkundjet dhe rrokullisjet. E p\u00ebrb\u00ebr\u00eb nga shkuma Memory me dend\u00ebsi t\u00eb lart\u00eb dhe shkuma mb\u00ebshtet\u00ebse, do t\u2019i shtoj\u00eb nj\u00eb ndjenj\u00eb but\u00ebsie dyshekut tuaj duke mb\u00ebshtetur trupin tuaj dhe ju p\u00ebrkund n\u00eb nj\u00eb gjum\u00eb me \u00ebndrra t\u00eb \u00ebmbla.<br \/>\nVjen n\u00eb p\u00ebrzierjen e dy llojeve t\u00eb shkum\u00ebs, e dizajnuar p\u00ebr t\u00eb ju siguruar nj\u00eb sip\u00ebrfaqe t\u00eb rehatshme gjumi me shum\u00eb mb\u00ebshtetje, q\u00eb i p\u00ebrshtatet formave t\u00eb trupit p\u00ebr t\u00eb krijuar nj\u00eb p\u00ebrvoj\u00eb t\u00eb individualizuar q\u00eb eliminon pikat e presionit. Mb\u00ebshtjell\u00ebs q\u00eb mund t\u00eb hiqet i p\u00ebrb\u00ebr\u00eb nga mikrofibrat p\u00ebr t\u00eb rregulluar ajrosjen dhe nj\u00eb ambient t\u00eb sh\u00ebndetsh\u00ebm pa bakterie.<br \/>\n<strong>\u2022\u00a0<\/strong>E dizajnuar p\u00ebr t\u00eb qen\u00eb mb\u00ebshtet\u00ebs, ajros\u00ebs dhe reagues.<br \/>\n<strong>\u2022\u00a0<\/strong>E p\u00ebrb\u00ebr\u00eb nga 2 shtresa.<br \/>\n<strong>\u2022\u00a0<\/strong>Liron pikat e presionit dhe rregullon qarkullimin.<br \/>\n<strong>\u2022\u00a0<\/strong>Natyrsh\u00ebm anti-mikrobik dhe rezistent ndaj grimcave t\u00eb pluhurit.<br \/>\n<strong>\u2022\u00a0<\/strong>Fibra argjendi n\u00eb mb\u00ebshtjell\u00ebs q\u00eb e b\u00ebjn\u00eb natyrsh\u00ebm anti-mikrobik dhe rezistent ndaj grimcave t\u00eb pluhurit.<br \/>\n<strong>\u2022\u00a0<\/strong>Mb\u00ebshtjell\u00ebs q\u00eb nuk rr\u00ebshqet p\u00ebrfundi.<br \/>\nAn\u00ebsore AIR MESH p\u00ebr nj\u00eb ajrosje optimale. K\u00ebto an\u00ebsore ndihmojn\u00eb n\u00eb largimin e lag\u00ebshtis\u00eb nga mbishtresa dhe futjen e ajrit t\u00eb fresk\u00ebt, duke rritur qarkullimin e ajrit n\u00eb m\u00ebnyr\u00eb t\u00eb q\u00ebndrueshme p\u00ebrgjat\u00eb gjith\u00eb mbishtres\u00ebs. Flini rehat n\u00eb temperatur\u00ebn e duhur.<\/p>\n<p style=\"text-align: left\"><strong>Dimensioni \/ Kompozicioni:<\/strong> 5cm\/ 200x90cm, 200x120cm, 200x140cm, 200x160cm dhe 200x180cm<\/p>\n<p style=\"text-align: left\"><strong>NGJYRA:<\/strong> Bardh\u00eb dhe Hiri<\/p>\n<p style=\"text-align: left\"><strong>MATERIALI: <\/strong>Memory me dend\u00ebsi t\u00eb lart\u00eb<\/p>\n<p style=\"text-align: left\"><strong>UDH\u00cbZIMET E P\u00cbRDORIMIT:<\/strong> Nuk pastrohet, vet\u00ebm ajroset<\/p>\n<p style=\"text-align: left\"><strong>KUSHTET E KTHIMIT \/ GARANCION:<\/strong> P\u00ebr shkak t\u00eb kontaktit me higjien\u00eb personale, p\u00ebr produktet e tekstilit nuk pranohen kthime apo reklamacion.<br \/>\n<span style=\"color: #ffffff\">3907489110541 3907489110565 3907489110572 3907489110589 3907489110596<\/span><\/p>\n","protected":false},"featured_media":31244,"template":"","meta":[],"product_brand":[],"product_cat":[104,113],"product_tag":[],"class_list":{"0":"post-35256","1":"product","2":"type-product","3":"status-publish","4":"has-post-thumbnail","6":"product_cat-gjumi","7":"product_cat-mbishtrese-dhe-protektor","8":"product_shipping_class-dysheket","10":"first","11":"instock","12":"sale","13":"shipping-taxable","14":"purchasable","15":"product-type-variable","16":"layout-style-1","17":"col-md-4 col-sm-4 col-xs-6","18":"col-lg-2","19":"product-has-gallery","20":"product-style-default"},"yoast_head":"<!-- This site is optimized with the Yoast SEO Premium plugin v18.2.1 (Yoast SEO v22.5) - https:\/\/yoast.com\/wordpress\/plugins\/seo\/ -->\n<title>Mbishtres\u00eb Silver Plus - Comodita Home<\/title>\n<meta name=\"description\" content=\"Mbishtresa Comodita Silver Plus e p\u00ebrb\u00ebr\u00eb nga shkuma Memory me dend\u00ebsi t\u00eb lart\u00eb dhe shkuma mb\u00ebshtet\u00ebse, do t\u2019i shtoj\u00eb nj\u00eb ndjenj\u00eb but\u00ebsie dyshekut tuaj.\" \/>\n<meta name=\"robots\" content=\"index, follow, max-snippet:-1, max-image-preview:large, max-video-preview:-1\" \/>\n<link rel=\"canonical\" href=\"https:\/\/www.comoditahome.com\/ks\/produkt\/mbishtrese-silver-plus\/\" \/>\n<meta property=\"og:locale\" content=\"sq_AL\" \/>\n<meta property=\"og:type\" content=\"article\" \/>\n<meta property=\"og:title\" content=\"Mbishtres\u00eb Silver Plus\" \/>\n<meta property=\"og:description\" content=\"Mbishtresa Comodita Silver Plus e p\u00ebrb\u00ebr\u00eb nga shkuma Memory me dend\u00ebsi t\u00eb lart\u00eb dhe shkuma mb\u00ebshtet\u00ebse, do t\u2019i shtoj\u00eb nj\u00eb ndjenj\u00eb but\u00ebsie dyshekut tuaj.\" \/>\n<meta property=\"og:url\" content=\"https:\/\/www.comoditahome.com\/ks\/produkt\/mbishtrese-silver-plus\/\" \/>\n<meta property=\"og:site_name\" content=\"Comodita Home\" \/>\n<meta property=\"article:publisher\" content=\"https:\/\/www.facebook.com\/comoditahome\/\" \/>\n<meta property=\"article:modified_time\" content=\"2026-04-14T12:36:07+00:00\" \/>\n<meta property=\"og:image\" content=\"https:\/\/www.comoditahome.com\/ks\/wp-content\/uploads\/2021\/07\/3907489170620-Topper-Silver-1.jpg\" \/>\n\t<meta property=\"og:image:width\" content=\"1200\" \/>\n\t<meta property=\"og:image:height\" content=\"1300\" \/>\n\t<meta property=\"og:image:type\" content=\"image\/jpeg\" \/>\n<meta name=\"twitter:card\" content=\"summary_large_image\" \/>\n<meta name=\"twitter:label1\" content=\"Est. reading time\" \/>\n\t<meta name=\"twitter:data1\" content=\"2 minuta\" \/>\n<script type=\"application\/ld+json\" class=\"yoast-schema-graph\">{\"@context\":\"https:\/\/schema.org\",\"@graph\":[{\"@type\":\"WebPage\",\"@id\":\"https:\/\/www.comoditahome.com\/ks\/produkt\/mbishtrese-silver-plus\/\",\"url\":\"https:\/\/www.comoditahome.com\/ks\/produkt\/mbishtrese-silver-plus\/\",\"name\":\"Mbishtres\u00eb Silver Plus - Comodita Home\",\"isPartOf\":{\"@id\":\"https:\/\/www.comoditahome.com\/ks\/#website\"},\"primaryImageOfPage\":{\"@id\":\"https:\/\/www.comoditahome.com\/ks\/produkt\/mbishtrese-silver-plus\/#primaryimage\"},\"image\":{\"@id\":\"https:\/\/www.comoditahome.com\/ks\/produkt\/mbishtrese-silver-plus\/#primaryimage\"},\"thumbnailUrl\":\"https:\/\/www.comoditahome.com\/ks\/wp-content\/uploads\/2021\/07\/3907489170620-Topper-Silver-1.jpg\",\"datePublished\":\"2022-06-22T07:33:50+00:00\",\"dateModified\":\"2026-04-14T12:36:07+00:00\",\"description\":\"Mbishtresa Comodita Silver Plus e p\u00ebrb\u00ebr\u00eb nga shkuma Memory me dend\u00ebsi t\u00eb lart\u00eb dhe shkuma mb\u00ebshtet\u00ebse, do t\u2019i shtoj\u00eb nj\u00eb ndjenj\u00eb but\u00ebsie dyshekut tuaj.\",\"breadcrumb\":{\"@id\":\"https:\/\/www.comoditahome.com\/ks\/produkt\/mbishtrese-silver-plus\/#breadcrumb\"},\"inLanguage\":\"sq\",\"potentialAction\":[{\"@type\":\"ReadAction\",\"target\":[\"https:\/\/www.comoditahome.com\/ks\/produkt\/mbishtrese-silver-plus\/\"]}]},{\"@type\":\"ImageObject\",\"inLanguage\":\"sq\",\"@id\":\"https:\/\/www.comoditahome.com\/ks\/produkt\/mbishtrese-silver-plus\/#primaryimage\",\"url\":\"https:\/\/www.comoditahome.com\/ks\/wp-content\/uploads\/2021\/07\/3907489170620-Topper-Silver-1.jpg\",\"contentUrl\":\"https:\/\/www.comoditahome.com\/ks\/wp-content\/uploads\/2021\/07\/3907489170620-Topper-Silver-1.jpg\",\"width\":1200,\"height\":1300},{\"@type\":\"BreadcrumbList\",\"@id\":\"https:\/\/www.comoditahome.com\/ks\/produkt\/mbishtrese-silver-plus\/#breadcrumb\",\"itemListElement\":[{\"@type\":\"ListItem\",\"position\":1,\"name\":\"Comodita Home Kosova - Dyshek Mattress\",\"item\":\"https:\/\/www.comoditahome.com\/ks\/\"},{\"@type\":\"ListItem\",\"position\":2,\"name\":\"Shop\",\"item\":\"https:\/\/www.comoditahome.com\/ks\/shop\/\"},{\"@type\":\"ListItem\",\"position\":3,\"name\":\"Mbishtres\u00eb Silver Plus\"}]},{\"@type\":\"WebSite\",\"@id\":\"https:\/\/www.comoditahome.com\/ks\/#website\",\"url\":\"https:\/\/www.comoditahome.com\/ks\/\",\"name\":\"Comodita Home\",\"description\":\"Dyshek, Jorgan, Jast\u00ebk, Kuzhine, Banjo, Kopsht dhe Aksesor\u00eb\",\"publisher\":{\"@id\":\"https:\/\/www.comoditahome.com\/ks\/#organization\"},\"potentialAction\":[{\"@type\":\"SearchAction\",\"target\":{\"@type\":\"EntryPoint\",\"urlTemplate\":\"https:\/\/www.comoditahome.com\/ks\/?s={search_term_string}\"},\"query-input\":\"required name=search_term_string\"}],\"inLanguage\":\"sq\"},{\"@type\":\"Organization\",\"@id\":\"https:\/\/www.comoditahome.com\/ks\/#organization\",\"name\":\"Comodita Home\",\"url\":\"https:\/\/www.comoditahome.com\/ks\/\",\"logo\":{\"@type\":\"ImageObject\",\"inLanguage\":\"sq\",\"@id\":\"https:\/\/www.comoditahome.com\/ks\/#\/schema\/logo\/image\/\",\"url\":\"https:\/\/www.comoditahome.com\/ks\/wp-content\/uploads\/2022\/05\/COMODITA_HOME_LOGO_KS_MK_AL-02.png\",\"contentUrl\":\"https:\/\/www.comoditahome.com\/ks\/wp-content\/uploads\/2022\/05\/COMODITA_HOME_LOGO_KS_MK_AL-02.png\",\"width\":180,\"height\":87,\"caption\":\"Comodita Home\"},\"image\":{\"@id\":\"https:\/\/www.comoditahome.com\/ks\/#\/schema\/logo\/image\/\"},\"sameAs\":[\"https:\/\/www.facebook.com\/comoditahome\/\",\"https:\/\/www.instagram.com\/comoditahome\/\",\"https:\/\/www.linkedin.com\/company\/comoditahome\/?originalSubdomain=fj\",\"https:\/\/www.youtube.com\/channel\/UC5O6IsT4JD4zaiOqmRi_Pvg\"]}]}<\/script>\n<!-- \/ Yoast SEO Premium plugin. -->","yoast_head_json":{"title":"Mbishtres\u00eb Silver Plus - Comodita Home","description":"Mbishtresa Comodita Silver Plus e p\u00ebrb\u00ebr\u00eb nga shkuma Memory me dend\u00ebsi t\u00eb lart\u00eb dhe shkuma mb\u00ebshtet\u00ebse, do t\u2019i shtoj\u00eb nj\u00eb ndjenj\u00eb but\u00ebsie dyshekut tuaj.","robots":{"index":"index","follow":"follow","max-snippet":"max-snippet:-1","max-image-preview":"max-image-preview:large","max-video-preview":"max-video-preview:-1"},"canonical":"https:\/\/www.comoditahome.com\/ks\/produkt\/mbishtrese-silver-plus\/","og_locale":"sq_AL","og_type":"article","og_title":"Mbishtres\u00eb Silver Plus","og_description":"Mbishtresa Comodita Silver Plus e p\u00ebrb\u00ebr\u00eb nga shkuma Memory me dend\u00ebsi t\u00eb lart\u00eb dhe shkuma mb\u00ebshtet\u00ebse, do t\u2019i shtoj\u00eb nj\u00eb ndjenj\u00eb but\u00ebsie dyshekut tuaj.","og_url":"https:\/\/www.comoditahome.com\/ks\/produkt\/mbishtrese-silver-plus\/","og_site_name":"Comodita Home","article_publisher":"https:\/\/www.facebook.com\/comoditahome\/","article_modified_time":"2026-04-14T12:36:07+00:00","og_image":[{"width":1200,"height":1300,"url":"https:\/\/www.comoditahome.com\/ks\/wp-content\/uploads\/2021\/07\/3907489170620-Topper-Silver-1.jpg","type":"image\/jpeg"}],"twitter_card":"summary_large_image","twitter_misc":{"Est. reading time":"2 minuta"},"schema":{"@context":"https:\/\/schema.org","@graph":[{"@type":"WebPage","@id":"https:\/\/www.comoditahome.com\/ks\/produkt\/mbishtrese-silver-plus\/","url":"https:\/\/www.comoditahome.com\/ks\/produkt\/mbishtrese-silver-plus\/","name":"Mbishtres\u00eb Silver Plus - Comodita Home","isPartOf":{"@id":"https:\/\/www.comoditahome.com\/ks\/#website"},"primaryImageOfPage":{"@id":"https:\/\/www.comoditahome.com\/ks\/produkt\/mbishtrese-silver-plus\/#primaryimage"},"image":{"@id":"https:\/\/www.comoditahome.com\/ks\/produkt\/mbishtrese-silver-plus\/#primaryimage"},"thumbnailUrl":"https:\/\/www.comoditahome.com\/ks\/wp-content\/uploads\/2021\/07\/3907489170620-Topper-Silver-1.jpg","datePublished":"2022-06-22T07:33:50+00:00","dateModified":"2026-04-14T12:36:07+00:00","description":"Mbishtresa Comodita Silver Plus e p\u00ebrb\u00ebr\u00eb nga shkuma Memory me dend\u00ebsi t\u00eb lart\u00eb dhe shkuma mb\u00ebshtet\u00ebse, do t\u2019i shtoj\u00eb nj\u00eb ndjenj\u00eb but\u00ebsie dyshekut tuaj.","breadcrumb":{"@id":"https:\/\/www.comoditahome.com\/ks\/produkt\/mbishtrese-silver-plus\/#breadcrumb"},"inLanguage":"sq","potentialAction":[{"@type":"ReadAction","target":["https:\/\/www.comoditahome.com\/ks\/produkt\/mbishtrese-silver-plus\/"]}]},{"@type":"ImageObject","inLanguage":"sq","@id":"https:\/\/www.comoditahome.com\/ks\/produkt\/mbishtrese-silver-plus\/#primaryimage","url":"https:\/\/www.comoditahome.com\/ks\/wp-content\/uploads\/2021\/07\/3907489170620-Topper-Silver-1.jpg","contentUrl":"https:\/\/www.comoditahome.com\/ks\/wp-content\/uploads\/2021\/07\/3907489170620-Topper-Silver-1.jpg","width":1200,"height":1300},{"@type":"BreadcrumbList","@id":"https:\/\/www.comoditahome.com\/ks\/produkt\/mbishtrese-silver-plus\/#breadcrumb","itemListElement":[{"@type":"ListItem","position":1,"name":"Comodita Home Kosova - Dyshek Mattress","item":"https:\/\/www.comoditahome.com\/ks\/"},{"@type":"ListItem","position":2,"name":"Shop","item":"https:\/\/www.comoditahome.com\/ks\/shop\/"},{"@type":"ListItem","position":3,"name":"Mbishtres\u00eb Silver Plus"}]},{"@type":"WebSite","@id":"https:\/\/www.comoditahome.com\/ks\/#website","url":"https:\/\/www.comoditahome.com\/ks\/","name":"Comodita Home","description":"Dyshek, Jorgan, Jast\u00ebk, Kuzhine, Banjo, Kopsht dhe Aksesor\u00eb","publisher":{"@id":"https:\/\/www.comoditahome.com\/ks\/#organization"},"potentialAction":[{"@type":"SearchAction","target":{"@type":"EntryPoint","urlTemplate":"https:\/\/www.comoditahome.com\/ks\/?s={search_term_string}"},"query-input":"required name=search_term_string"}],"inLanguage":"sq"},{"@type":"Organization","@id":"https:\/\/www.comoditahome.com\/ks\/#organization","name":"Comodita Home","url":"https:\/\/www.comoditahome.com\/ks\/","logo":{"@type":"ImageObject","inLanguage":"sq","@id":"https:\/\/www.comoditahome.com\/ks\/#\/schema\/logo\/image\/","url":"https:\/\/www.comoditahome.com\/ks\/wp-content\/uploads\/2022\/05\/COMODITA_HOME_LOGO_KS_MK_AL-02.png","contentUrl":"https:\/\/www.comoditahome.com\/ks\/wp-content\/uploads\/2022\/05\/COMODITA_HOME_LOGO_KS_MK_AL-02.png","width":180,"height":87,"caption":"Comodita Home"},"image":{"@id":"https:\/\/www.comoditahome.com\/ks\/#\/schema\/logo\/image\/"},"sameAs":["https:\/\/www.facebook.com\/comoditahome\/","https:\/\/www.instagram.com\/comoditahome\/","https:\/\/www.linkedin.com\/company\/comoditahome\/?originalSubdomain=fj","https:\/\/www.youtube.com\/channel\/UC5O6IsT4JD4zaiOqmRi_Pvg"]}]}},"_links":{"self":[{"href":"https:\/\/www.comoditahome.com\/ks\/wp-json\/wp\/v2\/product\/35256","targetHints":{"allow":["GET"]}}],"collection":[{"href":"https:\/\/www.comoditahome.com\/ks\/wp-json\/wp\/v2\/product"}],"about":[{"href":"https:\/\/www.comoditahome.com\/ks\/wp-json\/wp\/v2\/types\/product"}],"version-history":[{"count":5,"href":"https:\/\/www.comoditahome.com\/ks\/wp-json\/wp\/v2\/product\/35256\/revisions"}],"predecessor-version":[{"id":115947,"href":"https:\/\/www.comoditahome.com\/ks\/wp-json\/wp\/v2\/product\/35256\/revisions\/115947"}],"wp:featuredmedia":[{"embeddable":true,"href":"https:\/\/www.comoditahome.com\/ks\/wp-json\/wp\/v2\/media\/31244"}],"wp:attachment":[{"href":"https:\/\/www.comoditahome.com\/ks\/wp-json\/wp\/v2\/media?parent=35256"}],"wp:term":[{"taxonomy":"product_brand","embeddable":true,"href":"https:\/\/www.comoditahome.com\/ks\/wp-json\/wp\/v2\/product_brand?post=35256"},{"taxonomy":"product_cat","embeddable":true,"href":"https:\/\/www.comoditahome.com\/ks\/wp-json\/wp\/v2\/product_cat?post=35256"},{"taxonomy":"product_tag","embeddable":true,"href":"https:\/\/www.comoditahome.com\/ks\/wp-json\/wp\/v2\/product_tag?post=35256"}],"curies":[{"name":"wp","href":"https:\/\/api.w.org\/{rel}","templated":true}]}}