 {"id":4590,"date":"2021-07-08T18:55:25","date_gmt":"2021-07-08T18:55:25","guid":{"rendered":"https:\/\/ks.comoditahome.com\/?post_type=product&#038;p=4590"},"modified":"2026-04-24T09:18:39","modified_gmt":"2026-04-24T07:18:39","slug":"set-carcafesh-chambord-per-dy-persona","status":"publish","type":"product","link":"https:\/\/www.comoditahome.com\/ks\/produkt\/set-carcafesh-chambord-per-dy-persona\/","title":{"rendered":"Set \u00e7ar\u00e7af\u00ebsh Chambord p\u00ebr dy persona"},"content":{"rendered":"<p>Seti i \u00e7ar\u00e7af\u00ebve Chambord dallohet p\u00ebr materialin tejet t\u00eb but\u00eb me shk\u00eblqim n\u00eb vete. P\u00ebrjetoni qet\u00ebsin\u00eb dhe rehatin\u00eb q\u00eb ju duhet p\u00ebr t\u00eb b\u00ebr\u00eb gjumin m\u00eb cil\u00ebsor. Ky set \u00e7ar\u00e7af\u00ebsh ju mund\u00ebson ambient higjenik larg alergjive dhe bakterieve.<\/p>\n","protected":false},"excerpt":{"rendered":"<p style=\"text-align: left;\">Seti i \u00e7ar\u00e7af\u00ebve Chambord dallohet p\u00ebr materialin tejet t\u00eb but\u00eb me shk\u00eblqim n\u00eb vete. P\u00ebrjetoni qet\u00ebsin\u00eb dhe rehatin\u00eb q\u00eb ju duhet p\u00ebr t\u00eb b\u00ebr\u00eb gjumin m\u00eb cil\u00ebsor. Ky set \u00e7ar\u00e7af\u00ebsh ju mund\u00ebson ambient higjenik larg alergjive dhe bakterieve.<br \/>\n<strong>Dimensioni \/ Kompozicioni:<\/strong> Set me 4 pjes\u00eb: 1x k\u00ebll\u00ebf jorgani 200x200cm, 1x \u00e7ar\u00e7af i dyshekut 240x260cm, 2x k\u00ebll\u00ebf jast\u00ebk\u00ebsh 50x70cm<br \/>\n<strong>NGJYRA:<\/strong> Me dizajn<br \/>\n<strong>MATERIALI:<\/strong> Saten<br \/>\n<strong>UDH\u00cbZIMET E P\u00cbRDORIMIT:<\/strong> N\u00eb makin\u00eb lar\u00ebse 30\u00b0C<br \/>\n<strong>KUSHTET E KTHIMIT \/ GARANCION:<\/strong> P\u00ebr shkak t\u00eb kontaktit me higjien\u00eb personale, p\u00ebr produktet e tekstilit nuk pranohen kthime apo reklamacione.<br \/>\n<span style=\"color: #ffffff;\">3907489270528 qarshaf qarshafa carshafa carshaf<\/span><\/p>\n","protected":false},"featured_media":4936,"template":"","meta":[],"product_brand":[],"product_cat":[116,104],"product_tag":[],"class_list":{"0":"post-4590","1":"product","2":"type-product","3":"status-publish","4":"has-post-thumbnail","6":"product_cat-set-carcafesh","7":"product_cat-gjumi","9":"first","10":"outofstock","11":"sale","12":"shipping-taxable","13":"purchasable","14":"product-type-simple","15":"layout-style-1","16":"col-md-4 col-sm-4 col-xs-6","17":"col-lg-2","18":"product-has-gallery","19":"product-style-default"},"yoast_head":"<!-- This site is optimized with the Yoast SEO Premium plugin v18.2.1 (Yoast SEO v22.5) - https:\/\/yoast.com\/wordpress\/plugins\/seo\/ -->\n<title>Set \u00e7ar\u00e7af\u00ebsh Chambord p\u00ebr dy persona - Comodita Home<\/title>\n<meta name=\"description\" content=\"Seti i \u00e7ar\u00e7af\u00ebve Chambord dallohet p\u00ebr materialin tejet t\u00eb but\u00eb me shk\u00eblqim n\u00eb vete. P\u00ebrjetoni qet\u00ebsin\u00eb dhe rehatin\u00eb q\u00eb ju duhet p\u00ebr t\u00eb b\u00ebr\u00eb gjumin...\" \/>\n<meta name=\"robots\" content=\"index, follow, max-snippet:-1, max-image-preview:large, max-video-preview:-1\" \/>\n<link rel=\"canonical\" href=\"https:\/\/www.comoditahome.com\/ks\/produkt\/set-carcafesh-chambord-per-dy-persona\/\" \/>\n<meta property=\"og:locale\" content=\"sq_AL\" \/>\n<meta property=\"og:type\" content=\"article\" \/>\n<meta property=\"og:title\" content=\"Set \u00e7ar\u00e7af\u00ebsh Chambord p\u00ebr dy persona\" \/>\n<meta property=\"og:description\" content=\"Seti i \u00e7ar\u00e7af\u00ebve Chambord dallohet p\u00ebr materialin tejet t\u00eb but\u00eb me shk\u00eblqim n\u00eb vete. P\u00ebrjetoni qet\u00ebsin\u00eb dhe rehatin\u00eb q\u00eb ju duhet p\u00ebr t\u00eb b\u00ebr\u00eb gjumin...\" \/>\n<meta property=\"og:url\" content=\"https:\/\/www.comoditahome.com\/ks\/produkt\/set-carcafesh-chambord-per-dy-persona\/\" \/>\n<meta property=\"og:site_name\" content=\"Comodita Home\" \/>\n<meta property=\"article:publisher\" content=\"https:\/\/www.facebook.com\/comoditahome\/\" \/>\n<meta property=\"article:modified_time\" content=\"2026-04-24T07:18:39+00:00\" \/>\n<meta property=\"og:image\" content=\"https:\/\/www.comoditahome.com\/ks\/wp-content\/uploads\/2021\/07\/3907489270528-1.jpg\" \/>\n\t<meta property=\"og:image:width\" content=\"1200\" \/>\n\t<meta property=\"og:image:height\" content=\"1300\" \/>\n\t<meta property=\"og:image:type\" content=\"image\/jpeg\" \/>\n<meta name=\"twitter:card\" content=\"summary_large_image\" \/>\n<meta name=\"twitter:label1\" content=\"Est. reading time\" \/>\n\t<meta name=\"twitter:data1\" content=\"1 minut\u00eb\" \/>\n<script type=\"application\/ld+json\" class=\"yoast-schema-graph\">{\"@context\":\"https:\/\/schema.org\",\"@graph\":[{\"@type\":\"WebPage\",\"@id\":\"https:\/\/www.comoditahome.com\/ks\/produkt\/set-carcafesh-chambord-per-dy-persona\/\",\"url\":\"https:\/\/www.comoditahome.com\/ks\/produkt\/set-carcafesh-chambord-per-dy-persona\/\",\"name\":\"Set \u00e7ar\u00e7af\u00ebsh Chambord p\u00ebr dy persona - Comodita Home\",\"isPartOf\":{\"@id\":\"https:\/\/www.comoditahome.com\/ks\/#website\"},\"primaryImageOfPage\":{\"@id\":\"https:\/\/www.comoditahome.com\/ks\/produkt\/set-carcafesh-chambord-per-dy-persona\/#primaryimage\"},\"image\":{\"@id\":\"https:\/\/www.comoditahome.com\/ks\/produkt\/set-carcafesh-chambord-per-dy-persona\/#primaryimage\"},\"thumbnailUrl\":\"https:\/\/www.comoditahome.com\/ks\/wp-content\/uploads\/2021\/07\/3907489270528-1.jpg\",\"datePublished\":\"2021-07-08T18:55:25+00:00\",\"dateModified\":\"2026-04-24T07:18:39+00:00\",\"description\":\"Seti i \u00e7ar\u00e7af\u00ebve Chambord dallohet p\u00ebr materialin tejet t\u00eb but\u00eb me shk\u00eblqim n\u00eb vete. P\u00ebrjetoni qet\u00ebsin\u00eb dhe rehatin\u00eb q\u00eb ju duhet p\u00ebr t\u00eb b\u00ebr\u00eb gjumin...\",\"breadcrumb\":{\"@id\":\"https:\/\/www.comoditahome.com\/ks\/produkt\/set-carcafesh-chambord-per-dy-persona\/#breadcrumb\"},\"inLanguage\":\"sq\",\"potentialAction\":[{\"@type\":\"ReadAction\",\"target\":[\"https:\/\/www.comoditahome.com\/ks\/produkt\/set-carcafesh-chambord-per-dy-persona\/\"]}]},{\"@type\":\"ImageObject\",\"inLanguage\":\"sq\",\"@id\":\"https:\/\/www.comoditahome.com\/ks\/produkt\/set-carcafesh-chambord-per-dy-persona\/#primaryimage\",\"url\":\"https:\/\/www.comoditahome.com\/ks\/wp-content\/uploads\/2021\/07\/3907489270528-1.jpg\",\"contentUrl\":\"https:\/\/www.comoditahome.com\/ks\/wp-content\/uploads\/2021\/07\/3907489270528-1.jpg\",\"width\":1200,\"height\":1300},{\"@type\":\"BreadcrumbList\",\"@id\":\"https:\/\/www.comoditahome.com\/ks\/produkt\/set-carcafesh-chambord-per-dy-persona\/#breadcrumb\",\"itemListElement\":[{\"@type\":\"ListItem\",\"position\":1,\"name\":\"Comodita Home Kosova - Dyshek Mattress\",\"item\":\"https:\/\/www.comoditahome.com\/ks\/\"},{\"@type\":\"ListItem\",\"position\":2,\"name\":\"Shop\",\"item\":\"https:\/\/www.comoditahome.com\/ks\/shop\/\"},{\"@type\":\"ListItem\",\"position\":3,\"name\":\"Set \u00e7ar\u00e7af\u00ebsh Chambord p\u00ebr dy persona\"}]},{\"@type\":\"WebSite\",\"@id\":\"https:\/\/www.comoditahome.com\/ks\/#website\",\"url\":\"https:\/\/www.comoditahome.com\/ks\/\",\"name\":\"Comodita Home\",\"description\":\"Dyshek, Jorgan, Jast\u00ebk, Kuzhine, Banjo, Kopsht dhe Aksesor\u00eb\",\"publisher\":{\"@id\":\"https:\/\/www.comoditahome.com\/ks\/#organization\"},\"potentialAction\":[{\"@type\":\"SearchAction\",\"target\":{\"@type\":\"EntryPoint\",\"urlTemplate\":\"https:\/\/www.comoditahome.com\/ks\/?s={search_term_string}\"},\"query-input\":\"required name=search_term_string\"}],\"inLanguage\":\"sq\"},{\"@type\":\"Organization\",\"@id\":\"https:\/\/www.comoditahome.com\/ks\/#organization\",\"name\":\"Comodita Home\",\"url\":\"https:\/\/www.comoditahome.com\/ks\/\",\"logo\":{\"@type\":\"ImageObject\",\"inLanguage\":\"sq\",\"@id\":\"https:\/\/www.comoditahome.com\/ks\/#\/schema\/logo\/image\/\",\"url\":\"https:\/\/www.comoditahome.com\/ks\/wp-content\/uploads\/2022\/05\/COMODITA_HOME_LOGO_KS_MK_AL-02.png\",\"contentUrl\":\"https:\/\/www.comoditahome.com\/ks\/wp-content\/uploads\/2022\/05\/COMODITA_HOME_LOGO_KS_MK_AL-02.png\",\"width\":180,\"height\":87,\"caption\":\"Comodita Home\"},\"image\":{\"@id\":\"https:\/\/www.comoditahome.com\/ks\/#\/schema\/logo\/image\/\"},\"sameAs\":[\"https:\/\/www.facebook.com\/comoditahome\/\",\"https:\/\/www.instagram.com\/comoditahome\/\",\"https:\/\/www.linkedin.com\/company\/comoditahome\/?originalSubdomain=fj\",\"https:\/\/www.youtube.com\/channel\/UC5O6IsT4JD4zaiOqmRi_Pvg\"]}]}<\/script>\n<!-- \/ Yoast SEO Premium plugin. -->","yoast_head_json":{"title":"Set \u00e7ar\u00e7af\u00ebsh Chambord p\u00ebr dy persona - Comodita Home","description":"Seti i \u00e7ar\u00e7af\u00ebve Chambord dallohet p\u00ebr materialin tejet t\u00eb but\u00eb me shk\u00eblqim n\u00eb vete. P\u00ebrjetoni qet\u00ebsin\u00eb dhe rehatin\u00eb q\u00eb ju duhet p\u00ebr t\u00eb b\u00ebr\u00eb gjumin...","robots":{"index":"index","follow":"follow","max-snippet":"max-snippet:-1","max-image-preview":"max-image-preview:large","max-video-preview":"max-video-preview:-1"},"canonical":"https:\/\/www.comoditahome.com\/ks\/produkt\/set-carcafesh-chambord-per-dy-persona\/","og_locale":"sq_AL","og_type":"article","og_title":"Set \u00e7ar\u00e7af\u00ebsh Chambord p\u00ebr dy persona","og_description":"Seti i \u00e7ar\u00e7af\u00ebve Chambord dallohet p\u00ebr materialin tejet t\u00eb but\u00eb me shk\u00eblqim n\u00eb vete. P\u00ebrjetoni qet\u00ebsin\u00eb dhe rehatin\u00eb q\u00eb ju duhet p\u00ebr t\u00eb b\u00ebr\u00eb gjumin...","og_url":"https:\/\/www.comoditahome.com\/ks\/produkt\/set-carcafesh-chambord-per-dy-persona\/","og_site_name":"Comodita Home","article_publisher":"https:\/\/www.facebook.com\/comoditahome\/","article_modified_time":"2026-04-24T07:18:39+00:00","og_image":[{"width":1200,"height":1300,"url":"https:\/\/www.comoditahome.com\/ks\/wp-content\/uploads\/2021\/07\/3907489270528-1.jpg","type":"image\/jpeg"}],"twitter_card":"summary_large_image","twitter_misc":{"Est. reading time":"1 minut\u00eb"},"schema":{"@context":"https:\/\/schema.org","@graph":[{"@type":"WebPage","@id":"https:\/\/www.comoditahome.com\/ks\/produkt\/set-carcafesh-chambord-per-dy-persona\/","url":"https:\/\/www.comoditahome.com\/ks\/produkt\/set-carcafesh-chambord-per-dy-persona\/","name":"Set \u00e7ar\u00e7af\u00ebsh Chambord p\u00ebr dy persona - Comodita Home","isPartOf":{"@id":"https:\/\/www.comoditahome.com\/ks\/#website"},"primaryImageOfPage":{"@id":"https:\/\/www.comoditahome.com\/ks\/produkt\/set-carcafesh-chambord-per-dy-persona\/#primaryimage"},"image":{"@id":"https:\/\/www.comoditahome.com\/ks\/produkt\/set-carcafesh-chambord-per-dy-persona\/#primaryimage"},"thumbnailUrl":"https:\/\/www.comoditahome.com\/ks\/wp-content\/uploads\/2021\/07\/3907489270528-1.jpg","datePublished":"2021-07-08T18:55:25+00:00","dateModified":"2026-04-24T07:18:39+00:00","description":"Seti i \u00e7ar\u00e7af\u00ebve Chambord dallohet p\u00ebr materialin tejet t\u00eb but\u00eb me shk\u00eblqim n\u00eb vete. P\u00ebrjetoni qet\u00ebsin\u00eb dhe rehatin\u00eb q\u00eb ju duhet p\u00ebr t\u00eb b\u00ebr\u00eb gjumin...","breadcrumb":{"@id":"https:\/\/www.comoditahome.com\/ks\/produkt\/set-carcafesh-chambord-per-dy-persona\/#breadcrumb"},"inLanguage":"sq","potentialAction":[{"@type":"ReadAction","target":["https:\/\/www.comoditahome.com\/ks\/produkt\/set-carcafesh-chambord-per-dy-persona\/"]}]},{"@type":"ImageObject","inLanguage":"sq","@id":"https:\/\/www.comoditahome.com\/ks\/produkt\/set-carcafesh-chambord-per-dy-persona\/#primaryimage","url":"https:\/\/www.comoditahome.com\/ks\/wp-content\/uploads\/2021\/07\/3907489270528-1.jpg","contentUrl":"https:\/\/www.comoditahome.com\/ks\/wp-content\/uploads\/2021\/07\/3907489270528-1.jpg","width":1200,"height":1300},{"@type":"BreadcrumbList","@id":"https:\/\/www.comoditahome.com\/ks\/produkt\/set-carcafesh-chambord-per-dy-persona\/#breadcrumb","itemListElement":[{"@type":"ListItem","position":1,"name":"Comodita Home Kosova - Dyshek Mattress","item":"https:\/\/www.comoditahome.com\/ks\/"},{"@type":"ListItem","position":2,"name":"Shop","item":"https:\/\/www.comoditahome.com\/ks\/shop\/"},{"@type":"ListItem","position":3,"name":"Set \u00e7ar\u00e7af\u00ebsh Chambord p\u00ebr dy persona"}]},{"@type":"WebSite","@id":"https:\/\/www.comoditahome.com\/ks\/#website","url":"https:\/\/www.comoditahome.com\/ks\/","name":"Comodita Home","description":"Dyshek, Jorgan, Jast\u00ebk, Kuzhine, Banjo, Kopsht dhe Aksesor\u00eb","publisher":{"@id":"https:\/\/www.comoditahome.com\/ks\/#organization"},"potentialAction":[{"@type":"SearchAction","target":{"@type":"EntryPoint","urlTemplate":"https:\/\/www.comoditahome.com\/ks\/?s={search_term_string}"},"query-input":"required name=search_term_string"}],"inLanguage":"sq"},{"@type":"Organization","@id":"https:\/\/www.comoditahome.com\/ks\/#organization","name":"Comodita Home","url":"https:\/\/www.comoditahome.com\/ks\/","logo":{"@type":"ImageObject","inLanguage":"sq","@id":"https:\/\/www.comoditahome.com\/ks\/#\/schema\/logo\/image\/","url":"https:\/\/www.comoditahome.com\/ks\/wp-content\/uploads\/2022\/05\/COMODITA_HOME_LOGO_KS_MK_AL-02.png","contentUrl":"https:\/\/www.comoditahome.com\/ks\/wp-content\/uploads\/2022\/05\/COMODITA_HOME_LOGO_KS_MK_AL-02.png","width":180,"height":87,"caption":"Comodita Home"},"image":{"@id":"https:\/\/www.comoditahome.com\/ks\/#\/schema\/logo\/image\/"},"sameAs":["https:\/\/www.facebook.com\/comoditahome\/","https:\/\/www.instagram.com\/comoditahome\/","https:\/\/www.linkedin.com\/company\/comoditahome\/?originalSubdomain=fj","https:\/\/www.youtube.com\/channel\/UC5O6IsT4JD4zaiOqmRi_Pvg"]}]}},"_links":{"self":[{"href":"https:\/\/www.comoditahome.com\/ks\/wp-json\/wp\/v2\/product\/4590","targetHints":{"allow":["GET"]}}],"collection":[{"href":"https:\/\/www.comoditahome.com\/ks\/wp-json\/wp\/v2\/product"}],"about":[{"href":"https:\/\/www.comoditahome.com\/ks\/wp-json\/wp\/v2\/types\/product"}],"version-history":[{"count":1,"href":"https:\/\/www.comoditahome.com\/ks\/wp-json\/wp\/v2\/product\/4590\/revisions"}],"predecessor-version":[{"id":64554,"href":"https:\/\/www.comoditahome.com\/ks\/wp-json\/wp\/v2\/product\/4590\/revisions\/64554"}],"wp:featuredmedia":[{"embeddable":true,"href":"https:\/\/www.comoditahome.com\/ks\/wp-json\/wp\/v2\/media\/4936"}],"wp:attachment":[{"href":"https:\/\/www.comoditahome.com\/ks\/wp-json\/wp\/v2\/media?parent=4590"}],"wp:term":[{"taxonomy":"product_brand","embeddable":true,"href":"https:\/\/www.comoditahome.com\/ks\/wp-json\/wp\/v2\/product_brand?post=4590"},{"taxonomy":"product_cat","embeddable":true,"href":"https:\/\/www.comoditahome.com\/ks\/wp-json\/wp\/v2\/product_cat?post=4590"},{"taxonomy":"product_tag","embeddable":true,"href":"https:\/\/www.comoditahome.com\/ks\/wp-json\/wp\/v2\/product_tag?post=4590"}],"curies":[{"name":"wp","href":"https:\/\/api.w.org\/{rel}","templated":true}]}}