 {"id":5104,"date":"2021-07-13T10:29:46","date_gmt":"2021-07-13T08:29:46","guid":{"rendered":"https:\/\/ks.comoditahome.com\/?post_type=product&#038;p=5104"},"modified":"2026-05-06T15:37:04","modified_gmt":"2026-05-06T13:37:04","slug":"jorgan-high-line-4-stinor-2","status":"publish","type":"product","link":"https:\/\/www.comoditahome.com\/ks\/produkt\/jorgan-high-line-4-stinor-2\/","title":{"rendered":"Jorgan High Line 4 stinor"},"content":{"rendered":"<p style=\"text-align: left;\">Jorgani High Line<\/p>\n<p style=\"text-align: left;\">I but\u00eb dhe antialergjik, i mbushur me fibra dhe mb\u00ebshtjell\u00ebs me mikrofibra.<\/p>\n<p style=\"text-align: left;\">Me sip\u00ebrfaqe t\u00eb fryr\u00eb dhe dizajn klasik t\u00eb qepjes, ky jorgan ka dy shtresa t\u00eb cilat bashkohen me susta.<\/p>\n<p style=\"text-align: left;\">P\u00ebrdoret n\u00eb t\u00eb gjitha stin\u00ebt e vitit.<\/p>\n<p style=\"text-align: left;\">Dallohet si ngroh\u00ebs i mir\u00eb pa bartur pesh\u00eb t\u00eb r\u00ebnd\u00eb.<\/p>\n<p>[sg_popup id=73807]<\/p>\n","protected":false},"excerpt":{"rendered":"<p style=\"text-align: left;\">Jorgani High Line \u00ebsht\u00eb shum\u00eb i but\u00eb dhe antialergjik, i mbushur me fibra dhe mb\u00ebshtjell\u00ebs me mikrofibra. Me sip\u00ebrfaqe t\u00eb fryr\u00eb dhe dizajn klasik t\u00eb qepjes, ky jorgan ka dy shtresa t\u00eb cilat bashkohen me susta, n\u00eb m\u00ebnyr\u00eb q\u00eb t\u00eb p\u00ebrdoret n\u00eb t\u00eb gjitha stin\u00ebt e vitit. Dallohet si ngroh\u00ebs i mir\u00eb pa bartur pesh\u00eb t\u00eb r\u00ebnd\u00eb.<br \/>\n<strong>Dimensioni \/ Kompozicioni:<\/strong> 200x200cm<br \/>\n<strong>NGJYRA:<\/strong> I bardh\u00eb<br \/>\n<strong>MATERIALI:<\/strong> Pambuk me p\u00ebrb\u00ebrje fibrash<br \/>\n<strong>UDH\u00cbZIMET E P\u00cbRDORIMIT:<\/strong> N\u00eb makin\u00eb lar\u00ebse 40\u00b0C<br \/>\n<strong>KUSHTET E KTHIMIT \/ GARANCION:<\/strong> P\u00ebr shkak t\u00eb kontaktit me higjien\u00eb personale, p\u00ebr produktet e tekstilit nuk pranohen kthime apo reklamacione.<br \/>\n<span style=\"color: #ffffff;\">5310233007956 jorgan jargan<\/span><\/p>\n","protected":false},"featured_media":31285,"template":"","meta":[],"product_brand":[],"product_cat":[110,104],"product_tag":[],"class_list":{"0":"post-5104","1":"product","2":"type-product","3":"status-publish","4":"has-post-thumbnail","6":"product_cat-jorgan","7":"product_cat-gjumi","9":"first","10":"outofstock","11":"sale","12":"shipping-taxable","13":"purchasable","14":"product-type-simple","15":"layout-style-1","16":"col-md-4 col-sm-4 col-xs-6","17":"col-lg-2","18":"product-has-gallery","19":"product-style-default"},"yoast_head":"<!-- This site is optimized with the Yoast SEO Premium plugin v18.2.1 (Yoast SEO v22.5) - https:\/\/yoast.com\/wordpress\/plugins\/seo\/ -->\n<title>Jorgan High Line 4 stinor - Comodita Home<\/title>\n<meta name=\"description\" content=\"Jorgani High Line \u00ebsht\u00eb shum\u00eb i but\u00eb dhe antialergjik, i mbushur me fibra dhe mb\u00ebshtjell\u00ebs me mikrofibra. Me sip\u00ebrfaqe t\u00eb fryr\u00eb dhe dizajn klasik...\" \/>\n<meta name=\"robots\" content=\"index, follow, max-snippet:-1, max-image-preview:large, max-video-preview:-1\" \/>\n<link rel=\"canonical\" href=\"https:\/\/www.comoditahome.com\/ks\/produkt\/jorgan-high-line-4-stinor-2\/\" \/>\n<meta property=\"og:locale\" content=\"sq_AL\" \/>\n<meta property=\"og:type\" content=\"article\" \/>\n<meta property=\"og:title\" content=\"Jorgan High Line 4 stinor\" \/>\n<meta property=\"og:description\" content=\"Jorgani High Line \u00ebsht\u00eb shum\u00eb i but\u00eb dhe antialergjik, i mbushur me fibra dhe mb\u00ebshtjell\u00ebs me mikrofibra. Me sip\u00ebrfaqe t\u00eb fryr\u00eb dhe dizajn klasik...\" \/>\n<meta property=\"og:url\" content=\"https:\/\/www.comoditahome.com\/ks\/produkt\/jorgan-high-line-4-stinor-2\/\" \/>\n<meta property=\"og:site_name\" content=\"Comodita Home\" \/>\n<meta property=\"article:publisher\" content=\"https:\/\/www.facebook.com\/comoditahome\/\" \/>\n<meta property=\"article:modified_time\" content=\"2026-05-06T13:37:04+00:00\" \/>\n<meta property=\"og:image\" content=\"https:\/\/www.comoditahome.com\/ks\/wp-content\/uploads\/2021\/07\/5310233007963-JORGI-1.jpg\" \/>\n\t<meta property=\"og:image:width\" content=\"1200\" \/>\n\t<meta property=\"og:image:height\" content=\"1300\" \/>\n\t<meta property=\"og:image:type\" content=\"image\/jpeg\" \/>\n<meta name=\"twitter:card\" content=\"summary_large_image\" \/>\n<meta name=\"twitter:label1\" content=\"Est. reading time\" \/>\n\t<meta name=\"twitter:data1\" content=\"1 minut\u00eb\" \/>\n<script type=\"application\/ld+json\" class=\"yoast-schema-graph\">{\"@context\":\"https:\/\/schema.org\",\"@graph\":[{\"@type\":\"WebPage\",\"@id\":\"https:\/\/www.comoditahome.com\/ks\/produkt\/jorgan-high-line-4-stinor-2\/\",\"url\":\"https:\/\/www.comoditahome.com\/ks\/produkt\/jorgan-high-line-4-stinor-2\/\",\"name\":\"Jorgan High Line 4 stinor - Comodita Home\",\"isPartOf\":{\"@id\":\"https:\/\/www.comoditahome.com\/ks\/#website\"},\"primaryImageOfPage\":{\"@id\":\"https:\/\/www.comoditahome.com\/ks\/produkt\/jorgan-high-line-4-stinor-2\/#primaryimage\"},\"image\":{\"@id\":\"https:\/\/www.comoditahome.com\/ks\/produkt\/jorgan-high-line-4-stinor-2\/#primaryimage\"},\"thumbnailUrl\":\"https:\/\/www.comoditahome.com\/ks\/wp-content\/uploads\/2021\/07\/5310233007963-JORGI-1.jpg\",\"datePublished\":\"2021-07-13T08:29:46+00:00\",\"dateModified\":\"2026-05-06T13:37:04+00:00\",\"description\":\"Jorgani High Line \u00ebsht\u00eb shum\u00eb i but\u00eb dhe antialergjik, i mbushur me fibra dhe mb\u00ebshtjell\u00ebs me mikrofibra. Me sip\u00ebrfaqe t\u00eb fryr\u00eb dhe dizajn klasik...\",\"breadcrumb\":{\"@id\":\"https:\/\/www.comoditahome.com\/ks\/produkt\/jorgan-high-line-4-stinor-2\/#breadcrumb\"},\"inLanguage\":\"sq\",\"potentialAction\":[{\"@type\":\"ReadAction\",\"target\":[\"https:\/\/www.comoditahome.com\/ks\/produkt\/jorgan-high-line-4-stinor-2\/\"]}]},{\"@type\":\"ImageObject\",\"inLanguage\":\"sq\",\"@id\":\"https:\/\/www.comoditahome.com\/ks\/produkt\/jorgan-high-line-4-stinor-2\/#primaryimage\",\"url\":\"https:\/\/www.comoditahome.com\/ks\/wp-content\/uploads\/2021\/07\/5310233007963-JORGI-1.jpg\",\"contentUrl\":\"https:\/\/www.comoditahome.com\/ks\/wp-content\/uploads\/2021\/07\/5310233007963-JORGI-1.jpg\",\"width\":1200,\"height\":1300,\"caption\":\"JORGANI 4 STINORHIGH LINE\"},{\"@type\":\"BreadcrumbList\",\"@id\":\"https:\/\/www.comoditahome.com\/ks\/produkt\/jorgan-high-line-4-stinor-2\/#breadcrumb\",\"itemListElement\":[{\"@type\":\"ListItem\",\"position\":1,\"name\":\"Comodita Home Kosova - Dyshek Mattress\",\"item\":\"https:\/\/www.comoditahome.com\/ks\/\"},{\"@type\":\"ListItem\",\"position\":2,\"name\":\"Shop\",\"item\":\"https:\/\/www.comoditahome.com\/ks\/shop\/\"},{\"@type\":\"ListItem\",\"position\":3,\"name\":\"Jorgan High Line 4 stinor\"}]},{\"@type\":\"WebSite\",\"@id\":\"https:\/\/www.comoditahome.com\/ks\/#website\",\"url\":\"https:\/\/www.comoditahome.com\/ks\/\",\"name\":\"Comodita Home\",\"description\":\"Dyshek, Jorgan, Jast\u00ebk, Kuzhine, Banjo, Kopsht dhe Aksesor\u00eb\",\"publisher\":{\"@id\":\"https:\/\/www.comoditahome.com\/ks\/#organization\"},\"potentialAction\":[{\"@type\":\"SearchAction\",\"target\":{\"@type\":\"EntryPoint\",\"urlTemplate\":\"https:\/\/www.comoditahome.com\/ks\/?s={search_term_string}\"},\"query-input\":\"required name=search_term_string\"}],\"inLanguage\":\"sq\"},{\"@type\":\"Organization\",\"@id\":\"https:\/\/www.comoditahome.com\/ks\/#organization\",\"name\":\"Comodita Home\",\"url\":\"https:\/\/www.comoditahome.com\/ks\/\",\"logo\":{\"@type\":\"ImageObject\",\"inLanguage\":\"sq\",\"@id\":\"https:\/\/www.comoditahome.com\/ks\/#\/schema\/logo\/image\/\",\"url\":\"https:\/\/www.comoditahome.com\/ks\/wp-content\/uploads\/2022\/05\/COMODITA_HOME_LOGO_KS_MK_AL-02.png\",\"contentUrl\":\"https:\/\/www.comoditahome.com\/ks\/wp-content\/uploads\/2022\/05\/COMODITA_HOME_LOGO_KS_MK_AL-02.png\",\"width\":180,\"height\":87,\"caption\":\"Comodita Home\"},\"image\":{\"@id\":\"https:\/\/www.comoditahome.com\/ks\/#\/schema\/logo\/image\/\"},\"sameAs\":[\"https:\/\/www.facebook.com\/comoditahome\/\",\"https:\/\/www.instagram.com\/comoditahome\/\",\"https:\/\/www.linkedin.com\/company\/comoditahome\/?originalSubdomain=fj\",\"https:\/\/www.youtube.com\/channel\/UC5O6IsT4JD4zaiOqmRi_Pvg\"]}]}<\/script>\n<!-- \/ Yoast SEO Premium plugin. -->","yoast_head_json":{"title":"Jorgan High Line 4 stinor - Comodita Home","description":"Jorgani High Line \u00ebsht\u00eb shum\u00eb i but\u00eb dhe antialergjik, i mbushur me fibra dhe mb\u00ebshtjell\u00ebs me mikrofibra. Me sip\u00ebrfaqe t\u00eb fryr\u00eb dhe dizajn klasik...","robots":{"index":"index","follow":"follow","max-snippet":"max-snippet:-1","max-image-preview":"max-image-preview:large","max-video-preview":"max-video-preview:-1"},"canonical":"https:\/\/www.comoditahome.com\/ks\/produkt\/jorgan-high-line-4-stinor-2\/","og_locale":"sq_AL","og_type":"article","og_title":"Jorgan High Line 4 stinor","og_description":"Jorgani High Line \u00ebsht\u00eb shum\u00eb i but\u00eb dhe antialergjik, i mbushur me fibra dhe mb\u00ebshtjell\u00ebs me mikrofibra. Me sip\u00ebrfaqe t\u00eb fryr\u00eb dhe dizajn klasik...","og_url":"https:\/\/www.comoditahome.com\/ks\/produkt\/jorgan-high-line-4-stinor-2\/","og_site_name":"Comodita Home","article_publisher":"https:\/\/www.facebook.com\/comoditahome\/","article_modified_time":"2026-05-06T13:37:04+00:00","og_image":[{"width":1200,"height":1300,"url":"https:\/\/www.comoditahome.com\/ks\/wp-content\/uploads\/2021\/07\/5310233007963-JORGI-1.jpg","type":"image\/jpeg"}],"twitter_card":"summary_large_image","twitter_misc":{"Est. reading time":"1 minut\u00eb"},"schema":{"@context":"https:\/\/schema.org","@graph":[{"@type":"WebPage","@id":"https:\/\/www.comoditahome.com\/ks\/produkt\/jorgan-high-line-4-stinor-2\/","url":"https:\/\/www.comoditahome.com\/ks\/produkt\/jorgan-high-line-4-stinor-2\/","name":"Jorgan High Line 4 stinor - Comodita Home","isPartOf":{"@id":"https:\/\/www.comoditahome.com\/ks\/#website"},"primaryImageOfPage":{"@id":"https:\/\/www.comoditahome.com\/ks\/produkt\/jorgan-high-line-4-stinor-2\/#primaryimage"},"image":{"@id":"https:\/\/www.comoditahome.com\/ks\/produkt\/jorgan-high-line-4-stinor-2\/#primaryimage"},"thumbnailUrl":"https:\/\/www.comoditahome.com\/ks\/wp-content\/uploads\/2021\/07\/5310233007963-JORGI-1.jpg","datePublished":"2021-07-13T08:29:46+00:00","dateModified":"2026-05-06T13:37:04+00:00","description":"Jorgani High Line \u00ebsht\u00eb shum\u00eb i but\u00eb dhe antialergjik, i mbushur me fibra dhe mb\u00ebshtjell\u00ebs me mikrofibra. Me sip\u00ebrfaqe t\u00eb fryr\u00eb dhe dizajn klasik...","breadcrumb":{"@id":"https:\/\/www.comoditahome.com\/ks\/produkt\/jorgan-high-line-4-stinor-2\/#breadcrumb"},"inLanguage":"sq","potentialAction":[{"@type":"ReadAction","target":["https:\/\/www.comoditahome.com\/ks\/produkt\/jorgan-high-line-4-stinor-2\/"]}]},{"@type":"ImageObject","inLanguage":"sq","@id":"https:\/\/www.comoditahome.com\/ks\/produkt\/jorgan-high-line-4-stinor-2\/#primaryimage","url":"https:\/\/www.comoditahome.com\/ks\/wp-content\/uploads\/2021\/07\/5310233007963-JORGI-1.jpg","contentUrl":"https:\/\/www.comoditahome.com\/ks\/wp-content\/uploads\/2021\/07\/5310233007963-JORGI-1.jpg","width":1200,"height":1300,"caption":"JORGANI 4 STINORHIGH LINE"},{"@type":"BreadcrumbList","@id":"https:\/\/www.comoditahome.com\/ks\/produkt\/jorgan-high-line-4-stinor-2\/#breadcrumb","itemListElement":[{"@type":"ListItem","position":1,"name":"Comodita Home Kosova - Dyshek Mattress","item":"https:\/\/www.comoditahome.com\/ks\/"},{"@type":"ListItem","position":2,"name":"Shop","item":"https:\/\/www.comoditahome.com\/ks\/shop\/"},{"@type":"ListItem","position":3,"name":"Jorgan High Line 4 stinor"}]},{"@type":"WebSite","@id":"https:\/\/www.comoditahome.com\/ks\/#website","url":"https:\/\/www.comoditahome.com\/ks\/","name":"Comodita Home","description":"Dyshek, Jorgan, Jast\u00ebk, Kuzhine, Banjo, Kopsht dhe Aksesor\u00eb","publisher":{"@id":"https:\/\/www.comoditahome.com\/ks\/#organization"},"potentialAction":[{"@type":"SearchAction","target":{"@type":"EntryPoint","urlTemplate":"https:\/\/www.comoditahome.com\/ks\/?s={search_term_string}"},"query-input":"required name=search_term_string"}],"inLanguage":"sq"},{"@type":"Organization","@id":"https:\/\/www.comoditahome.com\/ks\/#organization","name":"Comodita Home","url":"https:\/\/www.comoditahome.com\/ks\/","logo":{"@type":"ImageObject","inLanguage":"sq","@id":"https:\/\/www.comoditahome.com\/ks\/#\/schema\/logo\/image\/","url":"https:\/\/www.comoditahome.com\/ks\/wp-content\/uploads\/2022\/05\/COMODITA_HOME_LOGO_KS_MK_AL-02.png","contentUrl":"https:\/\/www.comoditahome.com\/ks\/wp-content\/uploads\/2022\/05\/COMODITA_HOME_LOGO_KS_MK_AL-02.png","width":180,"height":87,"caption":"Comodita Home"},"image":{"@id":"https:\/\/www.comoditahome.com\/ks\/#\/schema\/logo\/image\/"},"sameAs":["https:\/\/www.facebook.com\/comoditahome\/","https:\/\/www.instagram.com\/comoditahome\/","https:\/\/www.linkedin.com\/company\/comoditahome\/?originalSubdomain=fj","https:\/\/www.youtube.com\/channel\/UC5O6IsT4JD4zaiOqmRi_Pvg"]}]}},"_links":{"self":[{"href":"https:\/\/www.comoditahome.com\/ks\/wp-json\/wp\/v2\/product\/5104","targetHints":{"allow":["GET"]}}],"collection":[{"href":"https:\/\/www.comoditahome.com\/ks\/wp-json\/wp\/v2\/product"}],"about":[{"href":"https:\/\/www.comoditahome.com\/ks\/wp-json\/wp\/v2\/types\/product"}],"version-history":[{"count":3,"href":"https:\/\/www.comoditahome.com\/ks\/wp-json\/wp\/v2\/product\/5104\/revisions"}],"predecessor-version":[{"id":74211,"href":"https:\/\/www.comoditahome.com\/ks\/wp-json\/wp\/v2\/product\/5104\/revisions\/74211"}],"wp:featuredmedia":[{"embeddable":true,"href":"https:\/\/www.comoditahome.com\/ks\/wp-json\/wp\/v2\/media\/31285"}],"wp:attachment":[{"href":"https:\/\/www.comoditahome.com\/ks\/wp-json\/wp\/v2\/media?parent=5104"}],"wp:term":[{"taxonomy":"product_brand","embeddable":true,"href":"https:\/\/www.comoditahome.com\/ks\/wp-json\/wp\/v2\/product_brand?post=5104"},{"taxonomy":"product_cat","embeddable":true,"href":"https:\/\/www.comoditahome.com\/ks\/wp-json\/wp\/v2\/product_cat?post=5104"},{"taxonomy":"product_tag","embeddable":true,"href":"https:\/\/www.comoditahome.com\/ks\/wp-json\/wp\/v2\/product_tag?post=5104"}],"curies":[{"name":"wp","href":"https:\/\/api.w.org\/{rel}","templated":true}]}}