 {"id":5305,"date":"2021-07-15T08:00:55","date_gmt":"2021-07-15T06:00:55","guid":{"rendered":"https:\/\/ks.comoditahome.com\/?post_type=product&#038;p=5305"},"modified":"2026-04-24T09:18:44","modified_gmt":"2026-04-24T07:18:44","slug":"jastek-kujdesi-per-gra-shtatezena","status":"publish","type":"product","link":"https:\/\/www.comoditahome.com\/ks\/produkt\/jastek-kujdesi-per-gra-shtatezena\/","title":{"rendered":"Jast\u00ebk kujdesi p\u00ebr gra shtat\u00ebz\u00ebna"},"content":{"rendered":"<p style=\"text-align: left;\">Jast\u00ebku i kujdesit p\u00ebr gra shtat\u00ebz\u00ebna, krahas rehatis\u00eb q\u00eb mund t\u00eb ju ofroj gjat\u00eb shtat\u00ebzanis\u00eb.<\/p>\n<p style=\"text-align: left;\">P\u00ebrdoret edhe si mjet p\u00ebr t\u00eb ndihmuar foshnjat t\u00eb m\u00ebsojn\u00eb se si t\u00eb mb\u00ebshtesin veten.<\/p>\n<p style=\"text-align: left;\">Kur foshnjat m\u00ebsojn\u00eb t\u00eb ulen t\u00eb pamb\u00ebshtetur, apo gjat\u00eb ushqimit t\u00eb foshnj\u00ebs me gji.<\/p>\n<p style=\"text-align: left;\">Me material tejet t\u00eb but\u00eb, ky jast\u00ebk mund t\u00eb form\u00ebsohet sipas nevoj\u00ebs n\u00eb form\u00eb t\u00eb rrumbullak\u00ebt apo t\u00eb drejt\u00eb.<\/p>\n","protected":false},"excerpt":{"rendered":"<p style=\"text-align: left;\">Jast\u00ebku i kujdesit p\u00ebr gra shtat\u00ebz\u00ebna, krahas rehatis\u00eb q\u00eb mund t\u00eb ju ofroj gjat\u00eb shtat\u00ebzanis\u00eb, p\u00ebrdoret edhe si mjet p\u00ebr t\u00eb ndihmuar foshnjat t\u00eb m\u00ebsojn\u00eb se si t\u00eb mb\u00ebshtesin veten, kur foshnjat m\u00ebsojn\u00eb t\u00eb ulen t\u00eb pamb\u00ebshtetur, apo gjat\u00eb ushqimit t\u00eb foshnj\u00ebs me gji. Me material tejet t\u00eb but\u00eb, ky jast\u00ebk mund t\u00eb form\u00ebsohet sipas nevoj\u00ebs n\u00eb form\u00eb t\u00eb rrumbullak\u00ebt apo t\u00eb drejt\u00eb.<\/p>\n<p style=\"text-align: left;\"><strong>Dimensioni \/ Kompozicioni:<\/strong> 48cm<\/p>\n<p style=\"text-align: left;\"><strong>NGJYRA:<\/strong> I kalt\u00ebr<\/p>\n<p style=\"text-align: left;\"><strong>MATERIALI:<\/strong> Poliest\u00ebr<\/p>\n<p style=\"text-align: left;\"><strong>UDH\u00cbZIMET E P\u00cbRDORIMIT:<\/strong> Nuk pastrohet, vet\u00ebm ajroset.<\/p>\n<p style=\"text-align: left;\"><strong>KUSHTET E KTHIMIT \/ GARANCION:<\/strong> P\u00ebr shkak t\u00eb kontaktit me higjien\u00eb personale, p\u00ebr produktet e tekstilit nuk pranohen kthime apo reklamacione.<br \/>\n<span style=\"color: #ffffff;\">3907489160553 jastyk jastek jostyk jostak<\/span><\/p>\n","protected":false},"featured_media":31192,"template":"","meta":[],"product_brand":[],"product_cat":[104,108],"product_tag":[],"class_list":{"0":"post-5305","1":"product","2":"type-product","3":"status-publish","4":"has-post-thumbnail","6":"product_cat-gjumi","7":"product_cat-jastek","9":"first","10":"instock","11":"sale","12":"shipping-taxable","13":"purchasable","14":"product-type-simple","15":"layout-style-1","16":"col-md-4 col-sm-4 col-xs-6","17":"col-lg-2","18":"product-has-gallery","19":"product-style-default"},"yoast_head":"<!-- This site is optimized with the Yoast SEO Premium plugin v18.2.1 (Yoast SEO v22.5) - https:\/\/yoast.com\/wordpress\/plugins\/seo\/ -->\n<title>Jast\u00ebk kujdesi p\u00ebr gra shtat\u00ebz\u00ebna - Comodita Home<\/title>\n<meta name=\"description\" content=\"Jast\u00ebku i kujdesit p\u00ebr gra shtat\u00ebz\u00ebna, krahas rehatis\u00eb q\u00eb mund t\u00eb ju ofroj gjat\u00eb shtat\u00ebzanis\u00eb, p\u00ebrdoret edhe si mjet p\u00ebr t\u00eb ndihmuar foshnjat.\" \/>\n<meta name=\"robots\" content=\"index, follow, max-snippet:-1, max-image-preview:large, max-video-preview:-1\" \/>\n<link rel=\"canonical\" href=\"https:\/\/www.comoditahome.com\/ks\/produkt\/jastek-kujdesi-per-gra-shtatezena\/\" \/>\n<meta property=\"og:locale\" content=\"sq_AL\" \/>\n<meta property=\"og:type\" content=\"article\" \/>\n<meta property=\"og:title\" content=\"Jast\u00ebk kujdesi p\u00ebr gra shtat\u00ebz\u00ebna\" \/>\n<meta property=\"og:description\" content=\"Jast\u00ebku i kujdesit p\u00ebr gra shtat\u00ebz\u00ebna, krahas rehatis\u00eb q\u00eb mund t\u00eb ju ofroj gjat\u00eb shtat\u00ebzanis\u00eb, p\u00ebrdoret edhe si mjet p\u00ebr t\u00eb ndihmuar foshnjat.\" \/>\n<meta property=\"og:url\" content=\"https:\/\/www.comoditahome.com\/ks\/produkt\/jastek-kujdesi-per-gra-shtatezena\/\" \/>\n<meta property=\"og:site_name\" content=\"Comodita Home\" \/>\n<meta property=\"article:publisher\" content=\"https:\/\/www.facebook.com\/comoditahome\/\" \/>\n<meta property=\"article:modified_time\" content=\"2026-04-24T07:18:44+00:00\" \/>\n<meta property=\"og:image\" content=\"https:\/\/www.comoditahome.com\/ks\/wp-content\/uploads\/2021\/07\/3907489160553-PREG-1.jpg\" \/>\n\t<meta property=\"og:image:width\" content=\"1200\" \/>\n\t<meta property=\"og:image:height\" content=\"1300\" \/>\n\t<meta property=\"og:image:type\" content=\"image\/jpeg\" \/>\n<meta name=\"twitter:card\" content=\"summary_large_image\" \/>\n<meta name=\"twitter:label1\" content=\"Est. reading time\" \/>\n\t<meta name=\"twitter:data1\" content=\"1 minut\u00eb\" \/>\n<script type=\"application\/ld+json\" class=\"yoast-schema-graph\">{\"@context\":\"https:\/\/schema.org\",\"@graph\":[{\"@type\":\"WebPage\",\"@id\":\"https:\/\/www.comoditahome.com\/ks\/produkt\/jastek-kujdesi-per-gra-shtatezena\/\",\"url\":\"https:\/\/www.comoditahome.com\/ks\/produkt\/jastek-kujdesi-per-gra-shtatezena\/\",\"name\":\"Jast\u00ebk kujdesi p\u00ebr gra shtat\u00ebz\u00ebna - Comodita Home\",\"isPartOf\":{\"@id\":\"https:\/\/www.comoditahome.com\/ks\/#website\"},\"primaryImageOfPage\":{\"@id\":\"https:\/\/www.comoditahome.com\/ks\/produkt\/jastek-kujdesi-per-gra-shtatezena\/#primaryimage\"},\"image\":{\"@id\":\"https:\/\/www.comoditahome.com\/ks\/produkt\/jastek-kujdesi-per-gra-shtatezena\/#primaryimage\"},\"thumbnailUrl\":\"https:\/\/www.comoditahome.com\/ks\/wp-content\/uploads\/2021\/07\/3907489160553-PREG-1.jpg\",\"datePublished\":\"2021-07-15T06:00:55+00:00\",\"dateModified\":\"2026-04-24T07:18:44+00:00\",\"description\":\"Jast\u00ebku i kujdesit p\u00ebr gra shtat\u00ebz\u00ebna, krahas rehatis\u00eb q\u00eb mund t\u00eb ju ofroj gjat\u00eb shtat\u00ebzanis\u00eb, p\u00ebrdoret edhe si mjet p\u00ebr t\u00eb ndihmuar foshnjat.\",\"breadcrumb\":{\"@id\":\"https:\/\/www.comoditahome.com\/ks\/produkt\/jastek-kujdesi-per-gra-shtatezena\/#breadcrumb\"},\"inLanguage\":\"sq\",\"potentialAction\":[{\"@type\":\"ReadAction\",\"target\":[\"https:\/\/www.comoditahome.com\/ks\/produkt\/jastek-kujdesi-per-gra-shtatezena\/\"]}]},{\"@type\":\"ImageObject\",\"inLanguage\":\"sq\",\"@id\":\"https:\/\/www.comoditahome.com\/ks\/produkt\/jastek-kujdesi-per-gra-shtatezena\/#primaryimage\",\"url\":\"https:\/\/www.comoditahome.com\/ks\/wp-content\/uploads\/2021\/07\/3907489160553-PREG-1.jpg\",\"contentUrl\":\"https:\/\/www.comoditahome.com\/ks\/wp-content\/uploads\/2021\/07\/3907489160553-PREG-1.jpg\",\"width\":1200,\"height\":1300},{\"@type\":\"BreadcrumbList\",\"@id\":\"https:\/\/www.comoditahome.com\/ks\/produkt\/jastek-kujdesi-per-gra-shtatezena\/#breadcrumb\",\"itemListElement\":[{\"@type\":\"ListItem\",\"position\":1,\"name\":\"Comodita Home Kosova - Dyshek Mattress\",\"item\":\"https:\/\/www.comoditahome.com\/ks\/\"},{\"@type\":\"ListItem\",\"position\":2,\"name\":\"Shop\",\"item\":\"https:\/\/www.comoditahome.com\/ks\/shop\/\"},{\"@type\":\"ListItem\",\"position\":3,\"name\":\"Jast\u00ebk kujdesi p\u00ebr gra shtat\u00ebz\u00ebna\"}]},{\"@type\":\"WebSite\",\"@id\":\"https:\/\/www.comoditahome.com\/ks\/#website\",\"url\":\"https:\/\/www.comoditahome.com\/ks\/\",\"name\":\"Comodita Home\",\"description\":\"Dyshek, Jorgan, Jast\u00ebk, Kuzhine, Banjo, Kopsht dhe Aksesor\u00eb\",\"publisher\":{\"@id\":\"https:\/\/www.comoditahome.com\/ks\/#organization\"},\"potentialAction\":[{\"@type\":\"SearchAction\",\"target\":{\"@type\":\"EntryPoint\",\"urlTemplate\":\"https:\/\/www.comoditahome.com\/ks\/?s={search_term_string}\"},\"query-input\":\"required name=search_term_string\"}],\"inLanguage\":\"sq\"},{\"@type\":\"Organization\",\"@id\":\"https:\/\/www.comoditahome.com\/ks\/#organization\",\"name\":\"Comodita Home\",\"url\":\"https:\/\/www.comoditahome.com\/ks\/\",\"logo\":{\"@type\":\"ImageObject\",\"inLanguage\":\"sq\",\"@id\":\"https:\/\/www.comoditahome.com\/ks\/#\/schema\/logo\/image\/\",\"url\":\"https:\/\/www.comoditahome.com\/ks\/wp-content\/uploads\/2022\/05\/COMODITA_HOME_LOGO_KS_MK_AL-02.png\",\"contentUrl\":\"https:\/\/www.comoditahome.com\/ks\/wp-content\/uploads\/2022\/05\/COMODITA_HOME_LOGO_KS_MK_AL-02.png\",\"width\":180,\"height\":87,\"caption\":\"Comodita Home\"},\"image\":{\"@id\":\"https:\/\/www.comoditahome.com\/ks\/#\/schema\/logo\/image\/\"},\"sameAs\":[\"https:\/\/www.facebook.com\/comoditahome\/\",\"https:\/\/www.instagram.com\/comoditahome\/\",\"https:\/\/www.linkedin.com\/company\/comoditahome\/?originalSubdomain=fj\",\"https:\/\/www.youtube.com\/channel\/UC5O6IsT4JD4zaiOqmRi_Pvg\"]}]}<\/script>\n<!-- \/ Yoast SEO Premium plugin. -->","yoast_head_json":{"title":"Jast\u00ebk kujdesi p\u00ebr gra shtat\u00ebz\u00ebna - Comodita Home","description":"Jast\u00ebku i kujdesit p\u00ebr gra shtat\u00ebz\u00ebna, krahas rehatis\u00eb q\u00eb mund t\u00eb ju ofroj gjat\u00eb shtat\u00ebzanis\u00eb, p\u00ebrdoret edhe si mjet p\u00ebr t\u00eb ndihmuar foshnjat.","robots":{"index":"index","follow":"follow","max-snippet":"max-snippet:-1","max-image-preview":"max-image-preview:large","max-video-preview":"max-video-preview:-1"},"canonical":"https:\/\/www.comoditahome.com\/ks\/produkt\/jastek-kujdesi-per-gra-shtatezena\/","og_locale":"sq_AL","og_type":"article","og_title":"Jast\u00ebk kujdesi p\u00ebr gra shtat\u00ebz\u00ebna","og_description":"Jast\u00ebku i kujdesit p\u00ebr gra shtat\u00ebz\u00ebna, krahas rehatis\u00eb q\u00eb mund t\u00eb ju ofroj gjat\u00eb shtat\u00ebzanis\u00eb, p\u00ebrdoret edhe si mjet p\u00ebr t\u00eb ndihmuar foshnjat.","og_url":"https:\/\/www.comoditahome.com\/ks\/produkt\/jastek-kujdesi-per-gra-shtatezena\/","og_site_name":"Comodita Home","article_publisher":"https:\/\/www.facebook.com\/comoditahome\/","article_modified_time":"2026-04-24T07:18:44+00:00","og_image":[{"width":1200,"height":1300,"url":"https:\/\/www.comoditahome.com\/ks\/wp-content\/uploads\/2021\/07\/3907489160553-PREG-1.jpg","type":"image\/jpeg"}],"twitter_card":"summary_large_image","twitter_misc":{"Est. reading time":"1 minut\u00eb"},"schema":{"@context":"https:\/\/schema.org","@graph":[{"@type":"WebPage","@id":"https:\/\/www.comoditahome.com\/ks\/produkt\/jastek-kujdesi-per-gra-shtatezena\/","url":"https:\/\/www.comoditahome.com\/ks\/produkt\/jastek-kujdesi-per-gra-shtatezena\/","name":"Jast\u00ebk kujdesi p\u00ebr gra shtat\u00ebz\u00ebna - Comodita Home","isPartOf":{"@id":"https:\/\/www.comoditahome.com\/ks\/#website"},"primaryImageOfPage":{"@id":"https:\/\/www.comoditahome.com\/ks\/produkt\/jastek-kujdesi-per-gra-shtatezena\/#primaryimage"},"image":{"@id":"https:\/\/www.comoditahome.com\/ks\/produkt\/jastek-kujdesi-per-gra-shtatezena\/#primaryimage"},"thumbnailUrl":"https:\/\/www.comoditahome.com\/ks\/wp-content\/uploads\/2021\/07\/3907489160553-PREG-1.jpg","datePublished":"2021-07-15T06:00:55+00:00","dateModified":"2026-04-24T07:18:44+00:00","description":"Jast\u00ebku i kujdesit p\u00ebr gra shtat\u00ebz\u00ebna, krahas rehatis\u00eb q\u00eb mund t\u00eb ju ofroj gjat\u00eb shtat\u00ebzanis\u00eb, p\u00ebrdoret edhe si mjet p\u00ebr t\u00eb ndihmuar foshnjat.","breadcrumb":{"@id":"https:\/\/www.comoditahome.com\/ks\/produkt\/jastek-kujdesi-per-gra-shtatezena\/#breadcrumb"},"inLanguage":"sq","potentialAction":[{"@type":"ReadAction","target":["https:\/\/www.comoditahome.com\/ks\/produkt\/jastek-kujdesi-per-gra-shtatezena\/"]}]},{"@type":"ImageObject","inLanguage":"sq","@id":"https:\/\/www.comoditahome.com\/ks\/produkt\/jastek-kujdesi-per-gra-shtatezena\/#primaryimage","url":"https:\/\/www.comoditahome.com\/ks\/wp-content\/uploads\/2021\/07\/3907489160553-PREG-1.jpg","contentUrl":"https:\/\/www.comoditahome.com\/ks\/wp-content\/uploads\/2021\/07\/3907489160553-PREG-1.jpg","width":1200,"height":1300},{"@type":"BreadcrumbList","@id":"https:\/\/www.comoditahome.com\/ks\/produkt\/jastek-kujdesi-per-gra-shtatezena\/#breadcrumb","itemListElement":[{"@type":"ListItem","position":1,"name":"Comodita Home Kosova - Dyshek Mattress","item":"https:\/\/www.comoditahome.com\/ks\/"},{"@type":"ListItem","position":2,"name":"Shop","item":"https:\/\/www.comoditahome.com\/ks\/shop\/"},{"@type":"ListItem","position":3,"name":"Jast\u00ebk kujdesi p\u00ebr gra shtat\u00ebz\u00ebna"}]},{"@type":"WebSite","@id":"https:\/\/www.comoditahome.com\/ks\/#website","url":"https:\/\/www.comoditahome.com\/ks\/","name":"Comodita Home","description":"Dyshek, Jorgan, Jast\u00ebk, Kuzhine, Banjo, Kopsht dhe Aksesor\u00eb","publisher":{"@id":"https:\/\/www.comoditahome.com\/ks\/#organization"},"potentialAction":[{"@type":"SearchAction","target":{"@type":"EntryPoint","urlTemplate":"https:\/\/www.comoditahome.com\/ks\/?s={search_term_string}"},"query-input":"required name=search_term_string"}],"inLanguage":"sq"},{"@type":"Organization","@id":"https:\/\/www.comoditahome.com\/ks\/#organization","name":"Comodita Home","url":"https:\/\/www.comoditahome.com\/ks\/","logo":{"@type":"ImageObject","inLanguage":"sq","@id":"https:\/\/www.comoditahome.com\/ks\/#\/schema\/logo\/image\/","url":"https:\/\/www.comoditahome.com\/ks\/wp-content\/uploads\/2022\/05\/COMODITA_HOME_LOGO_KS_MK_AL-02.png","contentUrl":"https:\/\/www.comoditahome.com\/ks\/wp-content\/uploads\/2022\/05\/COMODITA_HOME_LOGO_KS_MK_AL-02.png","width":180,"height":87,"caption":"Comodita Home"},"image":{"@id":"https:\/\/www.comoditahome.com\/ks\/#\/schema\/logo\/image\/"},"sameAs":["https:\/\/www.facebook.com\/comoditahome\/","https:\/\/www.instagram.com\/comoditahome\/","https:\/\/www.linkedin.com\/company\/comoditahome\/?originalSubdomain=fj","https:\/\/www.youtube.com\/channel\/UC5O6IsT4JD4zaiOqmRi_Pvg"]}]}},"_links":{"self":[{"href":"https:\/\/www.comoditahome.com\/ks\/wp-json\/wp\/v2\/product\/5305","targetHints":{"allow":["GET"]}}],"collection":[{"href":"https:\/\/www.comoditahome.com\/ks\/wp-json\/wp\/v2\/product"}],"about":[{"href":"https:\/\/www.comoditahome.com\/ks\/wp-json\/wp\/v2\/types\/product"}],"version-history":[{"count":4,"href":"https:\/\/www.comoditahome.com\/ks\/wp-json\/wp\/v2\/product\/5305\/revisions"}],"predecessor-version":[{"id":85738,"href":"https:\/\/www.comoditahome.com\/ks\/wp-json\/wp\/v2\/product\/5305\/revisions\/85738"}],"wp:featuredmedia":[{"embeddable":true,"href":"https:\/\/www.comoditahome.com\/ks\/wp-json\/wp\/v2\/media\/31192"}],"wp:attachment":[{"href":"https:\/\/www.comoditahome.com\/ks\/wp-json\/wp\/v2\/media?parent=5305"}],"wp:term":[{"taxonomy":"product_brand","embeddable":true,"href":"https:\/\/www.comoditahome.com\/ks\/wp-json\/wp\/v2\/product_brand?post=5305"},{"taxonomy":"product_cat","embeddable":true,"href":"https:\/\/www.comoditahome.com\/ks\/wp-json\/wp\/v2\/product_cat?post=5305"},{"taxonomy":"product_tag","embeddable":true,"href":"https:\/\/www.comoditahome.com\/ks\/wp-json\/wp\/v2\/product_tag?post=5305"}],"curies":[{"name":"wp","href":"https:\/\/api.w.org\/{rel}","templated":true}]}}