 {"id":53074,"date":"2022-07-20T13:20:03","date_gmt":"2022-07-20T12:20:03","guid":{"rendered":"https:\/\/www.comoditahome.com\/ks\/?post_type=product&#038;p=53074"},"modified":"2026-04-14T14:35:06","modified_gmt":"2026-04-14T12:35:06","slug":"jastek-gel-saponetta","status":"publish","type":"product","link":"https:\/\/www.comoditahome.com\/ks\/produkt\/jastek-gel-saponetta\/","title":{"rendered":"Jast\u00ebk Gel Saponetta"},"content":{"rendered":"<p style=\"text-align: left\">Jast\u00ebku Gel Anatomik, ka form\u00ebn saponeta (forma e sapunit) dhe \u00ebsht\u00eb i nd\u00ebrtuar nga shkuma Memory.<\/p>\n<p style=\"text-align: left\">Ky jast\u00ebk krahas form\u00ebs, materialit dhe p\u00ebrb\u00ebrjes s\u00eb shkum\u00ebs, garanton mb\u00ebshtjetje optimale dhe natyrale t\u00eb kok\u00ebs, qaf\u00ebs dhe fillim shpin\u00ebs tuaj.<\/p>\n<p style=\"text-align: left\">I p\u00ebrshtatet temperatur\u00ebs s\u00eb trupit tuaj duke siguruar rehati t\u00eb k\u00ebndshme.<\/p>\n<p style=\"text-align: left\">Duke eliminuar lodhjen, d\u00ebmtimin dhe parehatin\u00eb e shkaktuar nga jast\u00ebk\u00ebt shum\u00eb t\u00eb but\u00eb.<\/p>\n<p style=\"text-align: left\">T\u00eb fort\u00eb apo fleksibil, ky jast\u00ebk ndihmon trupin t\u00eb hyj\u00eb n\u00eb nj\u00eb gjendje t\u00eb mir\u00eb t\u00eb gjumit shum\u00eb shpejt.<\/p>\n<p style=\"text-align: left\">Koka dhe qafa e relaksuar mund t\u00eb p\u00ebrmir\u00ebsoj\u00eb paraliz\u00ebn muskulore t\u00eb shkaktuar nga qarkullimi jo i mir\u00eb i gjakut.<\/p>\n","protected":false},"excerpt":{"rendered":"<p style=\"text-align: left\">Jast\u00ebku Gel Anatomik, ka form\u00ebn saponeta (forma e sapunit) dhe \u00ebsht\u00eb i nd\u00ebrtuar nga shkuma Memory. Ky jast\u00ebk krahas form\u00ebs, materialit dhe p\u00ebrb\u00ebrjes s\u00eb shkum\u00ebs, garanton mb\u00ebshtjetje optimale dhe natyrale t\u00eb kok\u00ebs, qaf\u00ebs dhe fillim shpin\u00ebs tuaj. I p\u00ebrshtatet temperatur\u00ebs s\u00eb trupit tuaj duke siguruar rehati t\u00eb k\u00ebndshme.<\/p>\n<p style=\"text-align: left\">Duke eliminuar lodhjen, d\u00ebmtimin dhe parehatin\u00eb e shkaktuar nga jast\u00ebk\u00ebt shum\u00eb t\u00eb but\u00eb, t\u00eb fort\u00eb apo fleksibil, ky jast\u00ebk ndihmon trupin t\u00eb hyj\u00eb n\u00eb nj\u00eb gjendje t\u00eb mir\u00eb t\u00eb gjumit shum\u00eb shpejt. Koka dhe qafa e relaksuar mund t\u00eb p\u00ebrmir\u00ebsoj\u00eb paraliz\u00ebn muskulore t\u00eb shkaktuar nga qarkullimi jo i mir\u00eb i gjakut dhe nervat e ngjeshura dhe mund t\u00eb reduktoj\u00eb rrotullimet gjat\u00eb gjumit, duke ju lejuar t\u00eb b\u00ebni nj\u00eb gjum\u00eb t\u00eb qet\u00eb.<\/p>\n<p style=\"text-align: left\"><strong>Dimensioni \/ Kompozicioni:<\/strong> 60x40x12cm<\/p>\n<p style=\"text-align: left\"><strong>NGJYRA:<\/strong> Bardh\u00eb dhe blu<\/p>\n<p style=\"text-align: left\"><strong>MATERIALI:<\/strong> Shkum\u00eb Memory me p\u00ebrmbatje geli<\/p>\n<p style=\"text-align: left\"><strong>UDH\u00cbZIMET E P\u00cbRDORIMIT:<\/strong> Jast\u00ebku nuk pastrohet, vet\u00ebm ajroset.<\/p>\n<p style=\"text-align: left\"><strong>KUSHTET E KTHIMIT \/ GARANCION:<\/strong> P\u00ebr shkak t\u00eb kontaktit me higjien\u00eb personale, p\u00ebr produktet e tekstilit nuk pranohen kthime apo reklamacione.<br \/>\n<span style=\"color: #ffffff\">3907489190024 jastyk jastek jostyk jostak<\/span><\/p>\n","protected":false},"featured_media":53080,"template":"","meta":[],"product_brand":[],"product_cat":[104,108],"product_tag":[],"class_list":{"0":"post-53074","1":"product","2":"type-product","3":"status-publish","4":"has-post-thumbnail","6":"product_cat-gjumi","7":"product_cat-jastek","9":"first","10":"outofstock","11":"sale","12":"shipping-taxable","13":"purchasable","14":"product-type-simple","15":"layout-style-1","16":"col-md-4 col-sm-4 col-xs-6","17":"col-lg-2","18":"product-has-gallery","19":"product-style-default"},"yoast_head":"<!-- This site is optimized with the Yoast SEO Premium plugin v18.2.1 (Yoast SEO v22.5) - https:\/\/yoast.com\/wordpress\/plugins\/seo\/ -->\n<title>Jast\u00ebk Gel Saponetta - Comodita Home<\/title>\n<meta name=\"description\" content=\"Jast\u00ebku Gel Anatomik, ka form\u00ebn saponeta (forma e sapunit) dhe \u00ebsht\u00eb i nd\u00ebrtuar nga shkuma Memory. Ky jast\u00ebk krahas form\u00ebs, materialit...\" \/>\n<meta name=\"robots\" content=\"index, follow, max-snippet:-1, max-image-preview:large, max-video-preview:-1\" \/>\n<link rel=\"canonical\" href=\"https:\/\/www.comoditahome.com\/ks\/produkt\/jastek-gel-saponetta\/\" \/>\n<meta property=\"og:locale\" content=\"sq_AL\" \/>\n<meta property=\"og:type\" content=\"article\" \/>\n<meta property=\"og:title\" content=\"Jast\u00ebk Gel Saponetta\" \/>\n<meta property=\"og:description\" content=\"Jast\u00ebku Gel Anatomik, ka form\u00ebn saponeta (forma e sapunit) dhe \u00ebsht\u00eb i nd\u00ebrtuar nga shkuma Memory. Ky jast\u00ebk krahas form\u00ebs, materialit...\" \/>\n<meta property=\"og:url\" content=\"https:\/\/www.comoditahome.com\/ks\/produkt\/jastek-gel-saponetta\/\" \/>\n<meta property=\"og:site_name\" content=\"Comodita Home\" \/>\n<meta property=\"article:publisher\" content=\"https:\/\/www.facebook.com\/comoditahome\/\" \/>\n<meta property=\"article:modified_time\" content=\"2026-04-14T12:35:06+00:00\" \/>\n<meta property=\"og:image\" content=\"https:\/\/www.comoditahome.com\/ks\/wp-content\/uploads\/2022\/07\/3907489190024-1.jpg\" \/>\n\t<meta property=\"og:image:width\" content=\"1200\" \/>\n\t<meta property=\"og:image:height\" content=\"1300\" \/>\n\t<meta property=\"og:image:type\" content=\"image\/jpeg\" \/>\n<meta name=\"twitter:card\" content=\"summary_large_image\" \/>\n<meta name=\"twitter:label1\" content=\"Est. reading time\" \/>\n\t<meta name=\"twitter:data1\" content=\"1 minut\u00eb\" \/>\n<script type=\"application\/ld+json\" class=\"yoast-schema-graph\">{\"@context\":\"https:\/\/schema.org\",\"@graph\":[{\"@type\":\"WebPage\",\"@id\":\"https:\/\/www.comoditahome.com\/ks\/produkt\/jastek-gel-saponetta\/\",\"url\":\"https:\/\/www.comoditahome.com\/ks\/produkt\/jastek-gel-saponetta\/\",\"name\":\"Jast\u00ebk Gel Saponetta - Comodita Home\",\"isPartOf\":{\"@id\":\"https:\/\/www.comoditahome.com\/ks\/#website\"},\"primaryImageOfPage\":{\"@id\":\"https:\/\/www.comoditahome.com\/ks\/produkt\/jastek-gel-saponetta\/#primaryimage\"},\"image\":{\"@id\":\"https:\/\/www.comoditahome.com\/ks\/produkt\/jastek-gel-saponetta\/#primaryimage\"},\"thumbnailUrl\":\"https:\/\/www.comoditahome.com\/ks\/wp-content\/uploads\/2022\/07\/3907489190024-1.jpg\",\"datePublished\":\"2022-07-20T12:20:03+00:00\",\"dateModified\":\"2026-04-14T12:35:06+00:00\",\"description\":\"Jast\u00ebku Gel Anatomik, ka form\u00ebn saponeta (forma e sapunit) dhe \u00ebsht\u00eb i nd\u00ebrtuar nga shkuma Memory. Ky jast\u00ebk krahas form\u00ebs, materialit...\",\"breadcrumb\":{\"@id\":\"https:\/\/www.comoditahome.com\/ks\/produkt\/jastek-gel-saponetta\/#breadcrumb\"},\"inLanguage\":\"sq\",\"potentialAction\":[{\"@type\":\"ReadAction\",\"target\":[\"https:\/\/www.comoditahome.com\/ks\/produkt\/jastek-gel-saponetta\/\"]}]},{\"@type\":\"ImageObject\",\"inLanguage\":\"sq\",\"@id\":\"https:\/\/www.comoditahome.com\/ks\/produkt\/jastek-gel-saponetta\/#primaryimage\",\"url\":\"https:\/\/www.comoditahome.com\/ks\/wp-content\/uploads\/2022\/07\/3907489190024-1.jpg\",\"contentUrl\":\"https:\/\/www.comoditahome.com\/ks\/wp-content\/uploads\/2022\/07\/3907489190024-1.jpg\",\"width\":1200,\"height\":1300},{\"@type\":\"BreadcrumbList\",\"@id\":\"https:\/\/www.comoditahome.com\/ks\/produkt\/jastek-gel-saponetta\/#breadcrumb\",\"itemListElement\":[{\"@type\":\"ListItem\",\"position\":1,\"name\":\"Comodita Home Kosova - Dyshek Mattress\",\"item\":\"https:\/\/www.comoditahome.com\/ks\/\"},{\"@type\":\"ListItem\",\"position\":2,\"name\":\"Shop\",\"item\":\"https:\/\/www.comoditahome.com\/ks\/shop\/\"},{\"@type\":\"ListItem\",\"position\":3,\"name\":\"Jast\u00ebk Gel Saponetta\"}]},{\"@type\":\"WebSite\",\"@id\":\"https:\/\/www.comoditahome.com\/ks\/#website\",\"url\":\"https:\/\/www.comoditahome.com\/ks\/\",\"name\":\"Comodita Home\",\"description\":\"Dyshek, Jorgan, Jast\u00ebk, Kuzhine, Banjo, Kopsht dhe Aksesor\u00eb\",\"publisher\":{\"@id\":\"https:\/\/www.comoditahome.com\/ks\/#organization\"},\"potentialAction\":[{\"@type\":\"SearchAction\",\"target\":{\"@type\":\"EntryPoint\",\"urlTemplate\":\"https:\/\/www.comoditahome.com\/ks\/?s={search_term_string}\"},\"query-input\":\"required name=search_term_string\"}],\"inLanguage\":\"sq\"},{\"@type\":\"Organization\",\"@id\":\"https:\/\/www.comoditahome.com\/ks\/#organization\",\"name\":\"Comodita Home\",\"url\":\"https:\/\/www.comoditahome.com\/ks\/\",\"logo\":{\"@type\":\"ImageObject\",\"inLanguage\":\"sq\",\"@id\":\"https:\/\/www.comoditahome.com\/ks\/#\/schema\/logo\/image\/\",\"url\":\"https:\/\/www.comoditahome.com\/ks\/wp-content\/uploads\/2022\/05\/COMODITA_HOME_LOGO_KS_MK_AL-02.png\",\"contentUrl\":\"https:\/\/www.comoditahome.com\/ks\/wp-content\/uploads\/2022\/05\/COMODITA_HOME_LOGO_KS_MK_AL-02.png\",\"width\":180,\"height\":87,\"caption\":\"Comodita Home\"},\"image\":{\"@id\":\"https:\/\/www.comoditahome.com\/ks\/#\/schema\/logo\/image\/\"},\"sameAs\":[\"https:\/\/www.facebook.com\/comoditahome\/\",\"https:\/\/www.instagram.com\/comoditahome\/\",\"https:\/\/www.linkedin.com\/company\/comoditahome\/?originalSubdomain=fj\",\"https:\/\/www.youtube.com\/channel\/UC5O6IsT4JD4zaiOqmRi_Pvg\"]}]}<\/script>\n<!-- \/ Yoast SEO Premium plugin. -->","yoast_head_json":{"title":"Jast\u00ebk Gel Saponetta - Comodita Home","description":"Jast\u00ebku Gel Anatomik, ka form\u00ebn saponeta (forma e sapunit) dhe \u00ebsht\u00eb i nd\u00ebrtuar nga shkuma Memory. Ky jast\u00ebk krahas form\u00ebs, materialit...","robots":{"index":"index","follow":"follow","max-snippet":"max-snippet:-1","max-image-preview":"max-image-preview:large","max-video-preview":"max-video-preview:-1"},"canonical":"https:\/\/www.comoditahome.com\/ks\/produkt\/jastek-gel-saponetta\/","og_locale":"sq_AL","og_type":"article","og_title":"Jast\u00ebk Gel Saponetta","og_description":"Jast\u00ebku Gel Anatomik, ka form\u00ebn saponeta (forma e sapunit) dhe \u00ebsht\u00eb i nd\u00ebrtuar nga shkuma Memory. Ky jast\u00ebk krahas form\u00ebs, materialit...","og_url":"https:\/\/www.comoditahome.com\/ks\/produkt\/jastek-gel-saponetta\/","og_site_name":"Comodita Home","article_publisher":"https:\/\/www.facebook.com\/comoditahome\/","article_modified_time":"2026-04-14T12:35:06+00:00","og_image":[{"width":1200,"height":1300,"url":"https:\/\/www.comoditahome.com\/ks\/wp-content\/uploads\/2022\/07\/3907489190024-1.jpg","type":"image\/jpeg"}],"twitter_card":"summary_large_image","twitter_misc":{"Est. reading time":"1 minut\u00eb"},"schema":{"@context":"https:\/\/schema.org","@graph":[{"@type":"WebPage","@id":"https:\/\/www.comoditahome.com\/ks\/produkt\/jastek-gel-saponetta\/","url":"https:\/\/www.comoditahome.com\/ks\/produkt\/jastek-gel-saponetta\/","name":"Jast\u00ebk Gel Saponetta - Comodita Home","isPartOf":{"@id":"https:\/\/www.comoditahome.com\/ks\/#website"},"primaryImageOfPage":{"@id":"https:\/\/www.comoditahome.com\/ks\/produkt\/jastek-gel-saponetta\/#primaryimage"},"image":{"@id":"https:\/\/www.comoditahome.com\/ks\/produkt\/jastek-gel-saponetta\/#primaryimage"},"thumbnailUrl":"https:\/\/www.comoditahome.com\/ks\/wp-content\/uploads\/2022\/07\/3907489190024-1.jpg","datePublished":"2022-07-20T12:20:03+00:00","dateModified":"2026-04-14T12:35:06+00:00","description":"Jast\u00ebku Gel Anatomik, ka form\u00ebn saponeta (forma e sapunit) dhe \u00ebsht\u00eb i nd\u00ebrtuar nga shkuma Memory. Ky jast\u00ebk krahas form\u00ebs, materialit...","breadcrumb":{"@id":"https:\/\/www.comoditahome.com\/ks\/produkt\/jastek-gel-saponetta\/#breadcrumb"},"inLanguage":"sq","potentialAction":[{"@type":"ReadAction","target":["https:\/\/www.comoditahome.com\/ks\/produkt\/jastek-gel-saponetta\/"]}]},{"@type":"ImageObject","inLanguage":"sq","@id":"https:\/\/www.comoditahome.com\/ks\/produkt\/jastek-gel-saponetta\/#primaryimage","url":"https:\/\/www.comoditahome.com\/ks\/wp-content\/uploads\/2022\/07\/3907489190024-1.jpg","contentUrl":"https:\/\/www.comoditahome.com\/ks\/wp-content\/uploads\/2022\/07\/3907489190024-1.jpg","width":1200,"height":1300},{"@type":"BreadcrumbList","@id":"https:\/\/www.comoditahome.com\/ks\/produkt\/jastek-gel-saponetta\/#breadcrumb","itemListElement":[{"@type":"ListItem","position":1,"name":"Comodita Home Kosova - Dyshek Mattress","item":"https:\/\/www.comoditahome.com\/ks\/"},{"@type":"ListItem","position":2,"name":"Shop","item":"https:\/\/www.comoditahome.com\/ks\/shop\/"},{"@type":"ListItem","position":3,"name":"Jast\u00ebk Gel Saponetta"}]},{"@type":"WebSite","@id":"https:\/\/www.comoditahome.com\/ks\/#website","url":"https:\/\/www.comoditahome.com\/ks\/","name":"Comodita Home","description":"Dyshek, Jorgan, Jast\u00ebk, Kuzhine, Banjo, Kopsht dhe Aksesor\u00eb","publisher":{"@id":"https:\/\/www.comoditahome.com\/ks\/#organization"},"potentialAction":[{"@type":"SearchAction","target":{"@type":"EntryPoint","urlTemplate":"https:\/\/www.comoditahome.com\/ks\/?s={search_term_string}"},"query-input":"required name=search_term_string"}],"inLanguage":"sq"},{"@type":"Organization","@id":"https:\/\/www.comoditahome.com\/ks\/#organization","name":"Comodita Home","url":"https:\/\/www.comoditahome.com\/ks\/","logo":{"@type":"ImageObject","inLanguage":"sq","@id":"https:\/\/www.comoditahome.com\/ks\/#\/schema\/logo\/image\/","url":"https:\/\/www.comoditahome.com\/ks\/wp-content\/uploads\/2022\/05\/COMODITA_HOME_LOGO_KS_MK_AL-02.png","contentUrl":"https:\/\/www.comoditahome.com\/ks\/wp-content\/uploads\/2022\/05\/COMODITA_HOME_LOGO_KS_MK_AL-02.png","width":180,"height":87,"caption":"Comodita Home"},"image":{"@id":"https:\/\/www.comoditahome.com\/ks\/#\/schema\/logo\/image\/"},"sameAs":["https:\/\/www.facebook.com\/comoditahome\/","https:\/\/www.instagram.com\/comoditahome\/","https:\/\/www.linkedin.com\/company\/comoditahome\/?originalSubdomain=fj","https:\/\/www.youtube.com\/channel\/UC5O6IsT4JD4zaiOqmRi_Pvg"]}]}},"_links":{"self":[{"href":"https:\/\/www.comoditahome.com\/ks\/wp-json\/wp\/v2\/product\/53074","targetHints":{"allow":["GET"]}}],"collection":[{"href":"https:\/\/www.comoditahome.com\/ks\/wp-json\/wp\/v2\/product"}],"about":[{"href":"https:\/\/www.comoditahome.com\/ks\/wp-json\/wp\/v2\/types\/product"}],"version-history":[{"count":5,"href":"https:\/\/www.comoditahome.com\/ks\/wp-json\/wp\/v2\/product\/53074\/revisions"}],"predecessor-version":[{"id":97753,"href":"https:\/\/www.comoditahome.com\/ks\/wp-json\/wp\/v2\/product\/53074\/revisions\/97753"}],"wp:featuredmedia":[{"embeddable":true,"href":"https:\/\/www.comoditahome.com\/ks\/wp-json\/wp\/v2\/media\/53080"}],"wp:attachment":[{"href":"https:\/\/www.comoditahome.com\/ks\/wp-json\/wp\/v2\/media?parent=53074"}],"wp:term":[{"taxonomy":"product_brand","embeddable":true,"href":"https:\/\/www.comoditahome.com\/ks\/wp-json\/wp\/v2\/product_brand?post=53074"},{"taxonomy":"product_cat","embeddable":true,"href":"https:\/\/www.comoditahome.com\/ks\/wp-json\/wp\/v2\/product_cat?post=53074"},{"taxonomy":"product_tag","embeddable":true,"href":"https:\/\/www.comoditahome.com\/ks\/wp-json\/wp\/v2\/product_tag?post=53074"}],"curies":[{"name":"wp","href":"https:\/\/api.w.org\/{rel}","templated":true}]}}