 {"id":53092,"date":"2022-07-20T16:02:29","date_gmt":"2022-07-20T14:02:29","guid":{"rendered":"https:\/\/www.comoditahome.com\/ks\/?post_type=product&#038;p=53092"},"modified":"2026-04-24T09:19:29","modified_gmt":"2026-04-24T07:19:29","slug":"jastek-forme-cilindri","status":"publish","type":"product","link":"https:\/\/www.comoditahome.com\/ks\/produkt\/jastek-forme-cilindri\/","title":{"rendered":"Jast\u00ebk form\u00eb Cilindri"},"content":{"rendered":"","protected":false},"excerpt":{"rendered":"<p style=\"text-align: left\">Jast\u00ebku i qepur n\u00eb form\u00eb cilindrike, i p\u00ebrshtatshme p\u00ebr t&#8217;u mb\u00ebshtetur n\u00eb karrike, divanin e dit\u00ebs apo krevatin e dhom\u00ebs n\u00eb pjes\u00ebn dekorative. Jast\u00ebku njihet p\u00ebr kualitetin e mir\u00eb dhe dizajnin interesant. Dizajni i jast\u00ebkut ka qepje me vija t\u00eb trasha tek k\u00ebndet, dhe form\u00ebn cilindrike, p\u00ebr t\u00eb ofruar nj\u00eb komoditet t\u00eb pakrahasuesh\u00ebm.<br \/>\n<strong>Dimensioni \/ Kompozicioni:<\/strong> 50x21cm<br \/>\n<strong>NGJYRA:<\/strong> Ngjyra mund t\u00eb jet\u00eb e llojllojshme<br \/>\n<strong>MATERIALI:<\/strong> Memory<br \/>\n<strong>UDH\u00cbZIMET E P\u00cbRDORIMIT:<\/strong> Mund t\u00eb lahet vet\u00ebm mb\u00ebshtjell\u00ebsi i jasht\u00ebm<br \/>\n<strong>KUSHTET E KTHIMIT \/ GARANCION:<\/strong>\u00a0P\u00ebr shkak t\u00eb kontaktit me higjien\u00eb personale, p\u00ebr produktet e tekstilit nuk pranohen kthime apo reklamacione.<br \/>\n<span style=\"color: #ffffff\">5310233002920 jastyk jastek jostyk jostak<\/span><\/p>\n","protected":false},"featured_media":53094,"template":"","meta":[],"product_brand":[],"product_cat":[85,89],"product_tag":[],"class_list":{"0":"post-53092","1":"product","2":"type-product","3":"status-publish","4":"has-post-thumbnail","6":"product_cat-dhoma-e-ndenjes","7":"product_cat-jastek-dekorativ","9":"first","10":"outofstock","11":"sale","12":"featured","13":"shipping-taxable","14":"purchasable","15":"product-type-simple","16":"layout-style-1","17":"col-md-4 col-sm-4 col-xs-6","18":"col-lg-2","19":"product-has-gallery","20":"product-style-default"},"yoast_head":"<!-- This site is optimized with the Yoast SEO Premium plugin v18.2.1 (Yoast SEO v22.5) - https:\/\/yoast.com\/wordpress\/plugins\/seo\/ -->\n<title>Jast\u00ebk form\u00eb Cilindri - Comodita Home<\/title>\n<meta name=\"description\" content=\"Jast\u00ebku i qepur n\u00eb form\u00eb cilindrike, i p\u00ebrshtatshme p\u00ebr t&#039;u mb\u00ebshtetur n\u00eb karrike, divanin e dit\u00ebs apo krevatin e dhom\u00ebs n\u00eb pjes\u00ebn dekorative...\" \/>\n<meta name=\"robots\" content=\"index, follow, max-snippet:-1, max-image-preview:large, max-video-preview:-1\" \/>\n<link rel=\"canonical\" href=\"https:\/\/www.comoditahome.com\/ks\/produkt\/jastek-forme-cilindri\/\" \/>\n<meta property=\"og:locale\" content=\"sq_AL\" \/>\n<meta property=\"og:type\" content=\"article\" \/>\n<meta property=\"og:title\" content=\"Jast\u00ebk form\u00eb Cilindri\" \/>\n<meta property=\"og:description\" content=\"Jast\u00ebku i qepur n\u00eb form\u00eb cilindrike, i p\u00ebrshtatshme p\u00ebr t&#039;u mb\u00ebshtetur n\u00eb karrike, divanin e dit\u00ebs apo krevatin e dhom\u00ebs n\u00eb pjes\u00ebn dekorative...\" \/>\n<meta property=\"og:url\" content=\"https:\/\/www.comoditahome.com\/ks\/produkt\/jastek-forme-cilindri\/\" \/>\n<meta property=\"og:site_name\" content=\"Comodita Home\" \/>\n<meta property=\"article:publisher\" content=\"https:\/\/www.facebook.com\/comoditahome\/\" \/>\n<meta property=\"article:modified_time\" content=\"2026-04-24T07:19:29+00:00\" \/>\n<meta property=\"og:image\" content=\"https:\/\/www.comoditahome.com\/ks\/wp-content\/uploads\/2022\/07\/5310233002920-1.jpg\" \/>\n\t<meta property=\"og:image:width\" content=\"1200\" \/>\n\t<meta property=\"og:image:height\" content=\"1300\" \/>\n\t<meta property=\"og:image:type\" content=\"image\/jpeg\" \/>\n<meta name=\"twitter:card\" content=\"summary_large_image\" \/>\n<meta name=\"twitter:label1\" content=\"Est. reading time\" \/>\n\t<meta name=\"twitter:data1\" content=\"1 minut\u00eb\" \/>\n<script type=\"application\/ld+json\" class=\"yoast-schema-graph\">{\"@context\":\"https:\/\/schema.org\",\"@graph\":[{\"@type\":\"WebPage\",\"@id\":\"https:\/\/www.comoditahome.com\/ks\/produkt\/jastek-forme-cilindri\/\",\"url\":\"https:\/\/www.comoditahome.com\/ks\/produkt\/jastek-forme-cilindri\/\",\"name\":\"Jast\u00ebk form\u00eb Cilindri - Comodita Home\",\"isPartOf\":{\"@id\":\"https:\/\/www.comoditahome.com\/ks\/#website\"},\"primaryImageOfPage\":{\"@id\":\"https:\/\/www.comoditahome.com\/ks\/produkt\/jastek-forme-cilindri\/#primaryimage\"},\"image\":{\"@id\":\"https:\/\/www.comoditahome.com\/ks\/produkt\/jastek-forme-cilindri\/#primaryimage\"},\"thumbnailUrl\":\"https:\/\/www.comoditahome.com\/ks\/wp-content\/uploads\/2022\/07\/5310233002920-1.jpg\",\"datePublished\":\"2022-07-20T14:02:29+00:00\",\"dateModified\":\"2026-04-24T07:19:29+00:00\",\"description\":\"Jast\u00ebku i qepur n\u00eb form\u00eb cilindrike, i p\u00ebrshtatshme p\u00ebr t'u mb\u00ebshtetur n\u00eb karrike, divanin e dit\u00ebs apo krevatin e dhom\u00ebs n\u00eb pjes\u00ebn dekorative...\",\"breadcrumb\":{\"@id\":\"https:\/\/www.comoditahome.com\/ks\/produkt\/jastek-forme-cilindri\/#breadcrumb\"},\"inLanguage\":\"sq\",\"potentialAction\":[{\"@type\":\"ReadAction\",\"target\":[\"https:\/\/www.comoditahome.com\/ks\/produkt\/jastek-forme-cilindri\/\"]}]},{\"@type\":\"ImageObject\",\"inLanguage\":\"sq\",\"@id\":\"https:\/\/www.comoditahome.com\/ks\/produkt\/jastek-forme-cilindri\/#primaryimage\",\"url\":\"https:\/\/www.comoditahome.com\/ks\/wp-content\/uploads\/2022\/07\/5310233002920-1.jpg\",\"contentUrl\":\"https:\/\/www.comoditahome.com\/ks\/wp-content\/uploads\/2022\/07\/5310233002920-1.jpg\",\"width\":1200,\"height\":1300},{\"@type\":\"BreadcrumbList\",\"@id\":\"https:\/\/www.comoditahome.com\/ks\/produkt\/jastek-forme-cilindri\/#breadcrumb\",\"itemListElement\":[{\"@type\":\"ListItem\",\"position\":1,\"name\":\"Comodita Home Kosova - Dyshek Mattress\",\"item\":\"https:\/\/www.comoditahome.com\/ks\/\"},{\"@type\":\"ListItem\",\"position\":2,\"name\":\"Shop\",\"item\":\"https:\/\/www.comoditahome.com\/ks\/shop\/\"},{\"@type\":\"ListItem\",\"position\":3,\"name\":\"Jast\u00ebk form\u00eb Cilindri\"}]},{\"@type\":\"WebSite\",\"@id\":\"https:\/\/www.comoditahome.com\/ks\/#website\",\"url\":\"https:\/\/www.comoditahome.com\/ks\/\",\"name\":\"Comodita Home\",\"description\":\"Dyshek, Jorgan, Jast\u00ebk, Kuzhine, Banjo, Kopsht dhe Aksesor\u00eb\",\"publisher\":{\"@id\":\"https:\/\/www.comoditahome.com\/ks\/#organization\"},\"potentialAction\":[{\"@type\":\"SearchAction\",\"target\":{\"@type\":\"EntryPoint\",\"urlTemplate\":\"https:\/\/www.comoditahome.com\/ks\/?s={search_term_string}\"},\"query-input\":\"required name=search_term_string\"}],\"inLanguage\":\"sq\"},{\"@type\":\"Organization\",\"@id\":\"https:\/\/www.comoditahome.com\/ks\/#organization\",\"name\":\"Comodita Home\",\"url\":\"https:\/\/www.comoditahome.com\/ks\/\",\"logo\":{\"@type\":\"ImageObject\",\"inLanguage\":\"sq\",\"@id\":\"https:\/\/www.comoditahome.com\/ks\/#\/schema\/logo\/image\/\",\"url\":\"https:\/\/www.comoditahome.com\/ks\/wp-content\/uploads\/2022\/05\/COMODITA_HOME_LOGO_KS_MK_AL-02.png\",\"contentUrl\":\"https:\/\/www.comoditahome.com\/ks\/wp-content\/uploads\/2022\/05\/COMODITA_HOME_LOGO_KS_MK_AL-02.png\",\"width\":180,\"height\":87,\"caption\":\"Comodita Home\"},\"image\":{\"@id\":\"https:\/\/www.comoditahome.com\/ks\/#\/schema\/logo\/image\/\"},\"sameAs\":[\"https:\/\/www.facebook.com\/comoditahome\/\",\"https:\/\/www.instagram.com\/comoditahome\/\",\"https:\/\/www.linkedin.com\/company\/comoditahome\/?originalSubdomain=fj\",\"https:\/\/www.youtube.com\/channel\/UC5O6IsT4JD4zaiOqmRi_Pvg\"]}]}<\/script>\n<!-- \/ Yoast SEO Premium plugin. -->","yoast_head_json":{"title":"Jast\u00ebk form\u00eb Cilindri - Comodita Home","description":"Jast\u00ebku i qepur n\u00eb form\u00eb cilindrike, i p\u00ebrshtatshme p\u00ebr t'u mb\u00ebshtetur n\u00eb karrike, divanin e dit\u00ebs apo krevatin e dhom\u00ebs n\u00eb pjes\u00ebn dekorative...","robots":{"index":"index","follow":"follow","max-snippet":"max-snippet:-1","max-image-preview":"max-image-preview:large","max-video-preview":"max-video-preview:-1"},"canonical":"https:\/\/www.comoditahome.com\/ks\/produkt\/jastek-forme-cilindri\/","og_locale":"sq_AL","og_type":"article","og_title":"Jast\u00ebk form\u00eb Cilindri","og_description":"Jast\u00ebku i qepur n\u00eb form\u00eb cilindrike, i p\u00ebrshtatshme p\u00ebr t'u mb\u00ebshtetur n\u00eb karrike, divanin e dit\u00ebs apo krevatin e dhom\u00ebs n\u00eb pjes\u00ebn dekorative...","og_url":"https:\/\/www.comoditahome.com\/ks\/produkt\/jastek-forme-cilindri\/","og_site_name":"Comodita Home","article_publisher":"https:\/\/www.facebook.com\/comoditahome\/","article_modified_time":"2026-04-24T07:19:29+00:00","og_image":[{"width":1200,"height":1300,"url":"https:\/\/www.comoditahome.com\/ks\/wp-content\/uploads\/2022\/07\/5310233002920-1.jpg","type":"image\/jpeg"}],"twitter_card":"summary_large_image","twitter_misc":{"Est. reading time":"1 minut\u00eb"},"schema":{"@context":"https:\/\/schema.org","@graph":[{"@type":"WebPage","@id":"https:\/\/www.comoditahome.com\/ks\/produkt\/jastek-forme-cilindri\/","url":"https:\/\/www.comoditahome.com\/ks\/produkt\/jastek-forme-cilindri\/","name":"Jast\u00ebk form\u00eb Cilindri - Comodita Home","isPartOf":{"@id":"https:\/\/www.comoditahome.com\/ks\/#website"},"primaryImageOfPage":{"@id":"https:\/\/www.comoditahome.com\/ks\/produkt\/jastek-forme-cilindri\/#primaryimage"},"image":{"@id":"https:\/\/www.comoditahome.com\/ks\/produkt\/jastek-forme-cilindri\/#primaryimage"},"thumbnailUrl":"https:\/\/www.comoditahome.com\/ks\/wp-content\/uploads\/2022\/07\/5310233002920-1.jpg","datePublished":"2022-07-20T14:02:29+00:00","dateModified":"2026-04-24T07:19:29+00:00","description":"Jast\u00ebku i qepur n\u00eb form\u00eb cilindrike, i p\u00ebrshtatshme p\u00ebr t'u mb\u00ebshtetur n\u00eb karrike, divanin e dit\u00ebs apo krevatin e dhom\u00ebs n\u00eb pjes\u00ebn dekorative...","breadcrumb":{"@id":"https:\/\/www.comoditahome.com\/ks\/produkt\/jastek-forme-cilindri\/#breadcrumb"},"inLanguage":"sq","potentialAction":[{"@type":"ReadAction","target":["https:\/\/www.comoditahome.com\/ks\/produkt\/jastek-forme-cilindri\/"]}]},{"@type":"ImageObject","inLanguage":"sq","@id":"https:\/\/www.comoditahome.com\/ks\/produkt\/jastek-forme-cilindri\/#primaryimage","url":"https:\/\/www.comoditahome.com\/ks\/wp-content\/uploads\/2022\/07\/5310233002920-1.jpg","contentUrl":"https:\/\/www.comoditahome.com\/ks\/wp-content\/uploads\/2022\/07\/5310233002920-1.jpg","width":1200,"height":1300},{"@type":"BreadcrumbList","@id":"https:\/\/www.comoditahome.com\/ks\/produkt\/jastek-forme-cilindri\/#breadcrumb","itemListElement":[{"@type":"ListItem","position":1,"name":"Comodita Home Kosova - Dyshek Mattress","item":"https:\/\/www.comoditahome.com\/ks\/"},{"@type":"ListItem","position":2,"name":"Shop","item":"https:\/\/www.comoditahome.com\/ks\/shop\/"},{"@type":"ListItem","position":3,"name":"Jast\u00ebk form\u00eb Cilindri"}]},{"@type":"WebSite","@id":"https:\/\/www.comoditahome.com\/ks\/#website","url":"https:\/\/www.comoditahome.com\/ks\/","name":"Comodita Home","description":"Dyshek, Jorgan, Jast\u00ebk, Kuzhine, Banjo, Kopsht dhe Aksesor\u00eb","publisher":{"@id":"https:\/\/www.comoditahome.com\/ks\/#organization"},"potentialAction":[{"@type":"SearchAction","target":{"@type":"EntryPoint","urlTemplate":"https:\/\/www.comoditahome.com\/ks\/?s={search_term_string}"},"query-input":"required name=search_term_string"}],"inLanguage":"sq"},{"@type":"Organization","@id":"https:\/\/www.comoditahome.com\/ks\/#organization","name":"Comodita Home","url":"https:\/\/www.comoditahome.com\/ks\/","logo":{"@type":"ImageObject","inLanguage":"sq","@id":"https:\/\/www.comoditahome.com\/ks\/#\/schema\/logo\/image\/","url":"https:\/\/www.comoditahome.com\/ks\/wp-content\/uploads\/2022\/05\/COMODITA_HOME_LOGO_KS_MK_AL-02.png","contentUrl":"https:\/\/www.comoditahome.com\/ks\/wp-content\/uploads\/2022\/05\/COMODITA_HOME_LOGO_KS_MK_AL-02.png","width":180,"height":87,"caption":"Comodita Home"},"image":{"@id":"https:\/\/www.comoditahome.com\/ks\/#\/schema\/logo\/image\/"},"sameAs":["https:\/\/www.facebook.com\/comoditahome\/","https:\/\/www.instagram.com\/comoditahome\/","https:\/\/www.linkedin.com\/company\/comoditahome\/?originalSubdomain=fj","https:\/\/www.youtube.com\/channel\/UC5O6IsT4JD4zaiOqmRi_Pvg"]}]}},"_links":{"self":[{"href":"https:\/\/www.comoditahome.com\/ks\/wp-json\/wp\/v2\/product\/53092","targetHints":{"allow":["GET"]}}],"collection":[{"href":"https:\/\/www.comoditahome.com\/ks\/wp-json\/wp\/v2\/product"}],"about":[{"href":"https:\/\/www.comoditahome.com\/ks\/wp-json\/wp\/v2\/types\/product"}],"version-history":[{"count":4,"href":"https:\/\/www.comoditahome.com\/ks\/wp-json\/wp\/v2\/product\/53092\/revisions"}],"predecessor-version":[{"id":105996,"href":"https:\/\/www.comoditahome.com\/ks\/wp-json\/wp\/v2\/product\/53092\/revisions\/105996"}],"wp:featuredmedia":[{"embeddable":true,"href":"https:\/\/www.comoditahome.com\/ks\/wp-json\/wp\/v2\/media\/53094"}],"wp:attachment":[{"href":"https:\/\/www.comoditahome.com\/ks\/wp-json\/wp\/v2\/media?parent=53092"}],"wp:term":[{"taxonomy":"product_brand","embeddable":true,"href":"https:\/\/www.comoditahome.com\/ks\/wp-json\/wp\/v2\/product_brand?post=53092"},{"taxonomy":"product_cat","embeddable":true,"href":"https:\/\/www.comoditahome.com\/ks\/wp-json\/wp\/v2\/product_cat?post=53092"},{"taxonomy":"product_tag","embeddable":true,"href":"https:\/\/www.comoditahome.com\/ks\/wp-json\/wp\/v2\/product_tag?post=53092"}],"curies":[{"name":"wp","href":"https:\/\/api.w.org\/{rel}","templated":true}]}}