 {"id":5368,"date":"2021-07-15T09:32:54","date_gmt":"2021-07-15T07:32:54","guid":{"rendered":"https:\/\/ks.comoditahome.com\/?post_type=product&#038;p=5368"},"modified":"2025-11-06T12:24:52","modified_gmt":"2025-11-06T11:24:52","slug":"dyshek-per-bebe-panda","status":"publish","type":"product","link":"https:\/\/www.comoditahome.com\/ks\/produkt\/dyshek-per-bebe-panda\/","title":{"rendered":"Dyshek p\u00ebr bebe Panda"},"content":{"rendered":"","protected":false},"excerpt":{"rendered":"<p style=\"text-align: left;\">Dysheku Panda p\u00ebr bebe \u00ebsht\u00eb me trash\u00ebsi prej 12cm dhe vjen me nj\u00eb mb\u00ebshtjell\u00ebs pambuku me mikrofibra t\u00eb dizajnuar p\u00ebr t\u00eb ofruar rehati gjat\u00eb fjetjes. Strukturua e dyshekut njihet p\u00ebr elasticitetin e shkum\u00ebs polietane q\u00eb ofron mb\u00ebshtetje optimale p\u00ebr form\u00ebn e trupit. Shtresa e shpuz\u00ebs \u00ebsht\u00eb e but\u00eb me sip\u00ebrfaqe t\u00eb konturuar. Dysheku \u00ebsht\u00eb dizajnuar p\u00ebr t\u00eb ju p\u00ebrshtatur fazave t\u00eb ndryshme t\u00eb zhvillimit t\u00eb m\u00eb t\u00eb vegj\u00eblve dhe rekomandohet edhe p\u00ebr periudh\u00ebn kur f\u00ebmija nuk e ka ende aft\u00ebsin\u00eb p\u00ebr t\u00eb l\u00ebvizur. Panda ka nj\u00eb material t\u00eb but\u00eb, q\u00eb i p\u00ebrshtatet l\u00ebkur\u00ebs s\u00eb f\u00ebmij\u00ebve. Dysheku mban larg bakteret dhe alergjit\u00eb, duke ofruar nj\u00eb ambient t\u00eb sh\u00ebndetsh\u00ebm p\u00ebr ta.<\/p>\n<p style=\"text-align: left;\"><strong>Dimensioni \/ Kompozicioni:<\/strong> 120x60cm<\/p>\n<p style=\"text-align: left;\"><strong>NGJYRA:<\/strong> Me dizajn<\/p>\n<p style=\"text-align: left;\"><strong>MATERIALI:<\/strong> Shpuz\u00eb poliuretane me mb\u00ebshtjell\u00ebs pambuku<\/p>\n<p style=\"text-align: left;\"><strong>UDH\u00cbZIMET E P\u00cbRDORIMIT: <\/strong>Dysheku vjen i shtrir\u00eb, i mb\u00ebshtjellur me nj\u00eb mb\u00ebshtjell\u00ebs q\u00eb t\u00eb mbrohet nga pluhri. Dysheku nuk duhet t\u00eb ket\u00eb kontakt me ujin.<\/p>\n<p style=\"text-align: left;\"><strong>KUSHTET E KTHIMIT \/ GARANCION: <\/strong>P\u00ebr k\u00ebt\u00eb produkt pranohet reklamacion brenda 24 or\u00ebve pasi t\u00eb pranoni porosin\u00eb.<br \/>\n<span style=\"color: #ffffff;\">1020357<\/span><\/p>\n","protected":false},"featured_media":105176,"template":"","meta":[],"product_brand":[],"product_cat":[120,117],"product_tag":[],"class_list":{"0":"post-5368","1":"product","2":"type-product","3":"status-publish","4":"has-post-thumbnail","6":"product_cat-dyshek-kids","7":"product_cat-kids","9":"first","10":"instock","11":"sale","12":"shipping-taxable","13":"purchasable","14":"product-type-simple","15":"layout-style-1","16":"col-md-4 col-sm-4 col-xs-6","17":"col-lg-2","18":"product-has-gallery","19":"product-style-default"},"yoast_head":"<!-- This site is optimized with the Yoast SEO Premium plugin v18.2.1 (Yoast SEO v22.5) - https:\/\/yoast.com\/wordpress\/plugins\/seo\/ -->\n<title>Dyshek p\u00ebr bebe Panda - Comodita Home<\/title>\n<meta name=\"description\" content=\"Dysheku Panda p\u00ebr bebe \u00ebsht\u00eb me trash\u00ebsi prej 12cm dhe vjen me nj\u00eb mb\u00ebshtjell\u00ebs pambuku me mikrofibra t\u00eb dizajnuar p\u00ebr t\u00eb ofruar rehati gjat\u00eb fjetjes.\" \/>\n<meta name=\"robots\" content=\"index, follow, max-snippet:-1, max-image-preview:large, max-video-preview:-1\" \/>\n<link rel=\"canonical\" href=\"https:\/\/www.comoditahome.com\/ks\/produkt\/dyshek-per-bebe-panda\/\" \/>\n<meta property=\"og:locale\" content=\"sq_AL\" \/>\n<meta property=\"og:type\" content=\"article\" \/>\n<meta property=\"og:title\" content=\"Dyshek p\u00ebr bebe Panda\" \/>\n<meta property=\"og:description\" content=\"Dysheku Panda p\u00ebr bebe \u00ebsht\u00eb me trash\u00ebsi prej 12cm dhe vjen me nj\u00eb mb\u00ebshtjell\u00ebs pambuku me mikrofibra t\u00eb dizajnuar p\u00ebr t\u00eb ofruar rehati gjat\u00eb fjetjes.\" \/>\n<meta property=\"og:url\" content=\"https:\/\/www.comoditahome.com\/ks\/produkt\/dyshek-per-bebe-panda\/\" \/>\n<meta property=\"og:site_name\" content=\"Comodita Home\" \/>\n<meta property=\"article:publisher\" content=\"https:\/\/www.facebook.com\/comoditahome\/\" \/>\n<meta property=\"article:modified_time\" content=\"2025-11-06T11:24:52+00:00\" \/>\n<meta property=\"og:image\" content=\"https:\/\/www.comoditahome.com\/ks\/wp-content\/uploads\/2021\/07\/DYSHEK-PANDA-New-1.jpg\" \/>\n\t<meta property=\"og:image:width\" content=\"1202\" \/>\n\t<meta property=\"og:image:height\" content=\"1304\" \/>\n\t<meta property=\"og:image:type\" content=\"image\/jpeg\" \/>\n<meta name=\"twitter:card\" content=\"summary_large_image\" \/>\n<meta name=\"twitter:label1\" content=\"Est. reading time\" \/>\n\t<meta name=\"twitter:data1\" content=\"1 minut\u00eb\" \/>\n<script type=\"application\/ld+json\" class=\"yoast-schema-graph\">{\"@context\":\"https:\/\/schema.org\",\"@graph\":[{\"@type\":\"WebPage\",\"@id\":\"https:\/\/www.comoditahome.com\/ks\/produkt\/dyshek-per-bebe-panda\/\",\"url\":\"https:\/\/www.comoditahome.com\/ks\/produkt\/dyshek-per-bebe-panda\/\",\"name\":\"Dyshek p\u00ebr bebe Panda - Comodita Home\",\"isPartOf\":{\"@id\":\"https:\/\/www.comoditahome.com\/ks\/#website\"},\"primaryImageOfPage\":{\"@id\":\"https:\/\/www.comoditahome.com\/ks\/produkt\/dyshek-per-bebe-panda\/#primaryimage\"},\"image\":{\"@id\":\"https:\/\/www.comoditahome.com\/ks\/produkt\/dyshek-per-bebe-panda\/#primaryimage\"},\"thumbnailUrl\":\"https:\/\/www.comoditahome.com\/ks\/wp-content\/uploads\/2021\/07\/DYSHEK-PANDA-New-1.jpg\",\"datePublished\":\"2021-07-15T07:32:54+00:00\",\"dateModified\":\"2025-11-06T11:24:52+00:00\",\"description\":\"Dysheku Panda p\u00ebr bebe \u00ebsht\u00eb me trash\u00ebsi prej 12cm dhe vjen me nj\u00eb mb\u00ebshtjell\u00ebs pambuku me mikrofibra t\u00eb dizajnuar p\u00ebr t\u00eb ofruar rehati gjat\u00eb fjetjes.\",\"breadcrumb\":{\"@id\":\"https:\/\/www.comoditahome.com\/ks\/produkt\/dyshek-per-bebe-panda\/#breadcrumb\"},\"inLanguage\":\"sq\",\"potentialAction\":[{\"@type\":\"ReadAction\",\"target\":[\"https:\/\/www.comoditahome.com\/ks\/produkt\/dyshek-per-bebe-panda\/\"]}]},{\"@type\":\"ImageObject\",\"inLanguage\":\"sq\",\"@id\":\"https:\/\/www.comoditahome.com\/ks\/produkt\/dyshek-per-bebe-panda\/#primaryimage\",\"url\":\"https:\/\/www.comoditahome.com\/ks\/wp-content\/uploads\/2021\/07\/DYSHEK-PANDA-New-1.jpg\",\"contentUrl\":\"https:\/\/www.comoditahome.com\/ks\/wp-content\/uploads\/2021\/07\/DYSHEK-PANDA-New-1.jpg\",\"width\":1202,\"height\":1304},{\"@type\":\"BreadcrumbList\",\"@id\":\"https:\/\/www.comoditahome.com\/ks\/produkt\/dyshek-per-bebe-panda\/#breadcrumb\",\"itemListElement\":[{\"@type\":\"ListItem\",\"position\":1,\"name\":\"Comodita Home Kosova - Dyshek Mattress\",\"item\":\"https:\/\/www.comoditahome.com\/ks\/\"},{\"@type\":\"ListItem\",\"position\":2,\"name\":\"Shop\",\"item\":\"https:\/\/www.comoditahome.com\/ks\/shop\/\"},{\"@type\":\"ListItem\",\"position\":3,\"name\":\"Dyshek p\u00ebr bebe Panda\"}]},{\"@type\":\"WebSite\",\"@id\":\"https:\/\/www.comoditahome.com\/ks\/#website\",\"url\":\"https:\/\/www.comoditahome.com\/ks\/\",\"name\":\"Comodita Home\",\"description\":\"Dyshek, Jorgan, Jast\u00ebk, Kuzhine, Banjo, Kopsht dhe Aksesor\u00eb\",\"publisher\":{\"@id\":\"https:\/\/www.comoditahome.com\/ks\/#organization\"},\"potentialAction\":[{\"@type\":\"SearchAction\",\"target\":{\"@type\":\"EntryPoint\",\"urlTemplate\":\"https:\/\/www.comoditahome.com\/ks\/?s={search_term_string}\"},\"query-input\":\"required name=search_term_string\"}],\"inLanguage\":\"sq\"},{\"@type\":\"Organization\",\"@id\":\"https:\/\/www.comoditahome.com\/ks\/#organization\",\"name\":\"Comodita Home\",\"url\":\"https:\/\/www.comoditahome.com\/ks\/\",\"logo\":{\"@type\":\"ImageObject\",\"inLanguage\":\"sq\",\"@id\":\"https:\/\/www.comoditahome.com\/ks\/#\/schema\/logo\/image\/\",\"url\":\"https:\/\/www.comoditahome.com\/ks\/wp-content\/uploads\/2022\/05\/COMODITA_HOME_LOGO_KS_MK_AL-02.png\",\"contentUrl\":\"https:\/\/www.comoditahome.com\/ks\/wp-content\/uploads\/2022\/05\/COMODITA_HOME_LOGO_KS_MK_AL-02.png\",\"width\":180,\"height\":87,\"caption\":\"Comodita Home\"},\"image\":{\"@id\":\"https:\/\/www.comoditahome.com\/ks\/#\/schema\/logo\/image\/\"},\"sameAs\":[\"https:\/\/www.facebook.com\/comoditahome\/\",\"https:\/\/www.instagram.com\/comoditahome\/\",\"https:\/\/www.linkedin.com\/company\/comoditahome\/?originalSubdomain=fj\",\"https:\/\/www.youtube.com\/channel\/UC5O6IsT4JD4zaiOqmRi_Pvg\"]}]}<\/script>\n<!-- \/ Yoast SEO Premium plugin. -->","yoast_head_json":{"title":"Dyshek p\u00ebr bebe Panda - Comodita Home","description":"Dysheku Panda p\u00ebr bebe \u00ebsht\u00eb me trash\u00ebsi prej 12cm dhe vjen me nj\u00eb mb\u00ebshtjell\u00ebs pambuku me mikrofibra t\u00eb dizajnuar p\u00ebr t\u00eb ofruar rehati gjat\u00eb fjetjes.","robots":{"index":"index","follow":"follow","max-snippet":"max-snippet:-1","max-image-preview":"max-image-preview:large","max-video-preview":"max-video-preview:-1"},"canonical":"https:\/\/www.comoditahome.com\/ks\/produkt\/dyshek-per-bebe-panda\/","og_locale":"sq_AL","og_type":"article","og_title":"Dyshek p\u00ebr bebe Panda","og_description":"Dysheku Panda p\u00ebr bebe \u00ebsht\u00eb me trash\u00ebsi prej 12cm dhe vjen me nj\u00eb mb\u00ebshtjell\u00ebs pambuku me mikrofibra t\u00eb dizajnuar p\u00ebr t\u00eb ofruar rehati gjat\u00eb fjetjes.","og_url":"https:\/\/www.comoditahome.com\/ks\/produkt\/dyshek-per-bebe-panda\/","og_site_name":"Comodita Home","article_publisher":"https:\/\/www.facebook.com\/comoditahome\/","article_modified_time":"2025-11-06T11:24:52+00:00","og_image":[{"width":1202,"height":1304,"url":"https:\/\/www.comoditahome.com\/ks\/wp-content\/uploads\/2021\/07\/DYSHEK-PANDA-New-1.jpg","type":"image\/jpeg"}],"twitter_card":"summary_large_image","twitter_misc":{"Est. reading time":"1 minut\u00eb"},"schema":{"@context":"https:\/\/schema.org","@graph":[{"@type":"WebPage","@id":"https:\/\/www.comoditahome.com\/ks\/produkt\/dyshek-per-bebe-panda\/","url":"https:\/\/www.comoditahome.com\/ks\/produkt\/dyshek-per-bebe-panda\/","name":"Dyshek p\u00ebr bebe Panda - Comodita Home","isPartOf":{"@id":"https:\/\/www.comoditahome.com\/ks\/#website"},"primaryImageOfPage":{"@id":"https:\/\/www.comoditahome.com\/ks\/produkt\/dyshek-per-bebe-panda\/#primaryimage"},"image":{"@id":"https:\/\/www.comoditahome.com\/ks\/produkt\/dyshek-per-bebe-panda\/#primaryimage"},"thumbnailUrl":"https:\/\/www.comoditahome.com\/ks\/wp-content\/uploads\/2021\/07\/DYSHEK-PANDA-New-1.jpg","datePublished":"2021-07-15T07:32:54+00:00","dateModified":"2025-11-06T11:24:52+00:00","description":"Dysheku Panda p\u00ebr bebe \u00ebsht\u00eb me trash\u00ebsi prej 12cm dhe vjen me nj\u00eb mb\u00ebshtjell\u00ebs pambuku me mikrofibra t\u00eb dizajnuar p\u00ebr t\u00eb ofruar rehati gjat\u00eb fjetjes.","breadcrumb":{"@id":"https:\/\/www.comoditahome.com\/ks\/produkt\/dyshek-per-bebe-panda\/#breadcrumb"},"inLanguage":"sq","potentialAction":[{"@type":"ReadAction","target":["https:\/\/www.comoditahome.com\/ks\/produkt\/dyshek-per-bebe-panda\/"]}]},{"@type":"ImageObject","inLanguage":"sq","@id":"https:\/\/www.comoditahome.com\/ks\/produkt\/dyshek-per-bebe-panda\/#primaryimage","url":"https:\/\/www.comoditahome.com\/ks\/wp-content\/uploads\/2021\/07\/DYSHEK-PANDA-New-1.jpg","contentUrl":"https:\/\/www.comoditahome.com\/ks\/wp-content\/uploads\/2021\/07\/DYSHEK-PANDA-New-1.jpg","width":1202,"height":1304},{"@type":"BreadcrumbList","@id":"https:\/\/www.comoditahome.com\/ks\/produkt\/dyshek-per-bebe-panda\/#breadcrumb","itemListElement":[{"@type":"ListItem","position":1,"name":"Comodita Home Kosova - Dyshek Mattress","item":"https:\/\/www.comoditahome.com\/ks\/"},{"@type":"ListItem","position":2,"name":"Shop","item":"https:\/\/www.comoditahome.com\/ks\/shop\/"},{"@type":"ListItem","position":3,"name":"Dyshek p\u00ebr bebe Panda"}]},{"@type":"WebSite","@id":"https:\/\/www.comoditahome.com\/ks\/#website","url":"https:\/\/www.comoditahome.com\/ks\/","name":"Comodita Home","description":"Dyshek, Jorgan, Jast\u00ebk, Kuzhine, Banjo, Kopsht dhe Aksesor\u00eb","publisher":{"@id":"https:\/\/www.comoditahome.com\/ks\/#organization"},"potentialAction":[{"@type":"SearchAction","target":{"@type":"EntryPoint","urlTemplate":"https:\/\/www.comoditahome.com\/ks\/?s={search_term_string}"},"query-input":"required name=search_term_string"}],"inLanguage":"sq"},{"@type":"Organization","@id":"https:\/\/www.comoditahome.com\/ks\/#organization","name":"Comodita Home","url":"https:\/\/www.comoditahome.com\/ks\/","logo":{"@type":"ImageObject","inLanguage":"sq","@id":"https:\/\/www.comoditahome.com\/ks\/#\/schema\/logo\/image\/","url":"https:\/\/www.comoditahome.com\/ks\/wp-content\/uploads\/2022\/05\/COMODITA_HOME_LOGO_KS_MK_AL-02.png","contentUrl":"https:\/\/www.comoditahome.com\/ks\/wp-content\/uploads\/2022\/05\/COMODITA_HOME_LOGO_KS_MK_AL-02.png","width":180,"height":87,"caption":"Comodita Home"},"image":{"@id":"https:\/\/www.comoditahome.com\/ks\/#\/schema\/logo\/image\/"},"sameAs":["https:\/\/www.facebook.com\/comoditahome\/","https:\/\/www.instagram.com\/comoditahome\/","https:\/\/www.linkedin.com\/company\/comoditahome\/?originalSubdomain=fj","https:\/\/www.youtube.com\/channel\/UC5O6IsT4JD4zaiOqmRi_Pvg"]}]}},"_links":{"self":[{"href":"https:\/\/www.comoditahome.com\/ks\/wp-json\/wp\/v2\/product\/5368","targetHints":{"allow":["GET"]}}],"collection":[{"href":"https:\/\/www.comoditahome.com\/ks\/wp-json\/wp\/v2\/product"}],"about":[{"href":"https:\/\/www.comoditahome.com\/ks\/wp-json\/wp\/v2\/types\/product"}],"version-history":[{"count":3,"href":"https:\/\/www.comoditahome.com\/ks\/wp-json\/wp\/v2\/product\/5368\/revisions"}],"predecessor-version":[{"id":105182,"href":"https:\/\/www.comoditahome.com\/ks\/wp-json\/wp\/v2\/product\/5368\/revisions\/105182"}],"wp:featuredmedia":[{"embeddable":true,"href":"https:\/\/www.comoditahome.com\/ks\/wp-json\/wp\/v2\/media\/105176"}],"wp:attachment":[{"href":"https:\/\/www.comoditahome.com\/ks\/wp-json\/wp\/v2\/media?parent=5368"}],"wp:term":[{"taxonomy":"product_brand","embeddable":true,"href":"https:\/\/www.comoditahome.com\/ks\/wp-json\/wp\/v2\/product_brand?post=5368"},{"taxonomy":"product_cat","embeddable":true,"href":"https:\/\/www.comoditahome.com\/ks\/wp-json\/wp\/v2\/product_cat?post=5368"},{"taxonomy":"product_tag","embeddable":true,"href":"https:\/\/www.comoditahome.com\/ks\/wp-json\/wp\/v2\/product_tag?post=5368"}],"curies":[{"name":"wp","href":"https:\/\/api.w.org\/{rel}","templated":true}]}}