 {"id":53682,"date":"2022-08-08T11:18:45","date_gmt":"2022-08-08T09:18:45","guid":{"rendered":"https:\/\/www.comoditahome.com\/ks\/?post_type=product&#038;p=53682"},"modified":"2026-05-06T15:37:44","modified_gmt":"2026-05-06T13:37:44","slug":"jastek-sense-air","status":"publish","type":"product","link":"https:\/\/www.comoditahome.com\/ks\/produkt\/jastek-sense-air\/","title":{"rendered":"Jast\u00ebk Sense Air"},"content":{"rendered":"<p>Jast\u00ebk Sense Air<\/p>\n<p style=\"text-align: left;\">Nj\u00eb gjum\u00eb v\u00ebrtet rigjenerues i nat\u00ebs! B\u00ebrthama me frym\u00ebmarrje t\u00eb lart\u00eb, vet\u00ebkonturuese dhe jo t\u00eb deformueshme.<\/p>\n<p style=\"text-align: left;\">P\u00ebrshtatet me kok\u00ebn dhe qaf\u00ebn tuaj, parandalon pikat e ngjeshjes, duke siguruar k\u00ebshtu komoditetin m\u00eb t\u00eb mir\u00eb.<\/p>\n<p style=\"text-align: left;\">I shpuar n\u00eb struktur\u00ebn e qelizave t\u00eb hapura lejon q\u00eb ajri t\u00eb qarkulloj\u00eb lirsh\u00ebm dhe eliminon bakteret.<\/p>\n<p style=\"text-align: left;\">Dizajni unik i saponet\u00ebs do t\u00eb ndihmoj\u00eb n\u00eb arritjen e nj\u00eb q\u00ebndrimi t\u00eb sh\u00ebndetsh\u00ebm t\u00eb gjumit.<br \/>\n\u00b7 P\u00ebrafron sakt\u00eb qaf\u00ebn dhe shtyll\u00ebn kurrizore.<br \/>\n\u00b7 Qarkullim shtes\u00eb i ajrit<br \/>\n\u00b7 Promovon mjedis t\u00eb sh\u00ebndetsh\u00ebm.<br \/>\n\u00b7 Forma e Saponet\u00ebs, e p\u00ebrshtatshme p\u00ebr t\u00eb gjith\u00eb<br \/>\n\u00b7 E shk\u00eblqyeshme p\u00ebr gjum\u00eb anash dhe mbrapa.<br \/>\n\u00b7 Balanc\u00eb perfekte e rehatis\u00eb dhe mb\u00ebshtetjes.<br \/>\n\u00b7 Jo e deformueshme<\/p>\n","protected":false},"excerpt":{"rendered":"<p style=\"text-align: left;\">Nj\u00eb gjum\u00eb v\u00ebrtet rigjenerues i nat\u00ebs! B\u00ebrthama me frym\u00ebmarrje t\u00eb lart\u00eb, vet\u00ebkonturuese dhe jo t\u00eb deformueshme. P\u00ebrshtatet me kok\u00ebn dhe qaf\u00ebn tuaj, parandalon pikat e ngjeshjes, duke siguruar k\u00ebshtu komoditetin m\u00eb t\u00eb mir\u00eb. I shpuar n\u00eb struktur\u00ebn e qelizave t\u00eb hapura lejon q\u00eb ajri t\u00eb qarkulloj\u00eb lirsh\u00ebm dhe eliminon bakteret. Dizajni unik i saponet\u00ebs do t\u00eb ndihmoj\u00eb n\u00eb arritjen e nj\u00eb q\u00ebndrimi t\u00eb sh\u00ebndetsh\u00ebm t\u00eb gjumit.<br \/>\n\u00b7 P\u00ebrafron sakt\u00eb qaf\u00ebn dhe shtyll\u00ebn kurrizore.<br \/>\n\u00b7 Qarkullim shtes\u00eb i ajrit<br \/>\n\u00b7 Promovon mjedis t\u00eb sh\u00ebndetsh\u00ebm.<br \/>\n\u00b7 Forma e Saponet\u00ebs, e p\u00ebrshtatshme p\u00ebr t\u00eb gjith\u00eb<br \/>\n\u00b7 E shk\u00eblqyeshme p\u00ebr gjum\u00eb anash dhe mbrapa.<br \/>\n\u00b7 Balanc\u00eb perfekte e rehatis\u00eb dhe mb\u00ebshtetjes.<br \/>\n\u00b7 Jo e deformueshme<\/p>\n<p style=\"text-align: left;\"><strong>Dimensioni \/ Kompozicioni:<\/strong> 40X70X9cm<\/p>\n<p style=\"text-align: left;\"><strong>NGJYRA:<\/strong> I bardh\u00eb<\/p>\n<p style=\"text-align: left;\"><strong>MATERIALI:<\/strong> Shkum\u00eb Memory e cop\u00ebtuar<\/p>\n<p style=\"text-align: left;\"><strong>UDH\u00cbZIMET E P\u00cbRDORIMIT:<\/strong> Nuk pastrohet, vet\u00ebm ajroset<\/p>\n<p style=\"text-align: left;\"><strong>KUSHTET E KTHIMIT \/ GARANCION:<\/strong> P\u00ebr shkak t\u00eb kontaktit me higjien\u00eb personale, p\u00ebr produktet e tekstilit nuk pranohen kthime apo reklamacione.<br \/>\n<span style=\"color: #ffffff;\">4262352860145 jastyk jastek jostyk jostak<\/span><\/p>\n","protected":false},"featured_media":53687,"template":"","meta":[],"product_brand":[],"product_cat":[108,104],"product_tag":[],"class_list":{"0":"post-53682","1":"product","2":"type-product","3":"status-publish","4":"has-post-thumbnail","6":"product_cat-jastek","7":"product_cat-gjumi","9":"first","10":"outofstock","11":"sale","12":"shipping-taxable","13":"purchasable","14":"product-type-simple","15":"layout-style-1","16":"col-md-4 col-sm-4 col-xs-6","17":"col-lg-2","18":"product-has-gallery","19":"product-style-default"},"yoast_head":"<!-- This site is optimized with the Yoast SEO Premium plugin v18.2.1 (Yoast SEO v22.5) - https:\/\/yoast.com\/wordpress\/plugins\/seo\/ -->\n<title>Jast\u00ebk Sense Air - Comodita Home<\/title>\n<meta name=\"description\" content=\"Jast\u00ebku Sense Fresh ka p\u00ebrb\u00ebrje t\u00eb shkum\u00ebs Memory t\u00eb cop\u00ebtuar dhe \u00ebsht\u00eb i rafinuar n\u00eb nj\u00eb kontur\u00eb ergonomike q\u00eb ofron mb\u00ebshtetje.\" \/>\n<meta name=\"robots\" content=\"index, follow, max-snippet:-1, max-image-preview:large, max-video-preview:-1\" \/>\n<link rel=\"canonical\" href=\"https:\/\/www.comoditahome.com\/ks\/produkt\/jastek-sense-air\/\" \/>\n<meta property=\"og:locale\" content=\"sq_AL\" \/>\n<meta property=\"og:type\" content=\"article\" \/>\n<meta property=\"og:title\" content=\"Jast\u00ebk Sense Air\" \/>\n<meta property=\"og:description\" content=\"Jast\u00ebku Sense Fresh ka p\u00ebrb\u00ebrje t\u00eb shkum\u00ebs Memory t\u00eb cop\u00ebtuar dhe \u00ebsht\u00eb i rafinuar n\u00eb nj\u00eb kontur\u00eb ergonomike q\u00eb ofron mb\u00ebshtetje.\" \/>\n<meta property=\"og:url\" content=\"https:\/\/www.comoditahome.com\/ks\/produkt\/jastek-sense-air\/\" \/>\n<meta property=\"og:site_name\" content=\"Comodita Home\" \/>\n<meta property=\"article:publisher\" content=\"https:\/\/www.facebook.com\/comoditahome\/\" \/>\n<meta property=\"article:modified_time\" content=\"2026-05-06T13:37:44+00:00\" \/>\n<meta property=\"og:image\" content=\"https:\/\/www.comoditahome.com\/ks\/wp-content\/uploads\/2022\/08\/4262352860121-1.jpg\" \/>\n\t<meta property=\"og:image:width\" content=\"1200\" \/>\n\t<meta property=\"og:image:height\" content=\"1300\" \/>\n\t<meta property=\"og:image:type\" content=\"image\/jpeg\" \/>\n<meta name=\"twitter:card\" content=\"summary_large_image\" \/>\n<meta name=\"twitter:label1\" content=\"Est. reading time\" \/>\n\t<meta name=\"twitter:data1\" content=\"1 minut\u00eb\" \/>\n<script type=\"application\/ld+json\" class=\"yoast-schema-graph\">{\"@context\":\"https:\/\/schema.org\",\"@graph\":[{\"@type\":\"WebPage\",\"@id\":\"https:\/\/www.comoditahome.com\/ks\/produkt\/jastek-sense-air\/\",\"url\":\"https:\/\/www.comoditahome.com\/ks\/produkt\/jastek-sense-air\/\",\"name\":\"Jast\u00ebk Sense Air - Comodita Home\",\"isPartOf\":{\"@id\":\"https:\/\/www.comoditahome.com\/ks\/#website\"},\"primaryImageOfPage\":{\"@id\":\"https:\/\/www.comoditahome.com\/ks\/produkt\/jastek-sense-air\/#primaryimage\"},\"image\":{\"@id\":\"https:\/\/www.comoditahome.com\/ks\/produkt\/jastek-sense-air\/#primaryimage\"},\"thumbnailUrl\":\"https:\/\/www.comoditahome.com\/ks\/wp-content\/uploads\/2022\/08\/4262352860121-1.jpg\",\"datePublished\":\"2022-08-08T09:18:45+00:00\",\"dateModified\":\"2026-05-06T13:37:44+00:00\",\"description\":\"Jast\u00ebku Sense Fresh ka p\u00ebrb\u00ebrje t\u00eb shkum\u00ebs Memory t\u00eb cop\u00ebtuar dhe \u00ebsht\u00eb i rafinuar n\u00eb nj\u00eb kontur\u00eb ergonomike q\u00eb ofron mb\u00ebshtetje.\",\"breadcrumb\":{\"@id\":\"https:\/\/www.comoditahome.com\/ks\/produkt\/jastek-sense-air\/#breadcrumb\"},\"inLanguage\":\"sq\",\"potentialAction\":[{\"@type\":\"ReadAction\",\"target\":[\"https:\/\/www.comoditahome.com\/ks\/produkt\/jastek-sense-air\/\"]}]},{\"@type\":\"ImageObject\",\"inLanguage\":\"sq\",\"@id\":\"https:\/\/www.comoditahome.com\/ks\/produkt\/jastek-sense-air\/#primaryimage\",\"url\":\"https:\/\/www.comoditahome.com\/ks\/wp-content\/uploads\/2022\/08\/4262352860121-1.jpg\",\"contentUrl\":\"https:\/\/www.comoditahome.com\/ks\/wp-content\/uploads\/2022\/08\/4262352860121-1.jpg\",\"width\":1200,\"height\":1300},{\"@type\":\"BreadcrumbList\",\"@id\":\"https:\/\/www.comoditahome.com\/ks\/produkt\/jastek-sense-air\/#breadcrumb\",\"itemListElement\":[{\"@type\":\"ListItem\",\"position\":1,\"name\":\"Comodita Home Kosova - Dyshek Mattress\",\"item\":\"https:\/\/www.comoditahome.com\/ks\/\"},{\"@type\":\"ListItem\",\"position\":2,\"name\":\"Shop\",\"item\":\"https:\/\/www.comoditahome.com\/ks\/shop\/\"},{\"@type\":\"ListItem\",\"position\":3,\"name\":\"Jast\u00ebk Sense Air\"}]},{\"@type\":\"WebSite\",\"@id\":\"https:\/\/www.comoditahome.com\/ks\/#website\",\"url\":\"https:\/\/www.comoditahome.com\/ks\/\",\"name\":\"Comodita Home\",\"description\":\"Dyshek, Jorgan, Jast\u00ebk, Kuzhine, Banjo, Kopsht dhe Aksesor\u00eb\",\"publisher\":{\"@id\":\"https:\/\/www.comoditahome.com\/ks\/#organization\"},\"potentialAction\":[{\"@type\":\"SearchAction\",\"target\":{\"@type\":\"EntryPoint\",\"urlTemplate\":\"https:\/\/www.comoditahome.com\/ks\/?s={search_term_string}\"},\"query-input\":\"required name=search_term_string\"}],\"inLanguage\":\"sq\"},{\"@type\":\"Organization\",\"@id\":\"https:\/\/www.comoditahome.com\/ks\/#organization\",\"name\":\"Comodita Home\",\"url\":\"https:\/\/www.comoditahome.com\/ks\/\",\"logo\":{\"@type\":\"ImageObject\",\"inLanguage\":\"sq\",\"@id\":\"https:\/\/www.comoditahome.com\/ks\/#\/schema\/logo\/image\/\",\"url\":\"https:\/\/www.comoditahome.com\/ks\/wp-content\/uploads\/2022\/05\/COMODITA_HOME_LOGO_KS_MK_AL-02.png\",\"contentUrl\":\"https:\/\/www.comoditahome.com\/ks\/wp-content\/uploads\/2022\/05\/COMODITA_HOME_LOGO_KS_MK_AL-02.png\",\"width\":180,\"height\":87,\"caption\":\"Comodita Home\"},\"image\":{\"@id\":\"https:\/\/www.comoditahome.com\/ks\/#\/schema\/logo\/image\/\"},\"sameAs\":[\"https:\/\/www.facebook.com\/comoditahome\/\",\"https:\/\/www.instagram.com\/comoditahome\/\",\"https:\/\/www.linkedin.com\/company\/comoditahome\/?originalSubdomain=fj\",\"https:\/\/www.youtube.com\/channel\/UC5O6IsT4JD4zaiOqmRi_Pvg\"]}]}<\/script>\n<!-- \/ Yoast SEO Premium plugin. -->","yoast_head_json":{"title":"Jast\u00ebk Sense Air - Comodita Home","description":"Jast\u00ebku Sense Fresh ka p\u00ebrb\u00ebrje t\u00eb shkum\u00ebs Memory t\u00eb cop\u00ebtuar dhe \u00ebsht\u00eb i rafinuar n\u00eb nj\u00eb kontur\u00eb ergonomike q\u00eb ofron mb\u00ebshtetje.","robots":{"index":"index","follow":"follow","max-snippet":"max-snippet:-1","max-image-preview":"max-image-preview:large","max-video-preview":"max-video-preview:-1"},"canonical":"https:\/\/www.comoditahome.com\/ks\/produkt\/jastek-sense-air\/","og_locale":"sq_AL","og_type":"article","og_title":"Jast\u00ebk Sense Air","og_description":"Jast\u00ebku Sense Fresh ka p\u00ebrb\u00ebrje t\u00eb shkum\u00ebs Memory t\u00eb cop\u00ebtuar dhe \u00ebsht\u00eb i rafinuar n\u00eb nj\u00eb kontur\u00eb ergonomike q\u00eb ofron mb\u00ebshtetje.","og_url":"https:\/\/www.comoditahome.com\/ks\/produkt\/jastek-sense-air\/","og_site_name":"Comodita Home","article_publisher":"https:\/\/www.facebook.com\/comoditahome\/","article_modified_time":"2026-05-06T13:37:44+00:00","og_image":[{"width":1200,"height":1300,"url":"https:\/\/www.comoditahome.com\/ks\/wp-content\/uploads\/2022\/08\/4262352860121-1.jpg","type":"image\/jpeg"}],"twitter_card":"summary_large_image","twitter_misc":{"Est. reading time":"1 minut\u00eb"},"schema":{"@context":"https:\/\/schema.org","@graph":[{"@type":"WebPage","@id":"https:\/\/www.comoditahome.com\/ks\/produkt\/jastek-sense-air\/","url":"https:\/\/www.comoditahome.com\/ks\/produkt\/jastek-sense-air\/","name":"Jast\u00ebk Sense Air - Comodita Home","isPartOf":{"@id":"https:\/\/www.comoditahome.com\/ks\/#website"},"primaryImageOfPage":{"@id":"https:\/\/www.comoditahome.com\/ks\/produkt\/jastek-sense-air\/#primaryimage"},"image":{"@id":"https:\/\/www.comoditahome.com\/ks\/produkt\/jastek-sense-air\/#primaryimage"},"thumbnailUrl":"https:\/\/www.comoditahome.com\/ks\/wp-content\/uploads\/2022\/08\/4262352860121-1.jpg","datePublished":"2022-08-08T09:18:45+00:00","dateModified":"2026-05-06T13:37:44+00:00","description":"Jast\u00ebku Sense Fresh ka p\u00ebrb\u00ebrje t\u00eb shkum\u00ebs Memory t\u00eb cop\u00ebtuar dhe \u00ebsht\u00eb i rafinuar n\u00eb nj\u00eb kontur\u00eb ergonomike q\u00eb ofron mb\u00ebshtetje.","breadcrumb":{"@id":"https:\/\/www.comoditahome.com\/ks\/produkt\/jastek-sense-air\/#breadcrumb"},"inLanguage":"sq","potentialAction":[{"@type":"ReadAction","target":["https:\/\/www.comoditahome.com\/ks\/produkt\/jastek-sense-air\/"]}]},{"@type":"ImageObject","inLanguage":"sq","@id":"https:\/\/www.comoditahome.com\/ks\/produkt\/jastek-sense-air\/#primaryimage","url":"https:\/\/www.comoditahome.com\/ks\/wp-content\/uploads\/2022\/08\/4262352860121-1.jpg","contentUrl":"https:\/\/www.comoditahome.com\/ks\/wp-content\/uploads\/2022\/08\/4262352860121-1.jpg","width":1200,"height":1300},{"@type":"BreadcrumbList","@id":"https:\/\/www.comoditahome.com\/ks\/produkt\/jastek-sense-air\/#breadcrumb","itemListElement":[{"@type":"ListItem","position":1,"name":"Comodita Home Kosova - Dyshek Mattress","item":"https:\/\/www.comoditahome.com\/ks\/"},{"@type":"ListItem","position":2,"name":"Shop","item":"https:\/\/www.comoditahome.com\/ks\/shop\/"},{"@type":"ListItem","position":3,"name":"Jast\u00ebk Sense Air"}]},{"@type":"WebSite","@id":"https:\/\/www.comoditahome.com\/ks\/#website","url":"https:\/\/www.comoditahome.com\/ks\/","name":"Comodita Home","description":"Dyshek, Jorgan, Jast\u00ebk, Kuzhine, Banjo, Kopsht dhe Aksesor\u00eb","publisher":{"@id":"https:\/\/www.comoditahome.com\/ks\/#organization"},"potentialAction":[{"@type":"SearchAction","target":{"@type":"EntryPoint","urlTemplate":"https:\/\/www.comoditahome.com\/ks\/?s={search_term_string}"},"query-input":"required name=search_term_string"}],"inLanguage":"sq"},{"@type":"Organization","@id":"https:\/\/www.comoditahome.com\/ks\/#organization","name":"Comodita Home","url":"https:\/\/www.comoditahome.com\/ks\/","logo":{"@type":"ImageObject","inLanguage":"sq","@id":"https:\/\/www.comoditahome.com\/ks\/#\/schema\/logo\/image\/","url":"https:\/\/www.comoditahome.com\/ks\/wp-content\/uploads\/2022\/05\/COMODITA_HOME_LOGO_KS_MK_AL-02.png","contentUrl":"https:\/\/www.comoditahome.com\/ks\/wp-content\/uploads\/2022\/05\/COMODITA_HOME_LOGO_KS_MK_AL-02.png","width":180,"height":87,"caption":"Comodita Home"},"image":{"@id":"https:\/\/www.comoditahome.com\/ks\/#\/schema\/logo\/image\/"},"sameAs":["https:\/\/www.facebook.com\/comoditahome\/","https:\/\/www.instagram.com\/comoditahome\/","https:\/\/www.linkedin.com\/company\/comoditahome\/?originalSubdomain=fj","https:\/\/www.youtube.com\/channel\/UC5O6IsT4JD4zaiOqmRi_Pvg"]}]}},"_links":{"self":[{"href":"https:\/\/www.comoditahome.com\/ks\/wp-json\/wp\/v2\/product\/53682","targetHints":{"allow":["GET"]}}],"collection":[{"href":"https:\/\/www.comoditahome.com\/ks\/wp-json\/wp\/v2\/product"}],"about":[{"href":"https:\/\/www.comoditahome.com\/ks\/wp-json\/wp\/v2\/types\/product"}],"version-history":[{"count":7,"href":"https:\/\/www.comoditahome.com\/ks\/wp-json\/wp\/v2\/product\/53682\/revisions"}],"predecessor-version":[{"id":95786,"href":"https:\/\/www.comoditahome.com\/ks\/wp-json\/wp\/v2\/product\/53682\/revisions\/95786"}],"wp:featuredmedia":[{"embeddable":true,"href":"https:\/\/www.comoditahome.com\/ks\/wp-json\/wp\/v2\/media\/53687"}],"wp:attachment":[{"href":"https:\/\/www.comoditahome.com\/ks\/wp-json\/wp\/v2\/media?parent=53682"}],"wp:term":[{"taxonomy":"product_brand","embeddable":true,"href":"https:\/\/www.comoditahome.com\/ks\/wp-json\/wp\/v2\/product_brand?post=53682"},{"taxonomy":"product_cat","embeddable":true,"href":"https:\/\/www.comoditahome.com\/ks\/wp-json\/wp\/v2\/product_cat?post=53682"},{"taxonomy":"product_tag","embeddable":true,"href":"https:\/\/www.comoditahome.com\/ks\/wp-json\/wp\/v2\/product_tag?post=53682"}],"curies":[{"name":"wp","href":"https:\/\/api.w.org\/{rel}","templated":true}]}}