 {"id":5411,"date":"2021-07-15T12:48:27","date_gmt":"2021-07-15T10:48:27","guid":{"rendered":"https:\/\/ks.comoditahome.com\/?post_type=product&#038;p=5411"},"modified":"2026-04-14T14:34:23","modified_gmt":"2026-04-14T12:34:23","slug":"valixhe-royal-blue","status":"publish","type":"product","link":"https:\/\/www.comoditahome.com\/ks\/produkt\/valixhe-royal-blue\/","title":{"rendered":"Valixhe Royal Blue"},"content":{"rendered":"","protected":false},"excerpt":{"rendered":"<p style=\"text-align: left;\">Valixhja Regent vjen n\u00eb ngjyr\u00eb dhe model unik. Ka mund\u00ebsi zgjerimi deri n\u00eb 4cm dhe material t\u00eb q\u00ebndruesh\u00ebm t\u00eb testuar p\u00ebr t&#8217;i rezistuar sfidave t\u00eb udh\u00ebtimeve t\u00eb shpeshta. Valixhja ka 4 rrota t\u00eb dyfishta rrotulluese q\u00eb lejojn\u00eb rrotullimin 360 shkall\u00eb, n\u00eb m\u00ebnyr\u00eb q\u00eb pesha e saj t\u00eb mos bjen n\u00eb krahun apo shpatull\u00ebn tuaj gjat\u00eb l\u00ebvizjes n\u00eb \u00e7far\u00ebdo tereni pa mundim. Valixhja hapet dhe mbyllet me zingjir me q\u00ebndrueshm\u00ebri t\u00eb lart\u00eb dhe doreza ergonomike p\u00ebr p\u00ebrdorim t\u00eb leht\u00eb. Pjesa e saj e jashtme \u00ebsht\u00eb e p\u00ebrforcuar dhe rezistente ndaj g\u00ebrvishtjeve, nd\u00ebrsa p\u00ebrbrenda, valixhja mban gj\u00ebsendet t\u00eb sigurta nga lag\u00ebshtia.<\/p>\n<p style=\"text-align: left;\"><strong>Dimensioni \/ Kompozicioni:<\/strong> Valixhe e madhe 70&#215;46.5&#215;28.8cm, valixhe e mesme 58.7&#215;41.5&#215;27.2cm valixhe e vogel 49.8&#215;34.70x24cm<\/p>\n<p style=\"text-align: left;\"><strong>PESHA:<\/strong> Valixhe e madhe 4.6kg, valixhe e mesme 3.6kg, valixhe e vogel 3kg<b><\/b><\/p>\n<p style=\"text-align: left;\"><strong>KAPACITETI:<\/strong> Valixhe e madhe 25kg valixhe e mesme 20kg valixhe e vogel 15kg<b><br \/>\n<\/b><\/p>\n<p style=\"text-align: left;\"><strong>NGJYRA:<\/strong> Kalt\u00ebr<\/p>\n<p style=\"text-align: left;\"><strong>MATERIALI:<\/strong> Plastik\u00eb<\/p>\n<p style=\"text-align: left;\"><strong>UDH\u00cbZIMET E P\u00cbRDORIMIT:<\/strong> T\u00eb pastrohet me Dor\u00eb<\/p>\n<p style=\"text-align: left;\"><strong>KUSHTET E KTHIMIT \/ GARANCION:<\/strong> P\u00ebr k\u00ebt\u00eb produkt pranohet reklamacion brenda 24 or\u00ebve pasi t\u00eb pranoni porosin\u00eb.<br \/>\n<span style=\"color: #ffffff;\">3907489170484 3907489170491 3907489170507 kofer kufer udhetim udhtim<\/span><\/p>\n","protected":false},"featured_media":32109,"template":"","meta":[],"product_brand":[],"product_cat":[144,142],"product_tag":[],"class_list":{"0":"post-5411","1":"product","2":"type-product","3":"status-publish","4":"has-post-thumbnail","6":"product_cat-valixhe","7":"product_cat-udhetim","9":"first","10":"outofstock","11":"sale","12":"shipping-taxable","13":"purchasable","14":"product-type-variable","15":"layout-style-1","16":"col-md-4 col-sm-4 col-xs-6","17":"col-lg-2","18":"product-has-gallery","19":"product-style-default"},"yoast_head":"<!-- This site is optimized with the Yoast SEO Premium plugin v18.2.1 (Yoast SEO v22.5) - https:\/\/yoast.com\/wordpress\/plugins\/seo\/ -->\n<title>Valixhe Royal Blue - Comodita Home<\/title>\n<meta name=\"description\" content=\"Valixhja Regent vjen n\u00eb ngjyr\u00eb dhe model unik. Ka mund\u00ebsi zgjerimi deri n\u00eb 4cm dhe material t\u00eb q\u00ebndruesh\u00ebm t\u00eb testuar....\" \/>\n<meta name=\"robots\" content=\"index, follow, max-snippet:-1, max-image-preview:large, max-video-preview:-1\" \/>\n<link rel=\"canonical\" href=\"https:\/\/www.comoditahome.com\/ks\/produkt\/valixhe-royal-blue\/\" \/>\n<meta property=\"og:locale\" content=\"sq_AL\" \/>\n<meta property=\"og:type\" content=\"article\" \/>\n<meta property=\"og:title\" content=\"Valixhe Royal Blue\" \/>\n<meta property=\"og:description\" content=\"Valixhja Regent vjen n\u00eb ngjyr\u00eb dhe model unik. Ka mund\u00ebsi zgjerimi deri n\u00eb 4cm dhe material t\u00eb q\u00ebndruesh\u00ebm t\u00eb testuar....\" \/>\n<meta property=\"og:url\" content=\"https:\/\/www.comoditahome.com\/ks\/produkt\/valixhe-royal-blue\/\" \/>\n<meta property=\"og:site_name\" content=\"Comodita Home\" \/>\n<meta property=\"article:publisher\" content=\"https:\/\/www.facebook.com\/comoditahome\/\" \/>\n<meta property=\"article:modified_time\" content=\"2026-04-14T12:34:23+00:00\" \/>\n<meta property=\"og:image\" content=\"https:\/\/www.comoditahome.com\/ks\/wp-content\/uploads\/2021\/07\/VALIXHE-REGENT-ROYAL-BLUE-1.jpg\" \/>\n\t<meta property=\"og:image:width\" content=\"1200\" \/>\n\t<meta property=\"og:image:height\" content=\"1300\" \/>\n\t<meta property=\"og:image:type\" content=\"image\/jpeg\" \/>\n<meta name=\"twitter:card\" content=\"summary_large_image\" \/>\n<script type=\"application\/ld+json\" class=\"yoast-schema-graph\">{\"@context\":\"https:\/\/schema.org\",\"@graph\":[{\"@type\":\"WebPage\",\"@id\":\"https:\/\/www.comoditahome.com\/ks\/produkt\/valixhe-royal-blue\/\",\"url\":\"https:\/\/www.comoditahome.com\/ks\/produkt\/valixhe-royal-blue\/\",\"name\":\"Valixhe Royal Blue - Comodita Home\",\"isPartOf\":{\"@id\":\"https:\/\/www.comoditahome.com\/ks\/#website\"},\"primaryImageOfPage\":{\"@id\":\"https:\/\/www.comoditahome.com\/ks\/produkt\/valixhe-royal-blue\/#primaryimage\"},\"image\":{\"@id\":\"https:\/\/www.comoditahome.com\/ks\/produkt\/valixhe-royal-blue\/#primaryimage\"},\"thumbnailUrl\":\"https:\/\/www.comoditahome.com\/ks\/wp-content\/uploads\/2021\/07\/VALIXHE-REGENT-ROYAL-BLUE-1.jpg\",\"datePublished\":\"2021-07-15T10:48:27+00:00\",\"dateModified\":\"2026-04-14T12:34:23+00:00\",\"description\":\"Valixhja Regent vjen n\u00eb ngjyr\u00eb dhe model unik. Ka mund\u00ebsi zgjerimi deri n\u00eb 4cm dhe material t\u00eb q\u00ebndruesh\u00ebm t\u00eb testuar....\",\"breadcrumb\":{\"@id\":\"https:\/\/www.comoditahome.com\/ks\/produkt\/valixhe-royal-blue\/#breadcrumb\"},\"inLanguage\":\"sq\",\"potentialAction\":[{\"@type\":\"ReadAction\",\"target\":[\"https:\/\/www.comoditahome.com\/ks\/produkt\/valixhe-royal-blue\/\"]}]},{\"@type\":\"ImageObject\",\"inLanguage\":\"sq\",\"@id\":\"https:\/\/www.comoditahome.com\/ks\/produkt\/valixhe-royal-blue\/#primaryimage\",\"url\":\"https:\/\/www.comoditahome.com\/ks\/wp-content\/uploads\/2021\/07\/VALIXHE-REGENT-ROYAL-BLUE-1.jpg\",\"contentUrl\":\"https:\/\/www.comoditahome.com\/ks\/wp-content\/uploads\/2021\/07\/VALIXHE-REGENT-ROYAL-BLUE-1.jpg\",\"width\":1200,\"height\":1300},{\"@type\":\"BreadcrumbList\",\"@id\":\"https:\/\/www.comoditahome.com\/ks\/produkt\/valixhe-royal-blue\/#breadcrumb\",\"itemListElement\":[{\"@type\":\"ListItem\",\"position\":1,\"name\":\"Comodita Home Kosova - Dyshek Mattress\",\"item\":\"https:\/\/www.comoditahome.com\/ks\/\"},{\"@type\":\"ListItem\",\"position\":2,\"name\":\"Shop\",\"item\":\"https:\/\/www.comoditahome.com\/ks\/shop\/\"},{\"@type\":\"ListItem\",\"position\":3,\"name\":\"Valixhe Royal Blue\"}]},{\"@type\":\"WebSite\",\"@id\":\"https:\/\/www.comoditahome.com\/ks\/#website\",\"url\":\"https:\/\/www.comoditahome.com\/ks\/\",\"name\":\"Comodita Home\",\"description\":\"Dyshek, Jorgan, Jast\u00ebk, Kuzhine, Banjo, Kopsht dhe Aksesor\u00eb\",\"publisher\":{\"@id\":\"https:\/\/www.comoditahome.com\/ks\/#organization\"},\"potentialAction\":[{\"@type\":\"SearchAction\",\"target\":{\"@type\":\"EntryPoint\",\"urlTemplate\":\"https:\/\/www.comoditahome.com\/ks\/?s={search_term_string}\"},\"query-input\":\"required name=search_term_string\"}],\"inLanguage\":\"sq\"},{\"@type\":\"Organization\",\"@id\":\"https:\/\/www.comoditahome.com\/ks\/#organization\",\"name\":\"Comodita Home\",\"url\":\"https:\/\/www.comoditahome.com\/ks\/\",\"logo\":{\"@type\":\"ImageObject\",\"inLanguage\":\"sq\",\"@id\":\"https:\/\/www.comoditahome.com\/ks\/#\/schema\/logo\/image\/\",\"url\":\"https:\/\/www.comoditahome.com\/ks\/wp-content\/uploads\/2022\/05\/COMODITA_HOME_LOGO_KS_MK_AL-02.png\",\"contentUrl\":\"https:\/\/www.comoditahome.com\/ks\/wp-content\/uploads\/2022\/05\/COMODITA_HOME_LOGO_KS_MK_AL-02.png\",\"width\":180,\"height\":87,\"caption\":\"Comodita Home\"},\"image\":{\"@id\":\"https:\/\/www.comoditahome.com\/ks\/#\/schema\/logo\/image\/\"},\"sameAs\":[\"https:\/\/www.facebook.com\/comoditahome\/\",\"https:\/\/www.instagram.com\/comoditahome\/\",\"https:\/\/www.linkedin.com\/company\/comoditahome\/?originalSubdomain=fj\",\"https:\/\/www.youtube.com\/channel\/UC5O6IsT4JD4zaiOqmRi_Pvg\"]}]}<\/script>\n<!-- \/ Yoast SEO Premium plugin. -->","yoast_head_json":{"title":"Valixhe Royal Blue - Comodita Home","description":"Valixhja Regent vjen n\u00eb ngjyr\u00eb dhe model unik. Ka mund\u00ebsi zgjerimi deri n\u00eb 4cm dhe material t\u00eb q\u00ebndruesh\u00ebm t\u00eb testuar....","robots":{"index":"index","follow":"follow","max-snippet":"max-snippet:-1","max-image-preview":"max-image-preview:large","max-video-preview":"max-video-preview:-1"},"canonical":"https:\/\/www.comoditahome.com\/ks\/produkt\/valixhe-royal-blue\/","og_locale":"sq_AL","og_type":"article","og_title":"Valixhe Royal Blue","og_description":"Valixhja Regent vjen n\u00eb ngjyr\u00eb dhe model unik. Ka mund\u00ebsi zgjerimi deri n\u00eb 4cm dhe material t\u00eb q\u00ebndruesh\u00ebm t\u00eb testuar....","og_url":"https:\/\/www.comoditahome.com\/ks\/produkt\/valixhe-royal-blue\/","og_site_name":"Comodita Home","article_publisher":"https:\/\/www.facebook.com\/comoditahome\/","article_modified_time":"2026-04-14T12:34:23+00:00","og_image":[{"width":1200,"height":1300,"url":"https:\/\/www.comoditahome.com\/ks\/wp-content\/uploads\/2021\/07\/VALIXHE-REGENT-ROYAL-BLUE-1.jpg","type":"image\/jpeg"}],"twitter_card":"summary_large_image","schema":{"@context":"https:\/\/schema.org","@graph":[{"@type":"WebPage","@id":"https:\/\/www.comoditahome.com\/ks\/produkt\/valixhe-royal-blue\/","url":"https:\/\/www.comoditahome.com\/ks\/produkt\/valixhe-royal-blue\/","name":"Valixhe Royal Blue - Comodita Home","isPartOf":{"@id":"https:\/\/www.comoditahome.com\/ks\/#website"},"primaryImageOfPage":{"@id":"https:\/\/www.comoditahome.com\/ks\/produkt\/valixhe-royal-blue\/#primaryimage"},"image":{"@id":"https:\/\/www.comoditahome.com\/ks\/produkt\/valixhe-royal-blue\/#primaryimage"},"thumbnailUrl":"https:\/\/www.comoditahome.com\/ks\/wp-content\/uploads\/2021\/07\/VALIXHE-REGENT-ROYAL-BLUE-1.jpg","datePublished":"2021-07-15T10:48:27+00:00","dateModified":"2026-04-14T12:34:23+00:00","description":"Valixhja Regent vjen n\u00eb ngjyr\u00eb dhe model unik. Ka mund\u00ebsi zgjerimi deri n\u00eb 4cm dhe material t\u00eb q\u00ebndruesh\u00ebm t\u00eb testuar....","breadcrumb":{"@id":"https:\/\/www.comoditahome.com\/ks\/produkt\/valixhe-royal-blue\/#breadcrumb"},"inLanguage":"sq","potentialAction":[{"@type":"ReadAction","target":["https:\/\/www.comoditahome.com\/ks\/produkt\/valixhe-royal-blue\/"]}]},{"@type":"ImageObject","inLanguage":"sq","@id":"https:\/\/www.comoditahome.com\/ks\/produkt\/valixhe-royal-blue\/#primaryimage","url":"https:\/\/www.comoditahome.com\/ks\/wp-content\/uploads\/2021\/07\/VALIXHE-REGENT-ROYAL-BLUE-1.jpg","contentUrl":"https:\/\/www.comoditahome.com\/ks\/wp-content\/uploads\/2021\/07\/VALIXHE-REGENT-ROYAL-BLUE-1.jpg","width":1200,"height":1300},{"@type":"BreadcrumbList","@id":"https:\/\/www.comoditahome.com\/ks\/produkt\/valixhe-royal-blue\/#breadcrumb","itemListElement":[{"@type":"ListItem","position":1,"name":"Comodita Home Kosova - Dyshek Mattress","item":"https:\/\/www.comoditahome.com\/ks\/"},{"@type":"ListItem","position":2,"name":"Shop","item":"https:\/\/www.comoditahome.com\/ks\/shop\/"},{"@type":"ListItem","position":3,"name":"Valixhe Royal Blue"}]},{"@type":"WebSite","@id":"https:\/\/www.comoditahome.com\/ks\/#website","url":"https:\/\/www.comoditahome.com\/ks\/","name":"Comodita Home","description":"Dyshek, Jorgan, Jast\u00ebk, Kuzhine, Banjo, Kopsht dhe Aksesor\u00eb","publisher":{"@id":"https:\/\/www.comoditahome.com\/ks\/#organization"},"potentialAction":[{"@type":"SearchAction","target":{"@type":"EntryPoint","urlTemplate":"https:\/\/www.comoditahome.com\/ks\/?s={search_term_string}"},"query-input":"required name=search_term_string"}],"inLanguage":"sq"},{"@type":"Organization","@id":"https:\/\/www.comoditahome.com\/ks\/#organization","name":"Comodita Home","url":"https:\/\/www.comoditahome.com\/ks\/","logo":{"@type":"ImageObject","inLanguage":"sq","@id":"https:\/\/www.comoditahome.com\/ks\/#\/schema\/logo\/image\/","url":"https:\/\/www.comoditahome.com\/ks\/wp-content\/uploads\/2022\/05\/COMODITA_HOME_LOGO_KS_MK_AL-02.png","contentUrl":"https:\/\/www.comoditahome.com\/ks\/wp-content\/uploads\/2022\/05\/COMODITA_HOME_LOGO_KS_MK_AL-02.png","width":180,"height":87,"caption":"Comodita Home"},"image":{"@id":"https:\/\/www.comoditahome.com\/ks\/#\/schema\/logo\/image\/"},"sameAs":["https:\/\/www.facebook.com\/comoditahome\/","https:\/\/www.instagram.com\/comoditahome\/","https:\/\/www.linkedin.com\/company\/comoditahome\/?originalSubdomain=fj","https:\/\/www.youtube.com\/channel\/UC5O6IsT4JD4zaiOqmRi_Pvg"]}]}},"_links":{"self":[{"href":"https:\/\/www.comoditahome.com\/ks\/wp-json\/wp\/v2\/product\/5411","targetHints":{"allow":["GET"]}}],"collection":[{"href":"https:\/\/www.comoditahome.com\/ks\/wp-json\/wp\/v2\/product"}],"about":[{"href":"https:\/\/www.comoditahome.com\/ks\/wp-json\/wp\/v2\/types\/product"}],"version-history":[{"count":1,"href":"https:\/\/www.comoditahome.com\/ks\/wp-json\/wp\/v2\/product\/5411\/revisions"}],"predecessor-version":[{"id":56572,"href":"https:\/\/www.comoditahome.com\/ks\/wp-json\/wp\/v2\/product\/5411\/revisions\/56572"}],"wp:featuredmedia":[{"embeddable":true,"href":"https:\/\/www.comoditahome.com\/ks\/wp-json\/wp\/v2\/media\/32109"}],"wp:attachment":[{"href":"https:\/\/www.comoditahome.com\/ks\/wp-json\/wp\/v2\/media?parent=5411"}],"wp:term":[{"taxonomy":"product_brand","embeddable":true,"href":"https:\/\/www.comoditahome.com\/ks\/wp-json\/wp\/v2\/product_brand?post=5411"},{"taxonomy":"product_cat","embeddable":true,"href":"https:\/\/www.comoditahome.com\/ks\/wp-json\/wp\/v2\/product_cat?post=5411"},{"taxonomy":"product_tag","embeddable":true,"href":"https:\/\/www.comoditahome.com\/ks\/wp-json\/wp\/v2\/product_tag?post=5411"}],"curies":[{"name":"wp","href":"https:\/\/api.w.org\/{rel}","templated":true}]}}