 {"id":5608,"date":"2021-07-21T11:57:25","date_gmt":"2021-07-21T09:57:25","guid":{"rendered":"https:\/\/ks.comoditahome.com\/?post_type=product&#038;p=5608"},"modified":"2026-04-14T14:36:07","modified_gmt":"2026-04-14T12:36:07","slug":"mbishtrese-tencel","status":"publish","type":"product","link":"https:\/\/www.comoditahome.com\/ks\/produkt\/mbishtrese-tencel\/","title":{"rendered":"Mbishtres\u00eb Tencel"},"content":{"rendered":"<p>Comodita Topper Tencel e dizajnuar p\u00ebr t\u00eb ofruar mb\u00ebshtetje ideale dhe p\u00ebr t\u00eb minimizuar l\u00ebkundjet dhe rrotullimet, p\u00ebrb\u00ebrja nga shkuma memory me dend\u00ebsi t\u00eb lart\u00eb, do t\u2019i shtoj\u00eb dyshekut tuaj nj\u00eb ndjenj\u00eb t\u00eb re but\u00ebsie, duke mb\u00ebshtetur trupin tuaj dhe ju v\u00eb n\u00eb gjum\u00eb me \u00ebndrra t\u00eb mira.<br \/>\nKonstrukti i nd\u00ebrlikuar \u2013 Forma si l\u00ebvozhg\u00eb e vez\u00ebs p\u00ebrmbi, \u00ebsht\u00eb e dizajnuar q\u00eb t\u00eb siguroj\u00eb nj\u00eb sip\u00ebrfaqe t\u00eb rehatshme p\u00ebr gjum\u00eb \u2013 N\u00eb p\u00ebrputhje me format e trupit p\u00ebr t\u00eb krijuar nj\u00eb p\u00ebrvoj\u00eb individuale q\u00eb eliminon pikat e presionit.<br \/>\n\u2022 Mb\u00ebshtjell\u00ebs t\u00eb l\u00ebvizsh\u00ebm t\u00eb b\u00ebr\u00eb p\u00ebr t\u00eb p\u00ebrmir\u00ebsuar frym\u00ebmarrjen dhe p\u00ebr t\u00eb krijuar nj\u00eb ambient t\u00eb sh\u00ebndetsh\u00ebm pa bakterie.<br \/>\n\u2022 E dizajnuar p\u00ebr t\u00eb qen\u00eb e but\u00eb, e ajrosur dhe reaguese<br \/>\n\u2022 Konstrukt i nd\u00ebrlikuar \u2013 Forma si l\u00ebvozhg\u00eb e vez\u00ebs<br \/>\n\u2022 \u00c7\u2019liron pikat e presionit dhe rregullon qarkullimin e gjakut<br \/>\n\u2022 Natyrsh\u00ebm antimikrobik dhe rezistent ndaj insekteve t\u00eb pluhurit<\/p>\n","protected":false},"excerpt":{"rendered":"<p style=\"text-align: left;\">Comodita Topper Tencel e dizajnuar p\u00ebr t\u00eb ofruar mb\u00ebshtetje ideale dhe p\u00ebr t\u00eb minimizuar l\u00ebkundjet dhe rrotullimet, p\u00ebrb\u00ebrja nga shkuma memory me dend\u00ebsi t\u00eb lart\u00eb, do t\u2019i shtoj\u00eb dyshekut tuaj nj\u00eb ndjenj\u00eb t\u00eb re but\u00ebsie, duke mb\u00ebshtetur trupin tuaj dhe ju v\u00eb n\u00eb gjum\u00eb me \u00ebndrra t\u00eb mira.<br \/>\nKonstrukti i nd\u00ebrlikuar \u2013 Forma si l\u00ebvozhg\u00eb e vez\u00ebs p\u00ebrmbi, \u00ebsht\u00eb e dizajnuar q\u00eb t\u00eb siguroj\u00eb nj\u00eb sip\u00ebrfaqe t\u00eb rehatshme p\u00ebr gjum\u00eb \u2013 N\u00eb p\u00ebrputhje me format e trupit p\u00ebr t\u00eb krijuar nj\u00eb p\u00ebrvoj\u00eb individuale q\u00eb eliminon pikat e presionit.<br \/>\n\u2022 Mb\u00ebshtjell\u00ebs t\u00eb l\u00ebvizsh\u00ebm t\u00eb b\u00ebr\u00eb p\u00ebr t\u00eb p\u00ebrmir\u00ebsuar frym\u00ebmarrjen dhe p\u00ebr t\u00eb krijuar nj\u00eb ambient t\u00eb sh\u00ebndetsh\u00ebm pa bakterie.<br \/>\n\u2022 E dizajnuar p\u00ebr t\u00eb qen\u00eb e but\u00eb, e ajrosur dhe reaguese<br \/>\n\u2022 Konstrukt i nd\u00ebrlikuar \u2013 Forma si l\u00ebvozhg\u00eb e vez\u00ebs<br \/>\n\u2022 \u00c7\u2019liron pikat e presionit dhe rregullon qarkullimin e gjakut<br \/>\n\u2022 Natyrsh\u00ebm antimikrobik dhe rezistent ndaj insekteve t\u00eb pluhurit<\/p>\n<p style=\"text-align: left;\"><strong>Dimensioni \/ Kompozicioni:<\/strong> 200&#215;90\/6cm, 200&#215;160\/6cm, 200&#215;180\/6cm dhe 200&#215;200\/6cm<\/p>\n<p style=\"text-align: left;\"><strong>NGJYRA:<\/strong> E bardh\u00eb dhe Hiri<\/p>\n<p style=\"text-align: left;\"><strong>MATERIALI: <\/strong> P\u00ebrzierje shkume Memory me Polietane<\/p>\n<p style=\"text-align: left;\"><strong>UDH\u00cbZIMET E P\u00cbRDORIMIT:<\/strong> Nuk pastrohet, vet\u00ebm ajroset.<\/p>\n<p style=\"text-align: left;\"><strong>KUSHTET E KTHIMIT \/ GARANCION:<\/strong> P\u00ebr shkak t\u00eb kontaktit me higjien\u00eb personale, p\u00ebr produktet e tekstilit nuk pranohen kthime apo reklamacion.<br \/>\n<span style=\"color: #ffffff;\">5091231, 5091234, 5091230, 3902049450242, 3902049450211, 3907489150776<\/span><\/p>\n","protected":false},"featured_media":31251,"template":"","meta":[],"product_brand":[],"product_cat":[104,113],"product_tag":[],"class_list":{"0":"post-5608","1":"product","2":"type-product","3":"status-publish","4":"has-post-thumbnail","6":"product_cat-gjumi","7":"product_cat-mbishtrese-dhe-protektor","8":"product_shipping_class-dysheket","10":"first","11":"instock","12":"sale","13":"shipping-taxable","14":"purchasable","15":"product-type-variable","16":"layout-style-1","17":"col-md-4 col-sm-4 col-xs-6","18":"col-lg-2","19":"product-has-gallery","20":"product-style-default"},"yoast_head":"<!-- This site is optimized with the Yoast SEO Premium plugin v18.2.1 (Yoast SEO v22.5) - https:\/\/yoast.com\/wordpress\/plugins\/seo\/ -->\n<title>Mbishtres\u00eb Tencel - Comodita Home<\/title>\n<meta name=\"description\" content=\"Comodita Topper Tencel e dizajnuar p\u00ebr t\u00eb ofruar mb\u00ebshtetje ideale dhe p\u00ebr t\u00eb minimizuar l\u00ebkundjet dhe rrotullimet, p\u00ebrb\u00ebrja nga shkuma memory...\" \/>\n<meta name=\"robots\" content=\"index, follow, max-snippet:-1, max-image-preview:large, max-video-preview:-1\" \/>\n<link rel=\"canonical\" href=\"https:\/\/www.comoditahome.com\/ks\/produkt\/mbishtrese-tencel\/\" \/>\n<meta property=\"og:locale\" content=\"sq_AL\" \/>\n<meta property=\"og:type\" content=\"article\" \/>\n<meta property=\"og:title\" content=\"Mbishtres\u00eb Tencel\" \/>\n<meta property=\"og:description\" content=\"Comodita Topper Tencel e dizajnuar p\u00ebr t\u00eb ofruar mb\u00ebshtetje ideale dhe p\u00ebr t\u00eb minimizuar l\u00ebkundjet dhe rrotullimet, p\u00ebrb\u00ebrja nga shkuma memory...\" \/>\n<meta property=\"og:url\" content=\"https:\/\/www.comoditahome.com\/ks\/produkt\/mbishtrese-tencel\/\" \/>\n<meta property=\"og:site_name\" content=\"Comodita Home\" \/>\n<meta property=\"article:publisher\" content=\"https:\/\/www.facebook.com\/comoditahome\/\" \/>\n<meta property=\"article:modified_time\" content=\"2026-04-14T12:36:07+00:00\" \/>\n<meta property=\"og:image\" content=\"https:\/\/www.comoditahome.com\/ks\/wp-content\/uploads\/2021\/07\/Topper-Tencel-5091230-1.jpg\" \/>\n\t<meta property=\"og:image:width\" content=\"1200\" \/>\n\t<meta property=\"og:image:height\" content=\"1300\" \/>\n\t<meta property=\"og:image:type\" content=\"image\/jpeg\" \/>\n<meta name=\"twitter:card\" content=\"summary_large_image\" \/>\n<meta name=\"twitter:label1\" content=\"Est. reading time\" \/>\n\t<meta name=\"twitter:data1\" content=\"1 minut\u00eb\" \/>\n<script type=\"application\/ld+json\" class=\"yoast-schema-graph\">{\"@context\":\"https:\/\/schema.org\",\"@graph\":[{\"@type\":\"WebPage\",\"@id\":\"https:\/\/www.comoditahome.com\/ks\/produkt\/mbishtrese-tencel\/\",\"url\":\"https:\/\/www.comoditahome.com\/ks\/produkt\/mbishtrese-tencel\/\",\"name\":\"Mbishtres\u00eb Tencel - Comodita Home\",\"isPartOf\":{\"@id\":\"https:\/\/www.comoditahome.com\/ks\/#website\"},\"primaryImageOfPage\":{\"@id\":\"https:\/\/www.comoditahome.com\/ks\/produkt\/mbishtrese-tencel\/#primaryimage\"},\"image\":{\"@id\":\"https:\/\/www.comoditahome.com\/ks\/produkt\/mbishtrese-tencel\/#primaryimage\"},\"thumbnailUrl\":\"https:\/\/www.comoditahome.com\/ks\/wp-content\/uploads\/2021\/07\/Topper-Tencel-5091230-1.jpg\",\"datePublished\":\"2021-07-21T09:57:25+00:00\",\"dateModified\":\"2026-04-14T12:36:07+00:00\",\"description\":\"Comodita Topper Tencel e dizajnuar p\u00ebr t\u00eb ofruar mb\u00ebshtetje ideale dhe p\u00ebr t\u00eb minimizuar l\u00ebkundjet dhe rrotullimet, p\u00ebrb\u00ebrja nga shkuma memory...\",\"breadcrumb\":{\"@id\":\"https:\/\/www.comoditahome.com\/ks\/produkt\/mbishtrese-tencel\/#breadcrumb\"},\"inLanguage\":\"sq\",\"potentialAction\":[{\"@type\":\"ReadAction\",\"target\":[\"https:\/\/www.comoditahome.com\/ks\/produkt\/mbishtrese-tencel\/\"]}]},{\"@type\":\"ImageObject\",\"inLanguage\":\"sq\",\"@id\":\"https:\/\/www.comoditahome.com\/ks\/produkt\/mbishtrese-tencel\/#primaryimage\",\"url\":\"https:\/\/www.comoditahome.com\/ks\/wp-content\/uploads\/2021\/07\/Topper-Tencel-5091230-1.jpg\",\"contentUrl\":\"https:\/\/www.comoditahome.com\/ks\/wp-content\/uploads\/2021\/07\/Topper-Tencel-5091230-1.jpg\",\"width\":1200,\"height\":1300},{\"@type\":\"BreadcrumbList\",\"@id\":\"https:\/\/www.comoditahome.com\/ks\/produkt\/mbishtrese-tencel\/#breadcrumb\",\"itemListElement\":[{\"@type\":\"ListItem\",\"position\":1,\"name\":\"Comodita Home Kosova - Dyshek Mattress\",\"item\":\"https:\/\/www.comoditahome.com\/ks\/\"},{\"@type\":\"ListItem\",\"position\":2,\"name\":\"Shop\",\"item\":\"https:\/\/www.comoditahome.com\/ks\/shop\/\"},{\"@type\":\"ListItem\",\"position\":3,\"name\":\"Mbishtres\u00eb Tencel\"}]},{\"@type\":\"WebSite\",\"@id\":\"https:\/\/www.comoditahome.com\/ks\/#website\",\"url\":\"https:\/\/www.comoditahome.com\/ks\/\",\"name\":\"Comodita Home\",\"description\":\"Dyshek, Jorgan, Jast\u00ebk, Kuzhine, Banjo, Kopsht dhe Aksesor\u00eb\",\"publisher\":{\"@id\":\"https:\/\/www.comoditahome.com\/ks\/#organization\"},\"potentialAction\":[{\"@type\":\"SearchAction\",\"target\":{\"@type\":\"EntryPoint\",\"urlTemplate\":\"https:\/\/www.comoditahome.com\/ks\/?s={search_term_string}\"},\"query-input\":\"required name=search_term_string\"}],\"inLanguage\":\"sq\"},{\"@type\":\"Organization\",\"@id\":\"https:\/\/www.comoditahome.com\/ks\/#organization\",\"name\":\"Comodita Home\",\"url\":\"https:\/\/www.comoditahome.com\/ks\/\",\"logo\":{\"@type\":\"ImageObject\",\"inLanguage\":\"sq\",\"@id\":\"https:\/\/www.comoditahome.com\/ks\/#\/schema\/logo\/image\/\",\"url\":\"https:\/\/www.comoditahome.com\/ks\/wp-content\/uploads\/2022\/05\/COMODITA_HOME_LOGO_KS_MK_AL-02.png\",\"contentUrl\":\"https:\/\/www.comoditahome.com\/ks\/wp-content\/uploads\/2022\/05\/COMODITA_HOME_LOGO_KS_MK_AL-02.png\",\"width\":180,\"height\":87,\"caption\":\"Comodita Home\"},\"image\":{\"@id\":\"https:\/\/www.comoditahome.com\/ks\/#\/schema\/logo\/image\/\"},\"sameAs\":[\"https:\/\/www.facebook.com\/comoditahome\/\",\"https:\/\/www.instagram.com\/comoditahome\/\",\"https:\/\/www.linkedin.com\/company\/comoditahome\/?originalSubdomain=fj\",\"https:\/\/www.youtube.com\/channel\/UC5O6IsT4JD4zaiOqmRi_Pvg\"]}]}<\/script>\n<!-- \/ Yoast SEO Premium plugin. -->","yoast_head_json":{"title":"Mbishtres\u00eb Tencel - Comodita Home","description":"Comodita Topper Tencel e dizajnuar p\u00ebr t\u00eb ofruar mb\u00ebshtetje ideale dhe p\u00ebr t\u00eb minimizuar l\u00ebkundjet dhe rrotullimet, p\u00ebrb\u00ebrja nga shkuma memory...","robots":{"index":"index","follow":"follow","max-snippet":"max-snippet:-1","max-image-preview":"max-image-preview:large","max-video-preview":"max-video-preview:-1"},"canonical":"https:\/\/www.comoditahome.com\/ks\/produkt\/mbishtrese-tencel\/","og_locale":"sq_AL","og_type":"article","og_title":"Mbishtres\u00eb Tencel","og_description":"Comodita Topper Tencel e dizajnuar p\u00ebr t\u00eb ofruar mb\u00ebshtetje ideale dhe p\u00ebr t\u00eb minimizuar l\u00ebkundjet dhe rrotullimet, p\u00ebrb\u00ebrja nga shkuma memory...","og_url":"https:\/\/www.comoditahome.com\/ks\/produkt\/mbishtrese-tencel\/","og_site_name":"Comodita Home","article_publisher":"https:\/\/www.facebook.com\/comoditahome\/","article_modified_time":"2026-04-14T12:36:07+00:00","og_image":[{"width":1200,"height":1300,"url":"https:\/\/www.comoditahome.com\/ks\/wp-content\/uploads\/2021\/07\/Topper-Tencel-5091230-1.jpg","type":"image\/jpeg"}],"twitter_card":"summary_large_image","twitter_misc":{"Est. reading time":"1 minut\u00eb"},"schema":{"@context":"https:\/\/schema.org","@graph":[{"@type":"WebPage","@id":"https:\/\/www.comoditahome.com\/ks\/produkt\/mbishtrese-tencel\/","url":"https:\/\/www.comoditahome.com\/ks\/produkt\/mbishtrese-tencel\/","name":"Mbishtres\u00eb Tencel - Comodita Home","isPartOf":{"@id":"https:\/\/www.comoditahome.com\/ks\/#website"},"primaryImageOfPage":{"@id":"https:\/\/www.comoditahome.com\/ks\/produkt\/mbishtrese-tencel\/#primaryimage"},"image":{"@id":"https:\/\/www.comoditahome.com\/ks\/produkt\/mbishtrese-tencel\/#primaryimage"},"thumbnailUrl":"https:\/\/www.comoditahome.com\/ks\/wp-content\/uploads\/2021\/07\/Topper-Tencel-5091230-1.jpg","datePublished":"2021-07-21T09:57:25+00:00","dateModified":"2026-04-14T12:36:07+00:00","description":"Comodita Topper Tencel e dizajnuar p\u00ebr t\u00eb ofruar mb\u00ebshtetje ideale dhe p\u00ebr t\u00eb minimizuar l\u00ebkundjet dhe rrotullimet, p\u00ebrb\u00ebrja nga shkuma memory...","breadcrumb":{"@id":"https:\/\/www.comoditahome.com\/ks\/produkt\/mbishtrese-tencel\/#breadcrumb"},"inLanguage":"sq","potentialAction":[{"@type":"ReadAction","target":["https:\/\/www.comoditahome.com\/ks\/produkt\/mbishtrese-tencel\/"]}]},{"@type":"ImageObject","inLanguage":"sq","@id":"https:\/\/www.comoditahome.com\/ks\/produkt\/mbishtrese-tencel\/#primaryimage","url":"https:\/\/www.comoditahome.com\/ks\/wp-content\/uploads\/2021\/07\/Topper-Tencel-5091230-1.jpg","contentUrl":"https:\/\/www.comoditahome.com\/ks\/wp-content\/uploads\/2021\/07\/Topper-Tencel-5091230-1.jpg","width":1200,"height":1300},{"@type":"BreadcrumbList","@id":"https:\/\/www.comoditahome.com\/ks\/produkt\/mbishtrese-tencel\/#breadcrumb","itemListElement":[{"@type":"ListItem","position":1,"name":"Comodita Home Kosova - Dyshek Mattress","item":"https:\/\/www.comoditahome.com\/ks\/"},{"@type":"ListItem","position":2,"name":"Shop","item":"https:\/\/www.comoditahome.com\/ks\/shop\/"},{"@type":"ListItem","position":3,"name":"Mbishtres\u00eb Tencel"}]},{"@type":"WebSite","@id":"https:\/\/www.comoditahome.com\/ks\/#website","url":"https:\/\/www.comoditahome.com\/ks\/","name":"Comodita Home","description":"Dyshek, Jorgan, Jast\u00ebk, Kuzhine, Banjo, Kopsht dhe Aksesor\u00eb","publisher":{"@id":"https:\/\/www.comoditahome.com\/ks\/#organization"},"potentialAction":[{"@type":"SearchAction","target":{"@type":"EntryPoint","urlTemplate":"https:\/\/www.comoditahome.com\/ks\/?s={search_term_string}"},"query-input":"required name=search_term_string"}],"inLanguage":"sq"},{"@type":"Organization","@id":"https:\/\/www.comoditahome.com\/ks\/#organization","name":"Comodita Home","url":"https:\/\/www.comoditahome.com\/ks\/","logo":{"@type":"ImageObject","inLanguage":"sq","@id":"https:\/\/www.comoditahome.com\/ks\/#\/schema\/logo\/image\/","url":"https:\/\/www.comoditahome.com\/ks\/wp-content\/uploads\/2022\/05\/COMODITA_HOME_LOGO_KS_MK_AL-02.png","contentUrl":"https:\/\/www.comoditahome.com\/ks\/wp-content\/uploads\/2022\/05\/COMODITA_HOME_LOGO_KS_MK_AL-02.png","width":180,"height":87,"caption":"Comodita Home"},"image":{"@id":"https:\/\/www.comoditahome.com\/ks\/#\/schema\/logo\/image\/"},"sameAs":["https:\/\/www.facebook.com\/comoditahome\/","https:\/\/www.instagram.com\/comoditahome\/","https:\/\/www.linkedin.com\/company\/comoditahome\/?originalSubdomain=fj","https:\/\/www.youtube.com\/channel\/UC5O6IsT4JD4zaiOqmRi_Pvg"]}]}},"_links":{"self":[{"href":"https:\/\/www.comoditahome.com\/ks\/wp-json\/wp\/v2\/product\/5608","targetHints":{"allow":["GET"]}}],"collection":[{"href":"https:\/\/www.comoditahome.com\/ks\/wp-json\/wp\/v2\/product"}],"about":[{"href":"https:\/\/www.comoditahome.com\/ks\/wp-json\/wp\/v2\/types\/product"}],"version-history":[{"count":4,"href":"https:\/\/www.comoditahome.com\/ks\/wp-json\/wp\/v2\/product\/5608\/revisions"}],"predecessor-version":[{"id":80911,"href":"https:\/\/www.comoditahome.com\/ks\/wp-json\/wp\/v2\/product\/5608\/revisions\/80911"}],"wp:featuredmedia":[{"embeddable":true,"href":"https:\/\/www.comoditahome.com\/ks\/wp-json\/wp\/v2\/media\/31251"}],"wp:attachment":[{"href":"https:\/\/www.comoditahome.com\/ks\/wp-json\/wp\/v2\/media?parent=5608"}],"wp:term":[{"taxonomy":"product_brand","embeddable":true,"href":"https:\/\/www.comoditahome.com\/ks\/wp-json\/wp\/v2\/product_brand?post=5608"},{"taxonomy":"product_cat","embeddable":true,"href":"https:\/\/www.comoditahome.com\/ks\/wp-json\/wp\/v2\/product_cat?post=5608"},{"taxonomy":"product_tag","embeddable":true,"href":"https:\/\/www.comoditahome.com\/ks\/wp-json\/wp\/v2\/product_tag?post=5608"}],"curies":[{"name":"wp","href":"https:\/\/api.w.org\/{rel}","templated":true}]}}