 {"id":56997,"date":"2022-10-12T11:14:53","date_gmt":"2022-10-12T09:14:53","guid":{"rendered":"https:\/\/www.comoditahome.com\/ks\/?post_type=product&#038;p=56997"},"modified":"2026-05-06T15:37:50","modified_gmt":"2026-05-06T13:37:50","slug":"jastek-eco-bio-masazh","status":"publish","type":"product","link":"https:\/\/www.comoditahome.com\/ks\/produkt\/jastek-eco-bio-masazh\/","title":{"rendered":"Jast\u00ebk\u00a0Eco Bio Best Massage\u00a0"},"content":{"rendered":"<div class=\"x_elementToProof\" style=\"text-align: left;\" data-olk-copy-source=\"MessageBody\">Jast\u00ebku\u00a0 Eco Bio Best Massage\u00a0ofron relaks dhe pushim rigjenerues fal\u00eb materialeve natyrale dhe teknologjis\u00eb s\u00eb avancuar. I pasuruar me vajra esencial\u00eb dhe barishte medicinale, ndihmon n\u00eb qet\u00ebsim dhe gjum\u00eb t\u00eb thell\u00eb. Rekomandohet p\u00ebr persona me ndjeshm\u00ebri t\u00eb lart\u00eb ose q\u00eb kujdesen p\u00ebr sh\u00ebndetin e l\u00ebkur\u00ebs.<\/div>\n<ul>\n<li style=\"text-align: left;\">\n<div class=\"x_elementToProof\" role=\"presentation\">Material:\u00a0<b>Memory SuperSoft<\/b>,<\/div>\n<\/li>\n<li style=\"text-align: left;\">\n<div class=\"x_elementToProof\" role=\"presentation\">Struktura: J<b>o-deformuese<\/b>, p\u00ebrshtatet me form\u00ebn e trupit<\/div>\n<\/li>\n<li style=\"text-align: left;\">Dizajn\u00a0<b>Double (dyan\u00ebsh)<\/b>\u00a0\u2013 mund\u00ebsi p\u00ebrzgjedhjeje mes dy sip\u00ebrfaqeve:\n<ul>\n<li>\n<div class=\"x_elementToProof\" role=\"presentation\">An\u00eb\u00a0me\u00a0<b>Visko-elastik<\/b>\u00a0p\u00ebr but\u00ebsi t\u00eb lart\u00eb<\/div>\n<\/li>\n<li>\n<div class=\"x_elementToProof\" role=\"presentation\">An\u00eb\u00a0me\u00a0<b>Bio-Memory Foam<\/b>\u00a0p\u00ebr mb\u00ebshtetje elastike<\/div>\n<\/li>\n<\/ul>\n<\/li>\n<li style=\"text-align: left;\">Promovon\u00a0<b>komfort, natyralitet dhe mir\u00ebqenie<\/b><\/li>\n<li style=\"text-align: left;\"><b>Eko-miq\u00ebsor<\/b>, i zhvilluar me kujdes p\u00ebr mjedisin<\/li>\n<li>\n<div style=\"text-align: left;\" role=\"presentation\">Teknologji q\u00eb mund\u00ebson\u00a0<b>vet-p\u00ebrshtatje dhe vet-modelim<\/b>, duke mb\u00ebshtetur trupin n\u00eb m\u00ebnyr\u00eb ideale p\u00ebr pushim t\u00eb harmonish\u00ebm<\/div>\n<\/li>\n<\/ul>\n","protected":false},"excerpt":{"rendered":"<div class=\"x_elementToProof\" style=\"text-align: left;\" data-olk-copy-source=\"MessageBody\">Jast\u00ebku\u00a0 Eco Bio Best Massage\u00a0ofron relaks dhe pushim rigjenerues fal\u00eb materialeve natyrale dhe teknologjis\u00eb s\u00eb avancuar. I pasuruar me vajra esencial\u00eb dhe barishte medicinale, ndihmon n\u00eb qet\u00ebsim dhe gjum\u00eb t\u00eb thell\u00eb. Rekomandohet p\u00ebr persona me ndjeshm\u00ebri t\u00eb lart\u00eb ose q\u00eb kujdesen p\u00ebr sh\u00ebndetin e l\u00ebkur\u00ebs.<\/div>\n<ul style=\"text-align: left;\">\n<li>\n<div class=\"x_elementToProof\" role=\"presentation\">Material:\u00a0<b>Memory SuperSoft<\/b>,<\/div>\n<\/li>\n<li>\n<div class=\"x_elementToProof\" role=\"presentation\">Struktura: J<b>o-deformuese<\/b>, p\u00ebrshtatet me form\u00ebn e trupit<\/div>\n<\/li>\n<li>Dizajn\u00a0<b>Double (dyan\u00ebsh)<\/b>\u00a0\u2013 mund\u00ebsi p\u00ebrzgjedhjeje mes dy sip\u00ebrfaqeve:\n<ul>\n<li>\n<div class=\"x_elementToProof\" role=\"presentation\">An\u00eb\u00a0me\u00a0<b>Visko-elastik<\/b>\u00a0p\u00ebr but\u00ebsi t\u00eb lart\u00eb<\/div>\n<\/li>\n<li>\n<div class=\"x_elementToProof\" role=\"presentation\">An\u00eb\u00a0me\u00a0<b>Bio-Memory Foam<\/b>\u00a0p\u00ebr mb\u00ebshtetje elastike<\/div>\n<\/li>\n<\/ul>\n<\/li>\n<li>Promovon\u00a0<b>komfort, natyralitet dhe mir\u00ebqenie<\/b><\/li>\n<li><b>Eko-miq\u00ebsor<\/b>, i zhvilluar me kujdes p\u00ebr mjedisin<\/li>\n<li>\n<div role=\"presentation\">Teknologji q\u00eb mund\u00ebson\u00a0<b>vet-p\u00ebrshtatje dhe vet-modelim<\/b>, duke mb\u00ebshtetur trupin n\u00eb m\u00ebnyr\u00eb ideale p\u00ebr pushim t\u00eb harmonish\u00ebm<\/div>\n<\/li>\n<\/ul>\n<p style=\"text-align: left;\"><strong>Dimensioni \/ Kompozicioni:<\/strong> 72x42x12\/10,5<\/p>\n<p style=\"text-align: left;\"><strong>NGJYRA:<\/strong> Jeshile<\/p>\n<p style=\"text-align: left;\"><strong>MATERIALI:<\/strong> Shkum\u00eb Memory<\/p>\n<p style=\"text-align: left;\"><strong>UDH\u00cbZIMET E P\u00cbRDORIMIT:<\/strong> Nuk pastrohet, vet\u00ebm ajroset.<\/p>\n<p style=\"text-align: left;\"><strong>KUSHTET E KTHIMIT \/ GARANCION:<\/strong> P\u00ebr shkak t\u00eb kontaktit me higjien\u00eb personale, p\u00ebr produktet e tekstilit nuk pranohen kthime apo reklamacione.<br \/>\n<span style=\"color: #ffffff;\">8068020747611 jastyk jastek jostyk jostak<\/span><\/p>\n","protected":false},"featured_media":56998,"template":"","meta":[],"product_brand":[],"product_cat":[104,108],"product_tag":[],"class_list":{"0":"post-56997","1":"product","2":"type-product","3":"status-publish","4":"has-post-thumbnail","6":"product_cat-gjumi","7":"product_cat-jastek","9":"first","10":"instock","11":"sale","12":"shipping-taxable","13":"purchasable","14":"product-type-simple","15":"layout-style-1","16":"col-md-4 col-sm-4 col-xs-6","17":"col-lg-2","18":"product-has-gallery","19":"product-style-default"},"yoast_head":"<!-- This site is optimized with the Yoast SEO Premium plugin v18.2.1 (Yoast SEO v22.5) - https:\/\/yoast.com\/wordpress\/plugins\/seo\/ -->\n<title>Jast\u00ebk\u00a0Eco Bio Best Massage\u00a0 - Comodita Home<\/title>\n<meta name=\"description\" content=\"Jast\u00ebku eco bio masazh, me specifika t\u00eb ve\u00e7anta jo-deformuese, siguron sh\u00ebndet dhe pushim rigjenerues. I pasuruar me vajra esencial dhe barishte medicinale.\" \/>\n<meta name=\"robots\" content=\"index, follow, max-snippet:-1, max-image-preview:large, max-video-preview:-1\" \/>\n<link rel=\"canonical\" href=\"https:\/\/www.comoditahome.com\/ks\/produkt\/jastek-eco-bio-masazh\/\" \/>\n<meta property=\"og:locale\" content=\"sq_AL\" \/>\n<meta property=\"og:type\" content=\"article\" \/>\n<meta property=\"og:title\" content=\"Jast\u00ebk\u00a0Eco Bio Best Massage\u00a0\" \/>\n<meta property=\"og:description\" content=\"Jast\u00ebku eco bio masazh, me specifika t\u00eb ve\u00e7anta jo-deformuese, siguron sh\u00ebndet dhe pushim rigjenerues. I pasuruar me vajra esencial dhe barishte medicinale.\" \/>\n<meta property=\"og:url\" content=\"https:\/\/www.comoditahome.com\/ks\/produkt\/jastek-eco-bio-masazh\/\" \/>\n<meta property=\"og:site_name\" content=\"Comodita Home\" \/>\n<meta property=\"article:publisher\" content=\"https:\/\/www.facebook.com\/comoditahome\/\" \/>\n<meta property=\"article:modified_time\" content=\"2026-05-06T13:37:50+00:00\" \/>\n<meta property=\"og:image\" content=\"https:\/\/www.comoditahome.com\/ks\/wp-content\/uploads\/2022\/10\/8068020747611-1.jpg\" \/>\n\t<meta property=\"og:image:width\" content=\"1200\" \/>\n\t<meta property=\"og:image:height\" content=\"1300\" \/>\n\t<meta property=\"og:image:type\" content=\"image\/jpeg\" \/>\n<meta name=\"twitter:card\" content=\"summary_large_image\" \/>\n<meta name=\"twitter:label1\" content=\"Est. reading time\" \/>\n\t<meta name=\"twitter:data1\" content=\"1 minut\u00eb\" \/>\n<script type=\"application\/ld+json\" class=\"yoast-schema-graph\">{\"@context\":\"https:\/\/schema.org\",\"@graph\":[{\"@type\":\"WebPage\",\"@id\":\"https:\/\/www.comoditahome.com\/ks\/produkt\/jastek-eco-bio-masazh\/\",\"url\":\"https:\/\/www.comoditahome.com\/ks\/produkt\/jastek-eco-bio-masazh\/\",\"name\":\"Jast\u00ebk\u00a0Eco Bio Best Massage\u00a0 - Comodita Home\",\"isPartOf\":{\"@id\":\"https:\/\/www.comoditahome.com\/ks\/#website\"},\"primaryImageOfPage\":{\"@id\":\"https:\/\/www.comoditahome.com\/ks\/produkt\/jastek-eco-bio-masazh\/#primaryimage\"},\"image\":{\"@id\":\"https:\/\/www.comoditahome.com\/ks\/produkt\/jastek-eco-bio-masazh\/#primaryimage\"},\"thumbnailUrl\":\"https:\/\/www.comoditahome.com\/ks\/wp-content\/uploads\/2022\/10\/8068020747611-1.jpg\",\"datePublished\":\"2022-10-12T09:14:53+00:00\",\"dateModified\":\"2026-05-06T13:37:50+00:00\",\"description\":\"Jast\u00ebku eco bio masazh, me specifika t\u00eb ve\u00e7anta jo-deformuese, siguron sh\u00ebndet dhe pushim rigjenerues. I pasuruar me vajra esencial dhe barishte medicinale.\",\"breadcrumb\":{\"@id\":\"https:\/\/www.comoditahome.com\/ks\/produkt\/jastek-eco-bio-masazh\/#breadcrumb\"},\"inLanguage\":\"sq\",\"potentialAction\":[{\"@type\":\"ReadAction\",\"target\":[\"https:\/\/www.comoditahome.com\/ks\/produkt\/jastek-eco-bio-masazh\/\"]}]},{\"@type\":\"ImageObject\",\"inLanguage\":\"sq\",\"@id\":\"https:\/\/www.comoditahome.com\/ks\/produkt\/jastek-eco-bio-masazh\/#primaryimage\",\"url\":\"https:\/\/www.comoditahome.com\/ks\/wp-content\/uploads\/2022\/10\/8068020747611-1.jpg\",\"contentUrl\":\"https:\/\/www.comoditahome.com\/ks\/wp-content\/uploads\/2022\/10\/8068020747611-1.jpg\",\"width\":1200,\"height\":1300},{\"@type\":\"BreadcrumbList\",\"@id\":\"https:\/\/www.comoditahome.com\/ks\/produkt\/jastek-eco-bio-masazh\/#breadcrumb\",\"itemListElement\":[{\"@type\":\"ListItem\",\"position\":1,\"name\":\"Comodita Home Kosova - Dyshek Mattress\",\"item\":\"https:\/\/www.comoditahome.com\/ks\/\"},{\"@type\":\"ListItem\",\"position\":2,\"name\":\"Shop\",\"item\":\"https:\/\/www.comoditahome.com\/ks\/shop\/\"},{\"@type\":\"ListItem\",\"position\":3,\"name\":\"Jast\u00ebk\u00a0Eco Bio Best Massage\u00a0\"}]},{\"@type\":\"WebSite\",\"@id\":\"https:\/\/www.comoditahome.com\/ks\/#website\",\"url\":\"https:\/\/www.comoditahome.com\/ks\/\",\"name\":\"Comodita Home\",\"description\":\"Dyshek, Jorgan, Jast\u00ebk, Kuzhine, Banjo, Kopsht dhe Aksesor\u00eb\",\"publisher\":{\"@id\":\"https:\/\/www.comoditahome.com\/ks\/#organization\"},\"potentialAction\":[{\"@type\":\"SearchAction\",\"target\":{\"@type\":\"EntryPoint\",\"urlTemplate\":\"https:\/\/www.comoditahome.com\/ks\/?s={search_term_string}\"},\"query-input\":\"required name=search_term_string\"}],\"inLanguage\":\"sq\"},{\"@type\":\"Organization\",\"@id\":\"https:\/\/www.comoditahome.com\/ks\/#organization\",\"name\":\"Comodita Home\",\"url\":\"https:\/\/www.comoditahome.com\/ks\/\",\"logo\":{\"@type\":\"ImageObject\",\"inLanguage\":\"sq\",\"@id\":\"https:\/\/www.comoditahome.com\/ks\/#\/schema\/logo\/image\/\",\"url\":\"https:\/\/www.comoditahome.com\/ks\/wp-content\/uploads\/2022\/05\/COMODITA_HOME_LOGO_KS_MK_AL-02.png\",\"contentUrl\":\"https:\/\/www.comoditahome.com\/ks\/wp-content\/uploads\/2022\/05\/COMODITA_HOME_LOGO_KS_MK_AL-02.png\",\"width\":180,\"height\":87,\"caption\":\"Comodita Home\"},\"image\":{\"@id\":\"https:\/\/www.comoditahome.com\/ks\/#\/schema\/logo\/image\/\"},\"sameAs\":[\"https:\/\/www.facebook.com\/comoditahome\/\",\"https:\/\/www.instagram.com\/comoditahome\/\",\"https:\/\/www.linkedin.com\/company\/comoditahome\/?originalSubdomain=fj\",\"https:\/\/www.youtube.com\/channel\/UC5O6IsT4JD4zaiOqmRi_Pvg\"]}]}<\/script>\n<!-- \/ Yoast SEO Premium plugin. -->","yoast_head_json":{"title":"Jast\u00ebk\u00a0Eco Bio Best Massage\u00a0 - Comodita Home","description":"Jast\u00ebku eco bio masazh, me specifika t\u00eb ve\u00e7anta jo-deformuese, siguron sh\u00ebndet dhe pushim rigjenerues. I pasuruar me vajra esencial dhe barishte medicinale.","robots":{"index":"index","follow":"follow","max-snippet":"max-snippet:-1","max-image-preview":"max-image-preview:large","max-video-preview":"max-video-preview:-1"},"canonical":"https:\/\/www.comoditahome.com\/ks\/produkt\/jastek-eco-bio-masazh\/","og_locale":"sq_AL","og_type":"article","og_title":"Jast\u00ebk\u00a0Eco Bio Best Massage\u00a0","og_description":"Jast\u00ebku eco bio masazh, me specifika t\u00eb ve\u00e7anta jo-deformuese, siguron sh\u00ebndet dhe pushim rigjenerues. I pasuruar me vajra esencial dhe barishte medicinale.","og_url":"https:\/\/www.comoditahome.com\/ks\/produkt\/jastek-eco-bio-masazh\/","og_site_name":"Comodita Home","article_publisher":"https:\/\/www.facebook.com\/comoditahome\/","article_modified_time":"2026-05-06T13:37:50+00:00","og_image":[{"width":1200,"height":1300,"url":"https:\/\/www.comoditahome.com\/ks\/wp-content\/uploads\/2022\/10\/8068020747611-1.jpg","type":"image\/jpeg"}],"twitter_card":"summary_large_image","twitter_misc":{"Est. reading time":"1 minut\u00eb"},"schema":{"@context":"https:\/\/schema.org","@graph":[{"@type":"WebPage","@id":"https:\/\/www.comoditahome.com\/ks\/produkt\/jastek-eco-bio-masazh\/","url":"https:\/\/www.comoditahome.com\/ks\/produkt\/jastek-eco-bio-masazh\/","name":"Jast\u00ebk\u00a0Eco Bio Best Massage\u00a0 - Comodita Home","isPartOf":{"@id":"https:\/\/www.comoditahome.com\/ks\/#website"},"primaryImageOfPage":{"@id":"https:\/\/www.comoditahome.com\/ks\/produkt\/jastek-eco-bio-masazh\/#primaryimage"},"image":{"@id":"https:\/\/www.comoditahome.com\/ks\/produkt\/jastek-eco-bio-masazh\/#primaryimage"},"thumbnailUrl":"https:\/\/www.comoditahome.com\/ks\/wp-content\/uploads\/2022\/10\/8068020747611-1.jpg","datePublished":"2022-10-12T09:14:53+00:00","dateModified":"2026-05-06T13:37:50+00:00","description":"Jast\u00ebku eco bio masazh, me specifika t\u00eb ve\u00e7anta jo-deformuese, siguron sh\u00ebndet dhe pushim rigjenerues. I pasuruar me vajra esencial dhe barishte medicinale.","breadcrumb":{"@id":"https:\/\/www.comoditahome.com\/ks\/produkt\/jastek-eco-bio-masazh\/#breadcrumb"},"inLanguage":"sq","potentialAction":[{"@type":"ReadAction","target":["https:\/\/www.comoditahome.com\/ks\/produkt\/jastek-eco-bio-masazh\/"]}]},{"@type":"ImageObject","inLanguage":"sq","@id":"https:\/\/www.comoditahome.com\/ks\/produkt\/jastek-eco-bio-masazh\/#primaryimage","url":"https:\/\/www.comoditahome.com\/ks\/wp-content\/uploads\/2022\/10\/8068020747611-1.jpg","contentUrl":"https:\/\/www.comoditahome.com\/ks\/wp-content\/uploads\/2022\/10\/8068020747611-1.jpg","width":1200,"height":1300},{"@type":"BreadcrumbList","@id":"https:\/\/www.comoditahome.com\/ks\/produkt\/jastek-eco-bio-masazh\/#breadcrumb","itemListElement":[{"@type":"ListItem","position":1,"name":"Comodita Home Kosova - Dyshek Mattress","item":"https:\/\/www.comoditahome.com\/ks\/"},{"@type":"ListItem","position":2,"name":"Shop","item":"https:\/\/www.comoditahome.com\/ks\/shop\/"},{"@type":"ListItem","position":3,"name":"Jast\u00ebk\u00a0Eco Bio Best Massage\u00a0"}]},{"@type":"WebSite","@id":"https:\/\/www.comoditahome.com\/ks\/#website","url":"https:\/\/www.comoditahome.com\/ks\/","name":"Comodita Home","description":"Dyshek, Jorgan, Jast\u00ebk, Kuzhine, Banjo, Kopsht dhe Aksesor\u00eb","publisher":{"@id":"https:\/\/www.comoditahome.com\/ks\/#organization"},"potentialAction":[{"@type":"SearchAction","target":{"@type":"EntryPoint","urlTemplate":"https:\/\/www.comoditahome.com\/ks\/?s={search_term_string}"},"query-input":"required name=search_term_string"}],"inLanguage":"sq"},{"@type":"Organization","@id":"https:\/\/www.comoditahome.com\/ks\/#organization","name":"Comodita Home","url":"https:\/\/www.comoditahome.com\/ks\/","logo":{"@type":"ImageObject","inLanguage":"sq","@id":"https:\/\/www.comoditahome.com\/ks\/#\/schema\/logo\/image\/","url":"https:\/\/www.comoditahome.com\/ks\/wp-content\/uploads\/2022\/05\/COMODITA_HOME_LOGO_KS_MK_AL-02.png","contentUrl":"https:\/\/www.comoditahome.com\/ks\/wp-content\/uploads\/2022\/05\/COMODITA_HOME_LOGO_KS_MK_AL-02.png","width":180,"height":87,"caption":"Comodita Home"},"image":{"@id":"https:\/\/www.comoditahome.com\/ks\/#\/schema\/logo\/image\/"},"sameAs":["https:\/\/www.facebook.com\/comoditahome\/","https:\/\/www.instagram.com\/comoditahome\/","https:\/\/www.linkedin.com\/company\/comoditahome\/?originalSubdomain=fj","https:\/\/www.youtube.com\/channel\/UC5O6IsT4JD4zaiOqmRi_Pvg"]}]}},"_links":{"self":[{"href":"https:\/\/www.comoditahome.com\/ks\/wp-json\/wp\/v2\/product\/56997","targetHints":{"allow":["GET"]}}],"collection":[{"href":"https:\/\/www.comoditahome.com\/ks\/wp-json\/wp\/v2\/product"}],"about":[{"href":"https:\/\/www.comoditahome.com\/ks\/wp-json\/wp\/v2\/types\/product"}],"version-history":[{"count":7,"href":"https:\/\/www.comoditahome.com\/ks\/wp-json\/wp\/v2\/product\/56997\/revisions"}],"predecessor-version":[{"id":107924,"href":"https:\/\/www.comoditahome.com\/ks\/wp-json\/wp\/v2\/product\/56997\/revisions\/107924"}],"wp:featuredmedia":[{"embeddable":true,"href":"https:\/\/www.comoditahome.com\/ks\/wp-json\/wp\/v2\/media\/56998"}],"wp:attachment":[{"href":"https:\/\/www.comoditahome.com\/ks\/wp-json\/wp\/v2\/media?parent=56997"}],"wp:term":[{"taxonomy":"product_brand","embeddable":true,"href":"https:\/\/www.comoditahome.com\/ks\/wp-json\/wp\/v2\/product_brand?post=56997"},{"taxonomy":"product_cat","embeddable":true,"href":"https:\/\/www.comoditahome.com\/ks\/wp-json\/wp\/v2\/product_cat?post=56997"},{"taxonomy":"product_tag","embeddable":true,"href":"https:\/\/www.comoditahome.com\/ks\/wp-json\/wp\/v2\/product_tag?post=56997"}],"curies":[{"name":"wp","href":"https:\/\/api.w.org\/{rel}","templated":true}]}}