 {"id":57009,"date":"2022-10-12T11:23:29","date_gmt":"2022-10-12T09:23:29","guid":{"rendered":"https:\/\/www.comoditahome.com\/ks\/?post_type=product&#038;p=57009"},"modified":"2026-04-24T09:19:37","modified_gmt":"2026-04-24T07:19:37","slug":"toster-me-ngjyre-te-arte","status":"publish","type":"product","link":"https:\/\/www.comoditahome.com\/ks\/produkt\/toster-me-ngjyre-te-arte\/","title":{"rendered":"Toster Goldmaster"},"content":{"rendered":"","protected":false},"excerpt":{"rendered":"<p style=\"text-align: left;\">Toster nga brendi Goldmaster. Vjen me ngjyr\u00eb t\u00eb zez\u00eb dhe ka fuqi prej 1750W. P\u00ebrb\u00ebhet nga materiali i Granitit, material q\u00eb njihet p\u00ebr q\u00ebndrueshm\u00ebri t\u00eb madhe dhe q\u00eb pastrohet leht\u00ebsisht. Tani ju mund t\u00eb p\u00ebrgatisni tostin tuaj t\u00eb preferuar n\u00eb sht\u00ebpi, duke I b\u00ebr\u00eb mengjeset tuaja m\u00eb t\u00eb shijshme dhe m\u00eb t\u00eb lehta.<\/p>\n<p style=\"text-align: left;\"><strong>Dimensioni \/ Kompozicioni:<\/strong> 1750W Fuqi<\/p>\n<p style=\"text-align: left;\"><strong>NGJYRA:<\/strong> I zi<\/p>\n<p style=\"text-align: left;\"><strong>MATERIALI:<\/strong> Granit<\/p>\n<p style=\"text-align: left;\"><strong>UDH\u00cbZIMET E P\u00cbRDORIMIT:<\/strong> T\u00eb pastrohet me Dor\u00eb<\/p>\n<p style=\"text-align: left;\"><strong>KUSHTET E KTHIMIT \/ GARANCION:<\/strong>Tosteri ka garancion 1 vit.<br \/>\n<span style=\"color: #ffffff;\">8698758826571<\/span><\/p>\n","protected":false},"featured_media":57011,"template":"","meta":[],"product_brand":[],"product_cat":[131,136],"product_tag":[],"class_list":{"0":"post-57009","1":"product","2":"type-product","3":"status-publish","4":"has-post-thumbnail","6":"product_cat-pajisje-elektrike","7":"product_cat-tryeze","9":"first","10":"outofstock","11":"sale","12":"shipping-taxable","13":"purchasable","14":"product-type-simple","15":"layout-style-1","16":"col-md-4 col-sm-4 col-xs-6","17":"col-lg-2","18":"product-has-gallery","19":"product-style-default"},"yoast_head":"<!-- This site is optimized with the Yoast SEO Premium plugin v18.2.1 (Yoast SEO v22.5) - https:\/\/yoast.com\/wordpress\/plugins\/seo\/ -->\n<title>Toster Goldmaster - Comodita Home<\/title>\n<meta name=\"description\" content=\"Toster nga brendi Goldmaster. Vjen me ngjyr\u00eb t\u00eb zez\u00eb dhe ka fuqi prej 1750W. P\u00ebrb\u00ebhet nga materiali i Granitit, material q\u00eb njihet p\u00ebr q\u00ebndrueshm\u00ebri...\" \/>\n<meta name=\"robots\" content=\"index, follow, max-snippet:-1, max-image-preview:large, max-video-preview:-1\" \/>\n<link rel=\"canonical\" href=\"https:\/\/www.comoditahome.com\/ks\/produkt\/toster-me-ngjyre-te-arte\/\" \/>\n<meta property=\"og:locale\" content=\"sq_AL\" \/>\n<meta property=\"og:type\" content=\"article\" \/>\n<meta property=\"og:title\" content=\"Toster Goldmaster\" \/>\n<meta property=\"og:description\" content=\"Toster nga brendi Goldmaster. Vjen me ngjyr\u00eb t\u00eb zez\u00eb dhe ka fuqi prej 1750W. P\u00ebrb\u00ebhet nga materiali i Granitit, material q\u00eb njihet p\u00ebr q\u00ebndrueshm\u00ebri...\" \/>\n<meta property=\"og:url\" content=\"https:\/\/www.comoditahome.com\/ks\/produkt\/toster-me-ngjyre-te-arte\/\" \/>\n<meta property=\"og:site_name\" content=\"Comodita Home\" \/>\n<meta property=\"article:publisher\" content=\"https:\/\/www.facebook.com\/comoditahome\/\" \/>\n<meta property=\"article:modified_time\" content=\"2026-04-24T07:19:37+00:00\" \/>\n<meta property=\"og:image\" content=\"https:\/\/www.comoditahome.com\/ks\/wp-content\/uploads\/2022\/10\/8698758826571-1.jpg\" \/>\n\t<meta property=\"og:image:width\" content=\"1200\" \/>\n\t<meta property=\"og:image:height\" content=\"1300\" \/>\n\t<meta property=\"og:image:type\" content=\"image\/jpeg\" \/>\n<meta name=\"twitter:card\" content=\"summary_large_image\" \/>\n<meta name=\"twitter:label1\" content=\"Est. reading time\" \/>\n\t<meta name=\"twitter:data1\" content=\"1 minut\u00eb\" \/>\n<script type=\"application\/ld+json\" class=\"yoast-schema-graph\">{\"@context\":\"https:\/\/schema.org\",\"@graph\":[{\"@type\":\"WebPage\",\"@id\":\"https:\/\/www.comoditahome.com\/ks\/produkt\/toster-me-ngjyre-te-arte\/\",\"url\":\"https:\/\/www.comoditahome.com\/ks\/produkt\/toster-me-ngjyre-te-arte\/\",\"name\":\"Toster Goldmaster - Comodita Home\",\"isPartOf\":{\"@id\":\"https:\/\/www.comoditahome.com\/ks\/#website\"},\"primaryImageOfPage\":{\"@id\":\"https:\/\/www.comoditahome.com\/ks\/produkt\/toster-me-ngjyre-te-arte\/#primaryimage\"},\"image\":{\"@id\":\"https:\/\/www.comoditahome.com\/ks\/produkt\/toster-me-ngjyre-te-arte\/#primaryimage\"},\"thumbnailUrl\":\"https:\/\/www.comoditahome.com\/ks\/wp-content\/uploads\/2022\/10\/8698758826571-1.jpg\",\"datePublished\":\"2022-10-12T09:23:29+00:00\",\"dateModified\":\"2026-04-24T07:19:37+00:00\",\"description\":\"Toster nga brendi Goldmaster. Vjen me ngjyr\u00eb t\u00eb zez\u00eb dhe ka fuqi prej 1750W. P\u00ebrb\u00ebhet nga materiali i Granitit, material q\u00eb njihet p\u00ebr q\u00ebndrueshm\u00ebri...\",\"breadcrumb\":{\"@id\":\"https:\/\/www.comoditahome.com\/ks\/produkt\/toster-me-ngjyre-te-arte\/#breadcrumb\"},\"inLanguage\":\"sq\",\"potentialAction\":[{\"@type\":\"ReadAction\",\"target\":[\"https:\/\/www.comoditahome.com\/ks\/produkt\/toster-me-ngjyre-te-arte\/\"]}]},{\"@type\":\"ImageObject\",\"inLanguage\":\"sq\",\"@id\":\"https:\/\/www.comoditahome.com\/ks\/produkt\/toster-me-ngjyre-te-arte\/#primaryimage\",\"url\":\"https:\/\/www.comoditahome.com\/ks\/wp-content\/uploads\/2022\/10\/8698758826571-1.jpg\",\"contentUrl\":\"https:\/\/www.comoditahome.com\/ks\/wp-content\/uploads\/2022\/10\/8698758826571-1.jpg\",\"width\":1200,\"height\":1300},{\"@type\":\"BreadcrumbList\",\"@id\":\"https:\/\/www.comoditahome.com\/ks\/produkt\/toster-me-ngjyre-te-arte\/#breadcrumb\",\"itemListElement\":[{\"@type\":\"ListItem\",\"position\":1,\"name\":\"Comodita Home Kosova - Dyshek Mattress\",\"item\":\"https:\/\/www.comoditahome.com\/ks\/\"},{\"@type\":\"ListItem\",\"position\":2,\"name\":\"Shop\",\"item\":\"https:\/\/www.comoditahome.com\/ks\/shop\/\"},{\"@type\":\"ListItem\",\"position\":3,\"name\":\"Toster Goldmaster\"}]},{\"@type\":\"WebSite\",\"@id\":\"https:\/\/www.comoditahome.com\/ks\/#website\",\"url\":\"https:\/\/www.comoditahome.com\/ks\/\",\"name\":\"Comodita Home\",\"description\":\"Dyshek, Jorgan, Jast\u00ebk, Kuzhine, Banjo, Kopsht dhe Aksesor\u00eb\",\"publisher\":{\"@id\":\"https:\/\/www.comoditahome.com\/ks\/#organization\"},\"potentialAction\":[{\"@type\":\"SearchAction\",\"target\":{\"@type\":\"EntryPoint\",\"urlTemplate\":\"https:\/\/www.comoditahome.com\/ks\/?s={search_term_string}\"},\"query-input\":\"required name=search_term_string\"}],\"inLanguage\":\"sq\"},{\"@type\":\"Organization\",\"@id\":\"https:\/\/www.comoditahome.com\/ks\/#organization\",\"name\":\"Comodita Home\",\"url\":\"https:\/\/www.comoditahome.com\/ks\/\",\"logo\":{\"@type\":\"ImageObject\",\"inLanguage\":\"sq\",\"@id\":\"https:\/\/www.comoditahome.com\/ks\/#\/schema\/logo\/image\/\",\"url\":\"https:\/\/www.comoditahome.com\/ks\/wp-content\/uploads\/2022\/05\/COMODITA_HOME_LOGO_KS_MK_AL-02.png\",\"contentUrl\":\"https:\/\/www.comoditahome.com\/ks\/wp-content\/uploads\/2022\/05\/COMODITA_HOME_LOGO_KS_MK_AL-02.png\",\"width\":180,\"height\":87,\"caption\":\"Comodita Home\"},\"image\":{\"@id\":\"https:\/\/www.comoditahome.com\/ks\/#\/schema\/logo\/image\/\"},\"sameAs\":[\"https:\/\/www.facebook.com\/comoditahome\/\",\"https:\/\/www.instagram.com\/comoditahome\/\",\"https:\/\/www.linkedin.com\/company\/comoditahome\/?originalSubdomain=fj\",\"https:\/\/www.youtube.com\/channel\/UC5O6IsT4JD4zaiOqmRi_Pvg\"]}]}<\/script>\n<!-- \/ Yoast SEO Premium plugin. -->","yoast_head_json":{"title":"Toster Goldmaster - Comodita Home","description":"Toster nga brendi Goldmaster. Vjen me ngjyr\u00eb t\u00eb zez\u00eb dhe ka fuqi prej 1750W. P\u00ebrb\u00ebhet nga materiali i Granitit, material q\u00eb njihet p\u00ebr q\u00ebndrueshm\u00ebri...","robots":{"index":"index","follow":"follow","max-snippet":"max-snippet:-1","max-image-preview":"max-image-preview:large","max-video-preview":"max-video-preview:-1"},"canonical":"https:\/\/www.comoditahome.com\/ks\/produkt\/toster-me-ngjyre-te-arte\/","og_locale":"sq_AL","og_type":"article","og_title":"Toster Goldmaster","og_description":"Toster nga brendi Goldmaster. Vjen me ngjyr\u00eb t\u00eb zez\u00eb dhe ka fuqi prej 1750W. P\u00ebrb\u00ebhet nga materiali i Granitit, material q\u00eb njihet p\u00ebr q\u00ebndrueshm\u00ebri...","og_url":"https:\/\/www.comoditahome.com\/ks\/produkt\/toster-me-ngjyre-te-arte\/","og_site_name":"Comodita Home","article_publisher":"https:\/\/www.facebook.com\/comoditahome\/","article_modified_time":"2026-04-24T07:19:37+00:00","og_image":[{"width":1200,"height":1300,"url":"https:\/\/www.comoditahome.com\/ks\/wp-content\/uploads\/2022\/10\/8698758826571-1.jpg","type":"image\/jpeg"}],"twitter_card":"summary_large_image","twitter_misc":{"Est. reading time":"1 minut\u00eb"},"schema":{"@context":"https:\/\/schema.org","@graph":[{"@type":"WebPage","@id":"https:\/\/www.comoditahome.com\/ks\/produkt\/toster-me-ngjyre-te-arte\/","url":"https:\/\/www.comoditahome.com\/ks\/produkt\/toster-me-ngjyre-te-arte\/","name":"Toster Goldmaster - Comodita Home","isPartOf":{"@id":"https:\/\/www.comoditahome.com\/ks\/#website"},"primaryImageOfPage":{"@id":"https:\/\/www.comoditahome.com\/ks\/produkt\/toster-me-ngjyre-te-arte\/#primaryimage"},"image":{"@id":"https:\/\/www.comoditahome.com\/ks\/produkt\/toster-me-ngjyre-te-arte\/#primaryimage"},"thumbnailUrl":"https:\/\/www.comoditahome.com\/ks\/wp-content\/uploads\/2022\/10\/8698758826571-1.jpg","datePublished":"2022-10-12T09:23:29+00:00","dateModified":"2026-04-24T07:19:37+00:00","description":"Toster nga brendi Goldmaster. Vjen me ngjyr\u00eb t\u00eb zez\u00eb dhe ka fuqi prej 1750W. P\u00ebrb\u00ebhet nga materiali i Granitit, material q\u00eb njihet p\u00ebr q\u00ebndrueshm\u00ebri...","breadcrumb":{"@id":"https:\/\/www.comoditahome.com\/ks\/produkt\/toster-me-ngjyre-te-arte\/#breadcrumb"},"inLanguage":"sq","potentialAction":[{"@type":"ReadAction","target":["https:\/\/www.comoditahome.com\/ks\/produkt\/toster-me-ngjyre-te-arte\/"]}]},{"@type":"ImageObject","inLanguage":"sq","@id":"https:\/\/www.comoditahome.com\/ks\/produkt\/toster-me-ngjyre-te-arte\/#primaryimage","url":"https:\/\/www.comoditahome.com\/ks\/wp-content\/uploads\/2022\/10\/8698758826571-1.jpg","contentUrl":"https:\/\/www.comoditahome.com\/ks\/wp-content\/uploads\/2022\/10\/8698758826571-1.jpg","width":1200,"height":1300},{"@type":"BreadcrumbList","@id":"https:\/\/www.comoditahome.com\/ks\/produkt\/toster-me-ngjyre-te-arte\/#breadcrumb","itemListElement":[{"@type":"ListItem","position":1,"name":"Comodita Home Kosova - Dyshek Mattress","item":"https:\/\/www.comoditahome.com\/ks\/"},{"@type":"ListItem","position":2,"name":"Shop","item":"https:\/\/www.comoditahome.com\/ks\/shop\/"},{"@type":"ListItem","position":3,"name":"Toster Goldmaster"}]},{"@type":"WebSite","@id":"https:\/\/www.comoditahome.com\/ks\/#website","url":"https:\/\/www.comoditahome.com\/ks\/","name":"Comodita Home","description":"Dyshek, Jorgan, Jast\u00ebk, Kuzhine, Banjo, Kopsht dhe Aksesor\u00eb","publisher":{"@id":"https:\/\/www.comoditahome.com\/ks\/#organization"},"potentialAction":[{"@type":"SearchAction","target":{"@type":"EntryPoint","urlTemplate":"https:\/\/www.comoditahome.com\/ks\/?s={search_term_string}"},"query-input":"required name=search_term_string"}],"inLanguage":"sq"},{"@type":"Organization","@id":"https:\/\/www.comoditahome.com\/ks\/#organization","name":"Comodita Home","url":"https:\/\/www.comoditahome.com\/ks\/","logo":{"@type":"ImageObject","inLanguage":"sq","@id":"https:\/\/www.comoditahome.com\/ks\/#\/schema\/logo\/image\/","url":"https:\/\/www.comoditahome.com\/ks\/wp-content\/uploads\/2022\/05\/COMODITA_HOME_LOGO_KS_MK_AL-02.png","contentUrl":"https:\/\/www.comoditahome.com\/ks\/wp-content\/uploads\/2022\/05\/COMODITA_HOME_LOGO_KS_MK_AL-02.png","width":180,"height":87,"caption":"Comodita Home"},"image":{"@id":"https:\/\/www.comoditahome.com\/ks\/#\/schema\/logo\/image\/"},"sameAs":["https:\/\/www.facebook.com\/comoditahome\/","https:\/\/www.instagram.com\/comoditahome\/","https:\/\/www.linkedin.com\/company\/comoditahome\/?originalSubdomain=fj","https:\/\/www.youtube.com\/channel\/UC5O6IsT4JD4zaiOqmRi_Pvg"]}]}},"_links":{"self":[{"href":"https:\/\/www.comoditahome.com\/ks\/wp-json\/wp\/v2\/product\/57009","targetHints":{"allow":["GET"]}}],"collection":[{"href":"https:\/\/www.comoditahome.com\/ks\/wp-json\/wp\/v2\/product"}],"about":[{"href":"https:\/\/www.comoditahome.com\/ks\/wp-json\/wp\/v2\/types\/product"}],"version-history":[{"count":3,"href":"https:\/\/www.comoditahome.com\/ks\/wp-json\/wp\/v2\/product\/57009\/revisions"}],"predecessor-version":[{"id":107638,"href":"https:\/\/www.comoditahome.com\/ks\/wp-json\/wp\/v2\/product\/57009\/revisions\/107638"}],"wp:featuredmedia":[{"embeddable":true,"href":"https:\/\/www.comoditahome.com\/ks\/wp-json\/wp\/v2\/media\/57011"}],"wp:attachment":[{"href":"https:\/\/www.comoditahome.com\/ks\/wp-json\/wp\/v2\/media?parent=57009"}],"wp:term":[{"taxonomy":"product_brand","embeddable":true,"href":"https:\/\/www.comoditahome.com\/ks\/wp-json\/wp\/v2\/product_brand?post=57009"},{"taxonomy":"product_cat","embeddable":true,"href":"https:\/\/www.comoditahome.com\/ks\/wp-json\/wp\/v2\/product_cat?post=57009"},{"taxonomy":"product_tag","embeddable":true,"href":"https:\/\/www.comoditahome.com\/ks\/wp-json\/wp\/v2\/product_tag?post=57009"}],"curies":[{"name":"wp","href":"https:\/\/api.w.org\/{rel}","templated":true}]}}