 {"id":57229,"date":"2022-10-15T11:15:00","date_gmt":"2022-10-15T09:15:00","guid":{"rendered":"https:\/\/www.comoditahome.com\/ks\/?post_type=product&#038;p=57229"},"modified":"2026-04-24T09:19:40","modified_gmt":"2026-04-24T07:19:40","slug":"pasqyre-muri-vintage","status":"publish","type":"product","link":"https:\/\/www.comoditahome.com\/ks\/produkt\/pasqyre-muri-vintage\/","title":{"rendered":"Pasqyr\u00eb muri Vintage"},"content":{"rendered":"<p style=\"text-align: left\">Pasqyr\u00eb muri rrethore me dimensione 24CM dhe me ngjyr\u00eb argjendi. Shk\u00eblqimi, pamja speciale dhe forma e rrumbullak\u00ebt. Lejojn\u00eb q\u00eb kjo pasqyr\u00eb t\u00eb jet\u00eb e p\u00ebrshtatshme p\u00ebr hap\u00ebsira t\u00eb vogla dhe t\u00eb m\u00ebdha. Duke ofruar nj\u00eb reflektim kaq elegant.<\/p>\n","protected":false},"excerpt":{"rendered":"<p style=\"text-align: left\">Pasqyr\u00eb muri rrethore me dimensione 24CM dhe me ngjyr\u00eb argjendi. Shk\u00eblqimi, pamja speciale dhe forma e rrumbullak\u00ebt, lejojn\u00eb q\u00eb kjo pasqyr\u00eb t\u00eb jet\u00eb e p\u00ebrshtatshme p\u00ebr hap\u00ebsira t\u00eb vogla dhe t\u00eb m\u00ebdha, duke ofruar nj\u00eb reflektim kaq elegant.<br \/>\n<strong>Dimensioni \/ Kompozicioni:<\/strong> 24cm<br \/>\n<strong>NGJYRA:<\/strong> Argjend<br \/>\n<strong>MATERIALI:<\/strong> Pasqyr\u00eb me plastik\u00eb<br \/>\n<strong>UDH\u00cbZIMET E P\u00cbRDORIMIT:<\/strong> T\u00eb pastrohet me pastruese pluhuri<br \/>\n<strong>KUSHTET E KTHIMIT \/ GARANCION:<\/strong>P\u00ebr k\u00ebt\u00eb produkt pranohet reklamacion brenda 24 or\u00ebve pasi t\u00eb pranoni porosin\u00eb.<br \/>\n<span style=\"color: #ffffff\">3907489180636<\/span><\/p>\n","protected":false},"featured_media":57230,"template":"","meta":[],"product_brand":[],"product_cat":[104,85,115],"product_tag":[],"class_list":{"0":"post-57229","1":"product","2":"type-product","3":"status-publish","4":"has-post-thumbnail","6":"product_cat-gjumi","7":"product_cat-dhoma-e-ndenjes","8":"product_cat-pasqyre-gjumi","10":"first","11":"outofstock","12":"sale","13":"featured","14":"shipping-taxable","15":"purchasable","16":"product-type-simple","17":"layout-style-1","18":"col-md-4 col-sm-4 col-xs-6","19":"col-lg-2","20":"product-has-gallery","21":"product-style-default"},"yoast_head":"<!-- This site is optimized with the Yoast SEO Premium plugin v18.2.1 (Yoast SEO v22.5) - https:\/\/yoast.com\/wordpress\/plugins\/seo\/ -->\n<title>Pasqyr\u00eb muri Vintage - Comodita Home<\/title>\n<meta name=\"description\" content=\"Pasqyr\u00eb muri Vintage rrethore me dimensione 24CM dhe me ngjyr\u00eb argjendi. Shk\u00eblqimi, pamja speciale dhe forma e rrumbullak\u00ebt.\" \/>\n<meta name=\"robots\" content=\"index, follow, max-snippet:-1, max-image-preview:large, max-video-preview:-1\" \/>\n<link rel=\"canonical\" href=\"https:\/\/www.comoditahome.com\/ks\/produkt\/pasqyre-muri-vintage\/\" \/>\n<meta property=\"og:locale\" content=\"sq_AL\" \/>\n<meta property=\"og:type\" content=\"article\" \/>\n<meta property=\"og:title\" content=\"Pasqyr\u00eb muri Vintage\" \/>\n<meta property=\"og:description\" content=\"Pasqyr\u00eb muri Vintage rrethore me dimensione 24CM dhe me ngjyr\u00eb argjendi. Shk\u00eblqimi, pamja speciale dhe forma e rrumbullak\u00ebt.\" \/>\n<meta property=\"og:url\" content=\"https:\/\/www.comoditahome.com\/ks\/produkt\/pasqyre-muri-vintage\/\" \/>\n<meta property=\"og:site_name\" content=\"Comodita Home\" \/>\n<meta property=\"article:publisher\" content=\"https:\/\/www.facebook.com\/comoditahome\/\" \/>\n<meta property=\"article:modified_time\" content=\"2026-04-24T07:19:40+00:00\" \/>\n<meta property=\"og:image\" content=\"https:\/\/www.comoditahome.com\/ks\/wp-content\/uploads\/2022\/10\/3907489180636-1.jpg\" \/>\n\t<meta property=\"og:image:width\" content=\"1200\" \/>\n\t<meta property=\"og:image:height\" content=\"1300\" \/>\n\t<meta property=\"og:image:type\" content=\"image\/jpeg\" \/>\n<meta name=\"twitter:card\" content=\"summary_large_image\" \/>\n<meta name=\"twitter:label1\" content=\"Est. reading time\" \/>\n\t<meta name=\"twitter:data1\" content=\"1 minut\u00eb\" \/>\n<script type=\"application\/ld+json\" class=\"yoast-schema-graph\">{\"@context\":\"https:\/\/schema.org\",\"@graph\":[{\"@type\":\"WebPage\",\"@id\":\"https:\/\/www.comoditahome.com\/ks\/produkt\/pasqyre-muri-vintage\/\",\"url\":\"https:\/\/www.comoditahome.com\/ks\/produkt\/pasqyre-muri-vintage\/\",\"name\":\"Pasqyr\u00eb muri Vintage - Comodita Home\",\"isPartOf\":{\"@id\":\"https:\/\/www.comoditahome.com\/ks\/#website\"},\"primaryImageOfPage\":{\"@id\":\"https:\/\/www.comoditahome.com\/ks\/produkt\/pasqyre-muri-vintage\/#primaryimage\"},\"image\":{\"@id\":\"https:\/\/www.comoditahome.com\/ks\/produkt\/pasqyre-muri-vintage\/#primaryimage\"},\"thumbnailUrl\":\"https:\/\/www.comoditahome.com\/ks\/wp-content\/uploads\/2022\/10\/3907489180636-1.jpg\",\"datePublished\":\"2022-10-15T09:15:00+00:00\",\"dateModified\":\"2026-04-24T07:19:40+00:00\",\"description\":\"Pasqyr\u00eb muri Vintage rrethore me dimensione 24CM dhe me ngjyr\u00eb argjendi. Shk\u00eblqimi, pamja speciale dhe forma e rrumbullak\u00ebt.\",\"breadcrumb\":{\"@id\":\"https:\/\/www.comoditahome.com\/ks\/produkt\/pasqyre-muri-vintage\/#breadcrumb\"},\"inLanguage\":\"sq\",\"potentialAction\":[{\"@type\":\"ReadAction\",\"target\":[\"https:\/\/www.comoditahome.com\/ks\/produkt\/pasqyre-muri-vintage\/\"]}]},{\"@type\":\"ImageObject\",\"inLanguage\":\"sq\",\"@id\":\"https:\/\/www.comoditahome.com\/ks\/produkt\/pasqyre-muri-vintage\/#primaryimage\",\"url\":\"https:\/\/www.comoditahome.com\/ks\/wp-content\/uploads\/2022\/10\/3907489180636-1.jpg\",\"contentUrl\":\"https:\/\/www.comoditahome.com\/ks\/wp-content\/uploads\/2022\/10\/3907489180636-1.jpg\",\"width\":1200,\"height\":1300},{\"@type\":\"BreadcrumbList\",\"@id\":\"https:\/\/www.comoditahome.com\/ks\/produkt\/pasqyre-muri-vintage\/#breadcrumb\",\"itemListElement\":[{\"@type\":\"ListItem\",\"position\":1,\"name\":\"Comodita Home Kosova - Dyshek Mattress\",\"item\":\"https:\/\/www.comoditahome.com\/ks\/\"},{\"@type\":\"ListItem\",\"position\":2,\"name\":\"Shop\",\"item\":\"https:\/\/www.comoditahome.com\/ks\/shop\/\"},{\"@type\":\"ListItem\",\"position\":3,\"name\":\"Pasqyr\u00eb muri Vintage\"}]},{\"@type\":\"WebSite\",\"@id\":\"https:\/\/www.comoditahome.com\/ks\/#website\",\"url\":\"https:\/\/www.comoditahome.com\/ks\/\",\"name\":\"Comodita Home\",\"description\":\"Dyshek, Jorgan, Jast\u00ebk, Kuzhine, Banjo, Kopsht dhe Aksesor\u00eb\",\"publisher\":{\"@id\":\"https:\/\/www.comoditahome.com\/ks\/#organization\"},\"potentialAction\":[{\"@type\":\"SearchAction\",\"target\":{\"@type\":\"EntryPoint\",\"urlTemplate\":\"https:\/\/www.comoditahome.com\/ks\/?s={search_term_string}\"},\"query-input\":\"required name=search_term_string\"}],\"inLanguage\":\"sq\"},{\"@type\":\"Organization\",\"@id\":\"https:\/\/www.comoditahome.com\/ks\/#organization\",\"name\":\"Comodita Home\",\"url\":\"https:\/\/www.comoditahome.com\/ks\/\",\"logo\":{\"@type\":\"ImageObject\",\"inLanguage\":\"sq\",\"@id\":\"https:\/\/www.comoditahome.com\/ks\/#\/schema\/logo\/image\/\",\"url\":\"https:\/\/www.comoditahome.com\/ks\/wp-content\/uploads\/2022\/05\/COMODITA_HOME_LOGO_KS_MK_AL-02.png\",\"contentUrl\":\"https:\/\/www.comoditahome.com\/ks\/wp-content\/uploads\/2022\/05\/COMODITA_HOME_LOGO_KS_MK_AL-02.png\",\"width\":180,\"height\":87,\"caption\":\"Comodita Home\"},\"image\":{\"@id\":\"https:\/\/www.comoditahome.com\/ks\/#\/schema\/logo\/image\/\"},\"sameAs\":[\"https:\/\/www.facebook.com\/comoditahome\/\",\"https:\/\/www.instagram.com\/comoditahome\/\",\"https:\/\/www.linkedin.com\/company\/comoditahome\/?originalSubdomain=fj\",\"https:\/\/www.youtube.com\/channel\/UC5O6IsT4JD4zaiOqmRi_Pvg\"]}]}<\/script>\n<!-- \/ Yoast SEO Premium plugin. -->","yoast_head_json":{"title":"Pasqyr\u00eb muri Vintage - Comodita Home","description":"Pasqyr\u00eb muri Vintage rrethore me dimensione 24CM dhe me ngjyr\u00eb argjendi. Shk\u00eblqimi, pamja speciale dhe forma e rrumbullak\u00ebt.","robots":{"index":"index","follow":"follow","max-snippet":"max-snippet:-1","max-image-preview":"max-image-preview:large","max-video-preview":"max-video-preview:-1"},"canonical":"https:\/\/www.comoditahome.com\/ks\/produkt\/pasqyre-muri-vintage\/","og_locale":"sq_AL","og_type":"article","og_title":"Pasqyr\u00eb muri Vintage","og_description":"Pasqyr\u00eb muri Vintage rrethore me dimensione 24CM dhe me ngjyr\u00eb argjendi. Shk\u00eblqimi, pamja speciale dhe forma e rrumbullak\u00ebt.","og_url":"https:\/\/www.comoditahome.com\/ks\/produkt\/pasqyre-muri-vintage\/","og_site_name":"Comodita Home","article_publisher":"https:\/\/www.facebook.com\/comoditahome\/","article_modified_time":"2026-04-24T07:19:40+00:00","og_image":[{"width":1200,"height":1300,"url":"https:\/\/www.comoditahome.com\/ks\/wp-content\/uploads\/2022\/10\/3907489180636-1.jpg","type":"image\/jpeg"}],"twitter_card":"summary_large_image","twitter_misc":{"Est. reading time":"1 minut\u00eb"},"schema":{"@context":"https:\/\/schema.org","@graph":[{"@type":"WebPage","@id":"https:\/\/www.comoditahome.com\/ks\/produkt\/pasqyre-muri-vintage\/","url":"https:\/\/www.comoditahome.com\/ks\/produkt\/pasqyre-muri-vintage\/","name":"Pasqyr\u00eb muri Vintage - Comodita Home","isPartOf":{"@id":"https:\/\/www.comoditahome.com\/ks\/#website"},"primaryImageOfPage":{"@id":"https:\/\/www.comoditahome.com\/ks\/produkt\/pasqyre-muri-vintage\/#primaryimage"},"image":{"@id":"https:\/\/www.comoditahome.com\/ks\/produkt\/pasqyre-muri-vintage\/#primaryimage"},"thumbnailUrl":"https:\/\/www.comoditahome.com\/ks\/wp-content\/uploads\/2022\/10\/3907489180636-1.jpg","datePublished":"2022-10-15T09:15:00+00:00","dateModified":"2026-04-24T07:19:40+00:00","description":"Pasqyr\u00eb muri Vintage rrethore me dimensione 24CM dhe me ngjyr\u00eb argjendi. Shk\u00eblqimi, pamja speciale dhe forma e rrumbullak\u00ebt.","breadcrumb":{"@id":"https:\/\/www.comoditahome.com\/ks\/produkt\/pasqyre-muri-vintage\/#breadcrumb"},"inLanguage":"sq","potentialAction":[{"@type":"ReadAction","target":["https:\/\/www.comoditahome.com\/ks\/produkt\/pasqyre-muri-vintage\/"]}]},{"@type":"ImageObject","inLanguage":"sq","@id":"https:\/\/www.comoditahome.com\/ks\/produkt\/pasqyre-muri-vintage\/#primaryimage","url":"https:\/\/www.comoditahome.com\/ks\/wp-content\/uploads\/2022\/10\/3907489180636-1.jpg","contentUrl":"https:\/\/www.comoditahome.com\/ks\/wp-content\/uploads\/2022\/10\/3907489180636-1.jpg","width":1200,"height":1300},{"@type":"BreadcrumbList","@id":"https:\/\/www.comoditahome.com\/ks\/produkt\/pasqyre-muri-vintage\/#breadcrumb","itemListElement":[{"@type":"ListItem","position":1,"name":"Comodita Home Kosova - Dyshek Mattress","item":"https:\/\/www.comoditahome.com\/ks\/"},{"@type":"ListItem","position":2,"name":"Shop","item":"https:\/\/www.comoditahome.com\/ks\/shop\/"},{"@type":"ListItem","position":3,"name":"Pasqyr\u00eb muri Vintage"}]},{"@type":"WebSite","@id":"https:\/\/www.comoditahome.com\/ks\/#website","url":"https:\/\/www.comoditahome.com\/ks\/","name":"Comodita Home","description":"Dyshek, Jorgan, Jast\u00ebk, Kuzhine, Banjo, Kopsht dhe Aksesor\u00eb","publisher":{"@id":"https:\/\/www.comoditahome.com\/ks\/#organization"},"potentialAction":[{"@type":"SearchAction","target":{"@type":"EntryPoint","urlTemplate":"https:\/\/www.comoditahome.com\/ks\/?s={search_term_string}"},"query-input":"required name=search_term_string"}],"inLanguage":"sq"},{"@type":"Organization","@id":"https:\/\/www.comoditahome.com\/ks\/#organization","name":"Comodita Home","url":"https:\/\/www.comoditahome.com\/ks\/","logo":{"@type":"ImageObject","inLanguage":"sq","@id":"https:\/\/www.comoditahome.com\/ks\/#\/schema\/logo\/image\/","url":"https:\/\/www.comoditahome.com\/ks\/wp-content\/uploads\/2022\/05\/COMODITA_HOME_LOGO_KS_MK_AL-02.png","contentUrl":"https:\/\/www.comoditahome.com\/ks\/wp-content\/uploads\/2022\/05\/COMODITA_HOME_LOGO_KS_MK_AL-02.png","width":180,"height":87,"caption":"Comodita Home"},"image":{"@id":"https:\/\/www.comoditahome.com\/ks\/#\/schema\/logo\/image\/"},"sameAs":["https:\/\/www.facebook.com\/comoditahome\/","https:\/\/www.instagram.com\/comoditahome\/","https:\/\/www.linkedin.com\/company\/comoditahome\/?originalSubdomain=fj","https:\/\/www.youtube.com\/channel\/UC5O6IsT4JD4zaiOqmRi_Pvg"]}]}},"_links":{"self":[{"href":"https:\/\/www.comoditahome.com\/ks\/wp-json\/wp\/v2\/product\/57229","targetHints":{"allow":["GET"]}}],"collection":[{"href":"https:\/\/www.comoditahome.com\/ks\/wp-json\/wp\/v2\/product"}],"about":[{"href":"https:\/\/www.comoditahome.com\/ks\/wp-json\/wp\/v2\/types\/product"}],"version-history":[{"count":5,"href":"https:\/\/www.comoditahome.com\/ks\/wp-json\/wp\/v2\/product\/57229\/revisions"}],"predecessor-version":[{"id":115729,"href":"https:\/\/www.comoditahome.com\/ks\/wp-json\/wp\/v2\/product\/57229\/revisions\/115729"}],"wp:featuredmedia":[{"embeddable":true,"href":"https:\/\/www.comoditahome.com\/ks\/wp-json\/wp\/v2\/media\/57230"}],"wp:attachment":[{"href":"https:\/\/www.comoditahome.com\/ks\/wp-json\/wp\/v2\/media?parent=57229"}],"wp:term":[{"taxonomy":"product_brand","embeddable":true,"href":"https:\/\/www.comoditahome.com\/ks\/wp-json\/wp\/v2\/product_brand?post=57229"},{"taxonomy":"product_cat","embeddable":true,"href":"https:\/\/www.comoditahome.com\/ks\/wp-json\/wp\/v2\/product_cat?post=57229"},{"taxonomy":"product_tag","embeddable":true,"href":"https:\/\/www.comoditahome.com\/ks\/wp-json\/wp\/v2\/product_tag?post=57229"}],"curies":[{"name":"wp","href":"https:\/\/api.w.org\/{rel}","templated":true}]}}