 {"id":58937,"date":"2022-11-25T11:34:43","date_gmt":"2022-11-25T09:34:43","guid":{"rendered":"https:\/\/www.comoditahome.com\/ks\/?post_type=product&#038;p=58937"},"modified":"2026-05-06T15:37:56","modified_gmt":"2026-05-06T13:37:56","slug":"tigan-i-thelle-eco-recy-28cm","status":"publish","type":"product","link":"https:\/\/www.comoditahome.com\/ks\/produkt\/tigan-i-thelle-eco-recy-28cm\/","title":{"rendered":"Tigan i thell\u00eb Eco Recy"},"content":{"rendered":"<p>[sg_popup id=73807]<\/p>\n","protected":false},"excerpt":{"rendered":"<p style=\"text-align: left;\">Tigani i thell\u00eb Eco Recy vjen n\u00eb form\u00eb t\u00eb rrumbullak\u00ebt me dor\u00ebz ergonomike. Ky tigan dallohet p\u00ebr kualitetin cil\u00ebsor q\u00eb ofron dhe nj\u00eb jet\u00ebgjat\u00ebsi t\u00eb k\u00ebnaqshme. Sip\u00ebrfaqja baz\u00eb arrin\u00eb t\u00eb ngrohet shpejt, nd\u00ebrsa \u00ebsht\u00eb rezistente ndaj g\u00ebrvishtjeve. Me kualitetin e pakrahasuesh\u00ebm ju mund t\u2019i jepni nj\u00eb shije t\u00eb mrekullueshme ushqimit q\u00eb p\u00ebrgatisni.<br \/>\n<strong>Dimensioni \/ Kompozicioni:<\/strong>\u00a028CM<\/p>\n<p style=\"text-align: left;\"><strong>NGJYRA:<\/strong> E zez\u00eb<\/p>\n<p style=\"text-align: left;\"><strong>MATERIALI:<\/strong> Alumin i ricikluar 100%<\/p>\n<p style=\"text-align: left;\"><strong>UDH\u00cbZIMET E P\u00cbRDORIMIT:<\/strong>\u00a0T\u00eb pastrohet me dor\u00eb dhe n\u00eb en\u00eb lar\u00ebse<\/p>\n<p style=\"text-align: left;\"><strong>KUSHTET E KTHIMIT \/ GARANCION:<\/strong> P\u00ebr k\u00ebt\u00eb produkt pranohet reklamacion brenda 24 or\u00ebve pasi t\u00eb pranoni porosin\u00eb.<br \/>\n<span style=\"color: #ffffff;\">3907489380272 fertere filtere<\/span><\/p>\n","protected":false},"featured_media":58938,"template":"","meta":[],"product_brand":[],"product_cat":[128,125],"product_tag":[],"class_list":{"0":"post-58937","1":"product","2":"type-product","3":"status-publish","4":"has-post-thumbnail","6":"product_cat-ene-gatimi","7":"product_cat-kuzhine","9":"first","10":"outofstock","11":"sale","12":"shipping-taxable","13":"purchasable","14":"product-type-simple","15":"layout-style-1","16":"col-md-4 col-sm-4 col-xs-6","17":"col-lg-2","18":"product-has-gallery","19":"product-style-default"},"yoast_head":"<!-- This site is optimized with the Yoast SEO Premium plugin v18.2.1 (Yoast SEO v22.5) - https:\/\/yoast.com\/wordpress\/plugins\/seo\/ -->\n<title>Tigan i thell\u00eb Eco Recy - Comodita Home<\/title>\n<meta name=\"description\" content=\"Tigani i thell\u00eb Eco Recy vjen n\u00eb form\u00eb t\u00eb rrumbullak\u00ebt me dor\u00ebz ergonomike. Ky tigan dallohet p\u00ebr kualitetin cil\u00ebsor q\u00eb ofron dhe nj\u00eb jet\u00ebgjat\u00ebsi...\" \/>\n<meta name=\"robots\" content=\"index, follow, max-snippet:-1, max-image-preview:large, max-video-preview:-1\" \/>\n<link rel=\"canonical\" href=\"https:\/\/www.comoditahome.com\/ks\/produkt\/tigan-i-thelle-eco-recy-28cm\/\" \/>\n<meta property=\"og:locale\" content=\"sq_AL\" \/>\n<meta property=\"og:type\" content=\"article\" \/>\n<meta property=\"og:title\" content=\"Tigan i thell\u00eb Eco Recy\" \/>\n<meta property=\"og:description\" content=\"Tigani i thell\u00eb Eco Recy vjen n\u00eb form\u00eb t\u00eb rrumbullak\u00ebt me dor\u00ebz ergonomike. Ky tigan dallohet p\u00ebr kualitetin cil\u00ebsor q\u00eb ofron dhe nj\u00eb jet\u00ebgjat\u00ebsi...\" \/>\n<meta property=\"og:url\" content=\"https:\/\/www.comoditahome.com\/ks\/produkt\/tigan-i-thelle-eco-recy-28cm\/\" \/>\n<meta property=\"og:site_name\" content=\"Comodita Home\" \/>\n<meta property=\"article:publisher\" content=\"https:\/\/www.facebook.com\/comoditahome\/\" \/>\n<meta property=\"article:modified_time\" content=\"2026-05-06T13:37:56+00:00\" \/>\n<meta property=\"og:image\" content=\"https:\/\/www.comoditahome.com\/ks\/wp-content\/uploads\/2022\/11\/3907489380272-1.jpg\" \/>\n\t<meta property=\"og:image:width\" content=\"1200\" \/>\n\t<meta property=\"og:image:height\" content=\"1300\" \/>\n\t<meta property=\"og:image:type\" content=\"image\/jpeg\" \/>\n<meta name=\"twitter:card\" content=\"summary_large_image\" \/>\n<script type=\"application\/ld+json\" class=\"yoast-schema-graph\">{\"@context\":\"https:\/\/schema.org\",\"@graph\":[{\"@type\":\"WebPage\",\"@id\":\"https:\/\/www.comoditahome.com\/ks\/produkt\/tigan-i-thelle-eco-recy-28cm\/\",\"url\":\"https:\/\/www.comoditahome.com\/ks\/produkt\/tigan-i-thelle-eco-recy-28cm\/\",\"name\":\"Tigan i thell\u00eb Eco Recy - Comodita Home\",\"isPartOf\":{\"@id\":\"https:\/\/www.comoditahome.com\/ks\/#website\"},\"primaryImageOfPage\":{\"@id\":\"https:\/\/www.comoditahome.com\/ks\/produkt\/tigan-i-thelle-eco-recy-28cm\/#primaryimage\"},\"image\":{\"@id\":\"https:\/\/www.comoditahome.com\/ks\/produkt\/tigan-i-thelle-eco-recy-28cm\/#primaryimage\"},\"thumbnailUrl\":\"https:\/\/www.comoditahome.com\/ks\/wp-content\/uploads\/2022\/11\/3907489380272-1.jpg\",\"datePublished\":\"2022-11-25T09:34:43+00:00\",\"dateModified\":\"2026-05-06T13:37:56+00:00\",\"description\":\"Tigani i thell\u00eb Eco Recy vjen n\u00eb form\u00eb t\u00eb rrumbullak\u00ebt me dor\u00ebz ergonomike. Ky tigan dallohet p\u00ebr kualitetin cil\u00ebsor q\u00eb ofron dhe nj\u00eb jet\u00ebgjat\u00ebsi...\",\"breadcrumb\":{\"@id\":\"https:\/\/www.comoditahome.com\/ks\/produkt\/tigan-i-thelle-eco-recy-28cm\/#breadcrumb\"},\"inLanguage\":\"sq\",\"potentialAction\":[{\"@type\":\"ReadAction\",\"target\":[\"https:\/\/www.comoditahome.com\/ks\/produkt\/tigan-i-thelle-eco-recy-28cm\/\"]}]},{\"@type\":\"ImageObject\",\"inLanguage\":\"sq\",\"@id\":\"https:\/\/www.comoditahome.com\/ks\/produkt\/tigan-i-thelle-eco-recy-28cm\/#primaryimage\",\"url\":\"https:\/\/www.comoditahome.com\/ks\/wp-content\/uploads\/2022\/11\/3907489380272-1.jpg\",\"contentUrl\":\"https:\/\/www.comoditahome.com\/ks\/wp-content\/uploads\/2022\/11\/3907489380272-1.jpg\",\"width\":1200,\"height\":1300},{\"@type\":\"BreadcrumbList\",\"@id\":\"https:\/\/www.comoditahome.com\/ks\/produkt\/tigan-i-thelle-eco-recy-28cm\/#breadcrumb\",\"itemListElement\":[{\"@type\":\"ListItem\",\"position\":1,\"name\":\"Comodita Home Kosova - Dyshek Mattress\",\"item\":\"https:\/\/www.comoditahome.com\/ks\/\"},{\"@type\":\"ListItem\",\"position\":2,\"name\":\"Shop\",\"item\":\"https:\/\/www.comoditahome.com\/ks\/shop\/\"},{\"@type\":\"ListItem\",\"position\":3,\"name\":\"Tigan i thell\u00eb Eco Recy\"}]},{\"@type\":\"WebSite\",\"@id\":\"https:\/\/www.comoditahome.com\/ks\/#website\",\"url\":\"https:\/\/www.comoditahome.com\/ks\/\",\"name\":\"Comodita Home\",\"description\":\"Dyshek, Jorgan, Jast\u00ebk, Kuzhine, Banjo, Kopsht dhe Aksesor\u00eb\",\"publisher\":{\"@id\":\"https:\/\/www.comoditahome.com\/ks\/#organization\"},\"potentialAction\":[{\"@type\":\"SearchAction\",\"target\":{\"@type\":\"EntryPoint\",\"urlTemplate\":\"https:\/\/www.comoditahome.com\/ks\/?s={search_term_string}\"},\"query-input\":\"required name=search_term_string\"}],\"inLanguage\":\"sq\"},{\"@type\":\"Organization\",\"@id\":\"https:\/\/www.comoditahome.com\/ks\/#organization\",\"name\":\"Comodita Home\",\"url\":\"https:\/\/www.comoditahome.com\/ks\/\",\"logo\":{\"@type\":\"ImageObject\",\"inLanguage\":\"sq\",\"@id\":\"https:\/\/www.comoditahome.com\/ks\/#\/schema\/logo\/image\/\",\"url\":\"https:\/\/www.comoditahome.com\/ks\/wp-content\/uploads\/2022\/05\/COMODITA_HOME_LOGO_KS_MK_AL-02.png\",\"contentUrl\":\"https:\/\/www.comoditahome.com\/ks\/wp-content\/uploads\/2022\/05\/COMODITA_HOME_LOGO_KS_MK_AL-02.png\",\"width\":180,\"height\":87,\"caption\":\"Comodita Home\"},\"image\":{\"@id\":\"https:\/\/www.comoditahome.com\/ks\/#\/schema\/logo\/image\/\"},\"sameAs\":[\"https:\/\/www.facebook.com\/comoditahome\/\",\"https:\/\/www.instagram.com\/comoditahome\/\",\"https:\/\/www.linkedin.com\/company\/comoditahome\/?originalSubdomain=fj\",\"https:\/\/www.youtube.com\/channel\/UC5O6IsT4JD4zaiOqmRi_Pvg\"]}]}<\/script>\n<!-- \/ Yoast SEO Premium plugin. -->","yoast_head_json":{"title":"Tigan i thell\u00eb Eco Recy - Comodita Home","description":"Tigani i thell\u00eb Eco Recy vjen n\u00eb form\u00eb t\u00eb rrumbullak\u00ebt me dor\u00ebz ergonomike. Ky tigan dallohet p\u00ebr kualitetin cil\u00ebsor q\u00eb ofron dhe nj\u00eb jet\u00ebgjat\u00ebsi...","robots":{"index":"index","follow":"follow","max-snippet":"max-snippet:-1","max-image-preview":"max-image-preview:large","max-video-preview":"max-video-preview:-1"},"canonical":"https:\/\/www.comoditahome.com\/ks\/produkt\/tigan-i-thelle-eco-recy-28cm\/","og_locale":"sq_AL","og_type":"article","og_title":"Tigan i thell\u00eb Eco Recy","og_description":"Tigani i thell\u00eb Eco Recy vjen n\u00eb form\u00eb t\u00eb rrumbullak\u00ebt me dor\u00ebz ergonomike. Ky tigan dallohet p\u00ebr kualitetin cil\u00ebsor q\u00eb ofron dhe nj\u00eb jet\u00ebgjat\u00ebsi...","og_url":"https:\/\/www.comoditahome.com\/ks\/produkt\/tigan-i-thelle-eco-recy-28cm\/","og_site_name":"Comodita Home","article_publisher":"https:\/\/www.facebook.com\/comoditahome\/","article_modified_time":"2026-05-06T13:37:56+00:00","og_image":[{"width":1200,"height":1300,"url":"https:\/\/www.comoditahome.com\/ks\/wp-content\/uploads\/2022\/11\/3907489380272-1.jpg","type":"image\/jpeg"}],"twitter_card":"summary_large_image","schema":{"@context":"https:\/\/schema.org","@graph":[{"@type":"WebPage","@id":"https:\/\/www.comoditahome.com\/ks\/produkt\/tigan-i-thelle-eco-recy-28cm\/","url":"https:\/\/www.comoditahome.com\/ks\/produkt\/tigan-i-thelle-eco-recy-28cm\/","name":"Tigan i thell\u00eb Eco Recy - Comodita Home","isPartOf":{"@id":"https:\/\/www.comoditahome.com\/ks\/#website"},"primaryImageOfPage":{"@id":"https:\/\/www.comoditahome.com\/ks\/produkt\/tigan-i-thelle-eco-recy-28cm\/#primaryimage"},"image":{"@id":"https:\/\/www.comoditahome.com\/ks\/produkt\/tigan-i-thelle-eco-recy-28cm\/#primaryimage"},"thumbnailUrl":"https:\/\/www.comoditahome.com\/ks\/wp-content\/uploads\/2022\/11\/3907489380272-1.jpg","datePublished":"2022-11-25T09:34:43+00:00","dateModified":"2026-05-06T13:37:56+00:00","description":"Tigani i thell\u00eb Eco Recy vjen n\u00eb form\u00eb t\u00eb rrumbullak\u00ebt me dor\u00ebz ergonomike. Ky tigan dallohet p\u00ebr kualitetin cil\u00ebsor q\u00eb ofron dhe nj\u00eb jet\u00ebgjat\u00ebsi...","breadcrumb":{"@id":"https:\/\/www.comoditahome.com\/ks\/produkt\/tigan-i-thelle-eco-recy-28cm\/#breadcrumb"},"inLanguage":"sq","potentialAction":[{"@type":"ReadAction","target":["https:\/\/www.comoditahome.com\/ks\/produkt\/tigan-i-thelle-eco-recy-28cm\/"]}]},{"@type":"ImageObject","inLanguage":"sq","@id":"https:\/\/www.comoditahome.com\/ks\/produkt\/tigan-i-thelle-eco-recy-28cm\/#primaryimage","url":"https:\/\/www.comoditahome.com\/ks\/wp-content\/uploads\/2022\/11\/3907489380272-1.jpg","contentUrl":"https:\/\/www.comoditahome.com\/ks\/wp-content\/uploads\/2022\/11\/3907489380272-1.jpg","width":1200,"height":1300},{"@type":"BreadcrumbList","@id":"https:\/\/www.comoditahome.com\/ks\/produkt\/tigan-i-thelle-eco-recy-28cm\/#breadcrumb","itemListElement":[{"@type":"ListItem","position":1,"name":"Comodita Home Kosova - Dyshek Mattress","item":"https:\/\/www.comoditahome.com\/ks\/"},{"@type":"ListItem","position":2,"name":"Shop","item":"https:\/\/www.comoditahome.com\/ks\/shop\/"},{"@type":"ListItem","position":3,"name":"Tigan i thell\u00eb Eco Recy"}]},{"@type":"WebSite","@id":"https:\/\/www.comoditahome.com\/ks\/#website","url":"https:\/\/www.comoditahome.com\/ks\/","name":"Comodita Home","description":"Dyshek, Jorgan, Jast\u00ebk, Kuzhine, Banjo, Kopsht dhe Aksesor\u00eb","publisher":{"@id":"https:\/\/www.comoditahome.com\/ks\/#organization"},"potentialAction":[{"@type":"SearchAction","target":{"@type":"EntryPoint","urlTemplate":"https:\/\/www.comoditahome.com\/ks\/?s={search_term_string}"},"query-input":"required name=search_term_string"}],"inLanguage":"sq"},{"@type":"Organization","@id":"https:\/\/www.comoditahome.com\/ks\/#organization","name":"Comodita Home","url":"https:\/\/www.comoditahome.com\/ks\/","logo":{"@type":"ImageObject","inLanguage":"sq","@id":"https:\/\/www.comoditahome.com\/ks\/#\/schema\/logo\/image\/","url":"https:\/\/www.comoditahome.com\/ks\/wp-content\/uploads\/2022\/05\/COMODITA_HOME_LOGO_KS_MK_AL-02.png","contentUrl":"https:\/\/www.comoditahome.com\/ks\/wp-content\/uploads\/2022\/05\/COMODITA_HOME_LOGO_KS_MK_AL-02.png","width":180,"height":87,"caption":"Comodita Home"},"image":{"@id":"https:\/\/www.comoditahome.com\/ks\/#\/schema\/logo\/image\/"},"sameAs":["https:\/\/www.facebook.com\/comoditahome\/","https:\/\/www.instagram.com\/comoditahome\/","https:\/\/www.linkedin.com\/company\/comoditahome\/?originalSubdomain=fj","https:\/\/www.youtube.com\/channel\/UC5O6IsT4JD4zaiOqmRi_Pvg"]}]}},"_links":{"self":[{"href":"https:\/\/www.comoditahome.com\/ks\/wp-json\/wp\/v2\/product\/58937","targetHints":{"allow":["GET"]}}],"collection":[{"href":"https:\/\/www.comoditahome.com\/ks\/wp-json\/wp\/v2\/product"}],"about":[{"href":"https:\/\/www.comoditahome.com\/ks\/wp-json\/wp\/v2\/types\/product"}],"version-history":[{"count":2,"href":"https:\/\/www.comoditahome.com\/ks\/wp-json\/wp\/v2\/product\/58937\/revisions"}],"predecessor-version":[{"id":74553,"href":"https:\/\/www.comoditahome.com\/ks\/wp-json\/wp\/v2\/product\/58937\/revisions\/74553"}],"wp:featuredmedia":[{"embeddable":true,"href":"https:\/\/www.comoditahome.com\/ks\/wp-json\/wp\/v2\/media\/58938"}],"wp:attachment":[{"href":"https:\/\/www.comoditahome.com\/ks\/wp-json\/wp\/v2\/media?parent=58937"}],"wp:term":[{"taxonomy":"product_brand","embeddable":true,"href":"https:\/\/www.comoditahome.com\/ks\/wp-json\/wp\/v2\/product_brand?post=58937"},{"taxonomy":"product_cat","embeddable":true,"href":"https:\/\/www.comoditahome.com\/ks\/wp-json\/wp\/v2\/product_cat?post=58937"},{"taxonomy":"product_tag","embeddable":true,"href":"https:\/\/www.comoditahome.com\/ks\/wp-json\/wp\/v2\/product_tag?post=58937"}],"curies":[{"name":"wp","href":"https:\/\/api.w.org\/{rel}","templated":true}]}}