 {"id":58959,"date":"2022-11-25T11:49:06","date_gmt":"2022-11-25T09:49:06","guid":{"rendered":"https:\/\/www.comoditahome.com\/ks\/?post_type=product&#038;p=58959"},"modified":"2026-04-14T14:35:23","modified_gmt":"2026-04-14T12:35:23","slug":"vaj-esencial-hyacinth","status":"publish","type":"product","link":"https:\/\/www.comoditahome.com\/ks\/produkt\/vaj-esencial-hyacinth\/","title":{"rendered":"Vaj esencial Hyacinth"},"content":{"rendered":"<p style=\"text-align: left;\">Aromatizuesi Hyacinth \u00ebsht\u00eb i p\u00ebrkryer p\u00ebr krijimin e nj\u00eb ambienti t\u00eb k\u00ebndsh\u00ebm n\u00eb sht\u00ebpi q\u00eb d\u00ebfton arom\u00ebm e mir\u00eb. \u00cbsht\u00eb i ruajtur n\u00eb shishe t\u00eb vog\u00ebl prej qelqi me sasi prej 10ml. Rekomandohet t\u00eb p\u00ebrdoret n\u00eb pajisjet e lag\u00ebshtuesve t\u00eb ajrit dhe mekanizmat tjer\u00eb aromatizues.<\/p>\n","protected":false},"excerpt":{"rendered":"<p style=\"text-align: left;\">Aromatizuesi Hyacinth \u00ebsht\u00eb i p\u00ebrkryer p\u00ebr krijimin e nj\u00eb ambienti t\u00eb k\u00ebndsh\u00ebm n\u00eb sht\u00ebpi q\u00eb d\u00ebfton arom\u00ebm e mir\u00eb. \u00cbsht\u00eb i ruajtur n\u00eb shishe t\u00eb vog\u00ebl prej qelqi me sasi prej 10ml. Rekomandohet t\u00eb p\u00ebrdoret n\u00eb pajisjet e lag\u00ebshtuesve t\u00eb ajrit dhe mekanizmat tjer\u00eb aromatizues.<br \/>\n<strong>Dimensioni \/ Kompozicioni:<\/strong> 10ml<br \/>\n<strong>NGJYRA:<\/strong> Transparente<br \/>\n<strong>MATERIALI:<\/strong> Xham, plastik dhe l\u00ebng<br \/>\n<strong>UDH\u00cbZIMET E P\u00cbRDORIMIT:<\/strong> T\u00eb pastrohet me pastruese pluhuri<br \/>\n<strong>KUSHTET E KTHIMIT \/ GARANCION:<\/strong> P\u00ebr k\u00ebt\u00eb produkt pranohet reklamacion brenda 24 or\u00ebve pasi t\u00eb pranoni porosin\u00eb.<br \/>\n<span style=\"color: #ffffff;\">3907489380425<\/span><\/p>\n","protected":false},"featured_media":58960,"template":"","meta":[],"product_brand":[],"product_cat":[104,85,105],"product_tag":[],"class_list":{"0":"post-58959","1":"product","2":"type-product","3":"status-publish","4":"has-post-thumbnail","6":"product_cat-gjumi","7":"product_cat-dhoma-e-ndenjes","8":"product_cat-aromatizues-gjumi","10":"first","11":"outofstock","12":"sale","13":"featured","14":"shipping-taxable","15":"purchasable","16":"product-type-simple","17":"layout-style-1","18":"col-md-4 col-sm-4 col-xs-6","19":"col-lg-2","20":"product-has-gallery","21":"product-style-default"},"yoast_head":"<!-- This site is optimized with the Yoast SEO Premium plugin v18.2.1 (Yoast SEO v22.5) - https:\/\/yoast.com\/wordpress\/plugins\/seo\/ -->\n<title>Vaj esencial Hyacinth - Comodita Home<\/title>\n<meta name=\"description\" content=\"Aromatizuesi Hyacinth \u00ebsht\u00eb i p\u00ebrkryer p\u00ebr krijimin e nj\u00eb ambienti t\u00eb k\u00ebndsh\u00ebm n\u00eb sht\u00ebpi q\u00eb d\u00ebfton arom\u00ebm e mir\u00eb. \u00cbsht\u00eb i ruajtur n\u00eb shishe t\u00eb vog\u00ebl.\" \/>\n<meta name=\"robots\" content=\"index, follow, max-snippet:-1, max-image-preview:large, max-video-preview:-1\" \/>\n<link rel=\"canonical\" href=\"https:\/\/www.comoditahome.com\/ks\/produkt\/vaj-esencial-hyacinth\/\" \/>\n<meta property=\"og:locale\" content=\"sq_AL\" \/>\n<meta property=\"og:type\" content=\"article\" \/>\n<meta property=\"og:title\" content=\"Vaj esencial Hyacinth\" \/>\n<meta property=\"og:description\" content=\"Aromatizuesi Hyacinth \u00ebsht\u00eb i p\u00ebrkryer p\u00ebr krijimin e nj\u00eb ambienti t\u00eb k\u00ebndsh\u00ebm n\u00eb sht\u00ebpi q\u00eb d\u00ebfton arom\u00ebm e mir\u00eb. \u00cbsht\u00eb i ruajtur n\u00eb shishe t\u00eb vog\u00ebl.\" \/>\n<meta property=\"og:url\" content=\"https:\/\/www.comoditahome.com\/ks\/produkt\/vaj-esencial-hyacinth\/\" \/>\n<meta property=\"og:site_name\" content=\"Comodita Home\" \/>\n<meta property=\"article:publisher\" content=\"https:\/\/www.facebook.com\/comoditahome\/\" \/>\n<meta property=\"article:modified_time\" content=\"2026-04-14T12:35:23+00:00\" \/>\n<meta property=\"og:image\" content=\"https:\/\/www.comoditahome.com\/ks\/wp-content\/uploads\/2022\/11\/3907489380425-1.jpg\" \/>\n\t<meta property=\"og:image:width\" content=\"1200\" \/>\n\t<meta property=\"og:image:height\" content=\"1300\" \/>\n\t<meta property=\"og:image:type\" content=\"image\/jpeg\" \/>\n<meta name=\"twitter:card\" content=\"summary_large_image\" \/>\n<meta name=\"twitter:label1\" content=\"Est. reading time\" \/>\n\t<meta name=\"twitter:data1\" content=\"1 minut\u00eb\" \/>\n<script type=\"application\/ld+json\" class=\"yoast-schema-graph\">{\"@context\":\"https:\/\/schema.org\",\"@graph\":[{\"@type\":\"WebPage\",\"@id\":\"https:\/\/www.comoditahome.com\/ks\/produkt\/vaj-esencial-hyacinth\/\",\"url\":\"https:\/\/www.comoditahome.com\/ks\/produkt\/vaj-esencial-hyacinth\/\",\"name\":\"Vaj esencial Hyacinth - Comodita Home\",\"isPartOf\":{\"@id\":\"https:\/\/www.comoditahome.com\/ks\/#website\"},\"primaryImageOfPage\":{\"@id\":\"https:\/\/www.comoditahome.com\/ks\/produkt\/vaj-esencial-hyacinth\/#primaryimage\"},\"image\":{\"@id\":\"https:\/\/www.comoditahome.com\/ks\/produkt\/vaj-esencial-hyacinth\/#primaryimage\"},\"thumbnailUrl\":\"https:\/\/www.comoditahome.com\/ks\/wp-content\/uploads\/2022\/11\/3907489380425-1.jpg\",\"datePublished\":\"2022-11-25T09:49:06+00:00\",\"dateModified\":\"2026-04-14T12:35:23+00:00\",\"description\":\"Aromatizuesi Hyacinth \u00ebsht\u00eb i p\u00ebrkryer p\u00ebr krijimin e nj\u00eb ambienti t\u00eb k\u00ebndsh\u00ebm n\u00eb sht\u00ebpi q\u00eb d\u00ebfton arom\u00ebm e mir\u00eb. \u00cbsht\u00eb i ruajtur n\u00eb shishe t\u00eb vog\u00ebl.\",\"breadcrumb\":{\"@id\":\"https:\/\/www.comoditahome.com\/ks\/produkt\/vaj-esencial-hyacinth\/#breadcrumb\"},\"inLanguage\":\"sq\",\"potentialAction\":[{\"@type\":\"ReadAction\",\"target\":[\"https:\/\/www.comoditahome.com\/ks\/produkt\/vaj-esencial-hyacinth\/\"]}]},{\"@type\":\"ImageObject\",\"inLanguage\":\"sq\",\"@id\":\"https:\/\/www.comoditahome.com\/ks\/produkt\/vaj-esencial-hyacinth\/#primaryimage\",\"url\":\"https:\/\/www.comoditahome.com\/ks\/wp-content\/uploads\/2022\/11\/3907489380425-1.jpg\",\"contentUrl\":\"https:\/\/www.comoditahome.com\/ks\/wp-content\/uploads\/2022\/11\/3907489380425-1.jpg\",\"width\":1200,\"height\":1300},{\"@type\":\"BreadcrumbList\",\"@id\":\"https:\/\/www.comoditahome.com\/ks\/produkt\/vaj-esencial-hyacinth\/#breadcrumb\",\"itemListElement\":[{\"@type\":\"ListItem\",\"position\":1,\"name\":\"Comodita Home Kosova - Dyshek Mattress\",\"item\":\"https:\/\/www.comoditahome.com\/ks\/\"},{\"@type\":\"ListItem\",\"position\":2,\"name\":\"Shop\",\"item\":\"https:\/\/www.comoditahome.com\/ks\/shop\/\"},{\"@type\":\"ListItem\",\"position\":3,\"name\":\"Vaj esencial Hyacinth\"}]},{\"@type\":\"WebSite\",\"@id\":\"https:\/\/www.comoditahome.com\/ks\/#website\",\"url\":\"https:\/\/www.comoditahome.com\/ks\/\",\"name\":\"Comodita Home\",\"description\":\"Dyshek, Jorgan, Jast\u00ebk, Kuzhine, Banjo, Kopsht dhe Aksesor\u00eb\",\"publisher\":{\"@id\":\"https:\/\/www.comoditahome.com\/ks\/#organization\"},\"potentialAction\":[{\"@type\":\"SearchAction\",\"target\":{\"@type\":\"EntryPoint\",\"urlTemplate\":\"https:\/\/www.comoditahome.com\/ks\/?s={search_term_string}\"},\"query-input\":\"required name=search_term_string\"}],\"inLanguage\":\"sq\"},{\"@type\":\"Organization\",\"@id\":\"https:\/\/www.comoditahome.com\/ks\/#organization\",\"name\":\"Comodita Home\",\"url\":\"https:\/\/www.comoditahome.com\/ks\/\",\"logo\":{\"@type\":\"ImageObject\",\"inLanguage\":\"sq\",\"@id\":\"https:\/\/www.comoditahome.com\/ks\/#\/schema\/logo\/image\/\",\"url\":\"https:\/\/www.comoditahome.com\/ks\/wp-content\/uploads\/2022\/05\/COMODITA_HOME_LOGO_KS_MK_AL-02.png\",\"contentUrl\":\"https:\/\/www.comoditahome.com\/ks\/wp-content\/uploads\/2022\/05\/COMODITA_HOME_LOGO_KS_MK_AL-02.png\",\"width\":180,\"height\":87,\"caption\":\"Comodita Home\"},\"image\":{\"@id\":\"https:\/\/www.comoditahome.com\/ks\/#\/schema\/logo\/image\/\"},\"sameAs\":[\"https:\/\/www.facebook.com\/comoditahome\/\",\"https:\/\/www.instagram.com\/comoditahome\/\",\"https:\/\/www.linkedin.com\/company\/comoditahome\/?originalSubdomain=fj\",\"https:\/\/www.youtube.com\/channel\/UC5O6IsT4JD4zaiOqmRi_Pvg\"]}]}<\/script>\n<!-- \/ Yoast SEO Premium plugin. -->","yoast_head_json":{"title":"Vaj esencial Hyacinth - Comodita Home","description":"Aromatizuesi Hyacinth \u00ebsht\u00eb i p\u00ebrkryer p\u00ebr krijimin e nj\u00eb ambienti t\u00eb k\u00ebndsh\u00ebm n\u00eb sht\u00ebpi q\u00eb d\u00ebfton arom\u00ebm e mir\u00eb. \u00cbsht\u00eb i ruajtur n\u00eb shishe t\u00eb vog\u00ebl.","robots":{"index":"index","follow":"follow","max-snippet":"max-snippet:-1","max-image-preview":"max-image-preview:large","max-video-preview":"max-video-preview:-1"},"canonical":"https:\/\/www.comoditahome.com\/ks\/produkt\/vaj-esencial-hyacinth\/","og_locale":"sq_AL","og_type":"article","og_title":"Vaj esencial Hyacinth","og_description":"Aromatizuesi Hyacinth \u00ebsht\u00eb i p\u00ebrkryer p\u00ebr krijimin e nj\u00eb ambienti t\u00eb k\u00ebndsh\u00ebm n\u00eb sht\u00ebpi q\u00eb d\u00ebfton arom\u00ebm e mir\u00eb. \u00cbsht\u00eb i ruajtur n\u00eb shishe t\u00eb vog\u00ebl.","og_url":"https:\/\/www.comoditahome.com\/ks\/produkt\/vaj-esencial-hyacinth\/","og_site_name":"Comodita Home","article_publisher":"https:\/\/www.facebook.com\/comoditahome\/","article_modified_time":"2026-04-14T12:35:23+00:00","og_image":[{"width":1200,"height":1300,"url":"https:\/\/www.comoditahome.com\/ks\/wp-content\/uploads\/2022\/11\/3907489380425-1.jpg","type":"image\/jpeg"}],"twitter_card":"summary_large_image","twitter_misc":{"Est. reading time":"1 minut\u00eb"},"schema":{"@context":"https:\/\/schema.org","@graph":[{"@type":"WebPage","@id":"https:\/\/www.comoditahome.com\/ks\/produkt\/vaj-esencial-hyacinth\/","url":"https:\/\/www.comoditahome.com\/ks\/produkt\/vaj-esencial-hyacinth\/","name":"Vaj esencial Hyacinth - Comodita Home","isPartOf":{"@id":"https:\/\/www.comoditahome.com\/ks\/#website"},"primaryImageOfPage":{"@id":"https:\/\/www.comoditahome.com\/ks\/produkt\/vaj-esencial-hyacinth\/#primaryimage"},"image":{"@id":"https:\/\/www.comoditahome.com\/ks\/produkt\/vaj-esencial-hyacinth\/#primaryimage"},"thumbnailUrl":"https:\/\/www.comoditahome.com\/ks\/wp-content\/uploads\/2022\/11\/3907489380425-1.jpg","datePublished":"2022-11-25T09:49:06+00:00","dateModified":"2026-04-14T12:35:23+00:00","description":"Aromatizuesi Hyacinth \u00ebsht\u00eb i p\u00ebrkryer p\u00ebr krijimin e nj\u00eb ambienti t\u00eb k\u00ebndsh\u00ebm n\u00eb sht\u00ebpi q\u00eb d\u00ebfton arom\u00ebm e mir\u00eb. \u00cbsht\u00eb i ruajtur n\u00eb shishe t\u00eb vog\u00ebl.","breadcrumb":{"@id":"https:\/\/www.comoditahome.com\/ks\/produkt\/vaj-esencial-hyacinth\/#breadcrumb"},"inLanguage":"sq","potentialAction":[{"@type":"ReadAction","target":["https:\/\/www.comoditahome.com\/ks\/produkt\/vaj-esencial-hyacinth\/"]}]},{"@type":"ImageObject","inLanguage":"sq","@id":"https:\/\/www.comoditahome.com\/ks\/produkt\/vaj-esencial-hyacinth\/#primaryimage","url":"https:\/\/www.comoditahome.com\/ks\/wp-content\/uploads\/2022\/11\/3907489380425-1.jpg","contentUrl":"https:\/\/www.comoditahome.com\/ks\/wp-content\/uploads\/2022\/11\/3907489380425-1.jpg","width":1200,"height":1300},{"@type":"BreadcrumbList","@id":"https:\/\/www.comoditahome.com\/ks\/produkt\/vaj-esencial-hyacinth\/#breadcrumb","itemListElement":[{"@type":"ListItem","position":1,"name":"Comodita Home Kosova - Dyshek Mattress","item":"https:\/\/www.comoditahome.com\/ks\/"},{"@type":"ListItem","position":2,"name":"Shop","item":"https:\/\/www.comoditahome.com\/ks\/shop\/"},{"@type":"ListItem","position":3,"name":"Vaj esencial Hyacinth"}]},{"@type":"WebSite","@id":"https:\/\/www.comoditahome.com\/ks\/#website","url":"https:\/\/www.comoditahome.com\/ks\/","name":"Comodita Home","description":"Dyshek, Jorgan, Jast\u00ebk, Kuzhine, Banjo, Kopsht dhe Aksesor\u00eb","publisher":{"@id":"https:\/\/www.comoditahome.com\/ks\/#organization"},"potentialAction":[{"@type":"SearchAction","target":{"@type":"EntryPoint","urlTemplate":"https:\/\/www.comoditahome.com\/ks\/?s={search_term_string}"},"query-input":"required name=search_term_string"}],"inLanguage":"sq"},{"@type":"Organization","@id":"https:\/\/www.comoditahome.com\/ks\/#organization","name":"Comodita Home","url":"https:\/\/www.comoditahome.com\/ks\/","logo":{"@type":"ImageObject","inLanguage":"sq","@id":"https:\/\/www.comoditahome.com\/ks\/#\/schema\/logo\/image\/","url":"https:\/\/www.comoditahome.com\/ks\/wp-content\/uploads\/2022\/05\/COMODITA_HOME_LOGO_KS_MK_AL-02.png","contentUrl":"https:\/\/www.comoditahome.com\/ks\/wp-content\/uploads\/2022\/05\/COMODITA_HOME_LOGO_KS_MK_AL-02.png","width":180,"height":87,"caption":"Comodita Home"},"image":{"@id":"https:\/\/www.comoditahome.com\/ks\/#\/schema\/logo\/image\/"},"sameAs":["https:\/\/www.facebook.com\/comoditahome\/","https:\/\/www.instagram.com\/comoditahome\/","https:\/\/www.linkedin.com\/company\/comoditahome\/?originalSubdomain=fj","https:\/\/www.youtube.com\/channel\/UC5O6IsT4JD4zaiOqmRi_Pvg"]}]}},"_links":{"self":[{"href":"https:\/\/www.comoditahome.com\/ks\/wp-json\/wp\/v2\/product\/58959","targetHints":{"allow":["GET"]}}],"collection":[{"href":"https:\/\/www.comoditahome.com\/ks\/wp-json\/wp\/v2\/product"}],"about":[{"href":"https:\/\/www.comoditahome.com\/ks\/wp-json\/wp\/v2\/types\/product"}],"version-history":[{"count":3,"href":"https:\/\/www.comoditahome.com\/ks\/wp-json\/wp\/v2\/product\/58959\/revisions"}],"predecessor-version":[{"id":86151,"href":"https:\/\/www.comoditahome.com\/ks\/wp-json\/wp\/v2\/product\/58959\/revisions\/86151"}],"wp:featuredmedia":[{"embeddable":true,"href":"https:\/\/www.comoditahome.com\/ks\/wp-json\/wp\/v2\/media\/58960"}],"wp:attachment":[{"href":"https:\/\/www.comoditahome.com\/ks\/wp-json\/wp\/v2\/media?parent=58959"}],"wp:term":[{"taxonomy":"product_brand","embeddable":true,"href":"https:\/\/www.comoditahome.com\/ks\/wp-json\/wp\/v2\/product_brand?post=58959"},{"taxonomy":"product_cat","embeddable":true,"href":"https:\/\/www.comoditahome.com\/ks\/wp-json\/wp\/v2\/product_cat?post=58959"},{"taxonomy":"product_tag","embeddable":true,"href":"https:\/\/www.comoditahome.com\/ks\/wp-json\/wp\/v2\/product_tag?post=58959"}],"curies":[{"name":"wp","href":"https:\/\/api.w.org\/{rel}","templated":true}]}}