 {"id":6245,"date":"2021-08-06T07:48:54","date_gmt":"2021-08-06T05:48:54","guid":{"rendered":"https:\/\/ks.comoditahome.com\/?post_type=product&#038;p=6245"},"modified":"2026-04-24T09:18:56","modified_gmt":"2026-04-24T07:18:56","slug":"protektor-shtrati-comodita","status":"publish","type":"product","link":"https:\/\/www.comoditahome.com\/ks\/produkt\/protektor-shtrati-comodita\/","title":{"rendered":"Protektor shtrati Comodita"},"content":{"rendered":"<p>Protektori i shtratit Comodita \u00ebsht\u00eb mbrojt\u00ebsi kryesor i dyshekut tuaj.<\/p>\n<p>Ai e mbron at\u00eb nga d\u00ebmtimet dhe papast\u00ebrtit\u00eb, nd\u00ebrsa paralelisht me k\u00ebt\u00eb,<\/p>\n<p>Siguron nj\u00eb sip\u00ebrfaqe t\u00eb parr\u00ebshqitshme p\u00ebr \u00e7ar\u00e7af\u00ebt.<\/p>\n<p>Vjen n\u00eb ngjyr\u00eb t\u00eb bardh\u00eb, t\u00eb theksuar me nj\u00eb vij\u00eb t\u00eb trrash\u00eb me k\u00ebnde t\u00eb rrumbullakosura dhe qepje simetrike n\u00eb t\u00ebr\u00eb sip\u00ebrfaqen.<\/p>\n","protected":false},"excerpt":{"rendered":"<p style=\"text-align: left;\">Protektori i shtratit Comodita \u00ebsht\u00eb mbrojt\u00ebsi kryesor i dyshekut tuaj. Ai e mbron at\u00eb nga d\u00ebmtimet dhe papast\u00ebrtit\u00eb, nd\u00ebrsa paralelisht me k\u00ebt\u00eb, siguron nj\u00eb sip\u00ebrfaqe t\u00eb parr\u00ebshqitshme p\u00ebr \u00e7ar\u00e7af\u00ebt. Vjen n\u00eb ngjyr\u00eb t\u00eb bardh\u00eb, t\u00eb theksuar me nj\u00eb vij\u00eb t\u00eb trrash\u00eb me k\u00ebnde t\u00eb rrumbullakosura dhe qepje simetrike n\u00eb t\u00ebr\u00eb sip\u00ebrfaqen.<br \/>\n<strong>Dimensioni \/ Kompozicioni:<\/strong> 200x90cm, 200x160cm, 200x180cm dhe 200x200cm<br \/>\n<strong>NGJYRA:<\/strong> E bardh\u00eb<br \/>\n<strong>MATERIALI:<\/strong> 100% Pambuk<br \/>\n<strong>UDH\u00cbZIMET E P\u00cbRDORIMIT:<\/strong> N\u00eb makin\u00eb lar\u00ebse 30\u00b0C<br \/>\n<strong>KUSHTET E KTHIMIT \/ GARANCION:<\/strong> P\u00ebr shkak t\u00eb kontaktit me higjien\u00eb personale, p\u00ebr produktet e tekstilit nuk pranohen kthime apo reklamacione.<br \/>\n<span style=\"color: #ffffff;\">5310233008052 5310233008069 5310233007550 5310233007949<\/span><\/p>\n","protected":false},"featured_media":31160,"template":"","meta":[],"product_brand":[],"product_cat":[104,113,123],"product_tag":[],"class_list":{"0":"post-6245","1":"product","2":"type-product","3":"status-publish","4":"has-post-thumbnail","6":"product_cat-gjumi","7":"product_cat-mbishtrese-dhe-protektor","8":"product_cat-protektor","10":"first","11":"instock","12":"sale","13":"shipping-taxable","14":"purchasable","15":"product-type-variable","16":"layout-style-1","17":"col-md-4 col-sm-4 col-xs-6","18":"col-lg-2","19":"product-has-gallery","20":"product-style-default"},"yoast_head":"<!-- This site is optimized with the Yoast SEO Premium plugin v18.2.1 (Yoast SEO v22.5) - https:\/\/yoast.com\/wordpress\/plugins\/seo\/ -->\n<title>Protektor shtrati Comodita - Comodita Home<\/title>\n<meta name=\"description\" content=\"Mbrojeni dyshekun nga d\u00ebmtimet dhe papast\u00ebrtit\u00eb me protektorin e shtratit nga Comodita. Ky protektor sh\u00ebrben p\u00ebr mb\u00ebshtjelljen...\" \/>\n<meta name=\"robots\" content=\"index, follow, max-snippet:-1, max-image-preview:large, max-video-preview:-1\" \/>\n<link rel=\"canonical\" href=\"https:\/\/www.comoditahome.com\/ks\/produkt\/protektor-shtrati-comodita\/\" \/>\n<meta property=\"og:locale\" content=\"sq_AL\" \/>\n<meta property=\"og:type\" content=\"article\" \/>\n<meta property=\"og:title\" content=\"Protektor shtrati Comodita\" \/>\n<meta property=\"og:description\" content=\"Mbrojeni dyshekun nga d\u00ebmtimet dhe papast\u00ebrtit\u00eb me protektorin e shtratit nga Comodita. Ky protektor sh\u00ebrben p\u00ebr mb\u00ebshtjelljen...\" \/>\n<meta property=\"og:url\" content=\"https:\/\/www.comoditahome.com\/ks\/produkt\/protektor-shtrati-comodita\/\" \/>\n<meta property=\"og:site_name\" content=\"Comodita Home\" \/>\n<meta property=\"article:publisher\" content=\"https:\/\/www.facebook.com\/comoditahome\/\" \/>\n<meta property=\"article:modified_time\" content=\"2026-04-24T07:18:56+00:00\" \/>\n<meta property=\"og:image\" content=\"https:\/\/www.comoditahome.com\/ks\/wp-content\/uploads\/2021\/08\/5310233007550-PROT-1.jpg\" \/>\n\t<meta property=\"og:image:width\" content=\"1200\" \/>\n\t<meta property=\"og:image:height\" content=\"1300\" \/>\n\t<meta property=\"og:image:type\" content=\"image\/jpeg\" \/>\n<meta name=\"twitter:card\" content=\"summary_large_image\" \/>\n<meta name=\"twitter:label1\" content=\"Est. reading time\" \/>\n\t<meta name=\"twitter:data1\" content=\"1 minut\u00eb\" \/>\n<script type=\"application\/ld+json\" class=\"yoast-schema-graph\">{\"@context\":\"https:\/\/schema.org\",\"@graph\":[{\"@type\":\"WebPage\",\"@id\":\"https:\/\/www.comoditahome.com\/ks\/produkt\/protektor-shtrati-comodita\/\",\"url\":\"https:\/\/www.comoditahome.com\/ks\/produkt\/protektor-shtrati-comodita\/\",\"name\":\"Protektor shtrati Comodita - Comodita Home\",\"isPartOf\":{\"@id\":\"https:\/\/www.comoditahome.com\/ks\/#website\"},\"primaryImageOfPage\":{\"@id\":\"https:\/\/www.comoditahome.com\/ks\/produkt\/protektor-shtrati-comodita\/#primaryimage\"},\"image\":{\"@id\":\"https:\/\/www.comoditahome.com\/ks\/produkt\/protektor-shtrati-comodita\/#primaryimage\"},\"thumbnailUrl\":\"https:\/\/www.comoditahome.com\/ks\/wp-content\/uploads\/2021\/08\/5310233007550-PROT-1.jpg\",\"datePublished\":\"2021-08-06T05:48:54+00:00\",\"dateModified\":\"2026-04-24T07:18:56+00:00\",\"description\":\"Mbrojeni dyshekun nga d\u00ebmtimet dhe papast\u00ebrtit\u00eb me protektorin e shtratit nga Comodita. Ky protektor sh\u00ebrben p\u00ebr mb\u00ebshtjelljen...\",\"breadcrumb\":{\"@id\":\"https:\/\/www.comoditahome.com\/ks\/produkt\/protektor-shtrati-comodita\/#breadcrumb\"},\"inLanguage\":\"sq\",\"potentialAction\":[{\"@type\":\"ReadAction\",\"target\":[\"https:\/\/www.comoditahome.com\/ks\/produkt\/protektor-shtrati-comodita\/\"]}]},{\"@type\":\"ImageObject\",\"inLanguage\":\"sq\",\"@id\":\"https:\/\/www.comoditahome.com\/ks\/produkt\/protektor-shtrati-comodita\/#primaryimage\",\"url\":\"https:\/\/www.comoditahome.com\/ks\/wp-content\/uploads\/2021\/08\/5310233007550-PROT-1.jpg\",\"contentUrl\":\"https:\/\/www.comoditahome.com\/ks\/wp-content\/uploads\/2021\/08\/5310233007550-PROT-1.jpg\",\"width\":1200,\"height\":1300},{\"@type\":\"BreadcrumbList\",\"@id\":\"https:\/\/www.comoditahome.com\/ks\/produkt\/protektor-shtrati-comodita\/#breadcrumb\",\"itemListElement\":[{\"@type\":\"ListItem\",\"position\":1,\"name\":\"Comodita Home Kosova - Dyshek Mattress\",\"item\":\"https:\/\/www.comoditahome.com\/ks\/\"},{\"@type\":\"ListItem\",\"position\":2,\"name\":\"Shop\",\"item\":\"https:\/\/www.comoditahome.com\/ks\/shop\/\"},{\"@type\":\"ListItem\",\"position\":3,\"name\":\"Protektor shtrati Comodita\"}]},{\"@type\":\"WebSite\",\"@id\":\"https:\/\/www.comoditahome.com\/ks\/#website\",\"url\":\"https:\/\/www.comoditahome.com\/ks\/\",\"name\":\"Comodita Home\",\"description\":\"Dyshek, Jorgan, Jast\u00ebk, Kuzhine, Banjo, Kopsht dhe Aksesor\u00eb\",\"publisher\":{\"@id\":\"https:\/\/www.comoditahome.com\/ks\/#organization\"},\"potentialAction\":[{\"@type\":\"SearchAction\",\"target\":{\"@type\":\"EntryPoint\",\"urlTemplate\":\"https:\/\/www.comoditahome.com\/ks\/?s={search_term_string}\"},\"query-input\":\"required name=search_term_string\"}],\"inLanguage\":\"sq\"},{\"@type\":\"Organization\",\"@id\":\"https:\/\/www.comoditahome.com\/ks\/#organization\",\"name\":\"Comodita Home\",\"url\":\"https:\/\/www.comoditahome.com\/ks\/\",\"logo\":{\"@type\":\"ImageObject\",\"inLanguage\":\"sq\",\"@id\":\"https:\/\/www.comoditahome.com\/ks\/#\/schema\/logo\/image\/\",\"url\":\"https:\/\/www.comoditahome.com\/ks\/wp-content\/uploads\/2022\/05\/COMODITA_HOME_LOGO_KS_MK_AL-02.png\",\"contentUrl\":\"https:\/\/www.comoditahome.com\/ks\/wp-content\/uploads\/2022\/05\/COMODITA_HOME_LOGO_KS_MK_AL-02.png\",\"width\":180,\"height\":87,\"caption\":\"Comodita Home\"},\"image\":{\"@id\":\"https:\/\/www.comoditahome.com\/ks\/#\/schema\/logo\/image\/\"},\"sameAs\":[\"https:\/\/www.facebook.com\/comoditahome\/\",\"https:\/\/www.instagram.com\/comoditahome\/\",\"https:\/\/www.linkedin.com\/company\/comoditahome\/?originalSubdomain=fj\",\"https:\/\/www.youtube.com\/channel\/UC5O6IsT4JD4zaiOqmRi_Pvg\"]}]}<\/script>\n<!-- \/ Yoast SEO Premium plugin. -->","yoast_head_json":{"title":"Protektor shtrati Comodita - Comodita Home","description":"Mbrojeni dyshekun nga d\u00ebmtimet dhe papast\u00ebrtit\u00eb me protektorin e shtratit nga Comodita. Ky protektor sh\u00ebrben p\u00ebr mb\u00ebshtjelljen...","robots":{"index":"index","follow":"follow","max-snippet":"max-snippet:-1","max-image-preview":"max-image-preview:large","max-video-preview":"max-video-preview:-1"},"canonical":"https:\/\/www.comoditahome.com\/ks\/produkt\/protektor-shtrati-comodita\/","og_locale":"sq_AL","og_type":"article","og_title":"Protektor shtrati Comodita","og_description":"Mbrojeni dyshekun nga d\u00ebmtimet dhe papast\u00ebrtit\u00eb me protektorin e shtratit nga Comodita. Ky protektor sh\u00ebrben p\u00ebr mb\u00ebshtjelljen...","og_url":"https:\/\/www.comoditahome.com\/ks\/produkt\/protektor-shtrati-comodita\/","og_site_name":"Comodita Home","article_publisher":"https:\/\/www.facebook.com\/comoditahome\/","article_modified_time":"2026-04-24T07:18:56+00:00","og_image":[{"width":1200,"height":1300,"url":"https:\/\/www.comoditahome.com\/ks\/wp-content\/uploads\/2021\/08\/5310233007550-PROT-1.jpg","type":"image\/jpeg"}],"twitter_card":"summary_large_image","twitter_misc":{"Est. reading time":"1 minut\u00eb"},"schema":{"@context":"https:\/\/schema.org","@graph":[{"@type":"WebPage","@id":"https:\/\/www.comoditahome.com\/ks\/produkt\/protektor-shtrati-comodita\/","url":"https:\/\/www.comoditahome.com\/ks\/produkt\/protektor-shtrati-comodita\/","name":"Protektor shtrati Comodita - Comodita Home","isPartOf":{"@id":"https:\/\/www.comoditahome.com\/ks\/#website"},"primaryImageOfPage":{"@id":"https:\/\/www.comoditahome.com\/ks\/produkt\/protektor-shtrati-comodita\/#primaryimage"},"image":{"@id":"https:\/\/www.comoditahome.com\/ks\/produkt\/protektor-shtrati-comodita\/#primaryimage"},"thumbnailUrl":"https:\/\/www.comoditahome.com\/ks\/wp-content\/uploads\/2021\/08\/5310233007550-PROT-1.jpg","datePublished":"2021-08-06T05:48:54+00:00","dateModified":"2026-04-24T07:18:56+00:00","description":"Mbrojeni dyshekun nga d\u00ebmtimet dhe papast\u00ebrtit\u00eb me protektorin e shtratit nga Comodita. Ky protektor sh\u00ebrben p\u00ebr mb\u00ebshtjelljen...","breadcrumb":{"@id":"https:\/\/www.comoditahome.com\/ks\/produkt\/protektor-shtrati-comodita\/#breadcrumb"},"inLanguage":"sq","potentialAction":[{"@type":"ReadAction","target":["https:\/\/www.comoditahome.com\/ks\/produkt\/protektor-shtrati-comodita\/"]}]},{"@type":"ImageObject","inLanguage":"sq","@id":"https:\/\/www.comoditahome.com\/ks\/produkt\/protektor-shtrati-comodita\/#primaryimage","url":"https:\/\/www.comoditahome.com\/ks\/wp-content\/uploads\/2021\/08\/5310233007550-PROT-1.jpg","contentUrl":"https:\/\/www.comoditahome.com\/ks\/wp-content\/uploads\/2021\/08\/5310233007550-PROT-1.jpg","width":1200,"height":1300},{"@type":"BreadcrumbList","@id":"https:\/\/www.comoditahome.com\/ks\/produkt\/protektor-shtrati-comodita\/#breadcrumb","itemListElement":[{"@type":"ListItem","position":1,"name":"Comodita Home Kosova - Dyshek Mattress","item":"https:\/\/www.comoditahome.com\/ks\/"},{"@type":"ListItem","position":2,"name":"Shop","item":"https:\/\/www.comoditahome.com\/ks\/shop\/"},{"@type":"ListItem","position":3,"name":"Protektor shtrati Comodita"}]},{"@type":"WebSite","@id":"https:\/\/www.comoditahome.com\/ks\/#website","url":"https:\/\/www.comoditahome.com\/ks\/","name":"Comodita Home","description":"Dyshek, Jorgan, Jast\u00ebk, Kuzhine, Banjo, Kopsht dhe Aksesor\u00eb","publisher":{"@id":"https:\/\/www.comoditahome.com\/ks\/#organization"},"potentialAction":[{"@type":"SearchAction","target":{"@type":"EntryPoint","urlTemplate":"https:\/\/www.comoditahome.com\/ks\/?s={search_term_string}"},"query-input":"required name=search_term_string"}],"inLanguage":"sq"},{"@type":"Organization","@id":"https:\/\/www.comoditahome.com\/ks\/#organization","name":"Comodita Home","url":"https:\/\/www.comoditahome.com\/ks\/","logo":{"@type":"ImageObject","inLanguage":"sq","@id":"https:\/\/www.comoditahome.com\/ks\/#\/schema\/logo\/image\/","url":"https:\/\/www.comoditahome.com\/ks\/wp-content\/uploads\/2022\/05\/COMODITA_HOME_LOGO_KS_MK_AL-02.png","contentUrl":"https:\/\/www.comoditahome.com\/ks\/wp-content\/uploads\/2022\/05\/COMODITA_HOME_LOGO_KS_MK_AL-02.png","width":180,"height":87,"caption":"Comodita Home"},"image":{"@id":"https:\/\/www.comoditahome.com\/ks\/#\/schema\/logo\/image\/"},"sameAs":["https:\/\/www.facebook.com\/comoditahome\/","https:\/\/www.instagram.com\/comoditahome\/","https:\/\/www.linkedin.com\/company\/comoditahome\/?originalSubdomain=fj","https:\/\/www.youtube.com\/channel\/UC5O6IsT4JD4zaiOqmRi_Pvg"]}]}},"_links":{"self":[{"href":"https:\/\/www.comoditahome.com\/ks\/wp-json\/wp\/v2\/product\/6245","targetHints":{"allow":["GET"]}}],"collection":[{"href":"https:\/\/www.comoditahome.com\/ks\/wp-json\/wp\/v2\/product"}],"about":[{"href":"https:\/\/www.comoditahome.com\/ks\/wp-json\/wp\/v2\/types\/product"}],"version-history":[{"count":3,"href":"https:\/\/www.comoditahome.com\/ks\/wp-json\/wp\/v2\/product\/6245\/revisions"}],"predecessor-version":[{"id":107674,"href":"https:\/\/www.comoditahome.com\/ks\/wp-json\/wp\/v2\/product\/6245\/revisions\/107674"}],"wp:featuredmedia":[{"embeddable":true,"href":"https:\/\/www.comoditahome.com\/ks\/wp-json\/wp\/v2\/media\/31160"}],"wp:attachment":[{"href":"https:\/\/www.comoditahome.com\/ks\/wp-json\/wp\/v2\/media?parent=6245"}],"wp:term":[{"taxonomy":"product_brand","embeddable":true,"href":"https:\/\/www.comoditahome.com\/ks\/wp-json\/wp\/v2\/product_brand?post=6245"},{"taxonomy":"product_cat","embeddable":true,"href":"https:\/\/www.comoditahome.com\/ks\/wp-json\/wp\/v2\/product_cat?post=6245"},{"taxonomy":"product_tag","embeddable":true,"href":"https:\/\/www.comoditahome.com\/ks\/wp-json\/wp\/v2\/product_tag?post=6245"}],"curies":[{"name":"wp","href":"https:\/\/api.w.org\/{rel}","templated":true}]}}