 {"id":63020,"date":"2023-03-07T14:49:04","date_gmt":"2023-03-07T12:49:04","guid":{"rendered":"https:\/\/www.comoditahome.com\/ks\/?post_type=product&#038;p=63020"},"modified":"2026-04-14T14:35:34","modified_gmt":"2026-04-14T12:35:34","slug":"valixhe-regent-e-mesme-9","status":"publish","type":"product","link":"https:\/\/www.comoditahome.com\/ks\/produkt\/valixhe-regent-e-mesme-9\/","title":{"rendered":"Valixhe Regent e mesme"},"content":{"rendered":"","protected":false},"excerpt":{"rendered":"<p style=\"text-align: left;\">Valixhja e mesme Regent vjen n\u00eb ngjyr\u00eb dhe model unik. Ka mund\u00ebsi zgjerimi deri n\u00eb 4cm dhe material t\u00eb q\u00ebndruesh\u00ebm t\u00eb testuar p\u00ebr t&#8217;i rezistuar sfidave t\u00eb udh\u00ebtimeve t\u00eb shpeshta. Valixhja ka 4 rrota t\u00eb dyfishta rrotulluese q\u00eb lejojn\u00eb rrotullimin 360 shkall\u00eb, n\u00eb m\u00ebnyr\u00eb q\u00eb pesha e saj t\u00eb mos bjen n\u00eb krahun apo shpatull\u00ebn tuaj gjat\u00eb l\u00ebvizjes n\u00eb \u00e7far\u00ebdo tereni pa mundim. Valixhja hapet dhe mbyllet me zingjir me q\u00ebndrueshm\u00ebri t\u00eb lart\u00eb dhe doreza ergonomike p\u00ebr p\u00ebrdorim t\u00eb leht\u00eb. Pjesa e saj e jashtme \u00ebsht\u00eb e p\u00ebrforcuar dhe rezistente ndaj g\u00ebrvishtjeve, nd\u00ebrsa p\u00ebrbrenda, valixhja mban gj\u00ebsendet t\u00eb sigurta nga lag\u00ebshtia.<\/p>\n<p style=\"text-align: left;\"><strong>Dimensioni \/ Kompozicioni:<\/strong> 58.7&#215;41.5&#215;27.2cm<\/p>\n<p style=\"text-align: left;\"><strong>PESHA:<\/strong> 3.6kg<\/p>\n<p style=\"text-align: left;\"><strong>KAPACITETI:<\/strong> 20kg<\/p>\n<p style=\"text-align: left;\"><strong>NGJYRA:<\/strong>\u00a0 Vjollc\u00eb<\/p>\n<p style=\"text-align: left;\"><strong>MATERIALI:<\/strong> Plastik\u00eb<\/p>\n<p style=\"text-align: left;\"><strong>PESHA: <\/strong>3.6kg<strong><br \/>\n<\/strong><\/p>\n<p style=\"text-align: left;\"><strong>KAPACITETI:<\/strong>20kg<\/p>\n<p style=\"text-align: left;\"><strong>UDH\u00cbZIMET E P\u00cbRDORIMIT:<\/strong>\u00a0T\u00eb pastrohet me dor\u00eb<\/p>\n<p style=\"text-align: left;\"><strong>KUSHTET E KTHIMIT \/ GARANCION:<\/strong> P\u00ebr k\u00ebt\u00eb produkt pranohet reklamacion brenda 24 or\u00ebve pasi t\u00eb pranoni porosin\u00eb.<br \/>\n<span style=\"color: #ffffff;\">3907489290342 kofer kufer udhetim udhtim<\/span><\/p>\n","protected":false},"featured_media":63016,"template":"","meta":[],"product_brand":[],"product_cat":[144,142],"product_tag":[],"class_list":{"0":"post-63020","1":"product","2":"type-product","3":"status-publish","4":"has-post-thumbnail","6":"product_cat-valixhe","7":"product_cat-udhetim","9":"first","10":"outofstock","11":"sale","12":"shipping-taxable","13":"purchasable","14":"product-type-simple","15":"layout-style-1","16":"col-md-4 col-sm-4 col-xs-6","17":"col-lg-2","18":"product-has-gallery","19":"product-style-default"},"yoast_head":"<!-- This site is optimized with the Yoast SEO Premium plugin v18.2.1 (Yoast SEO v22.5) - https:\/\/yoast.com\/wordpress\/plugins\/seo\/ -->\n<title>Valixhe Regent e mesme - Comodita Home<\/title>\n<meta name=\"description\" content=\"Valixhja e mesme Regent vjen n\u00eb ngjyr\u00eb dhe model unik. Ka mund\u00ebsi zgjerimi deri n\u00eb 4cm dhe material t\u00eb q\u00ebndruesh\u00ebm t\u00eb testuar p\u00ebr t&#039;i rezistuar sfidave t\u00eb udh\u00ebtimeve t\u00eb shpeshta.\" \/>\n<meta name=\"robots\" content=\"index, follow, max-snippet:-1, max-image-preview:large, max-video-preview:-1\" \/>\n<link rel=\"canonical\" href=\"https:\/\/www.comoditahome.com\/ks\/produkt\/valixhe-regent-e-mesme-9\/\" \/>\n<meta property=\"og:locale\" content=\"sq_AL\" \/>\n<meta property=\"og:type\" content=\"article\" \/>\n<meta property=\"og:title\" content=\"Valixhe Regent e mesme\" \/>\n<meta property=\"og:description\" content=\"Valixhja e mesme Regent vjen n\u00eb ngjyr\u00eb dhe model unik. Ka mund\u00ebsi zgjerimi deri n\u00eb 4cm dhe material t\u00eb q\u00ebndruesh\u00ebm t\u00eb testuar p\u00ebr t&#039;i rezistuar sfidave t\u00eb udh\u00ebtimeve t\u00eb shpeshta.\" \/>\n<meta property=\"og:url\" content=\"https:\/\/www.comoditahome.com\/ks\/produkt\/valixhe-regent-e-mesme-9\/\" \/>\n<meta property=\"og:site_name\" content=\"Comodita Home\" \/>\n<meta property=\"article:publisher\" content=\"https:\/\/www.facebook.com\/comoditahome\/\" \/>\n<meta property=\"article:modified_time\" content=\"2026-04-14T12:35:34+00:00\" \/>\n<meta property=\"og:image\" content=\"https:\/\/www.comoditahome.com\/ks\/wp-content\/uploads\/2023\/03\/3907489290359-1.jpg\" \/>\n\t<meta property=\"og:image:width\" content=\"1200\" \/>\n\t<meta property=\"og:image:height\" content=\"1300\" \/>\n\t<meta property=\"og:image:type\" content=\"image\/jpeg\" \/>\n<meta name=\"twitter:card\" content=\"summary_large_image\" \/>\n<script type=\"application\/ld+json\" class=\"yoast-schema-graph\">{\"@context\":\"https:\/\/schema.org\",\"@graph\":[{\"@type\":\"WebPage\",\"@id\":\"https:\/\/www.comoditahome.com\/ks\/produkt\/valixhe-regent-e-mesme-9\/\",\"url\":\"https:\/\/www.comoditahome.com\/ks\/produkt\/valixhe-regent-e-mesme-9\/\",\"name\":\"Valixhe Regent e mesme - Comodita Home\",\"isPartOf\":{\"@id\":\"https:\/\/www.comoditahome.com\/ks\/#website\"},\"primaryImageOfPage\":{\"@id\":\"https:\/\/www.comoditahome.com\/ks\/produkt\/valixhe-regent-e-mesme-9\/#primaryimage\"},\"image\":{\"@id\":\"https:\/\/www.comoditahome.com\/ks\/produkt\/valixhe-regent-e-mesme-9\/#primaryimage\"},\"thumbnailUrl\":\"https:\/\/www.comoditahome.com\/ks\/wp-content\/uploads\/2023\/03\/3907489290359-1.jpg\",\"datePublished\":\"2023-03-07T12:49:04+00:00\",\"dateModified\":\"2026-04-14T12:35:34+00:00\",\"description\":\"Valixhja e mesme Regent vjen n\u00eb ngjyr\u00eb dhe model unik. Ka mund\u00ebsi zgjerimi deri n\u00eb 4cm dhe material t\u00eb q\u00ebndruesh\u00ebm t\u00eb testuar p\u00ebr t'i rezistuar sfidave t\u00eb udh\u00ebtimeve t\u00eb shpeshta.\",\"breadcrumb\":{\"@id\":\"https:\/\/www.comoditahome.com\/ks\/produkt\/valixhe-regent-e-mesme-9\/#breadcrumb\"},\"inLanguage\":\"sq\",\"potentialAction\":[{\"@type\":\"ReadAction\",\"target\":[\"https:\/\/www.comoditahome.com\/ks\/produkt\/valixhe-regent-e-mesme-9\/\"]}]},{\"@type\":\"ImageObject\",\"inLanguage\":\"sq\",\"@id\":\"https:\/\/www.comoditahome.com\/ks\/produkt\/valixhe-regent-e-mesme-9\/#primaryimage\",\"url\":\"https:\/\/www.comoditahome.com\/ks\/wp-content\/uploads\/2023\/03\/3907489290359-1.jpg\",\"contentUrl\":\"https:\/\/www.comoditahome.com\/ks\/wp-content\/uploads\/2023\/03\/3907489290359-1.jpg\",\"width\":1200,\"height\":1300},{\"@type\":\"BreadcrumbList\",\"@id\":\"https:\/\/www.comoditahome.com\/ks\/produkt\/valixhe-regent-e-mesme-9\/#breadcrumb\",\"itemListElement\":[{\"@type\":\"ListItem\",\"position\":1,\"name\":\"Comodita Home Kosova - Dyshek Mattress\",\"item\":\"https:\/\/www.comoditahome.com\/ks\/\"},{\"@type\":\"ListItem\",\"position\":2,\"name\":\"Shop\",\"item\":\"https:\/\/www.comoditahome.com\/ks\/shop\/\"},{\"@type\":\"ListItem\",\"position\":3,\"name\":\"Valixhe Regent e mesme\"}]},{\"@type\":\"WebSite\",\"@id\":\"https:\/\/www.comoditahome.com\/ks\/#website\",\"url\":\"https:\/\/www.comoditahome.com\/ks\/\",\"name\":\"Comodita Home\",\"description\":\"Dyshek, Jorgan, Jast\u00ebk, Kuzhine, Banjo, Kopsht dhe Aksesor\u00eb\",\"publisher\":{\"@id\":\"https:\/\/www.comoditahome.com\/ks\/#organization\"},\"potentialAction\":[{\"@type\":\"SearchAction\",\"target\":{\"@type\":\"EntryPoint\",\"urlTemplate\":\"https:\/\/www.comoditahome.com\/ks\/?s={search_term_string}\"},\"query-input\":\"required name=search_term_string\"}],\"inLanguage\":\"sq\"},{\"@type\":\"Organization\",\"@id\":\"https:\/\/www.comoditahome.com\/ks\/#organization\",\"name\":\"Comodita Home\",\"url\":\"https:\/\/www.comoditahome.com\/ks\/\",\"logo\":{\"@type\":\"ImageObject\",\"inLanguage\":\"sq\",\"@id\":\"https:\/\/www.comoditahome.com\/ks\/#\/schema\/logo\/image\/\",\"url\":\"https:\/\/www.comoditahome.com\/ks\/wp-content\/uploads\/2022\/05\/COMODITA_HOME_LOGO_KS_MK_AL-02.png\",\"contentUrl\":\"https:\/\/www.comoditahome.com\/ks\/wp-content\/uploads\/2022\/05\/COMODITA_HOME_LOGO_KS_MK_AL-02.png\",\"width\":180,\"height\":87,\"caption\":\"Comodita Home\"},\"image\":{\"@id\":\"https:\/\/www.comoditahome.com\/ks\/#\/schema\/logo\/image\/\"},\"sameAs\":[\"https:\/\/www.facebook.com\/comoditahome\/\",\"https:\/\/www.instagram.com\/comoditahome\/\",\"https:\/\/www.linkedin.com\/company\/comoditahome\/?originalSubdomain=fj\",\"https:\/\/www.youtube.com\/channel\/UC5O6IsT4JD4zaiOqmRi_Pvg\"]}]}<\/script>\n<!-- \/ Yoast SEO Premium plugin. -->","yoast_head_json":{"title":"Valixhe Regent e mesme - Comodita Home","description":"Valixhja e mesme Regent vjen n\u00eb ngjyr\u00eb dhe model unik. Ka mund\u00ebsi zgjerimi deri n\u00eb 4cm dhe material t\u00eb q\u00ebndruesh\u00ebm t\u00eb testuar p\u00ebr t'i rezistuar sfidave t\u00eb udh\u00ebtimeve t\u00eb shpeshta.","robots":{"index":"index","follow":"follow","max-snippet":"max-snippet:-1","max-image-preview":"max-image-preview:large","max-video-preview":"max-video-preview:-1"},"canonical":"https:\/\/www.comoditahome.com\/ks\/produkt\/valixhe-regent-e-mesme-9\/","og_locale":"sq_AL","og_type":"article","og_title":"Valixhe Regent e mesme","og_description":"Valixhja e mesme Regent vjen n\u00eb ngjyr\u00eb dhe model unik. Ka mund\u00ebsi zgjerimi deri n\u00eb 4cm dhe material t\u00eb q\u00ebndruesh\u00ebm t\u00eb testuar p\u00ebr t'i rezistuar sfidave t\u00eb udh\u00ebtimeve t\u00eb shpeshta.","og_url":"https:\/\/www.comoditahome.com\/ks\/produkt\/valixhe-regent-e-mesme-9\/","og_site_name":"Comodita Home","article_publisher":"https:\/\/www.facebook.com\/comoditahome\/","article_modified_time":"2026-04-14T12:35:34+00:00","og_image":[{"width":1200,"height":1300,"url":"https:\/\/www.comoditahome.com\/ks\/wp-content\/uploads\/2023\/03\/3907489290359-1.jpg","type":"image\/jpeg"}],"twitter_card":"summary_large_image","schema":{"@context":"https:\/\/schema.org","@graph":[{"@type":"WebPage","@id":"https:\/\/www.comoditahome.com\/ks\/produkt\/valixhe-regent-e-mesme-9\/","url":"https:\/\/www.comoditahome.com\/ks\/produkt\/valixhe-regent-e-mesme-9\/","name":"Valixhe Regent e mesme - Comodita Home","isPartOf":{"@id":"https:\/\/www.comoditahome.com\/ks\/#website"},"primaryImageOfPage":{"@id":"https:\/\/www.comoditahome.com\/ks\/produkt\/valixhe-regent-e-mesme-9\/#primaryimage"},"image":{"@id":"https:\/\/www.comoditahome.com\/ks\/produkt\/valixhe-regent-e-mesme-9\/#primaryimage"},"thumbnailUrl":"https:\/\/www.comoditahome.com\/ks\/wp-content\/uploads\/2023\/03\/3907489290359-1.jpg","datePublished":"2023-03-07T12:49:04+00:00","dateModified":"2026-04-14T12:35:34+00:00","description":"Valixhja e mesme Regent vjen n\u00eb ngjyr\u00eb dhe model unik. Ka mund\u00ebsi zgjerimi deri n\u00eb 4cm dhe material t\u00eb q\u00ebndruesh\u00ebm t\u00eb testuar p\u00ebr t'i rezistuar sfidave t\u00eb udh\u00ebtimeve t\u00eb shpeshta.","breadcrumb":{"@id":"https:\/\/www.comoditahome.com\/ks\/produkt\/valixhe-regent-e-mesme-9\/#breadcrumb"},"inLanguage":"sq","potentialAction":[{"@type":"ReadAction","target":["https:\/\/www.comoditahome.com\/ks\/produkt\/valixhe-regent-e-mesme-9\/"]}]},{"@type":"ImageObject","inLanguage":"sq","@id":"https:\/\/www.comoditahome.com\/ks\/produkt\/valixhe-regent-e-mesme-9\/#primaryimage","url":"https:\/\/www.comoditahome.com\/ks\/wp-content\/uploads\/2023\/03\/3907489290359-1.jpg","contentUrl":"https:\/\/www.comoditahome.com\/ks\/wp-content\/uploads\/2023\/03\/3907489290359-1.jpg","width":1200,"height":1300},{"@type":"BreadcrumbList","@id":"https:\/\/www.comoditahome.com\/ks\/produkt\/valixhe-regent-e-mesme-9\/#breadcrumb","itemListElement":[{"@type":"ListItem","position":1,"name":"Comodita Home Kosova - Dyshek Mattress","item":"https:\/\/www.comoditahome.com\/ks\/"},{"@type":"ListItem","position":2,"name":"Shop","item":"https:\/\/www.comoditahome.com\/ks\/shop\/"},{"@type":"ListItem","position":3,"name":"Valixhe Regent e mesme"}]},{"@type":"WebSite","@id":"https:\/\/www.comoditahome.com\/ks\/#website","url":"https:\/\/www.comoditahome.com\/ks\/","name":"Comodita Home","description":"Dyshek, Jorgan, Jast\u00ebk, Kuzhine, Banjo, Kopsht dhe Aksesor\u00eb","publisher":{"@id":"https:\/\/www.comoditahome.com\/ks\/#organization"},"potentialAction":[{"@type":"SearchAction","target":{"@type":"EntryPoint","urlTemplate":"https:\/\/www.comoditahome.com\/ks\/?s={search_term_string}"},"query-input":"required name=search_term_string"}],"inLanguage":"sq"},{"@type":"Organization","@id":"https:\/\/www.comoditahome.com\/ks\/#organization","name":"Comodita Home","url":"https:\/\/www.comoditahome.com\/ks\/","logo":{"@type":"ImageObject","inLanguage":"sq","@id":"https:\/\/www.comoditahome.com\/ks\/#\/schema\/logo\/image\/","url":"https:\/\/www.comoditahome.com\/ks\/wp-content\/uploads\/2022\/05\/COMODITA_HOME_LOGO_KS_MK_AL-02.png","contentUrl":"https:\/\/www.comoditahome.com\/ks\/wp-content\/uploads\/2022\/05\/COMODITA_HOME_LOGO_KS_MK_AL-02.png","width":180,"height":87,"caption":"Comodita Home"},"image":{"@id":"https:\/\/www.comoditahome.com\/ks\/#\/schema\/logo\/image\/"},"sameAs":["https:\/\/www.facebook.com\/comoditahome\/","https:\/\/www.instagram.com\/comoditahome\/","https:\/\/www.linkedin.com\/company\/comoditahome\/?originalSubdomain=fj","https:\/\/www.youtube.com\/channel\/UC5O6IsT4JD4zaiOqmRi_Pvg"]}]}},"_links":{"self":[{"href":"https:\/\/www.comoditahome.com\/ks\/wp-json\/wp\/v2\/product\/63020","targetHints":{"allow":["GET"]}}],"collection":[{"href":"https:\/\/www.comoditahome.com\/ks\/wp-json\/wp\/v2\/product"}],"about":[{"href":"https:\/\/www.comoditahome.com\/ks\/wp-json\/wp\/v2\/types\/product"}],"version-history":[{"count":0,"href":"https:\/\/www.comoditahome.com\/ks\/wp-json\/wp\/v2\/product\/63020\/revisions"}],"wp:featuredmedia":[{"embeddable":true,"href":"https:\/\/www.comoditahome.com\/ks\/wp-json\/wp\/v2\/media\/63016"}],"wp:attachment":[{"href":"https:\/\/www.comoditahome.com\/ks\/wp-json\/wp\/v2\/media?parent=63020"}],"wp:term":[{"taxonomy":"product_brand","embeddable":true,"href":"https:\/\/www.comoditahome.com\/ks\/wp-json\/wp\/v2\/product_brand?post=63020"},{"taxonomy":"product_cat","embeddable":true,"href":"https:\/\/www.comoditahome.com\/ks\/wp-json\/wp\/v2\/product_cat?post=63020"},{"taxonomy":"product_tag","embeddable":true,"href":"https:\/\/www.comoditahome.com\/ks\/wp-json\/wp\/v2\/product_tag?post=63020"}],"curies":[{"name":"wp","href":"https:\/\/api.w.org\/{rel}","templated":true}]}}