 {"id":6326,"date":"2021-08-06T10:43:27","date_gmt":"2021-08-06T08:43:27","guid":{"rendered":"https:\/\/ks.comoditahome.com\/?post_type=product&#038;p=6326"},"modified":"2026-04-24T09:18:56","modified_gmt":"2026-04-24T07:18:56","slug":"set-aksesoresh-per-banjo-pumkin","status":"publish","type":"product","link":"https:\/\/www.comoditahome.com\/ks\/produkt\/set-aksesoresh-per-banjo-pumkin\/","title":{"rendered":"Set aksesor\u00ebsh p\u00ebr banjo Pumkin"},"content":{"rendered":"","protected":false},"excerpt":{"rendered":"<p style=\"text-align: left;\">Seti i aksesor\u00ebve p\u00ebr banjo me nj\u00eb ngjyrim fin, e nd\u00ebrtuar n\u00eb material cil\u00ebsor me rafinime vijash precize n\u00eb t\u00ebr\u00eb sip\u00ebrfaqen. Me hijeshin\u00eb q\u00eb prezanton, ky set do t\u00eb ndihmoj n\u00eb ekspozimin ende m\u00eb t\u00eb bukur t\u00eb sapunit, shampos\u00eb, brushave t\u00eb dh\u00ebmb\u00ebve dhe furq\u00ebs s\u00eb tualetit.<br \/>\n<strong>Dimensioni \/ Kompozicioni:<\/strong> Set me 4 pjes\u00eb: 1x got\u00eb p\u00ebr brusha dh\u00ebmb\u00ebsh, 1x got\u00eb p\u00ebr shampo t\u00eb l\u00ebngsh\u00ebm, 1x pjat\u00eb p\u00ebr sapun, 1x furq\u00eb tualeti.<br \/>\n<strong>NGJYRA:<\/strong> Portokall e mbyllt\u00eb<br \/>\n<strong>MATERIALI:<\/strong> Qeramik\u00eb<br \/>\n<strong>UDH\u00cbZIMET E P\u00cbRDORIMIT:<\/strong> T\u00eb pastrohet me dor\u00eb<br \/>\n<strong>KUSHTET E KTHIMIT \/ GARANCION:<\/strong> P\u00ebr k\u00ebt\u00eb produkt pranohet reklamacion brenda 24 or\u00ebve pasi t\u00eb pranoni porosin\u00eb.<\/p>\n<p><span style=\"color: #ffffff;\">3907489140920<\/span><\/p>\n","protected":false},"featured_media":6328,"template":"","meta":[],"product_brand":[],"product_cat":[81,80],"product_tag":[],"class_list":{"0":"post-6326","1":"product","2":"type-product","3":"status-publish","4":"has-post-thumbnail","6":"product_cat-aksesore","7":"product_cat-banjo","9":"first","10":"instock","11":"sale","12":"shipping-taxable","13":"purchasable","14":"product-type-simple","15":"layout-style-1","16":"col-md-4 col-sm-4 col-xs-6","17":"col-lg-2","18":"product-has-gallery","19":"product-style-default"},"yoast_head":"<!-- This site is optimized with the Yoast SEO Premium plugin v18.2.1 (Yoast SEO v22.5) - https:\/\/yoast.com\/wordpress\/plugins\/seo\/ -->\n<title>Set aksesor\u00ebsh p\u00ebr banjo Pumkin - Comodita Home<\/title>\n<meta name=\"description\" content=\"Seti i aksesor\u00ebve p\u00ebr banjo me nj\u00eb ngjyrim fin, e nd\u00ebrtuar n\u00eb material cil\u00ebsor me rafinime vijash precize n\u00eb t\u00ebr\u00eb sip\u00ebrfaqen.\" \/>\n<meta name=\"robots\" content=\"index, follow, max-snippet:-1, max-image-preview:large, max-video-preview:-1\" \/>\n<link rel=\"canonical\" href=\"https:\/\/www.comoditahome.com\/ks\/produkt\/set-aksesoresh-per-banjo-pumkin\/\" \/>\n<meta property=\"og:locale\" content=\"sq_AL\" \/>\n<meta property=\"og:type\" content=\"article\" \/>\n<meta property=\"og:title\" content=\"Set aksesor\u00ebsh p\u00ebr banjo Pumkin\" \/>\n<meta property=\"og:description\" content=\"Seti i aksesor\u00ebve p\u00ebr banjo me nj\u00eb ngjyrim fin, e nd\u00ebrtuar n\u00eb material cil\u00ebsor me rafinime vijash precize n\u00eb t\u00ebr\u00eb sip\u00ebrfaqen.\" \/>\n<meta property=\"og:url\" content=\"https:\/\/www.comoditahome.com\/ks\/produkt\/set-aksesoresh-per-banjo-pumkin\/\" \/>\n<meta property=\"og:site_name\" content=\"Comodita Home\" \/>\n<meta property=\"article:publisher\" content=\"https:\/\/www.facebook.com\/comoditahome\/\" \/>\n<meta property=\"article:modified_time\" content=\"2026-04-24T07:18:56+00:00\" \/>\n<meta property=\"og:image\" content=\"https:\/\/www.comoditahome.com\/ks\/wp-content\/uploads\/2021\/08\/3907489140920-1.jpg\" \/>\n\t<meta property=\"og:image:width\" content=\"1200\" \/>\n\t<meta property=\"og:image:height\" content=\"1300\" \/>\n\t<meta property=\"og:image:type\" content=\"image\/jpeg\" \/>\n<meta name=\"twitter:card\" content=\"summary_large_image\" \/>\n<meta name=\"twitter:label1\" content=\"Est. reading time\" \/>\n\t<meta name=\"twitter:data1\" content=\"1 minut\u00eb\" \/>\n<script type=\"application\/ld+json\" class=\"yoast-schema-graph\">{\"@context\":\"https:\/\/schema.org\",\"@graph\":[{\"@type\":\"WebPage\",\"@id\":\"https:\/\/www.comoditahome.com\/ks\/produkt\/set-aksesoresh-per-banjo-pumkin\/\",\"url\":\"https:\/\/www.comoditahome.com\/ks\/produkt\/set-aksesoresh-per-banjo-pumkin\/\",\"name\":\"Set aksesor\u00ebsh p\u00ebr banjo Pumkin - Comodita Home\",\"isPartOf\":{\"@id\":\"https:\/\/www.comoditahome.com\/ks\/#website\"},\"primaryImageOfPage\":{\"@id\":\"https:\/\/www.comoditahome.com\/ks\/produkt\/set-aksesoresh-per-banjo-pumkin\/#primaryimage\"},\"image\":{\"@id\":\"https:\/\/www.comoditahome.com\/ks\/produkt\/set-aksesoresh-per-banjo-pumkin\/#primaryimage\"},\"thumbnailUrl\":\"https:\/\/www.comoditahome.com\/ks\/wp-content\/uploads\/2021\/08\/3907489140920-1.jpg\",\"datePublished\":\"2021-08-06T08:43:27+00:00\",\"dateModified\":\"2026-04-24T07:18:56+00:00\",\"description\":\"Seti i aksesor\u00ebve p\u00ebr banjo me nj\u00eb ngjyrim fin, e nd\u00ebrtuar n\u00eb material cil\u00ebsor me rafinime vijash precize n\u00eb t\u00ebr\u00eb sip\u00ebrfaqen.\",\"breadcrumb\":{\"@id\":\"https:\/\/www.comoditahome.com\/ks\/produkt\/set-aksesoresh-per-banjo-pumkin\/#breadcrumb\"},\"inLanguage\":\"sq\",\"potentialAction\":[{\"@type\":\"ReadAction\",\"target\":[\"https:\/\/www.comoditahome.com\/ks\/produkt\/set-aksesoresh-per-banjo-pumkin\/\"]}]},{\"@type\":\"ImageObject\",\"inLanguage\":\"sq\",\"@id\":\"https:\/\/www.comoditahome.com\/ks\/produkt\/set-aksesoresh-per-banjo-pumkin\/#primaryimage\",\"url\":\"https:\/\/www.comoditahome.com\/ks\/wp-content\/uploads\/2021\/08\/3907489140920-1.jpg\",\"contentUrl\":\"https:\/\/www.comoditahome.com\/ks\/wp-content\/uploads\/2021\/08\/3907489140920-1.jpg\",\"width\":1200,\"height\":1300},{\"@type\":\"BreadcrumbList\",\"@id\":\"https:\/\/www.comoditahome.com\/ks\/produkt\/set-aksesoresh-per-banjo-pumkin\/#breadcrumb\",\"itemListElement\":[{\"@type\":\"ListItem\",\"position\":1,\"name\":\"Comodita Home Kosova - Dyshek Mattress\",\"item\":\"https:\/\/www.comoditahome.com\/ks\/\"},{\"@type\":\"ListItem\",\"position\":2,\"name\":\"Shop\",\"item\":\"https:\/\/www.comoditahome.com\/ks\/shop\/\"},{\"@type\":\"ListItem\",\"position\":3,\"name\":\"Set aksesor\u00ebsh p\u00ebr banjo Pumkin\"}]},{\"@type\":\"WebSite\",\"@id\":\"https:\/\/www.comoditahome.com\/ks\/#website\",\"url\":\"https:\/\/www.comoditahome.com\/ks\/\",\"name\":\"Comodita Home\",\"description\":\"Dyshek, Jorgan, Jast\u00ebk, Kuzhine, Banjo, Kopsht dhe Aksesor\u00eb\",\"publisher\":{\"@id\":\"https:\/\/www.comoditahome.com\/ks\/#organization\"},\"potentialAction\":[{\"@type\":\"SearchAction\",\"target\":{\"@type\":\"EntryPoint\",\"urlTemplate\":\"https:\/\/www.comoditahome.com\/ks\/?s={search_term_string}\"},\"query-input\":\"required name=search_term_string\"}],\"inLanguage\":\"sq\"},{\"@type\":\"Organization\",\"@id\":\"https:\/\/www.comoditahome.com\/ks\/#organization\",\"name\":\"Comodita Home\",\"url\":\"https:\/\/www.comoditahome.com\/ks\/\",\"logo\":{\"@type\":\"ImageObject\",\"inLanguage\":\"sq\",\"@id\":\"https:\/\/www.comoditahome.com\/ks\/#\/schema\/logo\/image\/\",\"url\":\"https:\/\/www.comoditahome.com\/ks\/wp-content\/uploads\/2022\/05\/COMODITA_HOME_LOGO_KS_MK_AL-02.png\",\"contentUrl\":\"https:\/\/www.comoditahome.com\/ks\/wp-content\/uploads\/2022\/05\/COMODITA_HOME_LOGO_KS_MK_AL-02.png\",\"width\":180,\"height\":87,\"caption\":\"Comodita Home\"},\"image\":{\"@id\":\"https:\/\/www.comoditahome.com\/ks\/#\/schema\/logo\/image\/\"},\"sameAs\":[\"https:\/\/www.facebook.com\/comoditahome\/\",\"https:\/\/www.instagram.com\/comoditahome\/\",\"https:\/\/www.linkedin.com\/company\/comoditahome\/?originalSubdomain=fj\",\"https:\/\/www.youtube.com\/channel\/UC5O6IsT4JD4zaiOqmRi_Pvg\"]}]}<\/script>\n<!-- \/ Yoast SEO Premium plugin. -->","yoast_head_json":{"title":"Set aksesor\u00ebsh p\u00ebr banjo Pumkin - Comodita Home","description":"Seti i aksesor\u00ebve p\u00ebr banjo me nj\u00eb ngjyrim fin, e nd\u00ebrtuar n\u00eb material cil\u00ebsor me rafinime vijash precize n\u00eb t\u00ebr\u00eb sip\u00ebrfaqen.","robots":{"index":"index","follow":"follow","max-snippet":"max-snippet:-1","max-image-preview":"max-image-preview:large","max-video-preview":"max-video-preview:-1"},"canonical":"https:\/\/www.comoditahome.com\/ks\/produkt\/set-aksesoresh-per-banjo-pumkin\/","og_locale":"sq_AL","og_type":"article","og_title":"Set aksesor\u00ebsh p\u00ebr banjo Pumkin","og_description":"Seti i aksesor\u00ebve p\u00ebr banjo me nj\u00eb ngjyrim fin, e nd\u00ebrtuar n\u00eb material cil\u00ebsor me rafinime vijash precize n\u00eb t\u00ebr\u00eb sip\u00ebrfaqen.","og_url":"https:\/\/www.comoditahome.com\/ks\/produkt\/set-aksesoresh-per-banjo-pumkin\/","og_site_name":"Comodita Home","article_publisher":"https:\/\/www.facebook.com\/comoditahome\/","article_modified_time":"2026-04-24T07:18:56+00:00","og_image":[{"width":1200,"height":1300,"url":"https:\/\/www.comoditahome.com\/ks\/wp-content\/uploads\/2021\/08\/3907489140920-1.jpg","type":"image\/jpeg"}],"twitter_card":"summary_large_image","twitter_misc":{"Est. reading time":"1 minut\u00eb"},"schema":{"@context":"https:\/\/schema.org","@graph":[{"@type":"WebPage","@id":"https:\/\/www.comoditahome.com\/ks\/produkt\/set-aksesoresh-per-banjo-pumkin\/","url":"https:\/\/www.comoditahome.com\/ks\/produkt\/set-aksesoresh-per-banjo-pumkin\/","name":"Set aksesor\u00ebsh p\u00ebr banjo Pumkin - Comodita Home","isPartOf":{"@id":"https:\/\/www.comoditahome.com\/ks\/#website"},"primaryImageOfPage":{"@id":"https:\/\/www.comoditahome.com\/ks\/produkt\/set-aksesoresh-per-banjo-pumkin\/#primaryimage"},"image":{"@id":"https:\/\/www.comoditahome.com\/ks\/produkt\/set-aksesoresh-per-banjo-pumkin\/#primaryimage"},"thumbnailUrl":"https:\/\/www.comoditahome.com\/ks\/wp-content\/uploads\/2021\/08\/3907489140920-1.jpg","datePublished":"2021-08-06T08:43:27+00:00","dateModified":"2026-04-24T07:18:56+00:00","description":"Seti i aksesor\u00ebve p\u00ebr banjo me nj\u00eb ngjyrim fin, e nd\u00ebrtuar n\u00eb material cil\u00ebsor me rafinime vijash precize n\u00eb t\u00ebr\u00eb sip\u00ebrfaqen.","breadcrumb":{"@id":"https:\/\/www.comoditahome.com\/ks\/produkt\/set-aksesoresh-per-banjo-pumkin\/#breadcrumb"},"inLanguage":"sq","potentialAction":[{"@type":"ReadAction","target":["https:\/\/www.comoditahome.com\/ks\/produkt\/set-aksesoresh-per-banjo-pumkin\/"]}]},{"@type":"ImageObject","inLanguage":"sq","@id":"https:\/\/www.comoditahome.com\/ks\/produkt\/set-aksesoresh-per-banjo-pumkin\/#primaryimage","url":"https:\/\/www.comoditahome.com\/ks\/wp-content\/uploads\/2021\/08\/3907489140920-1.jpg","contentUrl":"https:\/\/www.comoditahome.com\/ks\/wp-content\/uploads\/2021\/08\/3907489140920-1.jpg","width":1200,"height":1300},{"@type":"BreadcrumbList","@id":"https:\/\/www.comoditahome.com\/ks\/produkt\/set-aksesoresh-per-banjo-pumkin\/#breadcrumb","itemListElement":[{"@type":"ListItem","position":1,"name":"Comodita Home Kosova - Dyshek Mattress","item":"https:\/\/www.comoditahome.com\/ks\/"},{"@type":"ListItem","position":2,"name":"Shop","item":"https:\/\/www.comoditahome.com\/ks\/shop\/"},{"@type":"ListItem","position":3,"name":"Set aksesor\u00ebsh p\u00ebr banjo Pumkin"}]},{"@type":"WebSite","@id":"https:\/\/www.comoditahome.com\/ks\/#website","url":"https:\/\/www.comoditahome.com\/ks\/","name":"Comodita Home","description":"Dyshek, Jorgan, Jast\u00ebk, Kuzhine, Banjo, Kopsht dhe Aksesor\u00eb","publisher":{"@id":"https:\/\/www.comoditahome.com\/ks\/#organization"},"potentialAction":[{"@type":"SearchAction","target":{"@type":"EntryPoint","urlTemplate":"https:\/\/www.comoditahome.com\/ks\/?s={search_term_string}"},"query-input":"required name=search_term_string"}],"inLanguage":"sq"},{"@type":"Organization","@id":"https:\/\/www.comoditahome.com\/ks\/#organization","name":"Comodita Home","url":"https:\/\/www.comoditahome.com\/ks\/","logo":{"@type":"ImageObject","inLanguage":"sq","@id":"https:\/\/www.comoditahome.com\/ks\/#\/schema\/logo\/image\/","url":"https:\/\/www.comoditahome.com\/ks\/wp-content\/uploads\/2022\/05\/COMODITA_HOME_LOGO_KS_MK_AL-02.png","contentUrl":"https:\/\/www.comoditahome.com\/ks\/wp-content\/uploads\/2022\/05\/COMODITA_HOME_LOGO_KS_MK_AL-02.png","width":180,"height":87,"caption":"Comodita Home"},"image":{"@id":"https:\/\/www.comoditahome.com\/ks\/#\/schema\/logo\/image\/"},"sameAs":["https:\/\/www.facebook.com\/comoditahome\/","https:\/\/www.instagram.com\/comoditahome\/","https:\/\/www.linkedin.com\/company\/comoditahome\/?originalSubdomain=fj","https:\/\/www.youtube.com\/channel\/UC5O6IsT4JD4zaiOqmRi_Pvg"]}]}},"_links":{"self":[{"href":"https:\/\/www.comoditahome.com\/ks\/wp-json\/wp\/v2\/product\/6326","targetHints":{"allow":["GET"]}}],"collection":[{"href":"https:\/\/www.comoditahome.com\/ks\/wp-json\/wp\/v2\/product"}],"about":[{"href":"https:\/\/www.comoditahome.com\/ks\/wp-json\/wp\/v2\/types\/product"}],"version-history":[{"count":2,"href":"https:\/\/www.comoditahome.com\/ks\/wp-json\/wp\/v2\/product\/6326\/revisions"}],"predecessor-version":[{"id":107672,"href":"https:\/\/www.comoditahome.com\/ks\/wp-json\/wp\/v2\/product\/6326\/revisions\/107672"}],"wp:featuredmedia":[{"embeddable":true,"href":"https:\/\/www.comoditahome.com\/ks\/wp-json\/wp\/v2\/media\/6328"}],"wp:attachment":[{"href":"https:\/\/www.comoditahome.com\/ks\/wp-json\/wp\/v2\/media?parent=6326"}],"wp:term":[{"taxonomy":"product_brand","embeddable":true,"href":"https:\/\/www.comoditahome.com\/ks\/wp-json\/wp\/v2\/product_brand?post=6326"},{"taxonomy":"product_cat","embeddable":true,"href":"https:\/\/www.comoditahome.com\/ks\/wp-json\/wp\/v2\/product_cat?post=6326"},{"taxonomy":"product_tag","embeddable":true,"href":"https:\/\/www.comoditahome.com\/ks\/wp-json\/wp\/v2\/product_tag?post=6326"}],"curies":[{"name":"wp","href":"https:\/\/api.w.org\/{rel}","templated":true}]}}