 {"id":73319,"date":"2023-08-11T09:39:55","date_gmt":"2023-08-11T07:39:55","guid":{"rendered":"https:\/\/www.comoditahome.com\/ks\/?post_type=product&#038;p=73319"},"modified":"2026-04-14T14:35:51","modified_gmt":"2026-04-14T12:35:51","slug":"batanije-soft-touch-playful-per-nje-person-krem","status":"publish","type":"product","link":"https:\/\/www.comoditahome.com\/ks\/produkt\/batanije-soft-touch-playful-per-nje-person-krem\/","title":{"rendered":"Batanije Soft Touch Playful 160&#215;200 Cappuccino"},"content":{"rendered":"<p style=\"text-align: left;\">Batanija Soft Touch Playful \u00ebsht\u00eb e qepur n\u00eb nj\u00eb ngjyr\u00eb t\u00eb hijshme. Me nj\u00eb material i but\u00eb me tekstur\u00eb tejet t\u00eb k\u00ebndshme n\u00eb prekje. Gj\u00eb \u00e7ka ju b\u00ebn\u00eb t\u00eb ndiheni rehatsh\u00ebm kur mb\u00ebshtilleni me t\u00eb.<\/p>\n<p>[sg_popup id=73807]<\/p>\n","protected":false},"excerpt":{"rendered":"<p style=\"text-align: left;\">Batanija Soft Touch Playful \u00ebsht\u00eb e qepur n\u00eb nj\u00eb ngjyr\u00eb t\u00eb hijshme, me nj\u00eb material i but\u00eb me tekstur\u00eb tejet t\u00eb k\u00ebndshme n\u00eb prekje, gj\u00eb \u00e7ka ju b\u00ebn\u00eb t\u00eb ndiheni rehatsh\u00ebm kur mb\u00ebshtilleni me t\u00eb.<\/p>\n<p style=\"text-align: left;\"><strong>Dimensioni \/ Kompozicioni: <\/strong>160x200cm<\/p>\n<p style=\"text-align: left;\"><strong>NGJYRA:<\/strong> Krem<\/p>\n<p style=\"text-align: left;\"><strong>MATERIALI:<\/strong> Poliester<\/p>\n<p style=\"text-align: left;\"><strong>UDH\u00cbZIMET E P\u00cbRDORIMIT:<\/strong> N\u00eb makin\u00eb lar\u00ebse 30\u00b0C<\/p>\n<p style=\"text-align: left;\"><strong>KUSHTET E KTHIMIT \/ GARANCION:<\/strong> P\u00ebr shkak t\u00eb kontaktit me higjien\u00eb personale, p\u00ebr produktet e tekstilit nuk pranohen kthime apo reklamacione.<br \/>\n<span style=\"color: #ffffff;\">3907489300874 plaf qebe cebe<\/span><\/p>\n","protected":false},"featured_media":73320,"template":"","meta":[],"product_brand":[],"product_cat":[104,85,106],"product_tag":[],"class_list":{"0":"post-73319","1":"product","2":"type-product","3":"status-publish","4":"has-post-thumbnail","6":"product_cat-gjumi","7":"product_cat-dhoma-e-ndenjes","8":"product_cat-batanije","10":"first","11":"outofstock","12":"sale","13":"shipping-taxable","14":"purchasable","15":"product-type-simple","16":"layout-style-1","17":"col-md-4 col-sm-4 col-xs-6","18":"col-lg-2","19":"product-has-gallery","20":"product-style-default"},"yoast_head":"<!-- This site is optimized with the Yoast SEO Premium plugin v18.2.1 (Yoast SEO v22.5) - https:\/\/yoast.com\/wordpress\/plugins\/seo\/ -->\n<title>Batanije Soft Touch Playful 160x200 Cappuccino - Comodita Home<\/title>\n<meta name=\"description\" content=\"Batanija Soft Touch Playful \u00ebsht\u00eb e qepur n\u00eb nj\u00eb ngjyr\u00eb t\u00eb hijshme. Me nj\u00eb material i but\u00eb me tekstur\u00eb tejet t\u00eb k\u00ebndshme n\u00eb prekje.\" \/>\n<meta name=\"robots\" content=\"index, follow, max-snippet:-1, max-image-preview:large, max-video-preview:-1\" \/>\n<link rel=\"canonical\" href=\"https:\/\/www.comoditahome.com\/ks\/produkt\/batanije-soft-touch-playful-per-nje-person-krem\/\" \/>\n<meta property=\"og:locale\" content=\"sq_AL\" \/>\n<meta property=\"og:type\" content=\"article\" \/>\n<meta property=\"og:title\" content=\"Batanije Soft Touch Playful 160x200 Cappuccino\" \/>\n<meta property=\"og:description\" content=\"Batanija Soft Touch Playful \u00ebsht\u00eb e qepur n\u00eb nj\u00eb ngjyr\u00eb t\u00eb hijshme. Me nj\u00eb material i but\u00eb me tekstur\u00eb tejet t\u00eb k\u00ebndshme n\u00eb prekje.\" \/>\n<meta property=\"og:url\" content=\"https:\/\/www.comoditahome.com\/ks\/produkt\/batanije-soft-touch-playful-per-nje-person-krem\/\" \/>\n<meta property=\"og:site_name\" content=\"Comodita Home\" \/>\n<meta property=\"article:publisher\" content=\"https:\/\/www.facebook.com\/comoditahome\/\" \/>\n<meta property=\"article:modified_time\" content=\"2026-04-14T12:35:51+00:00\" \/>\n<meta property=\"og:image\" content=\"https:\/\/www.comoditahome.com\/ks\/wp-content\/uploads\/2023\/08\/3907489300874-1.jpg\" \/>\n\t<meta property=\"og:image:width\" content=\"1200\" \/>\n\t<meta property=\"og:image:height\" content=\"1300\" \/>\n\t<meta property=\"og:image:type\" content=\"image\/jpeg\" \/>\n<meta name=\"twitter:card\" content=\"summary_large_image\" \/>\n<meta name=\"twitter:label1\" content=\"Est. reading time\" \/>\n\t<meta name=\"twitter:data1\" content=\"1 minut\u00eb\" \/>\n<script type=\"application\/ld+json\" class=\"yoast-schema-graph\">{\"@context\":\"https:\/\/schema.org\",\"@graph\":[{\"@type\":\"WebPage\",\"@id\":\"https:\/\/www.comoditahome.com\/ks\/produkt\/batanije-soft-touch-playful-per-nje-person-krem\/\",\"url\":\"https:\/\/www.comoditahome.com\/ks\/produkt\/batanije-soft-touch-playful-per-nje-person-krem\/\",\"name\":\"Batanije Soft Touch Playful 160x200 Cappuccino - Comodita Home\",\"isPartOf\":{\"@id\":\"https:\/\/www.comoditahome.com\/ks\/#website\"},\"primaryImageOfPage\":{\"@id\":\"https:\/\/www.comoditahome.com\/ks\/produkt\/batanije-soft-touch-playful-per-nje-person-krem\/#primaryimage\"},\"image\":{\"@id\":\"https:\/\/www.comoditahome.com\/ks\/produkt\/batanije-soft-touch-playful-per-nje-person-krem\/#primaryimage\"},\"thumbnailUrl\":\"https:\/\/www.comoditahome.com\/ks\/wp-content\/uploads\/2023\/08\/3907489300874-1.jpg\",\"datePublished\":\"2023-08-11T07:39:55+00:00\",\"dateModified\":\"2026-04-14T12:35:51+00:00\",\"description\":\"Batanija Soft Touch Playful \u00ebsht\u00eb e qepur n\u00eb nj\u00eb ngjyr\u00eb t\u00eb hijshme. Me nj\u00eb material i but\u00eb me tekstur\u00eb tejet t\u00eb k\u00ebndshme n\u00eb prekje.\",\"breadcrumb\":{\"@id\":\"https:\/\/www.comoditahome.com\/ks\/produkt\/batanije-soft-touch-playful-per-nje-person-krem\/#breadcrumb\"},\"inLanguage\":\"sq\",\"potentialAction\":[{\"@type\":\"ReadAction\",\"target\":[\"https:\/\/www.comoditahome.com\/ks\/produkt\/batanije-soft-touch-playful-per-nje-person-krem\/\"]}]},{\"@type\":\"ImageObject\",\"inLanguage\":\"sq\",\"@id\":\"https:\/\/www.comoditahome.com\/ks\/produkt\/batanije-soft-touch-playful-per-nje-person-krem\/#primaryimage\",\"url\":\"https:\/\/www.comoditahome.com\/ks\/wp-content\/uploads\/2023\/08\/3907489300874-1.jpg\",\"contentUrl\":\"https:\/\/www.comoditahome.com\/ks\/wp-content\/uploads\/2023\/08\/3907489300874-1.jpg\",\"width\":1200,\"height\":1300},{\"@type\":\"BreadcrumbList\",\"@id\":\"https:\/\/www.comoditahome.com\/ks\/produkt\/batanije-soft-touch-playful-per-nje-person-krem\/#breadcrumb\",\"itemListElement\":[{\"@type\":\"ListItem\",\"position\":1,\"name\":\"Comodita Home Kosova - Dyshek Mattress\",\"item\":\"https:\/\/www.comoditahome.com\/ks\/\"},{\"@type\":\"ListItem\",\"position\":2,\"name\":\"Shop\",\"item\":\"https:\/\/www.comoditahome.com\/ks\/shop\/\"},{\"@type\":\"ListItem\",\"position\":3,\"name\":\"Batanije Soft Touch Playful 160&#215;200 Cappuccino\"}]},{\"@type\":\"WebSite\",\"@id\":\"https:\/\/www.comoditahome.com\/ks\/#website\",\"url\":\"https:\/\/www.comoditahome.com\/ks\/\",\"name\":\"Comodita Home\",\"description\":\"Dyshek, Jorgan, Jast\u00ebk, Kuzhine, Banjo, Kopsht dhe Aksesor\u00eb\",\"publisher\":{\"@id\":\"https:\/\/www.comoditahome.com\/ks\/#organization\"},\"potentialAction\":[{\"@type\":\"SearchAction\",\"target\":{\"@type\":\"EntryPoint\",\"urlTemplate\":\"https:\/\/www.comoditahome.com\/ks\/?s={search_term_string}\"},\"query-input\":\"required name=search_term_string\"}],\"inLanguage\":\"sq\"},{\"@type\":\"Organization\",\"@id\":\"https:\/\/www.comoditahome.com\/ks\/#organization\",\"name\":\"Comodita Home\",\"url\":\"https:\/\/www.comoditahome.com\/ks\/\",\"logo\":{\"@type\":\"ImageObject\",\"inLanguage\":\"sq\",\"@id\":\"https:\/\/www.comoditahome.com\/ks\/#\/schema\/logo\/image\/\",\"url\":\"https:\/\/www.comoditahome.com\/ks\/wp-content\/uploads\/2022\/05\/COMODITA_HOME_LOGO_KS_MK_AL-02.png\",\"contentUrl\":\"https:\/\/www.comoditahome.com\/ks\/wp-content\/uploads\/2022\/05\/COMODITA_HOME_LOGO_KS_MK_AL-02.png\",\"width\":180,\"height\":87,\"caption\":\"Comodita Home\"},\"image\":{\"@id\":\"https:\/\/www.comoditahome.com\/ks\/#\/schema\/logo\/image\/\"},\"sameAs\":[\"https:\/\/www.facebook.com\/comoditahome\/\",\"https:\/\/www.instagram.com\/comoditahome\/\",\"https:\/\/www.linkedin.com\/company\/comoditahome\/?originalSubdomain=fj\",\"https:\/\/www.youtube.com\/channel\/UC5O6IsT4JD4zaiOqmRi_Pvg\"]}]}<\/script>\n<!-- \/ Yoast SEO Premium plugin. -->","yoast_head_json":{"title":"Batanije Soft Touch Playful 160x200 Cappuccino - Comodita Home","description":"Batanija Soft Touch Playful \u00ebsht\u00eb e qepur n\u00eb nj\u00eb ngjyr\u00eb t\u00eb hijshme. Me nj\u00eb material i but\u00eb me tekstur\u00eb tejet t\u00eb k\u00ebndshme n\u00eb prekje.","robots":{"index":"index","follow":"follow","max-snippet":"max-snippet:-1","max-image-preview":"max-image-preview:large","max-video-preview":"max-video-preview:-1"},"canonical":"https:\/\/www.comoditahome.com\/ks\/produkt\/batanije-soft-touch-playful-per-nje-person-krem\/","og_locale":"sq_AL","og_type":"article","og_title":"Batanije Soft Touch Playful 160x200 Cappuccino","og_description":"Batanija Soft Touch Playful \u00ebsht\u00eb e qepur n\u00eb nj\u00eb ngjyr\u00eb t\u00eb hijshme. Me nj\u00eb material i but\u00eb me tekstur\u00eb tejet t\u00eb k\u00ebndshme n\u00eb prekje.","og_url":"https:\/\/www.comoditahome.com\/ks\/produkt\/batanije-soft-touch-playful-per-nje-person-krem\/","og_site_name":"Comodita Home","article_publisher":"https:\/\/www.facebook.com\/comoditahome\/","article_modified_time":"2026-04-14T12:35:51+00:00","og_image":[{"width":1200,"height":1300,"url":"https:\/\/www.comoditahome.com\/ks\/wp-content\/uploads\/2023\/08\/3907489300874-1.jpg","type":"image\/jpeg"}],"twitter_card":"summary_large_image","twitter_misc":{"Est. reading time":"1 minut\u00eb"},"schema":{"@context":"https:\/\/schema.org","@graph":[{"@type":"WebPage","@id":"https:\/\/www.comoditahome.com\/ks\/produkt\/batanije-soft-touch-playful-per-nje-person-krem\/","url":"https:\/\/www.comoditahome.com\/ks\/produkt\/batanije-soft-touch-playful-per-nje-person-krem\/","name":"Batanije Soft Touch Playful 160x200 Cappuccino - Comodita Home","isPartOf":{"@id":"https:\/\/www.comoditahome.com\/ks\/#website"},"primaryImageOfPage":{"@id":"https:\/\/www.comoditahome.com\/ks\/produkt\/batanije-soft-touch-playful-per-nje-person-krem\/#primaryimage"},"image":{"@id":"https:\/\/www.comoditahome.com\/ks\/produkt\/batanije-soft-touch-playful-per-nje-person-krem\/#primaryimage"},"thumbnailUrl":"https:\/\/www.comoditahome.com\/ks\/wp-content\/uploads\/2023\/08\/3907489300874-1.jpg","datePublished":"2023-08-11T07:39:55+00:00","dateModified":"2026-04-14T12:35:51+00:00","description":"Batanija Soft Touch Playful \u00ebsht\u00eb e qepur n\u00eb nj\u00eb ngjyr\u00eb t\u00eb hijshme. Me nj\u00eb material i but\u00eb me tekstur\u00eb tejet t\u00eb k\u00ebndshme n\u00eb prekje.","breadcrumb":{"@id":"https:\/\/www.comoditahome.com\/ks\/produkt\/batanije-soft-touch-playful-per-nje-person-krem\/#breadcrumb"},"inLanguage":"sq","potentialAction":[{"@type":"ReadAction","target":["https:\/\/www.comoditahome.com\/ks\/produkt\/batanije-soft-touch-playful-per-nje-person-krem\/"]}]},{"@type":"ImageObject","inLanguage":"sq","@id":"https:\/\/www.comoditahome.com\/ks\/produkt\/batanije-soft-touch-playful-per-nje-person-krem\/#primaryimage","url":"https:\/\/www.comoditahome.com\/ks\/wp-content\/uploads\/2023\/08\/3907489300874-1.jpg","contentUrl":"https:\/\/www.comoditahome.com\/ks\/wp-content\/uploads\/2023\/08\/3907489300874-1.jpg","width":1200,"height":1300},{"@type":"BreadcrumbList","@id":"https:\/\/www.comoditahome.com\/ks\/produkt\/batanije-soft-touch-playful-per-nje-person-krem\/#breadcrumb","itemListElement":[{"@type":"ListItem","position":1,"name":"Comodita Home Kosova - Dyshek Mattress","item":"https:\/\/www.comoditahome.com\/ks\/"},{"@type":"ListItem","position":2,"name":"Shop","item":"https:\/\/www.comoditahome.com\/ks\/shop\/"},{"@type":"ListItem","position":3,"name":"Batanije Soft Touch Playful 160&#215;200 Cappuccino"}]},{"@type":"WebSite","@id":"https:\/\/www.comoditahome.com\/ks\/#website","url":"https:\/\/www.comoditahome.com\/ks\/","name":"Comodita Home","description":"Dyshek, Jorgan, Jast\u00ebk, Kuzhine, Banjo, Kopsht dhe Aksesor\u00eb","publisher":{"@id":"https:\/\/www.comoditahome.com\/ks\/#organization"},"potentialAction":[{"@type":"SearchAction","target":{"@type":"EntryPoint","urlTemplate":"https:\/\/www.comoditahome.com\/ks\/?s={search_term_string}"},"query-input":"required name=search_term_string"}],"inLanguage":"sq"},{"@type":"Organization","@id":"https:\/\/www.comoditahome.com\/ks\/#organization","name":"Comodita Home","url":"https:\/\/www.comoditahome.com\/ks\/","logo":{"@type":"ImageObject","inLanguage":"sq","@id":"https:\/\/www.comoditahome.com\/ks\/#\/schema\/logo\/image\/","url":"https:\/\/www.comoditahome.com\/ks\/wp-content\/uploads\/2022\/05\/COMODITA_HOME_LOGO_KS_MK_AL-02.png","contentUrl":"https:\/\/www.comoditahome.com\/ks\/wp-content\/uploads\/2022\/05\/COMODITA_HOME_LOGO_KS_MK_AL-02.png","width":180,"height":87,"caption":"Comodita Home"},"image":{"@id":"https:\/\/www.comoditahome.com\/ks\/#\/schema\/logo\/image\/"},"sameAs":["https:\/\/www.facebook.com\/comoditahome\/","https:\/\/www.instagram.com\/comoditahome\/","https:\/\/www.linkedin.com\/company\/comoditahome\/?originalSubdomain=fj","https:\/\/www.youtube.com\/channel\/UC5O6IsT4JD4zaiOqmRi_Pvg"]}]}},"_links":{"self":[{"href":"https:\/\/www.comoditahome.com\/ks\/wp-json\/wp\/v2\/product\/73319","targetHints":{"allow":["GET"]}}],"collection":[{"href":"https:\/\/www.comoditahome.com\/ks\/wp-json\/wp\/v2\/product"}],"about":[{"href":"https:\/\/www.comoditahome.com\/ks\/wp-json\/wp\/v2\/types\/product"}],"version-history":[{"count":4,"href":"https:\/\/www.comoditahome.com\/ks\/wp-json\/wp\/v2\/product\/73319\/revisions"}],"predecessor-version":[{"id":109217,"href":"https:\/\/www.comoditahome.com\/ks\/wp-json\/wp\/v2\/product\/73319\/revisions\/109217"}],"wp:featuredmedia":[{"embeddable":true,"href":"https:\/\/www.comoditahome.com\/ks\/wp-json\/wp\/v2\/media\/73320"}],"wp:attachment":[{"href":"https:\/\/www.comoditahome.com\/ks\/wp-json\/wp\/v2\/media?parent=73319"}],"wp:term":[{"taxonomy":"product_brand","embeddable":true,"href":"https:\/\/www.comoditahome.com\/ks\/wp-json\/wp\/v2\/product_brand?post=73319"},{"taxonomy":"product_cat","embeddable":true,"href":"https:\/\/www.comoditahome.com\/ks\/wp-json\/wp\/v2\/product_cat?post=73319"},{"taxonomy":"product_tag","embeddable":true,"href":"https:\/\/www.comoditahome.com\/ks\/wp-json\/wp\/v2\/product_tag?post=73319"}],"curies":[{"name":"wp","href":"https:\/\/api.w.org\/{rel}","templated":true}]}}