 {"id":77143,"date":"2023-11-02T15:49:12","date_gmt":"2023-11-02T13:49:12","guid":{"rendered":"https:\/\/www.comoditahome.com\/ks\/?post_type=product&#038;p=77143"},"modified":"2026-04-24T09:20:14","modified_gmt":"2026-04-24T07:20:14","slug":"set-filxhanesh-caji-monochrome-stripes","status":"publish","type":"product","link":"https:\/\/www.comoditahome.com\/ks\/produkt\/set-filxhanesh-caji-monochrome-stripes\/","title":{"rendered":"Set filxhan\u00ebsh \u00e7aji Monochrome Stripes"},"content":{"rendered":"","protected":false},"excerpt":{"rendered":"<p style=\"text-align: left;\">Seti i filxhan\u00ebve t\u00eb \u00e7ajit, Monochrome Stripes, ka nj\u00eb dizajn modern, konturuar me forma vijash bardh\u00eb dhe zi n\u00eb filxhan dhe pjat\u00eb, nd\u00ebrsa ka prezenc\u00eb t\u00eb ngjyr\u00ebs s\u00eb art\u00eb n\u00eb veg\u00ebz. Shijoni koh\u00ebn tuaj me stil.<\/p>\n<p style=\"text-align: left;\"><strong>Dimensioni \/ Kompozicioni:<\/strong> 220 mll; Seti ka 12 pjes\u00eb: 6x filxhan\u00eb, 6x pjat\u00ebza<\/p>\n<p style=\"text-align: left;\"><strong>NGJYRA:<\/strong> Me dizajn<\/p>\n<p style=\"text-align: left;\"><strong>MATERIALI:<\/strong> Porcelan<\/p>\n<p style=\"text-align: left;\"><strong>UDH\u00cbZIMET E P\u00cbRDORIMIT:<\/strong> T\u00eb pastrohet me dor\u00eb<\/p>\n<p style=\"text-align: left;\"><strong>KUSHTET E KTHIMIT \/ GARANCION:<\/strong> P\u00ebr k\u00ebt\u00eb produkt pranohet reklamacion brenda 24 or\u00ebve pasi t\u00eb pranoni porosin\u00eb.<\/p>\n<p><span style=\"color: #ffffff;\">3907489381906 <\/span><\/p>\n","protected":false},"featured_media":77147,"template":"","meta":[],"product_brand":[],"product_cat":[127,136,125],"product_tag":[],"class_list":{"0":"post-77143","1":"product","2":"type-product","3":"status-publish","4":"has-post-thumbnail","6":"product_cat-caj","7":"product_cat-tryeze","8":"product_cat-kuzhine","10":"first","11":"outofstock","12":"sale","13":"shipping-taxable","14":"purchasable","15":"product-type-simple","16":"layout-style-1","17":"col-md-4 col-sm-4 col-xs-6","18":"col-lg-2","19":"product-has-gallery","20":"product-style-default"},"yoast_head":"<!-- This site is optimized with the Yoast SEO Premium plugin v18.2.1 (Yoast SEO v22.5) - https:\/\/yoast.com\/wordpress\/plugins\/seo\/ -->\n<title>Set filxhan\u00ebsh \u00e7aji Monochrome Stripes - Comodita Home<\/title>\n<meta name=\"description\" content=\"Seti i filxhan\u00ebve t\u00eb \u00e7ajit Corinthian, vjen me nj\u00eb dizajn tejet artistik dhe antik, t\u00eb konturuar me detaje speciale t\u00eb filxhanit q\u00eb kombinohet...\" \/>\n<meta name=\"robots\" content=\"index, follow, max-snippet:-1, max-image-preview:large, max-video-preview:-1\" \/>\n<link rel=\"canonical\" href=\"https:\/\/www.comoditahome.com\/ks\/produkt\/set-filxhanesh-caji-monochrome-stripes\/\" \/>\n<meta property=\"og:locale\" content=\"sq_AL\" \/>\n<meta property=\"og:type\" content=\"article\" \/>\n<meta property=\"og:title\" content=\"Set filxhan\u00ebsh \u00e7aji Monochrome Stripes\" \/>\n<meta property=\"og:description\" content=\"Seti i filxhan\u00ebve t\u00eb \u00e7ajit Corinthian, vjen me nj\u00eb dizajn tejet artistik dhe antik, t\u00eb konturuar me detaje speciale t\u00eb filxhanit q\u00eb kombinohet...\" \/>\n<meta property=\"og:url\" content=\"https:\/\/www.comoditahome.com\/ks\/produkt\/set-filxhanesh-caji-monochrome-stripes\/\" \/>\n<meta property=\"og:site_name\" content=\"Comodita Home\" \/>\n<meta property=\"article:publisher\" content=\"https:\/\/www.facebook.com\/comoditahome\/\" \/>\n<meta property=\"article:modified_time\" content=\"2026-04-24T07:20:14+00:00\" \/>\n<meta property=\"og:image\" content=\"https:\/\/www.comoditahome.com\/ks\/wp-content\/uploads\/2023\/11\/3907489381906-1.jpg\" \/>\n\t<meta property=\"og:image:width\" content=\"1200\" \/>\n\t<meta property=\"og:image:height\" content=\"1300\" \/>\n\t<meta property=\"og:image:type\" content=\"image\/jpeg\" \/>\n<meta name=\"twitter:card\" content=\"summary_large_image\" \/>\n<script type=\"application\/ld+json\" class=\"yoast-schema-graph\">{\"@context\":\"https:\/\/schema.org\",\"@graph\":[{\"@type\":\"WebPage\",\"@id\":\"https:\/\/www.comoditahome.com\/ks\/produkt\/set-filxhanesh-caji-monochrome-stripes\/\",\"url\":\"https:\/\/www.comoditahome.com\/ks\/produkt\/set-filxhanesh-caji-monochrome-stripes\/\",\"name\":\"Set filxhan\u00ebsh \u00e7aji Monochrome Stripes - Comodita Home\",\"isPartOf\":{\"@id\":\"https:\/\/www.comoditahome.com\/ks\/#website\"},\"primaryImageOfPage\":{\"@id\":\"https:\/\/www.comoditahome.com\/ks\/produkt\/set-filxhanesh-caji-monochrome-stripes\/#primaryimage\"},\"image\":{\"@id\":\"https:\/\/www.comoditahome.com\/ks\/produkt\/set-filxhanesh-caji-monochrome-stripes\/#primaryimage\"},\"thumbnailUrl\":\"https:\/\/www.comoditahome.com\/ks\/wp-content\/uploads\/2023\/11\/3907489381906-1.jpg\",\"datePublished\":\"2023-11-02T13:49:12+00:00\",\"dateModified\":\"2026-04-24T07:20:14+00:00\",\"description\":\"Seti i filxhan\u00ebve t\u00eb \u00e7ajit Corinthian, vjen me nj\u00eb dizajn tejet artistik dhe antik, t\u00eb konturuar me detaje speciale t\u00eb filxhanit q\u00eb kombinohet...\",\"breadcrumb\":{\"@id\":\"https:\/\/www.comoditahome.com\/ks\/produkt\/set-filxhanesh-caji-monochrome-stripes\/#breadcrumb\"},\"inLanguage\":\"sq\",\"potentialAction\":[{\"@type\":\"ReadAction\",\"target\":[\"https:\/\/www.comoditahome.com\/ks\/produkt\/set-filxhanesh-caji-monochrome-stripes\/\"]}]},{\"@type\":\"ImageObject\",\"inLanguage\":\"sq\",\"@id\":\"https:\/\/www.comoditahome.com\/ks\/produkt\/set-filxhanesh-caji-monochrome-stripes\/#primaryimage\",\"url\":\"https:\/\/www.comoditahome.com\/ks\/wp-content\/uploads\/2023\/11\/3907489381906-1.jpg\",\"contentUrl\":\"https:\/\/www.comoditahome.com\/ks\/wp-content\/uploads\/2023\/11\/3907489381906-1.jpg\",\"width\":1200,\"height\":1300},{\"@type\":\"BreadcrumbList\",\"@id\":\"https:\/\/www.comoditahome.com\/ks\/produkt\/set-filxhanesh-caji-monochrome-stripes\/#breadcrumb\",\"itemListElement\":[{\"@type\":\"ListItem\",\"position\":1,\"name\":\"Comodita Home Kosova - Dyshek Mattress\",\"item\":\"https:\/\/www.comoditahome.com\/ks\/\"},{\"@type\":\"ListItem\",\"position\":2,\"name\":\"Shop\",\"item\":\"https:\/\/www.comoditahome.com\/ks\/shop\/\"},{\"@type\":\"ListItem\",\"position\":3,\"name\":\"Set filxhan\u00ebsh \u00e7aji Monochrome Stripes\"}]},{\"@type\":\"WebSite\",\"@id\":\"https:\/\/www.comoditahome.com\/ks\/#website\",\"url\":\"https:\/\/www.comoditahome.com\/ks\/\",\"name\":\"Comodita Home\",\"description\":\"Dyshek, Jorgan, Jast\u00ebk, Kuzhine, Banjo, Kopsht dhe Aksesor\u00eb\",\"publisher\":{\"@id\":\"https:\/\/www.comoditahome.com\/ks\/#organization\"},\"potentialAction\":[{\"@type\":\"SearchAction\",\"target\":{\"@type\":\"EntryPoint\",\"urlTemplate\":\"https:\/\/www.comoditahome.com\/ks\/?s={search_term_string}\"},\"query-input\":\"required name=search_term_string\"}],\"inLanguage\":\"sq\"},{\"@type\":\"Organization\",\"@id\":\"https:\/\/www.comoditahome.com\/ks\/#organization\",\"name\":\"Comodita Home\",\"url\":\"https:\/\/www.comoditahome.com\/ks\/\",\"logo\":{\"@type\":\"ImageObject\",\"inLanguage\":\"sq\",\"@id\":\"https:\/\/www.comoditahome.com\/ks\/#\/schema\/logo\/image\/\",\"url\":\"https:\/\/www.comoditahome.com\/ks\/wp-content\/uploads\/2022\/05\/COMODITA_HOME_LOGO_KS_MK_AL-02.png\",\"contentUrl\":\"https:\/\/www.comoditahome.com\/ks\/wp-content\/uploads\/2022\/05\/COMODITA_HOME_LOGO_KS_MK_AL-02.png\",\"width\":180,\"height\":87,\"caption\":\"Comodita Home\"},\"image\":{\"@id\":\"https:\/\/www.comoditahome.com\/ks\/#\/schema\/logo\/image\/\"},\"sameAs\":[\"https:\/\/www.facebook.com\/comoditahome\/\",\"https:\/\/www.instagram.com\/comoditahome\/\",\"https:\/\/www.linkedin.com\/company\/comoditahome\/?originalSubdomain=fj\",\"https:\/\/www.youtube.com\/channel\/UC5O6IsT4JD4zaiOqmRi_Pvg\"]}]}<\/script>\n<!-- \/ Yoast SEO Premium plugin. -->","yoast_head_json":{"title":"Set filxhan\u00ebsh \u00e7aji Monochrome Stripes - Comodita Home","description":"Seti i filxhan\u00ebve t\u00eb \u00e7ajit Corinthian, vjen me nj\u00eb dizajn tejet artistik dhe antik, t\u00eb konturuar me detaje speciale t\u00eb filxhanit q\u00eb kombinohet...","robots":{"index":"index","follow":"follow","max-snippet":"max-snippet:-1","max-image-preview":"max-image-preview:large","max-video-preview":"max-video-preview:-1"},"canonical":"https:\/\/www.comoditahome.com\/ks\/produkt\/set-filxhanesh-caji-monochrome-stripes\/","og_locale":"sq_AL","og_type":"article","og_title":"Set filxhan\u00ebsh \u00e7aji Monochrome Stripes","og_description":"Seti i filxhan\u00ebve t\u00eb \u00e7ajit Corinthian, vjen me nj\u00eb dizajn tejet artistik dhe antik, t\u00eb konturuar me detaje speciale t\u00eb filxhanit q\u00eb kombinohet...","og_url":"https:\/\/www.comoditahome.com\/ks\/produkt\/set-filxhanesh-caji-monochrome-stripes\/","og_site_name":"Comodita Home","article_publisher":"https:\/\/www.facebook.com\/comoditahome\/","article_modified_time":"2026-04-24T07:20:14+00:00","og_image":[{"width":1200,"height":1300,"url":"https:\/\/www.comoditahome.com\/ks\/wp-content\/uploads\/2023\/11\/3907489381906-1.jpg","type":"image\/jpeg"}],"twitter_card":"summary_large_image","schema":{"@context":"https:\/\/schema.org","@graph":[{"@type":"WebPage","@id":"https:\/\/www.comoditahome.com\/ks\/produkt\/set-filxhanesh-caji-monochrome-stripes\/","url":"https:\/\/www.comoditahome.com\/ks\/produkt\/set-filxhanesh-caji-monochrome-stripes\/","name":"Set filxhan\u00ebsh \u00e7aji Monochrome Stripes - Comodita Home","isPartOf":{"@id":"https:\/\/www.comoditahome.com\/ks\/#website"},"primaryImageOfPage":{"@id":"https:\/\/www.comoditahome.com\/ks\/produkt\/set-filxhanesh-caji-monochrome-stripes\/#primaryimage"},"image":{"@id":"https:\/\/www.comoditahome.com\/ks\/produkt\/set-filxhanesh-caji-monochrome-stripes\/#primaryimage"},"thumbnailUrl":"https:\/\/www.comoditahome.com\/ks\/wp-content\/uploads\/2023\/11\/3907489381906-1.jpg","datePublished":"2023-11-02T13:49:12+00:00","dateModified":"2026-04-24T07:20:14+00:00","description":"Seti i filxhan\u00ebve t\u00eb \u00e7ajit Corinthian, vjen me nj\u00eb dizajn tejet artistik dhe antik, t\u00eb konturuar me detaje speciale t\u00eb filxhanit q\u00eb kombinohet...","breadcrumb":{"@id":"https:\/\/www.comoditahome.com\/ks\/produkt\/set-filxhanesh-caji-monochrome-stripes\/#breadcrumb"},"inLanguage":"sq","potentialAction":[{"@type":"ReadAction","target":["https:\/\/www.comoditahome.com\/ks\/produkt\/set-filxhanesh-caji-monochrome-stripes\/"]}]},{"@type":"ImageObject","inLanguage":"sq","@id":"https:\/\/www.comoditahome.com\/ks\/produkt\/set-filxhanesh-caji-monochrome-stripes\/#primaryimage","url":"https:\/\/www.comoditahome.com\/ks\/wp-content\/uploads\/2023\/11\/3907489381906-1.jpg","contentUrl":"https:\/\/www.comoditahome.com\/ks\/wp-content\/uploads\/2023\/11\/3907489381906-1.jpg","width":1200,"height":1300},{"@type":"BreadcrumbList","@id":"https:\/\/www.comoditahome.com\/ks\/produkt\/set-filxhanesh-caji-monochrome-stripes\/#breadcrumb","itemListElement":[{"@type":"ListItem","position":1,"name":"Comodita Home Kosova - Dyshek Mattress","item":"https:\/\/www.comoditahome.com\/ks\/"},{"@type":"ListItem","position":2,"name":"Shop","item":"https:\/\/www.comoditahome.com\/ks\/shop\/"},{"@type":"ListItem","position":3,"name":"Set filxhan\u00ebsh \u00e7aji Monochrome Stripes"}]},{"@type":"WebSite","@id":"https:\/\/www.comoditahome.com\/ks\/#website","url":"https:\/\/www.comoditahome.com\/ks\/","name":"Comodita Home","description":"Dyshek, Jorgan, Jast\u00ebk, Kuzhine, Banjo, Kopsht dhe Aksesor\u00eb","publisher":{"@id":"https:\/\/www.comoditahome.com\/ks\/#organization"},"potentialAction":[{"@type":"SearchAction","target":{"@type":"EntryPoint","urlTemplate":"https:\/\/www.comoditahome.com\/ks\/?s={search_term_string}"},"query-input":"required name=search_term_string"}],"inLanguage":"sq"},{"@type":"Organization","@id":"https:\/\/www.comoditahome.com\/ks\/#organization","name":"Comodita Home","url":"https:\/\/www.comoditahome.com\/ks\/","logo":{"@type":"ImageObject","inLanguage":"sq","@id":"https:\/\/www.comoditahome.com\/ks\/#\/schema\/logo\/image\/","url":"https:\/\/www.comoditahome.com\/ks\/wp-content\/uploads\/2022\/05\/COMODITA_HOME_LOGO_KS_MK_AL-02.png","contentUrl":"https:\/\/www.comoditahome.com\/ks\/wp-content\/uploads\/2022\/05\/COMODITA_HOME_LOGO_KS_MK_AL-02.png","width":180,"height":87,"caption":"Comodita Home"},"image":{"@id":"https:\/\/www.comoditahome.com\/ks\/#\/schema\/logo\/image\/"},"sameAs":["https:\/\/www.facebook.com\/comoditahome\/","https:\/\/www.instagram.com\/comoditahome\/","https:\/\/www.linkedin.com\/company\/comoditahome\/?originalSubdomain=fj","https:\/\/www.youtube.com\/channel\/UC5O6IsT4JD4zaiOqmRi_Pvg"]}]}},"_links":{"self":[{"href":"https:\/\/www.comoditahome.com\/ks\/wp-json\/wp\/v2\/product\/77143","targetHints":{"allow":["GET"]}}],"collection":[{"href":"https:\/\/www.comoditahome.com\/ks\/wp-json\/wp\/v2\/product"}],"about":[{"href":"https:\/\/www.comoditahome.com\/ks\/wp-json\/wp\/v2\/types\/product"}],"version-history":[{"count":1,"href":"https:\/\/www.comoditahome.com\/ks\/wp-json\/wp\/v2\/product\/77143\/revisions"}],"predecessor-version":[{"id":77148,"href":"https:\/\/www.comoditahome.com\/ks\/wp-json\/wp\/v2\/product\/77143\/revisions\/77148"}],"wp:featuredmedia":[{"embeddable":true,"href":"https:\/\/www.comoditahome.com\/ks\/wp-json\/wp\/v2\/media\/77147"}],"wp:attachment":[{"href":"https:\/\/www.comoditahome.com\/ks\/wp-json\/wp\/v2\/media?parent=77143"}],"wp:term":[{"taxonomy":"product_brand","embeddable":true,"href":"https:\/\/www.comoditahome.com\/ks\/wp-json\/wp\/v2\/product_brand?post=77143"},{"taxonomy":"product_cat","embeddable":true,"href":"https:\/\/www.comoditahome.com\/ks\/wp-json\/wp\/v2\/product_cat?post=77143"},{"taxonomy":"product_tag","embeddable":true,"href":"https:\/\/www.comoditahome.com\/ks\/wp-json\/wp\/v2\/product_tag?post=77143"}],"curies":[{"name":"wp","href":"https:\/\/api.w.org\/{rel}","templated":true}]}}