 {"id":81102,"date":"2024-01-17T14:58:45","date_gmt":"2024-01-17T13:58:45","guid":{"rendered":"https:\/\/www.comoditahome.com\/ks\/?post_type=product&#038;p=81102"},"modified":"2026-04-24T09:20:17","modified_gmt":"2026-04-24T07:20:17","slug":"set-carcafesh-per-femije-baby-beep","status":"publish","type":"product","link":"https:\/\/www.comoditahome.com\/ks\/produkt\/set-carcafesh-per-femije-baby-beep\/","title":{"rendered":"Set \u00e7ar\u00e7af\u00ebsh p\u00ebr f\u00ebmij\u00eb Baby Beep"},"content":{"rendered":"<p>Seti i \u00e7ar\u00e7af\u00ebve Baby Beep, jan\u00eb pjes\u00eb e nevojshme p\u00ebr dhom\u00ebn e f\u00ebmij\u00ebs, duke ofruar nj\u00eb ambient t\u00eb p\u00ebrshtatsh\u00ebm dhe t\u00eb sigurt p\u00ebr gjum\u00eb t\u00eb mir\u00eb.<br \/>\nK\u00ebto sete jan\u00eb projektuar me kujdes p\u00ebr t\u00eb p\u00ebrmbushur nevojat e f\u00ebmij\u00ebve dhe p\u00ebr t&#8217;u p\u00ebrshtatur me zhvillimin e tyre.<br \/>\nKy set \u00e7ar\u00e7af\u00ebsh ju mund\u00ebson ambient higjenik larg alergjive dhe bakterieve.<br \/>\nDimensioni \/ Kompozicioni:<br \/>\nSet me 5 pjes\u00eb:<br \/>\n1x k\u00ebll\u00ebf jorgani 100X150 CM, 1x \u00e7ar\u00e7af i dyshekut 120X160cm, 2x k\u00ebll\u00ebf jast\u00ebk\u00ebsh 35X45cm<\/p>\n","protected":false},"excerpt":{"rendered":"<p style=\"text-align: left\">Seti i \u00e7ar\u00e7af\u00ebve Baby Beep, jan\u00eb pjes\u00eb e nevojshme p\u00ebr dhom\u00ebn e f\u00ebmij\u00ebs, duke ofruar nj\u00eb ambient t\u00eb p\u00ebrshtatsh\u00ebm dhe t\u00eb sigurt p\u00ebr gjum\u00eb t\u00eb mir\u00eb. K\u00ebto sete jan\u00eb projektuar me kujdes p\u00ebr t\u00eb p\u00ebrmbushur nevojat e f\u00ebmij\u00ebve dhe p\u00ebr t&#8217;u p\u00ebrshtatur me zhvillimin e tyre. Ky set \u00e7ar\u00e7af\u00ebsh ju mund\u00ebson ambient higjenik larg alergjive dhe bakterieve.<br \/>\nDimensioni \/ Kompozicioni: Set me 4 pjes\u00eb: 1x k\u00ebll\u00ebf jorgani 100X150 CM, 1x \u00e7ar\u00e7af i dyshekut 120X160cm, 2x k\u00ebll\u00ebf jast\u00ebk\u00ebsh 35X45cm<br \/>\nNGJYRA: Me dizajn<br \/>\nMATERIALI: 100% Pambuk<br \/>\nUDH\u00cbZIMET E P\u00cbRDORIMIT: N\u00eb makin\u00eb lar\u00ebse 40\u00b0C<br \/>\nKUSHTET E KTHIMIT \/ GARANCION: P\u00ebr shkak t\u00eb kontaktit me higjien\u00eb personale, p\u00ebr produktet e tekstilit nuk pranohen kthime apo reklamacione.<br \/>\n<span style=\"color: #ffffff\">3907489383395 qarshaf qarshafa carshafa carshaf femije kids<\/span><\/p>\n","protected":false},"featured_media":81104,"template":"","meta":[],"product_brand":[],"product_cat":[398,117],"product_tag":[],"class_list":{"0":"post-81102","1":"product","2":"type-product","3":"status-publish","4":"has-post-thumbnail","6":"product_cat-set-carcafesh-kids","7":"product_cat-kids","9":"first","10":"outofstock","11":"sale","12":"shipping-taxable","13":"purchasable","14":"product-type-simple","15":"layout-style-1","16":"col-md-4 col-sm-4 col-xs-6","17":"col-lg-2","18":"product-has-gallery","19":"product-style-default"},"yoast_head":"<!-- This site is optimized with the Yoast SEO Premium plugin v18.2.1 (Yoast SEO v22.5) - https:\/\/yoast.com\/wordpress\/plugins\/seo\/ -->\n<title>Set \u00e7ar\u00e7af\u00ebsh p\u00ebr f\u00ebmij\u00eb Baby Beep - Comodita Home<\/title>\n<meta name=\"description\" content=\"Seti i \u00e7ar\u00e7af\u00ebve Simply Bezh, argumenton eleganc\u00ebn q\u00eb sjell nj\u00eb model pa vij\u00ebza apo pikturime, por me nj\u00eb ngjyr\u00eb t\u00eb vetme.\" \/>\n<meta name=\"robots\" content=\"index, follow, max-snippet:-1, max-image-preview:large, max-video-preview:-1\" \/>\n<link rel=\"canonical\" href=\"https:\/\/www.comoditahome.com\/ks\/produkt\/set-carcafesh-per-femije-baby-beep\/\" \/>\n<meta property=\"og:locale\" content=\"sq_AL\" \/>\n<meta property=\"og:type\" content=\"article\" \/>\n<meta property=\"og:title\" content=\"Set \u00e7ar\u00e7af\u00ebsh p\u00ebr f\u00ebmij\u00eb Baby Beep\" \/>\n<meta property=\"og:description\" content=\"Seti i \u00e7ar\u00e7af\u00ebve Simply Bezh, argumenton eleganc\u00ebn q\u00eb sjell nj\u00eb model pa vij\u00ebza apo pikturime, por me nj\u00eb ngjyr\u00eb t\u00eb vetme.\" \/>\n<meta property=\"og:url\" content=\"https:\/\/www.comoditahome.com\/ks\/produkt\/set-carcafesh-per-femije-baby-beep\/\" \/>\n<meta property=\"og:site_name\" content=\"Comodita Home\" \/>\n<meta property=\"article:publisher\" content=\"https:\/\/www.facebook.com\/comoditahome\/\" \/>\n<meta property=\"article:modified_time\" content=\"2026-04-24T07:20:17+00:00\" \/>\n<meta property=\"og:image\" content=\"https:\/\/www.comoditahome.com\/ks\/wp-content\/uploads\/2024\/01\/3907489383395-1.jpg\" \/>\n\t<meta property=\"og:image:width\" content=\"1200\" \/>\n\t<meta property=\"og:image:height\" content=\"1300\" \/>\n\t<meta property=\"og:image:type\" content=\"image\/jpeg\" \/>\n<meta name=\"twitter:card\" content=\"summary_large_image\" \/>\n<meta name=\"twitter:label1\" content=\"Est. reading time\" \/>\n\t<meta name=\"twitter:data1\" content=\"1 minut\u00eb\" \/>\n<script type=\"application\/ld+json\" class=\"yoast-schema-graph\">{\"@context\":\"https:\/\/schema.org\",\"@graph\":[{\"@type\":\"WebPage\",\"@id\":\"https:\/\/www.comoditahome.com\/ks\/produkt\/set-carcafesh-per-femije-baby-beep\/\",\"url\":\"https:\/\/www.comoditahome.com\/ks\/produkt\/set-carcafesh-per-femije-baby-beep\/\",\"name\":\"Set \u00e7ar\u00e7af\u00ebsh p\u00ebr f\u00ebmij\u00eb Baby Beep - Comodita Home\",\"isPartOf\":{\"@id\":\"https:\/\/www.comoditahome.com\/ks\/#website\"},\"primaryImageOfPage\":{\"@id\":\"https:\/\/www.comoditahome.com\/ks\/produkt\/set-carcafesh-per-femije-baby-beep\/#primaryimage\"},\"image\":{\"@id\":\"https:\/\/www.comoditahome.com\/ks\/produkt\/set-carcafesh-per-femije-baby-beep\/#primaryimage\"},\"thumbnailUrl\":\"https:\/\/www.comoditahome.com\/ks\/wp-content\/uploads\/2024\/01\/3907489383395-1.jpg\",\"datePublished\":\"2024-01-17T13:58:45+00:00\",\"dateModified\":\"2026-04-24T07:20:17+00:00\",\"description\":\"Seti i \u00e7ar\u00e7af\u00ebve Simply Bezh, argumenton eleganc\u00ebn q\u00eb sjell nj\u00eb model pa vij\u00ebza apo pikturime, por me nj\u00eb ngjyr\u00eb t\u00eb vetme.\",\"breadcrumb\":{\"@id\":\"https:\/\/www.comoditahome.com\/ks\/produkt\/set-carcafesh-per-femije-baby-beep\/#breadcrumb\"},\"inLanguage\":\"sq\",\"potentialAction\":[{\"@type\":\"ReadAction\",\"target\":[\"https:\/\/www.comoditahome.com\/ks\/produkt\/set-carcafesh-per-femije-baby-beep\/\"]}]},{\"@type\":\"ImageObject\",\"inLanguage\":\"sq\",\"@id\":\"https:\/\/www.comoditahome.com\/ks\/produkt\/set-carcafesh-per-femije-baby-beep\/#primaryimage\",\"url\":\"https:\/\/www.comoditahome.com\/ks\/wp-content\/uploads\/2024\/01\/3907489383395-1.jpg\",\"contentUrl\":\"https:\/\/www.comoditahome.com\/ks\/wp-content\/uploads\/2024\/01\/3907489383395-1.jpg\",\"width\":1200,\"height\":1300},{\"@type\":\"BreadcrumbList\",\"@id\":\"https:\/\/www.comoditahome.com\/ks\/produkt\/set-carcafesh-per-femije-baby-beep\/#breadcrumb\",\"itemListElement\":[{\"@type\":\"ListItem\",\"position\":1,\"name\":\"Comodita Home Kosova - Dyshek Mattress\",\"item\":\"https:\/\/www.comoditahome.com\/ks\/\"},{\"@type\":\"ListItem\",\"position\":2,\"name\":\"Shop\",\"item\":\"https:\/\/www.comoditahome.com\/ks\/shop\/\"},{\"@type\":\"ListItem\",\"position\":3,\"name\":\"Set \u00e7ar\u00e7af\u00ebsh p\u00ebr f\u00ebmij\u00eb Baby Beep\"}]},{\"@type\":\"WebSite\",\"@id\":\"https:\/\/www.comoditahome.com\/ks\/#website\",\"url\":\"https:\/\/www.comoditahome.com\/ks\/\",\"name\":\"Comodita Home\",\"description\":\"Dyshek, Jorgan, Jast\u00ebk, Kuzhine, Banjo, Kopsht dhe Aksesor\u00eb\",\"publisher\":{\"@id\":\"https:\/\/www.comoditahome.com\/ks\/#organization\"},\"potentialAction\":[{\"@type\":\"SearchAction\",\"target\":{\"@type\":\"EntryPoint\",\"urlTemplate\":\"https:\/\/www.comoditahome.com\/ks\/?s={search_term_string}\"},\"query-input\":\"required name=search_term_string\"}],\"inLanguage\":\"sq\"},{\"@type\":\"Organization\",\"@id\":\"https:\/\/www.comoditahome.com\/ks\/#organization\",\"name\":\"Comodita Home\",\"url\":\"https:\/\/www.comoditahome.com\/ks\/\",\"logo\":{\"@type\":\"ImageObject\",\"inLanguage\":\"sq\",\"@id\":\"https:\/\/www.comoditahome.com\/ks\/#\/schema\/logo\/image\/\",\"url\":\"https:\/\/www.comoditahome.com\/ks\/wp-content\/uploads\/2022\/05\/COMODITA_HOME_LOGO_KS_MK_AL-02.png\",\"contentUrl\":\"https:\/\/www.comoditahome.com\/ks\/wp-content\/uploads\/2022\/05\/COMODITA_HOME_LOGO_KS_MK_AL-02.png\",\"width\":180,\"height\":87,\"caption\":\"Comodita Home\"},\"image\":{\"@id\":\"https:\/\/www.comoditahome.com\/ks\/#\/schema\/logo\/image\/\"},\"sameAs\":[\"https:\/\/www.facebook.com\/comoditahome\/\",\"https:\/\/www.instagram.com\/comoditahome\/\",\"https:\/\/www.linkedin.com\/company\/comoditahome\/?originalSubdomain=fj\",\"https:\/\/www.youtube.com\/channel\/UC5O6IsT4JD4zaiOqmRi_Pvg\"]}]}<\/script>\n<!-- \/ Yoast SEO Premium plugin. -->","yoast_head_json":{"title":"Set \u00e7ar\u00e7af\u00ebsh p\u00ebr f\u00ebmij\u00eb Baby Beep - Comodita Home","description":"Seti i \u00e7ar\u00e7af\u00ebve Simply Bezh, argumenton eleganc\u00ebn q\u00eb sjell nj\u00eb model pa vij\u00ebza apo pikturime, por me nj\u00eb ngjyr\u00eb t\u00eb vetme.","robots":{"index":"index","follow":"follow","max-snippet":"max-snippet:-1","max-image-preview":"max-image-preview:large","max-video-preview":"max-video-preview:-1"},"canonical":"https:\/\/www.comoditahome.com\/ks\/produkt\/set-carcafesh-per-femije-baby-beep\/","og_locale":"sq_AL","og_type":"article","og_title":"Set \u00e7ar\u00e7af\u00ebsh p\u00ebr f\u00ebmij\u00eb Baby Beep","og_description":"Seti i \u00e7ar\u00e7af\u00ebve Simply Bezh, argumenton eleganc\u00ebn q\u00eb sjell nj\u00eb model pa vij\u00ebza apo pikturime, por me nj\u00eb ngjyr\u00eb t\u00eb vetme.","og_url":"https:\/\/www.comoditahome.com\/ks\/produkt\/set-carcafesh-per-femije-baby-beep\/","og_site_name":"Comodita Home","article_publisher":"https:\/\/www.facebook.com\/comoditahome\/","article_modified_time":"2026-04-24T07:20:17+00:00","og_image":[{"width":1200,"height":1300,"url":"https:\/\/www.comoditahome.com\/ks\/wp-content\/uploads\/2024\/01\/3907489383395-1.jpg","type":"image\/jpeg"}],"twitter_card":"summary_large_image","twitter_misc":{"Est. reading time":"1 minut\u00eb"},"schema":{"@context":"https:\/\/schema.org","@graph":[{"@type":"WebPage","@id":"https:\/\/www.comoditahome.com\/ks\/produkt\/set-carcafesh-per-femije-baby-beep\/","url":"https:\/\/www.comoditahome.com\/ks\/produkt\/set-carcafesh-per-femije-baby-beep\/","name":"Set \u00e7ar\u00e7af\u00ebsh p\u00ebr f\u00ebmij\u00eb Baby Beep - Comodita Home","isPartOf":{"@id":"https:\/\/www.comoditahome.com\/ks\/#website"},"primaryImageOfPage":{"@id":"https:\/\/www.comoditahome.com\/ks\/produkt\/set-carcafesh-per-femije-baby-beep\/#primaryimage"},"image":{"@id":"https:\/\/www.comoditahome.com\/ks\/produkt\/set-carcafesh-per-femije-baby-beep\/#primaryimage"},"thumbnailUrl":"https:\/\/www.comoditahome.com\/ks\/wp-content\/uploads\/2024\/01\/3907489383395-1.jpg","datePublished":"2024-01-17T13:58:45+00:00","dateModified":"2026-04-24T07:20:17+00:00","description":"Seti i \u00e7ar\u00e7af\u00ebve Simply Bezh, argumenton eleganc\u00ebn q\u00eb sjell nj\u00eb model pa vij\u00ebza apo pikturime, por me nj\u00eb ngjyr\u00eb t\u00eb vetme.","breadcrumb":{"@id":"https:\/\/www.comoditahome.com\/ks\/produkt\/set-carcafesh-per-femije-baby-beep\/#breadcrumb"},"inLanguage":"sq","potentialAction":[{"@type":"ReadAction","target":["https:\/\/www.comoditahome.com\/ks\/produkt\/set-carcafesh-per-femije-baby-beep\/"]}]},{"@type":"ImageObject","inLanguage":"sq","@id":"https:\/\/www.comoditahome.com\/ks\/produkt\/set-carcafesh-per-femije-baby-beep\/#primaryimage","url":"https:\/\/www.comoditahome.com\/ks\/wp-content\/uploads\/2024\/01\/3907489383395-1.jpg","contentUrl":"https:\/\/www.comoditahome.com\/ks\/wp-content\/uploads\/2024\/01\/3907489383395-1.jpg","width":1200,"height":1300},{"@type":"BreadcrumbList","@id":"https:\/\/www.comoditahome.com\/ks\/produkt\/set-carcafesh-per-femije-baby-beep\/#breadcrumb","itemListElement":[{"@type":"ListItem","position":1,"name":"Comodita Home Kosova - Dyshek Mattress","item":"https:\/\/www.comoditahome.com\/ks\/"},{"@type":"ListItem","position":2,"name":"Shop","item":"https:\/\/www.comoditahome.com\/ks\/shop\/"},{"@type":"ListItem","position":3,"name":"Set \u00e7ar\u00e7af\u00ebsh p\u00ebr f\u00ebmij\u00eb Baby Beep"}]},{"@type":"WebSite","@id":"https:\/\/www.comoditahome.com\/ks\/#website","url":"https:\/\/www.comoditahome.com\/ks\/","name":"Comodita Home","description":"Dyshek, Jorgan, Jast\u00ebk, Kuzhine, Banjo, Kopsht dhe Aksesor\u00eb","publisher":{"@id":"https:\/\/www.comoditahome.com\/ks\/#organization"},"potentialAction":[{"@type":"SearchAction","target":{"@type":"EntryPoint","urlTemplate":"https:\/\/www.comoditahome.com\/ks\/?s={search_term_string}"},"query-input":"required name=search_term_string"}],"inLanguage":"sq"},{"@type":"Organization","@id":"https:\/\/www.comoditahome.com\/ks\/#organization","name":"Comodita Home","url":"https:\/\/www.comoditahome.com\/ks\/","logo":{"@type":"ImageObject","inLanguage":"sq","@id":"https:\/\/www.comoditahome.com\/ks\/#\/schema\/logo\/image\/","url":"https:\/\/www.comoditahome.com\/ks\/wp-content\/uploads\/2022\/05\/COMODITA_HOME_LOGO_KS_MK_AL-02.png","contentUrl":"https:\/\/www.comoditahome.com\/ks\/wp-content\/uploads\/2022\/05\/COMODITA_HOME_LOGO_KS_MK_AL-02.png","width":180,"height":87,"caption":"Comodita Home"},"image":{"@id":"https:\/\/www.comoditahome.com\/ks\/#\/schema\/logo\/image\/"},"sameAs":["https:\/\/www.facebook.com\/comoditahome\/","https:\/\/www.instagram.com\/comoditahome\/","https:\/\/www.linkedin.com\/company\/comoditahome\/?originalSubdomain=fj","https:\/\/www.youtube.com\/channel\/UC5O6IsT4JD4zaiOqmRi_Pvg"]}]}},"_links":{"self":[{"href":"https:\/\/www.comoditahome.com\/ks\/wp-json\/wp\/v2\/product\/81102","targetHints":{"allow":["GET"]}}],"collection":[{"href":"https:\/\/www.comoditahome.com\/ks\/wp-json\/wp\/v2\/product"}],"about":[{"href":"https:\/\/www.comoditahome.com\/ks\/wp-json\/wp\/v2\/types\/product"}],"version-history":[{"count":2,"href":"https:\/\/www.comoditahome.com\/ks\/wp-json\/wp\/v2\/product\/81102\/revisions"}],"predecessor-version":[{"id":98300,"href":"https:\/\/www.comoditahome.com\/ks\/wp-json\/wp\/v2\/product\/81102\/revisions\/98300"}],"wp:featuredmedia":[{"embeddable":true,"href":"https:\/\/www.comoditahome.com\/ks\/wp-json\/wp\/v2\/media\/81104"}],"wp:attachment":[{"href":"https:\/\/www.comoditahome.com\/ks\/wp-json\/wp\/v2\/media?parent=81102"}],"wp:term":[{"taxonomy":"product_brand","embeddable":true,"href":"https:\/\/www.comoditahome.com\/ks\/wp-json\/wp\/v2\/product_brand?post=81102"},{"taxonomy":"product_cat","embeddable":true,"href":"https:\/\/www.comoditahome.com\/ks\/wp-json\/wp\/v2\/product_cat?post=81102"},{"taxonomy":"product_tag","embeddable":true,"href":"https:\/\/www.comoditahome.com\/ks\/wp-json\/wp\/v2\/product_tag?post=81102"}],"curies":[{"name":"wp","href":"https:\/\/api.w.org\/{rel}","templated":true}]}}