 {"id":82177,"date":"2024-02-13T16:51:40","date_gmt":"2024-02-13T15:51:40","guid":{"rendered":"https:\/\/www.comoditahome.com\/ks\/?post_type=product&#038;p=82177"},"modified":"2026-04-24T09:20:19","modified_gmt":"2026-04-24T07:20:19","slug":"carcafe-te-fiksuar-120x200cm","status":"publish","type":"product","link":"https:\/\/www.comoditahome.com\/ks\/produkt\/carcafe-te-fiksuar-120x200cm\/","title":{"rendered":"\u00c7ar\u00e7af\u00eb t\u00eb fiksuar 120x200cm"},"content":{"rendered":"<p>\u00c7ar\u00e7af\u00ebt e fiksuar me p\u00ebrmbajtje pambuku t\u00eb cil\u00ebsis\u00eb s\u00eb lart\u00eb ju mund\u00ebsojn\u00eb t\u00eb mbroni dyshekun tuaj. Me last\u00ebkut q\u00eb kan\u00eb t\u00eb qepur n\u00eb cepe, mb\u00ebshtjellen p\u00ebrmbi dyshekun tuaj duke krijuar nj\u00eb sip\u00ebrfaqe krejt\u00ebsisht t\u00eb rrafsh\u00ebt. Jan\u00eb 100% Pambuk dhe vijn\u00eb n\u00eb ngjyra t\u00eb bukura pastele, p\u00ebr t&#8217;u kombinuar me setet e \u00e7ar\u00e7af\u00ebve leht\u00ebsisht.<\/p>\n","protected":false},"excerpt":{"rendered":"<p style=\"text-align: left;\">\u00c7ar\u00e7af\u00ebt e fiksuar me p\u00ebrmbajtje pambuku t\u00eb cil\u00ebsis\u00eb s\u00eb lart\u00eb ju mund\u00ebsojn\u00eb t\u00eb mbroni dyshekun tuaj. Me last\u00ebkut q\u00eb kan\u00eb t\u00eb qepur n\u00eb cepe, mb\u00ebshtjellen p\u00ebrmbi dyshekun tuaj duke krijuar nj\u00eb sip\u00ebrfaqe krejt\u00ebsisht t\u00eb rrafsh\u00ebt. Jan\u00eb 100% Pambuk dhe vijn\u00eb n\u00eb ngjyra t\u00eb bukura pastele, p\u00ebr t&#8217;u kombinuar me setet e \u00e7ar\u00e7af\u00ebve leht\u00ebsisht.<br \/>\nDimensioni \/ Kompozicioni: 120x200cm<br \/>\nNGJYRA: Bardh\u00eb, Bezh\u00eb, Blu e hapur, Gri, Kafe e leht\u00eb, Pluhur<br \/>\nMATERIALI: 100% Pambuk<br \/>\nUDH\u00cbZIMET E P\u00cbRDORIMIT: N\u00eb makin\u00eb lar\u00ebse 40\u00b0C<br \/>\nKUSHTET E KTHIMIT \/ GARANCION: P\u00ebr shkak t\u00eb kontaktit me higjien\u00eb personale, p\u00ebr produktet e tekstilit nuk pranohen kthime apo reklamacione.<br \/>\n<span style=\"color: #ffffff;\">5310233002067, 5310233001640, 5310233001701, 5310233001589, 5310233001886, 5310233001527<\/span><\/p>\n","protected":false},"featured_media":82198,"template":"","meta":[],"product_brand":[],"product_cat":[116,104],"product_tag":[],"class_list":{"0":"post-82177","1":"product","2":"type-product","3":"status-publish","4":"has-post-thumbnail","6":"product_cat-set-carcafesh","7":"product_cat-gjumi","9":"first","10":"instock","11":"sale","12":"shipping-taxable","13":"purchasable","14":"product-type-variable","15":"layout-style-1","16":"col-md-4 col-sm-4 col-xs-6","17":"col-lg-2","18":"product-has-gallery","19":"product-style-default"},"yoast_head":"<!-- This site is optimized with the Yoast SEO Premium plugin v18.2.1 (Yoast SEO v22.5) - https:\/\/yoast.com\/wordpress\/plugins\/seo\/ -->\n<title>\u00c7ar\u00e7af\u00eb t\u00eb fiksuar 120x200cm - Comodita Home<\/title>\n<meta name=\"description\" content=\"\u00c7ar\u00e7af\u00ebt e fiksuar me p\u00ebrmbajtje pambuku t\u00eb cil\u00ebsis\u00eb s\u00eb lart\u00eb ju mund\u00ebsojn\u00eb t\u00eb mbroni dyshekun tuaj. Me last\u00ebkut q\u00eb kan\u00eb t\u00eb qepur n\u00eb cepe\" \/>\n<meta name=\"robots\" content=\"index, follow, max-snippet:-1, max-image-preview:large, max-video-preview:-1\" \/>\n<link rel=\"canonical\" href=\"https:\/\/www.comoditahome.com\/ks\/produkt\/carcafe-te-fiksuar-120x200cm\/\" \/>\n<meta property=\"og:locale\" content=\"sq_AL\" \/>\n<meta property=\"og:type\" content=\"article\" \/>\n<meta property=\"og:title\" content=\"\u00c7ar\u00e7af\u00eb t\u00eb fiksuar 120x200cm\" \/>\n<meta property=\"og:description\" content=\"\u00c7ar\u00e7af\u00ebt e fiksuar me p\u00ebrmbajtje pambuku t\u00eb cil\u00ebsis\u00eb s\u00eb lart\u00eb ju mund\u00ebsojn\u00eb t\u00eb mbroni dyshekun tuaj. Me last\u00ebkut q\u00eb kan\u00eb t\u00eb qepur n\u00eb cepe\" \/>\n<meta property=\"og:url\" content=\"https:\/\/www.comoditahome.com\/ks\/produkt\/carcafe-te-fiksuar-120x200cm\/\" \/>\n<meta property=\"og:site_name\" content=\"Comodita Home\" \/>\n<meta property=\"article:publisher\" content=\"https:\/\/www.facebook.com\/comoditahome\/\" \/>\n<meta property=\"article:modified_time\" content=\"2026-04-24T07:20:19+00:00\" \/>\n<meta property=\"og:image\" content=\"https:\/\/www.comoditahome.com\/ks\/wp-content\/uploads\/2024\/02\/Carcafe-te-fiksuar-5.jpg\" \/>\n\t<meta property=\"og:image:width\" content=\"1200\" \/>\n\t<meta property=\"og:image:height\" content=\"1300\" \/>\n\t<meta property=\"og:image:type\" content=\"image\/jpeg\" \/>\n<meta name=\"twitter:card\" content=\"summary_large_image\" \/>\n<meta name=\"twitter:label1\" content=\"Est. reading time\" \/>\n\t<meta name=\"twitter:data1\" content=\"1 minut\u00eb\" \/>\n<script type=\"application\/ld+json\" class=\"yoast-schema-graph\">{\"@context\":\"https:\/\/schema.org\",\"@graph\":[{\"@type\":\"WebPage\",\"@id\":\"https:\/\/www.comoditahome.com\/ks\/produkt\/carcafe-te-fiksuar-120x200cm\/\",\"url\":\"https:\/\/www.comoditahome.com\/ks\/produkt\/carcafe-te-fiksuar-120x200cm\/\",\"name\":\"\u00c7ar\u00e7af\u00eb t\u00eb fiksuar 120x200cm - Comodita Home\",\"isPartOf\":{\"@id\":\"https:\/\/www.comoditahome.com\/ks\/#website\"},\"primaryImageOfPage\":{\"@id\":\"https:\/\/www.comoditahome.com\/ks\/produkt\/carcafe-te-fiksuar-120x200cm\/#primaryimage\"},\"image\":{\"@id\":\"https:\/\/www.comoditahome.com\/ks\/produkt\/carcafe-te-fiksuar-120x200cm\/#primaryimage\"},\"thumbnailUrl\":\"https:\/\/www.comoditahome.com\/ks\/wp-content\/uploads\/2024\/02\/Carcafe-te-fiksuar-5.jpg\",\"datePublished\":\"2024-02-13T15:51:40+00:00\",\"dateModified\":\"2026-04-24T07:20:19+00:00\",\"description\":\"\u00c7ar\u00e7af\u00ebt e fiksuar me p\u00ebrmbajtje pambuku t\u00eb cil\u00ebsis\u00eb s\u00eb lart\u00eb ju mund\u00ebsojn\u00eb t\u00eb mbroni dyshekun tuaj. Me last\u00ebkut q\u00eb kan\u00eb t\u00eb qepur n\u00eb cepe\",\"breadcrumb\":{\"@id\":\"https:\/\/www.comoditahome.com\/ks\/produkt\/carcafe-te-fiksuar-120x200cm\/#breadcrumb\"},\"inLanguage\":\"sq\",\"potentialAction\":[{\"@type\":\"ReadAction\",\"target\":[\"https:\/\/www.comoditahome.com\/ks\/produkt\/carcafe-te-fiksuar-120x200cm\/\"]}]},{\"@type\":\"ImageObject\",\"inLanguage\":\"sq\",\"@id\":\"https:\/\/www.comoditahome.com\/ks\/produkt\/carcafe-te-fiksuar-120x200cm\/#primaryimage\",\"url\":\"https:\/\/www.comoditahome.com\/ks\/wp-content\/uploads\/2024\/02\/Carcafe-te-fiksuar-5.jpg\",\"contentUrl\":\"https:\/\/www.comoditahome.com\/ks\/wp-content\/uploads\/2024\/02\/Carcafe-te-fiksuar-5.jpg\",\"width\":1200,\"height\":1300},{\"@type\":\"BreadcrumbList\",\"@id\":\"https:\/\/www.comoditahome.com\/ks\/produkt\/carcafe-te-fiksuar-120x200cm\/#breadcrumb\",\"itemListElement\":[{\"@type\":\"ListItem\",\"position\":1,\"name\":\"Comodita Home Kosova - Dyshek Mattress\",\"item\":\"https:\/\/www.comoditahome.com\/ks\/\"},{\"@type\":\"ListItem\",\"position\":2,\"name\":\"Shop\",\"item\":\"https:\/\/www.comoditahome.com\/ks\/shop\/\"},{\"@type\":\"ListItem\",\"position\":3,\"name\":\"\u00c7ar\u00e7af\u00eb t\u00eb fiksuar 120x200cm\"}]},{\"@type\":\"WebSite\",\"@id\":\"https:\/\/www.comoditahome.com\/ks\/#website\",\"url\":\"https:\/\/www.comoditahome.com\/ks\/\",\"name\":\"Comodita Home\",\"description\":\"Dyshek, Jorgan, Jast\u00ebk, Kuzhine, Banjo, Kopsht dhe Aksesor\u00eb\",\"publisher\":{\"@id\":\"https:\/\/www.comoditahome.com\/ks\/#organization\"},\"potentialAction\":[{\"@type\":\"SearchAction\",\"target\":{\"@type\":\"EntryPoint\",\"urlTemplate\":\"https:\/\/www.comoditahome.com\/ks\/?s={search_term_string}\"},\"query-input\":\"required name=search_term_string\"}],\"inLanguage\":\"sq\"},{\"@type\":\"Organization\",\"@id\":\"https:\/\/www.comoditahome.com\/ks\/#organization\",\"name\":\"Comodita Home\",\"url\":\"https:\/\/www.comoditahome.com\/ks\/\",\"logo\":{\"@type\":\"ImageObject\",\"inLanguage\":\"sq\",\"@id\":\"https:\/\/www.comoditahome.com\/ks\/#\/schema\/logo\/image\/\",\"url\":\"https:\/\/www.comoditahome.com\/ks\/wp-content\/uploads\/2022\/05\/COMODITA_HOME_LOGO_KS_MK_AL-02.png\",\"contentUrl\":\"https:\/\/www.comoditahome.com\/ks\/wp-content\/uploads\/2022\/05\/COMODITA_HOME_LOGO_KS_MK_AL-02.png\",\"width\":180,\"height\":87,\"caption\":\"Comodita Home\"},\"image\":{\"@id\":\"https:\/\/www.comoditahome.com\/ks\/#\/schema\/logo\/image\/\"},\"sameAs\":[\"https:\/\/www.facebook.com\/comoditahome\/\",\"https:\/\/www.instagram.com\/comoditahome\/\",\"https:\/\/www.linkedin.com\/company\/comoditahome\/?originalSubdomain=fj\",\"https:\/\/www.youtube.com\/channel\/UC5O6IsT4JD4zaiOqmRi_Pvg\"]}]}<\/script>\n<!-- \/ Yoast SEO Premium plugin. -->","yoast_head_json":{"title":"\u00c7ar\u00e7af\u00eb t\u00eb fiksuar 120x200cm - Comodita Home","description":"\u00c7ar\u00e7af\u00ebt e fiksuar me p\u00ebrmbajtje pambuku t\u00eb cil\u00ebsis\u00eb s\u00eb lart\u00eb ju mund\u00ebsojn\u00eb t\u00eb mbroni dyshekun tuaj. Me last\u00ebkut q\u00eb kan\u00eb t\u00eb qepur n\u00eb cepe","robots":{"index":"index","follow":"follow","max-snippet":"max-snippet:-1","max-image-preview":"max-image-preview:large","max-video-preview":"max-video-preview:-1"},"canonical":"https:\/\/www.comoditahome.com\/ks\/produkt\/carcafe-te-fiksuar-120x200cm\/","og_locale":"sq_AL","og_type":"article","og_title":"\u00c7ar\u00e7af\u00eb t\u00eb fiksuar 120x200cm","og_description":"\u00c7ar\u00e7af\u00ebt e fiksuar me p\u00ebrmbajtje pambuku t\u00eb cil\u00ebsis\u00eb s\u00eb lart\u00eb ju mund\u00ebsojn\u00eb t\u00eb mbroni dyshekun tuaj. Me last\u00ebkut q\u00eb kan\u00eb t\u00eb qepur n\u00eb cepe","og_url":"https:\/\/www.comoditahome.com\/ks\/produkt\/carcafe-te-fiksuar-120x200cm\/","og_site_name":"Comodita Home","article_publisher":"https:\/\/www.facebook.com\/comoditahome\/","article_modified_time":"2026-04-24T07:20:19+00:00","og_image":[{"width":1200,"height":1300,"url":"https:\/\/www.comoditahome.com\/ks\/wp-content\/uploads\/2024\/02\/Carcafe-te-fiksuar-5.jpg","type":"image\/jpeg"}],"twitter_card":"summary_large_image","twitter_misc":{"Est. reading time":"1 minut\u00eb"},"schema":{"@context":"https:\/\/schema.org","@graph":[{"@type":"WebPage","@id":"https:\/\/www.comoditahome.com\/ks\/produkt\/carcafe-te-fiksuar-120x200cm\/","url":"https:\/\/www.comoditahome.com\/ks\/produkt\/carcafe-te-fiksuar-120x200cm\/","name":"\u00c7ar\u00e7af\u00eb t\u00eb fiksuar 120x200cm - Comodita Home","isPartOf":{"@id":"https:\/\/www.comoditahome.com\/ks\/#website"},"primaryImageOfPage":{"@id":"https:\/\/www.comoditahome.com\/ks\/produkt\/carcafe-te-fiksuar-120x200cm\/#primaryimage"},"image":{"@id":"https:\/\/www.comoditahome.com\/ks\/produkt\/carcafe-te-fiksuar-120x200cm\/#primaryimage"},"thumbnailUrl":"https:\/\/www.comoditahome.com\/ks\/wp-content\/uploads\/2024\/02\/Carcafe-te-fiksuar-5.jpg","datePublished":"2024-02-13T15:51:40+00:00","dateModified":"2026-04-24T07:20:19+00:00","description":"\u00c7ar\u00e7af\u00ebt e fiksuar me p\u00ebrmbajtje pambuku t\u00eb cil\u00ebsis\u00eb s\u00eb lart\u00eb ju mund\u00ebsojn\u00eb t\u00eb mbroni dyshekun tuaj. Me last\u00ebkut q\u00eb kan\u00eb t\u00eb qepur n\u00eb cepe","breadcrumb":{"@id":"https:\/\/www.comoditahome.com\/ks\/produkt\/carcafe-te-fiksuar-120x200cm\/#breadcrumb"},"inLanguage":"sq","potentialAction":[{"@type":"ReadAction","target":["https:\/\/www.comoditahome.com\/ks\/produkt\/carcafe-te-fiksuar-120x200cm\/"]}]},{"@type":"ImageObject","inLanguage":"sq","@id":"https:\/\/www.comoditahome.com\/ks\/produkt\/carcafe-te-fiksuar-120x200cm\/#primaryimage","url":"https:\/\/www.comoditahome.com\/ks\/wp-content\/uploads\/2024\/02\/Carcafe-te-fiksuar-5.jpg","contentUrl":"https:\/\/www.comoditahome.com\/ks\/wp-content\/uploads\/2024\/02\/Carcafe-te-fiksuar-5.jpg","width":1200,"height":1300},{"@type":"BreadcrumbList","@id":"https:\/\/www.comoditahome.com\/ks\/produkt\/carcafe-te-fiksuar-120x200cm\/#breadcrumb","itemListElement":[{"@type":"ListItem","position":1,"name":"Comodita Home Kosova - Dyshek Mattress","item":"https:\/\/www.comoditahome.com\/ks\/"},{"@type":"ListItem","position":2,"name":"Shop","item":"https:\/\/www.comoditahome.com\/ks\/shop\/"},{"@type":"ListItem","position":3,"name":"\u00c7ar\u00e7af\u00eb t\u00eb fiksuar 120x200cm"}]},{"@type":"WebSite","@id":"https:\/\/www.comoditahome.com\/ks\/#website","url":"https:\/\/www.comoditahome.com\/ks\/","name":"Comodita Home","description":"Dyshek, Jorgan, Jast\u00ebk, Kuzhine, Banjo, Kopsht dhe Aksesor\u00eb","publisher":{"@id":"https:\/\/www.comoditahome.com\/ks\/#organization"},"potentialAction":[{"@type":"SearchAction","target":{"@type":"EntryPoint","urlTemplate":"https:\/\/www.comoditahome.com\/ks\/?s={search_term_string}"},"query-input":"required name=search_term_string"}],"inLanguage":"sq"},{"@type":"Organization","@id":"https:\/\/www.comoditahome.com\/ks\/#organization","name":"Comodita Home","url":"https:\/\/www.comoditahome.com\/ks\/","logo":{"@type":"ImageObject","inLanguage":"sq","@id":"https:\/\/www.comoditahome.com\/ks\/#\/schema\/logo\/image\/","url":"https:\/\/www.comoditahome.com\/ks\/wp-content\/uploads\/2022\/05\/COMODITA_HOME_LOGO_KS_MK_AL-02.png","contentUrl":"https:\/\/www.comoditahome.com\/ks\/wp-content\/uploads\/2022\/05\/COMODITA_HOME_LOGO_KS_MK_AL-02.png","width":180,"height":87,"caption":"Comodita Home"},"image":{"@id":"https:\/\/www.comoditahome.com\/ks\/#\/schema\/logo\/image\/"},"sameAs":["https:\/\/www.facebook.com\/comoditahome\/","https:\/\/www.instagram.com\/comoditahome\/","https:\/\/www.linkedin.com\/company\/comoditahome\/?originalSubdomain=fj","https:\/\/www.youtube.com\/channel\/UC5O6IsT4JD4zaiOqmRi_Pvg"]}]}},"_links":{"self":[{"href":"https:\/\/www.comoditahome.com\/ks\/wp-json\/wp\/v2\/product\/82177","targetHints":{"allow":["GET"]}}],"collection":[{"href":"https:\/\/www.comoditahome.com\/ks\/wp-json\/wp\/v2\/product"}],"about":[{"href":"https:\/\/www.comoditahome.com\/ks\/wp-json\/wp\/v2\/types\/product"}],"version-history":[{"count":6,"href":"https:\/\/www.comoditahome.com\/ks\/wp-json\/wp\/v2\/product\/82177\/revisions"}],"predecessor-version":[{"id":82256,"href":"https:\/\/www.comoditahome.com\/ks\/wp-json\/wp\/v2\/product\/82177\/revisions\/82256"}],"wp:featuredmedia":[{"embeddable":true,"href":"https:\/\/www.comoditahome.com\/ks\/wp-json\/wp\/v2\/media\/82198"}],"wp:attachment":[{"href":"https:\/\/www.comoditahome.com\/ks\/wp-json\/wp\/v2\/media?parent=82177"}],"wp:term":[{"taxonomy":"product_brand","embeddable":true,"href":"https:\/\/www.comoditahome.com\/ks\/wp-json\/wp\/v2\/product_brand?post=82177"},{"taxonomy":"product_cat","embeddable":true,"href":"https:\/\/www.comoditahome.com\/ks\/wp-json\/wp\/v2\/product_cat?post=82177"},{"taxonomy":"product_tag","embeddable":true,"href":"https:\/\/www.comoditahome.com\/ks\/wp-json\/wp\/v2\/product_tag?post=82177"}],"curies":[{"name":"wp","href":"https:\/\/api.w.org\/{rel}","templated":true}]}}