 {"id":84763,"date":"2024-03-22T10:24:44","date_gmt":"2024-03-22T09:24:44","guid":{"rendered":"https:\/\/www.comoditahome.com\/ks\/?post_type=product&#038;p=84763"},"modified":"2025-10-17T10:54:10","modified_gmt":"2025-10-17T08:54:10","slug":"aparat-kafeje-prince-dolce-gusto","status":"publish","type":"product","link":"https:\/\/www.comoditahome.com\/ks\/produkt\/aparat-kafeje-prince-dolce-gusto\/","title":{"rendered":"Aparat kafeje Prince <strong>+ 32 KAPSULA GRATIS<\/strong>"},"content":{"rendered":"<p style=\"text-align: left;\">Aparati i kafes\u00eb Prince \u2013 Dolce Gusto vjen i dizajnuar n\u00eb ngjyr\u00eb te zez\u00eb dhe ngjyre hiri.<br \/>\nAparati \u00ebsht\u00eb adekuat per p\u00ebrdorimin e kapsulave Dolce Gusto<br \/>\nKa kapacitetin e rezervuarit t\u00eb ujit 1.2 L<\/p>\n<p>&nbsp;<\/p>\n","protected":false},"excerpt":{"rendered":"<p style=\"text-align: left;\">Aparati i kafes\u00eb Prince \u2013 Dolce Gusto vjen i dizajnuar n\u00eb ngjyr\u00eb te zez\u00eb dhe ngjyre hiri.<br \/>\nAparati \u00ebsht\u00eb adekuat per p\u00ebrdorimin e kapsulave Dolce Gusto , krahas operacioneve per krijimin e kafes \u00ebsht\u00eb shume e leht\u00eb p\u00ebr tu mir\u00ebmbajtur !<br \/>\nKa kapacitetin e rezervuarit t\u00eb ujit 1.2 L .<br \/>\nMe k\u00ebt\u00eb aparat mund t\u00eb beni kafen s\u00eb bashku me qum\u00ebsht dhe me shum\u00eb shije t\u00eb ndryshme .<br \/>\nVendoset aparati ne prizme dhe duhet ta ndezni , prisni disa sekonda deri sa te jete gati per perdorim mbusheni rezervuarin me uj\u00eb t\u00eb pijshem , per sasi m\u00eb t\u00eb vog\u00ebl te kafes\u00eb mbajeni leven 15 sekonda dhe vendoseni n\u00eb mes nd\u00ebrsa nese do pini sasi me t\u00eb gjat\u00eb t\u00eb kafes ngrijeni leven n\u00eb 45 sekonda per kafe t\u00eb ngroht\u00eb apo 25 sekonda per kafe t\u00eb ftoht\u00eb dhe vendoseni leven ne mes vendoseni kapsulen Dolce Gusto dhe shtyp butonin.<\/p>\n<p style=\"text-align: left;\"><strong>Dimensioni:<\/strong> 37cm H x 15cm W x 28cm<\/p>\n<p style=\"text-align: left;\"><strong>Kompozicioni:<\/strong> 220-240V ~ 50\/60hz.<\/p>\n<p style=\"text-align: left;\"><strong>Koha e ngrohjes:<\/strong> 25 Sekonda<\/p>\n<p style=\"text-align: left;\"><strong>Ngjyra:<\/strong> E zez\u00eb<\/p>\n<p style=\"text-align: left;\"><strong>Materiali:<\/strong> Plasitk\u00eb, elektrik\u00eb<\/p>\n<p style=\"text-align: left;\"><strong>Udh\u00ebzimet e p\u00ebrdorimit:<\/strong> T\u00eb pastrohet me pastruese pluhuri.<br \/>\n<strong>KUSHTET E KTHIMIT \/ GARANCION:<\/strong>P\u00ebr k\u00ebt\u00eb produkt pranohet reklamacion brenda 24 or\u00ebve pasi t\u00eb pranoni porosin\u00eb.<\/p>\n","protected":false},"featured_media":84764,"template":"","meta":[],"product_brand":[],"product_cat":[236],"product_tag":[],"class_list":{"0":"post-84763","1":"product","2":"type-product","3":"status-publish","4":"has-post-thumbnail","6":"product_cat-princ-caffe","8":"first","9":"instock","10":"sale","11":"shipping-taxable","12":"purchasable","13":"product-type-simple","14":"layout-style-1","15":"col-md-4 col-sm-4 col-xs-6","16":"col-lg-2","17":"product-has-gallery","18":"product-style-default"},"yoast_head":"<!-- This site is optimized with the Yoast SEO Premium plugin v18.2.1 (Yoast SEO v22.5) - https:\/\/yoast.com\/wordpress\/plugins\/seo\/ -->\n<title>Aparat kafeje Prince + 32 KAPSULA GRATIS - Comodita Home<\/title>\n<meta name=\"description\" content=\"Aparati i kafes\u00eb Prince \u2013 Dolce Gusto vjen i dizajnuar n\u00eb ngjyr\u00eb te zez\u00eb dhe ngjyre hiri.Aparati \u00ebsht\u00eb adekuat per p\u00ebrdorimin e kapsulave Dolce Gusto\" \/>\n<meta name=\"robots\" content=\"index, follow, max-snippet:-1, max-image-preview:large, max-video-preview:-1\" \/>\n<link rel=\"canonical\" href=\"https:\/\/www.comoditahome.com\/ks\/produkt\/aparat-kafeje-prince-dolce-gusto\/\" \/>\n<meta property=\"og:locale\" content=\"sq_AL\" \/>\n<meta property=\"og:type\" content=\"article\" \/>\n<meta property=\"og:title\" content=\"Aparat kafeje Prince + 32 KAPSULA GRATIS\" \/>\n<meta property=\"og:description\" content=\"Aparati i kafes\u00eb Prince \u2013 Dolce Gusto vjen i dizajnuar n\u00eb ngjyr\u00eb te zez\u00eb dhe ngjyre hiri.Aparati \u00ebsht\u00eb adekuat per p\u00ebrdorimin e kapsulave Dolce Gusto\" \/>\n<meta property=\"og:url\" content=\"https:\/\/www.comoditahome.com\/ks\/produkt\/aparat-kafeje-prince-dolce-gusto\/\" \/>\n<meta property=\"og:site_name\" content=\"Comodita Home\" \/>\n<meta property=\"article:publisher\" content=\"https:\/\/www.facebook.com\/comoditahome\/\" \/>\n<meta property=\"article:modified_time\" content=\"2025-10-17T08:54:10+00:00\" \/>\n<meta property=\"og:image\" content=\"https:\/\/www.comoditahome.com\/ks\/wp-content\/uploads\/2024\/03\/3904074555091-1.jpg\" \/>\n\t<meta property=\"og:image:width\" content=\"1200\" \/>\n\t<meta property=\"og:image:height\" content=\"1300\" \/>\n\t<meta property=\"og:image:type\" content=\"image\/jpeg\" \/>\n<meta name=\"twitter:card\" content=\"summary_large_image\" \/>\n<meta name=\"twitter:label1\" content=\"Est. reading time\" \/>\n\t<meta name=\"twitter:data1\" content=\"1 minut\u00eb\" \/>\n<script type=\"application\/ld+json\" class=\"yoast-schema-graph\">{\"@context\":\"https:\/\/schema.org\",\"@graph\":[{\"@type\":\"WebPage\",\"@id\":\"https:\/\/www.comoditahome.com\/ks\/produkt\/aparat-kafeje-prince-dolce-gusto\/\",\"url\":\"https:\/\/www.comoditahome.com\/ks\/produkt\/aparat-kafeje-prince-dolce-gusto\/\",\"name\":\"Aparat kafeje Prince + 32 KAPSULA GRATIS - Comodita Home\",\"isPartOf\":{\"@id\":\"https:\/\/www.comoditahome.com\/ks\/#website\"},\"primaryImageOfPage\":{\"@id\":\"https:\/\/www.comoditahome.com\/ks\/produkt\/aparat-kafeje-prince-dolce-gusto\/#primaryimage\"},\"image\":{\"@id\":\"https:\/\/www.comoditahome.com\/ks\/produkt\/aparat-kafeje-prince-dolce-gusto\/#primaryimage\"},\"thumbnailUrl\":\"https:\/\/www.comoditahome.com\/ks\/wp-content\/uploads\/2024\/03\/3904074555091-1.jpg\",\"datePublished\":\"2024-03-22T09:24:44+00:00\",\"dateModified\":\"2025-10-17T08:54:10+00:00\",\"description\":\"Aparati i kafes\u00eb Prince \u2013 Dolce Gusto vjen i dizajnuar n\u00eb ngjyr\u00eb te zez\u00eb dhe ngjyre hiri.Aparati \u00ebsht\u00eb adekuat per p\u00ebrdorimin e kapsulave Dolce Gusto\",\"breadcrumb\":{\"@id\":\"https:\/\/www.comoditahome.com\/ks\/produkt\/aparat-kafeje-prince-dolce-gusto\/#breadcrumb\"},\"inLanguage\":\"sq\",\"potentialAction\":[{\"@type\":\"ReadAction\",\"target\":[\"https:\/\/www.comoditahome.com\/ks\/produkt\/aparat-kafeje-prince-dolce-gusto\/\"]}]},{\"@type\":\"ImageObject\",\"inLanguage\":\"sq\",\"@id\":\"https:\/\/www.comoditahome.com\/ks\/produkt\/aparat-kafeje-prince-dolce-gusto\/#primaryimage\",\"url\":\"https:\/\/www.comoditahome.com\/ks\/wp-content\/uploads\/2024\/03\/3904074555091-1.jpg\",\"contentUrl\":\"https:\/\/www.comoditahome.com\/ks\/wp-content\/uploads\/2024\/03\/3904074555091-1.jpg\",\"width\":1200,\"height\":1300},{\"@type\":\"BreadcrumbList\",\"@id\":\"https:\/\/www.comoditahome.com\/ks\/produkt\/aparat-kafeje-prince-dolce-gusto\/#breadcrumb\",\"itemListElement\":[{\"@type\":\"ListItem\",\"position\":1,\"name\":\"Comodita Home Kosova - Dyshek Mattress\",\"item\":\"https:\/\/www.comoditahome.com\/ks\/\"},{\"@type\":\"ListItem\",\"position\":2,\"name\":\"Shop\",\"item\":\"https:\/\/www.comoditahome.com\/ks\/shop\/\"},{\"@type\":\"ListItem\",\"position\":3,\"name\":\"Aparat kafeje Prince + 32 KAPSULA GRATIS\"}]},{\"@type\":\"WebSite\",\"@id\":\"https:\/\/www.comoditahome.com\/ks\/#website\",\"url\":\"https:\/\/www.comoditahome.com\/ks\/\",\"name\":\"Comodita Home\",\"description\":\"Dyshek, Jorgan, Jast\u00ebk, Kuzhine, Banjo, Kopsht dhe Aksesor\u00eb\",\"publisher\":{\"@id\":\"https:\/\/www.comoditahome.com\/ks\/#organization\"},\"potentialAction\":[{\"@type\":\"SearchAction\",\"target\":{\"@type\":\"EntryPoint\",\"urlTemplate\":\"https:\/\/www.comoditahome.com\/ks\/?s={search_term_string}\"},\"query-input\":\"required name=search_term_string\"}],\"inLanguage\":\"sq\"},{\"@type\":\"Organization\",\"@id\":\"https:\/\/www.comoditahome.com\/ks\/#organization\",\"name\":\"Comodita Home\",\"url\":\"https:\/\/www.comoditahome.com\/ks\/\",\"logo\":{\"@type\":\"ImageObject\",\"inLanguage\":\"sq\",\"@id\":\"https:\/\/www.comoditahome.com\/ks\/#\/schema\/logo\/image\/\",\"url\":\"https:\/\/www.comoditahome.com\/ks\/wp-content\/uploads\/2022\/05\/COMODITA_HOME_LOGO_KS_MK_AL-02.png\",\"contentUrl\":\"https:\/\/www.comoditahome.com\/ks\/wp-content\/uploads\/2022\/05\/COMODITA_HOME_LOGO_KS_MK_AL-02.png\",\"width\":180,\"height\":87,\"caption\":\"Comodita Home\"},\"image\":{\"@id\":\"https:\/\/www.comoditahome.com\/ks\/#\/schema\/logo\/image\/\"},\"sameAs\":[\"https:\/\/www.facebook.com\/comoditahome\/\",\"https:\/\/www.instagram.com\/comoditahome\/\",\"https:\/\/www.linkedin.com\/company\/comoditahome\/?originalSubdomain=fj\",\"https:\/\/www.youtube.com\/channel\/UC5O6IsT4JD4zaiOqmRi_Pvg\"]}]}<\/script>\n<!-- \/ Yoast SEO Premium plugin. -->","yoast_head_json":{"title":"Aparat kafeje Prince + 32 KAPSULA GRATIS - Comodita Home","description":"Aparati i kafes\u00eb Prince \u2013 Dolce Gusto vjen i dizajnuar n\u00eb ngjyr\u00eb te zez\u00eb dhe ngjyre hiri.Aparati \u00ebsht\u00eb adekuat per p\u00ebrdorimin e kapsulave Dolce Gusto","robots":{"index":"index","follow":"follow","max-snippet":"max-snippet:-1","max-image-preview":"max-image-preview:large","max-video-preview":"max-video-preview:-1"},"canonical":"https:\/\/www.comoditahome.com\/ks\/produkt\/aparat-kafeje-prince-dolce-gusto\/","og_locale":"sq_AL","og_type":"article","og_title":"Aparat kafeje Prince + 32 KAPSULA GRATIS","og_description":"Aparati i kafes\u00eb Prince \u2013 Dolce Gusto vjen i dizajnuar n\u00eb ngjyr\u00eb te zez\u00eb dhe ngjyre hiri.Aparati \u00ebsht\u00eb adekuat per p\u00ebrdorimin e kapsulave Dolce Gusto","og_url":"https:\/\/www.comoditahome.com\/ks\/produkt\/aparat-kafeje-prince-dolce-gusto\/","og_site_name":"Comodita Home","article_publisher":"https:\/\/www.facebook.com\/comoditahome\/","article_modified_time":"2025-10-17T08:54:10+00:00","og_image":[{"width":1200,"height":1300,"url":"https:\/\/www.comoditahome.com\/ks\/wp-content\/uploads\/2024\/03\/3904074555091-1.jpg","type":"image\/jpeg"}],"twitter_card":"summary_large_image","twitter_misc":{"Est. reading time":"1 minut\u00eb"},"schema":{"@context":"https:\/\/schema.org","@graph":[{"@type":"WebPage","@id":"https:\/\/www.comoditahome.com\/ks\/produkt\/aparat-kafeje-prince-dolce-gusto\/","url":"https:\/\/www.comoditahome.com\/ks\/produkt\/aparat-kafeje-prince-dolce-gusto\/","name":"Aparat kafeje Prince + 32 KAPSULA GRATIS - Comodita Home","isPartOf":{"@id":"https:\/\/www.comoditahome.com\/ks\/#website"},"primaryImageOfPage":{"@id":"https:\/\/www.comoditahome.com\/ks\/produkt\/aparat-kafeje-prince-dolce-gusto\/#primaryimage"},"image":{"@id":"https:\/\/www.comoditahome.com\/ks\/produkt\/aparat-kafeje-prince-dolce-gusto\/#primaryimage"},"thumbnailUrl":"https:\/\/www.comoditahome.com\/ks\/wp-content\/uploads\/2024\/03\/3904074555091-1.jpg","datePublished":"2024-03-22T09:24:44+00:00","dateModified":"2025-10-17T08:54:10+00:00","description":"Aparati i kafes\u00eb Prince \u2013 Dolce Gusto vjen i dizajnuar n\u00eb ngjyr\u00eb te zez\u00eb dhe ngjyre hiri.Aparati \u00ebsht\u00eb adekuat per p\u00ebrdorimin e kapsulave Dolce Gusto","breadcrumb":{"@id":"https:\/\/www.comoditahome.com\/ks\/produkt\/aparat-kafeje-prince-dolce-gusto\/#breadcrumb"},"inLanguage":"sq","potentialAction":[{"@type":"ReadAction","target":["https:\/\/www.comoditahome.com\/ks\/produkt\/aparat-kafeje-prince-dolce-gusto\/"]}]},{"@type":"ImageObject","inLanguage":"sq","@id":"https:\/\/www.comoditahome.com\/ks\/produkt\/aparat-kafeje-prince-dolce-gusto\/#primaryimage","url":"https:\/\/www.comoditahome.com\/ks\/wp-content\/uploads\/2024\/03\/3904074555091-1.jpg","contentUrl":"https:\/\/www.comoditahome.com\/ks\/wp-content\/uploads\/2024\/03\/3904074555091-1.jpg","width":1200,"height":1300},{"@type":"BreadcrumbList","@id":"https:\/\/www.comoditahome.com\/ks\/produkt\/aparat-kafeje-prince-dolce-gusto\/#breadcrumb","itemListElement":[{"@type":"ListItem","position":1,"name":"Comodita Home Kosova - Dyshek Mattress","item":"https:\/\/www.comoditahome.com\/ks\/"},{"@type":"ListItem","position":2,"name":"Shop","item":"https:\/\/www.comoditahome.com\/ks\/shop\/"},{"@type":"ListItem","position":3,"name":"Aparat kafeje Prince + 32 KAPSULA GRATIS"}]},{"@type":"WebSite","@id":"https:\/\/www.comoditahome.com\/ks\/#website","url":"https:\/\/www.comoditahome.com\/ks\/","name":"Comodita Home","description":"Dyshek, Jorgan, Jast\u00ebk, Kuzhine, Banjo, Kopsht dhe Aksesor\u00eb","publisher":{"@id":"https:\/\/www.comoditahome.com\/ks\/#organization"},"potentialAction":[{"@type":"SearchAction","target":{"@type":"EntryPoint","urlTemplate":"https:\/\/www.comoditahome.com\/ks\/?s={search_term_string}"},"query-input":"required name=search_term_string"}],"inLanguage":"sq"},{"@type":"Organization","@id":"https:\/\/www.comoditahome.com\/ks\/#organization","name":"Comodita Home","url":"https:\/\/www.comoditahome.com\/ks\/","logo":{"@type":"ImageObject","inLanguage":"sq","@id":"https:\/\/www.comoditahome.com\/ks\/#\/schema\/logo\/image\/","url":"https:\/\/www.comoditahome.com\/ks\/wp-content\/uploads\/2022\/05\/COMODITA_HOME_LOGO_KS_MK_AL-02.png","contentUrl":"https:\/\/www.comoditahome.com\/ks\/wp-content\/uploads\/2022\/05\/COMODITA_HOME_LOGO_KS_MK_AL-02.png","width":180,"height":87,"caption":"Comodita Home"},"image":{"@id":"https:\/\/www.comoditahome.com\/ks\/#\/schema\/logo\/image\/"},"sameAs":["https:\/\/www.facebook.com\/comoditahome\/","https:\/\/www.instagram.com\/comoditahome\/","https:\/\/www.linkedin.com\/company\/comoditahome\/?originalSubdomain=fj","https:\/\/www.youtube.com\/channel\/UC5O6IsT4JD4zaiOqmRi_Pvg"]}]}},"_links":{"self":[{"href":"https:\/\/www.comoditahome.com\/ks\/wp-json\/wp\/v2\/product\/84763","targetHints":{"allow":["GET"]}}],"collection":[{"href":"https:\/\/www.comoditahome.com\/ks\/wp-json\/wp\/v2\/product"}],"about":[{"href":"https:\/\/www.comoditahome.com\/ks\/wp-json\/wp\/v2\/types\/product"}],"version-history":[{"count":11,"href":"https:\/\/www.comoditahome.com\/ks\/wp-json\/wp\/v2\/product\/84763\/revisions"}],"predecessor-version":[{"id":105721,"href":"https:\/\/www.comoditahome.com\/ks\/wp-json\/wp\/v2\/product\/84763\/revisions\/105721"}],"wp:featuredmedia":[{"embeddable":true,"href":"https:\/\/www.comoditahome.com\/ks\/wp-json\/wp\/v2\/media\/84764"}],"wp:attachment":[{"href":"https:\/\/www.comoditahome.com\/ks\/wp-json\/wp\/v2\/media?parent=84763"}],"wp:term":[{"taxonomy":"product_brand","embeddable":true,"href":"https:\/\/www.comoditahome.com\/ks\/wp-json\/wp\/v2\/product_brand?post=84763"},{"taxonomy":"product_cat","embeddable":true,"href":"https:\/\/www.comoditahome.com\/ks\/wp-json\/wp\/v2\/product_cat?post=84763"},{"taxonomy":"product_tag","embeddable":true,"href":"https:\/\/www.comoditahome.com\/ks\/wp-json\/wp\/v2\/product_tag?post=84763"}],"curies":[{"name":"wp","href":"https:\/\/api.w.org\/{rel}","templated":true}]}}