 {"id":85892,"date":"2024-04-08T16:21:44","date_gmt":"2024-04-08T14:21:44","guid":{"rendered":"https:\/\/www.comoditahome.com\/ks\/?post_type=product&#038;p=85892"},"modified":"2026-04-24T09:20:23","modified_gmt":"2026-04-24T07:20:23","slug":"kapsula-kafeje-ristreto-cream","status":"publish","type":"product","link":"https:\/\/www.comoditahome.com\/ks\/produkt\/kapsula-kafeje-ristreto-cream\/","title":{"rendered":"Kapsula kafeje Ristreto cream"},"content":{"rendered":"<p>Kapsula kafeje Ristreto cream<br \/>\nEkspert\u00ebt kan\u00eb kryer shum\u00eb testime, hulumtime dhe zhvillime p\u00ebr t\u00eb arritur n\u00eb formulimin e recet\u00ebs s\u00eb p\u00ebrkryer.<\/p>\n","protected":false},"excerpt":{"rendered":"<p style=\"text-align: left;\">Ekspert\u00ebt nga Prince Espresso Capsule kan\u00eb kryer shum\u00eb testime, hulumtime dhe zhvillime p\u00ebr t\u00eb arritur n\u00eb formulimin e recet\u00ebs s\u00eb p\u00ebrkryer. K\u00ebshtu, kapsulat nga Prince Espresso jan\u00eb nj\u00eb p\u00ebrzierje ideale e gjitha komponenteve kualitative duke ju garantuar shijimin e nj\u00eb kafeje t\u00eb cil\u00ebsis\u00eb s\u00eb lart\u00eb. P\u00ebrzgjedhni k\u00ebt\u00eb lloj kapsule dhe nuk mund t\u00eb prisni asgj\u00eb tjet\u00ebr p\u00ebrve\u00e7 nj\u00eb kafe t\u00eb \u00ebmb\u00ebl, aromatike dhe shum\u00eb t\u00eb shijshme.<br \/>\n\u00c7mimi i kapsul\u00ebs \u00ebsht\u00eb p\u00ebr nj\u00eb paketim t\u00eb t\u00ebr\u00eb me sasi prej 32cop\u00ebsh<\/p>\n<p style=\"text-align: left;\"><strong>Dimensioni \/ Kompozicioni:<\/strong> P\u00ebr nj\u00eb p\u00ebrdorim<\/p>\n<p style=\"text-align: left;\"><strong>NGJYRA:<\/strong> E zez\u00eb<\/p>\n<p style=\"text-align: left;\"><strong>P\u00cbRMBAJTJA:<\/strong> Kafe<\/p>\n<p style=\"text-align: left;\"><strong>UDH\u00cbZIMET E P\u00cbRDORIMIT:<\/strong>\u00a0 T\u00eb q\u00ebndroj n\u00eb ambient t\u00eb mbrojtur nga lag\u00ebshtia<\/p>\n<p style=\"text-align: left;\"><strong>KUSHTET E KTHIMIT \/ GARANCION:<\/strong> P\u00ebr k\u00ebt\u00eb produkt pranohet reklamacion brenda 24 or\u00ebve pasi t\u00eb pranoni porosin\u00eb.<br \/>\n<span style=\"color: #ffffff;\">3904074550867 <\/span><\/p>\n","protected":false},"featured_media":85894,"template":"","meta":[],"product_brand":[],"product_cat":[236],"product_tag":[],"class_list":{"0":"post-85892","1":"product","2":"type-product","3":"status-publish","4":"has-post-thumbnail","6":"product_cat-princ-caffe","8":"first","9":"outofstock","10":"sale","11":"shipping-taxable","12":"purchasable","13":"product-type-simple","14":"layout-style-1","15":"col-md-4 col-sm-4 col-xs-6","16":"col-lg-2","17":"product-has-gallery","18":"product-style-default"},"yoast_head":"<!-- This site is optimized with the Yoast SEO Premium plugin v18.2.1 (Yoast SEO v22.5) - https:\/\/yoast.com\/wordpress\/plugins\/seo\/ -->\n<title>Kapsula kafeje Ristreto cream - Comodita Home<\/title>\n<meta name=\"description\" content=\"Ekspert\u00ebt nga Prince Espresso Capsule kan\u00eb kryer shum\u00eb testime, hulumtime dhe zhvillime p\u00ebr t\u00eb arritur n\u00eb formulimin e recet\u00ebs s\u00eb p\u00ebrkryer.\" \/>\n<meta name=\"robots\" content=\"index, follow, max-snippet:-1, max-image-preview:large, max-video-preview:-1\" \/>\n<link rel=\"canonical\" href=\"https:\/\/www.comoditahome.com\/ks\/produkt\/kapsula-kafeje-ristreto-cream\/\" \/>\n<meta property=\"og:locale\" content=\"sq_AL\" \/>\n<meta property=\"og:type\" content=\"article\" \/>\n<meta property=\"og:title\" content=\"Kapsula kafeje Ristreto cream\" \/>\n<meta property=\"og:description\" content=\"Ekspert\u00ebt nga Prince Espresso Capsule kan\u00eb kryer shum\u00eb testime, hulumtime dhe zhvillime p\u00ebr t\u00eb arritur n\u00eb formulimin e recet\u00ebs s\u00eb p\u00ebrkryer.\" \/>\n<meta property=\"og:url\" content=\"https:\/\/www.comoditahome.com\/ks\/produkt\/kapsula-kafeje-ristreto-cream\/\" \/>\n<meta property=\"og:site_name\" content=\"Comodita Home\" \/>\n<meta property=\"article:publisher\" content=\"https:\/\/www.facebook.com\/comoditahome\/\" \/>\n<meta property=\"article:modified_time\" content=\"2026-04-24T07:20:23+00:00\" \/>\n<meta property=\"og:image\" content=\"https:\/\/www.comoditahome.com\/ks\/wp-content\/uploads\/2024\/04\/3904074550867-2.jpg\" \/>\n\t<meta property=\"og:image:width\" content=\"1200\" \/>\n\t<meta property=\"og:image:height\" content=\"1300\" \/>\n\t<meta property=\"og:image:type\" content=\"image\/jpeg\" \/>\n<meta name=\"twitter:card\" content=\"summary_large_image\" \/>\n<meta name=\"twitter:label1\" content=\"Est. reading time\" \/>\n\t<meta name=\"twitter:data1\" content=\"1 minut\u00eb\" \/>\n<script type=\"application\/ld+json\" class=\"yoast-schema-graph\">{\"@context\":\"https:\/\/schema.org\",\"@graph\":[{\"@type\":\"WebPage\",\"@id\":\"https:\/\/www.comoditahome.com\/ks\/produkt\/kapsula-kafeje-ristreto-cream\/\",\"url\":\"https:\/\/www.comoditahome.com\/ks\/produkt\/kapsula-kafeje-ristreto-cream\/\",\"name\":\"Kapsula kafeje Ristreto cream - Comodita Home\",\"isPartOf\":{\"@id\":\"https:\/\/www.comoditahome.com\/ks\/#website\"},\"primaryImageOfPage\":{\"@id\":\"https:\/\/www.comoditahome.com\/ks\/produkt\/kapsula-kafeje-ristreto-cream\/#primaryimage\"},\"image\":{\"@id\":\"https:\/\/www.comoditahome.com\/ks\/produkt\/kapsula-kafeje-ristreto-cream\/#primaryimage\"},\"thumbnailUrl\":\"https:\/\/www.comoditahome.com\/ks\/wp-content\/uploads\/2024\/04\/3904074550867-2.jpg\",\"datePublished\":\"2024-04-08T14:21:44+00:00\",\"dateModified\":\"2026-04-24T07:20:23+00:00\",\"description\":\"Ekspert\u00ebt nga Prince Espresso Capsule kan\u00eb kryer shum\u00eb testime, hulumtime dhe zhvillime p\u00ebr t\u00eb arritur n\u00eb formulimin e recet\u00ebs s\u00eb p\u00ebrkryer.\",\"breadcrumb\":{\"@id\":\"https:\/\/www.comoditahome.com\/ks\/produkt\/kapsula-kafeje-ristreto-cream\/#breadcrumb\"},\"inLanguage\":\"sq\",\"potentialAction\":[{\"@type\":\"ReadAction\",\"target\":[\"https:\/\/www.comoditahome.com\/ks\/produkt\/kapsula-kafeje-ristreto-cream\/\"]}]},{\"@type\":\"ImageObject\",\"inLanguage\":\"sq\",\"@id\":\"https:\/\/www.comoditahome.com\/ks\/produkt\/kapsula-kafeje-ristreto-cream\/#primaryimage\",\"url\":\"https:\/\/www.comoditahome.com\/ks\/wp-content\/uploads\/2024\/04\/3904074550867-2.jpg\",\"contentUrl\":\"https:\/\/www.comoditahome.com\/ks\/wp-content\/uploads\/2024\/04\/3904074550867-2.jpg\",\"width\":1200,\"height\":1300},{\"@type\":\"BreadcrumbList\",\"@id\":\"https:\/\/www.comoditahome.com\/ks\/produkt\/kapsula-kafeje-ristreto-cream\/#breadcrumb\",\"itemListElement\":[{\"@type\":\"ListItem\",\"position\":1,\"name\":\"Comodita Home Kosova - Dyshek Mattress\",\"item\":\"https:\/\/www.comoditahome.com\/ks\/\"},{\"@type\":\"ListItem\",\"position\":2,\"name\":\"Shop\",\"item\":\"https:\/\/www.comoditahome.com\/ks\/shop\/\"},{\"@type\":\"ListItem\",\"position\":3,\"name\":\"Kapsula kafeje Ristreto cream\"}]},{\"@type\":\"WebSite\",\"@id\":\"https:\/\/www.comoditahome.com\/ks\/#website\",\"url\":\"https:\/\/www.comoditahome.com\/ks\/\",\"name\":\"Comodita Home\",\"description\":\"Dyshek, Jorgan, Jast\u00ebk, Kuzhine, Banjo, Kopsht dhe Aksesor\u00eb\",\"publisher\":{\"@id\":\"https:\/\/www.comoditahome.com\/ks\/#organization\"},\"potentialAction\":[{\"@type\":\"SearchAction\",\"target\":{\"@type\":\"EntryPoint\",\"urlTemplate\":\"https:\/\/www.comoditahome.com\/ks\/?s={search_term_string}\"},\"query-input\":\"required name=search_term_string\"}],\"inLanguage\":\"sq\"},{\"@type\":\"Organization\",\"@id\":\"https:\/\/www.comoditahome.com\/ks\/#organization\",\"name\":\"Comodita Home\",\"url\":\"https:\/\/www.comoditahome.com\/ks\/\",\"logo\":{\"@type\":\"ImageObject\",\"inLanguage\":\"sq\",\"@id\":\"https:\/\/www.comoditahome.com\/ks\/#\/schema\/logo\/image\/\",\"url\":\"https:\/\/www.comoditahome.com\/ks\/wp-content\/uploads\/2022\/05\/COMODITA_HOME_LOGO_KS_MK_AL-02.png\",\"contentUrl\":\"https:\/\/www.comoditahome.com\/ks\/wp-content\/uploads\/2022\/05\/COMODITA_HOME_LOGO_KS_MK_AL-02.png\",\"width\":180,\"height\":87,\"caption\":\"Comodita Home\"},\"image\":{\"@id\":\"https:\/\/www.comoditahome.com\/ks\/#\/schema\/logo\/image\/\"},\"sameAs\":[\"https:\/\/www.facebook.com\/comoditahome\/\",\"https:\/\/www.instagram.com\/comoditahome\/\",\"https:\/\/www.linkedin.com\/company\/comoditahome\/?originalSubdomain=fj\",\"https:\/\/www.youtube.com\/channel\/UC5O6IsT4JD4zaiOqmRi_Pvg\"]}]}<\/script>\n<!-- \/ Yoast SEO Premium plugin. -->","yoast_head_json":{"title":"Kapsula kafeje Ristreto cream - Comodita Home","description":"Ekspert\u00ebt nga Prince Espresso Capsule kan\u00eb kryer shum\u00eb testime, hulumtime dhe zhvillime p\u00ebr t\u00eb arritur n\u00eb formulimin e recet\u00ebs s\u00eb p\u00ebrkryer.","robots":{"index":"index","follow":"follow","max-snippet":"max-snippet:-1","max-image-preview":"max-image-preview:large","max-video-preview":"max-video-preview:-1"},"canonical":"https:\/\/www.comoditahome.com\/ks\/produkt\/kapsula-kafeje-ristreto-cream\/","og_locale":"sq_AL","og_type":"article","og_title":"Kapsula kafeje Ristreto cream","og_description":"Ekspert\u00ebt nga Prince Espresso Capsule kan\u00eb kryer shum\u00eb testime, hulumtime dhe zhvillime p\u00ebr t\u00eb arritur n\u00eb formulimin e recet\u00ebs s\u00eb p\u00ebrkryer.","og_url":"https:\/\/www.comoditahome.com\/ks\/produkt\/kapsula-kafeje-ristreto-cream\/","og_site_name":"Comodita Home","article_publisher":"https:\/\/www.facebook.com\/comoditahome\/","article_modified_time":"2026-04-24T07:20:23+00:00","og_image":[{"width":1200,"height":1300,"url":"https:\/\/www.comoditahome.com\/ks\/wp-content\/uploads\/2024\/04\/3904074550867-2.jpg","type":"image\/jpeg"}],"twitter_card":"summary_large_image","twitter_misc":{"Est. reading time":"1 minut\u00eb"},"schema":{"@context":"https:\/\/schema.org","@graph":[{"@type":"WebPage","@id":"https:\/\/www.comoditahome.com\/ks\/produkt\/kapsula-kafeje-ristreto-cream\/","url":"https:\/\/www.comoditahome.com\/ks\/produkt\/kapsula-kafeje-ristreto-cream\/","name":"Kapsula kafeje Ristreto cream - Comodita Home","isPartOf":{"@id":"https:\/\/www.comoditahome.com\/ks\/#website"},"primaryImageOfPage":{"@id":"https:\/\/www.comoditahome.com\/ks\/produkt\/kapsula-kafeje-ristreto-cream\/#primaryimage"},"image":{"@id":"https:\/\/www.comoditahome.com\/ks\/produkt\/kapsula-kafeje-ristreto-cream\/#primaryimage"},"thumbnailUrl":"https:\/\/www.comoditahome.com\/ks\/wp-content\/uploads\/2024\/04\/3904074550867-2.jpg","datePublished":"2024-04-08T14:21:44+00:00","dateModified":"2026-04-24T07:20:23+00:00","description":"Ekspert\u00ebt nga Prince Espresso Capsule kan\u00eb kryer shum\u00eb testime, hulumtime dhe zhvillime p\u00ebr t\u00eb arritur n\u00eb formulimin e recet\u00ebs s\u00eb p\u00ebrkryer.","breadcrumb":{"@id":"https:\/\/www.comoditahome.com\/ks\/produkt\/kapsula-kafeje-ristreto-cream\/#breadcrumb"},"inLanguage":"sq","potentialAction":[{"@type":"ReadAction","target":["https:\/\/www.comoditahome.com\/ks\/produkt\/kapsula-kafeje-ristreto-cream\/"]}]},{"@type":"ImageObject","inLanguage":"sq","@id":"https:\/\/www.comoditahome.com\/ks\/produkt\/kapsula-kafeje-ristreto-cream\/#primaryimage","url":"https:\/\/www.comoditahome.com\/ks\/wp-content\/uploads\/2024\/04\/3904074550867-2.jpg","contentUrl":"https:\/\/www.comoditahome.com\/ks\/wp-content\/uploads\/2024\/04\/3904074550867-2.jpg","width":1200,"height":1300},{"@type":"BreadcrumbList","@id":"https:\/\/www.comoditahome.com\/ks\/produkt\/kapsula-kafeje-ristreto-cream\/#breadcrumb","itemListElement":[{"@type":"ListItem","position":1,"name":"Comodita Home Kosova - Dyshek Mattress","item":"https:\/\/www.comoditahome.com\/ks\/"},{"@type":"ListItem","position":2,"name":"Shop","item":"https:\/\/www.comoditahome.com\/ks\/shop\/"},{"@type":"ListItem","position":3,"name":"Kapsula kafeje Ristreto cream"}]},{"@type":"WebSite","@id":"https:\/\/www.comoditahome.com\/ks\/#website","url":"https:\/\/www.comoditahome.com\/ks\/","name":"Comodita Home","description":"Dyshek, Jorgan, Jast\u00ebk, Kuzhine, Banjo, Kopsht dhe Aksesor\u00eb","publisher":{"@id":"https:\/\/www.comoditahome.com\/ks\/#organization"},"potentialAction":[{"@type":"SearchAction","target":{"@type":"EntryPoint","urlTemplate":"https:\/\/www.comoditahome.com\/ks\/?s={search_term_string}"},"query-input":"required name=search_term_string"}],"inLanguage":"sq"},{"@type":"Organization","@id":"https:\/\/www.comoditahome.com\/ks\/#organization","name":"Comodita Home","url":"https:\/\/www.comoditahome.com\/ks\/","logo":{"@type":"ImageObject","inLanguage":"sq","@id":"https:\/\/www.comoditahome.com\/ks\/#\/schema\/logo\/image\/","url":"https:\/\/www.comoditahome.com\/ks\/wp-content\/uploads\/2022\/05\/COMODITA_HOME_LOGO_KS_MK_AL-02.png","contentUrl":"https:\/\/www.comoditahome.com\/ks\/wp-content\/uploads\/2022\/05\/COMODITA_HOME_LOGO_KS_MK_AL-02.png","width":180,"height":87,"caption":"Comodita Home"},"image":{"@id":"https:\/\/www.comoditahome.com\/ks\/#\/schema\/logo\/image\/"},"sameAs":["https:\/\/www.facebook.com\/comoditahome\/","https:\/\/www.instagram.com\/comoditahome\/","https:\/\/www.linkedin.com\/company\/comoditahome\/?originalSubdomain=fj","https:\/\/www.youtube.com\/channel\/UC5O6IsT4JD4zaiOqmRi_Pvg"]}]}},"_links":{"self":[{"href":"https:\/\/www.comoditahome.com\/ks\/wp-json\/wp\/v2\/product\/85892","targetHints":{"allow":["GET"]}}],"collection":[{"href":"https:\/\/www.comoditahome.com\/ks\/wp-json\/wp\/v2\/product"}],"about":[{"href":"https:\/\/www.comoditahome.com\/ks\/wp-json\/wp\/v2\/types\/product"}],"version-history":[{"count":1,"href":"https:\/\/www.comoditahome.com\/ks\/wp-json\/wp\/v2\/product\/85892\/revisions"}],"predecessor-version":[{"id":85895,"href":"https:\/\/www.comoditahome.com\/ks\/wp-json\/wp\/v2\/product\/85892\/revisions\/85895"}],"wp:featuredmedia":[{"embeddable":true,"href":"https:\/\/www.comoditahome.com\/ks\/wp-json\/wp\/v2\/media\/85894"}],"wp:attachment":[{"href":"https:\/\/www.comoditahome.com\/ks\/wp-json\/wp\/v2\/media?parent=85892"}],"wp:term":[{"taxonomy":"product_brand","embeddable":true,"href":"https:\/\/www.comoditahome.com\/ks\/wp-json\/wp\/v2\/product_brand?post=85892"},{"taxonomy":"product_cat","embeddable":true,"href":"https:\/\/www.comoditahome.com\/ks\/wp-json\/wp\/v2\/product_cat?post=85892"},{"taxonomy":"product_tag","embeddable":true,"href":"https:\/\/www.comoditahome.com\/ks\/wp-json\/wp\/v2\/product_tag?post=85892"}],"curies":[{"name":"wp","href":"https:\/\/api.w.org\/{rel}","templated":true}]}}