 {"id":87854,"date":"2024-05-22T11:51:37","date_gmt":"2024-05-22T09:51:37","guid":{"rendered":"https:\/\/www.comoditahome.com\/ks\/?post_type=product&#038;p=87854"},"modified":"2025-10-17T10:25:50","modified_gmt":"2025-10-17T08:25:50","slug":"jastek-klasik-drejtekendor","status":"publish","type":"product","link":"https:\/\/www.comoditahome.com\/ks\/produkt\/jastek-klasik-drejtekendor\/","title":{"rendered":"Jast\u00ebk klasik drejt\u00ebk\u00ebndor"},"content":{"rendered":"<p style=\"text-align: left;\">Jast\u00ebk klasik drejt\u00ebk\u00ebndor \u00ebsht\u00eb i mbushur me shpuz\u00eb polyuretane me aft\u00ebsi rimodelimi dhe veti anatomike.<\/p>\n<p style=\"text-align: left;\">P\u00ebr shkak t\u00eb form\u00ebs s\u00eb konturuar, definim nga qepja asimetrike.<\/p>\n<p style=\"text-align: left;\">Ky jast\u00ebk mund\u00ebson perdorimin n\u00eb t\u00eb dyja an\u00ebt p\u00ebr mb\u00ebshtetjen e preferuar t\u00eb qaf\u00ebs dhe kok\u00ebs.<\/p>\n<p style=\"text-align: left;\">Mb\u00ebshtjell\u00ebsi i tij me mikrofibrat nga poliesteri, mund\u00ebson vet-ajrosjen n\u00eb m\u00ebnyr\u00eb t\u00eb vazhdueshme.<\/p>\n","protected":false},"excerpt":{"rendered":"<p style=\"text-align: left;\">Jast\u00ebku klasik drejt\u00ebk\u00ebndor \u00ebsht\u00eb i mbushur me shpuz\u00eb polyuretane me aft\u00ebsi rimodelimi dhe veti anatomike. P\u00ebr shkak t\u00eb form\u00ebs s\u00eb konturuar, definim nga qepja asimetrike, ky jast\u00ebk mund\u00ebson perdorimin n\u00eb t\u00eb dyja an\u00ebt p\u00ebr mb\u00ebshtetjen e preferuar t\u00eb qaf\u00ebs dhe kok\u00ebs. Mb\u00ebshtjell\u00ebsi i tij me mikrofibrat nga poliesteri, mund\u00ebson vet-ajrosjen n\u00eb m\u00ebnyr\u00eb t\u00eb vazhdueshme.<\/p>\n<p style=\"text-align: left;\"><strong>Dimensioni \/ Kompozicioni:<\/strong> 50x70cm<\/p>\n<p style=\"text-align: left;\"><strong>NGJYRA:<\/strong> I bardh\u00eb<\/p>\n<p style=\"text-align: left;\"><strong>MATERIALI:<\/strong> Shpuz\u00eb poliuretane me mb\u00ebshtjell\u00ebs pambuku<\/p>\n<p style=\"text-align: left;\"><strong>UDH\u00cbZIMET E P\u00cbRDORIMIT:<\/strong> Jast\u00ebku nuk pastrohet, vet\u00ebm ajroset.<\/p>\n<p style=\"text-align: left;\"><strong>KUSHTET E KTHIMIT \/ GARANCION:<\/strong> P\u00ebr shkak t\u00eb kontaktit me higjien\u00eb personale, p\u00ebr produktet e tekstilit nuk pranohen kthime apo reklamacione.<br \/>\n<span style=\"color: #ffffff;\">5310233001329 jastyk jastek jostyk jostak<\/span><\/p>\n","protected":false},"featured_media":87855,"template":"","meta":[],"product_brand":[],"product_cat":[104,108],"product_tag":[],"class_list":{"0":"post-87854","1":"product","2":"type-product","3":"status-publish","4":"has-post-thumbnail","6":"product_cat-gjumi","7":"product_cat-jastek","9":"first","10":"instock","11":"sale","12":"featured","13":"shipping-taxable","14":"purchasable","15":"product-type-simple","16":"layout-style-1","17":"col-md-4 col-sm-4 col-xs-6","18":"col-lg-2","19":"product-has-gallery","20":"product-style-default"},"yoast_head":"<!-- This site is optimized with the Yoast SEO Premium plugin v18.2.1 (Yoast SEO v22.5) - https:\/\/yoast.com\/wordpress\/plugins\/seo\/ -->\n<title>Jast\u00ebk klasik drejt\u00ebk\u00ebndor - Comodita Home<\/title>\n<meta name=\"description\" content=\"Jast\u00ebku klasik drejt\u00ebk\u00ebndor \u00ebsht\u00eb i mbushur me shpuz\u00eb polyuretane me aft\u00ebsi rimodelimi dhe veti anatomike.\" \/>\n<meta name=\"robots\" content=\"index, follow, max-snippet:-1, max-image-preview:large, max-video-preview:-1\" \/>\n<link rel=\"canonical\" href=\"https:\/\/www.comoditahome.com\/ks\/produkt\/jastek-klasik-drejtekendor\/\" \/>\n<meta property=\"og:locale\" content=\"sq_AL\" \/>\n<meta property=\"og:type\" content=\"article\" \/>\n<meta property=\"og:title\" content=\"Jast\u00ebk klasik drejt\u00ebk\u00ebndor\" \/>\n<meta property=\"og:description\" content=\"Jast\u00ebku klasik drejt\u00ebk\u00ebndor \u00ebsht\u00eb i mbushur me shpuz\u00eb polyuretane me aft\u00ebsi rimodelimi dhe veti anatomike.\" \/>\n<meta property=\"og:url\" content=\"https:\/\/www.comoditahome.com\/ks\/produkt\/jastek-klasik-drejtekendor\/\" \/>\n<meta property=\"og:site_name\" content=\"Comodita Home\" \/>\n<meta property=\"article:publisher\" content=\"https:\/\/www.facebook.com\/comoditahome\/\" \/>\n<meta property=\"article:modified_time\" content=\"2025-10-17T08:25:50+00:00\" \/>\n<meta property=\"og:image\" content=\"https:\/\/www.comoditahome.com\/ks\/wp-content\/uploads\/2024\/05\/5310233001312-Jastek-Kalisk-Drejtekendor.png\" \/>\n\t<meta property=\"og:image:width\" content=\"1200\" \/>\n\t<meta property=\"og:image:height\" content=\"1300\" \/>\n\t<meta property=\"og:image:type\" content=\"image\/png\" \/>\n<meta name=\"twitter:card\" content=\"summary_large_image\" \/>\n<meta name=\"twitter:label1\" content=\"Est. reading time\" \/>\n\t<meta name=\"twitter:data1\" content=\"1 minut\u00eb\" \/>\n<script type=\"application\/ld+json\" class=\"yoast-schema-graph\">{\"@context\":\"https:\/\/schema.org\",\"@graph\":[{\"@type\":\"WebPage\",\"@id\":\"https:\/\/www.comoditahome.com\/ks\/produkt\/jastek-klasik-drejtekendor\/\",\"url\":\"https:\/\/www.comoditahome.com\/ks\/produkt\/jastek-klasik-drejtekendor\/\",\"name\":\"Jast\u00ebk klasik drejt\u00ebk\u00ebndor - Comodita Home\",\"isPartOf\":{\"@id\":\"https:\/\/www.comoditahome.com\/ks\/#website\"},\"primaryImageOfPage\":{\"@id\":\"https:\/\/www.comoditahome.com\/ks\/produkt\/jastek-klasik-drejtekendor\/#primaryimage\"},\"image\":{\"@id\":\"https:\/\/www.comoditahome.com\/ks\/produkt\/jastek-klasik-drejtekendor\/#primaryimage\"},\"thumbnailUrl\":\"https:\/\/www.comoditahome.com\/ks\/wp-content\/uploads\/2024\/05\/5310233001312-Jastek-Kalisk-Drejtekendor.png\",\"datePublished\":\"2024-05-22T09:51:37+00:00\",\"dateModified\":\"2025-10-17T08:25:50+00:00\",\"description\":\"Jast\u00ebku klasik drejt\u00ebk\u00ebndor \u00ebsht\u00eb i mbushur me shpuz\u00eb polyuretane me aft\u00ebsi rimodelimi dhe veti anatomike.\",\"breadcrumb\":{\"@id\":\"https:\/\/www.comoditahome.com\/ks\/produkt\/jastek-klasik-drejtekendor\/#breadcrumb\"},\"inLanguage\":\"sq\",\"potentialAction\":[{\"@type\":\"ReadAction\",\"target\":[\"https:\/\/www.comoditahome.com\/ks\/produkt\/jastek-klasik-drejtekendor\/\"]}]},{\"@type\":\"ImageObject\",\"inLanguage\":\"sq\",\"@id\":\"https:\/\/www.comoditahome.com\/ks\/produkt\/jastek-klasik-drejtekendor\/#primaryimage\",\"url\":\"https:\/\/www.comoditahome.com\/ks\/wp-content\/uploads\/2024\/05\/5310233001312-Jastek-Kalisk-Drejtekendor.png\",\"contentUrl\":\"https:\/\/www.comoditahome.com\/ks\/wp-content\/uploads\/2024\/05\/5310233001312-Jastek-Kalisk-Drejtekendor.png\",\"width\":1200,\"height\":1300},{\"@type\":\"BreadcrumbList\",\"@id\":\"https:\/\/www.comoditahome.com\/ks\/produkt\/jastek-klasik-drejtekendor\/#breadcrumb\",\"itemListElement\":[{\"@type\":\"ListItem\",\"position\":1,\"name\":\"Comodita Home Kosova - Dyshek Mattress\",\"item\":\"https:\/\/www.comoditahome.com\/ks\/\"},{\"@type\":\"ListItem\",\"position\":2,\"name\":\"Shop\",\"item\":\"https:\/\/www.comoditahome.com\/ks\/shop\/\"},{\"@type\":\"ListItem\",\"position\":3,\"name\":\"Jast\u00ebk klasik drejt\u00ebk\u00ebndor\"}]},{\"@type\":\"WebSite\",\"@id\":\"https:\/\/www.comoditahome.com\/ks\/#website\",\"url\":\"https:\/\/www.comoditahome.com\/ks\/\",\"name\":\"Comodita Home\",\"description\":\"Dyshek, Jorgan, Jast\u00ebk, Kuzhine, Banjo, Kopsht dhe Aksesor\u00eb\",\"publisher\":{\"@id\":\"https:\/\/www.comoditahome.com\/ks\/#organization\"},\"potentialAction\":[{\"@type\":\"SearchAction\",\"target\":{\"@type\":\"EntryPoint\",\"urlTemplate\":\"https:\/\/www.comoditahome.com\/ks\/?s={search_term_string}\"},\"query-input\":\"required name=search_term_string\"}],\"inLanguage\":\"sq\"},{\"@type\":\"Organization\",\"@id\":\"https:\/\/www.comoditahome.com\/ks\/#organization\",\"name\":\"Comodita Home\",\"url\":\"https:\/\/www.comoditahome.com\/ks\/\",\"logo\":{\"@type\":\"ImageObject\",\"inLanguage\":\"sq\",\"@id\":\"https:\/\/www.comoditahome.com\/ks\/#\/schema\/logo\/image\/\",\"url\":\"https:\/\/www.comoditahome.com\/ks\/wp-content\/uploads\/2022\/05\/COMODITA_HOME_LOGO_KS_MK_AL-02.png\",\"contentUrl\":\"https:\/\/www.comoditahome.com\/ks\/wp-content\/uploads\/2022\/05\/COMODITA_HOME_LOGO_KS_MK_AL-02.png\",\"width\":180,\"height\":87,\"caption\":\"Comodita Home\"},\"image\":{\"@id\":\"https:\/\/www.comoditahome.com\/ks\/#\/schema\/logo\/image\/\"},\"sameAs\":[\"https:\/\/www.facebook.com\/comoditahome\/\",\"https:\/\/www.instagram.com\/comoditahome\/\",\"https:\/\/www.linkedin.com\/company\/comoditahome\/?originalSubdomain=fj\",\"https:\/\/www.youtube.com\/channel\/UC5O6IsT4JD4zaiOqmRi_Pvg\"]}]}<\/script>\n<!-- \/ Yoast SEO Premium plugin. -->","yoast_head_json":{"title":"Jast\u00ebk klasik drejt\u00ebk\u00ebndor - Comodita Home","description":"Jast\u00ebku klasik drejt\u00ebk\u00ebndor \u00ebsht\u00eb i mbushur me shpuz\u00eb polyuretane me aft\u00ebsi rimodelimi dhe veti anatomike.","robots":{"index":"index","follow":"follow","max-snippet":"max-snippet:-1","max-image-preview":"max-image-preview:large","max-video-preview":"max-video-preview:-1"},"canonical":"https:\/\/www.comoditahome.com\/ks\/produkt\/jastek-klasik-drejtekendor\/","og_locale":"sq_AL","og_type":"article","og_title":"Jast\u00ebk klasik drejt\u00ebk\u00ebndor","og_description":"Jast\u00ebku klasik drejt\u00ebk\u00ebndor \u00ebsht\u00eb i mbushur me shpuz\u00eb polyuretane me aft\u00ebsi rimodelimi dhe veti anatomike.","og_url":"https:\/\/www.comoditahome.com\/ks\/produkt\/jastek-klasik-drejtekendor\/","og_site_name":"Comodita Home","article_publisher":"https:\/\/www.facebook.com\/comoditahome\/","article_modified_time":"2025-10-17T08:25:50+00:00","og_image":[{"width":1200,"height":1300,"url":"https:\/\/www.comoditahome.com\/ks\/wp-content\/uploads\/2024\/05\/5310233001312-Jastek-Kalisk-Drejtekendor.png","type":"image\/png"}],"twitter_card":"summary_large_image","twitter_misc":{"Est. reading time":"1 minut\u00eb"},"schema":{"@context":"https:\/\/schema.org","@graph":[{"@type":"WebPage","@id":"https:\/\/www.comoditahome.com\/ks\/produkt\/jastek-klasik-drejtekendor\/","url":"https:\/\/www.comoditahome.com\/ks\/produkt\/jastek-klasik-drejtekendor\/","name":"Jast\u00ebk klasik drejt\u00ebk\u00ebndor - Comodita Home","isPartOf":{"@id":"https:\/\/www.comoditahome.com\/ks\/#website"},"primaryImageOfPage":{"@id":"https:\/\/www.comoditahome.com\/ks\/produkt\/jastek-klasik-drejtekendor\/#primaryimage"},"image":{"@id":"https:\/\/www.comoditahome.com\/ks\/produkt\/jastek-klasik-drejtekendor\/#primaryimage"},"thumbnailUrl":"https:\/\/www.comoditahome.com\/ks\/wp-content\/uploads\/2024\/05\/5310233001312-Jastek-Kalisk-Drejtekendor.png","datePublished":"2024-05-22T09:51:37+00:00","dateModified":"2025-10-17T08:25:50+00:00","description":"Jast\u00ebku klasik drejt\u00ebk\u00ebndor \u00ebsht\u00eb i mbushur me shpuz\u00eb polyuretane me aft\u00ebsi rimodelimi dhe veti anatomike.","breadcrumb":{"@id":"https:\/\/www.comoditahome.com\/ks\/produkt\/jastek-klasik-drejtekendor\/#breadcrumb"},"inLanguage":"sq","potentialAction":[{"@type":"ReadAction","target":["https:\/\/www.comoditahome.com\/ks\/produkt\/jastek-klasik-drejtekendor\/"]}]},{"@type":"ImageObject","inLanguage":"sq","@id":"https:\/\/www.comoditahome.com\/ks\/produkt\/jastek-klasik-drejtekendor\/#primaryimage","url":"https:\/\/www.comoditahome.com\/ks\/wp-content\/uploads\/2024\/05\/5310233001312-Jastek-Kalisk-Drejtekendor.png","contentUrl":"https:\/\/www.comoditahome.com\/ks\/wp-content\/uploads\/2024\/05\/5310233001312-Jastek-Kalisk-Drejtekendor.png","width":1200,"height":1300},{"@type":"BreadcrumbList","@id":"https:\/\/www.comoditahome.com\/ks\/produkt\/jastek-klasik-drejtekendor\/#breadcrumb","itemListElement":[{"@type":"ListItem","position":1,"name":"Comodita Home Kosova - Dyshek Mattress","item":"https:\/\/www.comoditahome.com\/ks\/"},{"@type":"ListItem","position":2,"name":"Shop","item":"https:\/\/www.comoditahome.com\/ks\/shop\/"},{"@type":"ListItem","position":3,"name":"Jast\u00ebk klasik drejt\u00ebk\u00ebndor"}]},{"@type":"WebSite","@id":"https:\/\/www.comoditahome.com\/ks\/#website","url":"https:\/\/www.comoditahome.com\/ks\/","name":"Comodita Home","description":"Dyshek, Jorgan, Jast\u00ebk, Kuzhine, Banjo, Kopsht dhe Aksesor\u00eb","publisher":{"@id":"https:\/\/www.comoditahome.com\/ks\/#organization"},"potentialAction":[{"@type":"SearchAction","target":{"@type":"EntryPoint","urlTemplate":"https:\/\/www.comoditahome.com\/ks\/?s={search_term_string}"},"query-input":"required name=search_term_string"}],"inLanguage":"sq"},{"@type":"Organization","@id":"https:\/\/www.comoditahome.com\/ks\/#organization","name":"Comodita Home","url":"https:\/\/www.comoditahome.com\/ks\/","logo":{"@type":"ImageObject","inLanguage":"sq","@id":"https:\/\/www.comoditahome.com\/ks\/#\/schema\/logo\/image\/","url":"https:\/\/www.comoditahome.com\/ks\/wp-content\/uploads\/2022\/05\/COMODITA_HOME_LOGO_KS_MK_AL-02.png","contentUrl":"https:\/\/www.comoditahome.com\/ks\/wp-content\/uploads\/2022\/05\/COMODITA_HOME_LOGO_KS_MK_AL-02.png","width":180,"height":87,"caption":"Comodita Home"},"image":{"@id":"https:\/\/www.comoditahome.com\/ks\/#\/schema\/logo\/image\/"},"sameAs":["https:\/\/www.facebook.com\/comoditahome\/","https:\/\/www.instagram.com\/comoditahome\/","https:\/\/www.linkedin.com\/company\/comoditahome\/?originalSubdomain=fj","https:\/\/www.youtube.com\/channel\/UC5O6IsT4JD4zaiOqmRi_Pvg"]}]}},"_links":{"self":[{"href":"https:\/\/www.comoditahome.com\/ks\/wp-json\/wp\/v2\/product\/87854","targetHints":{"allow":["GET"]}}],"collection":[{"href":"https:\/\/www.comoditahome.com\/ks\/wp-json\/wp\/v2\/product"}],"about":[{"href":"https:\/\/www.comoditahome.com\/ks\/wp-json\/wp\/v2\/types\/product"}],"version-history":[{"count":2,"href":"https:\/\/www.comoditahome.com\/ks\/wp-json\/wp\/v2\/product\/87854\/revisions"}],"predecessor-version":[{"id":89769,"href":"https:\/\/www.comoditahome.com\/ks\/wp-json\/wp\/v2\/product\/87854\/revisions\/89769"}],"wp:featuredmedia":[{"embeddable":true,"href":"https:\/\/www.comoditahome.com\/ks\/wp-json\/wp\/v2\/media\/87855"}],"wp:attachment":[{"href":"https:\/\/www.comoditahome.com\/ks\/wp-json\/wp\/v2\/media?parent=87854"}],"wp:term":[{"taxonomy":"product_brand","embeddable":true,"href":"https:\/\/www.comoditahome.com\/ks\/wp-json\/wp\/v2\/product_brand?post=87854"},{"taxonomy":"product_cat","embeddable":true,"href":"https:\/\/www.comoditahome.com\/ks\/wp-json\/wp\/v2\/product_cat?post=87854"},{"taxonomy":"product_tag","embeddable":true,"href":"https:\/\/www.comoditahome.com\/ks\/wp-json\/wp\/v2\/product_tag?post=87854"}],"curies":[{"name":"wp","href":"https:\/\/api.w.org\/{rel}","templated":true}]}}