 {"id":91296,"date":"2024-08-14T13:59:49","date_gmt":"2024-08-14T11:59:49","guid":{"rendered":"https:\/\/www.comoditahome.com\/ks\/?post_type=product&#038;p=91296"},"modified":"2026-04-14T14:36:10","modified_gmt":"2026-04-14T12:36:10","slug":"set-i-tepihave-per-banjo-braid","status":"publish","type":"product","link":"https:\/\/www.comoditahome.com\/ks\/produkt\/set-i-tepihave-per-banjo-braid\/","title":{"rendered":"Set i tepihave p\u00ebr banjo Braid"},"content":{"rendered":"<p>Seti i tepihave p\u00ebr banjo vjen me dimensione standarde dhe me dizajn modern. Seti \u00ebsht\u00eb i nd\u00ebrtuar nga materiali cil\u00ebsor i pambukut, q\u00eb i jep q\u00ebndrueshm\u00ebri pavar\u00ebsisht lag\u00ebshtis\u00eb. Me hijeshin\u00eb q\u00eb prezantojn\u00eb, ky set do t\u00eb ndihmoj q\u00eb ambienti i banjos t\u00eb duket edhe m\u00eb i bukur.<\/p>\n","protected":false},"excerpt":{"rendered":"<p style=\"text-align: left;\">Seti i tepihave p\u00ebr banjo vjen me dimensione standarde dhe me dizajn modern. Seti \u00ebsht\u00eb i nd\u00ebrtuar nga materiali cil\u00ebsor i pambukut, q\u00eb i jep q\u00ebndrueshm\u00ebri pavar\u00ebsisht lag\u00ebshtis\u00eb. Me hijeshin\u00eb q\u00eb prezantojn\u00eb, ky set do t\u00eb ndihmoj q\u00eb ambienti i banjos t\u00eb duket edhe m\u00eb i bukur.<br \/>\n<strong>Dimensioni \/ Kompozicioni:<\/strong> Seti ka 2 pjes\u00eb: 1x 60x100cm dhe 1x 50x60cm<br \/>\n<strong>NGJYRA:<\/strong>\u00a0Me dizajn<br \/>\n<strong>MATERIALI:<\/strong>\u00a0100% Pambuk<br \/>\n<strong>UDH\u00cbZIMET E P\u00cbRDORIMIT:<\/strong>\u00a0Tepihet duhet t\u00eb pastrohen ve\u00e7mas nga rrobat e tjera qoft\u00eb me lavatri\u00e7e ose me larje n\u00eb dor\u00eb. Ju lutem p\u00ebrdorni shampo t\u00eb tepih\u00ebve ose pluhur sapuni. Rekomandohet t\u00eb p\u00ebrdoret detergjent q\u00eb ruan ngjyr\u00ebn. Mos p\u00ebrdorni zbardhues.<br \/>\n<strong>KUSHTET E KTHIMIT \/ GARANCION:<\/strong>\u00a0P\u00ebr k\u00ebt\u00eb produkt pranohet reklamacion brenda 24 or\u00ebve pasi t\u00eb pranoni porosin\u00eb.<br \/>\n<span style=\"color: #ffffff;\">3907489385678 <\/span><\/p>\n","protected":false},"featured_media":91297,"template":"","meta":[],"product_brand":[],"product_cat":[81,80],"product_tag":[],"class_list":{"0":"post-91296","1":"product","2":"type-product","3":"status-publish","4":"has-post-thumbnail","6":"product_cat-aksesore","7":"product_cat-banjo","9":"first","10":"outofstock","11":"sale","12":"shipping-taxable","13":"purchasable","14":"product-type-simple","15":"layout-style-1","16":"col-md-4 col-sm-4 col-xs-6","17":"col-lg-2","18":"product-has-gallery","19":"product-style-default"},"yoast_head":"<!-- This site is optimized with the Yoast SEO Premium plugin v18.2.1 (Yoast SEO v22.5) - https:\/\/yoast.com\/wordpress\/plugins\/seo\/ -->\n<title>Set i tepihave p\u00ebr banjo Braid - Comodita Home<\/title>\n<meta name=\"description\" content=\"Seti i tepihave p\u00ebr banjo vjen me dimensione standarde dhe me dizajn modern. Seti \u00ebsht\u00eb i nd\u00ebrtuar nga materiali cil\u00ebsor i pambukut, q\u00eb i jep q\u00ebndrueshm\u00ebri pavar\u00ebsisht lag\u00ebshtis\u00eb. Me hijeshin\u00eb q\u00eb prezantojn\u00eb, ky set do t\u00eb ndihmoj q\u00eb ambienti i banjos t\u00eb duket edhe m\u00eb i bukur.\" \/>\n<meta name=\"robots\" content=\"index, follow, max-snippet:-1, max-image-preview:large, max-video-preview:-1\" \/>\n<link rel=\"canonical\" href=\"https:\/\/www.comoditahome.com\/ks\/produkt\/set-i-tepihave-per-banjo-braid\/\" \/>\n<meta property=\"og:locale\" content=\"sq_AL\" \/>\n<meta property=\"og:type\" content=\"article\" \/>\n<meta property=\"og:title\" content=\"Set i tepihave p\u00ebr banjo Braid\" \/>\n<meta property=\"og:description\" content=\"Seti i tepihave p\u00ebr banjo vjen me dimensione standarde dhe me dizajn modern. Seti \u00ebsht\u00eb i nd\u00ebrtuar nga materiali cil\u00ebsor i pambukut, q\u00eb i jep q\u00ebndrueshm\u00ebri pavar\u00ebsisht lag\u00ebshtis\u00eb. Me hijeshin\u00eb q\u00eb prezantojn\u00eb, ky set do t\u00eb ndihmoj q\u00eb ambienti i banjos t\u00eb duket edhe m\u00eb i bukur.\" \/>\n<meta property=\"og:url\" content=\"https:\/\/www.comoditahome.com\/ks\/produkt\/set-i-tepihave-per-banjo-braid\/\" \/>\n<meta property=\"og:site_name\" content=\"Comodita Home\" \/>\n<meta property=\"article:publisher\" content=\"https:\/\/www.facebook.com\/comoditahome\/\" \/>\n<meta property=\"article:modified_time\" content=\"2026-04-14T12:36:10+00:00\" \/>\n<meta property=\"og:image\" content=\"https:\/\/www.comoditahome.com\/ks\/wp-content\/uploads\/2024\/08\/3907489385678-1.jpg\" \/>\n\t<meta property=\"og:image:width\" content=\"1200\" \/>\n\t<meta property=\"og:image:height\" content=\"1300\" \/>\n\t<meta property=\"og:image:type\" content=\"image\/jpeg\" \/>\n<meta name=\"twitter:card\" content=\"summary_large_image\" \/>\n<meta name=\"twitter:label1\" content=\"Est. reading time\" \/>\n\t<meta name=\"twitter:data1\" content=\"1 minut\u00eb\" \/>\n<script type=\"application\/ld+json\" class=\"yoast-schema-graph\">{\"@context\":\"https:\/\/schema.org\",\"@graph\":[{\"@type\":\"WebPage\",\"@id\":\"https:\/\/www.comoditahome.com\/ks\/produkt\/set-i-tepihave-per-banjo-braid\/\",\"url\":\"https:\/\/www.comoditahome.com\/ks\/produkt\/set-i-tepihave-per-banjo-braid\/\",\"name\":\"Set i tepihave p\u00ebr banjo Braid - Comodita Home\",\"isPartOf\":{\"@id\":\"https:\/\/www.comoditahome.com\/ks\/#website\"},\"primaryImageOfPage\":{\"@id\":\"https:\/\/www.comoditahome.com\/ks\/produkt\/set-i-tepihave-per-banjo-braid\/#primaryimage\"},\"image\":{\"@id\":\"https:\/\/www.comoditahome.com\/ks\/produkt\/set-i-tepihave-per-banjo-braid\/#primaryimage\"},\"thumbnailUrl\":\"https:\/\/www.comoditahome.com\/ks\/wp-content\/uploads\/2024\/08\/3907489385678-1.jpg\",\"datePublished\":\"2024-08-14T11:59:49+00:00\",\"dateModified\":\"2026-04-14T12:36:10+00:00\",\"description\":\"Seti i tepihave p\u00ebr banjo vjen me dimensione standarde dhe me dizajn modern. Seti \u00ebsht\u00eb i nd\u00ebrtuar nga materiali cil\u00ebsor i pambukut, q\u00eb i jep q\u00ebndrueshm\u00ebri pavar\u00ebsisht lag\u00ebshtis\u00eb. Me hijeshin\u00eb q\u00eb prezantojn\u00eb, ky set do t\u00eb ndihmoj q\u00eb ambienti i banjos t\u00eb duket edhe m\u00eb i bukur.\",\"breadcrumb\":{\"@id\":\"https:\/\/www.comoditahome.com\/ks\/produkt\/set-i-tepihave-per-banjo-braid\/#breadcrumb\"},\"inLanguage\":\"sq\",\"potentialAction\":[{\"@type\":\"ReadAction\",\"target\":[\"https:\/\/www.comoditahome.com\/ks\/produkt\/set-i-tepihave-per-banjo-braid\/\"]}]},{\"@type\":\"ImageObject\",\"inLanguage\":\"sq\",\"@id\":\"https:\/\/www.comoditahome.com\/ks\/produkt\/set-i-tepihave-per-banjo-braid\/#primaryimage\",\"url\":\"https:\/\/www.comoditahome.com\/ks\/wp-content\/uploads\/2024\/08\/3907489385678-1.jpg\",\"contentUrl\":\"https:\/\/www.comoditahome.com\/ks\/wp-content\/uploads\/2024\/08\/3907489385678-1.jpg\",\"width\":1200,\"height\":1300},{\"@type\":\"BreadcrumbList\",\"@id\":\"https:\/\/www.comoditahome.com\/ks\/produkt\/set-i-tepihave-per-banjo-braid\/#breadcrumb\",\"itemListElement\":[{\"@type\":\"ListItem\",\"position\":1,\"name\":\"Comodita Home Kosova - Dyshek Mattress\",\"item\":\"https:\/\/www.comoditahome.com\/ks\/\"},{\"@type\":\"ListItem\",\"position\":2,\"name\":\"Shop\",\"item\":\"https:\/\/www.comoditahome.com\/ks\/shop\/\"},{\"@type\":\"ListItem\",\"position\":3,\"name\":\"Set i tepihave p\u00ebr banjo Braid\"}]},{\"@type\":\"WebSite\",\"@id\":\"https:\/\/www.comoditahome.com\/ks\/#website\",\"url\":\"https:\/\/www.comoditahome.com\/ks\/\",\"name\":\"Comodita Home\",\"description\":\"Dyshek, Jorgan, Jast\u00ebk, Kuzhine, Banjo, Kopsht dhe Aksesor\u00eb\",\"publisher\":{\"@id\":\"https:\/\/www.comoditahome.com\/ks\/#organization\"},\"potentialAction\":[{\"@type\":\"SearchAction\",\"target\":{\"@type\":\"EntryPoint\",\"urlTemplate\":\"https:\/\/www.comoditahome.com\/ks\/?s={search_term_string}\"},\"query-input\":\"required name=search_term_string\"}],\"inLanguage\":\"sq\"},{\"@type\":\"Organization\",\"@id\":\"https:\/\/www.comoditahome.com\/ks\/#organization\",\"name\":\"Comodita Home\",\"url\":\"https:\/\/www.comoditahome.com\/ks\/\",\"logo\":{\"@type\":\"ImageObject\",\"inLanguage\":\"sq\",\"@id\":\"https:\/\/www.comoditahome.com\/ks\/#\/schema\/logo\/image\/\",\"url\":\"https:\/\/www.comoditahome.com\/ks\/wp-content\/uploads\/2022\/05\/COMODITA_HOME_LOGO_KS_MK_AL-02.png\",\"contentUrl\":\"https:\/\/www.comoditahome.com\/ks\/wp-content\/uploads\/2022\/05\/COMODITA_HOME_LOGO_KS_MK_AL-02.png\",\"width\":180,\"height\":87,\"caption\":\"Comodita Home\"},\"image\":{\"@id\":\"https:\/\/www.comoditahome.com\/ks\/#\/schema\/logo\/image\/\"},\"sameAs\":[\"https:\/\/www.facebook.com\/comoditahome\/\",\"https:\/\/www.instagram.com\/comoditahome\/\",\"https:\/\/www.linkedin.com\/company\/comoditahome\/?originalSubdomain=fj\",\"https:\/\/www.youtube.com\/channel\/UC5O6IsT4JD4zaiOqmRi_Pvg\"]}]}<\/script>\n<!-- \/ Yoast SEO Premium plugin. -->","yoast_head_json":{"title":"Set i tepihave p\u00ebr banjo Braid - Comodita Home","description":"Seti i tepihave p\u00ebr banjo vjen me dimensione standarde dhe me dizajn modern. Seti \u00ebsht\u00eb i nd\u00ebrtuar nga materiali cil\u00ebsor i pambukut, q\u00eb i jep q\u00ebndrueshm\u00ebri pavar\u00ebsisht lag\u00ebshtis\u00eb. Me hijeshin\u00eb q\u00eb prezantojn\u00eb, ky set do t\u00eb ndihmoj q\u00eb ambienti i banjos t\u00eb duket edhe m\u00eb i bukur.","robots":{"index":"index","follow":"follow","max-snippet":"max-snippet:-1","max-image-preview":"max-image-preview:large","max-video-preview":"max-video-preview:-1"},"canonical":"https:\/\/www.comoditahome.com\/ks\/produkt\/set-i-tepihave-per-banjo-braid\/","og_locale":"sq_AL","og_type":"article","og_title":"Set i tepihave p\u00ebr banjo Braid","og_description":"Seti i tepihave p\u00ebr banjo vjen me dimensione standarde dhe me dizajn modern. Seti \u00ebsht\u00eb i nd\u00ebrtuar nga materiali cil\u00ebsor i pambukut, q\u00eb i jep q\u00ebndrueshm\u00ebri pavar\u00ebsisht lag\u00ebshtis\u00eb. Me hijeshin\u00eb q\u00eb prezantojn\u00eb, ky set do t\u00eb ndihmoj q\u00eb ambienti i banjos t\u00eb duket edhe m\u00eb i bukur.","og_url":"https:\/\/www.comoditahome.com\/ks\/produkt\/set-i-tepihave-per-banjo-braid\/","og_site_name":"Comodita Home","article_publisher":"https:\/\/www.facebook.com\/comoditahome\/","article_modified_time":"2026-04-14T12:36:10+00:00","og_image":[{"width":1200,"height":1300,"url":"https:\/\/www.comoditahome.com\/ks\/wp-content\/uploads\/2024\/08\/3907489385678-1.jpg","type":"image\/jpeg"}],"twitter_card":"summary_large_image","twitter_misc":{"Est. reading time":"1 minut\u00eb"},"schema":{"@context":"https:\/\/schema.org","@graph":[{"@type":"WebPage","@id":"https:\/\/www.comoditahome.com\/ks\/produkt\/set-i-tepihave-per-banjo-braid\/","url":"https:\/\/www.comoditahome.com\/ks\/produkt\/set-i-tepihave-per-banjo-braid\/","name":"Set i tepihave p\u00ebr banjo Braid - Comodita Home","isPartOf":{"@id":"https:\/\/www.comoditahome.com\/ks\/#website"},"primaryImageOfPage":{"@id":"https:\/\/www.comoditahome.com\/ks\/produkt\/set-i-tepihave-per-banjo-braid\/#primaryimage"},"image":{"@id":"https:\/\/www.comoditahome.com\/ks\/produkt\/set-i-tepihave-per-banjo-braid\/#primaryimage"},"thumbnailUrl":"https:\/\/www.comoditahome.com\/ks\/wp-content\/uploads\/2024\/08\/3907489385678-1.jpg","datePublished":"2024-08-14T11:59:49+00:00","dateModified":"2026-04-14T12:36:10+00:00","description":"Seti i tepihave p\u00ebr banjo vjen me dimensione standarde dhe me dizajn modern. Seti \u00ebsht\u00eb i nd\u00ebrtuar nga materiali cil\u00ebsor i pambukut, q\u00eb i jep q\u00ebndrueshm\u00ebri pavar\u00ebsisht lag\u00ebshtis\u00eb. Me hijeshin\u00eb q\u00eb prezantojn\u00eb, ky set do t\u00eb ndihmoj q\u00eb ambienti i banjos t\u00eb duket edhe m\u00eb i bukur.","breadcrumb":{"@id":"https:\/\/www.comoditahome.com\/ks\/produkt\/set-i-tepihave-per-banjo-braid\/#breadcrumb"},"inLanguage":"sq","potentialAction":[{"@type":"ReadAction","target":["https:\/\/www.comoditahome.com\/ks\/produkt\/set-i-tepihave-per-banjo-braid\/"]}]},{"@type":"ImageObject","inLanguage":"sq","@id":"https:\/\/www.comoditahome.com\/ks\/produkt\/set-i-tepihave-per-banjo-braid\/#primaryimage","url":"https:\/\/www.comoditahome.com\/ks\/wp-content\/uploads\/2024\/08\/3907489385678-1.jpg","contentUrl":"https:\/\/www.comoditahome.com\/ks\/wp-content\/uploads\/2024\/08\/3907489385678-1.jpg","width":1200,"height":1300},{"@type":"BreadcrumbList","@id":"https:\/\/www.comoditahome.com\/ks\/produkt\/set-i-tepihave-per-banjo-braid\/#breadcrumb","itemListElement":[{"@type":"ListItem","position":1,"name":"Comodita Home Kosova - Dyshek Mattress","item":"https:\/\/www.comoditahome.com\/ks\/"},{"@type":"ListItem","position":2,"name":"Shop","item":"https:\/\/www.comoditahome.com\/ks\/shop\/"},{"@type":"ListItem","position":3,"name":"Set i tepihave p\u00ebr banjo Braid"}]},{"@type":"WebSite","@id":"https:\/\/www.comoditahome.com\/ks\/#website","url":"https:\/\/www.comoditahome.com\/ks\/","name":"Comodita Home","description":"Dyshek, Jorgan, Jast\u00ebk, Kuzhine, Banjo, Kopsht dhe Aksesor\u00eb","publisher":{"@id":"https:\/\/www.comoditahome.com\/ks\/#organization"},"potentialAction":[{"@type":"SearchAction","target":{"@type":"EntryPoint","urlTemplate":"https:\/\/www.comoditahome.com\/ks\/?s={search_term_string}"},"query-input":"required name=search_term_string"}],"inLanguage":"sq"},{"@type":"Organization","@id":"https:\/\/www.comoditahome.com\/ks\/#organization","name":"Comodita Home","url":"https:\/\/www.comoditahome.com\/ks\/","logo":{"@type":"ImageObject","inLanguage":"sq","@id":"https:\/\/www.comoditahome.com\/ks\/#\/schema\/logo\/image\/","url":"https:\/\/www.comoditahome.com\/ks\/wp-content\/uploads\/2022\/05\/COMODITA_HOME_LOGO_KS_MK_AL-02.png","contentUrl":"https:\/\/www.comoditahome.com\/ks\/wp-content\/uploads\/2022\/05\/COMODITA_HOME_LOGO_KS_MK_AL-02.png","width":180,"height":87,"caption":"Comodita Home"},"image":{"@id":"https:\/\/www.comoditahome.com\/ks\/#\/schema\/logo\/image\/"},"sameAs":["https:\/\/www.facebook.com\/comoditahome\/","https:\/\/www.instagram.com\/comoditahome\/","https:\/\/www.linkedin.com\/company\/comoditahome\/?originalSubdomain=fj","https:\/\/www.youtube.com\/channel\/UC5O6IsT4JD4zaiOqmRi_Pvg"]}]}},"_links":{"self":[{"href":"https:\/\/www.comoditahome.com\/ks\/wp-json\/wp\/v2\/product\/91296","targetHints":{"allow":["GET"]}}],"collection":[{"href":"https:\/\/www.comoditahome.com\/ks\/wp-json\/wp\/v2\/product"}],"about":[{"href":"https:\/\/www.comoditahome.com\/ks\/wp-json\/wp\/v2\/types\/product"}],"version-history":[{"count":1,"href":"https:\/\/www.comoditahome.com\/ks\/wp-json\/wp\/v2\/product\/91296\/revisions"}],"predecessor-version":[{"id":91299,"href":"https:\/\/www.comoditahome.com\/ks\/wp-json\/wp\/v2\/product\/91296\/revisions\/91299"}],"wp:featuredmedia":[{"embeddable":true,"href":"https:\/\/www.comoditahome.com\/ks\/wp-json\/wp\/v2\/media\/91297"}],"wp:attachment":[{"href":"https:\/\/www.comoditahome.com\/ks\/wp-json\/wp\/v2\/media?parent=91296"}],"wp:term":[{"taxonomy":"product_brand","embeddable":true,"href":"https:\/\/www.comoditahome.com\/ks\/wp-json\/wp\/v2\/product_brand?post=91296"},{"taxonomy":"product_cat","embeddable":true,"href":"https:\/\/www.comoditahome.com\/ks\/wp-json\/wp\/v2\/product_cat?post=91296"},{"taxonomy":"product_tag","embeddable":true,"href":"https:\/\/www.comoditahome.com\/ks\/wp-json\/wp\/v2\/product_tag?post=91296"}],"curies":[{"name":"wp","href":"https:\/\/api.w.org\/{rel}","templated":true}]}}